{"id":4641,"date":"2014-11-27T11:53:02","date_gmt":"2014-11-27T09:53:02","guid":{"rendered":"http:\/\/zebemusic.smukkeberg.com\/shop\/musical\/macht-euch-auf\/"},"modified":"2024-09-30T10:03:11","modified_gmt":"2024-09-30T09:03:11","slug":"macht-euch-auf","status":"publish","type":"product","link":"https:\/\/www.zebemusic.com\/de\/product\/macht-euch-auf\/","title":{"rendered":"Macht euch auf"},"content":{"rendered":"","protected":false},"excerpt":{"rendered":"<p>Im Singspiel f\u00fcr den Heiligen Abend von Andreas M\u00fccksch steht der kleine Damian, Sohn des Melchior, im Mittelpunkt. Mit Leichtigkeit und Charme erz\u00e4hlt Cornelia Trommer so die Weihnachtsgeschichte neu. Fl\u00f6ten, Orff-Instrumente, Schlagwerk und Bass geben den eigenen St\u00fccken und den Bearbeitungen einen besonderen, eigenst\u00e4ndigen Charakter. Im einstimmigen Chor werden viele kleine Engel gebraucht.<\/p>\n<p id=\"pressename\" style=\"padding-left: 30px;\"><span style=\"color: #993300;\"><strong>\u201cGelungene Musik, empfehlenswert.\u201d<\/strong><\/span><strong>\u00a0 <\/strong>(Musik und Kirche)<\/p>\n<p><strong><br \/>\nKomponist:<\/strong><span id=\"authors\"> <a href=\"\/andreasmuecksch\">Andreas M\u00fccksch<\/a><\/span><br \/>\n<strong>Text:<\/strong> <a href=\"\/corneliatrommer\">Cornelia Trommer<\/a><br \/>\n<strong>Besetzung:<\/strong><br \/>\nChor, Sprecher, Soli: S\/A, Erz\u00e4hler, 16 Spielrollen<br \/>\nInstrumente: Orff (Glockenspiel, Metallophon, Xylophon 1+2), Schlagwerk, Pauken, Bass, 2 Fl\u00f6ten<br \/>\n<strong>Schwierigkeitsgrad:<\/strong> leicht<\/p>\n<p><strong><a href=\"\/wp-content\/PP\/PP2170.pdf\" target=\"_blank\" rel=\"noopener noreferrer\">Probepartitur zum Download<\/a><\/strong> &gt;&gt;&gt;<\/p>\n<p>&nbsp;<\/p>\n<hr \/>\n<p><strong>Erh\u00e4ltliche Ausf\u00fchrungen:<\/strong><\/p>\n<p><strong><br \/>\n\u2022 Partitur<\/strong> (ZE 2171, 978-3-940745-13-2, A4) \u20ac 14,90<\/p>\n<p><strong>\u2022 Chorausgabe<\/strong> mit allen Liedern und Texten (ZE 2172, 978-3-940745-12-5) \u20ac 4,95<\/p>\n<p><strong>\u2022 Package <\/strong>mit Partitur, Instrumenten und 10 Chorausgaben (ZE 2170) \u20ac 55,00<\/p>\n<p><strong>\u2022<\/strong> <strong>Orff-Instrumente<\/strong>\u00a0 (ZE 2173) \u20ac 6,00<br \/>\n<strong>\u2022<\/strong> <strong>Schlagwerk + Bass<\/strong>\u00a0 (ZE 2174) \u20ac 6,00<br \/>\n<strong>\u2022<\/strong> <strong>Fl\u00f6ten<\/strong>\u00a0 (ZE 2175) \u20ac 4,50<\/p>\n","protected":false},"featured_media":253,"template":"","meta":{"_acf_changed":false},"product_brand":[],"product_cat":[626,15],"product_tag":[148,146],"class_list":{"0":"post-4641","1":"product","2":"type-product","3":"status-publish","4":"has-post-thumbnail","6":"product_cat-weihnachten","7":"product_cat-kindermusical","8":"product_tag-muecksch","9":"product_tag-weihnachten","10":"pa_diff-leicht","11":"pa_diff-mittel","12":"pa_language-deutsch","13":"pa_occ-advent-de","14":"pa_occ-schul-gemeindeprojekt","15":"pa_occ-weihnachten","16":"pa_variation-chorausgabe","17":"pa_variation-floeten","18":"pa_variation-orff-instrumente","19":"pa_variation-package","20":"pa_variation-partitur","21":"pa_variation-schlagwerk","22":"pa_voicing-kinderchor","23":"pa_voicing-mit-band","24":"pa_voicing-mit-begleitung","25":"pa_voicing-mit-solist","26":"pa_voicing-sa-de","28":"first","29":"instock","30":"taxable","31":"shipping-taxable","32":"purchasable","33":"product-type-variable","34":"has-default-attributes"},"acf":[],"yoast_head":"<!-- This site is optimized with the Yoast SEO plugin v27.4 - https:\/\/yoast.com\/product\/yoast-seo-wordpress\/ -->\n<title>Macht euch auf<\/title>\n<meta name=\"description\" content=\"Ber\u00fchrendes Singspiel f\u00fcr den Heiligen Abend. Die Weisen machen sich auf den Weg nach Bethlehem, doch der kleine Damian darf nicht mit...\" \/>\n<meta name=\"robots\" content=\"index, follow, max-snippet:-1, max-image-preview:large, max-video-preview:-1\" \/>\n<link rel=\"canonical\" href=\"https:\/\/www.zebemusic.com\/de\/product\/macht-euch-auf\/\" \/>\n<meta property=\"og:locale\" content=\"de_DE\" \/>\n<meta property=\"og:type\" content=\"article\" \/>\n<meta property=\"og:title\" content=\"Macht euch auf\" \/>\n<meta property=\"og:description\" content=\"Ber\u00fchrendes Singspiel f\u00fcr den Heiligen Abend. Die Weisen machen sich auf den Weg nach Bethlehem, doch der kleine Damian darf nicht mit...\" \/>\n<meta property=\"og:url\" content=\"https:\/\/www.zebemusic.com\/de\/product\/macht-euch-auf\/\" \/>\n<meta property=\"og:site_name\" content=\"ZebeMusic\" \/>\n<meta property=\"article:publisher\" content=\"https:\/\/www.facebook.com\/zebemusic\" \/>\n<meta property=\"article:modified_time\" content=\"2024-09-30T09:03:11+00:00\" \/>\n<meta property=\"og:image\" content=\"https:\/\/www.zebemusic.com\/wp-content\/uploads\/2013\/08\/ZEBE21701.jpg\" \/>\n\t<meta property=\"og:image:width\" content=\"341\" \/>\n\t<meta property=\"og:image:height\" content=\"500\" \/>\n\t<meta property=\"og:image:type\" content=\"image\/jpeg\" \/>\n<meta name=\"twitter:card\" content=\"summary_large_image\" \/>\n<meta name=\"twitter:label1\" content=\"Est. reading time\" \/>\n\t<meta name=\"twitter:data1\" content=\"1 minute\" \/>\n<script type=\"application\/ld+json\" class=\"yoast-schema-graph\">{\"@context\":\"https:\\\/\\\/schema.org\",\"@graph\":[{\"@type\":\"WebPage\",\"@id\":\"https:\\\/\\\/www.zebemusic.com\\\/de\\\/product\\\/macht-euch-auf\\\/\",\"url\":\"https:\\\/\\\/www.zebemusic.com\\\/de\\\/product\\\/macht-euch-auf\\\/\",\"name\":\"Macht euch auf\",\"isPartOf\":{\"@id\":\"https:\\\/\\\/www.zebemusic.com\\\/de\\\/#website\"},\"primaryImageOfPage\":{\"@id\":\"https:\\\/\\\/www.zebemusic.com\\\/de\\\/product\\\/macht-euch-auf\\\/#primaryimage\"},\"image\":{\"@id\":\"https:\\\/\\\/www.zebemusic.com\\\/de\\\/product\\\/macht-euch-auf\\\/#primaryimage\"},\"thumbnailUrl\":\"https:\\\/\\\/www.zebemusic.com\\\/wp-content\\\/uploads\\\/2013\\\/08\\\/ZEBE21701.jpg\",\"datePublished\":\"2014-11-27T09:53:02+00:00\",\"dateModified\":\"2024-09-30T09:03:11+00:00\",\"description\":\"Ber\u00fchrendes Singspiel f\u00fcr den Heiligen Abend. Die Weisen machen sich auf den Weg nach Bethlehem, doch der kleine Damian darf nicht mit...\",\"breadcrumb\":{\"@id\":\"https:\\\/\\\/www.zebemusic.com\\\/de\\\/product\\\/macht-euch-auf\\\/#breadcrumb\"},\"inLanguage\":\"de-DE\",\"potentialAction\":[{\"@type\":\"ReadAction\",\"target\":[\"https:\\\/\\\/www.zebemusic.com\\\/de\\\/product\\\/macht-euch-auf\\\/\"]}]},{\"@type\":\"ImageObject\",\"inLanguage\":\"de-DE\",\"@id\":\"https:\\\/\\\/www.zebemusic.com\\\/de\\\/product\\\/macht-euch-auf\\\/#primaryimage\",\"url\":\"https:\\\/\\\/www.zebemusic.com\\\/wp-content\\\/uploads\\\/2013\\\/08\\\/ZEBE21701.jpg\",\"contentUrl\":\"https:\\\/\\\/www.zebemusic.com\\\/wp-content\\\/uploads\\\/2013\\\/08\\\/ZEBE21701.jpg\",\"width\":341,\"height\":500},{\"@type\":\"BreadcrumbList\",\"@id\":\"https:\\\/\\\/www.zebemusic.com\\\/de\\\/product\\\/macht-euch-auf\\\/#breadcrumb\",\"itemListElement\":[{\"@type\":\"ListItem\",\"position\":1,\"name\":\"Shop\",\"item\":\"https:\\\/\\\/www.zebemusic.com\\\/de\\\/shop-2\\\/\"},{\"@type\":\"ListItem\",\"position\":2,\"name\":\"Macht euch auf\"}]},{\"@type\":\"WebSite\",\"@id\":\"https:\\\/\\\/www.zebemusic.com\\\/de\\\/#website\",\"url\":\"https:\\\/\\\/www.zebemusic.com\\\/de\\\/\",\"name\":\"ZebeMusic\",\"description\":\"makes you sing.\",\"publisher\":{\"@id\":\"https:\\\/\\\/www.zebemusic.com\\\/de\\\/#organization\"},\"alternateName\":\"Gospelnoten & Kindermusicals\",\"potentialAction\":[{\"@type\":\"SearchAction\",\"target\":{\"@type\":\"EntryPoint\",\"urlTemplate\":\"https:\\\/\\\/www.zebemusic.com\\\/de\\\/?s={search_term_string}\"},\"query-input\":{\"@type\":\"PropertyValueSpecification\",\"valueRequired\":true,\"valueName\":\"search_term_string\"}}],\"inLanguage\":\"de-DE\"},{\"@type\":\"Organization\",\"@id\":\"https:\\\/\\\/www.zebemusic.com\\\/de\\\/#organization\",\"name\":\"ZebeMusic\",\"url\":\"https:\\\/\\\/www.zebemusic.com\\\/de\\\/\",\"logo\":{\"@type\":\"ImageObject\",\"inLanguage\":\"de-DE\",\"@id\":\"https:\\\/\\\/www.zebemusic.com\\\/de\\\/#\\\/schema\\\/logo\\\/image\\\/\",\"url\":\"https:\\\/\\\/www.zebemusic.com\\\/wp-content\\\/uploads\\\/2025\\\/10\\\/ZEBE-Logo_ZW-makesyousing.jpg\",\"contentUrl\":\"https:\\\/\\\/www.zebemusic.com\\\/wp-content\\\/uploads\\\/2025\\\/10\\\/ZEBE-Logo_ZW-makesyousing.jpg\",\"width\":2212,\"height\":958,\"caption\":\"ZebeMusic\"},\"image\":{\"@id\":\"https:\\\/\\\/www.zebemusic.com\\\/de\\\/#\\\/schema\\\/logo\\\/image\\\/\"},\"sameAs\":[\"https:\\\/\\\/www.facebook.com\\\/zebemusic\",\"https:\\\/\\\/www.instagram.com\\\/zebemusic\",\"https:\\\/\\\/www.youtube.com\\\/zebemusicberlin\"]}]}<\/script>\n<!-- \/ Yoast SEO plugin. -->","yoast_head_json":{"title":"Macht euch auf","description":"Ber\u00fchrendes Singspiel f\u00fcr den Heiligen Abend. Die Weisen machen sich auf den Weg nach Bethlehem, doch der kleine Damian darf nicht mit...","robots":{"index":"index","follow":"follow","max-snippet":"max-snippet:-1","max-image-preview":"max-image-preview:large","max-video-preview":"max-video-preview:-1"},"canonical":"https:\/\/www.zebemusic.com\/de\/product\/macht-euch-auf\/","og_locale":"de_DE","og_type":"article","og_title":"Macht euch auf","og_description":"Ber\u00fchrendes Singspiel f\u00fcr den Heiligen Abend. Die Weisen machen sich auf den Weg nach Bethlehem, doch der kleine Damian darf nicht mit...","og_url":"https:\/\/www.zebemusic.com\/de\/product\/macht-euch-auf\/","og_site_name":"ZebeMusic","article_publisher":"https:\/\/www.facebook.com\/zebemusic","article_modified_time":"2024-09-30T09:03:11+00:00","og_image":[{"width":341,"height":500,"url":"https:\/\/www.zebemusic.com\/wp-content\/uploads\/2013\/08\/ZEBE21701.jpg","type":"image\/jpeg"}],"twitter_card":"summary_large_image","twitter_misc":{"Est. reading time":"1 minute"},"schema":{"@context":"https:\/\/schema.org","@graph":[{"@type":"WebPage","@id":"https:\/\/www.zebemusic.com\/de\/product\/macht-euch-auf\/","url":"https:\/\/www.zebemusic.com\/de\/product\/macht-euch-auf\/","name":"Macht euch auf","isPartOf":{"@id":"https:\/\/www.zebemusic.com\/de\/#website"},"primaryImageOfPage":{"@id":"https:\/\/www.zebemusic.com\/de\/product\/macht-euch-auf\/#primaryimage"},"image":{"@id":"https:\/\/www.zebemusic.com\/de\/product\/macht-euch-auf\/#primaryimage"},"thumbnailUrl":"https:\/\/www.zebemusic.com\/wp-content\/uploads\/2013\/08\/ZEBE21701.jpg","datePublished":"2014-11-27T09:53:02+00:00","dateModified":"2024-09-30T09:03:11+00:00","description":"Ber\u00fchrendes Singspiel f\u00fcr den Heiligen Abend. Die Weisen machen sich auf den Weg nach Bethlehem, doch der kleine Damian darf nicht mit...","breadcrumb":{"@id":"https:\/\/www.zebemusic.com\/de\/product\/macht-euch-auf\/#breadcrumb"},"inLanguage":"de-DE","potentialAction":[{"@type":"ReadAction","target":["https:\/\/www.zebemusic.com\/de\/product\/macht-euch-auf\/"]}]},{"@type":"ImageObject","inLanguage":"de-DE","@id":"https:\/\/www.zebemusic.com\/de\/product\/macht-euch-auf\/#primaryimage","url":"https:\/\/www.zebemusic.com\/wp-content\/uploads\/2013\/08\/ZEBE21701.jpg","contentUrl":"https:\/\/www.zebemusic.com\/wp-content\/uploads\/2013\/08\/ZEBE21701.jpg","width":341,"height":500},{"@type":"BreadcrumbList","@id":"https:\/\/www.zebemusic.com\/de\/product\/macht-euch-auf\/#breadcrumb","itemListElement":[{"@type":"ListItem","position":1,"name":"Shop","item":"https:\/\/www.zebemusic.com\/de\/shop-2\/"},{"@type":"ListItem","position":2,"name":"Macht euch auf"}]},{"@type":"WebSite","@id":"https:\/\/www.zebemusic.com\/de\/#website","url":"https:\/\/www.zebemusic.com\/de\/","name":"ZebeMusic","description":"makes you sing.","publisher":{"@id":"https:\/\/www.zebemusic.com\/de\/#organization"},"alternateName":"Gospelnoten & Kindermusicals","potentialAction":[{"@type":"SearchAction","target":{"@type":"EntryPoint","urlTemplate":"https:\/\/www.zebemusic.com\/de\/?s={search_term_string}"},"query-input":{"@type":"PropertyValueSpecification","valueRequired":true,"valueName":"search_term_string"}}],"inLanguage":"de-DE"},{"@type":"Organization","@id":"https:\/\/www.zebemusic.com\/de\/#organization","name":"ZebeMusic","url":"https:\/\/www.zebemusic.com\/de\/","logo":{"@type":"ImageObject","inLanguage":"de-DE","@id":"https:\/\/www.zebemusic.com\/de\/#\/schema\/logo\/image\/","url":"https:\/\/www.zebemusic.com\/wp-content\/uploads\/2025\/10\/ZEBE-Logo_ZW-makesyousing.jpg","contentUrl":"https:\/\/www.zebemusic.com\/wp-content\/uploads\/2025\/10\/ZEBE-Logo_ZW-makesyousing.jpg","width":2212,"height":958,"caption":"ZebeMusic"},"image":{"@id":"https:\/\/www.zebemusic.com\/de\/#\/schema\/logo\/image\/"},"sameAs":["https:\/\/www.facebook.com\/zebemusic","https:\/\/www.instagram.com\/zebemusic","https:\/\/www.youtube.com\/zebemusicberlin"]}]}},"_links":{"self":[{"href":"https:\/\/www.zebemusic.com\/de\/wp-json\/wp\/v2\/product\/4641","targetHints":{"allow":["GET"]}}],"collection":[{"href":"https:\/\/www.zebemusic.com\/de\/wp-json\/wp\/v2\/product"}],"about":[{"href":"https:\/\/www.zebemusic.com\/de\/wp-json\/wp\/v2\/types\/product"}],"wp:featuredmedia":[{"embeddable":true,"href":"https:\/\/www.zebemusic.com\/de\/wp-json\/wp\/v2\/media\/253"}],"wp:attachment":[{"href":"https:\/\/www.zebemusic.com\/de\/wp-json\/wp\/v2\/media?parent=4641"}],"wp:term":[{"taxonomy":"product_brand","embeddable":true,"href":"https:\/\/www.zebemusic.com\/de\/wp-json\/wp\/v2\/product_brand?post=4641"},{"taxonomy":"product_cat","embeddable":true,"href":"https:\/\/www.zebemusic.com\/de\/wp-json\/wp\/v2\/product_cat?post=4641"},{"taxonomy":"product_tag","embeddable":true,"href":"https:\/\/www.zebemusic.com\/de\/wp-json\/wp\/v2\/product_tag?post=4641"}],"curies":[{"name":"wp","href":"https:\/\/api.w.org\/{rel}","templated":true}]}}