{"id":4711,"date":"2014-12-02T18:41:19","date_gmt":"2014-12-02T16:41:19","guid":{"rendered":"http:\/\/zebemusic.smukkeberg.com\/shop\/gospel\/sing-hallelujah\/"},"modified":"2025-04-29T13:24:26","modified_gmt":"2025-04-29T12:24:26","slug":"sing-hallelujah","status":"publish","type":"product","link":"https:\/\/www.zebemusic.com\/de\/product\/sing-hallelujah\/","title":{"rendered":"Sing Hallelujah!"},"content":{"rendered":"","protected":false},"excerpt":{"rendered":"<p><strong>A Cappella Spirituals &amp; Gospel Songs<\/strong><\/p>\n<p>Die gelungene Verbindung zwischen traditionellen Spirituals und neuen Gospel Songs findet sich in der Sammlung \u201eSing Hallelujah!\u201c. Niko Schlenker spickt seine A-Cappella-Arrangements mit Shuffle-, Karibik- und Afro-Grooves. Selbst den klassischen Songs gibt er eine zeitgem\u00e4\u00df erscheinende F\u00e4rbung durch modifizierte Rhythmik und Harmonik.<\/p>\n<p>Dieser Band wird A-Cappella-Gruppen ebenso empfohlen wie Ch\u00f6ren, die normalerweise nur mit Begleitung singen. Die Songs k\u00f6nnen durch Rhythmus-Instrumente, Body Percussion oder Beat Boxing erg\u00e4nzt werden und garantieren besondere Akzente im Chorkonzert.<\/p>\n<p id=\"pressename\"><span style=\"color: #993300;\"><strong><em>\u201cMusikalisch stilsichere und wirkungsvolle Verarbeitung\u2026<br \/>\nGekonnt verbinden sich traditionell wirkende Spirituals mit modernen Melodielinien (Contemporary Gospel), frischer Rhythmisierung und abwechslungsreicher Stimmf\u00fchrung. Niko Schlenker f\u00fchrt damit ein gro\u00dfes Spektrum von Gospel-Elementen und verwandten Stilen dezent, aber raffiniert zusammen.\u201d<\/em><\/strong><\/span> (Neue Chorzeit)<\/p>\n<p>&nbsp;<\/p>\n<p><strong>INHALT:<\/strong> Awesome God, Hallelujah I\u2019ve Been Baptize\u2019, Heav\u2019n Bound Soldier, I\u2019ll Never Forget (Sing Hallelujah!), I\u2019m Not Alone, Peter\u2019s Walk, The Storm Is Passing Over, Until I Reacha Ma Home, Walk Before Me, What a Friend We Have In Jesus, Worship Song<\/p>\n<p style=\"text-align: left; padding-left: 30px;\"><b><span style=\"color: #993300;\"><em>\u00a0<\/em><\/span><\/b><\/p>\n<hr \/>\n<p><strong><a href=\"\/wp-content\/PP\/PP5021.pdf\" target=\"\u201d_blank\u201d\" rel=\"noopener noreferrer\">Probepartitur zum Download <\/a><\/strong>&gt;&gt;&gt;<\/p>\n<p><strong><a href=\"http:\/\/www.zebemusic.com\/audio\/ZEBE5021.mp3\" target=\"_blank\" rel=\"noopener noreferrer\">H\u00f6rprobe<\/a> <\/strong>&gt;&gt;&gt;<\/p>\n<p><iframe loading=\"lazy\" src=\"https:\/\/www.youtube.com\/embed\/yJb157gN2q0?start=58\" width=\"350\" height=\"200\" frameborder=\"0\" allowfullscreen=\"allowfullscreen\"><\/iframe><br \/>\n<iframe loading=\"lazy\" src=\"https:\/\/www.youtube.com\/embed\/6HGO2x7K98g\" width=\"350\" height=\"200\" frameborder=\"0\" allowfullscreen=\"allowfullscreen\"><\/iframe><\/p>\n<p>&nbsp;<\/p>\n<p><strong><span style=\"color: #717171;\">Autor:<\/span><\/strong> Niko Schlenker<br \/>\n<strong><span style=\"color: #717171;\">Besetzung:<\/span><\/strong> S.A.T.B., geeignet f\u00fcr Bl\u00e4serchor!<br \/>\n<strong><span style=\"color: #717171;\">Seiten:<\/span><\/strong> 36<br \/>\n<strong><span style=\"color: #717171;\">Schwierigkeitsgrad:<\/span><\/strong> mittel<\/p>\n<p><strong><span style=\"color: #717171;\">Bestell-Nr.:<\/span><\/strong> ZE 5021<br \/>\n<strong><span style=\"color: #717171;\">ISBN:<\/span><\/strong> 978-3-940745-55-2<br \/>\n<strong><span style=\"color: #717171;\">Preis:<\/span><\/strong> \u20ac 14,90<br \/>\n<strong><span style=\"color: #717171;\">Staffelpreis in Chorst\u00e4rke:<\/span><\/strong> ab 10 Stk. \u20ac 9,90<\/p>\n","protected":false},"featured_media":4798,"template":"","meta":{"_acf_changed":false},"product_brand":[],"product_cat":[13],"product_tag":[153,155],"class_list":{"0":"post-4711","1":"product","2":"type-product","3":"status-publish","4":"has-post-thumbnail","6":"product_cat-gospel","7":"product_tag-a-cappella","8":"product_tag-schlenker","9":"pa_diff-mittel","10":"pa_language-englisch","11":"pa_occ-altes-testament","12":"pa_occ-angst-und-vertrauen","13":"pa_occ-biblische-geschichten","14":"pa_occ-dankbarkeit","15":"pa_occ-lobpreis","16":"pa_occ-pfingsten","17":"pa_occ-taufe-und-zeugnis","18":"pa_others-sammlungen","19":"pa_style-genre-gospel-de","20":"pa_style-genre-lobpreis","21":"pa_style-genre-spiritual-de","22":"pa_style-genre-traditional-gospel-style-de","23":"pa_variation-amen","24":"pa_variation-balm-in-gilead","25":"pa_variation-burden-down","26":"pa_variation-by-an-by","27":"pa_variation-chorausgabe","28":"pa_variation-instrumente","29":"pa_variation-leaders-pak","30":"pa_variation-package","31":"pa_variation-partitur","32":"pa_variation-partitur-staffelpreis","33":"pa_voicing-acappella-de","34":"pa_voicing-blaeserchor","35":"pa_voicing-satb-de","37":"first","38":"instock","39":"taxable","40":"shipping-taxable","41":"purchasable","42":"product-type-simple"},"acf":[],"yoast_head":"<!-- This site is optimized with the Yoast SEO plugin v27.4 - https:\/\/yoast.com\/product\/yoast-seo-wordpress\/ -->\n<title>Sing Hallelujah! - GOSPEL A CAPPELLA<\/title>\n<meta name=\"description\" content=\"Beste Songs in wirkungsvollen Arrangements f\u00fcr gemischten Chor von Niko Schlenker. Staffelpreis! HIER PROBEH\u00d6REN &gt;&gt;&gt;\" \/>\n<meta name=\"robots\" content=\"index, follow, max-snippet:-1, max-image-preview:large, max-video-preview:-1\" \/>\n<link rel=\"canonical\" href=\"https:\/\/www.zebemusic.com\/de\/product\/sing-hallelujah\/\" \/>\n<meta property=\"og:locale\" content=\"de_DE\" \/>\n<meta property=\"og:type\" content=\"article\" \/>\n<meta property=\"og:title\" content=\"Sing Hallelujah! - GOSPEL A CAPPELLA\" \/>\n<meta property=\"og:description\" content=\"Beste Songs in wirkungsvollen Arrangements f\u00fcr gemischten Chor von Niko Schlenker. Staffelpreis! HIER PROBEH\u00d6REN &gt;&gt;&gt;\" \/>\n<meta property=\"og:url\" content=\"https:\/\/www.zebemusic.com\/de\/product\/sing-hallelujah\/\" \/>\n<meta property=\"og:site_name\" content=\"ZebeMusic\" \/>\n<meta property=\"article:publisher\" content=\"https:\/\/www.facebook.com\/zebemusic\" \/>\n<meta property=\"article:modified_time\" content=\"2025-04-29T12:24:26+00:00\" \/>\n<meta property=\"og:image\" content=\"https:\/\/www.zebemusic.com\/wp-content\/uploads\/2014\/12\/ZEBE5021.jpg\" \/>\n\t<meta property=\"og:image:width\" content=\"377\" \/>\n\t<meta property=\"og:image:height\" content=\"500\" \/>\n\t<meta property=\"og:image:type\" content=\"image\/jpeg\" \/>\n<meta name=\"twitter:card\" content=\"summary_large_image\" \/>\n<meta name=\"twitter:label1\" content=\"Est. reading time\" \/>\n\t<meta name=\"twitter:data1\" content=\"1 minute\" \/>\n<script type=\"application\/ld+json\" class=\"yoast-schema-graph\">{\"@context\":\"https:\\\/\\\/schema.org\",\"@graph\":[{\"@type\":\"WebPage\",\"@id\":\"https:\\\/\\\/www.zebemusic.com\\\/de\\\/product\\\/sing-hallelujah\\\/\",\"url\":\"https:\\\/\\\/www.zebemusic.com\\\/de\\\/product\\\/sing-hallelujah\\\/\",\"name\":\"Sing Hallelujah! - GOSPEL A CAPPELLA\",\"isPartOf\":{\"@id\":\"https:\\\/\\\/www.zebemusic.com\\\/de\\\/#website\"},\"primaryImageOfPage\":{\"@id\":\"https:\\\/\\\/www.zebemusic.com\\\/de\\\/product\\\/sing-hallelujah\\\/#primaryimage\"},\"image\":{\"@id\":\"https:\\\/\\\/www.zebemusic.com\\\/de\\\/product\\\/sing-hallelujah\\\/#primaryimage\"},\"thumbnailUrl\":\"https:\\\/\\\/www.zebemusic.com\\\/wp-content\\\/uploads\\\/2014\\\/12\\\/ZEBE5021.jpg\",\"datePublished\":\"2014-12-02T16:41:19+00:00\",\"dateModified\":\"2025-04-29T12:24:26+00:00\",\"description\":\"Beste Songs in wirkungsvollen Arrangements f\u00fcr gemischten Chor von Niko Schlenker. Staffelpreis! HIER PROBEH\u00d6REN >>>\",\"breadcrumb\":{\"@id\":\"https:\\\/\\\/www.zebemusic.com\\\/de\\\/product\\\/sing-hallelujah\\\/#breadcrumb\"},\"inLanguage\":\"de-DE\",\"potentialAction\":[{\"@type\":\"ReadAction\",\"target\":[\"https:\\\/\\\/www.zebemusic.com\\\/de\\\/product\\\/sing-hallelujah\\\/\"]}]},{\"@type\":\"ImageObject\",\"inLanguage\":\"de-DE\",\"@id\":\"https:\\\/\\\/www.zebemusic.com\\\/de\\\/product\\\/sing-hallelujah\\\/#primaryimage\",\"url\":\"https:\\\/\\\/www.zebemusic.com\\\/wp-content\\\/uploads\\\/2014\\\/12\\\/ZEBE5021.jpg\",\"contentUrl\":\"https:\\\/\\\/www.zebemusic.com\\\/wp-content\\\/uploads\\\/2014\\\/12\\\/ZEBE5021.jpg\",\"width\":377,\"height\":500},{\"@type\":\"BreadcrumbList\",\"@id\":\"https:\\\/\\\/www.zebemusic.com\\\/de\\\/product\\\/sing-hallelujah\\\/#breadcrumb\",\"itemListElement\":[{\"@type\":\"ListItem\",\"position\":1,\"name\":\"Shop\",\"item\":\"https:\\\/\\\/www.zebemusic.com\\\/de\\\/shop-2\\\/\"},{\"@type\":\"ListItem\",\"position\":2,\"name\":\"Sing Hallelujah!\"}]},{\"@type\":\"WebSite\",\"@id\":\"https:\\\/\\\/www.zebemusic.com\\\/de\\\/#website\",\"url\":\"https:\\\/\\\/www.zebemusic.com\\\/de\\\/\",\"name\":\"ZebeMusic\",\"description\":\"makes you sing.\",\"publisher\":{\"@id\":\"https:\\\/\\\/www.zebemusic.com\\\/de\\\/#organization\"},\"alternateName\":\"Gospelnoten & Kindermusicals\",\"potentialAction\":[{\"@type\":\"SearchAction\",\"target\":{\"@type\":\"EntryPoint\",\"urlTemplate\":\"https:\\\/\\\/www.zebemusic.com\\\/de\\\/?s={search_term_string}\"},\"query-input\":{\"@type\":\"PropertyValueSpecification\",\"valueRequired\":true,\"valueName\":\"search_term_string\"}}],\"inLanguage\":\"de-DE\"},{\"@type\":\"Organization\",\"@id\":\"https:\\\/\\\/www.zebemusic.com\\\/de\\\/#organization\",\"name\":\"ZebeMusic\",\"url\":\"https:\\\/\\\/www.zebemusic.com\\\/de\\\/\",\"logo\":{\"@type\":\"ImageObject\",\"inLanguage\":\"de-DE\",\"@id\":\"https:\\\/\\\/www.zebemusic.com\\\/de\\\/#\\\/schema\\\/logo\\\/image\\\/\",\"url\":\"https:\\\/\\\/www.zebemusic.com\\\/wp-content\\\/uploads\\\/2025\\\/10\\\/ZEBE-Logo_ZW-makesyousing.jpg\",\"contentUrl\":\"https:\\\/\\\/www.zebemusic.com\\\/wp-content\\\/uploads\\\/2025\\\/10\\\/ZEBE-Logo_ZW-makesyousing.jpg\",\"width\":2212,\"height\":958,\"caption\":\"ZebeMusic\"},\"image\":{\"@id\":\"https:\\\/\\\/www.zebemusic.com\\\/de\\\/#\\\/schema\\\/logo\\\/image\\\/\"},\"sameAs\":[\"https:\\\/\\\/www.facebook.com\\\/zebemusic\",\"https:\\\/\\\/www.instagram.com\\\/zebemusic\",\"https:\\\/\\\/www.youtube.com\\\/zebemusicberlin\"]}]}<\/script>\n<!-- \/ Yoast SEO plugin. -->","yoast_head_json":{"title":"Sing Hallelujah! - GOSPEL A CAPPELLA","description":"Beste Songs in wirkungsvollen Arrangements f\u00fcr gemischten Chor von Niko Schlenker. Staffelpreis! HIER PROBEH\u00d6REN >>>","robots":{"index":"index","follow":"follow","max-snippet":"max-snippet:-1","max-image-preview":"max-image-preview:large","max-video-preview":"max-video-preview:-1"},"canonical":"https:\/\/www.zebemusic.com\/de\/product\/sing-hallelujah\/","og_locale":"de_DE","og_type":"article","og_title":"Sing Hallelujah! - GOSPEL A CAPPELLA","og_description":"Beste Songs in wirkungsvollen Arrangements f\u00fcr gemischten Chor von Niko Schlenker. Staffelpreis! HIER PROBEH\u00d6REN >>>","og_url":"https:\/\/www.zebemusic.com\/de\/product\/sing-hallelujah\/","og_site_name":"ZebeMusic","article_publisher":"https:\/\/www.facebook.com\/zebemusic","article_modified_time":"2025-04-29T12:24:26+00:00","og_image":[{"width":377,"height":500,"url":"https:\/\/www.zebemusic.com\/wp-content\/uploads\/2014\/12\/ZEBE5021.jpg","type":"image\/jpeg"}],"twitter_card":"summary_large_image","twitter_misc":{"Est. reading time":"1 minute"},"schema":{"@context":"https:\/\/schema.org","@graph":[{"@type":"WebPage","@id":"https:\/\/www.zebemusic.com\/de\/product\/sing-hallelujah\/","url":"https:\/\/www.zebemusic.com\/de\/product\/sing-hallelujah\/","name":"Sing Hallelujah! - GOSPEL A CAPPELLA","isPartOf":{"@id":"https:\/\/www.zebemusic.com\/de\/#website"},"primaryImageOfPage":{"@id":"https:\/\/www.zebemusic.com\/de\/product\/sing-hallelujah\/#primaryimage"},"image":{"@id":"https:\/\/www.zebemusic.com\/de\/product\/sing-hallelujah\/#primaryimage"},"thumbnailUrl":"https:\/\/www.zebemusic.com\/wp-content\/uploads\/2014\/12\/ZEBE5021.jpg","datePublished":"2014-12-02T16:41:19+00:00","dateModified":"2025-04-29T12:24:26+00:00","description":"Beste Songs in wirkungsvollen Arrangements f\u00fcr gemischten Chor von Niko Schlenker. Staffelpreis! HIER PROBEH\u00d6REN >>>","breadcrumb":{"@id":"https:\/\/www.zebemusic.com\/de\/product\/sing-hallelujah\/#breadcrumb"},"inLanguage":"de-DE","potentialAction":[{"@type":"ReadAction","target":["https:\/\/www.zebemusic.com\/de\/product\/sing-hallelujah\/"]}]},{"@type":"ImageObject","inLanguage":"de-DE","@id":"https:\/\/www.zebemusic.com\/de\/product\/sing-hallelujah\/#primaryimage","url":"https:\/\/www.zebemusic.com\/wp-content\/uploads\/2014\/12\/ZEBE5021.jpg","contentUrl":"https:\/\/www.zebemusic.com\/wp-content\/uploads\/2014\/12\/ZEBE5021.jpg","width":377,"height":500},{"@type":"BreadcrumbList","@id":"https:\/\/www.zebemusic.com\/de\/product\/sing-hallelujah\/#breadcrumb","itemListElement":[{"@type":"ListItem","position":1,"name":"Shop","item":"https:\/\/www.zebemusic.com\/de\/shop-2\/"},{"@type":"ListItem","position":2,"name":"Sing Hallelujah!"}]},{"@type":"WebSite","@id":"https:\/\/www.zebemusic.com\/de\/#website","url":"https:\/\/www.zebemusic.com\/de\/","name":"ZebeMusic","description":"makes you sing.","publisher":{"@id":"https:\/\/www.zebemusic.com\/de\/#organization"},"alternateName":"Gospelnoten & Kindermusicals","potentialAction":[{"@type":"SearchAction","target":{"@type":"EntryPoint","urlTemplate":"https:\/\/www.zebemusic.com\/de\/?s={search_term_string}"},"query-input":{"@type":"PropertyValueSpecification","valueRequired":true,"valueName":"search_term_string"}}],"inLanguage":"de-DE"},{"@type":"Organization","@id":"https:\/\/www.zebemusic.com\/de\/#organization","name":"ZebeMusic","url":"https:\/\/www.zebemusic.com\/de\/","logo":{"@type":"ImageObject","inLanguage":"de-DE","@id":"https:\/\/www.zebemusic.com\/de\/#\/schema\/logo\/image\/","url":"https:\/\/www.zebemusic.com\/wp-content\/uploads\/2025\/10\/ZEBE-Logo_ZW-makesyousing.jpg","contentUrl":"https:\/\/www.zebemusic.com\/wp-content\/uploads\/2025\/10\/ZEBE-Logo_ZW-makesyousing.jpg","width":2212,"height":958,"caption":"ZebeMusic"},"image":{"@id":"https:\/\/www.zebemusic.com\/de\/#\/schema\/logo\/image\/"},"sameAs":["https:\/\/www.facebook.com\/zebemusic","https:\/\/www.instagram.com\/zebemusic","https:\/\/www.youtube.com\/zebemusicberlin"]}]}},"_links":{"self":[{"href":"https:\/\/www.zebemusic.com\/de\/wp-json\/wp\/v2\/product\/4711","targetHints":{"allow":["GET"]}}],"collection":[{"href":"https:\/\/www.zebemusic.com\/de\/wp-json\/wp\/v2\/product"}],"about":[{"href":"https:\/\/www.zebemusic.com\/de\/wp-json\/wp\/v2\/types\/product"}],"wp:featuredmedia":[{"embeddable":true,"href":"https:\/\/www.zebemusic.com\/de\/wp-json\/wp\/v2\/media\/4798"}],"wp:attachment":[{"href":"https:\/\/www.zebemusic.com\/de\/wp-json\/wp\/v2\/media?parent=4711"}],"wp:term":[{"taxonomy":"product_brand","embeddable":true,"href":"https:\/\/www.zebemusic.com\/de\/wp-json\/wp\/v2\/product_brand?post=4711"},{"taxonomy":"product_cat","embeddable":true,"href":"https:\/\/www.zebemusic.com\/de\/wp-json\/wp\/v2\/product_cat?post=4711"},{"taxonomy":"product_tag","embeddable":true,"href":"https:\/\/www.zebemusic.com\/de\/wp-json\/wp\/v2\/product_tag?post=4711"}],"curies":[{"name":"wp","href":"https:\/\/api.w.org\/{rel}","templated":true}]}}