{"id":4736,"date":"2014-12-03T12:14:37","date_gmt":"2014-12-03T10:14:37","guid":{"rendered":"http:\/\/zebemusic.smukkeberg.com\/shop\/musical\/hast-du-ihn-gesehn\/"},"modified":"2025-07-26T22:07:04","modified_gmt":"2025-07-26T21:07:04","slug":"hast-du-ihn-gesehn","status":"publish","type":"product","link":"https:\/\/www.zebemusic.com\/de\/product\/hast-du-ihn-gesehn\/","title":{"rendered":"Hast du ihn gesehn?"},"content":{"rendered":"","protected":false},"excerpt":{"rendered":"<h4><strong><span style=\"color: #717171;\">Biblisches Singspiel f\u00fcr Chor, Solisten und Instrumente<\/span><\/strong><\/h4>\n<p>Der Gang nach Emmaus (Luk. 24, 13-35) ist Inhalt dieser Kinderkantate des Jona-Komponisten.<\/p>\n<p>Moderne Sprache und spannende Musik machen es f\u00fcr Kinder-, Jugend- und Erwachsenenchor auff\u00fchrenswert. Zu dem einstimmigen Chor kommt ein Erz\u00e4hler hinzu, der im Kantatenstil die Handlung vorantreibt. Zwei J\u00fcngern steht der \u201cFremde\u201d gegen\u00fcber, der sp\u00e4ter als Jesus selbst erkannt wird.<\/p>\n<p>Das begleitende Instrumentalensemble ist vorgesehen mit Klavier, Fl\u00f6te, Violine, Violoncello, Glockenspiel, Xylophon, Metallophon, Holzr\u00f6hrentrommel, Cabassa, Becken, Triangel und Pauken.<br \/>\nEs kann nach eigenen M\u00f6glichkeiten ver\u00e4ndert oder reduziert werden.<\/p>\n<p>Mit ca. 40 Minuten Auff\u00fchrungsdauer passt \u201cHast du ihn gesehn\u201d gut in ein Konzert oder den Gottesdienst. Ideal ist dieses Singspiel f\u00fcr Chorprojekte im Kinderchor ab 6 Jahre, im Jugendchor und in der Kantorei oder f\u00fcr alters\u00fcbergreifende Auff\u00fchrungen.<\/p>\n<p>&nbsp;<\/p>\n<p>&nbsp;<\/p>\n<hr \/>\n<p id=\"postdetails\"><strong><span style=\"color: #717171;\">Komponist:<\/span><\/strong> <span id=\"authors\"><a href=\"\/stefanhanke\">Stefan Hanke<\/a><\/span><br \/>\n<strong><span style=\"color: #717171;\">Besetzung:<\/span><\/strong> einstimmiger Chor, 3 Solisten, Klav., Fl., Vl., Vc., Orff, Schlagwerk<br \/>\n<strong><span style=\"color: #717171;\">Dauer:<\/span><\/strong> ca. 40 min.<br \/>\n<strong><span style=\"color: #717171;\">Schwierigkeitsgrad:<\/span><\/strong> mittel<\/p>\n<p><strong><a href=\"\/wp-content\/PP\/PP2200.pdf\" target=\"_blank\" rel=\"noopener\">Probepartitur zum Download <\/a><\/strong>&gt;&gt;&gt;<\/p>\n<p><a href=\"\/audio\/ZEBE2201.mp3\">H\u00f6rprobe<\/a>:<strong><br \/>\n<\/strong><\/p>\n[audio mp3=\"http:\/\/www.zebemusic.com\/wp-content\/uploads\/2014\/12\/ZEBE2201.mp3\"][\/audio]\n<p>&nbsp;<\/p>\n<hr \/>\n<p><strong>\u2022 Partitur\u00a0 <\/strong>(ZE 2201, A4, 55 Seiten, zum Download) \u20ac 9,90<\/p>\n<p><strong>\u2022 Chorausgabe<\/strong> mit allen Liedern (ZE 2202, zum Download, nur in Chorst\u00e4rke) \u20ac 1,60<\/p>\n<p><strong>\u2022 <\/strong><strong>Instrumente Paket<\/strong> mit allen\u200b Instrumentenstimmen zum Download, statt \u20ac 30,50 nur \u20ac 24,95<br \/>\nEinzelstimmen:<\/p>\n<p><strong>\u2022 <strong>Klavier<\/strong><\/strong> (ZE 2203, zum Download\u200b) \u20ac 8,00<br \/>\n<strong>\u2022 Schlagwerk<\/strong> (ZE 2204, zum Download\u200b) \u20ac 4,50<br \/>\n<strong>\u2022 Orff-Instrumente <\/strong> (ZE 2205, zum Download\u200b) \u20ac 4,50<br \/>\n<strong>\u2022 Fl\u00f6te <\/strong> (ZE 2206, zum Download\u200b) \u20ac 4,50<br \/>\n<strong>\u2022 Violine <\/strong> (ZE 2207, zum Download\u200b) \u20ac 4,50<br \/>\n<strong>\u2022 Violoncello <\/strong> (ZE 2208, zum Download\u200b) \u20ac 4,50<\/p>\n<p>Bitte w\u00e4hlen Sie hier aus:<\/p>\n","protected":false},"featured_media":515,"template":"","meta":{"_acf_changed":false},"product_brand":[],"product_cat":[15],"product_tag":[161,146],"class_list":{"0":"post-4736","1":"product","2":"type-product","3":"status-publish","4":"has-post-thumbnail","6":"product_cat-kindermusical","7":"product_tag-hanke","8":"product_tag-weihnachten","9":"pa_diff-leicht","10":"pa_diff-mittel","11":"pa_language-deutsch","12":"pa_occ-abendmahl-kommunion","13":"pa_occ-angst-und-vertrauen","14":"pa_occ-biblische-geschichten","15":"pa_occ-neues-testament","16":"pa_occ-ostern","17":"pa_occ-schul-gemeindeprojekt","18":"pa_others-downloads-de","19":"pa_style-genre-musical-de","20":"pa_style-genre-pop-crossover-de","21":"pa_style-genre-singer-songwriter-de","22":"pa_variation-chorausgabe","23":"pa_variation-floete","24":"pa_variation-instrumental-pak","25":"pa_variation-klavier","26":"pa_variation-orff-instrumente","27":"pa_variation-partitur","28":"pa_variation-schlagwerk","29":"pa_variation-violine","30":"pa_variation-violoncello","31":"pa_voicing-einstimmig","32":"pa_voicing-gemeindegesang","33":"pa_voicing-kinderchor","34":"pa_voicing-mit-begleitung","35":"pa_voicing-mit-solist","36":"pa_voicing-solostimme","38":"first","39":"instock","40":"taxable","41":"shipping-taxable","42":"purchasable","43":"product-type-variable","44":"has-default-attributes"},"acf":[],"yoast_head":"<!-- This site is optimized with the Yoast SEO plugin v27.4 - https:\/\/yoast.com\/product\/yoast-seo-wordpress\/ -->\n<title>Hast du ihn gesehn?<\/title>\n<meta name=\"description\" content=\"Singspiel zu Ostern mit der Geschichte der Emmaus-J\u00fcnger. F\u00fcr einstimmigen Kinderchor und Instrumente.\" \/>\n<meta name=\"robots\" content=\"index, follow, max-snippet:-1, max-image-preview:large, max-video-preview:-1\" \/>\n<link rel=\"canonical\" href=\"https:\/\/www.zebemusic.com\/de\/product\/hast-du-ihn-gesehn\/\" \/>\n<meta property=\"og:locale\" content=\"de_DE\" \/>\n<meta property=\"og:type\" content=\"article\" \/>\n<meta property=\"og:title\" content=\"Hast du ihn gesehn?\" \/>\n<meta property=\"og:description\" content=\"Singspiel zu Ostern mit der Geschichte der Emmaus-J\u00fcnger. F\u00fcr einstimmigen Kinderchor und Instrumente.\" \/>\n<meta property=\"og:url\" content=\"https:\/\/www.zebemusic.com\/de\/product\/hast-du-ihn-gesehn\/\" \/>\n<meta property=\"og:site_name\" content=\"ZebeMusic\" \/>\n<meta property=\"article:publisher\" content=\"https:\/\/www.facebook.com\/zebemusic\" \/>\n<meta property=\"article:modified_time\" content=\"2025-07-26T21:07:04+00:00\" \/>\n<meta property=\"og:image\" content=\"https:\/\/www.zebemusic.com\/wp-content\/uploads\/2013\/08\/ZEBE22011.jpg\" \/>\n\t<meta property=\"og:image:width\" content=\"398\" \/>\n\t<meta property=\"og:image:height\" content=\"561\" \/>\n\t<meta property=\"og:image:type\" content=\"image\/jpeg\" \/>\n<meta name=\"twitter:card\" content=\"summary_large_image\" \/>\n<meta name=\"twitter:label1\" content=\"Est. reading time\" \/>\n\t<meta name=\"twitter:data1\" content=\"1 minute\" \/>\n<script type=\"application\/ld+json\" class=\"yoast-schema-graph\">{\"@context\":\"https:\\\/\\\/schema.org\",\"@graph\":[{\"@type\":\"WebPage\",\"@id\":\"https:\\\/\\\/www.zebemusic.com\\\/de\\\/product\\\/hast-du-ihn-gesehn\\\/\",\"url\":\"https:\\\/\\\/www.zebemusic.com\\\/de\\\/product\\\/hast-du-ihn-gesehn\\\/\",\"name\":\"Hast du ihn gesehn?\",\"isPartOf\":{\"@id\":\"https:\\\/\\\/www.zebemusic.com\\\/de\\\/#website\"},\"primaryImageOfPage\":{\"@id\":\"https:\\\/\\\/www.zebemusic.com\\\/de\\\/product\\\/hast-du-ihn-gesehn\\\/#primaryimage\"},\"image\":{\"@id\":\"https:\\\/\\\/www.zebemusic.com\\\/de\\\/product\\\/hast-du-ihn-gesehn\\\/#primaryimage\"},\"thumbnailUrl\":\"https:\\\/\\\/www.zebemusic.com\\\/wp-content\\\/uploads\\\/2013\\\/08\\\/ZEBE22011.jpg\",\"datePublished\":\"2014-12-03T10:14:37+00:00\",\"dateModified\":\"2025-07-26T21:07:04+00:00\",\"description\":\"Singspiel zu Ostern mit der Geschichte der Emmaus-J\u00fcnger. F\u00fcr einstimmigen Kinderchor und Instrumente.\",\"breadcrumb\":{\"@id\":\"https:\\\/\\\/www.zebemusic.com\\\/de\\\/product\\\/hast-du-ihn-gesehn\\\/#breadcrumb\"},\"inLanguage\":\"de-DE\",\"potentialAction\":[{\"@type\":\"ReadAction\",\"target\":[\"https:\\\/\\\/www.zebemusic.com\\\/de\\\/product\\\/hast-du-ihn-gesehn\\\/\"]}]},{\"@type\":\"ImageObject\",\"inLanguage\":\"de-DE\",\"@id\":\"https:\\\/\\\/www.zebemusic.com\\\/de\\\/product\\\/hast-du-ihn-gesehn\\\/#primaryimage\",\"url\":\"https:\\\/\\\/www.zebemusic.com\\\/wp-content\\\/uploads\\\/2013\\\/08\\\/ZEBE22011.jpg\",\"contentUrl\":\"https:\\\/\\\/www.zebemusic.com\\\/wp-content\\\/uploads\\\/2013\\\/08\\\/ZEBE22011.jpg\",\"width\":398,\"height\":561},{\"@type\":\"BreadcrumbList\",\"@id\":\"https:\\\/\\\/www.zebemusic.com\\\/de\\\/product\\\/hast-du-ihn-gesehn\\\/#breadcrumb\",\"itemListElement\":[{\"@type\":\"ListItem\",\"position\":1,\"name\":\"Shop\",\"item\":\"https:\\\/\\\/www.zebemusic.com\\\/de\\\/shop-2\\\/\"},{\"@type\":\"ListItem\",\"position\":2,\"name\":\"Hast du ihn gesehn?\"}]},{\"@type\":\"WebSite\",\"@id\":\"https:\\\/\\\/www.zebemusic.com\\\/de\\\/#website\",\"url\":\"https:\\\/\\\/www.zebemusic.com\\\/de\\\/\",\"name\":\"ZebeMusic\",\"description\":\"makes you sing.\",\"publisher\":{\"@id\":\"https:\\\/\\\/www.zebemusic.com\\\/de\\\/#organization\"},\"alternateName\":\"Gospelnoten & Kindermusicals\",\"potentialAction\":[{\"@type\":\"SearchAction\",\"target\":{\"@type\":\"EntryPoint\",\"urlTemplate\":\"https:\\\/\\\/www.zebemusic.com\\\/de\\\/?s={search_term_string}\"},\"query-input\":{\"@type\":\"PropertyValueSpecification\",\"valueRequired\":true,\"valueName\":\"search_term_string\"}}],\"inLanguage\":\"de-DE\"},{\"@type\":\"Organization\",\"@id\":\"https:\\\/\\\/www.zebemusic.com\\\/de\\\/#organization\",\"name\":\"ZebeMusic\",\"url\":\"https:\\\/\\\/www.zebemusic.com\\\/de\\\/\",\"logo\":{\"@type\":\"ImageObject\",\"inLanguage\":\"de-DE\",\"@id\":\"https:\\\/\\\/www.zebemusic.com\\\/de\\\/#\\\/schema\\\/logo\\\/image\\\/\",\"url\":\"https:\\\/\\\/www.zebemusic.com\\\/wp-content\\\/uploads\\\/2025\\\/10\\\/ZEBE-Logo_ZW-makesyousing.jpg\",\"contentUrl\":\"https:\\\/\\\/www.zebemusic.com\\\/wp-content\\\/uploads\\\/2025\\\/10\\\/ZEBE-Logo_ZW-makesyousing.jpg\",\"width\":2212,\"height\":958,\"caption\":\"ZebeMusic\"},\"image\":{\"@id\":\"https:\\\/\\\/www.zebemusic.com\\\/de\\\/#\\\/schema\\\/logo\\\/image\\\/\"},\"sameAs\":[\"https:\\\/\\\/www.facebook.com\\\/zebemusic\",\"https:\\\/\\\/www.instagram.com\\\/zebemusic\",\"https:\\\/\\\/www.youtube.com\\\/zebemusicberlin\"]}]}<\/script>\n<!-- \/ Yoast SEO plugin. -->","yoast_head_json":{"title":"Hast du ihn gesehn?","description":"Singspiel zu Ostern mit der Geschichte der Emmaus-J\u00fcnger. F\u00fcr einstimmigen Kinderchor und Instrumente.","robots":{"index":"index","follow":"follow","max-snippet":"max-snippet:-1","max-image-preview":"max-image-preview:large","max-video-preview":"max-video-preview:-1"},"canonical":"https:\/\/www.zebemusic.com\/de\/product\/hast-du-ihn-gesehn\/","og_locale":"de_DE","og_type":"article","og_title":"Hast du ihn gesehn?","og_description":"Singspiel zu Ostern mit der Geschichte der Emmaus-J\u00fcnger. F\u00fcr einstimmigen Kinderchor und Instrumente.","og_url":"https:\/\/www.zebemusic.com\/de\/product\/hast-du-ihn-gesehn\/","og_site_name":"ZebeMusic","article_publisher":"https:\/\/www.facebook.com\/zebemusic","article_modified_time":"2025-07-26T21:07:04+00:00","og_image":[{"width":398,"height":561,"url":"https:\/\/www.zebemusic.com\/wp-content\/uploads\/2013\/08\/ZEBE22011.jpg","type":"image\/jpeg"}],"twitter_card":"summary_large_image","twitter_misc":{"Est. reading time":"1 minute"},"schema":{"@context":"https:\/\/schema.org","@graph":[{"@type":"WebPage","@id":"https:\/\/www.zebemusic.com\/de\/product\/hast-du-ihn-gesehn\/","url":"https:\/\/www.zebemusic.com\/de\/product\/hast-du-ihn-gesehn\/","name":"Hast du ihn gesehn?","isPartOf":{"@id":"https:\/\/www.zebemusic.com\/de\/#website"},"primaryImageOfPage":{"@id":"https:\/\/www.zebemusic.com\/de\/product\/hast-du-ihn-gesehn\/#primaryimage"},"image":{"@id":"https:\/\/www.zebemusic.com\/de\/product\/hast-du-ihn-gesehn\/#primaryimage"},"thumbnailUrl":"https:\/\/www.zebemusic.com\/wp-content\/uploads\/2013\/08\/ZEBE22011.jpg","datePublished":"2014-12-03T10:14:37+00:00","dateModified":"2025-07-26T21:07:04+00:00","description":"Singspiel zu Ostern mit der Geschichte der Emmaus-J\u00fcnger. F\u00fcr einstimmigen Kinderchor und Instrumente.","breadcrumb":{"@id":"https:\/\/www.zebemusic.com\/de\/product\/hast-du-ihn-gesehn\/#breadcrumb"},"inLanguage":"de-DE","potentialAction":[{"@type":"ReadAction","target":["https:\/\/www.zebemusic.com\/de\/product\/hast-du-ihn-gesehn\/"]}]},{"@type":"ImageObject","inLanguage":"de-DE","@id":"https:\/\/www.zebemusic.com\/de\/product\/hast-du-ihn-gesehn\/#primaryimage","url":"https:\/\/www.zebemusic.com\/wp-content\/uploads\/2013\/08\/ZEBE22011.jpg","contentUrl":"https:\/\/www.zebemusic.com\/wp-content\/uploads\/2013\/08\/ZEBE22011.jpg","width":398,"height":561},{"@type":"BreadcrumbList","@id":"https:\/\/www.zebemusic.com\/de\/product\/hast-du-ihn-gesehn\/#breadcrumb","itemListElement":[{"@type":"ListItem","position":1,"name":"Shop","item":"https:\/\/www.zebemusic.com\/de\/shop-2\/"},{"@type":"ListItem","position":2,"name":"Hast du ihn gesehn?"}]},{"@type":"WebSite","@id":"https:\/\/www.zebemusic.com\/de\/#website","url":"https:\/\/www.zebemusic.com\/de\/","name":"ZebeMusic","description":"makes you sing.","publisher":{"@id":"https:\/\/www.zebemusic.com\/de\/#organization"},"alternateName":"Gospelnoten & Kindermusicals","potentialAction":[{"@type":"SearchAction","target":{"@type":"EntryPoint","urlTemplate":"https:\/\/www.zebemusic.com\/de\/?s={search_term_string}"},"query-input":{"@type":"PropertyValueSpecification","valueRequired":true,"valueName":"search_term_string"}}],"inLanguage":"de-DE"},{"@type":"Organization","@id":"https:\/\/www.zebemusic.com\/de\/#organization","name":"ZebeMusic","url":"https:\/\/www.zebemusic.com\/de\/","logo":{"@type":"ImageObject","inLanguage":"de-DE","@id":"https:\/\/www.zebemusic.com\/de\/#\/schema\/logo\/image\/","url":"https:\/\/www.zebemusic.com\/wp-content\/uploads\/2025\/10\/ZEBE-Logo_ZW-makesyousing.jpg","contentUrl":"https:\/\/www.zebemusic.com\/wp-content\/uploads\/2025\/10\/ZEBE-Logo_ZW-makesyousing.jpg","width":2212,"height":958,"caption":"ZebeMusic"},"image":{"@id":"https:\/\/www.zebemusic.com\/de\/#\/schema\/logo\/image\/"},"sameAs":["https:\/\/www.facebook.com\/zebemusic","https:\/\/www.instagram.com\/zebemusic","https:\/\/www.youtube.com\/zebemusicberlin"]}]}},"_links":{"self":[{"href":"https:\/\/www.zebemusic.com\/de\/wp-json\/wp\/v2\/product\/4736","targetHints":{"allow":["GET"]}}],"collection":[{"href":"https:\/\/www.zebemusic.com\/de\/wp-json\/wp\/v2\/product"}],"about":[{"href":"https:\/\/www.zebemusic.com\/de\/wp-json\/wp\/v2\/types\/product"}],"wp:featuredmedia":[{"embeddable":true,"href":"https:\/\/www.zebemusic.com\/de\/wp-json\/wp\/v2\/media\/515"}],"wp:attachment":[{"href":"https:\/\/www.zebemusic.com\/de\/wp-json\/wp\/v2\/media?parent=4736"}],"wp:term":[{"taxonomy":"product_brand","embeddable":true,"href":"https:\/\/www.zebemusic.com\/de\/wp-json\/wp\/v2\/product_brand?post=4736"},{"taxonomy":"product_cat","embeddable":true,"href":"https:\/\/www.zebemusic.com\/de\/wp-json\/wp\/v2\/product_cat?post=4736"},{"taxonomy":"product_tag","embeddable":true,"href":"https:\/\/www.zebemusic.com\/de\/wp-json\/wp\/v2\/product_tag?post=4736"}],"curies":[{"name":"wp","href":"https:\/\/api.w.org\/{rel}","templated":true}]}}