{"id":4758,"date":"2014-12-04T16:02:05","date_gmt":"2014-12-04T14:02:05","guid":{"rendered":"http:\/\/zebemusic.smukkeberg.com\/shop\/musical\/samuels-erbe\/"},"modified":"2026-03-30T15:53:34","modified_gmt":"2026-03-30T14:53:34","slug":"samuels-erbe-kindermusical","status":"publish","type":"product","link":"https:\/\/www.zebemusic.com\/de\/product\/samuels-erbe-kindermusical\/","title":{"rendered":"Samuels Erbe"},"content":{"rendered":"","protected":false},"excerpt":{"rendered":"<p><span id=\"pic\"><\/span>\u201eGott sieht das Herz.\u201c &#8211; das ist der Kernsatz des spannenden Musicals \u00fcber Gnade und Gerechtigkeit. M\u00fccksch und Schatz schrieben in bew\u00e4hrtem Stil neue Pop- und Rocksongs f\u00fcr viele kleine und gro\u00dfe Solisten und Chor. Bewusst setzen sie stilistische Mittel ein, die es erm\u00f6glichen Kinder-, Jugend- und Erwachsenengruppen gleicherma\u00dfen einzubeziehen. Das Libretto bleibt nicht an der Oberfl\u00e4che, ist gut verst\u00e4ndlich und trotz des komplexen Geschehens bestens nachvollziehbar. Orff-Instrumente, Schlagwerk, Fl\u00f6ten, Streicher und Klavier oder eine Band sind vorgesehen und ausnotiert.<\/p>\n<p>&nbsp;<\/p>\n<p>&nbsp;<\/p>\n<hr \/>\n<p><strong><span style=\"color: #717171;\">Musik: <\/span><\/strong><a href=\"\/andreasmuecksch\">Andreas M\u00fccksch<\/a><br \/>\n<strong><span style=\"color: #717171;\">Libretto:<\/span><\/strong> <a href=\"\/barbaraschatz\">Barbara Schatz<\/a><br \/>\n<strong><span style=\"color: #717171;\">Besetzung:<\/span><\/strong>\u00a0S\/A, Soli, Orff, Perc., Pno. (variabel)<br \/>\n<strong><span style=\"color: #717171;\">Dauer:<\/span><\/strong> ca. 70 min.<br \/>\n<strong><span style=\"color: #717171;\">Schwierigkeitsgrad:<\/span><\/strong> mittel<\/p>\n<p>&nbsp;<\/p>\n<p><strong><a href=\"\/wp-content\/PP\/PP2190.pdf\" target=\"_blank\" rel=\"noopener noreferrer\">Probepartitur zum Download <\/a><\/strong>&gt;&gt;&gt;<\/p>\n<p>&nbsp;<\/p>\n[audio mp3=\"https:\/\/www.zebemusic.com\/wp-content\/uploads\/2024\/02\/ZEBE2190.mp3\"][\/audio]\n<p>&nbsp;<\/p>\n<hr \/>\n<p><strong>\u2022 Partitur<\/strong> (ZE 2192, ISBN 978-3-940745-07-1) \u20ac 14,90<\/p>\n<p><strong>\u2022 Chorausgabe<\/strong> mit allen Liedern und Texten (ZE 2191, ISBN 978-3-940745-08-8) \u20ac 4,95<\/p>\n<p><strong>\u2022 Package <\/strong>mit Partitur, Instrumenten und 20 Chorausgaben (ZE 2190) \u20ac 110,00<\/p>\n<p><strong>\u2022 Klavier <\/strong> (ZE 2199) \u20ac 8,00<br \/>\n<strong>\u2022 Fl\u00f6ten\/Streicher <\/strong> (ZE 2193) \u20ac 4,00<br \/>\n<strong>\u2022 Schlagwerk<\/strong> (ZE 2194) \u20ac 4,50<br \/>\n<strong>\u2022 Orff-Instrumente <\/strong> (ZE 2195) \u20ac 5,00<br \/>\n<strong>\u2022 Bass <\/strong> (ZE 2196) \u20ac 3,00<\/p>\n<p>Bitte w\u00e4hlen Sie hier aus:<\/p>\n","protected":false},"featured_media":258,"template":"","meta":{"_acf_changed":false},"product_brand":[],"product_cat":[15],"product_tag":[148],"class_list":{"0":"post-4758","1":"product","2":"type-product","3":"status-publish","4":"has-post-thumbnail","6":"product_cat-kindermusical","7":"product_tag-muecksch","8":"pa_diff-mittel","9":"pa_language-deutsch","10":"pa_occ-altes-testament","11":"pa_occ-biblische-geschichten","12":"pa_occ-schul-gemeindeprojekt","13":"pa_others-lizensierung","14":"pa_style-genre-musical-de","15":"pa_style-genre-pop-crossover-de","16":"pa_variation-bass","17":"pa_variation-begleit-cd","18":"pa_variation-cd","19":"pa_variation-chorausgabe","20":"pa_variation-floeten","21":"pa_variation-klavier","22":"pa_variation-mp3-download-der-begleit-cd","23":"pa_variation-mp3-download-der-hoer-cd","24":"pa_variation-orff-instrumente","25":"pa_variation-package","26":"pa_variation-partitur","27":"pa_variation-schlagwerk","28":"pa_voicing-kinderchor","29":"pa_voicing-mit-band","30":"pa_voicing-mit-begleitung","31":"pa_voicing-sa-de","33":"first","34":"instock","35":"taxable","36":"shipping-taxable","37":"purchasable","38":"product-type-variable","39":"has-default-attributes"},"acf":[],"yoast_head":"<!-- This site is optimized with the Yoast SEO plugin v27.5 - https:\/\/yoast.com\/product\/yoast-seo-wordpress\/ -->\n<title>Samuels Erbe - Kindermusical<\/title>\n<meta name=\"description\" content=\"\u201eGott sieht das Herz.\u201c - das ist der Kernsatz des spannenden Musicals \u00fcber Gnade und Gerechtigkeit. DEMO &gt;&gt;&gt;\" \/>\n<meta name=\"robots\" content=\"index, follow, max-snippet:-1, max-image-preview:large, max-video-preview:-1\" \/>\n<link rel=\"canonical\" href=\"https:\/\/www.zebemusic.com\/de\/product\/samuels-erbe-kindermusical\/\" \/>\n<meta property=\"og:locale\" content=\"de_DE\" \/>\n<meta property=\"og:type\" content=\"article\" \/>\n<meta property=\"og:title\" content=\"Samuels Erbe - Kindermusical\" \/>\n<meta property=\"og:description\" content=\"\u201eGott sieht das Herz.\u201c - das ist der Kernsatz des spannenden Musicals \u00fcber Gnade und Gerechtigkeit. DEMO &gt;&gt;&gt;\" \/>\n<meta property=\"og:url\" content=\"https:\/\/www.zebemusic.com\/de\/product\/samuels-erbe-kindermusical\/\" \/>\n<meta property=\"og:site_name\" content=\"ZebeMusic\" \/>\n<meta property=\"article:publisher\" content=\"https:\/\/www.facebook.com\/zebemusic\" \/>\n<meta property=\"article:modified_time\" content=\"2026-03-30T14:53:34+00:00\" \/>\n<meta property=\"og:image\" content=\"https:\/\/www.zebemusic.com\/wp-content\/uploads\/2013\/08\/ZEBE21901.jpg\" \/>\n\t<meta property=\"og:image:width\" content=\"225\" \/>\n\t<meta property=\"og:image:height\" content=\"319\" \/>\n\t<meta property=\"og:image:type\" content=\"image\/jpeg\" \/>\n<meta name=\"twitter:card\" content=\"summary_large_image\" \/>\n<meta name=\"twitter:label1\" content=\"Est. reading time\" \/>\n\t<meta name=\"twitter:data1\" content=\"1 minute\" \/>\n<script type=\"application\/ld+json\" class=\"yoast-schema-graph\">{\"@context\":\"https:\\\/\\\/schema.org\",\"@graph\":[{\"@type\":\"WebPage\",\"@id\":\"https:\\\/\\\/www.zebemusic.com\\\/de\\\/product\\\/samuels-erbe-kindermusical\\\/\",\"url\":\"https:\\\/\\\/www.zebemusic.com\\\/de\\\/product\\\/samuels-erbe-kindermusical\\\/\",\"name\":\"Samuels Erbe - Kindermusical\",\"isPartOf\":{\"@id\":\"https:\\\/\\\/www.zebemusic.com\\\/de\\\/#website\"},\"primaryImageOfPage\":{\"@id\":\"https:\\\/\\\/www.zebemusic.com\\\/de\\\/product\\\/samuels-erbe-kindermusical\\\/#primaryimage\"},\"image\":{\"@id\":\"https:\\\/\\\/www.zebemusic.com\\\/de\\\/product\\\/samuels-erbe-kindermusical\\\/#primaryimage\"},\"thumbnailUrl\":\"https:\\\/\\\/www.zebemusic.com\\\/wp-content\\\/uploads\\\/2013\\\/08\\\/ZEBE21901.jpg\",\"datePublished\":\"2014-12-04T14:02:05+00:00\",\"dateModified\":\"2026-03-30T14:53:34+00:00\",\"description\":\"\u201eGott sieht das Herz.\u201c - das ist der Kernsatz des spannenden Musicals \u00fcber Gnade und Gerechtigkeit. DEMO >>>\",\"breadcrumb\":{\"@id\":\"https:\\\/\\\/www.zebemusic.com\\\/de\\\/product\\\/samuels-erbe-kindermusical\\\/#breadcrumb\"},\"inLanguage\":\"de-DE\",\"potentialAction\":[{\"@type\":\"ReadAction\",\"target\":[\"https:\\\/\\\/www.zebemusic.com\\\/de\\\/product\\\/samuels-erbe-kindermusical\\\/\"]}]},{\"@type\":\"ImageObject\",\"inLanguage\":\"de-DE\",\"@id\":\"https:\\\/\\\/www.zebemusic.com\\\/de\\\/product\\\/samuels-erbe-kindermusical\\\/#primaryimage\",\"url\":\"https:\\\/\\\/www.zebemusic.com\\\/wp-content\\\/uploads\\\/2013\\\/08\\\/ZEBE21901.jpg\",\"contentUrl\":\"https:\\\/\\\/www.zebemusic.com\\\/wp-content\\\/uploads\\\/2013\\\/08\\\/ZEBE21901.jpg\",\"width\":225,\"height\":319},{\"@type\":\"BreadcrumbList\",\"@id\":\"https:\\\/\\\/www.zebemusic.com\\\/de\\\/product\\\/samuels-erbe-kindermusical\\\/#breadcrumb\",\"itemListElement\":[{\"@type\":\"ListItem\",\"position\":1,\"name\":\"Shop\",\"item\":\"https:\\\/\\\/www.zebemusic.com\\\/de\\\/shop-2\\\/\"},{\"@type\":\"ListItem\",\"position\":2,\"name\":\"Samuels Erbe\"}]},{\"@type\":\"WebSite\",\"@id\":\"https:\\\/\\\/www.zebemusic.com\\\/de\\\/#website\",\"url\":\"https:\\\/\\\/www.zebemusic.com\\\/de\\\/\",\"name\":\"ZebeMusic\",\"description\":\"makes you sing.\",\"publisher\":{\"@id\":\"https:\\\/\\\/www.zebemusic.com\\\/de\\\/#organization\"},\"alternateName\":\"Gospelnoten & Kindermusicals\",\"potentialAction\":[{\"@type\":\"SearchAction\",\"target\":{\"@type\":\"EntryPoint\",\"urlTemplate\":\"https:\\\/\\\/www.zebemusic.com\\\/de\\\/?s={search_term_string}\"},\"query-input\":{\"@type\":\"PropertyValueSpecification\",\"valueRequired\":true,\"valueName\":\"search_term_string\"}}],\"inLanguage\":\"de-DE\"},{\"@type\":\"Organization\",\"@id\":\"https:\\\/\\\/www.zebemusic.com\\\/de\\\/#organization\",\"name\":\"ZebeMusic\",\"url\":\"https:\\\/\\\/www.zebemusic.com\\\/de\\\/\",\"logo\":{\"@type\":\"ImageObject\",\"inLanguage\":\"de-DE\",\"@id\":\"https:\\\/\\\/www.zebemusic.com\\\/de\\\/#\\\/schema\\\/logo\\\/image\\\/\",\"url\":\"https:\\\/\\\/www.zebemusic.com\\\/wp-content\\\/uploads\\\/2025\\\/10\\\/ZEBE-Logo_ZW-makesyousing.jpg\",\"contentUrl\":\"https:\\\/\\\/www.zebemusic.com\\\/wp-content\\\/uploads\\\/2025\\\/10\\\/ZEBE-Logo_ZW-makesyousing.jpg\",\"width\":2212,\"height\":958,\"caption\":\"ZebeMusic\"},\"image\":{\"@id\":\"https:\\\/\\\/www.zebemusic.com\\\/de\\\/#\\\/schema\\\/logo\\\/image\\\/\"},\"sameAs\":[\"https:\\\/\\\/www.facebook.com\\\/zebemusic\",\"https:\\\/\\\/www.instagram.com\\\/zebemusic\",\"https:\\\/\\\/www.youtube.com\\\/zebemusicberlin\"]}]}<\/script>\n<!-- \/ Yoast SEO plugin. -->","yoast_head_json":{"title":"Samuels Erbe - Kindermusical","description":"\u201eGott sieht das Herz.\u201c - das ist der Kernsatz des spannenden Musicals \u00fcber Gnade und Gerechtigkeit. DEMO >>>","robots":{"index":"index","follow":"follow","max-snippet":"max-snippet:-1","max-image-preview":"max-image-preview:large","max-video-preview":"max-video-preview:-1"},"canonical":"https:\/\/www.zebemusic.com\/de\/product\/samuels-erbe-kindermusical\/","og_locale":"de_DE","og_type":"article","og_title":"Samuels Erbe - Kindermusical","og_description":"\u201eGott sieht das Herz.\u201c - das ist der Kernsatz des spannenden Musicals \u00fcber Gnade und Gerechtigkeit. DEMO >>>","og_url":"https:\/\/www.zebemusic.com\/de\/product\/samuels-erbe-kindermusical\/","og_site_name":"ZebeMusic","article_publisher":"https:\/\/www.facebook.com\/zebemusic","article_modified_time":"2026-03-30T14:53:34+00:00","og_image":[{"width":225,"height":319,"url":"https:\/\/www.zebemusic.com\/wp-content\/uploads\/2013\/08\/ZEBE21901.jpg","type":"image\/jpeg"}],"twitter_card":"summary_large_image","twitter_misc":{"Est. reading time":"1 minute"},"schema":{"@context":"https:\/\/schema.org","@graph":[{"@type":"WebPage","@id":"https:\/\/www.zebemusic.com\/de\/product\/samuels-erbe-kindermusical\/","url":"https:\/\/www.zebemusic.com\/de\/product\/samuels-erbe-kindermusical\/","name":"Samuels Erbe - Kindermusical","isPartOf":{"@id":"https:\/\/www.zebemusic.com\/de\/#website"},"primaryImageOfPage":{"@id":"https:\/\/www.zebemusic.com\/de\/product\/samuels-erbe-kindermusical\/#primaryimage"},"image":{"@id":"https:\/\/www.zebemusic.com\/de\/product\/samuels-erbe-kindermusical\/#primaryimage"},"thumbnailUrl":"https:\/\/www.zebemusic.com\/wp-content\/uploads\/2013\/08\/ZEBE21901.jpg","datePublished":"2014-12-04T14:02:05+00:00","dateModified":"2026-03-30T14:53:34+00:00","description":"\u201eGott sieht das Herz.\u201c - das ist der Kernsatz des spannenden Musicals \u00fcber Gnade und Gerechtigkeit. DEMO >>>","breadcrumb":{"@id":"https:\/\/www.zebemusic.com\/de\/product\/samuels-erbe-kindermusical\/#breadcrumb"},"inLanguage":"de-DE","potentialAction":[{"@type":"ReadAction","target":["https:\/\/www.zebemusic.com\/de\/product\/samuels-erbe-kindermusical\/"]}]},{"@type":"ImageObject","inLanguage":"de-DE","@id":"https:\/\/www.zebemusic.com\/de\/product\/samuels-erbe-kindermusical\/#primaryimage","url":"https:\/\/www.zebemusic.com\/wp-content\/uploads\/2013\/08\/ZEBE21901.jpg","contentUrl":"https:\/\/www.zebemusic.com\/wp-content\/uploads\/2013\/08\/ZEBE21901.jpg","width":225,"height":319},{"@type":"BreadcrumbList","@id":"https:\/\/www.zebemusic.com\/de\/product\/samuels-erbe-kindermusical\/#breadcrumb","itemListElement":[{"@type":"ListItem","position":1,"name":"Shop","item":"https:\/\/www.zebemusic.com\/de\/shop-2\/"},{"@type":"ListItem","position":2,"name":"Samuels Erbe"}]},{"@type":"WebSite","@id":"https:\/\/www.zebemusic.com\/de\/#website","url":"https:\/\/www.zebemusic.com\/de\/","name":"ZebeMusic","description":"makes you sing.","publisher":{"@id":"https:\/\/www.zebemusic.com\/de\/#organization"},"alternateName":"Gospelnoten & Kindermusicals","potentialAction":[{"@type":"SearchAction","target":{"@type":"EntryPoint","urlTemplate":"https:\/\/www.zebemusic.com\/de\/?s={search_term_string}"},"query-input":{"@type":"PropertyValueSpecification","valueRequired":true,"valueName":"search_term_string"}}],"inLanguage":"de-DE"},{"@type":"Organization","@id":"https:\/\/www.zebemusic.com\/de\/#organization","name":"ZebeMusic","url":"https:\/\/www.zebemusic.com\/de\/","logo":{"@type":"ImageObject","inLanguage":"de-DE","@id":"https:\/\/www.zebemusic.com\/de\/#\/schema\/logo\/image\/","url":"https:\/\/www.zebemusic.com\/wp-content\/uploads\/2025\/10\/ZEBE-Logo_ZW-makesyousing.jpg","contentUrl":"https:\/\/www.zebemusic.com\/wp-content\/uploads\/2025\/10\/ZEBE-Logo_ZW-makesyousing.jpg","width":2212,"height":958,"caption":"ZebeMusic"},"image":{"@id":"https:\/\/www.zebemusic.com\/de\/#\/schema\/logo\/image\/"},"sameAs":["https:\/\/www.facebook.com\/zebemusic","https:\/\/www.instagram.com\/zebemusic","https:\/\/www.youtube.com\/zebemusicberlin"]}]}},"_links":{"self":[{"href":"https:\/\/www.zebemusic.com\/de\/wp-json\/wp\/v2\/product\/4758","targetHints":{"allow":["GET"]}}],"collection":[{"href":"https:\/\/www.zebemusic.com\/de\/wp-json\/wp\/v2\/product"}],"about":[{"href":"https:\/\/www.zebemusic.com\/de\/wp-json\/wp\/v2\/types\/product"}],"wp:featuredmedia":[{"embeddable":true,"href":"https:\/\/www.zebemusic.com\/de\/wp-json\/wp\/v2\/media\/258"}],"wp:attachment":[{"href":"https:\/\/www.zebemusic.com\/de\/wp-json\/wp\/v2\/media?parent=4758"}],"wp:term":[{"taxonomy":"product_brand","embeddable":true,"href":"https:\/\/www.zebemusic.com\/de\/wp-json\/wp\/v2\/product_brand?post=4758"},{"taxonomy":"product_cat","embeddable":true,"href":"https:\/\/www.zebemusic.com\/de\/wp-json\/wp\/v2\/product_cat?post=4758"},{"taxonomy":"product_tag","embeddable":true,"href":"https:\/\/www.zebemusic.com\/de\/wp-json\/wp\/v2\/product_tag?post=4758"}],"curies":[{"name":"wp","href":"https:\/\/api.w.org\/{rel}","templated":true}]}}