{"id":4773,"date":"2014-12-04T17:37:48","date_gmt":"2014-12-04T15:37:48","guid":{"rendered":"http:\/\/zebemusic.smukkeberg.com\/?post_type=product&#038;p=4773"},"modified":"2024-01-20T05:02:24","modified_gmt":"2024-01-20T04:02:24","slug":"koenig-david","status":"publish","type":"product","link":"https:\/\/www.zebemusic.com\/de\/product\/koenig-david\/","title":{"rendered":"K\u00f6nig David"},"content":{"rendered":"","protected":false},"excerpt":{"rendered":"<p><span style=\"color: #993300;\"><strong>Ein Mensch wird K\u00f6nig. Ein K\u00f6nig wird Mensch.<\/strong><\/span><\/p>\n<p>Das Musical \u201eK\u00f6nig David\u201c ist das sechste gro\u00dfe Werk des Autorenteams Andreas M\u00fccksch und Barbara Schatz. Es lebt zum einen vom spannenden Stoff der alttestamentlichen Erz\u00e4hlung und zum anderen vom Gegenwartsbezug. Dieser \u00e4u\u00dfert sich vor allem in szenenbezogenen, aber dennoch unabh\u00e4ngigen faszinierenden Liedern.<br \/>\nDie Zuschauer erleben mit David, wie ehrgeizig, zerrissen, gef\u00e4hrdet und am Ende in Schwachheit stark ein Mensch sein kann. Die Umst\u00e4nde des Geschehens lassen sich in unserem Leben wieder finden, denn Macht verf\u00fchrt Menschen zu jeder Zeit. Der Prophet Samuel sagte dazu: Wer sich nicht einer h\u00f6heren Macht &#8211; n\u00e4mlich Gott &#8211; verantwortlich wei\u00df, steht in der Gefahr, seine Macht zu missbrauchen.<br \/>\n\u201eK\u00f6nig David\u201c hat die Kraft zu fesseln und anzur\u00fchren. Viele Solistinnen und Solisten geben dabei den Charakteren in 17 Liedern ein Gesicht und eine Stimme.<\/p>\n<p id=\"pressename\" style=\"padding-left: 30px;\"><span style=\"color: #993300;\"><strong><em>\u201cL\u00e4sst die Besinnung auf K\u00f6nig David zur symbolischen aktuellen Botschaft werden.\u201d\u00a0 <\/em><\/strong><\/span>(Neue Musik-Zeitung)<\/p>\n<p id=\"pressename\" style=\"padding-left: 30px;\"><span style=\"color: #993300;\"><strong><em>\u201cSpannend, dramatisch, witzig.\u201d\u00a0 <\/em><\/strong><\/span>(Mitteldeutsche Zeitung)<\/p>\n<p id=\"pressename\" style=\"padding-left: 30px;\"><span style=\"color: #993300;\"><strong><em>\u201cBietet flexible Auff\u00fchrungsm\u00f6glichkeiten.\u201d\u00a0 <\/em><\/strong><\/span>(W\u00fcrttembergische Bl\u00e4tter f\u00fcr Kirchenmusik)<\/p>\n<p>Der Chor ist meist mehrstimmig besetzt (SSA). Eine Bass-Stimme kann nach Belieben zum Einsatz kommen und ist sehr wirkungsvoll. Das St\u00fcck kann aber auch einstimmig aufgef\u00fchrt werden. Es k\u00f6nnen Chorstimmen auch von Instrumenten \u00fcbernommen werden. Die Instrumentierung kommt mit einer Rhythmusgruppe aus: Drums, Bass und Klavier oder E-Piano, die durch Gitarre oder Keyboard gut erweiterbar sind. Akkordsymbole sind notiert. In einigen Liedern w\u00fcrde ein Akkordeon den Charakter deutlich unterst\u00fctzen.<br \/>\nEine besondere Rolle haben die zwei Melodie-Instrumente. Der Stilistik der Musik entsprechend eignen sich besonders Klarinette und Violine. Daf\u00fcr gibt es sowohl eine C- als auch eine zus\u00e4tzliche Bb-Stimme. Auch Quer- oder Blockfl\u00f6ten sind bestens einsetzbar.<\/p>\n<p>&nbsp;<\/p>\n<hr \/>\n<p><center><iframe loading=\"lazy\" src=\"\/\/www.youtube.com\/embed\/LhtsnxOmHoI\" width=\"350\" height=\"250\" frameborder=\"0\" allowfullscreen=\"allowfullscreen\"><\/iframe><\/center>&nbsp;<\/p>\n<p><strong><span style=\"color: #717171;\">Musik: <\/span><\/strong><a href=\"\/andreasmuecksch\">Andreas M\u00fccksch<\/a><br \/>\n<strong><span style=\"color: #717171;\">Libretto:<\/span><\/strong> <a href=\"\/barbaraschatz\">Barbara Schatz<\/a><br \/>\n<strong>Besetzung:<\/strong> Chor (S\/S\/A\/Bar ad lib.), Soli, Piano, 2 Melodie-Instr., Bass, Drums<br \/>\n<strong>Dauer:<\/strong> ca. 80 min.<br \/>\n<strong>Schwierigkeitsgrad:<\/strong> leicht-mittel<\/p>\n<p><strong><a href=\"\/wp-content\/PP\/PP2210.pdf\" target=\"_blank\" rel=\"noopener noreferrer\">Probepartitur zum Download <\/a><\/strong>&gt;&gt;&gt;<\/p>\n<hr \/>\n<p><strong>Erh\u00e4ltliche Ausf\u00fchrungen:<\/strong><\/p>\n<p><strong><br \/>\n\u2022 Partitur<\/strong> (ZE 2212, ISBN 978-3-940745-47-7, A4, 78 Seiten) \u20ac 14,90<\/p>\n<p><strong>\u2022 Chorausgabe<\/strong> mit allen Liedern und Texten (ZE 2211, A4, 36 Seiten, ISBN 978-3-940745-48-4) \u20ac 4,95<\/p>\n<p><strong>\u2022 Package <\/strong>mit Partitur, Instrumenten und 20 Chorausgaben (ISBN 978-3-940745-62-0, ZE 2210) \u20ac 110,00<\/p>\n<p><strong>\u2022 <\/strong><strong>H\u00f6rdatei als mp3-Download<\/strong> \u20ac 2,99<\/p>\n<p><strong>\u2022 Klavier <\/strong> (ZE 2213) \u20ac 8,00<br \/>\n<strong>\u2022 Schlagzeug <\/strong>(ZE 2214) \u20ac 8,00<br \/>\n<strong>\u2022 Bass <\/strong>(ZE 2215) \u20ac 6,00<br \/>\n<strong>\u2022 2 Melodie-Instrumente (C-Stimme) <\/strong>(ZE 2216) \u20ac 8,00<br \/>\n<strong>\u2022 2 Melodie-Instrumente (Bb-Stimme) <\/strong>(ZE 2218) \u20ac 8,00<\/p>\n<p>Bitte w\u00e4hlen Sie hier aus:<\/p>\n","protected":false},"featured_media":262,"template":"","meta":{"_acf_changed":false},"product_brand":[],"product_cat":[15],"product_tag":[],"class_list":{"0":"post-4773","1":"product","2":"type-product","3":"status-publish","4":"has-post-thumbnail","6":"product_cat-kindermusical","7":"pa_diff-mittel","8":"pa_language-deutsch","9":"pa_occ-altes-testament","10":"pa_occ-biblische-geschichten","11":"pa_occ-schul-gemeindeprojekt","12":"pa_others-lizensierung","13":"pa_style-genre-musical-de","14":"pa_style-genre-pop-crossover-de","15":"pa_variation-bass","16":"pa_variation-chorausgabe","17":"pa_variation-dvdcd","18":"pa_variation-klavier","19":"pa_variation-melodie-instrumente-in-bb","20":"pa_variation-melodie-instrumente-in-c","21":"pa_variation-mp3-download-der-hoer-cd","22":"pa_variation-package","23":"pa_variation-partitur","24":"pa_variation-schlagzeug","25":"pa_voicing-kinderchor","26":"pa_voicing-mit-band","27":"pa_voicing-mit-begleitung","28":"pa_voicing-mit-solist","29":"pa_voicing-sa-de","30":"pa_voicing-sam-de","31":"pa_voicing-ssa-de","32":"pa_voicing-ssaa-de","34":"first","35":"instock","36":"taxable","37":"shipping-taxable","38":"purchasable","39":"product-type-variable","40":"has-default-attributes"},"acf":[],"yoast_head":"<!-- This site is optimized with the Yoast SEO plugin v27.4 - https:\/\/yoast.com\/product\/yoast-seo-wordpress\/ -->\n<title>K\u00d6NIG DAVID - Musical f\u00fcr Kinder und Jugendliche<\/title>\n<meta name=\"description\" content=\"&quot;Ein Mensch wird K\u00f6nig. Ein K\u00f6nig wird Mensch.&quot; Musical \u00fcber David, der ehrgeizig, zerrissen und gef\u00e4hrdet ist und letztendlich in Schwachheit stark... DEMO&gt;&gt;&gt;\" \/>\n<meta name=\"robots\" content=\"index, follow, max-snippet:-1, max-image-preview:large, max-video-preview:-1\" \/>\n<link rel=\"canonical\" href=\"https:\/\/www.zebemusic.com\/de\/product\/koenig-david\/\" \/>\n<meta property=\"og:locale\" content=\"de_DE\" \/>\n<meta property=\"og:type\" content=\"article\" \/>\n<meta property=\"og:title\" content=\"K\u00d6NIG DAVID - Musical f\u00fcr Kinder und Jugendliche\" \/>\n<meta property=\"og:description\" content=\"&quot;Ein Mensch wird K\u00f6nig. Ein K\u00f6nig wird Mensch.&quot; Musical \u00fcber David, der ehrgeizig, zerrissen und gef\u00e4hrdet ist und letztendlich in Schwachheit stark... DEMO&gt;&gt;&gt;\" \/>\n<meta property=\"og:url\" content=\"https:\/\/www.zebemusic.com\/de\/product\/koenig-david\/\" \/>\n<meta property=\"og:site_name\" content=\"ZebeMusic\" \/>\n<meta property=\"article:publisher\" content=\"https:\/\/www.facebook.com\/zebemusic\" \/>\n<meta property=\"article:modified_time\" content=\"2024-01-20T04:02:24+00:00\" \/>\n<meta property=\"og:image\" content=\"https:\/\/www.zebemusic.com\/wp-content\/uploads\/2013\/08\/ZEBE2210.jpg\" \/>\n\t<meta property=\"og:image:width\" content=\"425\" \/>\n\t<meta property=\"og:image:height\" content=\"600\" \/>\n\t<meta property=\"og:image:type\" content=\"image\/jpeg\" \/>\n<meta name=\"twitter:card\" content=\"summary_large_image\" \/>\n<meta name=\"twitter:label1\" content=\"Est. reading time\" \/>\n\t<meta name=\"twitter:data1\" content=\"1 minute\" \/>\n<script type=\"application\/ld+json\" class=\"yoast-schema-graph\">{\"@context\":\"https:\\\/\\\/schema.org\",\"@graph\":[{\"@type\":\"WebPage\",\"@id\":\"https:\\\/\\\/www.zebemusic.com\\\/de\\\/product\\\/koenig-david\\\/\",\"url\":\"https:\\\/\\\/www.zebemusic.com\\\/de\\\/product\\\/koenig-david\\\/\",\"name\":\"K\u00d6NIG DAVID - Musical f\u00fcr Kinder und Jugendliche\",\"isPartOf\":{\"@id\":\"https:\\\/\\\/www.zebemusic.com\\\/de\\\/#website\"},\"primaryImageOfPage\":{\"@id\":\"https:\\\/\\\/www.zebemusic.com\\\/de\\\/product\\\/koenig-david\\\/#primaryimage\"},\"image\":{\"@id\":\"https:\\\/\\\/www.zebemusic.com\\\/de\\\/product\\\/koenig-david\\\/#primaryimage\"},\"thumbnailUrl\":\"https:\\\/\\\/www.zebemusic.com\\\/wp-content\\\/uploads\\\/2013\\\/08\\\/ZEBE2210.jpg\",\"datePublished\":\"2014-12-04T15:37:48+00:00\",\"dateModified\":\"2024-01-20T04:02:24+00:00\",\"description\":\"\\\"Ein Mensch wird K\u00f6nig. Ein K\u00f6nig wird Mensch.\\\" Musical \u00fcber David, der ehrgeizig, zerrissen und gef\u00e4hrdet ist und letztendlich in Schwachheit stark... DEMO>>>\",\"breadcrumb\":{\"@id\":\"https:\\\/\\\/www.zebemusic.com\\\/de\\\/product\\\/koenig-david\\\/#breadcrumb\"},\"inLanguage\":\"de-DE\",\"potentialAction\":[{\"@type\":\"ReadAction\",\"target\":[\"https:\\\/\\\/www.zebemusic.com\\\/de\\\/product\\\/koenig-david\\\/\"]}]},{\"@type\":\"ImageObject\",\"inLanguage\":\"de-DE\",\"@id\":\"https:\\\/\\\/www.zebemusic.com\\\/de\\\/product\\\/koenig-david\\\/#primaryimage\",\"url\":\"https:\\\/\\\/www.zebemusic.com\\\/wp-content\\\/uploads\\\/2013\\\/08\\\/ZEBE2210.jpg\",\"contentUrl\":\"https:\\\/\\\/www.zebemusic.com\\\/wp-content\\\/uploads\\\/2013\\\/08\\\/ZEBE2210.jpg\",\"width\":425,\"height\":600},{\"@type\":\"BreadcrumbList\",\"@id\":\"https:\\\/\\\/www.zebemusic.com\\\/de\\\/product\\\/koenig-david\\\/#breadcrumb\",\"itemListElement\":[{\"@type\":\"ListItem\",\"position\":1,\"name\":\"Shop\",\"item\":\"https:\\\/\\\/www.zebemusic.com\\\/de\\\/shop-2\\\/\"},{\"@type\":\"ListItem\",\"position\":2,\"name\":\"K\u00f6nig David\"}]},{\"@type\":\"WebSite\",\"@id\":\"https:\\\/\\\/www.zebemusic.com\\\/de\\\/#website\",\"url\":\"https:\\\/\\\/www.zebemusic.com\\\/de\\\/\",\"name\":\"ZebeMusic\",\"description\":\"makes you sing.\",\"publisher\":{\"@id\":\"https:\\\/\\\/www.zebemusic.com\\\/de\\\/#organization\"},\"alternateName\":\"Gospelnoten & Kindermusicals\",\"potentialAction\":[{\"@type\":\"SearchAction\",\"target\":{\"@type\":\"EntryPoint\",\"urlTemplate\":\"https:\\\/\\\/www.zebemusic.com\\\/de\\\/?s={search_term_string}\"},\"query-input\":{\"@type\":\"PropertyValueSpecification\",\"valueRequired\":true,\"valueName\":\"search_term_string\"}}],\"inLanguage\":\"de-DE\"},{\"@type\":\"Organization\",\"@id\":\"https:\\\/\\\/www.zebemusic.com\\\/de\\\/#organization\",\"name\":\"ZebeMusic\",\"url\":\"https:\\\/\\\/www.zebemusic.com\\\/de\\\/\",\"logo\":{\"@type\":\"ImageObject\",\"inLanguage\":\"de-DE\",\"@id\":\"https:\\\/\\\/www.zebemusic.com\\\/de\\\/#\\\/schema\\\/logo\\\/image\\\/\",\"url\":\"https:\\\/\\\/www.zebemusic.com\\\/wp-content\\\/uploads\\\/2025\\\/10\\\/ZEBE-Logo_ZW-makesyousing.jpg\",\"contentUrl\":\"https:\\\/\\\/www.zebemusic.com\\\/wp-content\\\/uploads\\\/2025\\\/10\\\/ZEBE-Logo_ZW-makesyousing.jpg\",\"width\":2212,\"height\":958,\"caption\":\"ZebeMusic\"},\"image\":{\"@id\":\"https:\\\/\\\/www.zebemusic.com\\\/de\\\/#\\\/schema\\\/logo\\\/image\\\/\"},\"sameAs\":[\"https:\\\/\\\/www.facebook.com\\\/zebemusic\",\"https:\\\/\\\/www.instagram.com\\\/zebemusic\",\"https:\\\/\\\/www.youtube.com\\\/zebemusicberlin\"]}]}<\/script>\n<!-- \/ Yoast SEO plugin. -->","yoast_head_json":{"title":"K\u00d6NIG DAVID - Musical f\u00fcr Kinder und Jugendliche","description":"\"Ein Mensch wird K\u00f6nig. Ein K\u00f6nig wird Mensch.\" Musical \u00fcber David, der ehrgeizig, zerrissen und gef\u00e4hrdet ist und letztendlich in Schwachheit stark... DEMO>>>","robots":{"index":"index","follow":"follow","max-snippet":"max-snippet:-1","max-image-preview":"max-image-preview:large","max-video-preview":"max-video-preview:-1"},"canonical":"https:\/\/www.zebemusic.com\/de\/product\/koenig-david\/","og_locale":"de_DE","og_type":"article","og_title":"K\u00d6NIG DAVID - Musical f\u00fcr Kinder und Jugendliche","og_description":"\"Ein Mensch wird K\u00f6nig. Ein K\u00f6nig wird Mensch.\" Musical \u00fcber David, der ehrgeizig, zerrissen und gef\u00e4hrdet ist und letztendlich in Schwachheit stark... DEMO>>>","og_url":"https:\/\/www.zebemusic.com\/de\/product\/koenig-david\/","og_site_name":"ZebeMusic","article_publisher":"https:\/\/www.facebook.com\/zebemusic","article_modified_time":"2024-01-20T04:02:24+00:00","og_image":[{"width":425,"height":600,"url":"https:\/\/www.zebemusic.com\/wp-content\/uploads\/2013\/08\/ZEBE2210.jpg","type":"image\/jpeg"}],"twitter_card":"summary_large_image","twitter_misc":{"Est. reading time":"1 minute"},"schema":{"@context":"https:\/\/schema.org","@graph":[{"@type":"WebPage","@id":"https:\/\/www.zebemusic.com\/de\/product\/koenig-david\/","url":"https:\/\/www.zebemusic.com\/de\/product\/koenig-david\/","name":"K\u00d6NIG DAVID - Musical f\u00fcr Kinder und Jugendliche","isPartOf":{"@id":"https:\/\/www.zebemusic.com\/de\/#website"},"primaryImageOfPage":{"@id":"https:\/\/www.zebemusic.com\/de\/product\/koenig-david\/#primaryimage"},"image":{"@id":"https:\/\/www.zebemusic.com\/de\/product\/koenig-david\/#primaryimage"},"thumbnailUrl":"https:\/\/www.zebemusic.com\/wp-content\/uploads\/2013\/08\/ZEBE2210.jpg","datePublished":"2014-12-04T15:37:48+00:00","dateModified":"2024-01-20T04:02:24+00:00","description":"\"Ein Mensch wird K\u00f6nig. Ein K\u00f6nig wird Mensch.\" Musical \u00fcber David, der ehrgeizig, zerrissen und gef\u00e4hrdet ist und letztendlich in Schwachheit stark... DEMO>>>","breadcrumb":{"@id":"https:\/\/www.zebemusic.com\/de\/product\/koenig-david\/#breadcrumb"},"inLanguage":"de-DE","potentialAction":[{"@type":"ReadAction","target":["https:\/\/www.zebemusic.com\/de\/product\/koenig-david\/"]}]},{"@type":"ImageObject","inLanguage":"de-DE","@id":"https:\/\/www.zebemusic.com\/de\/product\/koenig-david\/#primaryimage","url":"https:\/\/www.zebemusic.com\/wp-content\/uploads\/2013\/08\/ZEBE2210.jpg","contentUrl":"https:\/\/www.zebemusic.com\/wp-content\/uploads\/2013\/08\/ZEBE2210.jpg","width":425,"height":600},{"@type":"BreadcrumbList","@id":"https:\/\/www.zebemusic.com\/de\/product\/koenig-david\/#breadcrumb","itemListElement":[{"@type":"ListItem","position":1,"name":"Shop","item":"https:\/\/www.zebemusic.com\/de\/shop-2\/"},{"@type":"ListItem","position":2,"name":"K\u00f6nig David"}]},{"@type":"WebSite","@id":"https:\/\/www.zebemusic.com\/de\/#website","url":"https:\/\/www.zebemusic.com\/de\/","name":"ZebeMusic","description":"makes you sing.","publisher":{"@id":"https:\/\/www.zebemusic.com\/de\/#organization"},"alternateName":"Gospelnoten & Kindermusicals","potentialAction":[{"@type":"SearchAction","target":{"@type":"EntryPoint","urlTemplate":"https:\/\/www.zebemusic.com\/de\/?s={search_term_string}"},"query-input":{"@type":"PropertyValueSpecification","valueRequired":true,"valueName":"search_term_string"}}],"inLanguage":"de-DE"},{"@type":"Organization","@id":"https:\/\/www.zebemusic.com\/de\/#organization","name":"ZebeMusic","url":"https:\/\/www.zebemusic.com\/de\/","logo":{"@type":"ImageObject","inLanguage":"de-DE","@id":"https:\/\/www.zebemusic.com\/de\/#\/schema\/logo\/image\/","url":"https:\/\/www.zebemusic.com\/wp-content\/uploads\/2025\/10\/ZEBE-Logo_ZW-makesyousing.jpg","contentUrl":"https:\/\/www.zebemusic.com\/wp-content\/uploads\/2025\/10\/ZEBE-Logo_ZW-makesyousing.jpg","width":2212,"height":958,"caption":"ZebeMusic"},"image":{"@id":"https:\/\/www.zebemusic.com\/de\/#\/schema\/logo\/image\/"},"sameAs":["https:\/\/www.facebook.com\/zebemusic","https:\/\/www.instagram.com\/zebemusic","https:\/\/www.youtube.com\/zebemusicberlin"]}]}},"_links":{"self":[{"href":"https:\/\/www.zebemusic.com\/de\/wp-json\/wp\/v2\/product\/4773","targetHints":{"allow":["GET"]}}],"collection":[{"href":"https:\/\/www.zebemusic.com\/de\/wp-json\/wp\/v2\/product"}],"about":[{"href":"https:\/\/www.zebemusic.com\/de\/wp-json\/wp\/v2\/types\/product"}],"wp:featuredmedia":[{"embeddable":true,"href":"https:\/\/www.zebemusic.com\/de\/wp-json\/wp\/v2\/media\/262"}],"wp:attachment":[{"href":"https:\/\/www.zebemusic.com\/de\/wp-json\/wp\/v2\/media?parent=4773"}],"wp:term":[{"taxonomy":"product_brand","embeddable":true,"href":"https:\/\/www.zebemusic.com\/de\/wp-json\/wp\/v2\/product_brand?post=4773"},{"taxonomy":"product_cat","embeddable":true,"href":"https:\/\/www.zebemusic.com\/de\/wp-json\/wp\/v2\/product_cat?post=4773"},{"taxonomy":"product_tag","embeddable":true,"href":"https:\/\/www.zebemusic.com\/de\/wp-json\/wp\/v2\/product_tag?post=4773"}],"curies":[{"name":"wp","href":"https:\/\/api.w.org\/{rel}","templated":true}]}}