{"id":4826,"date":"2015-01-09T19:22:05","date_gmt":"2015-01-09T17:22:05","guid":{"rendered":"http:\/\/neu.zebemusic.com\/shop\/gospel\/greater-anything-songs-downloads\/"},"modified":"2024-05-23T09:41:55","modified_gmt":"2024-05-23T08:41:55","slug":"greater-anything-downloads","status":"publish","type":"product","link":"https:\/\/www.zebemusic.com\/de\/product\/greater-anything-downloads\/","title":{"rendered":"Greater Than Anything <br><b>SONGS &#038; DOWNLOADS<\/b>"},"content":{"rendered":"","protected":false},"excerpt":{"rendered":"<p><span id=\"pic\">Zu den erh\u00e4ltlichen Noten und der CD des Albums &#8220;Greater Than Anything&#8221; bieten wir Ihnen hier umfangreiches Material zum Download an.<br \/>\nAu\u00dferdem kann jeder Song als gedruckte Einzelausgabe bestellt werden &#8211; in Chorst\u00e4rke ab 10 St\u00fcck.<br \/>\n<\/span><\/p>\n<p>Mp3-Dateien der H\u00f6r- und Playback-CD bekommen Sie hier zum g\u00fcnstigen Downloadpreis in bester Qualit\u00e4t mit 320kBit\/s. Die Playbacks eignen sich hervorragend f\u00fcr wirkungsvolle Auftritte ohne Band in Konzerten und Gottesdienste aber auch f\u00fcr das Proben der Chor- oder Soloparts mit &#8220;voller&#8221; Besetzung. Das ist auch f\u00fcr die Singenden ein gro\u00dfes Erlebnis!<\/p>\n<p style=\"padding-left: 30px;\"><strong><em><span style=\"color: #993300;\">\u201c<em>Absolut mitrei\u00dfend.<\/em>\u201d<\/span><\/em><\/strong>\u00a0\u00a0 (K\u00f6lner Stadt-Anzeiger)<\/p>\n<p><center><br \/>\n<iframe loading=\"lazy\" src=\"\/\/www.youtube.com\/embed\/8DX8Az682io\" width=\"350\" height=\"250\" frameborder=\"0\" allowfullscreen=\"allowfullscreen\"><\/iframe><\/center>&nbsp;<\/p>\n<hr \/>\n<p><strong><span style=\"color: #717171;\">Text und Musik: <\/span><\/strong> <a href=\"\/nikoschlenker\">Niko Schlenker<\/a><br \/>\n<strong><span style=\"color: #717171;\">Besetzung:<\/span><\/strong> S.A.T.B.\/S.A.Bar., Pno.<br \/>\n<strong><span style=\"color: #717171;\">Schwierigkeitsgrad:<\/span><\/strong> mittel<\/p>\n<p><a href=\"https:\/\/zebemusic.com\/audio\/ZEBE4075.mp3\" target=\"_blank\" rel=\"noopener noreferrer\">Playback<\/a> &gt;&gt;&gt;<\/p>\n<p><a href=\"https:\/\/zebemusic.com\/audio\/4077.mp3\" target=\"_blank\" rel=\"noopener noreferrer\">H\u00f6rprobe<\/a> &gt;&gt;&gt;<\/p>\n[audio mp3=\"https:\/\/www.zebemusic.com\/wp-content\/uploads\/2024\/02\/ZEBE4070.mp3\"][\/audio]\n<hr \/>\n<p><strong>Erh\u00e4ltliche Ausf\u00fchrungen:<\/strong><\/p>\n<p><strong>\u2022 CD als mp3 <\/strong>\u20ac 7,99<br \/>\nNiko Schlenker und vielen seiner Musiker-Freunde: feat. Yasmina Hunzinger, Chris Lass, Boysie White, Nathan Junor, Angelika Rehaag, Honor\u00e8 Haase, Claudine Abusu, Buki Domingos, The LivinGospel Choir, The Gospel Family of Christ, NewLife Gospel Choir und vielen mehr!<\/p>\n<p><strong>\u2022 Playback-CD als mp3 <\/strong>\u20ac 19,99<br \/>\nAuf der Playback-CD sind alle Songs der Ausgabe in Originalbesetzung. Beste Soundqualit\u00e4t f\u00fcr Probe und Auftritt!<\/p>\n<p><strong>\u2022<\/strong> <strong>Einzelsongs: <\/strong><br \/>\nComing To You (feat. The Gospel Family of Christ &amp; Angelika Rehaag)<br \/>\nEv\u2019ryday (feat. Claudine Abusu, NewLifeGospel Choir)<br \/>\nGod Gives Back (feat. The Gospel Family of Christ &amp; Angelika Rehaag)<br \/>\nGreater Than Anything (feat. NewLifeGospel Choir)<br \/>\nHallelujah (feat. Yasmina Hunzinger, LivinGospel Choir)<br \/>\nI\u2019m a Witness (feat. Buki Domingos, The Angels)<br \/>\nI\u2019ve Got Joy (feat. NewLifeGospel Choir, Pastor Daniel Aborah &amp; Niko Schlenker)<br \/>\nJeremiah (feat. Honor\u00e9 Haase, NewLifeGospel Choir)<br \/>\nPraise Him (feat. Chris Lass, NewLifeGospel Choir)<br \/>\nWait (feat. NewLifeGospel Choir &amp; Niko Schlenker)<br \/>\nWalk Before Me (feat. Boysie White, LivinGospel Choir)<\/p>\n<p><strong>\u2022 <\/strong>Gesangsnoten je \u20ac 1,50 (nur in Chorst\u00e4rke!)<br \/>\n<strong>\u2022 <\/strong>H\u00f6r-mp3 je \u20ac 0,99<br \/>\n<strong>\u2022 <\/strong>Playback-mp3 je \u20ac 2,99<\/p>\n<p><strong>WIR BITTEN BETR\u00c4GE UNTER \u20ac 5 PER PAYPAL ZU BEZAHLEN.<\/strong> Vielen Dank!<\/p>\n","protected":false},"featured_media":1361,"template":"","meta":{"_acf_changed":false},"product_brand":[],"product_cat":[301],"product_tag":[195,307],"class_list":{"0":"post-4826","1":"product","2":"type-product","3":"status-publish","4":"has-post-thumbnail","6":"product_cat-music-download","7":"product_tag-downloads","8":"product_tag-ea","9":"pa_diff-mittel","10":"pa_diff-schwer","11":"pa_language-englisch","12":"pa_occ-abendmahl-kommunion","13":"pa_occ-altes-testament","14":"pa_occ-angst-und-vertrauen","15":"pa_occ-beginn-und-abschied-segen","16":"pa_occ-dankbarkeit","17":"pa_occ-lobpreis","18":"pa_occ-pfingsten","19":"pa_occ-taufe-und-zeugnis","20":"pa_others-einzelausgaben","21":"pa_style-genre-ballade","22":"pa_style-genre-gospel-de","23":"pa_style-genre-jazz-de","24":"pa_style-genre-lobpreis","25":"pa_style-genre-soul-funk-de","26":"pa_style-genre-spiritual-de","27":"pa_style-genre-traditional-gospel-style-de","28":"pa_style-genre-uptempo-de","29":"pa_style-genre-contemporary-de","30":"pa_variation-hoer-datei-mp3-download","31":"pa_variation-playback-datei-mp3-download","32":"pa_variation-02-greater-than-anything-hoerdatei","33":"pa_variation-02-greater-than-anything-playback","34":"pa_variation-03-ive-got-joy-hoerdatei","35":"pa_variation-03-ive-got-joy-playback","36":"pa_variation-04-god-gives-back-hoerdatei","37":"pa_variation-04-god-gives-back-playback","38":"pa_variation-05-walk-before-me-a-cappella-hoerdatei","39":"pa_variation-05-walk-before-me-ohne-solist-playback","40":"pa_variation-06-hallelujah-hoerdatei","41":"pa_variation-06-hallelujah-playback","42":"pa_variation-07-wait-hoerdatei","43":"pa_variation-07-wait-playback","44":"pa_variation-08-jeremiah-hoerdatei","45":"pa_variation-08-jeremiah-playback","46":"pa_variation-09-evryday-hoerdatei","47":"pa_variation-09-evryday-playback","48":"pa_variation-10-praise-him-hoerdatei","49":"pa_variation-10-praise-him-playback","50":"pa_variation-11-coming-to-you-hoerdatei","51":"pa_variation-11-coming-to-you-playback","52":"pa_variation-12-be-encouraged-playback","53":"pa_variation-12-im-a-witness-hoerdatei","54":"pa_variation-12-im-a-witness-playback","55":"pa_variation-13-be-encouraged-hoerdatei","56":"pa_variation-coming-to-you-einzelausgabe-gedruckt","57":"pa_variation-evryday-einzelausgabe-gedruckt","58":"pa_variation-god-gives-back-einzelausgabe-gedruckt","59":"pa_variation-greater-than-anything-einzelausgabe-gedruckt","60":"pa_variation-hallelujah-einzelausgabe-gedruckt","61":"pa_variation-im-a-witness-einzelausgabe-gedruckt","62":"pa_variation-ive-got-joy-einzelausgabe-gedruckt","63":"pa_variation-jeremiah-einzelausgabe-gedruckt","64":"pa_variation-praise-him-einzelausgabe-gedruckt","65":"pa_variation-wait-einzelausgabe-gedruckt","66":"pa_variation-walk-before-me-einzelausgabe-gedruckt","67":"pa_voicing-acappella-de","68":"pa_voicing-mit-begleitung","69":"pa_voicing-mit-solist","70":"pa_voicing-sam-de","71":"pa_voicing-satb-de","72":"pa_voicing-ssa-de","74":"first","75":"instock","76":"taxable","77":"shipping-taxable","78":"purchasable","79":"product-type-variable","80":"has-default-attributes"},"acf":[],"yoast_head":"<!-- This site is optimized with the Yoast SEO plugin v27.3 - https:\/\/yoast.com\/product\/yoast-seo-wordpress\/ -->\n<title>Greater Than Anything SONGS &amp; DOWNLOADS<\/title>\n<meta name=\"description\" content=\"Einzelnoten, H\u00f6rdateien und Playbacks zum Gospel-Album von NIKO SCHLENKER! Demo &gt;&gt;&gt;\" \/>\n<meta name=\"robots\" content=\"index, follow, max-snippet:-1, max-image-preview:large, max-video-preview:-1\" \/>\n<link rel=\"canonical\" href=\"https:\/\/www.zebemusic.com\/de\/product\/greater-anything-downloads\/\" \/>\n<meta property=\"og:locale\" content=\"de_DE\" \/>\n<meta property=\"og:type\" content=\"article\" \/>\n<meta property=\"og:title\" content=\"Greater Than Anything SONGS &amp; DOWNLOADS\" \/>\n<meta property=\"og:description\" content=\"Einzelnoten, H\u00f6rdateien und Playbacks zum Gospel-Album von NIKO SCHLENKER! Demo &gt;&gt;&gt;\" \/>\n<meta property=\"og:url\" content=\"https:\/\/www.zebemusic.com\/de\/product\/greater-anything-downloads\/\" \/>\n<meta property=\"og:site_name\" content=\"ZebeMusic\" \/>\n<meta property=\"article:publisher\" content=\"https:\/\/www.facebook.com\/zebemusic\" \/>\n<meta property=\"article:modified_time\" content=\"2024-05-23T08:41:55+00:00\" \/>\n<meta property=\"og:image\" content=\"https:\/\/www.zebemusic.com\/wp-content\/uploads\/2013\/08\/ZEBE4077.jpg\" \/>\n\t<meta property=\"og:image:width\" content=\"600\" \/>\n\t<meta property=\"og:image:height\" content=\"542\" \/>\n\t<meta property=\"og:image:type\" content=\"image\/jpeg\" \/>\n<meta name=\"twitter:card\" content=\"summary_large_image\" \/>\n<meta name=\"twitter:label1\" content=\"Est. reading time\" \/>\n\t<meta name=\"twitter:data1\" content=\"1 minute\" \/>\n<script type=\"application\/ld+json\" class=\"yoast-schema-graph\">{\"@context\":\"https:\\\/\\\/schema.org\",\"@graph\":[{\"@type\":\"WebPage\",\"@id\":\"https:\\\/\\\/www.zebemusic.com\\\/de\\\/product\\\/greater-anything-downloads\\\/\",\"url\":\"https:\\\/\\\/www.zebemusic.com\\\/de\\\/product\\\/greater-anything-downloads\\\/\",\"name\":\"Greater Than Anything SONGS & DOWNLOADS\",\"isPartOf\":{\"@id\":\"https:\\\/\\\/www.zebemusic.com\\\/de\\\/#website\"},\"primaryImageOfPage\":{\"@id\":\"https:\\\/\\\/www.zebemusic.com\\\/de\\\/product\\\/greater-anything-downloads\\\/#primaryimage\"},\"image\":{\"@id\":\"https:\\\/\\\/www.zebemusic.com\\\/de\\\/product\\\/greater-anything-downloads\\\/#primaryimage\"},\"thumbnailUrl\":\"https:\\\/\\\/www.zebemusic.com\\\/wp-content\\\/uploads\\\/2013\\\/08\\\/ZEBE4077.jpg\",\"datePublished\":\"2015-01-09T17:22:05+00:00\",\"dateModified\":\"2024-05-23T08:41:55+00:00\",\"description\":\"Einzelnoten, H\u00f6rdateien und Playbacks zum Gospel-Album von NIKO SCHLENKER! Demo >>>\",\"breadcrumb\":{\"@id\":\"https:\\\/\\\/www.zebemusic.com\\\/de\\\/product\\\/greater-anything-downloads\\\/#breadcrumb\"},\"inLanguage\":\"de-DE\",\"potentialAction\":[{\"@type\":\"ReadAction\",\"target\":[\"https:\\\/\\\/www.zebemusic.com\\\/de\\\/product\\\/greater-anything-downloads\\\/\"]}]},{\"@type\":\"ImageObject\",\"inLanguage\":\"de-DE\",\"@id\":\"https:\\\/\\\/www.zebemusic.com\\\/de\\\/product\\\/greater-anything-downloads\\\/#primaryimage\",\"url\":\"https:\\\/\\\/www.zebemusic.com\\\/wp-content\\\/uploads\\\/2013\\\/08\\\/ZEBE4077.jpg\",\"contentUrl\":\"https:\\\/\\\/www.zebemusic.com\\\/wp-content\\\/uploads\\\/2013\\\/08\\\/ZEBE4077.jpg\",\"width\":600,\"height\":542},{\"@type\":\"BreadcrumbList\",\"@id\":\"https:\\\/\\\/www.zebemusic.com\\\/de\\\/product\\\/greater-anything-downloads\\\/#breadcrumb\",\"itemListElement\":[{\"@type\":\"ListItem\",\"position\":1,\"name\":\"Shop\",\"item\":\"https:\\\/\\\/www.zebemusic.com\\\/de\\\/shop-2\\\/\"},{\"@type\":\"ListItem\",\"position\":2,\"name\":\"Greater Than Anything SONGS &#038; DOWNLOADS\"}]},{\"@type\":\"WebSite\",\"@id\":\"https:\\\/\\\/www.zebemusic.com\\\/de\\\/#website\",\"url\":\"https:\\\/\\\/www.zebemusic.com\\\/de\\\/\",\"name\":\"ZebeMusic\",\"description\":\"makes you sing.\",\"publisher\":{\"@id\":\"https:\\\/\\\/www.zebemusic.com\\\/de\\\/#organization\"},\"alternateName\":\"Gospelnoten & Kindermusicals\",\"potentialAction\":[{\"@type\":\"SearchAction\",\"target\":{\"@type\":\"EntryPoint\",\"urlTemplate\":\"https:\\\/\\\/www.zebemusic.com\\\/de\\\/?s={search_term_string}\"},\"query-input\":{\"@type\":\"PropertyValueSpecification\",\"valueRequired\":true,\"valueName\":\"search_term_string\"}}],\"inLanguage\":\"de-DE\"},{\"@type\":\"Organization\",\"@id\":\"https:\\\/\\\/www.zebemusic.com\\\/de\\\/#organization\",\"name\":\"ZebeMusic\",\"url\":\"https:\\\/\\\/www.zebemusic.com\\\/de\\\/\",\"logo\":{\"@type\":\"ImageObject\",\"inLanguage\":\"de-DE\",\"@id\":\"https:\\\/\\\/www.zebemusic.com\\\/de\\\/#\\\/schema\\\/logo\\\/image\\\/\",\"url\":\"https:\\\/\\\/www.zebemusic.com\\\/wp-content\\\/uploads\\\/2025\\\/10\\\/ZEBE-Logo_ZW-makesyousing.jpg\",\"contentUrl\":\"https:\\\/\\\/www.zebemusic.com\\\/wp-content\\\/uploads\\\/2025\\\/10\\\/ZEBE-Logo_ZW-makesyousing.jpg\",\"width\":2212,\"height\":958,\"caption\":\"ZebeMusic\"},\"image\":{\"@id\":\"https:\\\/\\\/www.zebemusic.com\\\/de\\\/#\\\/schema\\\/logo\\\/image\\\/\"},\"sameAs\":[\"https:\\\/\\\/www.facebook.com\\\/zebemusic\",\"https:\\\/\\\/www.instagram.com\\\/zebemusic\",\"https:\\\/\\\/www.youtube.com\\\/zebemusicberlin\"]}]}<\/script>\n<!-- \/ Yoast SEO plugin. -->","yoast_head_json":{"title":"Greater Than Anything SONGS & DOWNLOADS","description":"Einzelnoten, H\u00f6rdateien und Playbacks zum Gospel-Album von NIKO SCHLENKER! Demo >>>","robots":{"index":"index","follow":"follow","max-snippet":"max-snippet:-1","max-image-preview":"max-image-preview:large","max-video-preview":"max-video-preview:-1"},"canonical":"https:\/\/www.zebemusic.com\/de\/product\/greater-anything-downloads\/","og_locale":"de_DE","og_type":"article","og_title":"Greater Than Anything SONGS & DOWNLOADS","og_description":"Einzelnoten, H\u00f6rdateien und Playbacks zum Gospel-Album von NIKO SCHLENKER! Demo >>>","og_url":"https:\/\/www.zebemusic.com\/de\/product\/greater-anything-downloads\/","og_site_name":"ZebeMusic","article_publisher":"https:\/\/www.facebook.com\/zebemusic","article_modified_time":"2024-05-23T08:41:55+00:00","og_image":[{"width":600,"height":542,"url":"https:\/\/www.zebemusic.com\/wp-content\/uploads\/2013\/08\/ZEBE4077.jpg","type":"image\/jpeg"}],"twitter_card":"summary_large_image","twitter_misc":{"Est. reading time":"1 minute"},"schema":{"@context":"https:\/\/schema.org","@graph":[{"@type":"WebPage","@id":"https:\/\/www.zebemusic.com\/de\/product\/greater-anything-downloads\/","url":"https:\/\/www.zebemusic.com\/de\/product\/greater-anything-downloads\/","name":"Greater Than Anything SONGS & DOWNLOADS","isPartOf":{"@id":"https:\/\/www.zebemusic.com\/de\/#website"},"primaryImageOfPage":{"@id":"https:\/\/www.zebemusic.com\/de\/product\/greater-anything-downloads\/#primaryimage"},"image":{"@id":"https:\/\/www.zebemusic.com\/de\/product\/greater-anything-downloads\/#primaryimage"},"thumbnailUrl":"https:\/\/www.zebemusic.com\/wp-content\/uploads\/2013\/08\/ZEBE4077.jpg","datePublished":"2015-01-09T17:22:05+00:00","dateModified":"2024-05-23T08:41:55+00:00","description":"Einzelnoten, H\u00f6rdateien und Playbacks zum Gospel-Album von NIKO SCHLENKER! Demo >>>","breadcrumb":{"@id":"https:\/\/www.zebemusic.com\/de\/product\/greater-anything-downloads\/#breadcrumb"},"inLanguage":"de-DE","potentialAction":[{"@type":"ReadAction","target":["https:\/\/www.zebemusic.com\/de\/product\/greater-anything-downloads\/"]}]},{"@type":"ImageObject","inLanguage":"de-DE","@id":"https:\/\/www.zebemusic.com\/de\/product\/greater-anything-downloads\/#primaryimage","url":"https:\/\/www.zebemusic.com\/wp-content\/uploads\/2013\/08\/ZEBE4077.jpg","contentUrl":"https:\/\/www.zebemusic.com\/wp-content\/uploads\/2013\/08\/ZEBE4077.jpg","width":600,"height":542},{"@type":"BreadcrumbList","@id":"https:\/\/www.zebemusic.com\/de\/product\/greater-anything-downloads\/#breadcrumb","itemListElement":[{"@type":"ListItem","position":1,"name":"Shop","item":"https:\/\/www.zebemusic.com\/de\/shop-2\/"},{"@type":"ListItem","position":2,"name":"Greater Than Anything SONGS &#038; DOWNLOADS"}]},{"@type":"WebSite","@id":"https:\/\/www.zebemusic.com\/de\/#website","url":"https:\/\/www.zebemusic.com\/de\/","name":"ZebeMusic","description":"makes you sing.","publisher":{"@id":"https:\/\/www.zebemusic.com\/de\/#organization"},"alternateName":"Gospelnoten & Kindermusicals","potentialAction":[{"@type":"SearchAction","target":{"@type":"EntryPoint","urlTemplate":"https:\/\/www.zebemusic.com\/de\/?s={search_term_string}"},"query-input":{"@type":"PropertyValueSpecification","valueRequired":true,"valueName":"search_term_string"}}],"inLanguage":"de-DE"},{"@type":"Organization","@id":"https:\/\/www.zebemusic.com\/de\/#organization","name":"ZebeMusic","url":"https:\/\/www.zebemusic.com\/de\/","logo":{"@type":"ImageObject","inLanguage":"de-DE","@id":"https:\/\/www.zebemusic.com\/de\/#\/schema\/logo\/image\/","url":"https:\/\/www.zebemusic.com\/wp-content\/uploads\/2025\/10\/ZEBE-Logo_ZW-makesyousing.jpg","contentUrl":"https:\/\/www.zebemusic.com\/wp-content\/uploads\/2025\/10\/ZEBE-Logo_ZW-makesyousing.jpg","width":2212,"height":958,"caption":"ZebeMusic"},"image":{"@id":"https:\/\/www.zebemusic.com\/de\/#\/schema\/logo\/image\/"},"sameAs":["https:\/\/www.facebook.com\/zebemusic","https:\/\/www.instagram.com\/zebemusic","https:\/\/www.youtube.com\/zebemusicberlin"]}]}},"_links":{"self":[{"href":"https:\/\/www.zebemusic.com\/de\/wp-json\/wp\/v2\/product\/4826","targetHints":{"allow":["GET"]}}],"collection":[{"href":"https:\/\/www.zebemusic.com\/de\/wp-json\/wp\/v2\/product"}],"about":[{"href":"https:\/\/www.zebemusic.com\/de\/wp-json\/wp\/v2\/types\/product"}],"wp:featuredmedia":[{"embeddable":true,"href":"https:\/\/www.zebemusic.com\/de\/wp-json\/wp\/v2\/media\/1361"}],"wp:attachment":[{"href":"https:\/\/www.zebemusic.com\/de\/wp-json\/wp\/v2\/media?parent=4826"}],"wp:term":[{"taxonomy":"product_brand","embeddable":true,"href":"https:\/\/www.zebemusic.com\/de\/wp-json\/wp\/v2\/product_brand?post=4826"},{"taxonomy":"product_cat","embeddable":true,"href":"https:\/\/www.zebemusic.com\/de\/wp-json\/wp\/v2\/product_cat?post=4826"},{"taxonomy":"product_tag","embeddable":true,"href":"https:\/\/www.zebemusic.com\/de\/wp-json\/wp\/v2\/product_tag?post=4826"}],"curies":[{"name":"wp","href":"https:\/\/api.w.org\/{rel}","templated":true}]}}