{"id":4885,"date":"2015-01-21T12:21:09","date_gmt":"2015-01-21T10:21:09","guid":{"rendered":"http:\/\/neu.zebemusic.com\/shop\/gospel\/glory-god-gospel-liturgisch\/"},"modified":"2026-03-12T12:41:16","modified_gmt":"2026-03-12T11:41:16","slug":"gospelgottesdienst","status":"publish","type":"product","link":"https:\/\/www.zebemusic.com\/de\/product\/gospelgottesdienst\/","title":{"rendered":"Glory to God! &#8211; Gospel liturgisch."},"content":{"rendered":"<p>Gospelgottesdienst<\/p>\n","protected":false},"excerpt":{"rendered":"<p style=\"text-align: left;\">Die neue umfangreiche Materialsammlung f\u00fcr Gottesdienste mit Gospelmusik, in denen sowohl Chor als auch die Gemeinde einbezogen werden.<\/p>\n<p>Neues und Bew\u00e4hrtes aus dem liturgischen Kontext wurde f\u00fcr diese Ausgabe von zahlreichen Komponisten, Arrangeuren und Chorleitern zur Verf\u00fcgung gestellt. Von \u201cKyrie\u201d bis \u201cAmen\u201d, Psalmzeilen und kleine Kanons finden sich hier ebenso wie Halleluja-Rufe und Gebetsvertonungen; gemeindekompatibel, praxiserprobt und musikalisch raffiniert.<\/p>\n<p>&nbsp;<\/p>\n<p style=\"padding-left: 70px;\"><strong><em><span style=\"color: #993300;\">\u201cGospel und die traditionelle musikalische Gestaltung eines Gottesdienstes r\u00fccken mit dieser Publikation zusammen. Zahlreiche Komponisten haben hier zu einem bahnbrechenden Werk beigetragen. Es handelt sich um eine sehr gelungene Ausgabe, verwendbar f\u00fcr alle Zeiten des Kirchenjahres und f\u00fcr spezielle Anl\u00e4sse, die neue H\u00f6rerlebnisse bietet.\u201d\u00a0 <\/span><\/em><\/strong><span style=\"color: #808080;\"> (Schweizer Musikzeitung)<strong><br \/>\n<\/strong><\/span><\/p>\n<p style=\"padding-left: 70px;\"><strong><em><span style=\"color: #993300;\">\u201cM\u00f6glichkeit, den Gottesdienst mit neuen musikalischen Impulsen zu beleben, die Songs darin sind f\u00fcr jeden Chor und f\u00fcr Gemeinden singbar\u2026\u201d<\/span> <\/em><\/strong>(Chorzeit)<\/p>\n<p style=\"padding-left: 70px;\"><strong><em><span style=\"color: #993300;\">\u201cEine gute Sammlung, die zu einem Standardwerk zum liturgischen Singen in gospelgepr\u00e4gten Gottesdiensten werden kann.\u201d <\/span><\/em><\/strong>(Musik &amp; Kirche)<\/p>\n<p style=\"padding-left: 70px;\"><strong><em><span style=\"color: #993300;\">\u201c<\/span><strong><em><span style=\"color: #993300;\">Verbindet Genres und Generationen.<em><strong>\u201d<\/strong><\/em> <\/span><\/em><\/strong><\/em><\/strong> (gospelradio.de)<\/p>\n<p><span style=\"color: #993300;\"><a style=\"color: #993300;\" href=\"\/wp-content\/PP\/Pressespiegel3083.pdf\" target=\"_blank\" rel=\"noopener noreferrer\">Pressespiegel mit den vollst\u00e4ndigen Rezensionen &gt;&gt;&gt;<\/a><\/span><\/p>\n<hr \/>\n<p><strong>Autoren:<\/strong><br \/>\nKlaus-Hermann Ansch\u00fctz, Johannes Blomenkamp, Timo B\u00f6cking, Joachim Dierks, Christiane Etzold, Hans-J\u00f6rg Fiehl, Jeff Guillen, Peter Hamburger, Florian Hanssen, Helmut Jost, Sarah Kaiser, Micha Keding, Graham Kendrik, Markus Martitz, Johannes M. Michel, Christina M\u00fcller, Matthias Nagel, Steve Ogedegbe, Gary Oliver, Reinhard Pikora, Wolfgang Richter, Niko Schlenker, Gerhard Schnitter, Christoph Sch\u00f6psdau, Maren Seyboldt, Njeri Weth, Ruthild Wilson, Thomas Wirtz, Friedemann Wutzler, Stephan Zebe.<br \/>\nIn der <em>Ausgabe Bayern<\/em> zus\u00e4tzlich Eric Bond, Jutta Hager, Michael Martin, Jan Meyer, Bastian Pusch, Peter Schumann, Peer Mickeluhn, Ilona Schmitz-Jeromin und Susanne Kayser.<\/p>\n<hr \/>\n<p><strong><span style=\"color: #717171;\">Herausgeber: <\/span><\/strong><a href=\"\/stephan-zebe\"> Stephan Zebe<\/a>, <a href=\"http:\/\/michael-martin\">Michael Martin<\/a><br \/>\n<strong><span style=\"color: #717171;\">Besetzung:<\/span><\/strong> variabel (Melodie mit Begleitung \/ a cappella \/ S.A.T.B. mit Begleitung)<br \/>\n<strong><span style=\"color: #717171;\">Schwierigkeitsgrad:<\/span><\/strong> leicht-mittel<\/p>\n<p><span style=\"color: #ff6600;\"><strong><a style=\"color: #ff6600;\" href=\"\/wp-content\/PP\/PP3083.pdf\" target=\"_blank\" rel=\"noopener noreferrer\">PROBEPARTITUR und Inhaltsverzeichnis<\/a> <\/strong><\/span>&gt;&gt;&gt;<\/p>\n<p><a href=\"http:\/\/www.zebemusic.com\/audio\/ZEBE3083.mp3\" target=\"_blank\" rel=\"noopener noreferrer\">H\u00f6rprobe<\/a>:<strong><br \/>\n<\/strong><\/p>\n[audio mp3=\"https:\/\/www.zebemusic.com\/wp-content\/uploads\/2024\/02\/ZEBE3083.mp3\"][\/audio]\n<p><strong>\u00a0<\/strong><\/p>\n<p><strong><a href=\"https:\/\/youtu.be\/iavshW3QM0Q?list=PLwH8QpVL7NG7GDuammaR-0cMk8QLQ2y5E\">Playlist auf YouTube<\/a>: <\/strong><\/p>\n<p style=\"text-align: center;\"><iframe loading=\"lazy\" src=\"https:\/\/www.youtube.com\/embed\/videoseries?list=PLwH8QpVL7NG7GDuammaR-0cMk8QLQ2y5E&amp;ecver=2\" width=\"300\" height=\"200\" frameborder=\"0\" allowfullscreen=\"allowfullscreen\"><\/iframe><\/p>\n<p>&nbsp;<\/p>\n<hr \/>\n<p><strong>Erh\u00e4ltliche Ausf\u00fchrungen:<\/strong><\/p>\n<p><strong><strong>\u2022 <\/strong>Partitur<\/strong> (ZE 3083, ISBN 978-3-940745-92-7, Gro\u00dfformat, Ringbindung, 164 Seiten) \u20ac 19,90<strong><br \/>\n<\/strong>In dieser Ausgabe sind die Noten f\u00fcr Chor, Gemeinde, Solisten und Klavier enthalten. F\u00fcr weitere Begleit- oder Solo-Instrumente sind Akkordsymbole notiert.<\/p>\n<p><strong><strong>\u2022 <\/strong>Gesangsausgabe<\/strong> (ZE 3084, ISBN 978-3-95423-000-6, A5, gebunden, 160 Seiten) \u20ac 11,90<strong><br \/>\n<\/strong>Kompakte, gebundene und g\u00fcnstige Ausgabe f\u00fcr Gruppe und Gemeinde. Alle Songs mit Gesangsnoten, Texten und Akkordsymbolen. Staffelpreis ab 10 St\u00fcck: <strong>nur \u20ac 9,90<\/strong> \/ ab 30 St\u00fcck: <strong>nur \u20ac 7,90<\/strong>!<\/p>\n<p><strong>\u2022 Gesangsausgabe<\/strong> der Evang.-luth. Kirche in Bayern mit Anhang &#8211; 107 Songs komplett (ZE 5058, ISBN 978-3-95423-020-4, A5, gebunden, 206 Seiten) \u20ac 11,90 (Staffelpreis ab 10 St\u00fcck: <strong>nur \u20ac 9,90<\/strong> \/ ab 30 St\u00fcck: <strong>nur \u20ac 7,90<\/strong>!)<strong><br \/>\n<\/strong><\/p>\n<p><strong>\u2022 Partitur des bayerischen Anhangs<\/strong> Nummern 95 bis 107, einzulegen in die Ausgabe ZE 3083 (ZE 5059, ISBN 978-3-95423-026-6, 44 Seiten) \u20ac 9,90<\/p>\n<p><strong>NEU: <a href=\"https:\/\/www.zebemusic.com\/de\/?s=3083.&amp;post_type=product&amp;type_aws=true&amp;lang=de\">Viele der Songs sind jetzt auch einzeln downloadbar!<\/a><\/strong><\/p>\n","protected":false},"featured_media":22180,"template":"","meta":{"_acf_changed":false},"product_brand":[],"product_cat":[626,13],"product_tag":[149,636,670,150,151],"class_list":{"0":"post-4885","1":"product","2":"type-product","3":"status-publish","4":"has-post-thumbnail","6":"product_cat-weihnachten","7":"product_cat-gospel","8":"product_tag-deutsch","9":"product_tag-messe","10":"product_tag-popularmusikverband","11":"product_tag-psalm","12":"product_tag-zebe","13":"pa_diff-leicht","14":"pa_diff-mittel","15":"pa_language-andere","16":"pa_language-deutsch","17":"pa_language-englisch","18":"pa_language-latein","19":"pa_occ-abendmahl-kommunion","20":"pa_occ-advent-de","21":"pa_occ-angst-und-vertrauen","22":"pa_occ-beginn-und-abschied-segen","23":"pa_occ-besondere-anlaesse","24":"pa_occ-biblische-geschichten","25":"pa_occ-dankbarkeit","26":"pa_occ-liturgie","27":"pa_occ-lobpreis","28":"pa_occ-neues-testament","29":"pa_occ-ostern","30":"pa_occ-passion-de","31":"pa_occ-pfingsten","32":"pa_occ-sterben-und-bestattung","33":"pa_occ-taufe-und-zeugnis","34":"pa_occ-weihnachten","35":"pa_others-bestseller","36":"pa_others-sammlungen","37":"pa_style-genre-ballade","38":"pa_style-genre-blues-de","39":"pa_style-genre-choral-adaptionen","40":"pa_style-genre-gospel-de","41":"pa_style-genre-jazz-de","42":"pa_style-genre-kantoreipraxis-de","43":"pa_style-genre-latin-de","44":"pa_style-genre-lobpreis","45":"pa_style-genre-ngl-de","46":"pa_style-genre-pop-crossover-de","47":"pa_style-genre-spiritual-de","48":"pa_style-genre-traditional-gospel-style-de","49":"pa_variation-bayern-gesangsausgabe","50":"pa_variation-bayern-partitur-des-anhangs-nr-95-107","51":"pa_variation-gesangsausgabe","52":"pa_variation-gesangsausgabe-bayer-ausg-107-songs","53":"pa_variation-partitur","54":"pa_variation-partitur-anhang-der-bayer-ausg-nr-95-107","55":"pa_variation-plus-chorwerkstatt-fuer-frauenchor","56":"pa_variation-staffelpreis-ze-3084-ab-10","57":"pa_variation-staffelpreis-ze-3084-ab-30","58":"pa_variation-staffelpreis-ze-5058-ab-10","59":"pa_variation-staffelpreis-ze-5058-ab-30","60":"pa_voicing-acappella-de","61":"pa_voicing-einstimmig","62":"pa_voicing-frauenchor","63":"pa_voicing-gemeindegesang","64":"pa_voicing-kinderchor","65":"pa_voicing-mit-begleitung","66":"pa_voicing-mit-solist","67":"pa_voicing-sa-de","68":"pa_voicing-sam-de","69":"pa_voicing-satb-de","70":"pa_voicing-solostimme","72":"first","73":"instock","74":"taxable","75":"shipping-taxable","76":"purchasable","77":"product-type-variable","78":"has-default-attributes"},"acf":[],"yoast_head":"<!-- This site is optimized with the Yoast SEO plugin v27.3 - https:\/\/yoast.com\/product\/yoast-seo-wordpress\/ -->\n<title>GLORY TO GOD! Gemeinsam Singen im Gospelgottesdienst<\/title>\n<meta name=\"description\" content=\"Das CHORBUCH und das GESANGBUCH F\u00dcR DEN GOSPELGOTTESDIENST und das Singen mit Chor und Gemeinde. Umfangreiches Material f\u00fcr die Praxis, Gospelnoten f\u00fcr das Gemeindesingen. Reichhaltige Sammlung f\u00fcr Gottesdienst + Konzert. &gt;&gt;&gt;\" \/>\n<meta name=\"robots\" content=\"index, follow, max-snippet:-1, max-image-preview:large, max-video-preview:-1\" \/>\n<link rel=\"canonical\" href=\"https:\/\/www.zebemusic.com\/de\/product\/gospelgottesdienst\/\" \/>\n<meta property=\"og:locale\" content=\"de_DE\" \/>\n<meta property=\"og:type\" content=\"article\" \/>\n<meta property=\"og:title\" content=\"GLORY TO GOD! Gemeinsam Singen im Gospelgottesdienst\" \/>\n<meta property=\"og:description\" content=\"Das CHORBUCH und das GESANGBUCH F\u00dcR DEN GOSPELGOTTESDIENST und das Singen mit Chor und Gemeinde. Umfangreiches Material f\u00fcr die Praxis, Gospelnoten f\u00fcr das Gemeindesingen. Reichhaltige Sammlung f\u00fcr Gottesdienst + Konzert. &gt;&gt;&gt;\" \/>\n<meta property=\"og:url\" content=\"https:\/\/www.zebemusic.com\/de\/product\/gospelgottesdienst\/\" \/>\n<meta property=\"og:site_name\" content=\"ZebeMusic\" \/>\n<meta property=\"article:publisher\" content=\"https:\/\/www.facebook.com\/zebemusic\" \/>\n<meta property=\"article:modified_time\" content=\"2026-03-12T11:41:16+00:00\" \/>\n<meta property=\"og:image\" content=\"https:\/\/www.zebemusic.com\/wp-content\/uploads\/2024\/03\/ZEBE3083.jpg\" \/>\n\t<meta property=\"og:image:width\" content=\"448\" \/>\n\t<meta property=\"og:image:height\" content=\"600\" \/>\n\t<meta property=\"og:image:type\" content=\"image\/jpeg\" \/>\n<meta name=\"twitter:card\" content=\"summary_large_image\" \/>\n<meta name=\"twitter:label1\" content=\"Est. reading time\" \/>\n\t<meta name=\"twitter:data1\" content=\"1 minute\" \/>\n<script type=\"application\/ld+json\" class=\"yoast-schema-graph\">{\"@context\":\"https:\\\/\\\/schema.org\",\"@graph\":[{\"@type\":\"WebPage\",\"@id\":\"https:\\\/\\\/www.zebemusic.com\\\/de\\\/product\\\/gospelgottesdienst\\\/\",\"url\":\"https:\\\/\\\/www.zebemusic.com\\\/de\\\/product\\\/gospelgottesdienst\\\/\",\"name\":\"GLORY TO GOD! Gemeinsam Singen im Gospelgottesdienst\",\"isPartOf\":{\"@id\":\"https:\\\/\\\/www.zebemusic.com\\\/de\\\/#website\"},\"primaryImageOfPage\":{\"@id\":\"https:\\\/\\\/www.zebemusic.com\\\/de\\\/product\\\/gospelgottesdienst\\\/#primaryimage\"},\"image\":{\"@id\":\"https:\\\/\\\/www.zebemusic.com\\\/de\\\/product\\\/gospelgottesdienst\\\/#primaryimage\"},\"thumbnailUrl\":\"https:\\\/\\\/www.zebemusic.com\\\/wp-content\\\/uploads\\\/2024\\\/03\\\/ZEBE3083.jpg\",\"datePublished\":\"2015-01-21T10:21:09+00:00\",\"dateModified\":\"2026-03-12T11:41:16+00:00\",\"description\":\"Das CHORBUCH und das GESANGBUCH F\u00dcR DEN GOSPELGOTTESDIENST und das Singen mit Chor und Gemeinde. Umfangreiches Material f\u00fcr die Praxis, Gospelnoten f\u00fcr das Gemeindesingen. Reichhaltige Sammlung f\u00fcr Gottesdienst + Konzert. >>>\",\"breadcrumb\":{\"@id\":\"https:\\\/\\\/www.zebemusic.com\\\/de\\\/product\\\/gospelgottesdienst\\\/#breadcrumb\"},\"inLanguage\":\"de-DE\",\"potentialAction\":[{\"@type\":\"ReadAction\",\"target\":[\"https:\\\/\\\/www.zebemusic.com\\\/de\\\/product\\\/gospelgottesdienst\\\/\"]}]},{\"@type\":\"ImageObject\",\"inLanguage\":\"de-DE\",\"@id\":\"https:\\\/\\\/www.zebemusic.com\\\/de\\\/product\\\/gospelgottesdienst\\\/#primaryimage\",\"url\":\"https:\\\/\\\/www.zebemusic.com\\\/wp-content\\\/uploads\\\/2024\\\/03\\\/ZEBE3083.jpg\",\"contentUrl\":\"https:\\\/\\\/www.zebemusic.com\\\/wp-content\\\/uploads\\\/2024\\\/03\\\/ZEBE3083.jpg\",\"width\":448,\"height\":600,\"caption\":\"Gospelgottesdienst\"},{\"@type\":\"BreadcrumbList\",\"@id\":\"https:\\\/\\\/www.zebemusic.com\\\/de\\\/product\\\/gospelgottesdienst\\\/#breadcrumb\",\"itemListElement\":[{\"@type\":\"ListItem\",\"position\":1,\"name\":\"Shop\",\"item\":\"https:\\\/\\\/www.zebemusic.com\\\/de\\\/shop-2\\\/\"},{\"@type\":\"ListItem\",\"position\":2,\"name\":\"Glory to God! &#8211; Gospel liturgisch.\"}]},{\"@type\":\"WebSite\",\"@id\":\"https:\\\/\\\/www.zebemusic.com\\\/de\\\/#website\",\"url\":\"https:\\\/\\\/www.zebemusic.com\\\/de\\\/\",\"name\":\"ZebeMusic\",\"description\":\"makes you sing.\",\"publisher\":{\"@id\":\"https:\\\/\\\/www.zebemusic.com\\\/de\\\/#organization\"},\"alternateName\":\"Gospelnoten & Kindermusicals\",\"potentialAction\":[{\"@type\":\"SearchAction\",\"target\":{\"@type\":\"EntryPoint\",\"urlTemplate\":\"https:\\\/\\\/www.zebemusic.com\\\/de\\\/?s={search_term_string}\"},\"query-input\":{\"@type\":\"PropertyValueSpecification\",\"valueRequired\":true,\"valueName\":\"search_term_string\"}}],\"inLanguage\":\"de-DE\"},{\"@type\":\"Organization\",\"@id\":\"https:\\\/\\\/www.zebemusic.com\\\/de\\\/#organization\",\"name\":\"ZebeMusic\",\"url\":\"https:\\\/\\\/www.zebemusic.com\\\/de\\\/\",\"logo\":{\"@type\":\"ImageObject\",\"inLanguage\":\"de-DE\",\"@id\":\"https:\\\/\\\/www.zebemusic.com\\\/de\\\/#\\\/schema\\\/logo\\\/image\\\/\",\"url\":\"https:\\\/\\\/www.zebemusic.com\\\/wp-content\\\/uploads\\\/2025\\\/10\\\/ZEBE-Logo_ZW-makesyousing.jpg\",\"contentUrl\":\"https:\\\/\\\/www.zebemusic.com\\\/wp-content\\\/uploads\\\/2025\\\/10\\\/ZEBE-Logo_ZW-makesyousing.jpg\",\"width\":2212,\"height\":958,\"caption\":\"ZebeMusic\"},\"image\":{\"@id\":\"https:\\\/\\\/www.zebemusic.com\\\/de\\\/#\\\/schema\\\/logo\\\/image\\\/\"},\"sameAs\":[\"https:\\\/\\\/www.facebook.com\\\/zebemusic\",\"https:\\\/\\\/www.instagram.com\\\/zebemusic\",\"https:\\\/\\\/www.youtube.com\\\/zebemusicberlin\"]}]}<\/script>\n<!-- \/ Yoast SEO plugin. -->","yoast_head_json":{"title":"GLORY TO GOD! Gemeinsam Singen im Gospelgottesdienst","description":"Das CHORBUCH und das GESANGBUCH F\u00dcR DEN GOSPELGOTTESDIENST und das Singen mit Chor und Gemeinde. Umfangreiches Material f\u00fcr die Praxis, Gospelnoten f\u00fcr das Gemeindesingen. Reichhaltige Sammlung f\u00fcr Gottesdienst + Konzert. >>>","robots":{"index":"index","follow":"follow","max-snippet":"max-snippet:-1","max-image-preview":"max-image-preview:large","max-video-preview":"max-video-preview:-1"},"canonical":"https:\/\/www.zebemusic.com\/de\/product\/gospelgottesdienst\/","og_locale":"de_DE","og_type":"article","og_title":"GLORY TO GOD! Gemeinsam Singen im Gospelgottesdienst","og_description":"Das CHORBUCH und das GESANGBUCH F\u00dcR DEN GOSPELGOTTESDIENST und das Singen mit Chor und Gemeinde. Umfangreiches Material f\u00fcr die Praxis, Gospelnoten f\u00fcr das Gemeindesingen. Reichhaltige Sammlung f\u00fcr Gottesdienst + Konzert. >>>","og_url":"https:\/\/www.zebemusic.com\/de\/product\/gospelgottesdienst\/","og_site_name":"ZebeMusic","article_publisher":"https:\/\/www.facebook.com\/zebemusic","article_modified_time":"2026-03-12T11:41:16+00:00","og_image":[{"width":448,"height":600,"url":"https:\/\/www.zebemusic.com\/wp-content\/uploads\/2024\/03\/ZEBE3083.jpg","type":"image\/jpeg"}],"twitter_card":"summary_large_image","twitter_misc":{"Est. reading time":"1 minute"},"schema":{"@context":"https:\/\/schema.org","@graph":[{"@type":"WebPage","@id":"https:\/\/www.zebemusic.com\/de\/product\/gospelgottesdienst\/","url":"https:\/\/www.zebemusic.com\/de\/product\/gospelgottesdienst\/","name":"GLORY TO GOD! Gemeinsam Singen im Gospelgottesdienst","isPartOf":{"@id":"https:\/\/www.zebemusic.com\/de\/#website"},"primaryImageOfPage":{"@id":"https:\/\/www.zebemusic.com\/de\/product\/gospelgottesdienst\/#primaryimage"},"image":{"@id":"https:\/\/www.zebemusic.com\/de\/product\/gospelgottesdienst\/#primaryimage"},"thumbnailUrl":"https:\/\/www.zebemusic.com\/wp-content\/uploads\/2024\/03\/ZEBE3083.jpg","datePublished":"2015-01-21T10:21:09+00:00","dateModified":"2026-03-12T11:41:16+00:00","description":"Das CHORBUCH und das GESANGBUCH F\u00dcR DEN GOSPELGOTTESDIENST und das Singen mit Chor und Gemeinde. Umfangreiches Material f\u00fcr die Praxis, Gospelnoten f\u00fcr das Gemeindesingen. Reichhaltige Sammlung f\u00fcr Gottesdienst + Konzert. >>>","breadcrumb":{"@id":"https:\/\/www.zebemusic.com\/de\/product\/gospelgottesdienst\/#breadcrumb"},"inLanguage":"de-DE","potentialAction":[{"@type":"ReadAction","target":["https:\/\/www.zebemusic.com\/de\/product\/gospelgottesdienst\/"]}]},{"@type":"ImageObject","inLanguage":"de-DE","@id":"https:\/\/www.zebemusic.com\/de\/product\/gospelgottesdienst\/#primaryimage","url":"https:\/\/www.zebemusic.com\/wp-content\/uploads\/2024\/03\/ZEBE3083.jpg","contentUrl":"https:\/\/www.zebemusic.com\/wp-content\/uploads\/2024\/03\/ZEBE3083.jpg","width":448,"height":600,"caption":"Gospelgottesdienst"},{"@type":"BreadcrumbList","@id":"https:\/\/www.zebemusic.com\/de\/product\/gospelgottesdienst\/#breadcrumb","itemListElement":[{"@type":"ListItem","position":1,"name":"Shop","item":"https:\/\/www.zebemusic.com\/de\/shop-2\/"},{"@type":"ListItem","position":2,"name":"Glory to God! &#8211; Gospel liturgisch."}]},{"@type":"WebSite","@id":"https:\/\/www.zebemusic.com\/de\/#website","url":"https:\/\/www.zebemusic.com\/de\/","name":"ZebeMusic","description":"makes you sing.","publisher":{"@id":"https:\/\/www.zebemusic.com\/de\/#organization"},"alternateName":"Gospelnoten & Kindermusicals","potentialAction":[{"@type":"SearchAction","target":{"@type":"EntryPoint","urlTemplate":"https:\/\/www.zebemusic.com\/de\/?s={search_term_string}"},"query-input":{"@type":"PropertyValueSpecification","valueRequired":true,"valueName":"search_term_string"}}],"inLanguage":"de-DE"},{"@type":"Organization","@id":"https:\/\/www.zebemusic.com\/de\/#organization","name":"ZebeMusic","url":"https:\/\/www.zebemusic.com\/de\/","logo":{"@type":"ImageObject","inLanguage":"de-DE","@id":"https:\/\/www.zebemusic.com\/de\/#\/schema\/logo\/image\/","url":"https:\/\/www.zebemusic.com\/wp-content\/uploads\/2025\/10\/ZEBE-Logo_ZW-makesyousing.jpg","contentUrl":"https:\/\/www.zebemusic.com\/wp-content\/uploads\/2025\/10\/ZEBE-Logo_ZW-makesyousing.jpg","width":2212,"height":958,"caption":"ZebeMusic"},"image":{"@id":"https:\/\/www.zebemusic.com\/de\/#\/schema\/logo\/image\/"},"sameAs":["https:\/\/www.facebook.com\/zebemusic","https:\/\/www.instagram.com\/zebemusic","https:\/\/www.youtube.com\/zebemusicberlin"]}]}},"_links":{"self":[{"href":"https:\/\/www.zebemusic.com\/de\/wp-json\/wp\/v2\/product\/4885","targetHints":{"allow":["GET"]}}],"collection":[{"href":"https:\/\/www.zebemusic.com\/de\/wp-json\/wp\/v2\/product"}],"about":[{"href":"https:\/\/www.zebemusic.com\/de\/wp-json\/wp\/v2\/types\/product"}],"wp:featuredmedia":[{"embeddable":true,"href":"https:\/\/www.zebemusic.com\/de\/wp-json\/wp\/v2\/media\/22180"}],"wp:attachment":[{"href":"https:\/\/www.zebemusic.com\/de\/wp-json\/wp\/v2\/media?parent=4885"}],"wp:term":[{"taxonomy":"product_brand","embeddable":true,"href":"https:\/\/www.zebemusic.com\/de\/wp-json\/wp\/v2\/product_brand?post=4885"},{"taxonomy":"product_cat","embeddable":true,"href":"https:\/\/www.zebemusic.com\/de\/wp-json\/wp\/v2\/product_cat?post=4885"},{"taxonomy":"product_tag","embeddable":true,"href":"https:\/\/www.zebemusic.com\/de\/wp-json\/wp\/v2\/product_tag?post=4885"}],"curies":[{"name":"wp","href":"https:\/\/api.w.org\/{rel}","templated":true}]}}