{"id":5578,"date":"2015-02-27T16:33:47","date_gmt":"2015-02-27T14:33:47","guid":{"rendered":"http:\/\/neu.zebemusic.com\/?post_type=product&#038;p=5578"},"modified":"2025-10-03T21:29:40","modified_gmt":"2025-10-03T20:29:40","slug":"gospeltexte","status":"publish","type":"product","link":"https:\/\/www.zebemusic.com\/de\/product\/gospeltexte\/","title":{"rendered":"100 Gospeltexte <br><small>\u00dcbertragungen Englisch-Deutsch \u2b07\ufe0f<\/small>"},"content":{"rendered":"<p>Gospeltexte, von \u201eAmazing Grace\u201d bis \u201eWhen The Stars Begin To Fall\u201d &#8211; hier sind 100 Texte und ihre \u00dcbertragungen in die deutsche Sprache zu finden.<br \/>\nEs ist damit gleichzeitig ein umfangreiches Nachschlagewerk und gut geeignet zum Lernen der Texte f\u00fcr Chorleiter und S\u00e4nger, f\u00fcr Erl\u00e4uterungen bei Auftritten und zum allgemeinen Verst\u00e4ndnis der Liedtexte. Es wird auf Bibelstellen verwiesen und somit der inhaltliche Zusammenhang verdeutlicht.<\/p>\n<p>Eine thematische \u00dcbersicht der Lieder hilft, zu verschiedenen Gelegenheiten schnell das richtige Lied zu finden. In dieser Ausgabe befinden sich alle Gospeltexte der <a href=\"https:\/\/www.zebemusic.com\/de\/product\/the-ultimate-gospel-choir-book-1\/\">Gospel Choir Books<\/a> 1-4 sowie der &#8220;<a href=\"https:\/\/www.zebemusic.com\/de\/product\/weihnachtsgospel\/\">Christmas Collection<\/a>&#8220;.<\/p>\n<p>&nbsp;<\/p>\n<p><strong>\u201cSehr zu begr\u00fc\u00dfen. Gibt die M\u00f6glichkeit, sich schnell \u00fcber den Inhalt des zu singenden St\u00fccks zu informieren.<br \/>\nKann gut unabh\u00e4ngig von den \u00fcbrigen B\u00e4nden verwendet werden, da ein gro\u00dfer Teil des g\u00e4ngigen Gospel- und Spiritualrepertoires abgedeckt wird.\u201d<br \/>\n<\/strong>(Musik &amp; Gottesdienst)<strong><br \/>\n<\/strong><\/p>\n<p>&nbsp;<\/p>\n<hr \/>\n<p>\u2022 <strong>Download als PDF <\/strong>(A5, 56 Seiten), \u20ac 3,99<\/p>\n","protected":false},"excerpt":{"rendered":"<p>Von \u201eAmazing Grace\u201d bis \u201eWhen The Stars Begin To Fall\u201d &#8211; hier sind 100 Texte und ihre \u00dcbertragungen in die deutsche Sprache zu finden.<br \/>\nEs ist damit gleichzeitig ein umfangreiches Nachschlagewerk und gut geeignet zum Lernen der Texte f\u00fcr Chorleiter und S\u00e4nger, f\u00fcr Erl\u00e4uterungen bei Auftritten und zum allgemeinen Verst\u00e4ndnis der Liedtexte. Es wird auf Bibelstellen verwiesen und somit der inhaltliche Zusammenhang verdeutlicht.<\/p>\n<p>Eine thematische \u00dcbersicht der Lieder hilft, zu verschiedenen Gelegenheiten schnell das richtige Lied zu finden. In dieser Ausgabe befinden sich alle Liedtexte der Gospel Choir Books 1-4 sowie der &#8220;Christmas Collection&#8221;.<\/p>\n<p>&nbsp;<\/p>\n<p style=\"padding-left: 30px;\"><strong><span style=\"color: #993300;\">\u201cSehr zu begr\u00fc\u00dfen. Gibt die M\u00f6glichkeit, sich schnell \u00fcber den Inhalt des zu singenden St\u00fccks zu informieren.<br \/>\nKann gut unabh\u00e4ngig von den \u00fcbrigen B\u00e4nden verwendet werden, da ein gro\u00dfer Teil des g\u00e4ngigen Gospel- und Spiritualrepertoires abgedeckt wird.\u201d<br \/>\n<\/span><\/strong><span style=\"color: #993300;\">(Musik &amp; Gottesdienst)<\/span><strong><span style=\"color: #993300;\"><br \/>\n<\/span><\/strong><\/p>\n<p>&nbsp;<\/p>\n<hr \/>\n<p>\u2022 <strong>Download als PDF <\/strong>(A5, 56 Seiten), \u20ac 3,99<\/p>\n","protected":false},"featured_media":124,"template":"","meta":{"_acf_changed":false},"product_brand":[],"product_cat":[13,301],"product_tag":[151],"class_list":{"0":"post-5578","1":"product","2":"type-product","3":"status-publish","4":"has-post-thumbnail","6":"product_cat-gospel","7":"product_cat-music-download","8":"product_tag-zebe","9":"pa_language-deutsch","10":"pa_language-englisch","11":"pa_others-bestseller","12":"pa_others-downloads-de","13":"pa_others-sammlungen","14":"pa_variation-pdf-download-de","15":"pa_voicing-texte","17":"first","18":"instock","19":"taxable","20":"shipping-taxable","21":"purchasable","22":"product-type-variable","23":"has-default-attributes"},"acf":[],"yoast_head":"<!-- This site is optimized with the Yoast SEO plugin v27.5 - https:\/\/yoast.com\/product\/yoast-seo-wordpress\/ -->\n<title>Gospeltexte und \u00dcbertragungen ins Deutsche<\/title>\n<meta name=\"description\" content=\"Von \u201eAmazing Grace\u201d bis \u201eWhen The Stars Begin To Fall\u201d \u2013 hier sind 100 Gospeltexte im englischsprachigen Original und deren \u00dcbertragungen ins Deutsche zu finden!\" \/>\n<meta name=\"robots\" content=\"index, follow, max-snippet:-1, max-image-preview:large, max-video-preview:-1\" \/>\n<link rel=\"canonical\" href=\"https:\/\/www.zebemusic.com\/de\/product\/gospeltexte\/\" \/>\n<meta property=\"og:locale\" content=\"de_DE\" \/>\n<meta property=\"og:type\" content=\"article\" \/>\n<meta property=\"og:title\" content=\"Gospeltexte und \u00dcbertragungen ins Deutsche\" \/>\n<meta property=\"og:description\" content=\"Von \u201eAmazing Grace\u201d bis \u201eWhen The Stars Begin To Fall\u201d \u2013 hier sind 100 Gospeltexte im englischsprachigen Original und deren \u00dcbertragungen ins Deutsche zu finden!\" \/>\n<meta property=\"og:url\" content=\"https:\/\/www.zebemusic.com\/de\/product\/gospeltexte\/\" \/>\n<meta property=\"og:site_name\" content=\"ZebeMusic\" \/>\n<meta property=\"article:publisher\" content=\"https:\/\/www.facebook.com\/zebemusic\" \/>\n<meta property=\"article:modified_time\" content=\"2025-10-03T20:29:40+00:00\" \/>\n<meta property=\"og:image\" content=\"https:\/\/www.zebemusic.com\/wp-content\/uploads\/2013\/08\/ZEBE1299.jpg\" \/>\n\t<meta property=\"og:image:width\" content=\"359\" \/>\n\t<meta property=\"og:image:height\" content=\"500\" \/>\n\t<meta property=\"og:image:type\" content=\"image\/jpeg\" \/>\n<meta name=\"twitter:card\" content=\"summary_large_image\" \/>\n<meta name=\"twitter:label1\" content=\"Est. reading time\" \/>\n\t<meta name=\"twitter:data1\" content=\"1 minute\" \/>\n<script type=\"application\/ld+json\" class=\"yoast-schema-graph\">{\"@context\":\"https:\\\/\\\/schema.org\",\"@graph\":[{\"@type\":\"WebPage\",\"@id\":\"https:\\\/\\\/www.zebemusic.com\\\/de\\\/product\\\/gospeltexte\\\/\",\"url\":\"https:\\\/\\\/www.zebemusic.com\\\/de\\\/product\\\/gospeltexte\\\/\",\"name\":\"Gospeltexte und \u00dcbertragungen ins Deutsche\",\"isPartOf\":{\"@id\":\"https:\\\/\\\/www.zebemusic.com\\\/de\\\/#website\"},\"primaryImageOfPage\":{\"@id\":\"https:\\\/\\\/www.zebemusic.com\\\/de\\\/product\\\/gospeltexte\\\/#primaryimage\"},\"image\":{\"@id\":\"https:\\\/\\\/www.zebemusic.com\\\/de\\\/product\\\/gospeltexte\\\/#primaryimage\"},\"thumbnailUrl\":\"https:\\\/\\\/www.zebemusic.com\\\/wp-content\\\/uploads\\\/2013\\\/08\\\/ZEBE1299.jpg\",\"datePublished\":\"2015-02-27T14:33:47+00:00\",\"dateModified\":\"2025-10-03T20:29:40+00:00\",\"description\":\"Von \u201eAmazing Grace\u201d bis \u201eWhen The Stars Begin To Fall\u201d \u2013 hier sind 100 Gospeltexte im englischsprachigen Original und deren \u00dcbertragungen ins Deutsche zu finden!\",\"breadcrumb\":{\"@id\":\"https:\\\/\\\/www.zebemusic.com\\\/de\\\/product\\\/gospeltexte\\\/#breadcrumb\"},\"inLanguage\":\"de-DE\",\"potentialAction\":[{\"@type\":\"ReadAction\",\"target\":[\"https:\\\/\\\/www.zebemusic.com\\\/de\\\/product\\\/gospeltexte\\\/\"]}]},{\"@type\":\"ImageObject\",\"inLanguage\":\"de-DE\",\"@id\":\"https:\\\/\\\/www.zebemusic.com\\\/de\\\/product\\\/gospeltexte\\\/#primaryimage\",\"url\":\"https:\\\/\\\/www.zebemusic.com\\\/wp-content\\\/uploads\\\/2013\\\/08\\\/ZEBE1299.jpg\",\"contentUrl\":\"https:\\\/\\\/www.zebemusic.com\\\/wp-content\\\/uploads\\\/2013\\\/08\\\/ZEBE1299.jpg\",\"width\":359,\"height\":500,\"caption\":\"Gospeltexte\"},{\"@type\":\"BreadcrumbList\",\"@id\":\"https:\\\/\\\/www.zebemusic.com\\\/de\\\/product\\\/gospeltexte\\\/#breadcrumb\",\"itemListElement\":[{\"@type\":\"ListItem\",\"position\":1,\"name\":\"Shop\",\"item\":\"https:\\\/\\\/www.zebemusic.com\\\/de\\\/shop-2\\\/\"},{\"@type\":\"ListItem\",\"position\":2,\"name\":\"100 Gospeltexte \u00dcbertragungen Englisch-Deutsch \u2b07\ufe0f\"}]},{\"@type\":\"WebSite\",\"@id\":\"https:\\\/\\\/www.zebemusic.com\\\/de\\\/#website\",\"url\":\"https:\\\/\\\/www.zebemusic.com\\\/de\\\/\",\"name\":\"ZebeMusic\",\"description\":\"makes you sing.\",\"publisher\":{\"@id\":\"https:\\\/\\\/www.zebemusic.com\\\/de\\\/#organization\"},\"alternateName\":\"Gospelnoten & Kindermusicals\",\"potentialAction\":[{\"@type\":\"SearchAction\",\"target\":{\"@type\":\"EntryPoint\",\"urlTemplate\":\"https:\\\/\\\/www.zebemusic.com\\\/de\\\/?s={search_term_string}\"},\"query-input\":{\"@type\":\"PropertyValueSpecification\",\"valueRequired\":true,\"valueName\":\"search_term_string\"}}],\"inLanguage\":\"de-DE\"},{\"@type\":\"Organization\",\"@id\":\"https:\\\/\\\/www.zebemusic.com\\\/de\\\/#organization\",\"name\":\"ZebeMusic\",\"url\":\"https:\\\/\\\/www.zebemusic.com\\\/de\\\/\",\"logo\":{\"@type\":\"ImageObject\",\"inLanguage\":\"de-DE\",\"@id\":\"https:\\\/\\\/www.zebemusic.com\\\/de\\\/#\\\/schema\\\/logo\\\/image\\\/\",\"url\":\"https:\\\/\\\/www.zebemusic.com\\\/wp-content\\\/uploads\\\/2025\\\/10\\\/ZEBE-Logo_ZW-makesyousing.jpg\",\"contentUrl\":\"https:\\\/\\\/www.zebemusic.com\\\/wp-content\\\/uploads\\\/2025\\\/10\\\/ZEBE-Logo_ZW-makesyousing.jpg\",\"width\":2212,\"height\":958,\"caption\":\"ZebeMusic\"},\"image\":{\"@id\":\"https:\\\/\\\/www.zebemusic.com\\\/de\\\/#\\\/schema\\\/logo\\\/image\\\/\"},\"sameAs\":[\"https:\\\/\\\/www.facebook.com\\\/zebemusic\",\"https:\\\/\\\/www.instagram.com\\\/zebemusic\",\"https:\\\/\\\/www.youtube.com\\\/zebemusicberlin\"]}]}<\/script>\n<!-- \/ Yoast SEO plugin. -->","yoast_head_json":{"title":"Gospeltexte und \u00dcbertragungen ins Deutsche","description":"Von \u201eAmazing Grace\u201d bis \u201eWhen The Stars Begin To Fall\u201d \u2013 hier sind 100 Gospeltexte im englischsprachigen Original und deren \u00dcbertragungen ins Deutsche zu finden!","robots":{"index":"index","follow":"follow","max-snippet":"max-snippet:-1","max-image-preview":"max-image-preview:large","max-video-preview":"max-video-preview:-1"},"canonical":"https:\/\/www.zebemusic.com\/de\/product\/gospeltexte\/","og_locale":"de_DE","og_type":"article","og_title":"Gospeltexte und \u00dcbertragungen ins Deutsche","og_description":"Von \u201eAmazing Grace\u201d bis \u201eWhen The Stars Begin To Fall\u201d \u2013 hier sind 100 Gospeltexte im englischsprachigen Original und deren \u00dcbertragungen ins Deutsche zu finden!","og_url":"https:\/\/www.zebemusic.com\/de\/product\/gospeltexte\/","og_site_name":"ZebeMusic","article_publisher":"https:\/\/www.facebook.com\/zebemusic","article_modified_time":"2025-10-03T20:29:40+00:00","og_image":[{"width":359,"height":500,"url":"https:\/\/www.zebemusic.com\/wp-content\/uploads\/2013\/08\/ZEBE1299.jpg","type":"image\/jpeg"}],"twitter_card":"summary_large_image","twitter_misc":{"Est. reading time":"1 minute"},"schema":{"@context":"https:\/\/schema.org","@graph":[{"@type":"WebPage","@id":"https:\/\/www.zebemusic.com\/de\/product\/gospeltexte\/","url":"https:\/\/www.zebemusic.com\/de\/product\/gospeltexte\/","name":"Gospeltexte und \u00dcbertragungen ins Deutsche","isPartOf":{"@id":"https:\/\/www.zebemusic.com\/de\/#website"},"primaryImageOfPage":{"@id":"https:\/\/www.zebemusic.com\/de\/product\/gospeltexte\/#primaryimage"},"image":{"@id":"https:\/\/www.zebemusic.com\/de\/product\/gospeltexte\/#primaryimage"},"thumbnailUrl":"https:\/\/www.zebemusic.com\/wp-content\/uploads\/2013\/08\/ZEBE1299.jpg","datePublished":"2015-02-27T14:33:47+00:00","dateModified":"2025-10-03T20:29:40+00:00","description":"Von \u201eAmazing Grace\u201d bis \u201eWhen The Stars Begin To Fall\u201d \u2013 hier sind 100 Gospeltexte im englischsprachigen Original und deren \u00dcbertragungen ins Deutsche zu finden!","breadcrumb":{"@id":"https:\/\/www.zebemusic.com\/de\/product\/gospeltexte\/#breadcrumb"},"inLanguage":"de-DE","potentialAction":[{"@type":"ReadAction","target":["https:\/\/www.zebemusic.com\/de\/product\/gospeltexte\/"]}]},{"@type":"ImageObject","inLanguage":"de-DE","@id":"https:\/\/www.zebemusic.com\/de\/product\/gospeltexte\/#primaryimage","url":"https:\/\/www.zebemusic.com\/wp-content\/uploads\/2013\/08\/ZEBE1299.jpg","contentUrl":"https:\/\/www.zebemusic.com\/wp-content\/uploads\/2013\/08\/ZEBE1299.jpg","width":359,"height":500,"caption":"Gospeltexte"},{"@type":"BreadcrumbList","@id":"https:\/\/www.zebemusic.com\/de\/product\/gospeltexte\/#breadcrumb","itemListElement":[{"@type":"ListItem","position":1,"name":"Shop","item":"https:\/\/www.zebemusic.com\/de\/shop-2\/"},{"@type":"ListItem","position":2,"name":"100 Gospeltexte \u00dcbertragungen Englisch-Deutsch \u2b07\ufe0f"}]},{"@type":"WebSite","@id":"https:\/\/www.zebemusic.com\/de\/#website","url":"https:\/\/www.zebemusic.com\/de\/","name":"ZebeMusic","description":"makes you sing.","publisher":{"@id":"https:\/\/www.zebemusic.com\/de\/#organization"},"alternateName":"Gospelnoten & Kindermusicals","potentialAction":[{"@type":"SearchAction","target":{"@type":"EntryPoint","urlTemplate":"https:\/\/www.zebemusic.com\/de\/?s={search_term_string}"},"query-input":{"@type":"PropertyValueSpecification","valueRequired":true,"valueName":"search_term_string"}}],"inLanguage":"de-DE"},{"@type":"Organization","@id":"https:\/\/www.zebemusic.com\/de\/#organization","name":"ZebeMusic","url":"https:\/\/www.zebemusic.com\/de\/","logo":{"@type":"ImageObject","inLanguage":"de-DE","@id":"https:\/\/www.zebemusic.com\/de\/#\/schema\/logo\/image\/","url":"https:\/\/www.zebemusic.com\/wp-content\/uploads\/2025\/10\/ZEBE-Logo_ZW-makesyousing.jpg","contentUrl":"https:\/\/www.zebemusic.com\/wp-content\/uploads\/2025\/10\/ZEBE-Logo_ZW-makesyousing.jpg","width":2212,"height":958,"caption":"ZebeMusic"},"image":{"@id":"https:\/\/www.zebemusic.com\/de\/#\/schema\/logo\/image\/"},"sameAs":["https:\/\/www.facebook.com\/zebemusic","https:\/\/www.instagram.com\/zebemusic","https:\/\/www.youtube.com\/zebemusicberlin"]}]}},"_links":{"self":[{"href":"https:\/\/www.zebemusic.com\/de\/wp-json\/wp\/v2\/product\/5578","targetHints":{"allow":["GET"]}}],"collection":[{"href":"https:\/\/www.zebemusic.com\/de\/wp-json\/wp\/v2\/product"}],"about":[{"href":"https:\/\/www.zebemusic.com\/de\/wp-json\/wp\/v2\/types\/product"}],"wp:featuredmedia":[{"embeddable":true,"href":"https:\/\/www.zebemusic.com\/de\/wp-json\/wp\/v2\/media\/124"}],"wp:attachment":[{"href":"https:\/\/www.zebemusic.com\/de\/wp-json\/wp\/v2\/media?parent=5578"}],"wp:term":[{"taxonomy":"product_brand","embeddable":true,"href":"https:\/\/www.zebemusic.com\/de\/wp-json\/wp\/v2\/product_brand?post=5578"},{"taxonomy":"product_cat","embeddable":true,"href":"https:\/\/www.zebemusic.com\/de\/wp-json\/wp\/v2\/product_cat?post=5578"},{"taxonomy":"product_tag","embeddable":true,"href":"https:\/\/www.zebemusic.com\/de\/wp-json\/wp\/v2\/product_tag?post=5578"}],"curies":[{"name":"wp","href":"https:\/\/api.w.org\/{rel}","templated":true}]}}