{"id":5736,"date":"2015-03-09T15:48:38","date_gmt":"2015-03-09T13:48:38","guid":{"rendered":"http:\/\/neu.zebemusic.com\/produkt\/einzelausgaben\/awesome-god\/"},"modified":"2025-11-06T15:41:27","modified_gmt":"2025-11-06T14:41:27","slug":"awesome-god","status":"publish","type":"product","link":"https:\/\/www.zebemusic.com\/de\/product\/awesome-god\/","title":{"rendered":"Awesome God  \u2b07\ufe0f"},"content":{"rendered":"<p>schlenkermusic Awesome God<\/p>\n","protected":false},"excerpt":{"rendered":"<p>Ein Highlight f\u00fcr S\u00e4ngerInnen und Publikum im Spiritual-Style.<br \/>\nHier erhalten Sie die Ausgaben mit dem Gesangssatz des Songs von Niko Schlenker.<br \/>\nErg\u00e4nzen l\u00e4sst sich der Chorsatz durch Percussions oder durch Bodypercussion der Chors\u00e4ngerInnen &#8211; <em>Stomp, Snap, Clap!<\/em><\/p>\n<p>Neu sind die Ausgaben f\u00fcr Frauen- und M\u00e4nnerchor!<\/p>\n<p style=\"text-align: center;\"><iframe loading=\"lazy\" src=\"https:\/\/www.youtube.com\/embed\/MQGMmzDDV4E\" width=\"350\" height=\"200\" frameborder=\"0\" allowfullscreen=\"allowfullscreen\"><\/iframe>\u00a0\u00a0\u00a0 <iframe loading=\"lazy\" title=\"YouTube video player\" src=\"https:\/\/www.youtube.com\/embed\/v9p5NSS6Y7o?si=b059fezjGgCzDfmz\" width=\"350\" height=\"200\" frameborder=\"0\" allowfullscreen=\"allowfullscreen\"><\/iframe><\/p>\n<p>&nbsp;<\/p>\n<p>&nbsp;<\/p>\n<hr \/>\n<p><strong>\u2022 Gemischter Chor <\/strong>S.A.T.B. a cappella aus <a title=\"Reasons\" href=\"\/reasons\">Reasons<\/a> \/ <a title=\"Sing Hallelujah!\" href=\"\/sing-hallelujah\">Sing Hallelujah!<\/a>, ZE 4031, Druckausgabe: \u20ac 1,50 \/ PDF-Download: \u20ac 1,49<br \/>\n<strong>\u2022 Frauenchor <\/strong>S.S.A.A. a cappella, ZE 9027, Druckausgabe: \u20ac 1,90 \/ PDF-Download: \u20ac 1,49<br \/>\n<strong>\u2022 M\u00e4nnerchor <\/strong>T.T.B.B.B. a cappella, ZE 9028, Druckausgabe: \u20ac 1,90 \/ PDF-Download: \u20ac 1,49<\/p>\n<p>Bitte bestellen Sie die Anzahl Ihrer Chors\u00e4ngerinnen und -s\u00e4nger, <strong>mindestens aber 15 Exemplare<\/strong>.<\/p>\n<p>&nbsp;<\/p>\n","protected":false},"featured_media":20602,"template":"","meta":{"_acf_changed":false},"product_brand":[],"product_cat":[311,13,1515],"product_tag":[153,307,166,156,636],"class_list":{"0":"post-5736","1":"product","2":"type-product","3":"status-publish","4":"has-post-thumbnail","6":"product_cat-einzelausgaben","7":"product_cat-gospel","8":"product_cat-minimum-quantity","9":"product_tag-a-cappella","10":"product_tag-ea","11":"product_tag-frauenchor","12":"product_tag-frauen","13":"product_tag-messe","14":"pa_diff-mittel","15":"pa_language-englisch","16":"pa_occ-angst-und-vertrauen","17":"pa_occ-biblische-geschichten","18":"pa_occ-lobpreis","19":"pa_others-bestseller","20":"pa_others-downloads-de","21":"pa_others-einzelausgaben","22":"pa_style-genre-gospel-de","23":"pa_style-genre-spiritual-de","24":"pa_style-genre-traditional-gospel-style-de","25":"pa_variation-satb-druckausgabe","26":"pa_variation-satb-pdf-downoad","27":"pa_variation-ssaa-druckausgabe","28":"pa_variation-ssaa-pdf-downoad","29":"pa_variation-ttbbb-druckausgabe","30":"pa_variation-ttbbb-pdf-downoad","31":"pa_voicing-acappella-de","32":"pa_voicing-frauenchor","33":"pa_voicing-maennerchor","34":"pa_voicing-sa-de","35":"pa_voicing-satb-de","36":"pa_voicing-ssaa-de","37":"pa_voicing-ttbbb-de","39":"first","40":"instock","41":"taxable","42":"shipping-taxable","43":"purchasable","44":"product-type-variable","45":"has-default-attributes"},"acf":[],"yoast_head":"<!-- This site is optimized with the Yoast SEO plugin v27.4 - https:\/\/yoast.com\/product\/yoast-seo-wordpress\/ -->\n<title>Awesome God \u2b07\ufe0f (Gospel a cappella) by Niko Schlenker<\/title>\n<meta name=\"description\" content=\"Beliebter A-cappella-Song im Spiritual-Stil! Gemischter Chor \/ Frauenchor \/ M\u00e4nnerchor . Awesome God PDF-Download!\" \/>\n<meta name=\"robots\" content=\"index, follow, max-snippet:-1, max-image-preview:large, max-video-preview:-1\" \/>\n<link rel=\"canonical\" href=\"https:\/\/www.zebemusic.com\/de\/product\/awesome-god\/\" \/>\n<meta property=\"og:locale\" content=\"de_DE\" \/>\n<meta property=\"og:type\" content=\"article\" \/>\n<meta property=\"og:title\" content=\"Awesome God \u2b07\ufe0f (Gospel a cappella) by Niko Schlenker\" \/>\n<meta property=\"og:description\" content=\"Beliebter A-cappella-Song im Spiritual-Stil! Gemischter Chor \/ Frauenchor \/ M\u00e4nnerchor . Awesome God PDF-Download!\" \/>\n<meta property=\"og:url\" content=\"https:\/\/www.zebemusic.com\/de\/product\/awesome-god\/\" \/>\n<meta property=\"og:site_name\" content=\"ZebeMusic\" \/>\n<meta property=\"article:publisher\" content=\"https:\/\/www.facebook.com\/zebemusic\" \/>\n<meta property=\"article:modified_time\" content=\"2025-11-06T14:41:27+00:00\" \/>\n<meta property=\"og:image\" content=\"https:\/\/www.zebemusic.com\/wp-content\/uploads\/2024\/01\/9027-cover.jpg\" \/>\n\t<meta property=\"og:image:width\" content=\"354\" \/>\n\t<meta property=\"og:image:height\" content=\"500\" \/>\n\t<meta property=\"og:image:type\" content=\"image\/jpeg\" \/>\n<meta name=\"twitter:card\" content=\"summary_large_image\" \/>\n<meta name=\"twitter:label1\" content=\"Est. reading time\" \/>\n\t<meta name=\"twitter:data1\" content=\"1 minute\" \/>\n<script type=\"application\/ld+json\" class=\"yoast-schema-graph\">{\"@context\":\"https:\\\/\\\/schema.org\",\"@graph\":[{\"@type\":\"WebPage\",\"@id\":\"https:\\\/\\\/www.zebemusic.com\\\/de\\\/product\\\/awesome-god\\\/\",\"url\":\"https:\\\/\\\/www.zebemusic.com\\\/de\\\/product\\\/awesome-god\\\/\",\"name\":\"Awesome God \u2b07\ufe0f (Gospel a cappella) by Niko Schlenker\",\"isPartOf\":{\"@id\":\"https:\\\/\\\/www.zebemusic.com\\\/de\\\/#website\"},\"primaryImageOfPage\":{\"@id\":\"https:\\\/\\\/www.zebemusic.com\\\/de\\\/product\\\/awesome-god\\\/#primaryimage\"},\"image\":{\"@id\":\"https:\\\/\\\/www.zebemusic.com\\\/de\\\/product\\\/awesome-god\\\/#primaryimage\"},\"thumbnailUrl\":\"https:\\\/\\\/www.zebemusic.com\\\/wp-content\\\/uploads\\\/2024\\\/01\\\/9027-cover.jpg\",\"datePublished\":\"2015-03-09T13:48:38+00:00\",\"dateModified\":\"2025-11-06T14:41:27+00:00\",\"description\":\"Beliebter A-cappella-Song im Spiritual-Stil! Gemischter Chor \\\/ Frauenchor \\\/ M\u00e4nnerchor . Awesome God PDF-Download!\",\"breadcrumb\":{\"@id\":\"https:\\\/\\\/www.zebemusic.com\\\/de\\\/product\\\/awesome-god\\\/#breadcrumb\"},\"inLanguage\":\"de-DE\",\"potentialAction\":[{\"@type\":\"ReadAction\",\"target\":[\"https:\\\/\\\/www.zebemusic.com\\\/de\\\/product\\\/awesome-god\\\/\"]}]},{\"@type\":\"ImageObject\",\"inLanguage\":\"de-DE\",\"@id\":\"https:\\\/\\\/www.zebemusic.com\\\/de\\\/product\\\/awesome-god\\\/#primaryimage\",\"url\":\"https:\\\/\\\/www.zebemusic.com\\\/wp-content\\\/uploads\\\/2024\\\/01\\\/9027-cover.jpg\",\"contentUrl\":\"https:\\\/\\\/www.zebemusic.com\\\/wp-content\\\/uploads\\\/2024\\\/01\\\/9027-cover.jpg\",\"width\":354,\"height\":500},{\"@type\":\"BreadcrumbList\",\"@id\":\"https:\\\/\\\/www.zebemusic.com\\\/de\\\/product\\\/awesome-god\\\/#breadcrumb\",\"itemListElement\":[{\"@type\":\"ListItem\",\"position\":1,\"name\":\"Shop\",\"item\":\"https:\\\/\\\/www.zebemusic.com\\\/de\\\/shop-2\\\/\"},{\"@type\":\"ListItem\",\"position\":2,\"name\":\"Awesome God \u2b07\ufe0f\"}]},{\"@type\":\"WebSite\",\"@id\":\"https:\\\/\\\/www.zebemusic.com\\\/de\\\/#website\",\"url\":\"https:\\\/\\\/www.zebemusic.com\\\/de\\\/\",\"name\":\"ZebeMusic\",\"description\":\"makes you sing.\",\"publisher\":{\"@id\":\"https:\\\/\\\/www.zebemusic.com\\\/de\\\/#organization\"},\"alternateName\":\"Gospelnoten & Kindermusicals\",\"potentialAction\":[{\"@type\":\"SearchAction\",\"target\":{\"@type\":\"EntryPoint\",\"urlTemplate\":\"https:\\\/\\\/www.zebemusic.com\\\/de\\\/?s={search_term_string}\"},\"query-input\":{\"@type\":\"PropertyValueSpecification\",\"valueRequired\":true,\"valueName\":\"search_term_string\"}}],\"inLanguage\":\"de-DE\"},{\"@type\":\"Organization\",\"@id\":\"https:\\\/\\\/www.zebemusic.com\\\/de\\\/#organization\",\"name\":\"ZebeMusic\",\"url\":\"https:\\\/\\\/www.zebemusic.com\\\/de\\\/\",\"logo\":{\"@type\":\"ImageObject\",\"inLanguage\":\"de-DE\",\"@id\":\"https:\\\/\\\/www.zebemusic.com\\\/de\\\/#\\\/schema\\\/logo\\\/image\\\/\",\"url\":\"https:\\\/\\\/www.zebemusic.com\\\/wp-content\\\/uploads\\\/2025\\\/10\\\/ZEBE-Logo_ZW-makesyousing.jpg\",\"contentUrl\":\"https:\\\/\\\/www.zebemusic.com\\\/wp-content\\\/uploads\\\/2025\\\/10\\\/ZEBE-Logo_ZW-makesyousing.jpg\",\"width\":2212,\"height\":958,\"caption\":\"ZebeMusic\"},\"image\":{\"@id\":\"https:\\\/\\\/www.zebemusic.com\\\/de\\\/#\\\/schema\\\/logo\\\/image\\\/\"},\"sameAs\":[\"https:\\\/\\\/www.facebook.com\\\/zebemusic\",\"https:\\\/\\\/www.instagram.com\\\/zebemusic\",\"https:\\\/\\\/www.youtube.com\\\/zebemusicberlin\"]}]}<\/script>\n<!-- \/ Yoast SEO plugin. -->","yoast_head_json":{"title":"Awesome God \u2b07\ufe0f (Gospel a cappella) by Niko Schlenker","description":"Beliebter A-cappella-Song im Spiritual-Stil! Gemischter Chor \/ Frauenchor \/ M\u00e4nnerchor . Awesome God PDF-Download!","robots":{"index":"index","follow":"follow","max-snippet":"max-snippet:-1","max-image-preview":"max-image-preview:large","max-video-preview":"max-video-preview:-1"},"canonical":"https:\/\/www.zebemusic.com\/de\/product\/awesome-god\/","og_locale":"de_DE","og_type":"article","og_title":"Awesome God \u2b07\ufe0f (Gospel a cappella) by Niko Schlenker","og_description":"Beliebter A-cappella-Song im Spiritual-Stil! Gemischter Chor \/ Frauenchor \/ M\u00e4nnerchor . Awesome God PDF-Download!","og_url":"https:\/\/www.zebemusic.com\/de\/product\/awesome-god\/","og_site_name":"ZebeMusic","article_publisher":"https:\/\/www.facebook.com\/zebemusic","article_modified_time":"2025-11-06T14:41:27+00:00","og_image":[{"width":354,"height":500,"url":"https:\/\/www.zebemusic.com\/wp-content\/uploads\/2024\/01\/9027-cover.jpg","type":"image\/jpeg"}],"twitter_card":"summary_large_image","twitter_misc":{"Est. reading time":"1 minute"},"schema":{"@context":"https:\/\/schema.org","@graph":[{"@type":"WebPage","@id":"https:\/\/www.zebemusic.com\/de\/product\/awesome-god\/","url":"https:\/\/www.zebemusic.com\/de\/product\/awesome-god\/","name":"Awesome God \u2b07\ufe0f (Gospel a cappella) by Niko Schlenker","isPartOf":{"@id":"https:\/\/www.zebemusic.com\/de\/#website"},"primaryImageOfPage":{"@id":"https:\/\/www.zebemusic.com\/de\/product\/awesome-god\/#primaryimage"},"image":{"@id":"https:\/\/www.zebemusic.com\/de\/product\/awesome-god\/#primaryimage"},"thumbnailUrl":"https:\/\/www.zebemusic.com\/wp-content\/uploads\/2024\/01\/9027-cover.jpg","datePublished":"2015-03-09T13:48:38+00:00","dateModified":"2025-11-06T14:41:27+00:00","description":"Beliebter A-cappella-Song im Spiritual-Stil! Gemischter Chor \/ Frauenchor \/ M\u00e4nnerchor . Awesome God PDF-Download!","breadcrumb":{"@id":"https:\/\/www.zebemusic.com\/de\/product\/awesome-god\/#breadcrumb"},"inLanguage":"de-DE","potentialAction":[{"@type":"ReadAction","target":["https:\/\/www.zebemusic.com\/de\/product\/awesome-god\/"]}]},{"@type":"ImageObject","inLanguage":"de-DE","@id":"https:\/\/www.zebemusic.com\/de\/product\/awesome-god\/#primaryimage","url":"https:\/\/www.zebemusic.com\/wp-content\/uploads\/2024\/01\/9027-cover.jpg","contentUrl":"https:\/\/www.zebemusic.com\/wp-content\/uploads\/2024\/01\/9027-cover.jpg","width":354,"height":500},{"@type":"BreadcrumbList","@id":"https:\/\/www.zebemusic.com\/de\/product\/awesome-god\/#breadcrumb","itemListElement":[{"@type":"ListItem","position":1,"name":"Shop","item":"https:\/\/www.zebemusic.com\/de\/shop-2\/"},{"@type":"ListItem","position":2,"name":"Awesome God \u2b07\ufe0f"}]},{"@type":"WebSite","@id":"https:\/\/www.zebemusic.com\/de\/#website","url":"https:\/\/www.zebemusic.com\/de\/","name":"ZebeMusic","description":"makes you sing.","publisher":{"@id":"https:\/\/www.zebemusic.com\/de\/#organization"},"alternateName":"Gospelnoten & Kindermusicals","potentialAction":[{"@type":"SearchAction","target":{"@type":"EntryPoint","urlTemplate":"https:\/\/www.zebemusic.com\/de\/?s={search_term_string}"},"query-input":{"@type":"PropertyValueSpecification","valueRequired":true,"valueName":"search_term_string"}}],"inLanguage":"de-DE"},{"@type":"Organization","@id":"https:\/\/www.zebemusic.com\/de\/#organization","name":"ZebeMusic","url":"https:\/\/www.zebemusic.com\/de\/","logo":{"@type":"ImageObject","inLanguage":"de-DE","@id":"https:\/\/www.zebemusic.com\/de\/#\/schema\/logo\/image\/","url":"https:\/\/www.zebemusic.com\/wp-content\/uploads\/2025\/10\/ZEBE-Logo_ZW-makesyousing.jpg","contentUrl":"https:\/\/www.zebemusic.com\/wp-content\/uploads\/2025\/10\/ZEBE-Logo_ZW-makesyousing.jpg","width":2212,"height":958,"caption":"ZebeMusic"},"image":{"@id":"https:\/\/www.zebemusic.com\/de\/#\/schema\/logo\/image\/"},"sameAs":["https:\/\/www.facebook.com\/zebemusic","https:\/\/www.instagram.com\/zebemusic","https:\/\/www.youtube.com\/zebemusicberlin"]}]}},"_links":{"self":[{"href":"https:\/\/www.zebemusic.com\/de\/wp-json\/wp\/v2\/product\/5736","targetHints":{"allow":["GET"]}}],"collection":[{"href":"https:\/\/www.zebemusic.com\/de\/wp-json\/wp\/v2\/product"}],"about":[{"href":"https:\/\/www.zebemusic.com\/de\/wp-json\/wp\/v2\/types\/product"}],"wp:featuredmedia":[{"embeddable":true,"href":"https:\/\/www.zebemusic.com\/de\/wp-json\/wp\/v2\/media\/20602"}],"wp:attachment":[{"href":"https:\/\/www.zebemusic.com\/de\/wp-json\/wp\/v2\/media?parent=5736"}],"wp:term":[{"taxonomy":"product_brand","embeddable":true,"href":"https:\/\/www.zebemusic.com\/de\/wp-json\/wp\/v2\/product_brand?post=5736"},{"taxonomy":"product_cat","embeddable":true,"href":"https:\/\/www.zebemusic.com\/de\/wp-json\/wp\/v2\/product_cat?post=5736"},{"taxonomy":"product_tag","embeddable":true,"href":"https:\/\/www.zebemusic.com\/de\/wp-json\/wp\/v2\/product_tag?post=5736"}],"curies":[{"name":"wp","href":"https:\/\/api.w.org\/{rel}","templated":true}]}}