{"id":5802,"date":"2015-03-10T14:59:03","date_gmt":"2015-03-10T12:59:03","guid":{"rendered":"http:\/\/neu.zebemusic.com\/produkt\/music-download\/new-day-new-song-songs-downloads-kopieren\/"},"modified":"2024-01-20T00:53:20","modified_gmt":"2024-01-19T23:53:20","slug":"new-day-new-song-downloads","status":"publish","type":"product","link":"https:\/\/www.zebemusic.com\/de\/product\/new-day-new-song-downloads\/","title":{"rendered":"<i>New Day &#8211; New Song <\/i><br><b>SONGS &#038; DOWNLOADS<\/b>"},"content":{"rendered":"","protected":false},"excerpt":{"rendered":"<p><span id=\"pic\">Zu den erh\u00e4ltlichen Noten und der CD des Albums &#8220;New Day &#8211; New Song&#8221; bieten wir Ihnen hier umfangreiches Material zum Dowmload an.<br \/>\nAu\u00dferdem kann jeder Song als gedruckte Einzelausgabe bestellt werden &#8211; in Chorst\u00e4rke ab 10 St\u00fcck.<br \/>\n<\/span><\/p>\n<p>Mp3-Dateien der H\u00f6r- und Playback-CD bekommen Sie hier zum g\u00fcnstigen Downloadpreis in bester Qualit\u00e4t mit 320kBit\/s. Die Playbacks eignen sich hervorragend f\u00fcr wirkungsvolle Auftritte ohne Band in Konzerten und Gottesdiensten aber auch f\u00fcr das Proben der Chor- oder Soloparts mit &#8220;voller&#8221; Besetzung. Das ist auch f\u00fcr die Singenden ein gro\u00dfes Erlebnis!<\/p>\n<p style=\"padding-left: 30px;\"><strong><em><span style=\"color: #993300;\">\u201c<em>Eing\u00e4ngig und mitrei\u00dfend.<\/em>\u201d<\/span><\/em><\/strong>\u00a0\u00a0 (Neue Musik-Zeitung)<\/p>\n<hr \/>\n<p><strong><span style=\"color: #717171;\">Text und Musik: <\/span><\/strong> <a href=\"\/nikoschlenker\">Niko Schlenker<\/a><br \/>\n<strong><span style=\"color: #717171;\">Besetzung:<\/span><\/strong> S.A.T.B.\/S.A.Bar., Pno.<br \/>\n<strong><span style=\"color: #717171;\">Schwierigkeitsgrad:<\/span><\/strong> mittel<\/p>\n<p><strong>H\u00f6rprobe: <\/strong><\/p>\n[audio ZEBE4040.mp3]\n<p>Playback:<\/p>\n[audio ZEBE4045.mp3]\n<hr \/>\n<p><strong>Erh\u00e4ltliche Ausf\u00fchrungen:<\/strong><\/p>\n<p><strong>\u2022 CD als mp3 <\/strong>\u20ac 7,99<br \/>\nThe Angels feat. Niko Schlenker, Lisa Shaw Lesch und Alain Missala!<\/p>\n<p><strong>\u2022 Playback-CD als mp3 <\/strong>\u20ac 19,99<br \/>\nAuf der Playback-CD sind alle Songs der Ausgabe in Originalbesetzung. Beste Soundqualit\u00e4t f\u00fcr Probe und Auftritt!<\/p>\n<p><strong>\u2022<\/strong> <strong>Einzelsongs: <\/strong><br \/>\nA New Song (Psalm 149)<br \/>\nAll The Praise (feat. Claudine Abusu)<br \/>\nCome Holy Spirit, Do You Know \u2013 Get New Life (feat. Lisa Shaw Lesch)<br \/>\nGreat King (feat. Claudine Abusu)<br \/>\nI\u2019ll Never Forget<br \/>\nLord You Are Good (feat. Buki Dominigos)<br \/>\nNew Day (feat. Elizabeth M\u00fcller)<br \/>\nPower Within (feat. Honor\u00e9 Haase)<br \/>\nWorship Song (feat. Claudine Abusu)<br \/>\nYou Show Me (feat. Elizabeth M\u00fcller)<br \/>\nDo You Know &#8211; Get New Life (feat. Honor\u00e9 Haase)<\/p>\n<p><strong>\u2022 <\/strong>Gesangsnoten je ab \u20ac 0,90 (nur in Chorst\u00e4rke!)<br \/>\n<strong>\u2022 <\/strong>H\u00f6r-mp3 je \u20ac 0,99<br \/>\n<strong>\u2022 <\/strong>Playback-mp3 je \u20ac 2,99<\/p>\n<p>&nbsp;<\/p>\n","protected":false},"featured_media":308,"template":"","meta":{"_acf_changed":false},"product_brand":[],"product_cat":[311,301],"product_tag":[195,307],"class_list":{"0":"post-5802","1":"product","2":"type-product","3":"status-publish","4":"has-post-thumbnail","6":"product_cat-einzelausgaben","7":"product_cat-music-download","8":"product_tag-downloads","9":"product_tag-ea","10":"pa_diff-mittel","11":"pa_diff-schwer","12":"pa_language-englisch","13":"pa_occ-abendmahl-kommunion","14":"pa_occ-angst-und-vertrauen","15":"pa_occ-beginn-und-abschied-segen","16":"pa_occ-besondere-anlaesse","17":"pa_occ-dankbarkeit","18":"pa_occ-lobpreis","19":"pa_occ-pfingsten","20":"pa_occ-taufe-und-zeugnis","21":"pa_others-downloads-de","22":"pa_others-einzelausgaben","23":"pa_style-genre-ballade","24":"pa_style-genre-gospel-de","25":"pa_style-genre-jazz-de","26":"pa_style-genre-latin-de","27":"pa_style-genre-lobpreis","28":"pa_style-genre-soul-funk-de","29":"pa_style-genre-traditional-gospel-style-de","30":"pa_style-genre-uptempo-de","31":"pa_style-genre-contemporary-de","32":"pa_variation-hoer-datei-mp3-download","33":"pa_variation-playback-datei-mp3-download","34":"pa_variation-a-new-song-psalm-149-hoerdatei","35":"pa_variation-a-new-song-psalm-149-notenausgabe","36":"pa_variation-a-new-song-psalm-149-notendownload","37":"pa_variation-a-new-song-psalm-149-playback","38":"pa_variation-all-the-praise-hoerdatei","39":"pa_variation-all-the-praise-notenausgabe","40":"pa_variation-all-the-praise-notendownload","41":"pa_variation-all-the-praise-playback","42":"pa_variation-come-holy-spirit-hoerdatei","43":"pa_variation-come-holy-spirit-notenausgabe","44":"pa_variation-come-holy-spirit-notendownload","45":"pa_variation-come-holy-spirit-playback","46":"pa_variation-do-you-know-get-new-life-hoerdatei","47":"pa_variation-do-you-know-get-new-life-notenausgabe","48":"pa_variation-do-you-know-get-new-life-notendownload","49":"pa_variation-do-you-know-get-new-life-playback","50":"pa_variation-great-king-hoerdatei","51":"pa_variation-great-king-notenausgabe","52":"pa_variation-great-king-notendownload","53":"pa_variation-great-king-playback","54":"pa_variation-ill-never-forget-hoerdatei","55":"pa_variation-ill-never-forget-notenausgabe","56":"pa_variation-ill-never-forget-notendownload","57":"pa_variation-ill-never-forget-playback","58":"pa_variation-lord-you-are-good-hoerdatei","59":"pa_variation-lord-you-are-good-notenausgabe","60":"pa_variation-lord-you-are-good-notendownload","61":"pa_variation-lord-you-are-good-playback","62":"pa_variation-new-day-hoerdatei","63":"pa_variation-new-day-notenausgabe","64":"pa_variation-new-day-notendownload","65":"pa_variation-new-day-playback","66":"pa_variation-power-within-hoerdatei","67":"pa_variation-power-within-notenausgabe","68":"pa_variation-power-within-notendownload","69":"pa_variation-power-within-playback","70":"pa_variation-worship-song-hoerdatei","71":"pa_variation-worship-song-notenausgabe","72":"pa_variation-worship-song-notendownload","73":"pa_variation-worship-song-playback","74":"pa_variation-you-show-me-hoerdatei","75":"pa_variation-you-show-me-notenausgabe","76":"pa_variation-you-show-me-notendownload","77":"pa_variation-you-show-me-playback","78":"pa_voicing-acappella-de","79":"pa_voicing-mit-begleitung","80":"pa_voicing-mit-solist","81":"pa_voicing-sam-de","82":"pa_voicing-satb-de","83":"pa_voicing-ssa-de","85":"first","86":"instock","87":"taxable","88":"shipping-taxable","89":"product-type-variable"},"acf":[],"yoast_head":"<!-- This site is optimized with the Yoast SEO plugin v27.3 - https:\/\/yoast.com\/product\/yoast-seo-wordpress\/ -->\n<title>New Day - New Song SONGS &amp; DOWNLOADS<\/title>\n<meta name=\"description\" content=\"Alle Songs des Albums gibt es hier EINZELN und SUPER G\u00dcNSTIG - als Notenausgabe, Playback und H\u00f6rdatei!\" \/>\n<meta name=\"robots\" content=\"index, follow, max-snippet:-1, max-image-preview:large, max-video-preview:-1\" \/>\n<link rel=\"canonical\" href=\"https:\/\/www.zebemusic.com\/product\/new-day-new-song-downloads\/\" \/>\n<meta property=\"og:locale\" content=\"de_DE\" \/>\n<meta property=\"og:type\" content=\"article\" \/>\n<meta property=\"og:title\" content=\"New Day - New Song SONGS &amp; DOWNLOADS\" \/>\n<meta property=\"og:description\" content=\"Alle Songs des Albums gibt es hier EINZELN und SUPER G\u00dcNSTIG - als Notenausgabe, Playback und H\u00f6rdatei!\" \/>\n<meta property=\"og:url\" content=\"https:\/\/www.zebemusic.com\/product\/new-day-new-song-downloads\/\" \/>\n<meta property=\"og:site_name\" content=\"ZebeMusic\" \/>\n<meta property=\"article:publisher\" content=\"https:\/\/www.facebook.com\/zebemusic\" \/>\n<meta property=\"article:modified_time\" content=\"2024-01-19T23:53:20+00:00\" \/>\n<meta property=\"og:image\" content=\"https:\/\/www.zebemusic.com\/wp-content\/uploads\/2013\/08\/ZEBE4047.jpg\" \/>\n\t<meta property=\"og:image:width\" content=\"600\" \/>\n\t<meta property=\"og:image:height\" content=\"531\" \/>\n\t<meta property=\"og:image:type\" content=\"image\/jpeg\" \/>\n<meta name=\"twitter:card\" content=\"summary_large_image\" \/>\n<meta name=\"twitter:label1\" content=\"Est. reading time\" \/>\n\t<meta name=\"twitter:data1\" content=\"1 minute\" \/>\n<script type=\"application\/ld+json\" class=\"yoast-schema-graph\">{\"@context\":\"https:\\\/\\\/schema.org\",\"@graph\":[{\"@type\":\"WebPage\",\"@id\":\"https:\\\/\\\/www.zebemusic.com\\\/product\\\/new-day-new-song-downloads\\\/\",\"url\":\"https:\\\/\\\/www.zebemusic.com\\\/product\\\/new-day-new-song-downloads\\\/\",\"name\":\"New Day - New Song SONGS & DOWNLOADS\",\"isPartOf\":{\"@id\":\"https:\\\/\\\/www.zebemusic.com\\\/de\\\/#website\"},\"primaryImageOfPage\":{\"@id\":\"https:\\\/\\\/www.zebemusic.com\\\/product\\\/new-day-new-song-downloads\\\/#primaryimage\"},\"image\":{\"@id\":\"https:\\\/\\\/www.zebemusic.com\\\/product\\\/new-day-new-song-downloads\\\/#primaryimage\"},\"thumbnailUrl\":\"https:\\\/\\\/www.zebemusic.com\\\/wp-content\\\/uploads\\\/2013\\\/08\\\/ZEBE4047.jpg\",\"datePublished\":\"2015-03-10T12:59:03+00:00\",\"dateModified\":\"2024-01-19T23:53:20+00:00\",\"description\":\"Alle Songs des Albums gibt es hier EINZELN und SUPER G\u00dcNSTIG - als Notenausgabe, Playback und H\u00f6rdatei!\",\"breadcrumb\":{\"@id\":\"https:\\\/\\\/www.zebemusic.com\\\/product\\\/new-day-new-song-downloads\\\/#breadcrumb\"},\"inLanguage\":\"de-DE\",\"potentialAction\":[{\"@type\":\"ReadAction\",\"target\":[\"https:\\\/\\\/www.zebemusic.com\\\/product\\\/new-day-new-song-downloads\\\/\"]}]},{\"@type\":\"ImageObject\",\"inLanguage\":\"de-DE\",\"@id\":\"https:\\\/\\\/www.zebemusic.com\\\/product\\\/new-day-new-song-downloads\\\/#primaryimage\",\"url\":\"https:\\\/\\\/www.zebemusic.com\\\/wp-content\\\/uploads\\\/2013\\\/08\\\/ZEBE4047.jpg\",\"contentUrl\":\"https:\\\/\\\/www.zebemusic.com\\\/wp-content\\\/uploads\\\/2013\\\/08\\\/ZEBE4047.jpg\",\"width\":600,\"height\":531},{\"@type\":\"BreadcrumbList\",\"@id\":\"https:\\\/\\\/www.zebemusic.com\\\/product\\\/new-day-new-song-downloads\\\/#breadcrumb\",\"itemListElement\":[{\"@type\":\"ListItem\",\"position\":1,\"name\":\"Shop\",\"item\":\"https:\\\/\\\/www.zebemusic.com\\\/de\\\/shop-2\\\/\"},{\"@type\":\"ListItem\",\"position\":2,\"name\":\"New Day &#8211; New Song SONGS &#038; DOWNLOADS\"}]},{\"@type\":\"WebSite\",\"@id\":\"https:\\\/\\\/www.zebemusic.com\\\/de\\\/#website\",\"url\":\"https:\\\/\\\/www.zebemusic.com\\\/de\\\/\",\"name\":\"ZebeMusic\",\"description\":\"makes you sing.\",\"publisher\":{\"@id\":\"https:\\\/\\\/www.zebemusic.com\\\/de\\\/#organization\"},\"alternateName\":\"Gospelnoten & Kindermusicals\",\"potentialAction\":[{\"@type\":\"SearchAction\",\"target\":{\"@type\":\"EntryPoint\",\"urlTemplate\":\"https:\\\/\\\/www.zebemusic.com\\\/de\\\/?s={search_term_string}\"},\"query-input\":{\"@type\":\"PropertyValueSpecification\",\"valueRequired\":true,\"valueName\":\"search_term_string\"}}],\"inLanguage\":\"de-DE\"},{\"@type\":\"Organization\",\"@id\":\"https:\\\/\\\/www.zebemusic.com\\\/de\\\/#organization\",\"name\":\"ZebeMusic\",\"url\":\"https:\\\/\\\/www.zebemusic.com\\\/de\\\/\",\"logo\":{\"@type\":\"ImageObject\",\"inLanguage\":\"de-DE\",\"@id\":\"https:\\\/\\\/www.zebemusic.com\\\/de\\\/#\\\/schema\\\/logo\\\/image\\\/\",\"url\":\"https:\\\/\\\/www.zebemusic.com\\\/wp-content\\\/uploads\\\/2025\\\/10\\\/ZEBE-Logo_ZW-makesyousing.jpg\",\"contentUrl\":\"https:\\\/\\\/www.zebemusic.com\\\/wp-content\\\/uploads\\\/2025\\\/10\\\/ZEBE-Logo_ZW-makesyousing.jpg\",\"width\":2212,\"height\":958,\"caption\":\"ZebeMusic\"},\"image\":{\"@id\":\"https:\\\/\\\/www.zebemusic.com\\\/de\\\/#\\\/schema\\\/logo\\\/image\\\/\"},\"sameAs\":[\"https:\\\/\\\/www.facebook.com\\\/zebemusic\",\"https:\\\/\\\/www.instagram.com\\\/zebemusic\",\"https:\\\/\\\/www.youtube.com\\\/zebemusicberlin\"]}]}<\/script>\n<!-- \/ Yoast SEO plugin. -->","yoast_head_json":{"title":"New Day - New Song SONGS & DOWNLOADS","description":"Alle Songs des Albums gibt es hier EINZELN und SUPER G\u00dcNSTIG - als Notenausgabe, Playback und H\u00f6rdatei!","robots":{"index":"index","follow":"follow","max-snippet":"max-snippet:-1","max-image-preview":"max-image-preview:large","max-video-preview":"max-video-preview:-1"},"canonical":"https:\/\/www.zebemusic.com\/product\/new-day-new-song-downloads\/","og_locale":"de_DE","og_type":"article","og_title":"New Day - New Song SONGS & DOWNLOADS","og_description":"Alle Songs des Albums gibt es hier EINZELN und SUPER G\u00dcNSTIG - als Notenausgabe, Playback und H\u00f6rdatei!","og_url":"https:\/\/www.zebemusic.com\/product\/new-day-new-song-downloads\/","og_site_name":"ZebeMusic","article_publisher":"https:\/\/www.facebook.com\/zebemusic","article_modified_time":"2024-01-19T23:53:20+00:00","og_image":[{"width":600,"height":531,"url":"https:\/\/www.zebemusic.com\/wp-content\/uploads\/2013\/08\/ZEBE4047.jpg","type":"image\/jpeg"}],"twitter_card":"summary_large_image","twitter_misc":{"Est. reading time":"1 minute"},"schema":{"@context":"https:\/\/schema.org","@graph":[{"@type":"WebPage","@id":"https:\/\/www.zebemusic.com\/product\/new-day-new-song-downloads\/","url":"https:\/\/www.zebemusic.com\/product\/new-day-new-song-downloads\/","name":"New Day - New Song SONGS & DOWNLOADS","isPartOf":{"@id":"https:\/\/www.zebemusic.com\/de\/#website"},"primaryImageOfPage":{"@id":"https:\/\/www.zebemusic.com\/product\/new-day-new-song-downloads\/#primaryimage"},"image":{"@id":"https:\/\/www.zebemusic.com\/product\/new-day-new-song-downloads\/#primaryimage"},"thumbnailUrl":"https:\/\/www.zebemusic.com\/wp-content\/uploads\/2013\/08\/ZEBE4047.jpg","datePublished":"2015-03-10T12:59:03+00:00","dateModified":"2024-01-19T23:53:20+00:00","description":"Alle Songs des Albums gibt es hier EINZELN und SUPER G\u00dcNSTIG - als Notenausgabe, Playback und H\u00f6rdatei!","breadcrumb":{"@id":"https:\/\/www.zebemusic.com\/product\/new-day-new-song-downloads\/#breadcrumb"},"inLanguage":"de-DE","potentialAction":[{"@type":"ReadAction","target":["https:\/\/www.zebemusic.com\/product\/new-day-new-song-downloads\/"]}]},{"@type":"ImageObject","inLanguage":"de-DE","@id":"https:\/\/www.zebemusic.com\/product\/new-day-new-song-downloads\/#primaryimage","url":"https:\/\/www.zebemusic.com\/wp-content\/uploads\/2013\/08\/ZEBE4047.jpg","contentUrl":"https:\/\/www.zebemusic.com\/wp-content\/uploads\/2013\/08\/ZEBE4047.jpg","width":600,"height":531},{"@type":"BreadcrumbList","@id":"https:\/\/www.zebemusic.com\/product\/new-day-new-song-downloads\/#breadcrumb","itemListElement":[{"@type":"ListItem","position":1,"name":"Shop","item":"https:\/\/www.zebemusic.com\/de\/shop-2\/"},{"@type":"ListItem","position":2,"name":"New Day &#8211; New Song SONGS &#038; DOWNLOADS"}]},{"@type":"WebSite","@id":"https:\/\/www.zebemusic.com\/de\/#website","url":"https:\/\/www.zebemusic.com\/de\/","name":"ZebeMusic","description":"makes you sing.","publisher":{"@id":"https:\/\/www.zebemusic.com\/de\/#organization"},"alternateName":"Gospelnoten & Kindermusicals","potentialAction":[{"@type":"SearchAction","target":{"@type":"EntryPoint","urlTemplate":"https:\/\/www.zebemusic.com\/de\/?s={search_term_string}"},"query-input":{"@type":"PropertyValueSpecification","valueRequired":true,"valueName":"search_term_string"}}],"inLanguage":"de-DE"},{"@type":"Organization","@id":"https:\/\/www.zebemusic.com\/de\/#organization","name":"ZebeMusic","url":"https:\/\/www.zebemusic.com\/de\/","logo":{"@type":"ImageObject","inLanguage":"de-DE","@id":"https:\/\/www.zebemusic.com\/de\/#\/schema\/logo\/image\/","url":"https:\/\/www.zebemusic.com\/wp-content\/uploads\/2025\/10\/ZEBE-Logo_ZW-makesyousing.jpg","contentUrl":"https:\/\/www.zebemusic.com\/wp-content\/uploads\/2025\/10\/ZEBE-Logo_ZW-makesyousing.jpg","width":2212,"height":958,"caption":"ZebeMusic"},"image":{"@id":"https:\/\/www.zebemusic.com\/de\/#\/schema\/logo\/image\/"},"sameAs":["https:\/\/www.facebook.com\/zebemusic","https:\/\/www.instagram.com\/zebemusic","https:\/\/www.youtube.com\/zebemusicberlin"]}]}},"_links":{"self":[{"href":"https:\/\/www.zebemusic.com\/de\/wp-json\/wp\/v2\/product\/5802","targetHints":{"allow":["GET"]}}],"collection":[{"href":"https:\/\/www.zebemusic.com\/de\/wp-json\/wp\/v2\/product"}],"about":[{"href":"https:\/\/www.zebemusic.com\/de\/wp-json\/wp\/v2\/types\/product"}],"wp:featuredmedia":[{"embeddable":true,"href":"https:\/\/www.zebemusic.com\/de\/wp-json\/wp\/v2\/media\/308"}],"wp:attachment":[{"href":"https:\/\/www.zebemusic.com\/de\/wp-json\/wp\/v2\/media?parent=5802"}],"wp:term":[{"taxonomy":"product_brand","embeddable":true,"href":"https:\/\/www.zebemusic.com\/de\/wp-json\/wp\/v2\/product_brand?post=5802"},{"taxonomy":"product_cat","embeddable":true,"href":"https:\/\/www.zebemusic.com\/de\/wp-json\/wp\/v2\/product_cat?post=5802"},{"taxonomy":"product_tag","embeddable":true,"href":"https:\/\/www.zebemusic.com\/de\/wp-json\/wp\/v2\/product_tag?post=5802"}],"curies":[{"name":"wp","href":"https:\/\/api.w.org\/{rel}","templated":true}]}}