{"id":5923,"date":"2015-03-19T15:03:37","date_gmt":"2015-03-19T13:03:37","guid":{"rendered":"http:\/\/neu.zebemusic.com\/produkt\/music-download\/reasons-downloads\/"},"modified":"2024-01-20T00:42:22","modified_gmt":"2024-01-19T23:42:22","slug":"reasons-downloads","status":"publish","type":"product","link":"https:\/\/www.zebemusic.com\/de\/product\/reasons-downloads\/","title":{"rendered":"<i>Reasons <\/i><br><b>SONGS &#038; DOWNLOADS<\/b>"},"content":{"rendered":"","protected":false},"excerpt":{"rendered":"<p><span id=\"pic\">Zu den erh\u00e4ltlichen Noten und der CD des Albums &#8220;REASONS&#8221; bieten wir Ihnen hier umfangreiches Material zum Download an.<br \/>\nAu\u00dferdem kann jeder Song als gedruckte Einzelausgabe bestellt werden &#8211; in Chorst\u00e4rke ab 10 St\u00fcck.<br \/>\n<\/span><\/p>\n<p>Mp3-Dateien der H\u00f6r- und Playback-CD bekommen Sie hier zum g\u00fcnstigen Downloadpreis in bester Qualit\u00e4t mit 320kBit\/s. Die Playbacks eignen sich hervorragend f\u00fcr wirkungsvolle Auftritte ohne Band in Konzerten und Gottesdienste aber auch f\u00fcr das Proben der Chor- oder Soloparts mit &#8220;voller&#8221; Besetzung. Das ist auch f\u00fcr die Singenden ein gro\u00dfes Erlebnis!<\/p>\n<p style=\"padding-left: 30px;\"><span style=\"color: #993300;\"><strong><em>\u201cMusikalische Vielfalt, Ideenreichtum und inhaltliche Tiefe.\u201d<\/em><\/strong>\u00a0\u00a0<\/span> (Singen)<\/p>\n<hr \/>\n<p><strong><span style=\"color: #717171;\">Text und Musik: <\/span><\/strong> <a href=\"\/nikoschlenker\">Niko Schlenker<\/a><br \/>\n<strong><span style=\"color: #717171;\">Besetzung:<\/span><\/strong> S.A.T.B.\/S.A.Bar., Pno.<br \/>\n<strong><span style=\"color: #717171;\">Schwierigkeitsgrad:<\/span><\/strong> mittel<\/p>\n<p><strong>H\u00f6rprobe: <\/strong><\/p>\n[audio ZEBE4020.mp3]\n<p>Playback:<\/p>\n[audio ZEBE4025.mp3]\n<hr \/>\n<p><strong>Erh\u00e4ltliche Ausf\u00fchrungen:<\/strong><\/p>\n<p><strong>\u2022 CD als mp3 <\/strong>\u20ac 7,99<br \/>\nThe Angels feat. Niko Schlenker, James Smith und Deborah Woodson!<\/p>\n<p><strong>\u2022 Playback-CD als mp3 <\/strong>\u20ac 19,99<br \/>\nAuf der Playback-CD sind alle Songs der Ausgabe in Originalbesetzung. Beste Soundqualit\u00e4t f\u00fcr Probe und Auftritt!<\/p>\n<p><strong>\u2022<\/strong> <strong>Einzelsongs: <\/strong><br \/>\nAbide In Me (feat. Honor\u00e8 Haase)<br \/>\nAs We Worship (feat. Glady Kruszyna)<br \/>\nAwesome God<br \/>\nBeauty For Ashes (feat. James Smith)<br \/>\nGod Has Kept Me (feat. Claudine Abusu)<br \/>\nI Love (feat. Claudine Abusu)<br \/>\nI Thank You (feat. Niko Schlenker)<br \/>\nI\u2019ve Got A Reason<br \/>\nLamb Of God (feat. Nicole Bolley)<br \/>\nLearn To Live (feat. James Smith)<br \/>\nMy God Is So Good (feat. Deborah Woodson)<\/p>\n<p><strong>\u2022 <\/strong>Gesangsnoten je \u20ac 1,50 (nur in Chorst\u00e4rke!)<br \/>\n<strong>\u2022 <\/strong>H\u00f6r-mp3 je \u20ac 0,99<br \/>\n<strong>\u2022 <\/strong>Playback-mp3 je \u20ac 2,99<\/p>\n<p>&nbsp;<\/p>\n","protected":false},"featured_media":1357,"template":"","meta":{"_acf_changed":false},"product_brand":[],"product_cat":[311,301],"product_tag":[195,307],"class_list":{"0":"post-5923","1":"product","2":"type-product","3":"status-publish","4":"has-post-thumbnail","6":"product_cat-einzelausgaben","7":"product_cat-music-download","8":"product_tag-downloads","9":"product_tag-ea","10":"pa_diff-mittel","11":"pa_diff-schwer","12":"pa_language-englisch","13":"pa_occ-abendmahl-kommunion","14":"pa_occ-angst-und-vertrauen","15":"pa_occ-beginn-und-abschied-segen","16":"pa_occ-biblische-geschichten","17":"pa_occ-dankbarkeit","18":"pa_occ-lobpreis","19":"pa_occ-neues-testament","20":"pa_occ-pfingsten","21":"pa_occ-taufe-und-zeugnis","22":"pa_others-downloads-de","23":"pa_others-einzelausgaben","24":"pa_style-genre-ballade","25":"pa_style-genre-gospel-de","26":"pa_style-genre-jazz-de","27":"pa_style-genre-latin-de","28":"pa_style-genre-lobpreis","29":"pa_style-genre-soul-funk-de","30":"pa_style-genre-spiritual-de","31":"pa_style-genre-traditional-gospel-style-de","32":"pa_style-genre-uptempo-de","33":"pa_style-genre-contemporary-de","34":"pa_variation-hoer-datei-mp3-download","35":"pa_variation-playback-datei-mp3-download","36":"pa_variation-abide-in-me-hoerdatei","37":"pa_variation-abide-in-me-notenausgabe","38":"pa_variation-abide-in-me-notendownload","39":"pa_variation-abide-in-me-playback","40":"pa_variation-as-we-worship-hoerdatei","41":"pa_variation-as-we-worship-notenausgabe","42":"pa_variation-as-we-worship-notendownload","43":"pa_variation-as-we-worship-playback","44":"pa_variation-awesome-god-hoerdatei","45":"pa_variation-awesome-god-notenausgabe","46":"pa_variation-awesome-god-notendownload","47":"pa_variation-beauty-for-ashes-hoerdatei","48":"pa_variation-beauty-for-ashes-notenausgabe","49":"pa_variation-beauty-for-ashes-notendownload","50":"pa_variation-beauty-for-ashes-playback","51":"pa_variation-god-has-kept-me-hoerdatei","52":"pa_variation-god-has-kept-me-notenausgabe","53":"pa_variation-god-has-kept-me-notendownload","54":"pa_variation-god-has-kept-me-playback","55":"pa_variation-i-love-hoerdatei","56":"pa_variation-i-love-notenausgabe","57":"pa_variation-i-love-notendownload","58":"pa_variation-i-love-playback","59":"pa_variation-i-thank-you-hoerdatei","60":"pa_variation-i-thank-you-notenausgabe","61":"pa_variation-i-thank-you-notendownload","62":"pa_variation-i-thank-you-playback","63":"pa_variation-ive-got-a-reason-hoerdatei","64":"pa_variation-ive-got-a-reason-notenausgabe","65":"pa_variation-ive-got-a-reason-notendownload","66":"pa_variation-ive-got-a-reason-playback","67":"pa_variation-lamb-of-god-hoerdatei","68":"pa_variation-lamb-of-god-notenausgabe","69":"pa_variation-lamb-of-god-notendownload","70":"pa_variation-lamb-of-god-playback","71":"pa_variation-learn-to-live-hoerdatei","72":"pa_variation-learn-to-live-notenausgabe","73":"pa_variation-learn-to-live-notendownload","74":"pa_variation-learn-to-live-playback","75":"pa_variation-my-god-is-so-good-hoerdatei","76":"pa_variation-my-god-is-so-good-notenausgabe","77":"pa_variation-my-god-is-so-good-notendownload","78":"pa_variation-my-god-is-so-good-playback","79":"pa_voicing-acappella-de","80":"pa_voicing-mit-begleitung","81":"pa_voicing-mit-solist","82":"pa_voicing-sam-de","83":"pa_voicing-satb-de","84":"pa_voicing-ssa-de","86":"first","87":"instock","88":"taxable","89":"shipping-taxable","90":"purchasable","91":"product-type-variable"},"acf":[],"yoast_head":"<!-- This site is optimized with the Yoast SEO plugin v27.5 - https:\/\/yoast.com\/product\/yoast-seo-wordpress\/ -->\n<title>Reasons SONGS &amp; DOWNLOADS<\/title>\n<meta name=\"description\" content=\"Alle Songs des Albums gibt es hier EINZELN und SUPER G\u00dcNSTIG - als Notenausgabe, Playback und H\u00f6rdatei! Gospelnoten f\u00fcr deinen Chor &gt;&gt;&gt;\" \/>\n<meta name=\"robots\" content=\"index, follow, max-snippet:-1, max-image-preview:large, max-video-preview:-1\" \/>\n<link rel=\"canonical\" href=\"https:\/\/www.zebemusic.com\/product\/reasons-downloads\/\" \/>\n<meta property=\"og:locale\" content=\"de_DE\" \/>\n<meta property=\"og:type\" content=\"article\" \/>\n<meta property=\"og:title\" content=\"Reasons SONGS &amp; DOWNLOADS\" \/>\n<meta property=\"og:description\" content=\"Alle Songs des Albums gibt es hier EINZELN und SUPER G\u00dcNSTIG - als Notenausgabe, Playback und H\u00f6rdatei! Gospelnoten f\u00fcr deinen Chor &gt;&gt;&gt;\" \/>\n<meta property=\"og:url\" content=\"https:\/\/www.zebemusic.com\/product\/reasons-downloads\/\" \/>\n<meta property=\"og:site_name\" content=\"ZebeMusic\" \/>\n<meta property=\"article:publisher\" content=\"https:\/\/www.facebook.com\/zebemusic\" \/>\n<meta property=\"article:modified_time\" content=\"2024-01-19T23:42:22+00:00\" \/>\n<meta property=\"og:image\" content=\"https:\/\/www.zebemusic.com\/wp-content\/uploads\/2013\/08\/ZEBE40271.jpg\" \/>\n\t<meta property=\"og:image:width\" content=\"604\" \/>\n\t<meta property=\"og:image:height\" content=\"542\" \/>\n\t<meta property=\"og:image:type\" content=\"image\/jpeg\" \/>\n<meta name=\"twitter:card\" content=\"summary_large_image\" \/>\n<meta name=\"twitter:label1\" content=\"Est. reading time\" \/>\n\t<meta name=\"twitter:data1\" content=\"1 minute\" \/>\n<script type=\"application\/ld+json\" class=\"yoast-schema-graph\">{\"@context\":\"https:\\\/\\\/schema.org\",\"@graph\":[{\"@type\":\"WebPage\",\"@id\":\"https:\\\/\\\/www.zebemusic.com\\\/product\\\/reasons-downloads\\\/\",\"url\":\"https:\\\/\\\/www.zebemusic.com\\\/product\\\/reasons-downloads\\\/\",\"name\":\"Reasons SONGS & DOWNLOADS\",\"isPartOf\":{\"@id\":\"https:\\\/\\\/www.zebemusic.com\\\/de\\\/#website\"},\"primaryImageOfPage\":{\"@id\":\"https:\\\/\\\/www.zebemusic.com\\\/product\\\/reasons-downloads\\\/#primaryimage\"},\"image\":{\"@id\":\"https:\\\/\\\/www.zebemusic.com\\\/product\\\/reasons-downloads\\\/#primaryimage\"},\"thumbnailUrl\":\"https:\\\/\\\/www.zebemusic.com\\\/wp-content\\\/uploads\\\/2013\\\/08\\\/ZEBE40271.jpg\",\"datePublished\":\"2015-03-19T13:03:37+00:00\",\"dateModified\":\"2024-01-19T23:42:22+00:00\",\"description\":\"Alle Songs des Albums gibt es hier EINZELN und SUPER G\u00dcNSTIG - als Notenausgabe, Playback und H\u00f6rdatei! Gospelnoten f\u00fcr deinen Chor >>>\",\"breadcrumb\":{\"@id\":\"https:\\\/\\\/www.zebemusic.com\\\/product\\\/reasons-downloads\\\/#breadcrumb\"},\"inLanguage\":\"de-DE\",\"potentialAction\":[{\"@type\":\"ReadAction\",\"target\":[\"https:\\\/\\\/www.zebemusic.com\\\/product\\\/reasons-downloads\\\/\"]}]},{\"@type\":\"ImageObject\",\"inLanguage\":\"de-DE\",\"@id\":\"https:\\\/\\\/www.zebemusic.com\\\/product\\\/reasons-downloads\\\/#primaryimage\",\"url\":\"https:\\\/\\\/www.zebemusic.com\\\/wp-content\\\/uploads\\\/2013\\\/08\\\/ZEBE40271.jpg\",\"contentUrl\":\"https:\\\/\\\/www.zebemusic.com\\\/wp-content\\\/uploads\\\/2013\\\/08\\\/ZEBE40271.jpg\",\"width\":604,\"height\":542},{\"@type\":\"BreadcrumbList\",\"@id\":\"https:\\\/\\\/www.zebemusic.com\\\/product\\\/reasons-downloads\\\/#breadcrumb\",\"itemListElement\":[{\"@type\":\"ListItem\",\"position\":1,\"name\":\"Shop\",\"item\":\"https:\\\/\\\/www.zebemusic.com\\\/de\\\/shop-2\\\/\"},{\"@type\":\"ListItem\",\"position\":2,\"name\":\"Reasons SONGS &#038; DOWNLOADS\"}]},{\"@type\":\"WebSite\",\"@id\":\"https:\\\/\\\/www.zebemusic.com\\\/de\\\/#website\",\"url\":\"https:\\\/\\\/www.zebemusic.com\\\/de\\\/\",\"name\":\"ZebeMusic\",\"description\":\"makes you sing.\",\"publisher\":{\"@id\":\"https:\\\/\\\/www.zebemusic.com\\\/de\\\/#organization\"},\"alternateName\":\"Gospelnoten & Kindermusicals\",\"potentialAction\":[{\"@type\":\"SearchAction\",\"target\":{\"@type\":\"EntryPoint\",\"urlTemplate\":\"https:\\\/\\\/www.zebemusic.com\\\/de\\\/?s={search_term_string}\"},\"query-input\":{\"@type\":\"PropertyValueSpecification\",\"valueRequired\":true,\"valueName\":\"search_term_string\"}}],\"inLanguage\":\"de-DE\"},{\"@type\":\"Organization\",\"@id\":\"https:\\\/\\\/www.zebemusic.com\\\/de\\\/#organization\",\"name\":\"ZebeMusic\",\"url\":\"https:\\\/\\\/www.zebemusic.com\\\/de\\\/\",\"logo\":{\"@type\":\"ImageObject\",\"inLanguage\":\"de-DE\",\"@id\":\"https:\\\/\\\/www.zebemusic.com\\\/de\\\/#\\\/schema\\\/logo\\\/image\\\/\",\"url\":\"https:\\\/\\\/www.zebemusic.com\\\/wp-content\\\/uploads\\\/2025\\\/10\\\/ZEBE-Logo_ZW-makesyousing.jpg\",\"contentUrl\":\"https:\\\/\\\/www.zebemusic.com\\\/wp-content\\\/uploads\\\/2025\\\/10\\\/ZEBE-Logo_ZW-makesyousing.jpg\",\"width\":2212,\"height\":958,\"caption\":\"ZebeMusic\"},\"image\":{\"@id\":\"https:\\\/\\\/www.zebemusic.com\\\/de\\\/#\\\/schema\\\/logo\\\/image\\\/\"},\"sameAs\":[\"https:\\\/\\\/www.facebook.com\\\/zebemusic\",\"https:\\\/\\\/www.instagram.com\\\/zebemusic\",\"https:\\\/\\\/www.youtube.com\\\/zebemusicberlin\"]}]}<\/script>\n<!-- \/ Yoast SEO plugin. -->","yoast_head_json":{"title":"Reasons SONGS & DOWNLOADS","description":"Alle Songs des Albums gibt es hier EINZELN und SUPER G\u00dcNSTIG - als Notenausgabe, Playback und H\u00f6rdatei! Gospelnoten f\u00fcr deinen Chor >>>","robots":{"index":"index","follow":"follow","max-snippet":"max-snippet:-1","max-image-preview":"max-image-preview:large","max-video-preview":"max-video-preview:-1"},"canonical":"https:\/\/www.zebemusic.com\/product\/reasons-downloads\/","og_locale":"de_DE","og_type":"article","og_title":"Reasons SONGS & DOWNLOADS","og_description":"Alle Songs des Albums gibt es hier EINZELN und SUPER G\u00dcNSTIG - als Notenausgabe, Playback und H\u00f6rdatei! Gospelnoten f\u00fcr deinen Chor >>>","og_url":"https:\/\/www.zebemusic.com\/product\/reasons-downloads\/","og_site_name":"ZebeMusic","article_publisher":"https:\/\/www.facebook.com\/zebemusic","article_modified_time":"2024-01-19T23:42:22+00:00","og_image":[{"width":604,"height":542,"url":"https:\/\/www.zebemusic.com\/wp-content\/uploads\/2013\/08\/ZEBE40271.jpg","type":"image\/jpeg"}],"twitter_card":"summary_large_image","twitter_misc":{"Est. reading time":"1 minute"},"schema":{"@context":"https:\/\/schema.org","@graph":[{"@type":"WebPage","@id":"https:\/\/www.zebemusic.com\/product\/reasons-downloads\/","url":"https:\/\/www.zebemusic.com\/product\/reasons-downloads\/","name":"Reasons SONGS & DOWNLOADS","isPartOf":{"@id":"https:\/\/www.zebemusic.com\/de\/#website"},"primaryImageOfPage":{"@id":"https:\/\/www.zebemusic.com\/product\/reasons-downloads\/#primaryimage"},"image":{"@id":"https:\/\/www.zebemusic.com\/product\/reasons-downloads\/#primaryimage"},"thumbnailUrl":"https:\/\/www.zebemusic.com\/wp-content\/uploads\/2013\/08\/ZEBE40271.jpg","datePublished":"2015-03-19T13:03:37+00:00","dateModified":"2024-01-19T23:42:22+00:00","description":"Alle Songs des Albums gibt es hier EINZELN und SUPER G\u00dcNSTIG - als Notenausgabe, Playback und H\u00f6rdatei! Gospelnoten f\u00fcr deinen Chor >>>","breadcrumb":{"@id":"https:\/\/www.zebemusic.com\/product\/reasons-downloads\/#breadcrumb"},"inLanguage":"de-DE","potentialAction":[{"@type":"ReadAction","target":["https:\/\/www.zebemusic.com\/product\/reasons-downloads\/"]}]},{"@type":"ImageObject","inLanguage":"de-DE","@id":"https:\/\/www.zebemusic.com\/product\/reasons-downloads\/#primaryimage","url":"https:\/\/www.zebemusic.com\/wp-content\/uploads\/2013\/08\/ZEBE40271.jpg","contentUrl":"https:\/\/www.zebemusic.com\/wp-content\/uploads\/2013\/08\/ZEBE40271.jpg","width":604,"height":542},{"@type":"BreadcrumbList","@id":"https:\/\/www.zebemusic.com\/product\/reasons-downloads\/#breadcrumb","itemListElement":[{"@type":"ListItem","position":1,"name":"Shop","item":"https:\/\/www.zebemusic.com\/de\/shop-2\/"},{"@type":"ListItem","position":2,"name":"Reasons SONGS &#038; DOWNLOADS"}]},{"@type":"WebSite","@id":"https:\/\/www.zebemusic.com\/de\/#website","url":"https:\/\/www.zebemusic.com\/de\/","name":"ZebeMusic","description":"makes you sing.","publisher":{"@id":"https:\/\/www.zebemusic.com\/de\/#organization"},"alternateName":"Gospelnoten & Kindermusicals","potentialAction":[{"@type":"SearchAction","target":{"@type":"EntryPoint","urlTemplate":"https:\/\/www.zebemusic.com\/de\/?s={search_term_string}"},"query-input":{"@type":"PropertyValueSpecification","valueRequired":true,"valueName":"search_term_string"}}],"inLanguage":"de-DE"},{"@type":"Organization","@id":"https:\/\/www.zebemusic.com\/de\/#organization","name":"ZebeMusic","url":"https:\/\/www.zebemusic.com\/de\/","logo":{"@type":"ImageObject","inLanguage":"de-DE","@id":"https:\/\/www.zebemusic.com\/de\/#\/schema\/logo\/image\/","url":"https:\/\/www.zebemusic.com\/wp-content\/uploads\/2025\/10\/ZEBE-Logo_ZW-makesyousing.jpg","contentUrl":"https:\/\/www.zebemusic.com\/wp-content\/uploads\/2025\/10\/ZEBE-Logo_ZW-makesyousing.jpg","width":2212,"height":958,"caption":"ZebeMusic"},"image":{"@id":"https:\/\/www.zebemusic.com\/de\/#\/schema\/logo\/image\/"},"sameAs":["https:\/\/www.facebook.com\/zebemusic","https:\/\/www.instagram.com\/zebemusic","https:\/\/www.youtube.com\/zebemusicberlin"]}]}},"_links":{"self":[{"href":"https:\/\/www.zebemusic.com\/de\/wp-json\/wp\/v2\/product\/5923","targetHints":{"allow":["GET"]}}],"collection":[{"href":"https:\/\/www.zebemusic.com\/de\/wp-json\/wp\/v2\/product"}],"about":[{"href":"https:\/\/www.zebemusic.com\/de\/wp-json\/wp\/v2\/types\/product"}],"wp:featuredmedia":[{"embeddable":true,"href":"https:\/\/www.zebemusic.com\/de\/wp-json\/wp\/v2\/media\/1357"}],"wp:attachment":[{"href":"https:\/\/www.zebemusic.com\/de\/wp-json\/wp\/v2\/media?parent=5923"}],"wp:term":[{"taxonomy":"product_brand","embeddable":true,"href":"https:\/\/www.zebemusic.com\/de\/wp-json\/wp\/v2\/product_brand?post=5923"},{"taxonomy":"product_cat","embeddable":true,"href":"https:\/\/www.zebemusic.com\/de\/wp-json\/wp\/v2\/product_cat?post=5923"},{"taxonomy":"product_tag","embeddable":true,"href":"https:\/\/www.zebemusic.com\/de\/wp-json\/wp\/v2\/product_tag?post=5923"}],"curies":[{"name":"wp","href":"https:\/\/api.w.org\/{rel}","templated":true}]}}