{"id":6120,"date":"2023-05-26T10:11:14","date_gmt":"2023-05-26T09:11:14","guid":{"rendered":"http:\/\/www.zebemusic.com\/produkt\/gospel\/life-in-4d\/"},"modified":"2025-08-11T11:41:28","modified_gmt":"2025-08-11T10:41:28","slug":"4d","status":"publish","type":"product","link":"https:\/\/www.zebemusic.com\/de\/product\/4d\/","title":{"rendered":"Life in 4D"},"content":{"rendered":"","protected":false},"excerpt":{"rendered":"<p><span id=\"pic\"><\/span><span style=\"color: #993300;\">Gospelmusik beschreibt das Leben in der 4. Dimension &#8211; dem Leben mit Gott.<br \/>\nNiko Schlenker findet in seiner neuen Sammlung auch zu diesem Thema den richtigen Ton.<\/span> <span style=\"color: #993300;\">11 charaktervolle Songs machen einfach Spa\u00df und treffen Singende und H\u00f6rende direkt ins Herz.<\/span><strong><span style=\"color: #993300;\"><br \/>\n<\/span><\/strong><\/p>\n<p>&nbsp;<\/p>\n<p style=\"padding-left: 30px;\"><strong><em><span style=\"color: #993300;\">\u201cDie Fans von Niko Schlenker werden es lieben und mit diesem Heft werden es definitiv mehr werden!\u201d<\/span><\/em><\/strong>\u00a0\u00a0 (Musik+message)<\/p>\n<p style=\"padding-left: 30px;\"><strong><em><span style=\"color: #993300;\">\u201cSchlenker bedient wie gewohnt gekonnt die verschiedenen Nischen des Genres&#8230; Auch traditionellere Gospelfreunde werden bei dieser CD auf ihre Kosten kommen.\u201d<\/span><\/em><\/strong> \u00a0 (Chorzeit)<\/p>\n<p>&nbsp;<\/p>\n<p>In diesem f\u00fcnften Band der Reihe ist der inhaltliche Schwerpunkt auf die &#8220;vierte Dimension&#8221; gelegt, dem Leben im Glauben. Schlenkers Texte zeugen von einiger Erfahrung damit, und seine Kenntnis biblischer Inhalte fundiert dies auf besondere Weise.<br \/>\nMusikalisch wird die Gospel-Stilistik raffiniert eingef\u00e4rbt, einmal mit Reggae, ein anderes Mal mit West-Coast-Soul \u00e1 la Maze oder Earth, Wind &amp; Fire, dann wieder in einer ber\u00fchrenden Ballade. Das macht Spa\u00df und ist selbst schon Beweis f\u00fcr diese besondere geistliche Ebene.<\/p>\n<p>Die Chors\u00e4tze sind meist dreistimmig gesetzt und mit 2 Frauen- und einer M\u00e4nnerstimme singbar. Gelegentliche teilt sich eine Stimmlage. Die Sopranstimme singt weitestgehend im Mezzobereich, die Baritons singen in mittlerer bis h\u00f6herer Lage (bis e&#8217;).<br \/>\nEin Special gibt es auch in dieser Sammlung: &#8220;Peter&#8217;s Walk&#8221;, die vertonte Geschichte des auf dem Wasser gehenden Petrus, f\u00fcr S.A.T.B. a cappella. Eine Klavierzusammenfassung ist hier notiert. Ebenfalls die Akkordsymbole, wie in allen anderen Songs auch. Das macht das Begleiten aller Songs mit voller Band direkt aus der Partitur m\u00f6glich.<\/p>\n<p>Chors\u00e4tze und Solisten kommen besonders gut allein mit der ausnotierten Klavierbegleitung zur Geltung. Dass Niko Schlenker selbst ein ausgezeichneter Gospel-Pianist ist, der gern zu Studio- und Konzertproduktionen eingeladen wird, kommt auch dem Klaviersatz in &#8220;Life in 4D&#8221; zugute. Die Begleitung wurde sorgf\u00e4ltig ausgearbeitet, ist \u00fcbersichtlich und gut spielbar und Schlenkers optionale Fills sind Leckerbissen f\u00fcr jeden Pianisten, der es ihm nachahmen mag!<\/p>\n<p>Im Anhang der Notenausgaben finden sich Hinweise zu den Songs auf deutsch. Das ist hilfreich f\u00fcr die Proben und kann in Gottesdienst und Konzert als Inhaltshinweis f\u00fcr die Zuh\u00f6renden eingesetzt werden. In der Probepartitur zum Download sind diese Seiten schon enthalten.<\/p>\n<p><strong>\u00a0<\/strong><\/p>\n<p><strong>Inhalt:<\/strong> I Give Thanks, I Will Always Sing to You, In His Name, Let My Voice Be an Instrument, Life in 4D, Love Him Back, New Dimension, Peter&#8217;s Walk, The Lover of My Soul, We Have Decided,\u00a0 We&#8217;ve Come to Praise (He has Done Marvellous Things)<\/p>\n<hr \/>\n<p><strong><span style=\"color: #717171;\">Text und Musik: <\/span><\/strong> <a href=\"\/nikoschlenker\">Niko Schlenker<\/a><br \/>\n<strong><span style=\"color: #717171;\">Besetzung:<\/span><\/strong> S.A.T.B.\/S.A.Bar., Pno.<br \/>\n<strong><span style=\"color: #717171;\">Schwierigkeitsgrad:<\/span><\/strong> mittel<\/p>\n<p><a style=\"color: #ff0000;\" href=\"https:\/\/zebemusic.com\/wp-content\/uploads\/2015\/05\/PP5000.pdf\" target=\"_blank\" rel=\"noopener noreferrer\">Probepartitur &gt;&gt;&gt;\u00a0<\/a><br \/>\n<a href=\"http:\/\/www.zebemusic.com\/audio\/ZEBE5000.mp3\" target=\"_blank\" rel=\"noopener noreferrer\">H\u00f6rprobe &gt;&gt;&gt; <\/a>(Chor &amp; Klavierbegleitung)<\/p>\n<p><center><iframe loading=\"lazy\" src=\"https:\/\/www.youtube.com\/embed\/SPu9fZiSWwM\" width=\"400\" height=\"270\" frameborder=\"0\" allowfullscreen=\"allowfullscreen\"><\/iframe><\/center><\/p>\n<hr \/>\n<p><strong>Erh\u00e4ltliche Ausf\u00fchrungen:<\/strong><\/p>\n<p><strong><strong>\u2022 <\/strong>Partitur<\/strong> (ZE 5000, ISBN 978-3-940745-52-1, 76 Seiten) \u20ac 14,90<strong><br \/>\n<\/strong>In dieser Ausgabe sind die Noten f\u00fcr Chor, Solisten und Klavier enthalten. F\u00fcr weitere Begleit- oder Solo-Instrumente sind Akkordsymbole notiert.<\/p>\n<p><strong>\u2022 Chorausgabe<\/strong> (ZE 5001, ISBN 978-3-940745-53-8, nur in Chorst\u00e4rke!) \u20ac 6,90<strong><br \/>\n<\/strong>Die g\u00fcnstige Chorausgabe zu Niko Schlenkers Sammlung \u201eLife in 4D\u201c mit allen 11 Songs! Das Heft enth\u00e4lt den gesamten Gesangspart ohne die Klavierbegleitung.<\/p>\n<p><strong>\u2022 Mp3 Album-Download <\/strong><strong>in 320-kBit-Qualit\u00e4t! \u20ac 7,99<br \/>\n<\/strong>Hochkar\u00e4tige Solisten zeigen ein St\u00fcck der vierten Dimension, dem Leben im Glauben. So veredeln Dorrey Lin Lyles (Weather Girls), David B. Whitley (The Voice of Germany), Lisamay Lesch, R\u00e9gine Nguetseng und Honor\u00e9 Haase mit ihren einzigartigen Stimmen die wunderbaren Arrangements und legen ihre Leidenschaft und ihr Herzblut hinein.<\/p>\n<p><strong>\u2022 Mp3 Playback-Download<\/strong> \u20ac 19,99<\/p>\n<p>EINZELSONGS ALS H\u00d6RDATEI, PLAYBACKS UND NOTENAUSGABEN FINDEN SIE <strong><a href=\"https:\/\/zebemusic.com\/product\/life-in-4d-songs-downloads\/\" target=\"_blank\" rel=\"noopener noreferrer\">HIER<\/a><\/strong> &gt;&gt;&gt;<\/p>\n","protected":false},"featured_media":6116,"template":"","meta":{"_acf_changed":false},"product_brand":[],"product_cat":[13],"product_tag":[657,156,630,155],"class_list":{"0":"post-6120","1":"product","2":"type-product","3":"status-publish","4":"has-post-thumbnail","6":"product_cat-gospel","7":"product_tag-cd","8":"product_tag-frauen","9":"product_tag-neu","10":"product_tag-schlenker","11":"pa_diff-mittel","12":"pa_language-englisch","13":"pa_occ-beginn-und-abschied-segen","14":"pa_occ-biblische-geschichten","15":"pa_occ-dankbarkeit","16":"pa_occ-lobpreis","17":"pa_occ-neues-testament","18":"pa_occ-taufe-und-zeugnis","19":"pa_others-sammlungen","20":"pa_style-genre-ballade","21":"pa_style-genre-gospel-de","22":"pa_style-genre-jazz-de","23":"pa_style-genre-lobpreis","24":"pa_style-genre-soul-funk-de","25":"pa_style-genre-spiritual-de","26":"pa_style-genre-traditional-gospel-style-de","27":"pa_style-genre-uptempo-de","28":"pa_style-genre-contemporary-de","29":"pa_variation-chorausgabe","30":"pa_variation-mp3-download-der-begleit-cd","31":"pa_variation-mp3-download-der-hoer-cd","32":"pa_variation-mp3-playback-2","33":"pa_variation-partitur","34":"pa_voicing-acappella-de","35":"pa_voicing-mit-begleitung","36":"pa_voicing-mit-solist","37":"pa_voicing-sa-de","38":"pa_voicing-sam-de","39":"pa_voicing-satb-de","40":"pa_voicing-ssa-de","42":"first","43":"instock","44":"taxable","45":"shipping-taxable","46":"purchasable","47":"product-type-variable","48":"has-default-attributes"},"acf":[],"yoast_head":"<!-- This site is optimized with the Yoast SEO plugin v27.5 - https:\/\/yoast.com\/product\/yoast-seo-wordpress\/ -->\n<title>Life in 4D - NIKO SCHLENKER bei ZebeMusic<\/title>\n<meta name=\"description\" content=\"11 charaktervolle, mitrei\u00dfende neue Gospel Songs - Gospelnoten f\u00fcr 3stimmigen Chor und Begleitung. CD\/Song Book\/Vocal Score. Hier Probelesen und -h\u00f6ren &gt;&gt;&gt;\" \/>\n<meta name=\"robots\" content=\"index, follow, max-snippet:-1, max-image-preview:large, max-video-preview:-1\" \/>\n<link rel=\"canonical\" href=\"https:\/\/www.zebemusic.com\/de\/product\/4d\/\" \/>\n<meta property=\"og:locale\" content=\"de_DE\" \/>\n<meta property=\"og:type\" content=\"article\" \/>\n<meta property=\"og:title\" content=\"Life in 4D - NIKO SCHLENKER bei ZebeMusic\" \/>\n<meta property=\"og:description\" content=\"11 charaktervolle, mitrei\u00dfende neue Gospel Songs - Gospelnoten f\u00fcr 3stimmigen Chor und Begleitung. CD\/Song Book\/Vocal Score. Hier Probelesen und -h\u00f6ren &gt;&gt;&gt;\" \/>\n<meta property=\"og:url\" content=\"https:\/\/www.zebemusic.com\/de\/product\/4d\/\" \/>\n<meta property=\"og:site_name\" content=\"ZebeMusic\" \/>\n<meta property=\"article:publisher\" content=\"https:\/\/www.facebook.com\/zebemusic\" \/>\n<meta property=\"article:modified_time\" content=\"2025-08-11T10:41:28+00:00\" \/>\n<meta property=\"og:image\" content=\"https:\/\/www.zebemusic.com\/wp-content\/uploads\/2015\/05\/Titel-5000web.jpg\" \/>\n\t<meta property=\"og:image:width\" content=\"425\" \/>\n\t<meta property=\"og:image:height\" content=\"556\" \/>\n\t<meta property=\"og:image:type\" content=\"image\/jpeg\" \/>\n<meta name=\"twitter:card\" content=\"summary_large_image\" \/>\n<meta name=\"twitter:label1\" content=\"Est. reading time\" \/>\n\t<meta name=\"twitter:data1\" content=\"1 minute\" \/>\n<script type=\"application\/ld+json\" class=\"yoast-schema-graph\">{\"@context\":\"https:\\\/\\\/schema.org\",\"@graph\":[{\"@type\":\"WebPage\",\"@id\":\"https:\\\/\\\/www.zebemusic.com\\\/de\\\/product\\\/4d\\\/\",\"url\":\"https:\\\/\\\/www.zebemusic.com\\\/de\\\/product\\\/4d\\\/\",\"name\":\"Life in 4D - NIKO SCHLENKER bei ZebeMusic\",\"isPartOf\":{\"@id\":\"https:\\\/\\\/www.zebemusic.com\\\/de\\\/#website\"},\"primaryImageOfPage\":{\"@id\":\"https:\\\/\\\/www.zebemusic.com\\\/de\\\/product\\\/4d\\\/#primaryimage\"},\"image\":{\"@id\":\"https:\\\/\\\/www.zebemusic.com\\\/de\\\/product\\\/4d\\\/#primaryimage\"},\"thumbnailUrl\":\"https:\\\/\\\/www.zebemusic.com\\\/wp-content\\\/uploads\\\/2015\\\/05\\\/Titel-5000web.jpg\",\"datePublished\":\"2023-05-26T09:11:14+00:00\",\"dateModified\":\"2025-08-11T10:41:28+00:00\",\"description\":\"11 charaktervolle, mitrei\u00dfende neue Gospel Songs - Gospelnoten f\u00fcr 3stimmigen Chor und Begleitung. CD\\\/Song Book\\\/Vocal Score. Hier Probelesen und -h\u00f6ren >>>\",\"breadcrumb\":{\"@id\":\"https:\\\/\\\/www.zebemusic.com\\\/de\\\/product\\\/4d\\\/#breadcrumb\"},\"inLanguage\":\"de-DE\",\"potentialAction\":[{\"@type\":\"ReadAction\",\"target\":[\"https:\\\/\\\/www.zebemusic.com\\\/de\\\/product\\\/4d\\\/\"]}]},{\"@type\":\"ImageObject\",\"inLanguage\":\"de-DE\",\"@id\":\"https:\\\/\\\/www.zebemusic.com\\\/de\\\/product\\\/4d\\\/#primaryimage\",\"url\":\"https:\\\/\\\/www.zebemusic.com\\\/wp-content\\\/uploads\\\/2015\\\/05\\\/Titel-5000web.jpg\",\"contentUrl\":\"https:\\\/\\\/www.zebemusic.com\\\/wp-content\\\/uploads\\\/2015\\\/05\\\/Titel-5000web.jpg\",\"width\":425,\"height\":556,\"caption\":\"Life in 4D\"},{\"@type\":\"BreadcrumbList\",\"@id\":\"https:\\\/\\\/www.zebemusic.com\\\/de\\\/product\\\/4d\\\/#breadcrumb\",\"itemListElement\":[{\"@type\":\"ListItem\",\"position\":1,\"name\":\"Shop\",\"item\":\"https:\\\/\\\/www.zebemusic.com\\\/de\\\/shop-2\\\/\"},{\"@type\":\"ListItem\",\"position\":2,\"name\":\"Life in 4D\"}]},{\"@type\":\"WebSite\",\"@id\":\"https:\\\/\\\/www.zebemusic.com\\\/de\\\/#website\",\"url\":\"https:\\\/\\\/www.zebemusic.com\\\/de\\\/\",\"name\":\"ZebeMusic\",\"description\":\"makes you sing.\",\"publisher\":{\"@id\":\"https:\\\/\\\/www.zebemusic.com\\\/de\\\/#organization\"},\"alternateName\":\"Gospelnoten & Kindermusicals\",\"potentialAction\":[{\"@type\":\"SearchAction\",\"target\":{\"@type\":\"EntryPoint\",\"urlTemplate\":\"https:\\\/\\\/www.zebemusic.com\\\/de\\\/?s={search_term_string}\"},\"query-input\":{\"@type\":\"PropertyValueSpecification\",\"valueRequired\":true,\"valueName\":\"search_term_string\"}}],\"inLanguage\":\"de-DE\"},{\"@type\":\"Organization\",\"@id\":\"https:\\\/\\\/www.zebemusic.com\\\/de\\\/#organization\",\"name\":\"ZebeMusic\",\"url\":\"https:\\\/\\\/www.zebemusic.com\\\/de\\\/\",\"logo\":{\"@type\":\"ImageObject\",\"inLanguage\":\"de-DE\",\"@id\":\"https:\\\/\\\/www.zebemusic.com\\\/de\\\/#\\\/schema\\\/logo\\\/image\\\/\",\"url\":\"https:\\\/\\\/www.zebemusic.com\\\/wp-content\\\/uploads\\\/2025\\\/10\\\/ZEBE-Logo_ZW-makesyousing.jpg\",\"contentUrl\":\"https:\\\/\\\/www.zebemusic.com\\\/wp-content\\\/uploads\\\/2025\\\/10\\\/ZEBE-Logo_ZW-makesyousing.jpg\",\"width\":2212,\"height\":958,\"caption\":\"ZebeMusic\"},\"image\":{\"@id\":\"https:\\\/\\\/www.zebemusic.com\\\/de\\\/#\\\/schema\\\/logo\\\/image\\\/\"},\"sameAs\":[\"https:\\\/\\\/www.facebook.com\\\/zebemusic\",\"https:\\\/\\\/www.instagram.com\\\/zebemusic\",\"https:\\\/\\\/www.youtube.com\\\/zebemusicberlin\"]}]}<\/script>\n<!-- \/ Yoast SEO plugin. -->","yoast_head_json":{"title":"Life in 4D - NIKO SCHLENKER bei ZebeMusic","description":"11 charaktervolle, mitrei\u00dfende neue Gospel Songs - Gospelnoten f\u00fcr 3stimmigen Chor und Begleitung. CD\/Song Book\/Vocal Score. Hier Probelesen und -h\u00f6ren >>>","robots":{"index":"index","follow":"follow","max-snippet":"max-snippet:-1","max-image-preview":"max-image-preview:large","max-video-preview":"max-video-preview:-1"},"canonical":"https:\/\/www.zebemusic.com\/de\/product\/4d\/","og_locale":"de_DE","og_type":"article","og_title":"Life in 4D - NIKO SCHLENKER bei ZebeMusic","og_description":"11 charaktervolle, mitrei\u00dfende neue Gospel Songs - Gospelnoten f\u00fcr 3stimmigen Chor und Begleitung. CD\/Song Book\/Vocal Score. Hier Probelesen und -h\u00f6ren >>>","og_url":"https:\/\/www.zebemusic.com\/de\/product\/4d\/","og_site_name":"ZebeMusic","article_publisher":"https:\/\/www.facebook.com\/zebemusic","article_modified_time":"2025-08-11T10:41:28+00:00","og_image":[{"width":425,"height":556,"url":"https:\/\/www.zebemusic.com\/wp-content\/uploads\/2015\/05\/Titel-5000web.jpg","type":"image\/jpeg"}],"twitter_card":"summary_large_image","twitter_misc":{"Est. reading time":"1 minute"},"schema":{"@context":"https:\/\/schema.org","@graph":[{"@type":"WebPage","@id":"https:\/\/www.zebemusic.com\/de\/product\/4d\/","url":"https:\/\/www.zebemusic.com\/de\/product\/4d\/","name":"Life in 4D - NIKO SCHLENKER bei ZebeMusic","isPartOf":{"@id":"https:\/\/www.zebemusic.com\/de\/#website"},"primaryImageOfPage":{"@id":"https:\/\/www.zebemusic.com\/de\/product\/4d\/#primaryimage"},"image":{"@id":"https:\/\/www.zebemusic.com\/de\/product\/4d\/#primaryimage"},"thumbnailUrl":"https:\/\/www.zebemusic.com\/wp-content\/uploads\/2015\/05\/Titel-5000web.jpg","datePublished":"2023-05-26T09:11:14+00:00","dateModified":"2025-08-11T10:41:28+00:00","description":"11 charaktervolle, mitrei\u00dfende neue Gospel Songs - Gospelnoten f\u00fcr 3stimmigen Chor und Begleitung. CD\/Song Book\/Vocal Score. Hier Probelesen und -h\u00f6ren >>>","breadcrumb":{"@id":"https:\/\/www.zebemusic.com\/de\/product\/4d\/#breadcrumb"},"inLanguage":"de-DE","potentialAction":[{"@type":"ReadAction","target":["https:\/\/www.zebemusic.com\/de\/product\/4d\/"]}]},{"@type":"ImageObject","inLanguage":"de-DE","@id":"https:\/\/www.zebemusic.com\/de\/product\/4d\/#primaryimage","url":"https:\/\/www.zebemusic.com\/wp-content\/uploads\/2015\/05\/Titel-5000web.jpg","contentUrl":"https:\/\/www.zebemusic.com\/wp-content\/uploads\/2015\/05\/Titel-5000web.jpg","width":425,"height":556,"caption":"Life in 4D"},{"@type":"BreadcrumbList","@id":"https:\/\/www.zebemusic.com\/de\/product\/4d\/#breadcrumb","itemListElement":[{"@type":"ListItem","position":1,"name":"Shop","item":"https:\/\/www.zebemusic.com\/de\/shop-2\/"},{"@type":"ListItem","position":2,"name":"Life in 4D"}]},{"@type":"WebSite","@id":"https:\/\/www.zebemusic.com\/de\/#website","url":"https:\/\/www.zebemusic.com\/de\/","name":"ZebeMusic","description":"makes you sing.","publisher":{"@id":"https:\/\/www.zebemusic.com\/de\/#organization"},"alternateName":"Gospelnoten & Kindermusicals","potentialAction":[{"@type":"SearchAction","target":{"@type":"EntryPoint","urlTemplate":"https:\/\/www.zebemusic.com\/de\/?s={search_term_string}"},"query-input":{"@type":"PropertyValueSpecification","valueRequired":true,"valueName":"search_term_string"}}],"inLanguage":"de-DE"},{"@type":"Organization","@id":"https:\/\/www.zebemusic.com\/de\/#organization","name":"ZebeMusic","url":"https:\/\/www.zebemusic.com\/de\/","logo":{"@type":"ImageObject","inLanguage":"de-DE","@id":"https:\/\/www.zebemusic.com\/de\/#\/schema\/logo\/image\/","url":"https:\/\/www.zebemusic.com\/wp-content\/uploads\/2025\/10\/ZEBE-Logo_ZW-makesyousing.jpg","contentUrl":"https:\/\/www.zebemusic.com\/wp-content\/uploads\/2025\/10\/ZEBE-Logo_ZW-makesyousing.jpg","width":2212,"height":958,"caption":"ZebeMusic"},"image":{"@id":"https:\/\/www.zebemusic.com\/de\/#\/schema\/logo\/image\/"},"sameAs":["https:\/\/www.facebook.com\/zebemusic","https:\/\/www.instagram.com\/zebemusic","https:\/\/www.youtube.com\/zebemusicberlin"]}]}},"_links":{"self":[{"href":"https:\/\/www.zebemusic.com\/de\/wp-json\/wp\/v2\/product\/6120","targetHints":{"allow":["GET"]}}],"collection":[{"href":"https:\/\/www.zebemusic.com\/de\/wp-json\/wp\/v2\/product"}],"about":[{"href":"https:\/\/www.zebemusic.com\/de\/wp-json\/wp\/v2\/types\/product"}],"wp:featuredmedia":[{"embeddable":true,"href":"https:\/\/www.zebemusic.com\/de\/wp-json\/wp\/v2\/media\/6116"}],"wp:attachment":[{"href":"https:\/\/www.zebemusic.com\/de\/wp-json\/wp\/v2\/media?parent=6120"}],"wp:term":[{"taxonomy":"product_brand","embeddable":true,"href":"https:\/\/www.zebemusic.com\/de\/wp-json\/wp\/v2\/product_brand?post=6120"},{"taxonomy":"product_cat","embeddable":true,"href":"https:\/\/www.zebemusic.com\/de\/wp-json\/wp\/v2\/product_cat?post=6120"},{"taxonomy":"product_tag","embeddable":true,"href":"https:\/\/www.zebemusic.com\/de\/wp-json\/wp\/v2\/product_tag?post=6120"}],"curies":[{"name":"wp","href":"https:\/\/api.w.org\/{rel}","templated":true}]}}