{"id":6270,"date":"2015-08-11T18:01:50","date_gmt":"2015-08-11T16:01:50","guid":{"rendered":"http:\/\/www.zebemusic.com\/produkt\/musical\/saeen-und-erntenneuerscheinung\/"},"modified":"2026-03-10T18:50:39","modified_gmt":"2026-03-10T17:50:39","slug":"saeen-und-ernten","status":"publish","type":"product","link":"https:\/\/www.zebemusic.com\/de\/product\/saeen-und-ernten\/","title":{"rendered":"S\u00e4en und Ernten <br><i>Evangeliums-Musiken<\/i> \u2b07\ufe0f"},"content":{"rendered":"","protected":false},"excerpt":{"rendered":"<p><strong><span style=\"color: #717171;\">10 Musiken, begleitend f\u00fcr die Evangeliums-Lesungen der Sonntage Kantate, Erntedank, Silvester, Neujahr, Sexagesim\u00e4, Volkstrauertag u.v.m., sowie f\u00fcr Jubil\u00e4en, Segnungen und andere Gottesdienste.<\/span><\/strong><\/p>\n<p>Die Grundidee der Liturgie, dass jeder Sonntag durch die Auswahl von Bibeltexten seine besondere F\u00e4rbung erh\u00e4lt, ist in den Evangeliums-Musiken wiederzufinden.<br \/>\nSeit Jahrhunderten sind Evangeliumslesungen f\u00fcr den sonnt\u00e4glichen Gottesdienst fester Bestandteil und zentrale Rolle. Weiteren Bibeltexte, die f\u00fcr den Gottesdienst vorgeschlagen werden, stehen im engen Zusammenhang mit dem Evangeliumstext, vertiefen und erg\u00e4nzen ihn.<br \/>\n<strong>Hier kn\u00fcpft S\u00c4EN UND ERNTEN mit 10 leichten Lied- und Textbearbeitungen an, die das Thema eines Gottesdienst erg\u00e4nzen und bereichern.<\/strong><\/p>\n<p>Der gemischte Chor (SATB), die Solisten (ad lib.) und die zwei Sprecher werden von Instrumenten begleitet und umrahmt.<br \/>\nZum begleitenden Klavier kommen zwei Melodie-Instrumente in C, die im Notentext mit Fl\u00f6te und Trompete bezeichnet werden. Bass, Gitarre und Schlagzeug k\u00f6nnen erg\u00e4nzt werden; Akkordsymbole und Drum-Pattern sind notiert.<br \/>\nEntsprechend der Kantoreipraxis sollen die M\u00f6glichkeiten der Gemeinde genutzt werden.<br \/>\nKonkrete Vorschl\u00e4ge f\u00fcr den Einsatz der Instrumente werden in der Partitur gemacht.<br \/>\nMusik und Text sind einfach strukturiert, sodass sie in jeder Gemeinde ohne \u00c4ngste Eingang finden k\u00f6nnen.<\/p>\n<p><strong>Gleichzeitig ist diese Ausgabe eine reiche Liedsammlung f\u00fcr Gemeindearbeit und Religionsunterricht f\u00fcr viele Gelegenheiten. Die Lieder sind auch einstimmig singbar, begleitet von Klavier oder Gitarre.<\/strong><\/p>\n<p lang=\"de-DE\"><strong>Inhalt:<br \/>\n<\/strong>1 Der S\u00e4mann s\u00e4t den Samen aus (Sonntag Sexagesim\u00e4 &#8211; Lk 8,4-8)<br \/>\n2 W\u00fcnsche f\u00fcr mein Leben (15. Sonntag nach Trinitatis &#8211; Mt 6,25-34)<br \/>\n3 Freut euch mit mir (3. Sonntag nach Trinitatis &#8211; Lk 215,8-10 und Wochenspruch Lk 19,10)<br \/>\n4 Du sitzt mit mir an einem Tisch (Volkstrauertag, Friedensgottesdienst &#8211; Lk 11,14-26)<br \/>\n5 Vier M\u00e4nner, sie st\u00fcrmen (19. Sonntag nach Trinitatis &#8211; Mk 2,1-12)<br \/>\n6 Schiff in Not! (4. Sonntag nach Epiphanias &#8211; Mk 4,35-41)<br \/>\n7 Wenn einer fragt, was morgen sei (17. Stg. n. Tr. &#8211; Mt 15,21-28; Mk 7,24-30; R\u00f6m 10,9-17-18)<br \/>\n8 Im Netz sind tausend Fische (5. Sonntag nach Trinitatis &#8211; Lk 5,1-11; Joh 29,19-29)<br \/>\n9 Wenn ich mich auf mein Lebenswerk berufe (Silvester \/ Neujahr \/ Jubil\u00e4um \/ Lebensr\u00fcckblick &#8211; Lk 8.4-8)<br \/>\n10 Unter dem Schatten deiner Fl\u00fcgel (Segnung \/ Lebensweg \/ Michaelisfest &#8211; Apk 12,7-12)<\/p>\n<p lang=\"de-DE\"><strong>Lieder:<\/strong> S\u00e4en und ernten, Freude am Leben; Der S\u00e4mann s\u00e4t den Samen aus; W\u00fcnsche f\u00fcr mein Leben; Des Menschensohn ist kommen (Kanon); Freut euch mit mir; Du sitzt mit mir an einem Tisch; Vier M\u00e4nner, sie st\u00fcrmen (Heile du mich, Gott); In Wogen und Wind (Kanon); Schiff in Not!; F\u00fcreinander leben (Kanon), Wenn einer fragt, was morgen sei; Vertrau dem Wort (Kanon); Im Netz sind tausend Fische; Wenn ich mich auf mein Lebenswerk berufe; Unter dem Schatten deiner Fl\u00fcgel<\/p>\n<p>Im Inhaltsverzeichnis wird dargestellt, wie die Evangeliums-Musiken einzelnen Sonn- und Feiertagen zuzuordnen sind (siehe <a href=\"\/wp-content\/PP\/PP5030.PDF\" target=\"_blank\" rel=\"noopener noreferrer\">Probepartitur<\/a>).<\/p>\n<p><strong><a href=\"\/wp-content\/PP\/PP5030.PDF\" target=\"_blank\" rel=\"noopener noreferrer\"><span style=\"color: #ff0000;\">Probepartitur &gt;&gt;&gt;<\/span> <\/a><\/strong><\/p>\n<hr \/>\n<p id=\"postdetails\"><strong><span style=\"color: #717171;\">Text:<\/span><\/strong> Dieter Stork<br \/>\n<strong><span style=\"color: #717171;\">Komponist:<\/span><\/strong> Wilhelm H. Koch<br \/>\n<strong><span style=\"color: #717171;\">Besetzung:<\/span><\/strong> gemischter Chor (SATB), auch einstimmig , Klavier, 2 Melodie-Instrumente, weitere Instrumente und Solisten nach Belieben<br \/>\n<strong><span style=\"color: #717171;\">Dauer:<\/span><\/strong> jeweils ca. 8-13 min. (Gesamtl\u00e4nge: ca. 90 min)<br \/>\n<strong><span style=\"color: #717171;\">Schwierigkeitsgrad:<\/span><\/strong> leicht<\/p>\n<hr \/>\n<p><strong>\u2022 Partitur<\/strong> (A4, 70 Seiten zum Download) \u20ac 19,90<\/p>\n<p><strong>\u2022 Chorausgabe<\/strong> mit allen Liedern und Texten (A4, 36 Seiten zum Download, nur in Chorst\u00e4rke!) \u20ac 4,95<\/p>\n<p><strong>\u2022 Instrumentalausgabe<\/strong> mit Klavierpart (obligat), 2 Melodie-Instrumenten ad lib., Streichern ad lib., Bass, Gitarre und Schlagzeug\/Percussion ad lib. (ALL-IN-ONE, A4, 48 Seiten zum Download) \u20ac 14,95<\/p>\n<p>Bitte w\u00e4hlen Sie hier aus:<\/p>\n","protected":false},"featured_media":6291,"template":"","meta":{"_acf_changed":false},"product_brand":[],"product_cat":[14,15],"product_tag":[623],"class_list":{"0":"post-6270","1":"product","2":"type-product","3":"status-publish","4":"has-post-thumbnail","6":"product_cat-jazz","7":"product_cat-kindermusical","8":"product_tag-stork","9":"pa_diff-leicht","10":"pa_language-deutsch","11":"pa_occ-angst-und-vertrauen","12":"pa_occ-beginn-und-abschied-segen","13":"pa_occ-besondere-anlaesse","14":"pa_occ-biblische-geschichten","15":"pa_occ-dankbarkeit","16":"pa_occ-liturgie","17":"pa_occ-lobpreis","18":"pa_occ-neues-testament","19":"pa_occ-sterben-und-bestattung","20":"pa_occ-taufe-und-zeugnis","21":"pa_others-downloads-de","22":"pa_others-sammlungen","23":"pa_style-genre-kantoreipraxis-de","24":"pa_style-genre-ngl-de","25":"pa_style-genre-pop-crossover-de","26":"pa_variation-chorausgabe","27":"pa_variation-instrumente","28":"pa_variation-partitur","29":"pa_voicing-gemeindegesang","30":"pa_voicing-mit-begleitung","31":"pa_voicing-mit-solist","32":"pa_voicing-sam-de","33":"pa_voicing-satb-de","34":"pa_voicing-ssa-de","35":"pa_voicing-texte","37":"first","38":"instock","39":"taxable","40":"shipping-taxable","41":"purchasable","42":"product-type-variable","43":"has-default-attributes"},"acf":[],"yoast_head":"<!-- This site is optimized with the Yoast SEO plugin v27.3 - https:\/\/yoast.com\/product\/yoast-seo-wordpress\/ -->\n<title>S\u00e4en und Ernten<\/title>\n<meta name=\"description\" content=\"10 Musiken begleitend f\u00fcr lebendige Evangeliums-Lesungen der Sonntage Kantate, Erntedank, Silvester, Neujahr, Sexagesim\u00e4, Volkstrauertag u.v.m., f\u00fcr Jubil\u00e4en, ...\" \/>\n<meta name=\"robots\" content=\"index, follow, max-snippet:-1, max-image-preview:large, max-video-preview:-1\" \/>\n<link rel=\"canonical\" href=\"https:\/\/www.zebemusic.com\/de\/product\/saeen-und-ernten\/\" \/>\n<meta property=\"og:locale\" content=\"de_DE\" \/>\n<meta property=\"og:type\" content=\"article\" \/>\n<meta property=\"og:title\" content=\"S\u00e4en und Ernten\" \/>\n<meta property=\"og:description\" content=\"10 Musiken begleitend f\u00fcr lebendige Evangeliums-Lesungen der Sonntage Kantate, Erntedank, Silvester, Neujahr, Sexagesim\u00e4, Volkstrauertag u.v.m., f\u00fcr Jubil\u00e4en, ...\" \/>\n<meta property=\"og:url\" content=\"https:\/\/www.zebemusic.com\/de\/product\/saeen-und-ernten\/\" \/>\n<meta property=\"og:site_name\" content=\"ZebeMusic\" \/>\n<meta property=\"article:publisher\" content=\"https:\/\/www.facebook.com\/zebemusic\" \/>\n<meta property=\"article:modified_time\" content=\"2026-03-10T17:50:39+00:00\" \/>\n<meta property=\"og:image\" content=\"https:\/\/www.zebemusic.com\/wp-content\/uploads\/2015\/08\/ZEBE50301.jpg\" \/>\n\t<meta property=\"og:image:width\" content=\"355\" \/>\n\t<meta property=\"og:image:height\" content=\"500\" \/>\n\t<meta property=\"og:image:type\" content=\"image\/jpeg\" \/>\n<meta name=\"twitter:card\" content=\"summary_large_image\" \/>\n<meta name=\"twitter:label1\" content=\"Est. reading time\" \/>\n\t<meta name=\"twitter:data1\" content=\"1 minute\" \/>\n<script type=\"application\/ld+json\" class=\"yoast-schema-graph\">{\"@context\":\"https:\\\/\\\/schema.org\",\"@graph\":[{\"@type\":\"WebPage\",\"@id\":\"https:\\\/\\\/www.zebemusic.com\\\/de\\\/product\\\/saeen-und-ernten\\\/\",\"url\":\"https:\\\/\\\/www.zebemusic.com\\\/de\\\/product\\\/saeen-und-ernten\\\/\",\"name\":\"S\u00e4en und Ernten\",\"isPartOf\":{\"@id\":\"https:\\\/\\\/www.zebemusic.com\\\/de\\\/#website\"},\"primaryImageOfPage\":{\"@id\":\"https:\\\/\\\/www.zebemusic.com\\\/de\\\/product\\\/saeen-und-ernten\\\/#primaryimage\"},\"image\":{\"@id\":\"https:\\\/\\\/www.zebemusic.com\\\/de\\\/product\\\/saeen-und-ernten\\\/#primaryimage\"},\"thumbnailUrl\":\"https:\\\/\\\/www.zebemusic.com\\\/wp-content\\\/uploads\\\/2015\\\/08\\\/ZEBE50301.jpg\",\"datePublished\":\"2015-08-11T16:01:50+00:00\",\"dateModified\":\"2026-03-10T17:50:39+00:00\",\"description\":\"10 Musiken begleitend f\u00fcr lebendige Evangeliums-Lesungen der Sonntage Kantate, Erntedank, Silvester, Neujahr, Sexagesim\u00e4, Volkstrauertag u.v.m., f\u00fcr Jubil\u00e4en, ...\",\"breadcrumb\":{\"@id\":\"https:\\\/\\\/www.zebemusic.com\\\/de\\\/product\\\/saeen-und-ernten\\\/#breadcrumb\"},\"inLanguage\":\"de-DE\",\"potentialAction\":[{\"@type\":\"ReadAction\",\"target\":[\"https:\\\/\\\/www.zebemusic.com\\\/de\\\/product\\\/saeen-und-ernten\\\/\"]}]},{\"@type\":\"ImageObject\",\"inLanguage\":\"de-DE\",\"@id\":\"https:\\\/\\\/www.zebemusic.com\\\/de\\\/product\\\/saeen-und-ernten\\\/#primaryimage\",\"url\":\"https:\\\/\\\/www.zebemusic.com\\\/wp-content\\\/uploads\\\/2015\\\/08\\\/ZEBE50301.jpg\",\"contentUrl\":\"https:\\\/\\\/www.zebemusic.com\\\/wp-content\\\/uploads\\\/2015\\\/08\\\/ZEBE50301.jpg\",\"width\":355,\"height\":500},{\"@type\":\"BreadcrumbList\",\"@id\":\"https:\\\/\\\/www.zebemusic.com\\\/de\\\/product\\\/saeen-und-ernten\\\/#breadcrumb\",\"itemListElement\":[{\"@type\":\"ListItem\",\"position\":1,\"name\":\"Shop\",\"item\":\"https:\\\/\\\/www.zebemusic.com\\\/de\\\/shop-2\\\/\"},{\"@type\":\"ListItem\",\"position\":2,\"name\":\"S\u00e4en und Ernten Evangeliums-Musiken \u2b07\ufe0f\"}]},{\"@type\":\"WebSite\",\"@id\":\"https:\\\/\\\/www.zebemusic.com\\\/de\\\/#website\",\"url\":\"https:\\\/\\\/www.zebemusic.com\\\/de\\\/\",\"name\":\"ZebeMusic\",\"description\":\"makes you sing.\",\"publisher\":{\"@id\":\"https:\\\/\\\/www.zebemusic.com\\\/de\\\/#organization\"},\"alternateName\":\"Gospelnoten & Kindermusicals\",\"potentialAction\":[{\"@type\":\"SearchAction\",\"target\":{\"@type\":\"EntryPoint\",\"urlTemplate\":\"https:\\\/\\\/www.zebemusic.com\\\/de\\\/?s={search_term_string}\"},\"query-input\":{\"@type\":\"PropertyValueSpecification\",\"valueRequired\":true,\"valueName\":\"search_term_string\"}}],\"inLanguage\":\"de-DE\"},{\"@type\":\"Organization\",\"@id\":\"https:\\\/\\\/www.zebemusic.com\\\/de\\\/#organization\",\"name\":\"ZebeMusic\",\"url\":\"https:\\\/\\\/www.zebemusic.com\\\/de\\\/\",\"logo\":{\"@type\":\"ImageObject\",\"inLanguage\":\"de-DE\",\"@id\":\"https:\\\/\\\/www.zebemusic.com\\\/de\\\/#\\\/schema\\\/logo\\\/image\\\/\",\"url\":\"https:\\\/\\\/www.zebemusic.com\\\/wp-content\\\/uploads\\\/2025\\\/10\\\/ZEBE-Logo_ZW-makesyousing.jpg\",\"contentUrl\":\"https:\\\/\\\/www.zebemusic.com\\\/wp-content\\\/uploads\\\/2025\\\/10\\\/ZEBE-Logo_ZW-makesyousing.jpg\",\"width\":2212,\"height\":958,\"caption\":\"ZebeMusic\"},\"image\":{\"@id\":\"https:\\\/\\\/www.zebemusic.com\\\/de\\\/#\\\/schema\\\/logo\\\/image\\\/\"},\"sameAs\":[\"https:\\\/\\\/www.facebook.com\\\/zebemusic\",\"https:\\\/\\\/www.instagram.com\\\/zebemusic\",\"https:\\\/\\\/www.youtube.com\\\/zebemusicberlin\"]}]}<\/script>\n<!-- \/ Yoast SEO plugin. -->","yoast_head_json":{"title":"S\u00e4en und Ernten","description":"10 Musiken begleitend f\u00fcr lebendige Evangeliums-Lesungen der Sonntage Kantate, Erntedank, Silvester, Neujahr, Sexagesim\u00e4, Volkstrauertag u.v.m., f\u00fcr Jubil\u00e4en, ...","robots":{"index":"index","follow":"follow","max-snippet":"max-snippet:-1","max-image-preview":"max-image-preview:large","max-video-preview":"max-video-preview:-1"},"canonical":"https:\/\/www.zebemusic.com\/de\/product\/saeen-und-ernten\/","og_locale":"de_DE","og_type":"article","og_title":"S\u00e4en und Ernten","og_description":"10 Musiken begleitend f\u00fcr lebendige Evangeliums-Lesungen der Sonntage Kantate, Erntedank, Silvester, Neujahr, Sexagesim\u00e4, Volkstrauertag u.v.m., f\u00fcr Jubil\u00e4en, ...","og_url":"https:\/\/www.zebemusic.com\/de\/product\/saeen-und-ernten\/","og_site_name":"ZebeMusic","article_publisher":"https:\/\/www.facebook.com\/zebemusic","article_modified_time":"2026-03-10T17:50:39+00:00","og_image":[{"width":355,"height":500,"url":"https:\/\/www.zebemusic.com\/wp-content\/uploads\/2015\/08\/ZEBE50301.jpg","type":"image\/jpeg"}],"twitter_card":"summary_large_image","twitter_misc":{"Est. reading time":"1 minute"},"schema":{"@context":"https:\/\/schema.org","@graph":[{"@type":"WebPage","@id":"https:\/\/www.zebemusic.com\/de\/product\/saeen-und-ernten\/","url":"https:\/\/www.zebemusic.com\/de\/product\/saeen-und-ernten\/","name":"S\u00e4en und Ernten","isPartOf":{"@id":"https:\/\/www.zebemusic.com\/de\/#website"},"primaryImageOfPage":{"@id":"https:\/\/www.zebemusic.com\/de\/product\/saeen-und-ernten\/#primaryimage"},"image":{"@id":"https:\/\/www.zebemusic.com\/de\/product\/saeen-und-ernten\/#primaryimage"},"thumbnailUrl":"https:\/\/www.zebemusic.com\/wp-content\/uploads\/2015\/08\/ZEBE50301.jpg","datePublished":"2015-08-11T16:01:50+00:00","dateModified":"2026-03-10T17:50:39+00:00","description":"10 Musiken begleitend f\u00fcr lebendige Evangeliums-Lesungen der Sonntage Kantate, Erntedank, Silvester, Neujahr, Sexagesim\u00e4, Volkstrauertag u.v.m., f\u00fcr Jubil\u00e4en, ...","breadcrumb":{"@id":"https:\/\/www.zebemusic.com\/de\/product\/saeen-und-ernten\/#breadcrumb"},"inLanguage":"de-DE","potentialAction":[{"@type":"ReadAction","target":["https:\/\/www.zebemusic.com\/de\/product\/saeen-und-ernten\/"]}]},{"@type":"ImageObject","inLanguage":"de-DE","@id":"https:\/\/www.zebemusic.com\/de\/product\/saeen-und-ernten\/#primaryimage","url":"https:\/\/www.zebemusic.com\/wp-content\/uploads\/2015\/08\/ZEBE50301.jpg","contentUrl":"https:\/\/www.zebemusic.com\/wp-content\/uploads\/2015\/08\/ZEBE50301.jpg","width":355,"height":500},{"@type":"BreadcrumbList","@id":"https:\/\/www.zebemusic.com\/de\/product\/saeen-und-ernten\/#breadcrumb","itemListElement":[{"@type":"ListItem","position":1,"name":"Shop","item":"https:\/\/www.zebemusic.com\/de\/shop-2\/"},{"@type":"ListItem","position":2,"name":"S\u00e4en und Ernten Evangeliums-Musiken \u2b07\ufe0f"}]},{"@type":"WebSite","@id":"https:\/\/www.zebemusic.com\/de\/#website","url":"https:\/\/www.zebemusic.com\/de\/","name":"ZebeMusic","description":"makes you sing.","publisher":{"@id":"https:\/\/www.zebemusic.com\/de\/#organization"},"alternateName":"Gospelnoten & Kindermusicals","potentialAction":[{"@type":"SearchAction","target":{"@type":"EntryPoint","urlTemplate":"https:\/\/www.zebemusic.com\/de\/?s={search_term_string}"},"query-input":{"@type":"PropertyValueSpecification","valueRequired":true,"valueName":"search_term_string"}}],"inLanguage":"de-DE"},{"@type":"Organization","@id":"https:\/\/www.zebemusic.com\/de\/#organization","name":"ZebeMusic","url":"https:\/\/www.zebemusic.com\/de\/","logo":{"@type":"ImageObject","inLanguage":"de-DE","@id":"https:\/\/www.zebemusic.com\/de\/#\/schema\/logo\/image\/","url":"https:\/\/www.zebemusic.com\/wp-content\/uploads\/2025\/10\/ZEBE-Logo_ZW-makesyousing.jpg","contentUrl":"https:\/\/www.zebemusic.com\/wp-content\/uploads\/2025\/10\/ZEBE-Logo_ZW-makesyousing.jpg","width":2212,"height":958,"caption":"ZebeMusic"},"image":{"@id":"https:\/\/www.zebemusic.com\/de\/#\/schema\/logo\/image\/"},"sameAs":["https:\/\/www.facebook.com\/zebemusic","https:\/\/www.instagram.com\/zebemusic","https:\/\/www.youtube.com\/zebemusicberlin"]}]}},"_links":{"self":[{"href":"https:\/\/www.zebemusic.com\/de\/wp-json\/wp\/v2\/product\/6270","targetHints":{"allow":["GET"]}}],"collection":[{"href":"https:\/\/www.zebemusic.com\/de\/wp-json\/wp\/v2\/product"}],"about":[{"href":"https:\/\/www.zebemusic.com\/de\/wp-json\/wp\/v2\/types\/product"}],"wp:featuredmedia":[{"embeddable":true,"href":"https:\/\/www.zebemusic.com\/de\/wp-json\/wp\/v2\/media\/6291"}],"wp:attachment":[{"href":"https:\/\/www.zebemusic.com\/de\/wp-json\/wp\/v2\/media?parent=6270"}],"wp:term":[{"taxonomy":"product_brand","embeddable":true,"href":"https:\/\/www.zebemusic.com\/de\/wp-json\/wp\/v2\/product_brand?post=6270"},{"taxonomy":"product_cat","embeddable":true,"href":"https:\/\/www.zebemusic.com\/de\/wp-json\/wp\/v2\/product_cat?post=6270"},{"taxonomy":"product_tag","embeddable":true,"href":"https:\/\/www.zebemusic.com\/de\/wp-json\/wp\/v2\/product_tag?post=6270"}],"curies":[{"name":"wp","href":"https:\/\/api.w.org\/{rel}","templated":true}]}}