{"id":6442,"date":"2015-11-11T15:33:47","date_gmt":"2015-11-11T13:33:47","guid":{"rendered":"http:\/\/www.zebemusic.com\/produkt\/jazz\/messe-in-d\/"},"modified":"2026-02-09T18:39:28","modified_gmt":"2026-02-09T17:39:28","slug":"rockmesse","status":"publish","type":"product","link":"https:\/\/www.zebemusic.com\/de\/product\/rockmesse\/","title":{"rendered":"Messe in D <br><i>Sinfonische Rockmesse <\/i><br><b>NEU: <\/b>Kleine Besetzung"},"content":{"rendered":"<p><span style=\"color: #999999;\"><strong>\u00c4nderungen bitte unten!!<\/strong><\/span><\/p>\n<p><span style=\"color: #999999;\">Ein grandioses Werk mit viel Dramatik und Dynamik ist die neue Rockmesse von Andreas M\u00fccksch. Er schrieb sie f\u00fcr gro\u00dfes Orchester, Band, Chor, Solo-Sopran und -Mezzosopran. 70 Minuten spannungsreicher geistlicher Musik in lateinischer Sprache, mit kompositorischen Stilelementen aus Barock, Romantik und Classic Rock.<\/span><br \/>\n<span style=\"color: #999999;\">Eine Empfehlung f\u00fcr Oratoriench\u00f6re und alle Gruppen, die ein au\u00dfergew\u00f6hnliches,<\/span><br \/>\n<span style=\"color: #999999;\">wirkungsvolles Konzertst\u00fcck suchen und eine lohnenswerte Herausforderung sch\u00e4tzen.<\/span><\/p>\n<p><span style=\"color: #999999;\">In K\u00fcrze erscheint die reduzierte Version f\u00fcr kleines Orchester (Streicher, 2 Fl\u00f6ten) und Band. Dies soll den Zugang zu diesem St\u00fcck f\u00fcr alle interessierten Gruppen m\u00f6glich machen und eine bezahlbare, dennoch authentische Alternative bieten. Der Gesangspart bleibt unver\u00e4ndert.<\/span><\/p>\n<p><span style=\"color: #999999;\"><strong><em>&#8220;Unmittelbar ansprechendes, dramaturgisch wirkungsvoll gestaltetes Werk&#8230; Fesselt durch die immer wieder neue Austarierung traditioneller und moderner Elemente, die trotz der stilistischen Vielfalt einen einheitlichen gro\u00dfen Bogen ergeben.&#8221;<\/em><\/strong>\u00a0 (Forum Kirchenmusik)<\/span><\/p>\n<p><span style=\"color: #999999;\"><strong><em>&#8220;Beeindruckendes musikalisches Klangerlebnis, das durch seine Dramatik und Dynamik besticht&#8230;<br \/>\nEinmalige Verbindung verschiedener Stilelemente war f\u00fcr viele S\u00e4nger ein echter H\u00f6hepunkt.&#8221;<\/em><\/strong> (Westf\u00e4lische Nachrichten)<\/span><\/p>\n<p><center><iframe loading=\"lazy\" src=\"https:\/\/www.youtube.com\/embed\/rnDAyDNeIhg\" width=\"400\" height=\"280\" frameborder=\"0\" allowfullscreen=\"allowfullscreen\" data-mce-fragment=\"1\"><span style=\"display: inline-block; width: 0px; overflow: hidden; line-height: 0;\" data-mce-type=\"bookmark\" class=\"mce_SELRES_start\">\ufeff<\/span><\/iframe><\/center><span style=\"color: #999999;\"><strong>\u00a0<\/strong><\/span><\/p>\n<p><span style=\"color: #999999;\"><a style=\"color: #999999;\" href=\"\/wp-content\/PP\/PP2238.pdf\" target=\"_blank\" rel=\"noopener noreferrer\"><strong>Probepartitur der PARTITUR <\/strong>zum Download<\/a><strong><a style=\"color: #999999;\" href=\"\/wp-content\/PP\/PP2238.pdf\" target=\"_blank\" rel=\"noopener noreferrer\"> &gt;&gt;&gt;<\/a><a style=\"color: #999999;\" href=\"\/wp-content\/PP\/PP2239.pdf\" target=\"_blank\" rel=\"noopener noreferrer\"><br \/>\nProbepartitur der GESANGSAUSGABE<\/a><\/strong><a style=\"color: #999999;\" href=\"\/wp-content\/PP\/PP2239.pdf\" target=\"_blank\" rel=\"noopener noreferrer\"> zum Download<strong> &gt;&gt;&gt; <\/strong><\/a><\/span><\/p>\n<p><span style=\"color: #999999;\"><a style=\"color: #999999;\" href=\"https:\/\/zebemusic.com\/wp-content\/uploads\/2016\/08\/Material-Programmheft-Text-Bild.doc\">Text- und Bild der Rockmesse f\u00fcr Ihr Programmheft &gt;&gt;&gt;<\/a><\/span><\/p>\n<p><span style=\"color: #999999;\"><a style=\"color: #999999;\" href=\"http:\/\/www.youtube.com\/embed\/rnDAyDNeIhg\">www.youtube.com\/embed\/rnDAyDNeIhg<\/a><\/span><\/p>\n<p>&nbsp;<\/p>\n<p>&nbsp;<\/p>\n<p><span style=\"color: #999999;\">Komponist: <a style=\"color: #999999;\" href=\"\/andreasmuecksch\">Andreas M\u00fccksch<\/a><span id=\"authors\"><\/span><\/span><br \/>\n<span style=\"color: #999999;\"><strong>Besetzung:<\/strong> Orchester, Band, Chor (SATB), Sopran Solo, Mezzosopran Solo<\/span><br \/>\n<span style=\"color: #999999;\"><strong>Schwierigkeitsgrad:<\/strong> mittel-schwer<\/span><\/p>\n<hr \/>\n<p><span style=\"color: #999999;\"><strong>\u2022 Partitur<\/strong> (B4 Gro\u00dfformat, ca. 232 Seiten, Ringbindung, ISBN 978-3-95423-010-5, ZE 2238) \u20ac 39,90<\/span><\/p>\n<p><span style=\"color: #999999;\"><strong>\u2022 NEU: Partitur Kammerfassung<\/strong> (A4, Ringbindung) \u20ac 29,90 (lieferbar ca. 12\/2025)<\/span><\/p>\n<p><span style=\"color: #999999;\"><strong>\u2022 Gesangsausgabe<\/strong>\u00a0 (2. korrigierte Auflage, inkl. Akkordsymbole, 88 Seiten, ISBN 978-3-95423-011-2, ZE 2239) \u20ac 12,90<\/span><br \/>\n<span style=\"color: #999999;\">Staffelpreis! Ab 10 Stk. nur \u20ac 9,90, ab 50 Stk. nur \u20ac 8,90<\/span><\/p>\n<p><span style=\"color: #999999;\"><strong>\u2022 CD der Urauff\u00fchrung<\/strong>\u00a0 \u20ac 5,00<\/span><\/p>\n<p><span style=\"color: #999999;\"><strong>\u2022 mp3 zum Download<\/strong>\u00a0 \u20ac 2,99<\/span><\/p>\n<p><span style=\"color: #999999;\"><strong>\u2022 Orchestermaterial\u00a0<\/strong> leihweise nach Ihren W\u00fcnschen<\/span><\/p>\n<p>&nbsp;<\/p>\n","protected":false},"excerpt":{"rendered":"<p>Ein episches Werk mit viel Dramatik und Dynamik ist die Rockmesse von Andreas M\u00fccksch.<br \/>\nEr schrieb sie f\u00fcr gro\u00dfes Orchester, Band, Chor, Solo-Sopran und -Mezzosopran. 70 Minuten spannungsreicher geistlicher Musik in lateinischer Sprache, mit kompositorischen Stilelementen aus Barock, Romantik und Classic Rock.<br \/>\nEine Empfehlung f\u00fcr Oratoriench\u00f6re und alle Gruppen, die ein au\u00dfergew\u00f6hnliches,<br \/>\nwirkungsvolles Konzertst\u00fcck suchen und eine lohnenswerte Herausforderung sch\u00e4tzen.<\/p>\n<p><a href=\"https:\/\/www.zebemusic.com\/wp-content\/uploads\/2015\/11\/ZE2289-3d-1.jpg\"><img loading=\"lazy\" decoding=\"async\" class=\" wp-image-30064 alignleft\" src=\"https:\/\/www.zebemusic.com\/wp-content\/uploads\/2015\/11\/ZE2289-3d-1-216x300.jpg\" alt=\"\" width=\"112\" height=\"156\" srcset=\"https:\/\/www.zebemusic.com\/wp-content\/uploads\/2015\/11\/ZE2289-3d-1-216x300.jpg 216w, https:\/\/www.zebemusic.com\/wp-content\/uploads\/2015\/11\/ZE2289-3d-1-108x150.jpg 108w, https:\/\/www.zebemusic.com\/wp-content\/uploads\/2015\/11\/ZE2289-3d-1-200x278.jpg 200w, https:\/\/www.zebemusic.com\/wp-content\/uploads\/2015\/11\/ZE2289-3d-1.jpg 432w\" sizes=\"auto, (max-width: 112px) 100vw, 112px\" \/><\/a><strong>In K\u00fcrze erscheint die reduzierte Version f\u00fcr kleines Orchester und Band!<\/strong><br \/>\nDiese Kammerfassung soll den Zugang zu diesem St\u00fcck f\u00fcr alle interessierten Gruppen m\u00f6glich machen und eine bezahlbare, dennoch authentische Alternative bieten. Die Orchestrierung umfasst \u00a0Violine 1 und 2, Viola, Violoncello und Fl\u00f6ten. In der Band kommen Keys, Drums und Bassgitarre oder Kontrabass zum Einsatz. Der Gesangspart bleibt unver\u00e4ndert.<\/p>\n<p>&nbsp;<\/p>\n<p style=\"padding-left: 80px;\"><span style=\"color: #ff0000;\"><strong><em>&#8220;Unmittelbar ansprechendes, dramaturgisch wirkungsvoll gestaltetes Werk&#8230; Fesselt durch die immer wieder neue Austarierung traditioneller und moderner Elemente, die trotz der stilistischen Vielfalt einen einheitlichen gro\u00dfen Bogen ergeben.&#8221;<\/em><\/strong><\/span>\u00a0<span style=\"color: #999999;\"> (Forum Kirchenmusik)<\/span><\/p>\n<p style=\"padding-left: 80px;\"><span style=\"color: #ff0000;\"><strong><em>&#8220;Beeindruckendes musikalisches Klangerlebnis, das durch seine Dramatik und Dynamik besticht&#8230;<br \/>\nEinmalige Verbindung verschiedener Stilelemente war f\u00fcr viele S\u00e4nger ein echter H\u00f6hepunkt.&#8221;<\/em><\/strong><\/span> <span style=\"color: #999999;\"> (Westf\u00e4lische Nachrichten)<\/span><\/p>\n<p><!--more--><\/p>\n<p><center><iframe loading=\"lazy\" src=\"https:\/\/www.youtube.com\/embed\/rnDAyDNeIhg\" width=\"400\" height=\"280\" frameborder=\"0\" allowfullscreen=\"allowfullscreen\"><\/iframe><\/center><strong>\u00a0<\/strong><\/p>\n<p><a href=\"\/wp-content\/PP\/PP2238.pdf\" target=\"_blank\" rel=\"noopener noreferrer\"><strong><span style=\"color: #ff0000;\">Probepartitur der PARTITUR <\/span><\/strong><span style=\"color: #ff0000;\">zum Download<\/span><\/a><strong><a href=\"\/wp-content\/PP\/PP2238.pdf\" target=\"_blank\" rel=\"noopener noreferrer\"> &gt;&gt;&gt;<\/a><a href=\"\/wp-content\/PP\/PP2239.pdf\" target=\"_blank\" rel=\"noopener noreferrer\"><span style=\"color: #ff0000;\"><br \/>\n<\/span><span style=\"color: #ff0000;\"> Probepartitur der GESANGSAUSGABE<\/span><\/a><\/strong><a href=\"\/wp-content\/PP\/PP2239.pdf\" target=\"_blank\" rel=\"noopener noreferrer\"><span style=\"color: #ff0000;\"> zum Download<\/span><strong> &gt;&gt;&gt; <\/strong><\/a><\/p>\n<p><a href=\"https:\/\/zebemusic.com\/wp-content\/uploads\/2016\/08\/Material-Programmheft-Text-Bild.doc\">Text- und Bild der Rockmesse f\u00fcr Ihr Programmheft &gt;&gt;&gt;<\/a><\/p>\n<p>&nbsp;<\/p>\n<p>Komponist: <a href=\"\/andreasmuecksch\">Andreas M\u00fccksch<\/a><span id=\"authors\"><\/span><br \/>\n<strong>Besetzung:<\/strong> Orchester, Band, Chor (SATB), Sopran Solo, Mezzosopran Solo<br \/>\n<strong>Schwierigkeitsgrad:<\/strong> mittel-schwer<\/p>\n<hr \/>\n<p><strong>\u2022 Partitur<\/strong> (B4 Gro\u00dfformat, ca. 232 Seiten, Ringbindung, ISBN 978-3-95423-010-5, ZE 2238) \u20ac 39,90<\/p>\n<p><strong>\u2022 NEU: Partitur Kammerfassung<\/strong> (A4, ca. 254 Seiten, Ringbindung, ISBN 978-3-95423-050-1, ZE 2289) \u20ac 29,90 (lieferbar ca. Anfang 2026)<\/p>\n<p><strong><strong>\u2022 Gesangsausgabe<\/strong><\/strong>\u00a0 (2. korrigierte Auflage, inkl. Akkordsymbole, 88 Seiten, ISBN 978-3-95423-011-2, ZE 2239) \u20ac 12,90<br \/>\nStaffelpreis! Ab 10 Stk. nur \u20ac 9,90, ab 50 Stk. nur \u20ac 8,90<\/p>\n<p><strong>\u2022 CD der Urauff\u00fchrung<\/strong>\u00a0 \u20ac 5,00<\/p>\n<p><strong>\u2022 mp3 zum Download<\/strong>\u00a0 \u20ac 2,99<\/p>\n<p><strong>\u2022 Orchestermaterial\u00a0<\/strong> leihweise nach Ihren W\u00fcnschen<\/p>\n<p><strong>\u2022 Instrumentalstimmen der kleinen Besetzung:<\/strong><br \/>\n2289.01 Violine 1 (28 Seiten) \u20ac 4,90<br \/>\n2289.02 Violine 2 (32 Seiten) \u20ac 4,90<br \/>\n2289.03 Viola (28 Seiten) \u20ac 4,90<br \/>\n2289.04 Violoncello (28 Seiten) \u20ac 4,90<br \/>\n2289.05 Bassgitarre (32 Seiten) \u20ac 4,90<br \/>\n2289.06 Fl\u00f6te 1 (20 Seiten) \u20ac 4,90<br \/>\n2289.07 Fl\u00f6te 2 (20 Seiten) \u20ac 4,90<br \/>\n2289.08 Lead Sheet &#8211; Gitarre Piano (44 Seiten) \u20ac 11,90<br \/>\n2289.09 Drums (24 Seiten) \u20ac 4,90<\/p>\n","protected":false},"featured_media":30174,"template":"","meta":{"_acf_changed":false},"product_brand":[],"product_cat":[14,15],"product_tag":[160,148],"class_list":{"0":"post-6442","1":"product","2":"type-product","3":"status-publish","4":"has-post-thumbnail","6":"product_cat-jazz","7":"product_cat-kindermusical","8":"product_tag-gospelmass","9":"product_tag-muecksch","10":"pa_diff-mittel","11":"pa_diff-schwer","12":"pa_language-latein","13":"pa_occ-konzert","14":"pa_occ-liturgie","15":"pa_occ-schul-gemeindeprojekt","16":"pa_occ-weihnachten","17":"pa_style-genre-pop-crossover-de","18":"pa_variation-cd","19":"pa_variation-chorausgabe","20":"pa_variation-mp3-download-2","21":"pa_variation-partitur","22":"pa_variation-partitur-kammerfassung","23":"pa_variation-staffelpreis-ab-10","24":"pa_variation-staffelpreis-ab-50","25":"pa_voicing-mit-solist","26":"pa_voicing-orchestre","27":"pa_voicing-satb-de","29":"first","30":"instock","31":"featured","32":"taxable","33":"shipping-taxable","34":"purchasable","35":"product-type-variable","36":"has-default-attributes"},"acf":[],"yoast_head":"<!-- This site is optimized with the Yoast SEO plugin v27.4 - https:\/\/yoast.com\/product\/yoast-seo-wordpress\/ -->\n<title>Rockmesse - MESSE IN D<\/title>\n<meta name=\"description\" content=\"Grandios, Sinfonisch. In der Tradition zwischen J.S.Bach und Pink Floyd. Die Rockmesse von Andreas M\u00fccksch macht viel her - 70 Minuten Groove und Dramatik!\" \/>\n<meta name=\"robots\" content=\"index, follow, max-snippet:-1, max-image-preview:large, max-video-preview:-1\" \/>\n<link rel=\"canonical\" href=\"https:\/\/www.zebemusic.com\/de\/product\/rockmesse\/\" \/>\n<meta property=\"og:locale\" content=\"de_DE\" \/>\n<meta property=\"og:type\" content=\"article\" \/>\n<meta property=\"og:title\" content=\"Rockmesse - MESSE IN D\" \/>\n<meta property=\"og:description\" content=\"Grandios, Sinfonisch. In der Tradition zwischen J.S.Bach und Pink Floyd. Die Rockmesse von Andreas M\u00fccksch macht viel her - 70 Minuten Groove und Dramatik!\" \/>\n<meta property=\"og:url\" content=\"https:\/\/www.zebemusic.com\/de\/product\/rockmesse\/\" \/>\n<meta property=\"og:site_name\" content=\"ZebeMusic\" \/>\n<meta property=\"article:publisher\" content=\"https:\/\/www.facebook.com\/zebemusic\" \/>\n<meta property=\"article:modified_time\" content=\"2026-02-09T17:39:28+00:00\" \/>\n<meta property=\"og:image\" content=\"https:\/\/www.zebemusic.com\/wp-content\/uploads\/2015\/11\/ZE2289-1.jpg\" \/>\n\t<meta property=\"og:image:width\" content=\"1181\" \/>\n\t<meta property=\"og:image:height\" content=\"1682\" \/>\n\t<meta property=\"og:image:type\" content=\"image\/jpeg\" \/>\n<meta name=\"twitter:card\" content=\"summary_large_image\" \/>\n<meta name=\"twitter:label1\" content=\"Est. reading time\" \/>\n\t<meta name=\"twitter:data1\" content=\"2 minutes\" \/>\n<script type=\"application\/ld+json\" class=\"yoast-schema-graph\">{\"@context\":\"https:\\\/\\\/schema.org\",\"@graph\":[{\"@type\":\"WebPage\",\"@id\":\"https:\\\/\\\/www.zebemusic.com\\\/de\\\/product\\\/rockmesse\\\/\",\"url\":\"https:\\\/\\\/www.zebemusic.com\\\/de\\\/product\\\/rockmesse\\\/\",\"name\":\"Rockmesse - MESSE IN D\",\"isPartOf\":{\"@id\":\"https:\\\/\\\/www.zebemusic.com\\\/de\\\/#website\"},\"primaryImageOfPage\":{\"@id\":\"https:\\\/\\\/www.zebemusic.com\\\/de\\\/product\\\/rockmesse\\\/#primaryimage\"},\"image\":{\"@id\":\"https:\\\/\\\/www.zebemusic.com\\\/de\\\/product\\\/rockmesse\\\/#primaryimage\"},\"thumbnailUrl\":\"https:\\\/\\\/www.zebemusic.com\\\/wp-content\\\/uploads\\\/2015\\\/11\\\/ZE2289-1.jpg\",\"datePublished\":\"2015-11-11T13:33:47+00:00\",\"dateModified\":\"2026-02-09T17:39:28+00:00\",\"description\":\"Grandios, Sinfonisch. In der Tradition zwischen J.S.Bach und Pink Floyd. Die Rockmesse von Andreas M\u00fccksch macht viel her - 70 Minuten Groove und Dramatik!\",\"breadcrumb\":{\"@id\":\"https:\\\/\\\/www.zebemusic.com\\\/de\\\/product\\\/rockmesse\\\/#breadcrumb\"},\"inLanguage\":\"de-DE\",\"potentialAction\":[{\"@type\":\"ReadAction\",\"target\":[\"https:\\\/\\\/www.zebemusic.com\\\/de\\\/product\\\/rockmesse\\\/\"]}]},{\"@type\":\"ImageObject\",\"inLanguage\":\"de-DE\",\"@id\":\"https:\\\/\\\/www.zebemusic.com\\\/de\\\/product\\\/rockmesse\\\/#primaryimage\",\"url\":\"https:\\\/\\\/www.zebemusic.com\\\/wp-content\\\/uploads\\\/2015\\\/11\\\/ZE2289-1.jpg\",\"contentUrl\":\"https:\\\/\\\/www.zebemusic.com\\\/wp-content\\\/uploads\\\/2015\\\/11\\\/ZE2289-1.jpg\",\"width\":1181,\"height\":1682,\"caption\":\"Rockmesse\"},{\"@type\":\"BreadcrumbList\",\"@id\":\"https:\\\/\\\/www.zebemusic.com\\\/de\\\/product\\\/rockmesse\\\/#breadcrumb\",\"itemListElement\":[{\"@type\":\"ListItem\",\"position\":1,\"name\":\"Shop\",\"item\":\"https:\\\/\\\/www.zebemusic.com\\\/de\\\/shop-2\\\/\"},{\"@type\":\"ListItem\",\"position\":2,\"name\":\"Messe in D Sinfonische Rockmesse NEU: Kleine Besetzung\"}]},{\"@type\":\"WebSite\",\"@id\":\"https:\\\/\\\/www.zebemusic.com\\\/de\\\/#website\",\"url\":\"https:\\\/\\\/www.zebemusic.com\\\/de\\\/\",\"name\":\"ZebeMusic\",\"description\":\"makes you sing.\",\"publisher\":{\"@id\":\"https:\\\/\\\/www.zebemusic.com\\\/de\\\/#organization\"},\"alternateName\":\"Gospelnoten & Kindermusicals\",\"potentialAction\":[{\"@type\":\"SearchAction\",\"target\":{\"@type\":\"EntryPoint\",\"urlTemplate\":\"https:\\\/\\\/www.zebemusic.com\\\/de\\\/?s={search_term_string}\"},\"query-input\":{\"@type\":\"PropertyValueSpecification\",\"valueRequired\":true,\"valueName\":\"search_term_string\"}}],\"inLanguage\":\"de-DE\"},{\"@type\":\"Organization\",\"@id\":\"https:\\\/\\\/www.zebemusic.com\\\/de\\\/#organization\",\"name\":\"ZebeMusic\",\"url\":\"https:\\\/\\\/www.zebemusic.com\\\/de\\\/\",\"logo\":{\"@type\":\"ImageObject\",\"inLanguage\":\"de-DE\",\"@id\":\"https:\\\/\\\/www.zebemusic.com\\\/de\\\/#\\\/schema\\\/logo\\\/image\\\/\",\"url\":\"https:\\\/\\\/www.zebemusic.com\\\/wp-content\\\/uploads\\\/2025\\\/10\\\/ZEBE-Logo_ZW-makesyousing.jpg\",\"contentUrl\":\"https:\\\/\\\/www.zebemusic.com\\\/wp-content\\\/uploads\\\/2025\\\/10\\\/ZEBE-Logo_ZW-makesyousing.jpg\",\"width\":2212,\"height\":958,\"caption\":\"ZebeMusic\"},\"image\":{\"@id\":\"https:\\\/\\\/www.zebemusic.com\\\/de\\\/#\\\/schema\\\/logo\\\/image\\\/\"},\"sameAs\":[\"https:\\\/\\\/www.facebook.com\\\/zebemusic\",\"https:\\\/\\\/www.instagram.com\\\/zebemusic\",\"https:\\\/\\\/www.youtube.com\\\/zebemusicberlin\"]}]}<\/script>\n<!-- \/ Yoast SEO plugin. -->","yoast_head_json":{"title":"Rockmesse - MESSE IN D","description":"Grandios, Sinfonisch. In der Tradition zwischen J.S.Bach und Pink Floyd. Die Rockmesse von Andreas M\u00fccksch macht viel her - 70 Minuten Groove und Dramatik!","robots":{"index":"index","follow":"follow","max-snippet":"max-snippet:-1","max-image-preview":"max-image-preview:large","max-video-preview":"max-video-preview:-1"},"canonical":"https:\/\/www.zebemusic.com\/de\/product\/rockmesse\/","og_locale":"de_DE","og_type":"article","og_title":"Rockmesse - MESSE IN D","og_description":"Grandios, Sinfonisch. In der Tradition zwischen J.S.Bach und Pink Floyd. Die Rockmesse von Andreas M\u00fccksch macht viel her - 70 Minuten Groove und Dramatik!","og_url":"https:\/\/www.zebemusic.com\/de\/product\/rockmesse\/","og_site_name":"ZebeMusic","article_publisher":"https:\/\/www.facebook.com\/zebemusic","article_modified_time":"2026-02-09T17:39:28+00:00","og_image":[{"width":1181,"height":1682,"url":"https:\/\/www.zebemusic.com\/wp-content\/uploads\/2015\/11\/ZE2289-1.jpg","type":"image\/jpeg"}],"twitter_card":"summary_large_image","twitter_misc":{"Est. reading time":"2 minutes"},"schema":{"@context":"https:\/\/schema.org","@graph":[{"@type":"WebPage","@id":"https:\/\/www.zebemusic.com\/de\/product\/rockmesse\/","url":"https:\/\/www.zebemusic.com\/de\/product\/rockmesse\/","name":"Rockmesse - MESSE IN D","isPartOf":{"@id":"https:\/\/www.zebemusic.com\/de\/#website"},"primaryImageOfPage":{"@id":"https:\/\/www.zebemusic.com\/de\/product\/rockmesse\/#primaryimage"},"image":{"@id":"https:\/\/www.zebemusic.com\/de\/product\/rockmesse\/#primaryimage"},"thumbnailUrl":"https:\/\/www.zebemusic.com\/wp-content\/uploads\/2015\/11\/ZE2289-1.jpg","datePublished":"2015-11-11T13:33:47+00:00","dateModified":"2026-02-09T17:39:28+00:00","description":"Grandios, Sinfonisch. In der Tradition zwischen J.S.Bach und Pink Floyd. Die Rockmesse von Andreas M\u00fccksch macht viel her - 70 Minuten Groove und Dramatik!","breadcrumb":{"@id":"https:\/\/www.zebemusic.com\/de\/product\/rockmesse\/#breadcrumb"},"inLanguage":"de-DE","potentialAction":[{"@type":"ReadAction","target":["https:\/\/www.zebemusic.com\/de\/product\/rockmesse\/"]}]},{"@type":"ImageObject","inLanguage":"de-DE","@id":"https:\/\/www.zebemusic.com\/de\/product\/rockmesse\/#primaryimage","url":"https:\/\/www.zebemusic.com\/wp-content\/uploads\/2015\/11\/ZE2289-1.jpg","contentUrl":"https:\/\/www.zebemusic.com\/wp-content\/uploads\/2015\/11\/ZE2289-1.jpg","width":1181,"height":1682,"caption":"Rockmesse"},{"@type":"BreadcrumbList","@id":"https:\/\/www.zebemusic.com\/de\/product\/rockmesse\/#breadcrumb","itemListElement":[{"@type":"ListItem","position":1,"name":"Shop","item":"https:\/\/www.zebemusic.com\/de\/shop-2\/"},{"@type":"ListItem","position":2,"name":"Messe in D Sinfonische Rockmesse NEU: Kleine Besetzung"}]},{"@type":"WebSite","@id":"https:\/\/www.zebemusic.com\/de\/#website","url":"https:\/\/www.zebemusic.com\/de\/","name":"ZebeMusic","description":"makes you sing.","publisher":{"@id":"https:\/\/www.zebemusic.com\/de\/#organization"},"alternateName":"Gospelnoten & Kindermusicals","potentialAction":[{"@type":"SearchAction","target":{"@type":"EntryPoint","urlTemplate":"https:\/\/www.zebemusic.com\/de\/?s={search_term_string}"},"query-input":{"@type":"PropertyValueSpecification","valueRequired":true,"valueName":"search_term_string"}}],"inLanguage":"de-DE"},{"@type":"Organization","@id":"https:\/\/www.zebemusic.com\/de\/#organization","name":"ZebeMusic","url":"https:\/\/www.zebemusic.com\/de\/","logo":{"@type":"ImageObject","inLanguage":"de-DE","@id":"https:\/\/www.zebemusic.com\/de\/#\/schema\/logo\/image\/","url":"https:\/\/www.zebemusic.com\/wp-content\/uploads\/2025\/10\/ZEBE-Logo_ZW-makesyousing.jpg","contentUrl":"https:\/\/www.zebemusic.com\/wp-content\/uploads\/2025\/10\/ZEBE-Logo_ZW-makesyousing.jpg","width":2212,"height":958,"caption":"ZebeMusic"},"image":{"@id":"https:\/\/www.zebemusic.com\/de\/#\/schema\/logo\/image\/"},"sameAs":["https:\/\/www.facebook.com\/zebemusic","https:\/\/www.instagram.com\/zebemusic","https:\/\/www.youtube.com\/zebemusicberlin"]}]}},"_links":{"self":[{"href":"https:\/\/www.zebemusic.com\/de\/wp-json\/wp\/v2\/product\/6442","targetHints":{"allow":["GET"]}}],"collection":[{"href":"https:\/\/www.zebemusic.com\/de\/wp-json\/wp\/v2\/product"}],"about":[{"href":"https:\/\/www.zebemusic.com\/de\/wp-json\/wp\/v2\/types\/product"}],"wp:featuredmedia":[{"embeddable":true,"href":"https:\/\/www.zebemusic.com\/de\/wp-json\/wp\/v2\/media\/30174"}],"wp:attachment":[{"href":"https:\/\/www.zebemusic.com\/de\/wp-json\/wp\/v2\/media?parent=6442"}],"wp:term":[{"taxonomy":"product_brand","embeddable":true,"href":"https:\/\/www.zebemusic.com\/de\/wp-json\/wp\/v2\/product_brand?post=6442"},{"taxonomy":"product_cat","embeddable":true,"href":"https:\/\/www.zebemusic.com\/de\/wp-json\/wp\/v2\/product_cat?post=6442"},{"taxonomy":"product_tag","embeddable":true,"href":"https:\/\/www.zebemusic.com\/de\/wp-json\/wp\/v2\/product_tag?post=6442"}],"curies":[{"name":"wp","href":"https:\/\/api.w.org\/{rel}","templated":true}]}}