{"id":6820,"date":"2016-06-14T20:45:20","date_gmt":"2016-06-14T18:45:20","guid":{"rendered":"http:\/\/www.zebemusic.com\/produkt\/musical\/wartburg-musical\/"},"modified":"2025-04-17T09:18:36","modified_gmt":"2025-04-17T08:18:36","slug":"wartburg-musical","status":"publish","type":"product","link":"https:\/\/www.zebemusic.com\/de\/product\/wartburg-musical\/","title":{"rendered":"Das Geheimnis der Wartburg"},"content":{"rendered":"","protected":false},"excerpt":{"rendered":"<h4><span style=\"color: #993300;\">Kindermusical \u00fcber 4 M\u00e4dchen, die eine verd\u00e4chtige Entdeckung machen&#8230;<br \/>\n<\/span><\/h4>\n<p>&nbsp;<\/p>\n<p>Anna, Dorothea, Magdalena und Cecilia sind im Jahre 1521 zu Besuch auf der Wartburg bei Eisenach. Dort h\u00e4lt sich auch der geheimnisvolle Junker J\u00f6rg auf. Die M\u00e4dchen wundern sich \u00fcber den seltsamen Gast, der so gar nicht zu den anderen Rittern passt: Hat er etwas zu verbergen? Sie versuchen seinem Geheimnis auf die Spur zu kommen und gehen dabei so manches Wagnis ein&#8230;<\/p>\n<p>Diese spannende Geschichte gibt nicht nur einen Einblick in das Leben Martin Luthers, sondern vermittelt auf kindgerechte Weise auch zentrale Gedanken der Reformation.<\/p>\n<hr \/>\n<p id=\"postdetails\"><strong><span style=\"color: #717171;\">Komponistin:<\/span><\/strong> <span id=\"authors\"><\/span><a href=\"https:\/\/www.zebemusic.com\/de\/ueber-uns\/autoren\/henrike-thies-gebauer\/\" target=\"_blank\" rel=\"noopener noreferrer\">Henrike Thies-Gebauer<\/a><br \/>\n<strong><span style=\"color: #717171;\">Besetzung:<\/span><\/strong> einstimmiger Chor, 12 Solisten, Klavier, Violine, Viola, Violoncello, Bassgitarre, Schlagzeug und Gitarre ad lib.<br \/>\n<strong><span style=\"color: #717171;\">Dauer:<\/span><\/strong> ca. 60 min.<br \/>\n<strong><span style=\"color: #717171;\">Schwierigkeitsgrad:<\/span><\/strong> leicht-mittel<\/p>\n<p><strong><a href=\"\/wp-content\/PP\/PP2240.pdf\" target=\"_blank\" rel=\"noopener noreferrer\">Probepartitur <\/a><\/strong>&gt;&gt;&gt;<\/p>\n<p><a href=\"\/audio\/ZEBE2240.mp3\" target=\"_blank\" rel=\"noopener noreferrer\">H\u00f6rprobe<\/a>:<\/p>\n[audio mp3=\"http:\/\/www.zebemusic.com\/wp-content\/uploads\/2016\/06\/ZEBE2240.mp3\"][\/audio]\n<p>&nbsp;<\/p>\n<hr \/>\n<p><strong>\u2022 Partitur <\/strong>(ZE 2242, ISBN 978-3-95423-014-3, A4, Ringbindung, 94 Seiten) \u20ac 19,90<\/p>\n<p><strong>\u2022 Chorausgabe<\/strong> mit allen Liedern, Texten und Akkordsymbolen (ZE 2241, ISBN 978-3-95423-015-0, A4, 32 Seiten) \u20ac 4,95<\/p>\n<p><strong>\u2022 Package <\/strong>mit Partitur, Instrumenten und 20 Chorausgaben (ZE 2240) \u20ac 119,90<\/p>\n<p><strong>\u2022\u00a0<\/strong><strong>Klavier<\/strong> (inkl. Akkordsymbole f\u00fcr Gitarre ad lib., ZE 2243), \u20ac 10,50<strong><br \/>\n\u2022\u00a0Violine <\/strong>(ZE 2244), \u20ac 6,50<strong><br \/>\n\u2022\u00a0Viola<\/strong> (notiert im Alt- und Violinschl\u00fcssel, ZE 2245), \u20ac 10,50<strong><br \/>\n\u2022\u00a0Violoncello<\/strong> (ZE 2246), \u20ac 6,50<strong><br \/>\n\u2022\u00a0Bassgitarre <\/strong>(ZE 2249), \u20ac 6,50<strong><br \/>\n\u2022\u00a0Schlagzeug<\/strong> (ZE 2250) \u20ac 6,50<\/p>\n<p><strong>\u2022\u00a0Demo als Download<\/strong>, \u20ac 4,99<strong><br \/>\n\u2022\u00a0Playback als Download<\/strong>, \u20ac 9,99<\/p>\n<p><a href=\"\/wp-content\/PP\/Wartburg-Titel.pdf\" target=\"_blank\" rel=\"noopener noreferrer\">Titelcover zum Download<\/a> zur Verwendung in Ihrem Programmheft, nur genehmigt mit der <a href=\"https:\/\/zebemusic.com\/meldung\/\" target=\"_blank\" rel=\"noopener noreferrer\">Anmeldung Ihrer Auff\u00fchrung<\/a>.*<\/p>\n<p>*Hinweis: F\u00fcr die b\u00fchnenm\u00e4\u00dfige Auff\u00fchrung fallen weitere Kosten an.<\/p>\n","protected":false},"featured_media":6854,"template":"","meta":{"_acf_changed":false},"product_brand":[],"product_cat":[15],"product_tag":[],"class_list":{"0":"post-6820","1":"product","2":"type-product","3":"status-publish","4":"has-post-thumbnail","6":"product_cat-kindermusical","7":"pa_ausfuehrung-bassgitarre","8":"pa_ausfuehrung-begleit-cd","9":"pa_ausfuehrung-begleit-cd-als-mp3-download","10":"pa_ausfuehrung-chorausgabe","11":"pa_ausfuehrung-demo-cd","12":"pa_ausfuehrung-demo-cd-als-mp3-download","13":"pa_ausfuehrung-drums","14":"pa_ausfuehrung-klavier","15":"pa_ausfuehrung-package","16":"pa_ausfuehrung-partitur","17":"pa_ausfuehrung-viola","18":"pa_ausfuehrung-violine","19":"pa_ausfuehrung-violoncello","20":"pa_diff-leicht","21":"pa_language-deutsch","22":"pa_occ-schul-gemeindeprojekt","23":"pa_others-lizensierung","24":"pa_style-genre-musical-de","25":"pa_style-genre-pop-crossover-de","26":"pa_voicing-kinderchor","27":"pa_voicing-mit-band","28":"pa_voicing-mit-begleitung","29":"pa_voicing-mit-solist","30":"pa_voicing-sa-de","32":"first","33":"instock","34":"taxable","35":"shipping-taxable","36":"purchasable","37":"product-type-variable","38":"has-default-attributes"},"acf":[],"yoast_head":"<!-- This site is optimized with the Yoast SEO plugin v27.3 - https:\/\/yoast.com\/product\/yoast-seo-wordpress\/ -->\n<title>Das Geheimnis der Wartburg - Kindermusical<\/title>\n<meta name=\"description\" content=\"Spannendes Kindermusical mit J\u00f6rg alias Martin Luther - ab 8 Jahre! Was war los auf der Wartburg und wer ist dieser seltsame Junker... Vier M\u00e4dchen l\u00fcften das Geheimnis... DEMO&gt;&gt;\" \/>\n<meta name=\"robots\" content=\"index, follow, max-snippet:-1, max-image-preview:large, max-video-preview:-1\" \/>\n<link rel=\"canonical\" href=\"https:\/\/www.zebemusic.com\/de\/product\/wartburg-musical\/\" \/>\n<meta property=\"og:locale\" content=\"de_DE\" \/>\n<meta property=\"og:type\" content=\"article\" \/>\n<meta property=\"og:title\" content=\"Das Geheimnis der Wartburg - Kindermusical\" \/>\n<meta property=\"og:description\" content=\"Spannendes Kindermusical mit J\u00f6rg alias Martin Luther - ab 8 Jahre! Was war los auf der Wartburg und wer ist dieser seltsame Junker... Vier M\u00e4dchen l\u00fcften das Geheimnis... DEMO&gt;&gt;\" \/>\n<meta property=\"og:url\" content=\"https:\/\/www.zebemusic.com\/de\/product\/wartburg-musical\/\" \/>\n<meta property=\"og:site_name\" content=\"ZebeMusic\" \/>\n<meta property=\"article:publisher\" content=\"https:\/\/www.facebook.com\/zebemusic\" \/>\n<meta property=\"article:modified_time\" content=\"2025-04-17T08:18:36+00:00\" \/>\n<meta property=\"og:image\" content=\"https:\/\/www.zebemusic.com\/wp-content\/uploads\/2016\/06\/ZEBE2240.jpg\" \/>\n\t<meta property=\"og:image:width\" content=\"353\" \/>\n\t<meta property=\"og:image:height\" content=\"500\" \/>\n\t<meta property=\"og:image:type\" content=\"image\/jpeg\" \/>\n<meta name=\"twitter:card\" content=\"summary_large_image\" \/>\n<meta name=\"twitter:label1\" content=\"Est. reading time\" \/>\n\t<meta name=\"twitter:data1\" content=\"1 minute\" \/>\n<script type=\"application\/ld+json\" class=\"yoast-schema-graph\">{\"@context\":\"https:\\\/\\\/schema.org\",\"@graph\":[{\"@type\":\"WebPage\",\"@id\":\"https:\\\/\\\/www.zebemusic.com\\\/de\\\/product\\\/wartburg-musical\\\/\",\"url\":\"https:\\\/\\\/www.zebemusic.com\\\/de\\\/product\\\/wartburg-musical\\\/\",\"name\":\"Das Geheimnis der Wartburg - Kindermusical\",\"isPartOf\":{\"@id\":\"https:\\\/\\\/www.zebemusic.com\\\/de\\\/#website\"},\"primaryImageOfPage\":{\"@id\":\"https:\\\/\\\/www.zebemusic.com\\\/de\\\/product\\\/wartburg-musical\\\/#primaryimage\"},\"image\":{\"@id\":\"https:\\\/\\\/www.zebemusic.com\\\/de\\\/product\\\/wartburg-musical\\\/#primaryimage\"},\"thumbnailUrl\":\"https:\\\/\\\/www.zebemusic.com\\\/wp-content\\\/uploads\\\/2016\\\/06\\\/ZEBE2240.jpg\",\"datePublished\":\"2016-06-14T18:45:20+00:00\",\"dateModified\":\"2025-04-17T08:18:36+00:00\",\"description\":\"Spannendes Kindermusical mit J\u00f6rg alias Martin Luther - ab 8 Jahre! Was war los auf der Wartburg und wer ist dieser seltsame Junker... Vier M\u00e4dchen l\u00fcften das Geheimnis... DEMO>>\",\"breadcrumb\":{\"@id\":\"https:\\\/\\\/www.zebemusic.com\\\/de\\\/product\\\/wartburg-musical\\\/#breadcrumb\"},\"inLanguage\":\"de-DE\",\"potentialAction\":[{\"@type\":\"ReadAction\",\"target\":[\"https:\\\/\\\/www.zebemusic.com\\\/de\\\/product\\\/wartburg-musical\\\/\"]}]},{\"@type\":\"ImageObject\",\"inLanguage\":\"de-DE\",\"@id\":\"https:\\\/\\\/www.zebemusic.com\\\/de\\\/product\\\/wartburg-musical\\\/#primaryimage\",\"url\":\"https:\\\/\\\/www.zebemusic.com\\\/wp-content\\\/uploads\\\/2016\\\/06\\\/ZEBE2240.jpg\",\"contentUrl\":\"https:\\\/\\\/www.zebemusic.com\\\/wp-content\\\/uploads\\\/2016\\\/06\\\/ZEBE2240.jpg\",\"width\":353,\"height\":500},{\"@type\":\"BreadcrumbList\",\"@id\":\"https:\\\/\\\/www.zebemusic.com\\\/de\\\/product\\\/wartburg-musical\\\/#breadcrumb\",\"itemListElement\":[{\"@type\":\"ListItem\",\"position\":1,\"name\":\"Shop\",\"item\":\"https:\\\/\\\/www.zebemusic.com\\\/de\\\/shop-2\\\/\"},{\"@type\":\"ListItem\",\"position\":2,\"name\":\"Das Geheimnis der Wartburg\"}]},{\"@type\":\"WebSite\",\"@id\":\"https:\\\/\\\/www.zebemusic.com\\\/de\\\/#website\",\"url\":\"https:\\\/\\\/www.zebemusic.com\\\/de\\\/\",\"name\":\"ZebeMusic\",\"description\":\"makes you sing.\",\"publisher\":{\"@id\":\"https:\\\/\\\/www.zebemusic.com\\\/de\\\/#organization\"},\"alternateName\":\"Gospelnoten & Kindermusicals\",\"potentialAction\":[{\"@type\":\"SearchAction\",\"target\":{\"@type\":\"EntryPoint\",\"urlTemplate\":\"https:\\\/\\\/www.zebemusic.com\\\/de\\\/?s={search_term_string}\"},\"query-input\":{\"@type\":\"PropertyValueSpecification\",\"valueRequired\":true,\"valueName\":\"search_term_string\"}}],\"inLanguage\":\"de-DE\"},{\"@type\":\"Organization\",\"@id\":\"https:\\\/\\\/www.zebemusic.com\\\/de\\\/#organization\",\"name\":\"ZebeMusic\",\"url\":\"https:\\\/\\\/www.zebemusic.com\\\/de\\\/\",\"logo\":{\"@type\":\"ImageObject\",\"inLanguage\":\"de-DE\",\"@id\":\"https:\\\/\\\/www.zebemusic.com\\\/de\\\/#\\\/schema\\\/logo\\\/image\\\/\",\"url\":\"https:\\\/\\\/www.zebemusic.com\\\/wp-content\\\/uploads\\\/2025\\\/10\\\/ZEBE-Logo_ZW-makesyousing.jpg\",\"contentUrl\":\"https:\\\/\\\/www.zebemusic.com\\\/wp-content\\\/uploads\\\/2025\\\/10\\\/ZEBE-Logo_ZW-makesyousing.jpg\",\"width\":2212,\"height\":958,\"caption\":\"ZebeMusic\"},\"image\":{\"@id\":\"https:\\\/\\\/www.zebemusic.com\\\/de\\\/#\\\/schema\\\/logo\\\/image\\\/\"},\"sameAs\":[\"https:\\\/\\\/www.facebook.com\\\/zebemusic\",\"https:\\\/\\\/www.instagram.com\\\/zebemusic\",\"https:\\\/\\\/www.youtube.com\\\/zebemusicberlin\"]}]}<\/script>\n<!-- \/ Yoast SEO plugin. -->","yoast_head_json":{"title":"Das Geheimnis der Wartburg - Kindermusical","description":"Spannendes Kindermusical mit J\u00f6rg alias Martin Luther - ab 8 Jahre! Was war los auf der Wartburg und wer ist dieser seltsame Junker... Vier M\u00e4dchen l\u00fcften das Geheimnis... DEMO>>","robots":{"index":"index","follow":"follow","max-snippet":"max-snippet:-1","max-image-preview":"max-image-preview:large","max-video-preview":"max-video-preview:-1"},"canonical":"https:\/\/www.zebemusic.com\/de\/product\/wartburg-musical\/","og_locale":"de_DE","og_type":"article","og_title":"Das Geheimnis der Wartburg - Kindermusical","og_description":"Spannendes Kindermusical mit J\u00f6rg alias Martin Luther - ab 8 Jahre! Was war los auf der Wartburg und wer ist dieser seltsame Junker... Vier M\u00e4dchen l\u00fcften das Geheimnis... DEMO>>","og_url":"https:\/\/www.zebemusic.com\/de\/product\/wartburg-musical\/","og_site_name":"ZebeMusic","article_publisher":"https:\/\/www.facebook.com\/zebemusic","article_modified_time":"2025-04-17T08:18:36+00:00","og_image":[{"width":353,"height":500,"url":"https:\/\/www.zebemusic.com\/wp-content\/uploads\/2016\/06\/ZEBE2240.jpg","type":"image\/jpeg"}],"twitter_card":"summary_large_image","twitter_misc":{"Est. reading time":"1 minute"},"schema":{"@context":"https:\/\/schema.org","@graph":[{"@type":"WebPage","@id":"https:\/\/www.zebemusic.com\/de\/product\/wartburg-musical\/","url":"https:\/\/www.zebemusic.com\/de\/product\/wartburg-musical\/","name":"Das Geheimnis der Wartburg - Kindermusical","isPartOf":{"@id":"https:\/\/www.zebemusic.com\/de\/#website"},"primaryImageOfPage":{"@id":"https:\/\/www.zebemusic.com\/de\/product\/wartburg-musical\/#primaryimage"},"image":{"@id":"https:\/\/www.zebemusic.com\/de\/product\/wartburg-musical\/#primaryimage"},"thumbnailUrl":"https:\/\/www.zebemusic.com\/wp-content\/uploads\/2016\/06\/ZEBE2240.jpg","datePublished":"2016-06-14T18:45:20+00:00","dateModified":"2025-04-17T08:18:36+00:00","description":"Spannendes Kindermusical mit J\u00f6rg alias Martin Luther - ab 8 Jahre! Was war los auf der Wartburg und wer ist dieser seltsame Junker... Vier M\u00e4dchen l\u00fcften das Geheimnis... DEMO>>","breadcrumb":{"@id":"https:\/\/www.zebemusic.com\/de\/product\/wartburg-musical\/#breadcrumb"},"inLanguage":"de-DE","potentialAction":[{"@type":"ReadAction","target":["https:\/\/www.zebemusic.com\/de\/product\/wartburg-musical\/"]}]},{"@type":"ImageObject","inLanguage":"de-DE","@id":"https:\/\/www.zebemusic.com\/de\/product\/wartburg-musical\/#primaryimage","url":"https:\/\/www.zebemusic.com\/wp-content\/uploads\/2016\/06\/ZEBE2240.jpg","contentUrl":"https:\/\/www.zebemusic.com\/wp-content\/uploads\/2016\/06\/ZEBE2240.jpg","width":353,"height":500},{"@type":"BreadcrumbList","@id":"https:\/\/www.zebemusic.com\/de\/product\/wartburg-musical\/#breadcrumb","itemListElement":[{"@type":"ListItem","position":1,"name":"Shop","item":"https:\/\/www.zebemusic.com\/de\/shop-2\/"},{"@type":"ListItem","position":2,"name":"Das Geheimnis der Wartburg"}]},{"@type":"WebSite","@id":"https:\/\/www.zebemusic.com\/de\/#website","url":"https:\/\/www.zebemusic.com\/de\/","name":"ZebeMusic","description":"makes you sing.","publisher":{"@id":"https:\/\/www.zebemusic.com\/de\/#organization"},"alternateName":"Gospelnoten & Kindermusicals","potentialAction":[{"@type":"SearchAction","target":{"@type":"EntryPoint","urlTemplate":"https:\/\/www.zebemusic.com\/de\/?s={search_term_string}"},"query-input":{"@type":"PropertyValueSpecification","valueRequired":true,"valueName":"search_term_string"}}],"inLanguage":"de-DE"},{"@type":"Organization","@id":"https:\/\/www.zebemusic.com\/de\/#organization","name":"ZebeMusic","url":"https:\/\/www.zebemusic.com\/de\/","logo":{"@type":"ImageObject","inLanguage":"de-DE","@id":"https:\/\/www.zebemusic.com\/de\/#\/schema\/logo\/image\/","url":"https:\/\/www.zebemusic.com\/wp-content\/uploads\/2025\/10\/ZEBE-Logo_ZW-makesyousing.jpg","contentUrl":"https:\/\/www.zebemusic.com\/wp-content\/uploads\/2025\/10\/ZEBE-Logo_ZW-makesyousing.jpg","width":2212,"height":958,"caption":"ZebeMusic"},"image":{"@id":"https:\/\/www.zebemusic.com\/de\/#\/schema\/logo\/image\/"},"sameAs":["https:\/\/www.facebook.com\/zebemusic","https:\/\/www.instagram.com\/zebemusic","https:\/\/www.youtube.com\/zebemusicberlin"]}]}},"_links":{"self":[{"href":"https:\/\/www.zebemusic.com\/de\/wp-json\/wp\/v2\/product\/6820","targetHints":{"allow":["GET"]}}],"collection":[{"href":"https:\/\/www.zebemusic.com\/de\/wp-json\/wp\/v2\/product"}],"about":[{"href":"https:\/\/www.zebemusic.com\/de\/wp-json\/wp\/v2\/types\/product"}],"wp:featuredmedia":[{"embeddable":true,"href":"https:\/\/www.zebemusic.com\/de\/wp-json\/wp\/v2\/media\/6854"}],"wp:attachment":[{"href":"https:\/\/www.zebemusic.com\/de\/wp-json\/wp\/v2\/media?parent=6820"}],"wp:term":[{"taxonomy":"product_brand","embeddable":true,"href":"https:\/\/www.zebemusic.com\/de\/wp-json\/wp\/v2\/product_brand?post=6820"},{"taxonomy":"product_cat","embeddable":true,"href":"https:\/\/www.zebemusic.com\/de\/wp-json\/wp\/v2\/product_cat?post=6820"},{"taxonomy":"product_tag","embeddable":true,"href":"https:\/\/www.zebemusic.com\/de\/wp-json\/wp\/v2\/product_tag?post=6820"}],"curies":[{"name":"wp","href":"https:\/\/api.w.org\/{rel}","templated":true}]}}