{"id":7742,"date":"2018-03-22T22:54:45","date_gmt":"2018-03-22T20:54:45","guid":{"rendered":"https:\/\/www.zebemusic.com\/?post_type=product&#038;p=7742"},"modified":"2025-08-10T13:53:01","modified_gmt":"2025-08-10T12:53:01","slug":"saba","status":"publish","type":"product","link":"https:\/\/www.zebemusic.com\/de\/product\/saba\/","title":{"rendered":"Die K\u00f6nigin von Saba"},"content":{"rendered":"","protected":false},"excerpt":{"rendered":"<p><strong>Kindermusical f\u00fcr ein- bis zweistimmigen Chor, Solistinnen und Solisten, Fl\u00f6te, Streicher, Piano, Drums und Bass<\/strong><\/p>\n<p>Eine gef\u00e4hrliche Reise durch die W\u00fcste Vorderasiens f\u00fchrt die sch\u00f6ne und wissbegierige K\u00f6nigin von Saba zu Salomo, dem K\u00f6nig Israels. Begleitet wird sie von ihrem Hofstaat: dem Gefolge mit den Dienerinnen und ihren drei Beraterinnen, die das k\u00f6nigliche Treffen auf ganz spezielle Art vorbereiten&#8230;<br \/>\nDoch kann Salomo wirklich alle Fragen der K\u00f6nigin beantworten?<\/p>\n<p>Spannend und humorvoll erz\u00e4hlen uns ein-bis zweistimmiger Chor und Solisten diese Geschichte. K\u00f6nigliche Beraterinnen stellen waghalsige Theorien auf und veranstalten ein lustiges Quiz.<br \/>\nDie K\u00f6nigin von Saba beeindruckt die Menschen seit fast 3000 Jahren: Sie ist sch\u00f6n, unglaublich reich und klug. Ihre Geschichte findet man sowohl im Alten Testament, als auch im Koran und in vielen sehr alten Legenden.<br \/>\nKinder identifizieren sich schnell mit der K\u00f6nigin, weil sie selbst gerne Fragen stellen. Am Schluss gibt Salomo ein klares Bekenntnis zu dem einen Gott, auf den er vertraut. Es wird aber auch klar, dass es nicht darum geht, alle Fragen beantwortet zu bekommen, sondern dass es wichtig ist, immer weiter zu fragen.<\/p>\n<p style=\"padding-left: 30px;\"><strong><em><span style=\"color: #993300;\">\u201cDas St\u00fcck eignet sich gut f\u00fcr Kinder- und Schulch\u00f6re, die gern mal ein gr\u00f6\u00dferes biblisches Musical auff\u00fchren wollen. Gibt Raum f\u00fcr fantasievolle Gestaltung.\u201d <\/span><\/em><\/strong><span style=\"color: #808080;\"> (Musik &amp; Kirche)<strong><br \/>\n<\/strong><\/span><\/p>\n<p>&nbsp;<\/p>\n<hr \/>\n<p id=\"postdetails\"><strong><span style=\"color: #717171;\">Komponist:<\/span><\/strong> <span id=\"authors\"><\/span><a href=\"https:\/\/www.zebemusic.com\/de\/ueber-uns\/autoren\/henrike-thies-gebauer\/\" target=\"_blank\" rel=\"noopener noreferrer\">Henrike Thies-Gebauer<\/a><br \/>\n<strong><span style=\"color: #717171;\">Besetzung:<\/span><\/strong> ein- bis zweistimmiger Chor, Solisten, Klavier, Fl\u00f6te, Violine, Viola, Violoncello, Bass; Schlagzeug und Gitarre ad lib.<br \/>\n<strong><span style=\"color: #717171;\">Dauer:<\/span><\/strong> ca. 60 min.<br \/>\n<strong><span style=\"color: #717171;\">Schwierigkeitsgrad:<\/span><\/strong> leicht<\/p>\n<p><strong><a href=\"\/wp-content\/PP\/PP2260.pdf\" target=\"_blank\" rel=\"noopener noreferrer\">Probepartitur <\/a><\/strong>&gt;&gt;&gt;<\/p>\n<p><a href=\"\/audio\/ZEBE2260.mp3\" target=\"_blank\" rel=\"noopener noreferrer\">H\u00f6rprobe:<\/a><\/p>\n[audio mp3=\"https:\/\/www.zebemusic.com\/wp-content\/uploads\/2018\/03\/ZEBE2260.mp3\"][\/audio]\n<p>&nbsp;<\/p>\n<hr \/>\n<p><strong>\u2022 Partitur <\/strong>(ZE 2262, ISBN 978-3-95423-027, A4, Ringbindung, 76 Seiten) \u20ac 19,90<\/p>\n<p><strong>\u2022 Chorausgabe<\/strong> mit allen Liedern, Texten und Akkordsymbolen (ZE 2261, ISBN 978-3-95423-028-0, A4, 32 Seiten) \u20ac 4,95<\/p>\n<p><strong>\u2022 Package <\/strong>mit Partitur, Instrumenten und 20 Chorausgaben (ZE 2260) \u20ac 119,90<del><br \/>\n<\/del><\/p>\n<p><strong>\u2022\u00a0<\/strong><strong>Klavier<\/strong> (inkl. Akkordsymbole f\u00fcr Gitarre ad lib., ZE 2263), \u20ac 10,50<strong><br \/>\n\u2022 Fl\u00f6te <\/strong>(ZE 9072), \u20ac 6,50<strong><br \/>\n\u2022\u00a0Violine <\/strong>(ZE 2264), \u20ac 6,50<strong><br \/>\n\u2022\u00a0Viola<\/strong> (notiert sowohl im Alt-, als auch im Violinschl\u00fcssel, ZE 2265), \u20ac 10,50<strong><br \/>\n\u2022\u00a0Violoncello<\/strong> (ZE 2266), \u20ac 6,50<strong><br \/>\n\u2022\u00a0Bass <\/strong>(ZE 2269), \u20ac 6,50<\/p>\n<p><strong>\u2022 Die Songs zum Download<\/strong>, \u20ac 4,99<strong><br \/>\n\u2022\u00a0Playback als Download<\/strong>, \u20ac 9,99<\/p>\n<p><strong>\u2022 Grafik <\/strong>f\u00fcr Ihre Werbung oder das Programmheft.<br \/>\nKostenloser Download, nur genehmigt mit der <a href=\"https:\/\/zebemusic.com\/meldung\/\" target=\"_blank\" rel=\"noopener noreferrer\">Anmeldung Ihrer Auff\u00fchrung<\/a>.*<\/p>\n<p>*Hinweis: F\u00fcr die b\u00fchnenm\u00e4\u00dfige Auff\u00fchrung fallen weitere Kosten an.<\/p>\n","protected":false},"featured_media":7754,"template":"","meta":{"_acf_changed":false},"product_brand":[],"product_cat":[15],"product_tag":[],"class_list":{"0":"post-7742","1":"product","2":"type-product","3":"status-publish","4":"has-post-thumbnail","6":"product_cat-kindermusical","7":"pa_ausfuehrung-bassgitarre","8":"pa_ausfuehrung-begleit-cd","9":"pa_ausfuehrung-begleit-cd-als-mp3-download","10":"pa_ausfuehrung-chorausgabe","11":"pa_ausfuehrung-demo-cd","12":"pa_ausfuehrung-demo-cd-als-mp3-download","13":"pa_ausfuehrung-drums","14":"pa_ausfuehrung-floete","15":"pa_ausfuehrung-grafik","16":"pa_ausfuehrung-klavier","17":"pa_ausfuehrung-package","18":"pa_ausfuehrung-partitur","19":"pa_ausfuehrung-viola","20":"pa_ausfuehrung-violine","21":"pa_ausfuehrung-violoncello","22":"pa_diff-leicht","23":"pa_language-deutsch","24":"pa_occ-schul-gemeindeprojekt","25":"pa_others-bestseller","26":"pa_others-lizensierung","27":"pa_style-genre-pop-crossover-de","28":"pa_voicing-kinderchor","29":"pa_voicing-mit-band","30":"pa_voicing-mit-begleitung","31":"pa_voicing-mit-solist","32":"pa_voicing-orchestre","33":"pa_voicing-sa-de","35":"first","36":"instock","37":"taxable","38":"shipping-taxable","39":"purchasable","40":"product-type-variable","41":"has-default-attributes"},"acf":[],"yoast_head":"<!-- This site is optimized with the Yoast SEO plugin v27.3 - https:\/\/yoast.com\/product\/yoast-seo-wordpress\/ -->\n<title>Die K\u00f6nigin von Saba - Das Kindermusical<\/title>\n<meta name=\"description\" content=\"Eine gef\u00e4hrliche Reise durch die W\u00fcste Vorderasiens f\u00fchrt die sch\u00f6ne und wissbegierige K\u00f6nigin von Saba zu Salomo. Kann er ihr wirklich alle Fragen beantworten? Humorvolles Musical f\u00fcr Kinder ab 6.\" \/>\n<meta name=\"robots\" content=\"index, follow, max-snippet:-1, max-image-preview:large, max-video-preview:-1\" \/>\n<link rel=\"canonical\" href=\"https:\/\/www.zebemusic.com\/de\/product\/saba\/\" \/>\n<meta property=\"og:locale\" content=\"de_DE\" \/>\n<meta property=\"og:type\" content=\"article\" \/>\n<meta property=\"og:title\" content=\"Die K\u00f6nigin von Saba - Das Kindermusical\" \/>\n<meta property=\"og:description\" content=\"Eine gef\u00e4hrliche Reise durch die W\u00fcste Vorderasiens f\u00fchrt die sch\u00f6ne und wissbegierige K\u00f6nigin von Saba zu Salomo. Kann er ihr wirklich alle Fragen beantworten? Humorvolles Musical f\u00fcr Kinder ab 6.\" \/>\n<meta property=\"og:url\" content=\"https:\/\/www.zebemusic.com\/de\/product\/saba\/\" \/>\n<meta property=\"og:site_name\" content=\"ZebeMusic\" \/>\n<meta property=\"article:publisher\" content=\"https:\/\/www.facebook.com\/zebemusic\" \/>\n<meta property=\"article:modified_time\" content=\"2025-08-10T12:53:01+00:00\" \/>\n<meta property=\"og:image\" content=\"https:\/\/www.zebemusic.com\/wp-content\/uploads\/2018\/03\/ZEBE2262.jpg\" \/>\n\t<meta property=\"og:image:width\" content=\"354\" \/>\n\t<meta property=\"og:image:height\" content=\"500\" \/>\n\t<meta property=\"og:image:type\" content=\"image\/jpeg\" \/>\n<meta name=\"twitter:card\" content=\"summary_large_image\" \/>\n<meta name=\"twitter:label1\" content=\"Est. reading time\" \/>\n\t<meta name=\"twitter:data1\" content=\"1 minute\" \/>\n<script type=\"application\/ld+json\" class=\"yoast-schema-graph\">{\"@context\":\"https:\\\/\\\/schema.org\",\"@graph\":[{\"@type\":\"WebPage\",\"@id\":\"https:\\\/\\\/www.zebemusic.com\\\/de\\\/product\\\/saba\\\/\",\"url\":\"https:\\\/\\\/www.zebemusic.com\\\/de\\\/product\\\/saba\\\/\",\"name\":\"Die K\u00f6nigin von Saba - Das Kindermusical\",\"isPartOf\":{\"@id\":\"https:\\\/\\\/www.zebemusic.com\\\/de\\\/#website\"},\"primaryImageOfPage\":{\"@id\":\"https:\\\/\\\/www.zebemusic.com\\\/de\\\/product\\\/saba\\\/#primaryimage\"},\"image\":{\"@id\":\"https:\\\/\\\/www.zebemusic.com\\\/de\\\/product\\\/saba\\\/#primaryimage\"},\"thumbnailUrl\":\"https:\\\/\\\/www.zebemusic.com\\\/wp-content\\\/uploads\\\/2018\\\/03\\\/ZEBE2262.jpg\",\"datePublished\":\"2018-03-22T20:54:45+00:00\",\"dateModified\":\"2025-08-10T12:53:01+00:00\",\"description\":\"Eine gef\u00e4hrliche Reise durch die W\u00fcste Vorderasiens f\u00fchrt die sch\u00f6ne und wissbegierige K\u00f6nigin von Saba zu Salomo. Kann er ihr wirklich alle Fragen beantworten? Humorvolles Musical f\u00fcr Kinder ab 6.\",\"breadcrumb\":{\"@id\":\"https:\\\/\\\/www.zebemusic.com\\\/de\\\/product\\\/saba\\\/#breadcrumb\"},\"inLanguage\":\"de-DE\",\"potentialAction\":[{\"@type\":\"ReadAction\",\"target\":[\"https:\\\/\\\/www.zebemusic.com\\\/de\\\/product\\\/saba\\\/\"]}]},{\"@type\":\"ImageObject\",\"inLanguage\":\"de-DE\",\"@id\":\"https:\\\/\\\/www.zebemusic.com\\\/de\\\/product\\\/saba\\\/#primaryimage\",\"url\":\"https:\\\/\\\/www.zebemusic.com\\\/wp-content\\\/uploads\\\/2018\\\/03\\\/ZEBE2262.jpg\",\"contentUrl\":\"https:\\\/\\\/www.zebemusic.com\\\/wp-content\\\/uploads\\\/2018\\\/03\\\/ZEBE2262.jpg\",\"width\":354,\"height\":500},{\"@type\":\"BreadcrumbList\",\"@id\":\"https:\\\/\\\/www.zebemusic.com\\\/de\\\/product\\\/saba\\\/#breadcrumb\",\"itemListElement\":[{\"@type\":\"ListItem\",\"position\":1,\"name\":\"Shop\",\"item\":\"https:\\\/\\\/www.zebemusic.com\\\/de\\\/shop-2\\\/\"},{\"@type\":\"ListItem\",\"position\":2,\"name\":\"Die K\u00f6nigin von Saba\"}]},{\"@type\":\"WebSite\",\"@id\":\"https:\\\/\\\/www.zebemusic.com\\\/de\\\/#website\",\"url\":\"https:\\\/\\\/www.zebemusic.com\\\/de\\\/\",\"name\":\"ZebeMusic\",\"description\":\"makes you sing.\",\"publisher\":{\"@id\":\"https:\\\/\\\/www.zebemusic.com\\\/de\\\/#organization\"},\"alternateName\":\"Gospelnoten & Kindermusicals\",\"potentialAction\":[{\"@type\":\"SearchAction\",\"target\":{\"@type\":\"EntryPoint\",\"urlTemplate\":\"https:\\\/\\\/www.zebemusic.com\\\/de\\\/?s={search_term_string}\"},\"query-input\":{\"@type\":\"PropertyValueSpecification\",\"valueRequired\":true,\"valueName\":\"search_term_string\"}}],\"inLanguage\":\"de-DE\"},{\"@type\":\"Organization\",\"@id\":\"https:\\\/\\\/www.zebemusic.com\\\/de\\\/#organization\",\"name\":\"ZebeMusic\",\"url\":\"https:\\\/\\\/www.zebemusic.com\\\/de\\\/\",\"logo\":{\"@type\":\"ImageObject\",\"inLanguage\":\"de-DE\",\"@id\":\"https:\\\/\\\/www.zebemusic.com\\\/de\\\/#\\\/schema\\\/logo\\\/image\\\/\",\"url\":\"https:\\\/\\\/www.zebemusic.com\\\/wp-content\\\/uploads\\\/2025\\\/10\\\/ZEBE-Logo_ZW-makesyousing.jpg\",\"contentUrl\":\"https:\\\/\\\/www.zebemusic.com\\\/wp-content\\\/uploads\\\/2025\\\/10\\\/ZEBE-Logo_ZW-makesyousing.jpg\",\"width\":2212,\"height\":958,\"caption\":\"ZebeMusic\"},\"image\":{\"@id\":\"https:\\\/\\\/www.zebemusic.com\\\/de\\\/#\\\/schema\\\/logo\\\/image\\\/\"},\"sameAs\":[\"https:\\\/\\\/www.facebook.com\\\/zebemusic\",\"https:\\\/\\\/www.instagram.com\\\/zebemusic\",\"https:\\\/\\\/www.youtube.com\\\/zebemusicberlin\"]}]}<\/script>\n<!-- \/ Yoast SEO plugin. -->","yoast_head_json":{"title":"Die K\u00f6nigin von Saba - Das Kindermusical","description":"Eine gef\u00e4hrliche Reise durch die W\u00fcste Vorderasiens f\u00fchrt die sch\u00f6ne und wissbegierige K\u00f6nigin von Saba zu Salomo. Kann er ihr wirklich alle Fragen beantworten? Humorvolles Musical f\u00fcr Kinder ab 6.","robots":{"index":"index","follow":"follow","max-snippet":"max-snippet:-1","max-image-preview":"max-image-preview:large","max-video-preview":"max-video-preview:-1"},"canonical":"https:\/\/www.zebemusic.com\/de\/product\/saba\/","og_locale":"de_DE","og_type":"article","og_title":"Die K\u00f6nigin von Saba - Das Kindermusical","og_description":"Eine gef\u00e4hrliche Reise durch die W\u00fcste Vorderasiens f\u00fchrt die sch\u00f6ne und wissbegierige K\u00f6nigin von Saba zu Salomo. Kann er ihr wirklich alle Fragen beantworten? Humorvolles Musical f\u00fcr Kinder ab 6.","og_url":"https:\/\/www.zebemusic.com\/de\/product\/saba\/","og_site_name":"ZebeMusic","article_publisher":"https:\/\/www.facebook.com\/zebemusic","article_modified_time":"2025-08-10T12:53:01+00:00","og_image":[{"width":354,"height":500,"url":"https:\/\/www.zebemusic.com\/wp-content\/uploads\/2018\/03\/ZEBE2262.jpg","type":"image\/jpeg"}],"twitter_card":"summary_large_image","twitter_misc":{"Est. reading time":"1 minute"},"schema":{"@context":"https:\/\/schema.org","@graph":[{"@type":"WebPage","@id":"https:\/\/www.zebemusic.com\/de\/product\/saba\/","url":"https:\/\/www.zebemusic.com\/de\/product\/saba\/","name":"Die K\u00f6nigin von Saba - Das Kindermusical","isPartOf":{"@id":"https:\/\/www.zebemusic.com\/de\/#website"},"primaryImageOfPage":{"@id":"https:\/\/www.zebemusic.com\/de\/product\/saba\/#primaryimage"},"image":{"@id":"https:\/\/www.zebemusic.com\/de\/product\/saba\/#primaryimage"},"thumbnailUrl":"https:\/\/www.zebemusic.com\/wp-content\/uploads\/2018\/03\/ZEBE2262.jpg","datePublished":"2018-03-22T20:54:45+00:00","dateModified":"2025-08-10T12:53:01+00:00","description":"Eine gef\u00e4hrliche Reise durch die W\u00fcste Vorderasiens f\u00fchrt die sch\u00f6ne und wissbegierige K\u00f6nigin von Saba zu Salomo. Kann er ihr wirklich alle Fragen beantworten? Humorvolles Musical f\u00fcr Kinder ab 6.","breadcrumb":{"@id":"https:\/\/www.zebemusic.com\/de\/product\/saba\/#breadcrumb"},"inLanguage":"de-DE","potentialAction":[{"@type":"ReadAction","target":["https:\/\/www.zebemusic.com\/de\/product\/saba\/"]}]},{"@type":"ImageObject","inLanguage":"de-DE","@id":"https:\/\/www.zebemusic.com\/de\/product\/saba\/#primaryimage","url":"https:\/\/www.zebemusic.com\/wp-content\/uploads\/2018\/03\/ZEBE2262.jpg","contentUrl":"https:\/\/www.zebemusic.com\/wp-content\/uploads\/2018\/03\/ZEBE2262.jpg","width":354,"height":500},{"@type":"BreadcrumbList","@id":"https:\/\/www.zebemusic.com\/de\/product\/saba\/#breadcrumb","itemListElement":[{"@type":"ListItem","position":1,"name":"Shop","item":"https:\/\/www.zebemusic.com\/de\/shop-2\/"},{"@type":"ListItem","position":2,"name":"Die K\u00f6nigin von Saba"}]},{"@type":"WebSite","@id":"https:\/\/www.zebemusic.com\/de\/#website","url":"https:\/\/www.zebemusic.com\/de\/","name":"ZebeMusic","description":"makes you sing.","publisher":{"@id":"https:\/\/www.zebemusic.com\/de\/#organization"},"alternateName":"Gospelnoten & Kindermusicals","potentialAction":[{"@type":"SearchAction","target":{"@type":"EntryPoint","urlTemplate":"https:\/\/www.zebemusic.com\/de\/?s={search_term_string}"},"query-input":{"@type":"PropertyValueSpecification","valueRequired":true,"valueName":"search_term_string"}}],"inLanguage":"de-DE"},{"@type":"Organization","@id":"https:\/\/www.zebemusic.com\/de\/#organization","name":"ZebeMusic","url":"https:\/\/www.zebemusic.com\/de\/","logo":{"@type":"ImageObject","inLanguage":"de-DE","@id":"https:\/\/www.zebemusic.com\/de\/#\/schema\/logo\/image\/","url":"https:\/\/www.zebemusic.com\/wp-content\/uploads\/2025\/10\/ZEBE-Logo_ZW-makesyousing.jpg","contentUrl":"https:\/\/www.zebemusic.com\/wp-content\/uploads\/2025\/10\/ZEBE-Logo_ZW-makesyousing.jpg","width":2212,"height":958,"caption":"ZebeMusic"},"image":{"@id":"https:\/\/www.zebemusic.com\/de\/#\/schema\/logo\/image\/"},"sameAs":["https:\/\/www.facebook.com\/zebemusic","https:\/\/www.instagram.com\/zebemusic","https:\/\/www.youtube.com\/zebemusicberlin"]}]}},"_links":{"self":[{"href":"https:\/\/www.zebemusic.com\/de\/wp-json\/wp\/v2\/product\/7742","targetHints":{"allow":["GET"]}}],"collection":[{"href":"https:\/\/www.zebemusic.com\/de\/wp-json\/wp\/v2\/product"}],"about":[{"href":"https:\/\/www.zebemusic.com\/de\/wp-json\/wp\/v2\/types\/product"}],"wp:featuredmedia":[{"embeddable":true,"href":"https:\/\/www.zebemusic.com\/de\/wp-json\/wp\/v2\/media\/7754"}],"wp:attachment":[{"href":"https:\/\/www.zebemusic.com\/de\/wp-json\/wp\/v2\/media?parent=7742"}],"wp:term":[{"taxonomy":"product_brand","embeddable":true,"href":"https:\/\/www.zebemusic.com\/de\/wp-json\/wp\/v2\/product_brand?post=7742"},{"taxonomy":"product_cat","embeddable":true,"href":"https:\/\/www.zebemusic.com\/de\/wp-json\/wp\/v2\/product_cat?post=7742"},{"taxonomy":"product_tag","embeddable":true,"href":"https:\/\/www.zebemusic.com\/de\/wp-json\/wp\/v2\/product_tag?post=7742"}],"curies":[{"name":"wp","href":"https:\/\/api.w.org\/{rel}","templated":true}]}}