{"id":777,"date":"2014-02-18T15:52:16","date_gmt":"2014-02-18T13:52:16","guid":{"rendered":"http:\/\/zebemusic.smukkeberg.com\/?post_type=product&#038;p=777"},"modified":"2025-04-29T11:50:41","modified_gmt":"2025-04-29T10:50:41","slug":"the-ultimate-gospel-choir-book-1","status":"publish","type":"product","link":"https:\/\/www.zebemusic.com\/de\/product\/the-ultimate-gospel-choir-book-1\/","title":{"rendered":"The Ultimate Gospel Choir Book 1"},"content":{"rendered":"","protected":false},"excerpt":{"rendered":"<p>Die Standardausgabe f\u00fcr alle Ch\u00f6re, die Gospels und Spirituals singen!<br \/>\nBand 1 enth\u00e4lt drei\u00dfig Gospel-Klassiker und Spirituals in leichten bis mittelschweren S\u00e4tzen f\u00fcr vierstimmig gemischten Chor a cappella. Gute Singbarkeit der Chors\u00e4tze und offene Gestaltungsm\u00f6glichkeiten der Arrangements zeichnen Jeff Guillens Songs aus. So sind auch Akkordsymbole zur instrumentalen Begleitung notiert.<\/p>\n<p style=\"text-align: left;\"><strong>INHALT: <\/strong><br \/>\nAmen, Balm In Gilead, Burden Down, By An By, Certainly, Come And Go, Deep River, Didn t My Lord Deliver Daniel, Down By the Riverside, Free At Last, Goin to Set Down, Good News, The Gospeltrain, He s Got the Whole World, Hold On, I Know the Lord, Joshua Fight the Battle of Jericho, Let Us Break Bread, Lord, Lord, Lord, Rocks on the Mountains, Roll Jordan, Somebody s Knocking, Sometimes I Feel, Steal Away, There s a Meeting, Trampin , Wade In the Water, Walk Together Children, Were You There, When the Stars Begin to Fall<\/p>\n<p style=\"text-align: right;\"><span style=\"color: #993300;\"><strong>TIPP: Einzelausgabe gesucht? <a href=\"https:\/\/www.zebemusic.com\/de\/einzelausgaben\/\">Hier geht&#8217;s zur \u00dcbersicht<\/a>.<\/strong><\/span><\/p>\n<p style=\"text-align: left; padding-left: 30px;\"><b><span style=\"color: #993300;\"><em>&#8220;Kein anderes \u00e4hnlich umfangreiches Chorbuch dieser Art bekannt.&#8221;<\/em><\/span><\/b> (Forum Kirchenmusik)<\/p>\n<hr \/>\n<p><a href=\"\/wp-content\/PP\/PP1200.pdf\" target=\"_blank\" rel=\"noopener noreferrer\">Probepartitur &gt;&gt;&gt;<\/a><\/p>\n<p><a href=\"\/audio\/1200-1.mp3\" target=\"_blank\" rel=\"noopener noreferrer\">H\u00f6rprobe 1 &gt;&gt;&gt;<\/a> \u00a0\u00a0 <a href=\"\/audio\/1200-3.mp3\" target=\"_blank\" rel=\"noopener noreferrer\">H\u00f6rprobe 2 &gt;&gt;&gt;<\/a>\u00a0\u00a0 <a href=\"\/audio\/1200-4.mp3\" target=\"_blank\" rel=\"noopener noreferrer\">H\u00f6rprobe 3 &gt;&gt;&gt;<\/a><\/p>\n<hr \/>\n<p><strong><span style=\"color: #717171;\">Autor:<\/span><\/strong> <a href=\"\/jeffguillen\">Jeff Guillen<\/a><br \/>\n<strong><span style=\"color: #717171;\">Besetzung:<\/span><\/strong> S.A.T.B., geeignet f\u00fcr Bl\u00e4serchor!<br \/>\n<strong><span style=\"color: #717171;\">Seiten:<\/span><\/strong> 60<br \/>\n<strong><span style=\"color: #717171;\">Schwierigkeitsgrad:<\/span><\/strong> leicht-mittel<\/p>\n<p><strong><span style=\"color: #717171;\">Bestell-Nr.:<\/span><\/strong> ZE 1200<br \/>\n<strong><span style=\"color: #717171;\">ISBN:<\/span><\/strong> 978-3940745-29-3<br \/>\n<strong><span style=\"color: #717171;\">Preis:<\/span><\/strong> \u20ac 14,90 (ab 10 Stk. nur \u20ac 9,90)<\/p>\n","protected":false},"featured_media":377,"template":"","meta":{"_acf_changed":false},"product_brand":[],"product_cat":[13],"product_tag":[153,152,154],"class_list":{"0":"post-777","1":"product","2":"type-product","3":"status-publish","4":"has-post-thumbnail","6":"product_cat-gospel","7":"product_tag-a-cappella","8":"product_tag-gcb","9":"product_tag-guillen","10":"pa_diff-leicht","11":"pa_diff-mittel","12":"pa_language-englisch","13":"pa_occ-abendmahl-kommunion","14":"pa_occ-angst-und-vertrauen","15":"pa_occ-beginn-und-abschied-segen","16":"pa_occ-biblische-geschichten","17":"pa_occ-dankbarkeit","18":"pa_occ-liturgie","19":"pa_occ-lobpreis","20":"pa_occ-passion-de","21":"pa_occ-sterben-und-bestattung","22":"pa_occ-taufe-und-zeugnis","23":"pa_others-sammlungen","24":"pa_style-genre-gospel-de","25":"pa_style-genre-spiritual-de","26":"pa_style-genre-traditional-gospel-style-de","27":"pa_variation-amen","28":"pa_variation-balm-in-gilead","29":"pa_variation-burden-down","30":"pa_variation-by-an-by","31":"pa_variation-chorausgabe","32":"pa_variation-instrumente","33":"pa_variation-leaders-pak","34":"pa_variation-package","35":"pa_variation-partitur","36":"pa_variation-partitur-staffelpreis","37":"pa_voicing-acappella-de","38":"pa_voicing-blaeserchor","39":"pa_voicing-satb-de","41":"first","42":"instock","43":"taxable","44":"shipping-taxable","45":"purchasable","46":"product-type-simple"},"acf":[],"yoast_head":"<!-- This site is optimized with the Yoast SEO plugin v27.3 - https:\/\/yoast.com\/product\/yoast-seo-wordpress\/ -->\n<title>The Ultimate Gospel Choir Book 1<\/title>\n<meta name=\"description\" content=\"Der Gospelchor-Klassiker mit 30 a-cappella-Songs. Standard f\u00fcr Gospelch\u00f6re! DEMO&gt;&gt;&gt;\" \/>\n<meta name=\"robots\" content=\"index, follow, max-snippet:-1, max-image-preview:large, max-video-preview:-1\" \/>\n<link rel=\"canonical\" href=\"https:\/\/www.zebemusic.com\/de\/product\/the-ultimate-gospel-choir-book-1\/\" \/>\n<meta property=\"og:locale\" content=\"de_DE\" \/>\n<meta property=\"og:type\" content=\"article\" \/>\n<meta property=\"og:title\" content=\"The Ultimate Gospel Choir Book 1\" \/>\n<meta property=\"og:description\" content=\"Der Gospelchor-Klassiker mit 30 a-cappella-Songs. Standard f\u00fcr Gospelch\u00f6re! DEMO&gt;&gt;&gt;\" \/>\n<meta property=\"og:url\" content=\"https:\/\/www.zebemusic.com\/de\/product\/the-ultimate-gospel-choir-book-1\/\" \/>\n<meta property=\"og:site_name\" content=\"ZebeMusic\" \/>\n<meta property=\"article:publisher\" content=\"https:\/\/www.facebook.com\/zebemusic\" \/>\n<meta property=\"article:modified_time\" content=\"2025-04-29T10:50:41+00:00\" \/>\n<meta property=\"og:image\" content=\"https:\/\/www.zebemusic.com\/wp-content\/uploads\/2013\/08\/ZEBE1200.jpg\" \/>\n\t<meta property=\"og:image:width\" content=\"381\" \/>\n\t<meta property=\"og:image:height\" content=\"500\" \/>\n\t<meta property=\"og:image:type\" content=\"image\/jpeg\" \/>\n<meta name=\"twitter:card\" content=\"summary_large_image\" \/>\n<meta name=\"twitter:label1\" content=\"Est. reading time\" \/>\n\t<meta name=\"twitter:data1\" content=\"1 minute\" \/>\n<script type=\"application\/ld+json\" class=\"yoast-schema-graph\">{\"@context\":\"https:\\\/\\\/schema.org\",\"@graph\":[{\"@type\":\"WebPage\",\"@id\":\"https:\\\/\\\/www.zebemusic.com\\\/de\\\/product\\\/the-ultimate-gospel-choir-book-1\\\/\",\"url\":\"https:\\\/\\\/www.zebemusic.com\\\/de\\\/product\\\/the-ultimate-gospel-choir-book-1\\\/\",\"name\":\"The Ultimate Gospel Choir Book 1\",\"isPartOf\":{\"@id\":\"https:\\\/\\\/www.zebemusic.com\\\/de\\\/#website\"},\"primaryImageOfPage\":{\"@id\":\"https:\\\/\\\/www.zebemusic.com\\\/de\\\/product\\\/the-ultimate-gospel-choir-book-1\\\/#primaryimage\"},\"image\":{\"@id\":\"https:\\\/\\\/www.zebemusic.com\\\/de\\\/product\\\/the-ultimate-gospel-choir-book-1\\\/#primaryimage\"},\"thumbnailUrl\":\"https:\\\/\\\/www.zebemusic.com\\\/wp-content\\\/uploads\\\/2013\\\/08\\\/ZEBE1200.jpg\",\"datePublished\":\"2014-02-18T13:52:16+00:00\",\"dateModified\":\"2025-04-29T10:50:41+00:00\",\"description\":\"Der Gospelchor-Klassiker mit 30 a-cappella-Songs. Standard f\u00fcr Gospelch\u00f6re! DEMO>>>\",\"breadcrumb\":{\"@id\":\"https:\\\/\\\/www.zebemusic.com\\\/de\\\/product\\\/the-ultimate-gospel-choir-book-1\\\/#breadcrumb\"},\"inLanguage\":\"de-DE\",\"potentialAction\":[{\"@type\":\"ReadAction\",\"target\":[\"https:\\\/\\\/www.zebemusic.com\\\/de\\\/product\\\/the-ultimate-gospel-choir-book-1\\\/\"]}]},{\"@type\":\"ImageObject\",\"inLanguage\":\"de-DE\",\"@id\":\"https:\\\/\\\/www.zebemusic.com\\\/de\\\/product\\\/the-ultimate-gospel-choir-book-1\\\/#primaryimage\",\"url\":\"https:\\\/\\\/www.zebemusic.com\\\/wp-content\\\/uploads\\\/2013\\\/08\\\/ZEBE1200.jpg\",\"contentUrl\":\"https:\\\/\\\/www.zebemusic.com\\\/wp-content\\\/uploads\\\/2013\\\/08\\\/ZEBE1200.jpg\",\"width\":381,\"height\":500},{\"@type\":\"BreadcrumbList\",\"@id\":\"https:\\\/\\\/www.zebemusic.com\\\/de\\\/product\\\/the-ultimate-gospel-choir-book-1\\\/#breadcrumb\",\"itemListElement\":[{\"@type\":\"ListItem\",\"position\":1,\"name\":\"Shop\",\"item\":\"https:\\\/\\\/www.zebemusic.com\\\/de\\\/shop-2\\\/\"},{\"@type\":\"ListItem\",\"position\":2,\"name\":\"The Ultimate Gospel Choir Book 1\"}]},{\"@type\":\"WebSite\",\"@id\":\"https:\\\/\\\/www.zebemusic.com\\\/de\\\/#website\",\"url\":\"https:\\\/\\\/www.zebemusic.com\\\/de\\\/\",\"name\":\"ZebeMusic\",\"description\":\"makes you sing.\",\"publisher\":{\"@id\":\"https:\\\/\\\/www.zebemusic.com\\\/de\\\/#organization\"},\"alternateName\":\"Gospelnoten & Kindermusicals\",\"potentialAction\":[{\"@type\":\"SearchAction\",\"target\":{\"@type\":\"EntryPoint\",\"urlTemplate\":\"https:\\\/\\\/www.zebemusic.com\\\/de\\\/?s={search_term_string}\"},\"query-input\":{\"@type\":\"PropertyValueSpecification\",\"valueRequired\":true,\"valueName\":\"search_term_string\"}}],\"inLanguage\":\"de-DE\"},{\"@type\":\"Organization\",\"@id\":\"https:\\\/\\\/www.zebemusic.com\\\/de\\\/#organization\",\"name\":\"ZebeMusic\",\"url\":\"https:\\\/\\\/www.zebemusic.com\\\/de\\\/\",\"logo\":{\"@type\":\"ImageObject\",\"inLanguage\":\"de-DE\",\"@id\":\"https:\\\/\\\/www.zebemusic.com\\\/de\\\/#\\\/schema\\\/logo\\\/image\\\/\",\"url\":\"https:\\\/\\\/www.zebemusic.com\\\/wp-content\\\/uploads\\\/2025\\\/10\\\/ZEBE-Logo_ZW-makesyousing.jpg\",\"contentUrl\":\"https:\\\/\\\/www.zebemusic.com\\\/wp-content\\\/uploads\\\/2025\\\/10\\\/ZEBE-Logo_ZW-makesyousing.jpg\",\"width\":2212,\"height\":958,\"caption\":\"ZebeMusic\"},\"image\":{\"@id\":\"https:\\\/\\\/www.zebemusic.com\\\/de\\\/#\\\/schema\\\/logo\\\/image\\\/\"},\"sameAs\":[\"https:\\\/\\\/www.facebook.com\\\/zebemusic\",\"https:\\\/\\\/www.instagram.com\\\/zebemusic\",\"https:\\\/\\\/www.youtube.com\\\/zebemusicberlin\"]}]}<\/script>\n<!-- \/ Yoast SEO plugin. -->","yoast_head_json":{"title":"The Ultimate Gospel Choir Book 1","description":"Der Gospelchor-Klassiker mit 30 a-cappella-Songs. Standard f\u00fcr Gospelch\u00f6re! DEMO>>>","robots":{"index":"index","follow":"follow","max-snippet":"max-snippet:-1","max-image-preview":"max-image-preview:large","max-video-preview":"max-video-preview:-1"},"canonical":"https:\/\/www.zebemusic.com\/de\/product\/the-ultimate-gospel-choir-book-1\/","og_locale":"de_DE","og_type":"article","og_title":"The Ultimate Gospel Choir Book 1","og_description":"Der Gospelchor-Klassiker mit 30 a-cappella-Songs. Standard f\u00fcr Gospelch\u00f6re! DEMO>>>","og_url":"https:\/\/www.zebemusic.com\/de\/product\/the-ultimate-gospel-choir-book-1\/","og_site_name":"ZebeMusic","article_publisher":"https:\/\/www.facebook.com\/zebemusic","article_modified_time":"2025-04-29T10:50:41+00:00","og_image":[{"width":381,"height":500,"url":"https:\/\/www.zebemusic.com\/wp-content\/uploads\/2013\/08\/ZEBE1200.jpg","type":"image\/jpeg"}],"twitter_card":"summary_large_image","twitter_misc":{"Est. reading time":"1 minute"},"schema":{"@context":"https:\/\/schema.org","@graph":[{"@type":"WebPage","@id":"https:\/\/www.zebemusic.com\/de\/product\/the-ultimate-gospel-choir-book-1\/","url":"https:\/\/www.zebemusic.com\/de\/product\/the-ultimate-gospel-choir-book-1\/","name":"The Ultimate Gospel Choir Book 1","isPartOf":{"@id":"https:\/\/www.zebemusic.com\/de\/#website"},"primaryImageOfPage":{"@id":"https:\/\/www.zebemusic.com\/de\/product\/the-ultimate-gospel-choir-book-1\/#primaryimage"},"image":{"@id":"https:\/\/www.zebemusic.com\/de\/product\/the-ultimate-gospel-choir-book-1\/#primaryimage"},"thumbnailUrl":"https:\/\/www.zebemusic.com\/wp-content\/uploads\/2013\/08\/ZEBE1200.jpg","datePublished":"2014-02-18T13:52:16+00:00","dateModified":"2025-04-29T10:50:41+00:00","description":"Der Gospelchor-Klassiker mit 30 a-cappella-Songs. Standard f\u00fcr Gospelch\u00f6re! DEMO>>>","breadcrumb":{"@id":"https:\/\/www.zebemusic.com\/de\/product\/the-ultimate-gospel-choir-book-1\/#breadcrumb"},"inLanguage":"de-DE","potentialAction":[{"@type":"ReadAction","target":["https:\/\/www.zebemusic.com\/de\/product\/the-ultimate-gospel-choir-book-1\/"]}]},{"@type":"ImageObject","inLanguage":"de-DE","@id":"https:\/\/www.zebemusic.com\/de\/product\/the-ultimate-gospel-choir-book-1\/#primaryimage","url":"https:\/\/www.zebemusic.com\/wp-content\/uploads\/2013\/08\/ZEBE1200.jpg","contentUrl":"https:\/\/www.zebemusic.com\/wp-content\/uploads\/2013\/08\/ZEBE1200.jpg","width":381,"height":500},{"@type":"BreadcrumbList","@id":"https:\/\/www.zebemusic.com\/de\/product\/the-ultimate-gospel-choir-book-1\/#breadcrumb","itemListElement":[{"@type":"ListItem","position":1,"name":"Shop","item":"https:\/\/www.zebemusic.com\/de\/shop-2\/"},{"@type":"ListItem","position":2,"name":"The Ultimate Gospel Choir Book 1"}]},{"@type":"WebSite","@id":"https:\/\/www.zebemusic.com\/de\/#website","url":"https:\/\/www.zebemusic.com\/de\/","name":"ZebeMusic","description":"makes you sing.","publisher":{"@id":"https:\/\/www.zebemusic.com\/de\/#organization"},"alternateName":"Gospelnoten & Kindermusicals","potentialAction":[{"@type":"SearchAction","target":{"@type":"EntryPoint","urlTemplate":"https:\/\/www.zebemusic.com\/de\/?s={search_term_string}"},"query-input":{"@type":"PropertyValueSpecification","valueRequired":true,"valueName":"search_term_string"}}],"inLanguage":"de-DE"},{"@type":"Organization","@id":"https:\/\/www.zebemusic.com\/de\/#organization","name":"ZebeMusic","url":"https:\/\/www.zebemusic.com\/de\/","logo":{"@type":"ImageObject","inLanguage":"de-DE","@id":"https:\/\/www.zebemusic.com\/de\/#\/schema\/logo\/image\/","url":"https:\/\/www.zebemusic.com\/wp-content\/uploads\/2025\/10\/ZEBE-Logo_ZW-makesyousing.jpg","contentUrl":"https:\/\/www.zebemusic.com\/wp-content\/uploads\/2025\/10\/ZEBE-Logo_ZW-makesyousing.jpg","width":2212,"height":958,"caption":"ZebeMusic"},"image":{"@id":"https:\/\/www.zebemusic.com\/de\/#\/schema\/logo\/image\/"},"sameAs":["https:\/\/www.facebook.com\/zebemusic","https:\/\/www.instagram.com\/zebemusic","https:\/\/www.youtube.com\/zebemusicberlin"]}]}},"_links":{"self":[{"href":"https:\/\/www.zebemusic.com\/de\/wp-json\/wp\/v2\/product\/777","targetHints":{"allow":["GET"]}}],"collection":[{"href":"https:\/\/www.zebemusic.com\/de\/wp-json\/wp\/v2\/product"}],"about":[{"href":"https:\/\/www.zebemusic.com\/de\/wp-json\/wp\/v2\/types\/product"}],"wp:featuredmedia":[{"embeddable":true,"href":"https:\/\/www.zebemusic.com\/de\/wp-json\/wp\/v2\/media\/377"}],"wp:attachment":[{"href":"https:\/\/www.zebemusic.com\/de\/wp-json\/wp\/v2\/media?parent=777"}],"wp:term":[{"taxonomy":"product_brand","embeddable":true,"href":"https:\/\/www.zebemusic.com\/de\/wp-json\/wp\/v2\/product_brand?post=777"},{"taxonomy":"product_cat","embeddable":true,"href":"https:\/\/www.zebemusic.com\/de\/wp-json\/wp\/v2\/product_cat?post=777"},{"taxonomy":"product_tag","embeddable":true,"href":"https:\/\/www.zebemusic.com\/de\/wp-json\/wp\/v2\/product_tag?post=777"}],"curies":[{"name":"wp","href":"https:\/\/api.w.org\/{rel}","templated":true}]}}