{"id":1660,"date":"2014-03-25T09:04:04","date_gmt":"2014-03-25T07:04:04","guid":{"rendered":"http:\/\/zebemusic.smukkeberg.com\/?page_id=1660"},"modified":"2024-02-22T05:21:09","modified_gmt":"2024-02-22T04:21:09","slug":"cgv","status":"publish","type":"page","link":"https:\/\/www.zebemusic.com\/fr\/sil-vous-plait-selectionnez\/cgv\/","title":{"rendered":"CGV"},"content":{"rendered":"<div>\n<div>\n<h3>Conditions g\u00e9n\u00e9rales de vente<\/h3>\n<p>PRIX \/ CONDITIONS DE LIVRAISON<br \/>\nTous les prix sont en EURO, autres prix sur demande (a.A.). Sous r\u00e9serve de modifications de prix, d&#8217;erreurs et de possibilit\u00e9s de livraison. Les prix applicables sont ceux de la derni\u00e8re liste d&#8217;\u00e9dition ou de prix, les indications de prix plus anciennes deviennent caduques avec la parution d&#8217;une nouvelle liste de prix ou d&#8217;un nouveau catalogue.<br \/>\nLes revendeurs (commer\u00e7ants) s&#8217;engagent, en achetant la marchandise \u00e0 des clients finaux en Allemagne, en Suisse et en Autriche, \u00e0 ne vendre qu&#8217;aux prix actuels du catalogue et \u00e0 ne pas accorder de r\u00e9ductions li\u00e9es \u00e0 l&#8217;achat. Ils doivent respecter les r\u00e8gles de la proc\u00e9dure de fixation des prix des librairies et des magasins de musique. La base de la formation des prix est le taux de conversion de la monnaie concern\u00e9e :<br \/>\nEtats membres de l&#8217;Union europ\u00e9enne : le prix en EURO est consid\u00e9r\u00e9 comme prix impos\u00e9.<br \/>\nL&#8217;\u00e9diteur accorde aux revendeurs une remise commerciale sur tous les produits. Les grossistes b\u00e9n\u00e9ficient d&#8217;une remise plus importante sur tous les produits de l&#8217;\u00e9diteur.<\/p>\n<p>RISQUE D&#8217;EXPEDITION<br \/>\nL&#8217;exp\u00e9dition se fait aux frais et aux risques de l&#8217;acheteur. La marchandise est exp\u00e9di\u00e9e prot\u00e9g\u00e9e conform\u00e9ment aux usages commerciaux.<\/p>\n<p>EXP\u00c9DITION \/ FRAIS<br \/>\nLivraison sur ordre de ZebeMusic par le S\u00fcdost-Verlags-Service en tant que lettre, envoi de marchandises, envoi de livres, paquet ou colis postal (DHL\/Deutsche Post).<br \/>\nLes frais d&#8217;envoi s&#8217;\u00e9l\u00e8vent \u00e0 un montant forfaitaire de 1,90 \u20ac (4,00 \u20ac pour l&#8217;\u00e9tranger).<br \/>\nLivraison gratuite en Allemagne \u00e0 partir d&#8217;un montant de commande de 40,00 \u20ac (\u00e9tranger 75,00 \u20ac).<\/p>\n<p>PAIEMENT \/ R\u00c9SERVE DE PROPRI\u00c9T\u00c9<br \/>\nLa maison d&#8217;\u00e9dition peut exiger un paiement anticip\u00e9 pour les nouveaux clients ; \u00e0 cet effet, une facture pro forma est transmise au client au pr\u00e9alable.<br \/>\nLa marchandise reste la propri\u00e9t\u00e9 de la maison d&#8217;\u00e9dition jusqu&#8217;au paiement int\u00e9gral.<\/p>\n<p>D\u00c9LIVRANCE<br \/>\nLe d\u00e9lai d&#8217;\u00e9ch\u00e9ance mentionn\u00e9 sur la facture est applicable, si celui-ci n&#8217;est pas indiqu\u00e9, le paiement doit \u00eatre effectu\u00e9 dans les 30 jours suivant la date de la facture.<br \/>\nLes remises sp\u00e9ciales et les escomptes ne sont pas accord\u00e9s.<\/p>\n<p>\u00c9CHANGE, R\u00c9CLAMATION<br \/>\nL&#8217;\u00e9change de marchandises est en principe exclu. Font exception \u00e0 cette r\u00e8gle les marchandises produites de mani\u00e8re d\u00e9fectueuse. L&#8217;\u00e9change doit faire l&#8217;objet d&#8217;une r\u00e9clamation dans les deux semaines suivant l&#8217;exp\u00e9dition. Le renvoi doit \u00eatre effectu\u00e9 de la mani\u00e8re la moins ch\u00e8re possible. La marchandise de remplacement sera livr\u00e9e ult\u00e9rieurement sans frais d&#8217;exp\u00e9dition. En principe, seule la marchandise ordinaire est livr\u00e9e, c&#8217;est-\u00e0-dire pas d&#8217;exemplaires d\u00e9fectueux \u00e0 des prix r\u00e9duits.<br \/>\nExceptions pour les commer\u00e7ants :<br \/>\nAvant ou en m\u00eame temps que la commande, des livraisons avec droit de retour, par exemple des livraisons en commission, peuvent \u00eatre demand\u00e9es. Dans ce cas, la marchandise doit \u00eatre renvoy\u00e9e intacte dans le d\u00e9lai imparti. Le risque de responsabilit\u00e9 est support\u00e9 par l&#8217;acheteur \/ le client.<br \/>\nSi la maison d&#8217;\u00e9dition demande \u00e0 un commer\u00e7ant d&#8217;accepter des marchandises en commission, la maison d&#8217;\u00e9dition assume le risque et les frais d&#8217;exp\u00e9dition habituels ou convenus.<\/p>\n<p>JURIDICTION<br \/>\nLe tribunal comp\u00e9tent est celui de Berlin ou le tribunal comp\u00e9tent le plus proche du lieu d&#8217;implantation de la maison d&#8217;\u00e9dition.<\/p>\n<p>&nbsp;<\/p>\n<\/div>\n<\/div>\n","protected":false},"excerpt":{"rendered":"<p>Conditions g\u00e9n\u00e9rales de vente PRIX \/ CONDITIONS DE LIVRAISON Tous les prix sont en EURO, autres prix sur demande (a.A.). Sous r\u00e9serve de modifications de prix, d&#8217;erreurs et de possibilit\u00e9s de livraison. Les prix applicables sont ceux de la derni\u00e8re liste d&#8217;\u00e9dition ou de prix, les indications de prix plus anciennes deviennent caduques avec la [&hellip;]<\/p>\n","protected":false},"author":50,"featured_media":0,"parent":1638,"menu_order":0,"comment_status":"closed","ping_status":"closed","template":"page-templates\/page-sidebar-none.php","meta":{"_acf_changed":false,"footnotes":""},"class_list":["post-1660","page","type-page","status-publish","hentry"],"acf":[],"yoast_head":"<!-- This site is optimized with the Yoast SEO plugin v27.3 - https:\/\/yoast.com\/product\/yoast-seo-wordpress\/ -->\n<title>CGV<\/title>\n<meta name=\"robots\" content=\"index, follow, max-snippet:-1, max-image-preview:large, max-video-preview:-1\" \/>\n<link rel=\"canonical\" href=\"https:\/\/www.zebemusic.com\/fr\/sil-vous-plait-selectionnez\/cgv\/\" \/>\n<meta property=\"og:locale\" content=\"fr_FR\" \/>\n<meta property=\"og:type\" content=\"article\" \/>\n<meta property=\"og:title\" content=\"CGV\" \/>\n<meta property=\"og:description\" content=\"Conditions g\u00e9n\u00e9rales de vente PRIX \/ CONDITIONS DE LIVRAISON Tous les prix sont en EURO, autres prix sur demande (a.A.). Sous r\u00e9serve de modifications de prix, d&#8217;erreurs et de possibilit\u00e9s de livraison. Les prix applicables sont ceux de la derni\u00e8re liste d&#8217;\u00e9dition ou de prix, les indications de prix plus anciennes deviennent caduques avec la [&hellip;]\" \/>\n<meta property=\"og:url\" content=\"https:\/\/www.zebemusic.com\/fr\/sil-vous-plait-selectionnez\/cgv\/\" \/>\n<meta property=\"og:site_name\" content=\"ZebeMusic\" \/>\n<meta property=\"article:publisher\" content=\"https:\/\/www.facebook.com\/zebemusic\" \/>\n<meta property=\"article:modified_time\" content=\"2024-02-22T04:21:09+00:00\" \/>\n<meta property=\"og:image\" content=\"https:\/\/www.zebemusic.com\/wp-content\/uploads\/2025\/10\/ZEBE-Logo_ZW-makesyousing.jpg\" \/>\n\t<meta property=\"og:image:width\" content=\"2212\" \/>\n\t<meta property=\"og:image:height\" content=\"958\" \/>\n\t<meta property=\"og:image:type\" content=\"image\/jpeg\" \/>\n<meta name=\"twitter:card\" content=\"summary_large_image\" \/>\n<meta name=\"twitter:label1\" content=\"Est. reading time\" \/>\n\t<meta name=\"twitter:data1\" content=\"3 minutes\" \/>\n<script type=\"application\/ld+json\" class=\"yoast-schema-graph\">{\"@context\":\"https:\\\/\\\/schema.org\",\"@graph\":[{\"@type\":\"WebPage\",\"@id\":\"https:\\\/\\\/www.zebemusic.com\\\/fr\\\/sil-vous-plait-selectionnez\\\/cgv\\\/\",\"url\":\"https:\\\/\\\/www.zebemusic.com\\\/fr\\\/sil-vous-plait-selectionnez\\\/cgv\\\/\",\"name\":\"CGV\",\"isPartOf\":{\"@id\":\"https:\\\/\\\/www.zebemusic.com\\\/de\\\/#website\"},\"datePublished\":\"2014-03-25T07:04:04+00:00\",\"dateModified\":\"2024-02-22T04:21:09+00:00\",\"breadcrumb\":{\"@id\":\"https:\\\/\\\/www.zebemusic.com\\\/fr\\\/sil-vous-plait-selectionnez\\\/cgv\\\/#breadcrumb\"},\"inLanguage\":\"fr-FR\",\"potentialAction\":[{\"@type\":\"ReadAction\",\"target\":[\"https:\\\/\\\/www.zebemusic.com\\\/fr\\\/sil-vous-plait-selectionnez\\\/cgv\\\/\"]}]},{\"@type\":\"BreadcrumbList\",\"@id\":\"https:\\\/\\\/www.zebemusic.com\\\/fr\\\/sil-vous-plait-selectionnez\\\/cgv\\\/#breadcrumb\",\"itemListElement\":[{\"@type\":\"ListItem\",\"position\":1,\"name\":\"Information\",\"item\":\"https:\\\/\\\/www.zebemusic.com\\\/please-choose\\\/\"},{\"@type\":\"ListItem\",\"position\":2,\"name\":\"CGV\"}]},{\"@type\":\"WebSite\",\"@id\":\"https:\\\/\\\/www.zebemusic.com\\\/de\\\/#website\",\"url\":\"https:\\\/\\\/www.zebemusic.com\\\/de\\\/\",\"name\":\"ZebeMusic\",\"description\":\"vous incite a chanter.\",\"publisher\":{\"@id\":\"https:\\\/\\\/www.zebemusic.com\\\/de\\\/#organization\"},\"alternateName\":\"Gospelnoten & Kindermusicals\",\"potentialAction\":[{\"@type\":\"SearchAction\",\"target\":{\"@type\":\"EntryPoint\",\"urlTemplate\":\"https:\\\/\\\/www.zebemusic.com\\\/de\\\/?s={search_term_string}\"},\"query-input\":{\"@type\":\"PropertyValueSpecification\",\"valueRequired\":true,\"valueName\":\"search_term_string\"}}],\"inLanguage\":\"fr-FR\"},{\"@type\":\"Organization\",\"@id\":\"https:\\\/\\\/www.zebemusic.com\\\/de\\\/#organization\",\"name\":\"ZebeMusic\",\"url\":\"https:\\\/\\\/www.zebemusic.com\\\/de\\\/\",\"logo\":{\"@type\":\"ImageObject\",\"inLanguage\":\"fr-FR\",\"@id\":\"https:\\\/\\\/www.zebemusic.com\\\/de\\\/#\\\/schema\\\/logo\\\/image\\\/\",\"url\":\"https:\\\/\\\/www.zebemusic.com\\\/wp-content\\\/uploads\\\/2025\\\/10\\\/ZEBE-Logo_ZW-makesyousing.jpg\",\"contentUrl\":\"https:\\\/\\\/www.zebemusic.com\\\/wp-content\\\/uploads\\\/2025\\\/10\\\/ZEBE-Logo_ZW-makesyousing.jpg\",\"width\":2212,\"height\":958,\"caption\":\"ZebeMusic\"},\"image\":{\"@id\":\"https:\\\/\\\/www.zebemusic.com\\\/de\\\/#\\\/schema\\\/logo\\\/image\\\/\"},\"sameAs\":[\"https:\\\/\\\/www.facebook.com\\\/zebemusic\",\"https:\\\/\\\/www.instagram.com\\\/zebemusic\",\"https:\\\/\\\/www.youtube.com\\\/zebemusicberlin\"]}]}<\/script>\n<!-- \/ Yoast SEO plugin. -->","yoast_head_json":{"title":"CGV","robots":{"index":"index","follow":"follow","max-snippet":"max-snippet:-1","max-image-preview":"max-image-preview:large","max-video-preview":"max-video-preview:-1"},"canonical":"https:\/\/www.zebemusic.com\/fr\/sil-vous-plait-selectionnez\/cgv\/","og_locale":"fr_FR","og_type":"article","og_title":"CGV","og_description":"Conditions g\u00e9n\u00e9rales de vente PRIX \/ CONDITIONS DE LIVRAISON Tous les prix sont en EURO, autres prix sur demande (a.A.). Sous r\u00e9serve de modifications de prix, d&#8217;erreurs et de possibilit\u00e9s de livraison. Les prix applicables sont ceux de la derni\u00e8re liste d&#8217;\u00e9dition ou de prix, les indications de prix plus anciennes deviennent caduques avec la [&hellip;]","og_url":"https:\/\/www.zebemusic.com\/fr\/sil-vous-plait-selectionnez\/cgv\/","og_site_name":"ZebeMusic","article_publisher":"https:\/\/www.facebook.com\/zebemusic","article_modified_time":"2024-02-22T04:21:09+00:00","og_image":[{"width":2212,"height":958,"url":"https:\/\/www.zebemusic.com\/wp-content\/uploads\/2025\/10\/ZEBE-Logo_ZW-makesyousing.jpg","type":"image\/jpeg"}],"twitter_card":"summary_large_image","twitter_misc":{"Est. reading time":"3 minutes"},"schema":{"@context":"https:\/\/schema.org","@graph":[{"@type":"WebPage","@id":"https:\/\/www.zebemusic.com\/fr\/sil-vous-plait-selectionnez\/cgv\/","url":"https:\/\/www.zebemusic.com\/fr\/sil-vous-plait-selectionnez\/cgv\/","name":"CGV","isPartOf":{"@id":"https:\/\/www.zebemusic.com\/de\/#website"},"datePublished":"2014-03-25T07:04:04+00:00","dateModified":"2024-02-22T04:21:09+00:00","breadcrumb":{"@id":"https:\/\/www.zebemusic.com\/fr\/sil-vous-plait-selectionnez\/cgv\/#breadcrumb"},"inLanguage":"fr-FR","potentialAction":[{"@type":"ReadAction","target":["https:\/\/www.zebemusic.com\/fr\/sil-vous-plait-selectionnez\/cgv\/"]}]},{"@type":"BreadcrumbList","@id":"https:\/\/www.zebemusic.com\/fr\/sil-vous-plait-selectionnez\/cgv\/#breadcrumb","itemListElement":[{"@type":"ListItem","position":1,"name":"Information","item":"https:\/\/www.zebemusic.com\/please-choose\/"},{"@type":"ListItem","position":2,"name":"CGV"}]},{"@type":"WebSite","@id":"https:\/\/www.zebemusic.com\/de\/#website","url":"https:\/\/www.zebemusic.com\/de\/","name":"ZebeMusic","description":"vous incite a chanter.","publisher":{"@id":"https:\/\/www.zebemusic.com\/de\/#organization"},"alternateName":"Gospelnoten & Kindermusicals","potentialAction":[{"@type":"SearchAction","target":{"@type":"EntryPoint","urlTemplate":"https:\/\/www.zebemusic.com\/de\/?s={search_term_string}"},"query-input":{"@type":"PropertyValueSpecification","valueRequired":true,"valueName":"search_term_string"}}],"inLanguage":"fr-FR"},{"@type":"Organization","@id":"https:\/\/www.zebemusic.com\/de\/#organization","name":"ZebeMusic","url":"https:\/\/www.zebemusic.com\/de\/","logo":{"@type":"ImageObject","inLanguage":"fr-FR","@id":"https:\/\/www.zebemusic.com\/de\/#\/schema\/logo\/image\/","url":"https:\/\/www.zebemusic.com\/wp-content\/uploads\/2025\/10\/ZEBE-Logo_ZW-makesyousing.jpg","contentUrl":"https:\/\/www.zebemusic.com\/wp-content\/uploads\/2025\/10\/ZEBE-Logo_ZW-makesyousing.jpg","width":2212,"height":958,"caption":"ZebeMusic"},"image":{"@id":"https:\/\/www.zebemusic.com\/de\/#\/schema\/logo\/image\/"},"sameAs":["https:\/\/www.facebook.com\/zebemusic","https:\/\/www.instagram.com\/zebemusic","https:\/\/www.youtube.com\/zebemusicberlin"]}]}},"_links":{"self":[{"href":"https:\/\/www.zebemusic.com\/fr\/wp-json\/wp\/v2\/pages\/1660","targetHints":{"allow":["GET"]}}],"collection":[{"href":"https:\/\/www.zebemusic.com\/fr\/wp-json\/wp\/v2\/pages"}],"about":[{"href":"https:\/\/www.zebemusic.com\/fr\/wp-json\/wp\/v2\/types\/page"}],"author":[{"embeddable":true,"href":"https:\/\/www.zebemusic.com\/fr\/wp-json\/wp\/v2\/users\/50"}],"replies":[{"embeddable":true,"href":"https:\/\/www.zebemusic.com\/fr\/wp-json\/wp\/v2\/comments?post=1660"}],"version-history":[{"count":3,"href":"https:\/\/www.zebemusic.com\/fr\/wp-json\/wp\/v2\/pages\/1660\/revisions"}],"predecessor-version":[{"id":22020,"href":"https:\/\/www.zebemusic.com\/fr\/wp-json\/wp\/v2\/pages\/1660\/revisions\/22020"}],"up":[{"embeddable":true,"href":"https:\/\/www.zebemusic.com\/fr\/wp-json\/wp\/v2\/pages\/1638"}],"wp:attachment":[{"href":"https:\/\/www.zebemusic.com\/fr\/wp-json\/wp\/v2\/media?parent=1660"}],"curies":[{"name":"wp","href":"https:\/\/api.w.org\/{rel}","templated":true}]}}