{"id":1721,"date":"2014-03-25T13:44:50","date_gmt":"2014-03-25T11:44:50","guid":{"rendered":"http:\/\/zebemusic.smukkeberg.com\/?page_id=1721"},"modified":"2024-02-11T08:28:24","modified_gmt":"2024-02-11T07:28:24","slug":"auteurs-artiste","status":"publish","type":"page","link":"https:\/\/www.zebemusic.com\/fr\/propos-de-nous-2\/auteurs-artiste\/","title":{"rendered":"Auteurs &#038; Artistes"},"content":{"rendered":"<p>&nbsp;<\/p>\n<table>\n<tbody>\n<tr>\n<th width=\"800\"><strong>\u2022 Auteurs<\/strong><\/th>\n<th width=\"800\"><strong>\u2022 Artistes<\/strong><\/th>\n<th width=\"800\"><strong>\u2022 Chorales<\/strong><\/th>\n<th width=\"800\"><strong>\u2022 Concepteurs graphiques<\/strong><\/th>\n<\/tr>\n<tr>\n<td valign=\"top\"><a href=\"\/andreasmuecksch\">Andreas M\u00fccksch<\/a><br \/>\n<a href=\"barbaraschatz\">Barbara Schatz<\/a><br \/>\nBastian Pusch<br \/>\nChristiane Etzold<br \/>\nChristina M\u00fcller<br \/>\n<a href=\"https:\/\/www.bluechurch.ch\/profiles\/christian-scheel\" target=\"_blank\" rel=\"noopener\">Christian Scheel<\/a><br \/>\n<a href=\"christophschoepsdau\">Christoph Schoepsdau<\/a><br \/>\n<a href=\"corneliatrommer\">Cornelia Trommer<\/a><br \/>\nDieter Stork<br \/>\nEric Bond<br \/>\nFlorian Hanssen<br \/>\nFrank F\u00f6rster<br \/>\nHans Hermann Wickel<br \/>\nHans-J\u00f6rg Fiehl<br \/>\n<a href=\"https:\/\/zebemusic.com\/henrike-thies-gebauer\/\">Henrike Thies-Gebauer<\/a><br \/>\n<a href=\"holgerhantke\">Holger Hantke<\/a><br \/>\nHubert Zaindl<br \/>\n<a href=\"https:\/\/zebemusic.com\/gospelworkshops-jan-meyer\/\" target=\"_blank\" rel=\"noopener noreferrer\">Jan Meyer<\/a><br \/>\n<a href=\"\/jeffguillen\">Jeff Guillen<br \/>\n<\/a><a href=\"\/joachim-dierks\">Joachim Dierks<\/a><br \/>\nJohannes Blomenkamp<br \/>\nJohannes M. Michel<br \/>\n<a href=\"\/johannesstaemmler\">Johannes Staemmler<\/a><br \/>\nJutta Hager<br \/>\nKlaus-Hermann Ansch\u00fctz<br \/>\nMaren Seyboldt<br \/>\n<a href=\"\/markus-gueck\">Markus G\u00fcck<\/a><br \/>\n<a href=\"\/matthiasnagel\">Matthias Nagel<br \/>\n<\/a>Micha Keding<br \/>\nMichael Martin<br \/>\n<a href=\"\/nikoschlenker\">Niko Schlenker<\/a><br \/>\nPeer Mickeluhn<br \/>\nPeter Schumann<br \/>\n<a href=\"\/sebastianzebe\">Sebastian Zebe<\/a><br \/>\n<a href=\"\/stefanhanke\">Stefan Hanke<\/a><br \/>\n<a href=\"\/stephanzebe\">Stephan Zebe<\/a><br \/>\nThomas Wirtz<br \/>\nWilhelm H. Koch<br \/>\nWolfgang Richter<\/td>\n<td valign=\"top\"><a href=\"https:\/\/www.facebook.com\/AlainMissalaBand\/\" target=\"_blank\" rel=\"noopener noreferrer\">Alain Missala<\/a><br \/>\n<a href=\"\/andreasmuecksch\">Andreas M\u00fccksch<\/a><br \/>\n<a href=\"https:\/\/gospelacademy.com\/biographie.html\" target=\"_blank\" rel=\"noopener noreferrer\">Angelika Rehaag<\/a><br \/>\n<a href=\"https:\/\/www.bukidomingos.com\/\" target=\"_blank\" rel=\"noopener noreferrer\">Buki Domingos<\/a><br \/>\n<a href=\"\/christophschoepsdau\">Christoph Schoepsdau<\/a><br \/>\n<a href=\"http:\/\/www.chrislass.com\" target=\"_blank\" rel=\"noopener noreferrer\">Chris Lass<\/a><br \/>\n<a href=\"https:\/\/www.facebook.com\/claudine.abu\" target=\"_blank\" rel=\"noopener noreferrer\">Claudine Abusu<\/a><br \/>\n<a href=\"https:\/\/www.david-whitley.com\/\" target=\"_blank\" rel=\"noopener noreferrer\">David B. Whitley<\/a><br \/>\n<a href=\"https:\/\/www.dorreylyles.com\/\" target=\"_blank\" rel=\"noopener noreferrer\">Dorrey Lin Lyles<\/a><br \/>\n<a href=\"\/stefanhanke\">Stefan Hanke<\/a><br \/>\n<a href=\"\/stephanzebe\">Stephan Zebe<\/a><br \/>\n<a href=\"\/nikoschlenker\">Niko Schlenker<\/a><br \/>\nNate Junor<br \/>\n<a href=\"https:\/\/www.yasminahunzinger.de\/\" target=\"_blank\" rel=\"noopener noreferrer\">Yasmina Hunzinger<\/a><br \/>\n<a href=\"https:\/\/www.boysiewhite.com\/\" target=\"_blank\" rel=\"noopener noreferrer\">Boysie White<\/a><br \/>\n<a href=\"https:\/\/www.facebook.com\/honore.haase\" target=\"_blank\" rel=\"noopener noreferrer\">Honor\u00e8 Haase<\/a><br \/>\n<a href=\"https:\/\/www.facebook.com\/kim.szabo.66\" target=\"_blank\" rel=\"noopener noreferrer\">Kim Szabo<\/a><br \/>\n<a href=\"https:\/\/www.facebook.com\/profile.php?id=100007070709004\" target=\"_blank\" rel=\"noopener noreferrer\">Lisamay Lesch<\/a><br \/>\n<a href=\"https:\/\/www.facebook.com\/jeanine.d.plessis\" target=\"_blank\" rel=\"noopener noreferrer\">Jeanine du Plessis<\/a><br \/>\n<a href=\"https:\/\/www.popchor21.de\/chorleiter.html\" target=\"_blank\" rel=\"noopener noreferrer\">J\u00fcrgen Rutz<\/a><br \/>\nReinhard Kretschmer<br \/>\nChristian M\u00fcller<br \/>\n<a href=\"http:\/\/www.ferdinandvonseebach.com\" target=\"_blank\" rel=\"noopener noreferrer\">Ferdinand von Seebach<\/a><br \/>\nJohannes Schaedlich<br \/>\n<a href=\"http:\/\/jonas-schoen.de\/\" target=\"_blank\" rel=\"noopener noreferrer\">Jonas Schoen<\/a><br \/>\nHolger Nesweda<br \/>\nJames Smith<br \/>\n<a href=\"http:\/\/www.lukasfroehlich.de\" target=\"_blank\" rel=\"noopener noreferrer\">Lukas Fr\u00f6hlich<\/a><br \/>\n<a href=\"http:\/\/www.natalia-antczak.de\/?fbclid=IwAR06Su0fV37Ak0tprUwzEI-iXkW7JI2WUH6irJYfNWobFWafqFmdx7IV7IY\" target=\"_blank\" rel=\"noopener noreferrer\">Natalia Antczak<\/a><br \/>\nPst. Daniel Aborah<br \/>\nR\u00e9gine Nguetseng<br \/>\nGlady Kruszyna<br \/>\n<a href=\"https:\/\/www.woodson.de\/\" target=\"_blank\" rel=\"noopener noreferrer\">Deborah Woodson<\/a><br \/>\n<a href=\"\/markus-gueck\" target=\"_blank\" rel=\"noopener noreferrer\">Markus G\u00fcck<\/a><br \/>\nSacretones<br \/>\nFrank F\u00f6rster<br \/>\nThe JazzMassengers<\/td>\n<td valign=\"top\"><a href=\"https:\/\/livingospel.de\/\" target=\"_blank\" rel=\"noopener noreferrer\">The LivinGospel Choir<\/a><br \/>\n<a href=\"http:\/\/www.gospelkollektiv.de\/\" target=\"_blank\" rel=\"noopener noreferrer\">Gospelkollektiv<\/a><br \/>\n<a href=\"http:\/\/www.gospel-workshop.de\/team\/niko-schlenker.html\" target=\"_blank\" rel=\"noopener noreferrer\">The Angels<\/a><br \/>\n<a href=\"https:\/\/gospelacademy.com\/gospel-family-of-christ.html\" target=\"_blank\" rel=\"noopener noreferrer\">The Gospel Family of Christ<\/a><br \/>\n<a href=\"https:\/\/www.facebook.com\/NewLifeGospelChoirDuesseldorf\/posts\/newlife-gospel-choir-with-trey-lorenz\/2025330690890160\/\" target=\"_blank\" rel=\"noopener noreferrer\">NewLife Gospel Choir<\/a><br \/>\n<a href=\"http:\/\/www.berliner-soulchor.de\/\" target=\"_blank\" rel=\"noopener noreferrer\">Berliner Soulchor<\/a><br \/>\n<a href=\"https:\/\/www.kammerchor-braunschweig.de\/\" target=\"_blank\" rel=\"noopener noreferrer\">Kammerchor Braunschweig<\/a><br \/>\n<a href=\"http:\/\/prisma-vokal.de\" target=\"_blank\" rel=\"noopener noreferrer\">Prisma Vokal<\/a><br \/>\n<a href=\"https:\/\/www.christophschoepsdau.de\/\" target=\"_blank\" rel=\"noopener noreferrer\">The JazzMassengers<\/a><br \/>\n<a href=\"https:\/\/www.paulusgemeinde-halle.de\/musik\/choere\/#part1080\" target=\"_blank\" rel=\"noopener noreferrer\">Jugendchor der Ev. Paulusgemeinde Halle\/Saale<\/a><br \/>\n<a href=\"https:\/\/www.paulusgemeinde-halle.de\/musik\/choere\/#part1081\" target=\"_blank\" rel=\"noopener noreferrer\">Kantorei der Ev. Paulusgemeinde Halle\/Saale<\/a><br \/>\n<a href=\"http:\/\/lighthillgospel.de\/\" target=\"_blank\" rel=\"noopener noreferrer\">Lighthill Gospel<\/a><\/td>\n<td valign=\"top\"><a href=\"https:\/\/www.pulido.de\/\" target=\"_blank\" rel=\"noopener\">Justo Garcia Pulido<\/a><br \/>\nMaurizio Marotta<br \/>\nBrigitte Beyer<br \/>\n<a href=\"http:\/\/zoomundtinte.de\">Thomas Henseler<\/a><br \/>\n<a href=\"https:\/\/www.nicole-schaa.de\" target=\"_blank\" rel=\"noopener noreferrer\">Nicole Schaa<\/a><br \/>\nAntje Ohlsen<br \/>\n<a href=\"https:\/\/www.instagram.com\/janas_.artworld\/?fbclid=IwAR2yI4m3i6y7PTjOsCM4lz0C8RMwiTS8s2xYg5FkJdj4z7TXGjPMbFzA1x4\" target=\"_blank\" rel=\"noopener\">Jana Theresa Zebe<\/a><br \/>\n<a href=\"https:\/\/www.jessigraphie.de\/\" target=\"_blank\" rel=\"noopener noreferrer\">Jessica Mewes<\/a><br \/>\nStephan Zebe<br \/>\nManuela Gebhardt<br \/>\n<a href=\"http:\/\/katrinbethge.com\/\" target=\"_blank\" rel=\"noopener noreferrer\">Katrin Bethge<\/a><br \/>\n<a href=\"https:\/\/www.smukkeberg.com\/\" target=\"_blank\" rel=\"noopener\">Jacob Sorge<\/a><\/td>\n<\/tr>\n<\/tbody>\n<\/table>\n","protected":false},"excerpt":{"rendered":"<p>&nbsp; \u2022 Auteurs \u2022 Artistes \u2022 Chorales \u2022 Concepteurs graphiques Andreas M\u00fccksch Barbara Schatz Bastian Pusch Christiane Etzold Christina M\u00fcller Christian Scheel Christoph Schoepsdau Cornelia Trommer Dieter Stork Eric Bond Florian Hanssen Frank F\u00f6rster Hans Hermann Wickel Hans-J\u00f6rg Fiehl Henrike Thies-Gebauer Holger Hantke Hubert Zaindl Jan Meyer Jeff Guillen Joachim Dierks Johannes Blomenkamp Johannes M. [&hellip;]<\/p>\n","protected":false},"author":50,"featured_media":0,"parent":1632,"menu_order":0,"comment_status":"closed","ping_status":"closed","template":"page-templates\/page-sidebar-none.php","meta":{"_acf_changed":false,"footnotes":""},"class_list":["post-1721","page","type-page","status-publish","hentry"],"acf":[],"yoast_head":"<!-- This site is optimized with the Yoast SEO plugin v27.3 - https:\/\/yoast.com\/product\/yoast-seo-wordpress\/ -->\n<title>Auteurs &amp; Artistes<\/title>\n<meta name=\"robots\" content=\"index, follow, max-snippet:-1, max-image-preview:large, max-video-preview:-1\" \/>\n<link rel=\"canonical\" href=\"https:\/\/www.zebemusic.com\/about-us\/autoren\/\" \/>\n<meta property=\"og:locale\" content=\"fr_FR\" \/>\n<meta property=\"og:type\" content=\"article\" \/>\n<meta property=\"og:title\" content=\"Auteurs &amp; Artistes\" \/>\n<meta property=\"og:description\" content=\"&nbsp; \u2022 Auteurs \u2022 Artistes \u2022 Chorales \u2022 Concepteurs graphiques Andreas M\u00fccksch Barbara Schatz Bastian Pusch Christiane Etzold Christina M\u00fcller Christian Scheel Christoph Schoepsdau Cornelia Trommer Dieter Stork Eric Bond Florian Hanssen Frank F\u00f6rster Hans Hermann Wickel Hans-J\u00f6rg Fiehl Henrike Thies-Gebauer Holger Hantke Hubert Zaindl Jan Meyer Jeff Guillen Joachim Dierks Johannes Blomenkamp Johannes M. [&hellip;]\" \/>\n<meta property=\"og:url\" content=\"https:\/\/www.zebemusic.com\/about-us\/autoren\/\" \/>\n<meta property=\"og:site_name\" content=\"ZebeMusic\" \/>\n<meta property=\"article:publisher\" content=\"https:\/\/www.facebook.com\/zebemusic\" \/>\n<meta property=\"article:modified_time\" content=\"2024-02-11T07:28:24+00:00\" \/>\n<meta property=\"og:image\" content=\"https:\/\/www.zebemusic.com\/wp-content\/uploads\/2025\/10\/ZEBE-Logo_ZW-makesyousing.jpg\" \/>\n\t<meta property=\"og:image:width\" content=\"2212\" \/>\n\t<meta property=\"og:image:height\" content=\"958\" \/>\n\t<meta property=\"og:image:type\" content=\"image\/jpeg\" \/>\n<meta name=\"twitter:card\" content=\"summary_large_image\" \/>\n<meta name=\"twitter:label1\" content=\"Est. reading time\" \/>\n\t<meta name=\"twitter:data1\" content=\"1 minute\" \/>\n<script type=\"application\/ld+json\" class=\"yoast-schema-graph\">{\"@context\":\"https:\\\/\\\/schema.org\",\"@graph\":[{\"@type\":\"WebPage\",\"@id\":\"https:\\\/\\\/www.zebemusic.com\\\/about-us\\\/autoren\\\/\",\"url\":\"https:\\\/\\\/www.zebemusic.com\\\/about-us\\\/autoren\\\/\",\"name\":\"Auteurs & Artistes\",\"isPartOf\":{\"@id\":\"https:\\\/\\\/www.zebemusic.com\\\/de\\\/#website\"},\"datePublished\":\"2014-03-25T11:44:50+00:00\",\"dateModified\":\"2024-02-11T07:28:24+00:00\",\"breadcrumb\":{\"@id\":\"https:\\\/\\\/www.zebemusic.com\\\/about-us\\\/autoren\\\/#breadcrumb\"},\"inLanguage\":\"fr-FR\",\"potentialAction\":[{\"@type\":\"ReadAction\",\"target\":[\"https:\\\/\\\/www.zebemusic.com\\\/about-us\\\/autoren\\\/\"]}]},{\"@type\":\"BreadcrumbList\",\"@id\":\"https:\\\/\\\/www.zebemusic.com\\\/about-us\\\/autoren\\\/#breadcrumb\",\"itemListElement\":[{\"@type\":\"ListItem\",\"position\":1,\"name\":\"\u00c0 propos de nous\",\"item\":\"https:\\\/\\\/www.zebemusic.com\\\/about-us\\\/\"},{\"@type\":\"ListItem\",\"position\":2,\"name\":\"Auteurs &#038; Artistes\"}]},{\"@type\":\"WebSite\",\"@id\":\"https:\\\/\\\/www.zebemusic.com\\\/de\\\/#website\",\"url\":\"https:\\\/\\\/www.zebemusic.com\\\/de\\\/\",\"name\":\"ZebeMusic\",\"description\":\"vous incite a chanter.\",\"publisher\":{\"@id\":\"https:\\\/\\\/www.zebemusic.com\\\/de\\\/#organization\"},\"alternateName\":\"Gospelnoten & Kindermusicals\",\"potentialAction\":[{\"@type\":\"SearchAction\",\"target\":{\"@type\":\"EntryPoint\",\"urlTemplate\":\"https:\\\/\\\/www.zebemusic.com\\\/de\\\/?s={search_term_string}\"},\"query-input\":{\"@type\":\"PropertyValueSpecification\",\"valueRequired\":true,\"valueName\":\"search_term_string\"}}],\"inLanguage\":\"fr-FR\"},{\"@type\":\"Organization\",\"@id\":\"https:\\\/\\\/www.zebemusic.com\\\/de\\\/#organization\",\"name\":\"ZebeMusic\",\"url\":\"https:\\\/\\\/www.zebemusic.com\\\/de\\\/\",\"logo\":{\"@type\":\"ImageObject\",\"inLanguage\":\"fr-FR\",\"@id\":\"https:\\\/\\\/www.zebemusic.com\\\/de\\\/#\\\/schema\\\/logo\\\/image\\\/\",\"url\":\"https:\\\/\\\/www.zebemusic.com\\\/wp-content\\\/uploads\\\/2025\\\/10\\\/ZEBE-Logo_ZW-makesyousing.jpg\",\"contentUrl\":\"https:\\\/\\\/www.zebemusic.com\\\/wp-content\\\/uploads\\\/2025\\\/10\\\/ZEBE-Logo_ZW-makesyousing.jpg\",\"width\":2212,\"height\":958,\"caption\":\"ZebeMusic\"},\"image\":{\"@id\":\"https:\\\/\\\/www.zebemusic.com\\\/de\\\/#\\\/schema\\\/logo\\\/image\\\/\"},\"sameAs\":[\"https:\\\/\\\/www.facebook.com\\\/zebemusic\",\"https:\\\/\\\/www.instagram.com\\\/zebemusic\",\"https:\\\/\\\/www.youtube.com\\\/zebemusicberlin\"]}]}<\/script>\n<!-- \/ Yoast SEO plugin. -->","yoast_head_json":{"title":"Auteurs & Artistes","robots":{"index":"index","follow":"follow","max-snippet":"max-snippet:-1","max-image-preview":"max-image-preview:large","max-video-preview":"max-video-preview:-1"},"canonical":"https:\/\/www.zebemusic.com\/about-us\/autoren\/","og_locale":"fr_FR","og_type":"article","og_title":"Auteurs & Artistes","og_description":"&nbsp; \u2022 Auteurs \u2022 Artistes \u2022 Chorales \u2022 Concepteurs graphiques Andreas M\u00fccksch Barbara Schatz Bastian Pusch Christiane Etzold Christina M\u00fcller Christian Scheel Christoph Schoepsdau Cornelia Trommer Dieter Stork Eric Bond Florian Hanssen Frank F\u00f6rster Hans Hermann Wickel Hans-J\u00f6rg Fiehl Henrike Thies-Gebauer Holger Hantke Hubert Zaindl Jan Meyer Jeff Guillen Joachim Dierks Johannes Blomenkamp Johannes M. [&hellip;]","og_url":"https:\/\/www.zebemusic.com\/about-us\/autoren\/","og_site_name":"ZebeMusic","article_publisher":"https:\/\/www.facebook.com\/zebemusic","article_modified_time":"2024-02-11T07:28:24+00:00","og_image":[{"width":2212,"height":958,"url":"https:\/\/www.zebemusic.com\/wp-content\/uploads\/2025\/10\/ZEBE-Logo_ZW-makesyousing.jpg","type":"image\/jpeg"}],"twitter_card":"summary_large_image","twitter_misc":{"Est. reading time":"1 minute"},"schema":{"@context":"https:\/\/schema.org","@graph":[{"@type":"WebPage","@id":"https:\/\/www.zebemusic.com\/about-us\/autoren\/","url":"https:\/\/www.zebemusic.com\/about-us\/autoren\/","name":"Auteurs & Artistes","isPartOf":{"@id":"https:\/\/www.zebemusic.com\/de\/#website"},"datePublished":"2014-03-25T11:44:50+00:00","dateModified":"2024-02-11T07:28:24+00:00","breadcrumb":{"@id":"https:\/\/www.zebemusic.com\/about-us\/autoren\/#breadcrumb"},"inLanguage":"fr-FR","potentialAction":[{"@type":"ReadAction","target":["https:\/\/www.zebemusic.com\/about-us\/autoren\/"]}]},{"@type":"BreadcrumbList","@id":"https:\/\/www.zebemusic.com\/about-us\/autoren\/#breadcrumb","itemListElement":[{"@type":"ListItem","position":1,"name":"\u00c0 propos de nous","item":"https:\/\/www.zebemusic.com\/about-us\/"},{"@type":"ListItem","position":2,"name":"Auteurs &#038; Artistes"}]},{"@type":"WebSite","@id":"https:\/\/www.zebemusic.com\/de\/#website","url":"https:\/\/www.zebemusic.com\/de\/","name":"ZebeMusic","description":"vous incite a chanter.","publisher":{"@id":"https:\/\/www.zebemusic.com\/de\/#organization"},"alternateName":"Gospelnoten & Kindermusicals","potentialAction":[{"@type":"SearchAction","target":{"@type":"EntryPoint","urlTemplate":"https:\/\/www.zebemusic.com\/de\/?s={search_term_string}"},"query-input":{"@type":"PropertyValueSpecification","valueRequired":true,"valueName":"search_term_string"}}],"inLanguage":"fr-FR"},{"@type":"Organization","@id":"https:\/\/www.zebemusic.com\/de\/#organization","name":"ZebeMusic","url":"https:\/\/www.zebemusic.com\/de\/","logo":{"@type":"ImageObject","inLanguage":"fr-FR","@id":"https:\/\/www.zebemusic.com\/de\/#\/schema\/logo\/image\/","url":"https:\/\/www.zebemusic.com\/wp-content\/uploads\/2025\/10\/ZEBE-Logo_ZW-makesyousing.jpg","contentUrl":"https:\/\/www.zebemusic.com\/wp-content\/uploads\/2025\/10\/ZEBE-Logo_ZW-makesyousing.jpg","width":2212,"height":958,"caption":"ZebeMusic"},"image":{"@id":"https:\/\/www.zebemusic.com\/de\/#\/schema\/logo\/image\/"},"sameAs":["https:\/\/www.facebook.com\/zebemusic","https:\/\/www.instagram.com\/zebemusic","https:\/\/www.youtube.com\/zebemusicberlin"]}]}},"_links":{"self":[{"href":"https:\/\/www.zebemusic.com\/fr\/wp-json\/wp\/v2\/pages\/1721","targetHints":{"allow":["GET"]}}],"collection":[{"href":"https:\/\/www.zebemusic.com\/fr\/wp-json\/wp\/v2\/pages"}],"about":[{"href":"https:\/\/www.zebemusic.com\/fr\/wp-json\/wp\/v2\/types\/page"}],"author":[{"embeddable":true,"href":"https:\/\/www.zebemusic.com\/fr\/wp-json\/wp\/v2\/users\/50"}],"replies":[{"embeddable":true,"href":"https:\/\/www.zebemusic.com\/fr\/wp-json\/wp\/v2\/comments?post=1721"}],"version-history":[{"count":9,"href":"https:\/\/www.zebemusic.com\/fr\/wp-json\/wp\/v2\/pages\/1721\/revisions"}],"predecessor-version":[{"id":21386,"href":"https:\/\/www.zebemusic.com\/fr\/wp-json\/wp\/v2\/pages\/1721\/revisions\/21386"}],"up":[{"embeddable":true,"href":"https:\/\/www.zebemusic.com\/fr\/wp-json\/wp\/v2\/pages\/1632"}],"wp:attachment":[{"href":"https:\/\/www.zebemusic.com\/fr\/wp-json\/wp\/v2\/media?parent=1721"}],"curies":[{"name":"wp","href":"https:\/\/api.w.org\/{rel}","templated":true}]}}