{"id":19445,"date":"2014-11-27T18:18:20","date_gmt":"2014-11-27T16:18:20","guid":{"rendered":"https:\/\/dev.smukkeberg.com\/zebemusic\/propos-de-nous-2\/auteurs-artiste\/christophschoepsdau\/"},"modified":"2023-12-14T06:33:54","modified_gmt":"2023-12-14T05:33:54","slug":"christophschoepsdau","status":"publish","type":"page","link":"https:\/\/www.zebemusic.com\/fr\/propos-de-nous-2\/auteurs-artiste\/christophschoepsdau\/","title":{"rendered":"Christoph Schoepsdau"},"content":{"rendered":"<p><img loading=\"lazy\" decoding=\"async\" class=\"wp-image-8874 alignleft\" src=\"https:\/\/zebemusic.com\/wp-content\/uploads\/2019\/04\/schoepsdau-232x300.jpg\" alt=\"\" width=\"145\" height=\"187\" \/><\/p>\n<p>Christoph Schoepsdau (*1970) a \u00e9tudi\u00e9 \u00e0 la Manhattan School of Music et \u00e0 la Hochschule f\u00fcr Musik de Francfort. Il est laur\u00e9at, entre autres, du concours &#8220;Jugend jazzt&#8221; de Hesse et du concours de compositeurs du hr Big Band. Il travaille dans plusieurs formations de jazz et enseigne aux ch\u0153urs.<\/p>\n<p>Schoepsdau \u00e9crit pour diverses formations et groupes, comme le hr Big Band, Bob Mintzer, Bill Ramsey &amp; Sultans of Swing, l&#8217;Orchestre symphonique de la radio de Varsovie, les Berlin Voices, le ch\u0153ur de jazz du Deutscher S\u00e4ngerbund et bien d&#8217;autres. Il a \u00e9galement travaill\u00e9 pour des productions musicales.<\/p>\n<hr \/>\n<p style=\"text-align: left;\"><a href=\"http:\/\/www.christophschoepsdau.de\" target=\"blank\" rel=\"noopener noreferrer\"><strong>www.christophschoepsdau.de<\/strong><\/a><\/p>\n<p>Christoph Schoepsdau chez ZebeMusic:<br \/>\n[wa-wps-pro id=&#8221;17&#8243;]<\/p>\n","protected":false},"excerpt":{"rendered":"<p>Christoph Schoepsdau (*1970) a \u00e9tudi\u00e9 \u00e0 la Manhattan School of Music et \u00e0 la Hochschule f\u00fcr Musik de Francfort. Il est laur\u00e9at, entre autres, du concours &#8220;Jugend jazzt&#8221; de Hesse et du concours de compositeurs du hr Big Band. Il travaille dans plusieurs formations de jazz et enseigne aux ch\u0153urs. Schoepsdau \u00e9crit pour diverses formations [&hellip;]<\/p>\n","protected":false},"author":50,"featured_media":0,"parent":1721,"menu_order":0,"comment_status":"closed","ping_status":"closed","template":"page-templates\/page-sidebar-none.php","meta":{"_acf_changed":false,"footnotes":""},"class_list":["post-19445","page","type-page","status-publish","hentry"],"acf":[],"yoast_head":"<!-- This site is optimized with the Yoast SEO plugin v27.4 - https:\/\/yoast.com\/product\/yoast-seo-wordpress\/ -->\n<title>Christoph Schoepsdau<\/title>\n<meta name=\"description\" content=\"Sacred Jazz for Choir and Instruments. \u201cChristoph\u2019s composition is so interesting and innovative.\u201d (Michele Weir, Phil Mattson School for Vocal Jazz)\" \/>\n<meta name=\"robots\" content=\"index, follow, max-snippet:-1, max-image-preview:large, max-video-preview:-1\" \/>\n<link rel=\"canonical\" href=\"https:\/\/www.zebemusic.com\/about-us\/autoren\/christophschoepsdau\/\" \/>\n<meta property=\"og:locale\" content=\"fr_FR\" \/>\n<meta property=\"og:type\" content=\"article\" \/>\n<meta property=\"og:title\" content=\"Christoph Schoepsdau\" \/>\n<meta property=\"og:description\" content=\"Sacred Jazz for Choir and Instruments. \u201cChristoph\u2019s composition is so interesting and innovative.\u201d (Michele Weir, Phil Mattson School for Vocal Jazz)\" \/>\n<meta property=\"og:url\" content=\"https:\/\/www.zebemusic.com\/about-us\/autoren\/christophschoepsdau\/\" \/>\n<meta property=\"og:site_name\" content=\"ZebeMusic\" \/>\n<meta property=\"article:publisher\" content=\"https:\/\/www.facebook.com\/zebemusic\" \/>\n<meta property=\"article:modified_time\" content=\"2023-12-14T05:33:54+00:00\" \/>\n<meta property=\"og:image\" content=\"https:\/\/zebemusic.com\/wp-content\/uploads\/2019\/04\/schoepsdau-232x300.jpg\" \/>\n<meta name=\"twitter:card\" content=\"summary_large_image\" \/>\n<meta name=\"twitter:label1\" content=\"Est. reading time\" \/>\n\t<meta name=\"twitter:data1\" content=\"1 minute\" \/>\n<script type=\"application\/ld+json\" class=\"yoast-schema-graph\">{\"@context\":\"https:\\\/\\\/schema.org\",\"@graph\":[{\"@type\":\"WebPage\",\"@id\":\"https:\\\/\\\/www.zebemusic.com\\\/about-us\\\/autoren\\\/christophschoepsdau\\\/\",\"url\":\"https:\\\/\\\/www.zebemusic.com\\\/about-us\\\/autoren\\\/christophschoepsdau\\\/\",\"name\":\"Christoph Schoepsdau\",\"isPartOf\":{\"@id\":\"https:\\\/\\\/www.zebemusic.com\\\/de\\\/#website\"},\"primaryImageOfPage\":{\"@id\":\"https:\\\/\\\/www.zebemusic.com\\\/about-us\\\/autoren\\\/christophschoepsdau\\\/#primaryimage\"},\"image\":{\"@id\":\"https:\\\/\\\/www.zebemusic.com\\\/about-us\\\/autoren\\\/christophschoepsdau\\\/#primaryimage\"},\"thumbnailUrl\":\"https:\\\/\\\/zebemusic.com\\\/wp-content\\\/uploads\\\/2019\\\/04\\\/schoepsdau-232x300.jpg\",\"datePublished\":\"2014-11-27T16:18:20+00:00\",\"dateModified\":\"2023-12-14T05:33:54+00:00\",\"description\":\"Sacred Jazz for Choir and Instruments. \u201cChristoph\u2019s composition is so interesting and innovative.\u201d (Michele Weir, Phil Mattson School for Vocal Jazz)\",\"breadcrumb\":{\"@id\":\"https:\\\/\\\/www.zebemusic.com\\\/about-us\\\/autoren\\\/christophschoepsdau\\\/#breadcrumb\"},\"inLanguage\":\"fr-FR\",\"potentialAction\":[{\"@type\":\"ReadAction\",\"target\":[\"https:\\\/\\\/www.zebemusic.com\\\/about-us\\\/autoren\\\/christophschoepsdau\\\/\"]}]},{\"@type\":\"ImageObject\",\"inLanguage\":\"fr-FR\",\"@id\":\"https:\\\/\\\/www.zebemusic.com\\\/about-us\\\/autoren\\\/christophschoepsdau\\\/#primaryimage\",\"url\":\"https:\\\/\\\/zebemusic.com\\\/wp-content\\\/uploads\\\/2019\\\/04\\\/schoepsdau-232x300.jpg\",\"contentUrl\":\"https:\\\/\\\/zebemusic.com\\\/wp-content\\\/uploads\\\/2019\\\/04\\\/schoepsdau-232x300.jpg\"},{\"@type\":\"BreadcrumbList\",\"@id\":\"https:\\\/\\\/www.zebemusic.com\\\/about-us\\\/autoren\\\/christophschoepsdau\\\/#breadcrumb\",\"itemListElement\":[{\"@type\":\"ListItem\",\"position\":1,\"name\":\"\u00c0 propos de nous\",\"item\":\"https:\\\/\\\/www.zebemusic.com\\\/about-us\\\/\"},{\"@type\":\"ListItem\",\"position\":2,\"name\":\"Auteurs &#038; Artistes\",\"item\":\"https:\\\/\\\/www.zebemusic.com\\\/about-us\\\/autoren\\\/\"},{\"@type\":\"ListItem\",\"position\":3,\"name\":\"Christoph Schoepsdau\"}]},{\"@type\":\"WebSite\",\"@id\":\"https:\\\/\\\/www.zebemusic.com\\\/de\\\/#website\",\"url\":\"https:\\\/\\\/www.zebemusic.com\\\/de\\\/\",\"name\":\"ZebeMusic\",\"description\":\"vous incite a chanter.\",\"publisher\":{\"@id\":\"https:\\\/\\\/www.zebemusic.com\\\/de\\\/#organization\"},\"alternateName\":\"Gospelnoten & Kindermusicals\",\"potentialAction\":[{\"@type\":\"SearchAction\",\"target\":{\"@type\":\"EntryPoint\",\"urlTemplate\":\"https:\\\/\\\/www.zebemusic.com\\\/de\\\/?s={search_term_string}\"},\"query-input\":{\"@type\":\"PropertyValueSpecification\",\"valueRequired\":true,\"valueName\":\"search_term_string\"}}],\"inLanguage\":\"fr-FR\"},{\"@type\":\"Organization\",\"@id\":\"https:\\\/\\\/www.zebemusic.com\\\/de\\\/#organization\",\"name\":\"ZebeMusic\",\"url\":\"https:\\\/\\\/www.zebemusic.com\\\/de\\\/\",\"logo\":{\"@type\":\"ImageObject\",\"inLanguage\":\"fr-FR\",\"@id\":\"https:\\\/\\\/www.zebemusic.com\\\/de\\\/#\\\/schema\\\/logo\\\/image\\\/\",\"url\":\"https:\\\/\\\/www.zebemusic.com\\\/wp-content\\\/uploads\\\/2025\\\/10\\\/ZEBE-Logo_ZW-makesyousing.jpg\",\"contentUrl\":\"https:\\\/\\\/www.zebemusic.com\\\/wp-content\\\/uploads\\\/2025\\\/10\\\/ZEBE-Logo_ZW-makesyousing.jpg\",\"width\":2212,\"height\":958,\"caption\":\"ZebeMusic\"},\"image\":{\"@id\":\"https:\\\/\\\/www.zebemusic.com\\\/de\\\/#\\\/schema\\\/logo\\\/image\\\/\"},\"sameAs\":[\"https:\\\/\\\/www.facebook.com\\\/zebemusic\",\"https:\\\/\\\/www.instagram.com\\\/zebemusic\",\"https:\\\/\\\/www.youtube.com\\\/zebemusicberlin\"]}]}<\/script>\n<!-- \/ Yoast SEO plugin. -->","yoast_head_json":{"title":"Christoph Schoepsdau","description":"Sacred Jazz for Choir and Instruments. \u201cChristoph\u2019s composition is so interesting and innovative.\u201d (Michele Weir, Phil Mattson School for Vocal Jazz)","robots":{"index":"index","follow":"follow","max-snippet":"max-snippet:-1","max-image-preview":"max-image-preview:large","max-video-preview":"max-video-preview:-1"},"canonical":"https:\/\/www.zebemusic.com\/about-us\/autoren\/christophschoepsdau\/","og_locale":"fr_FR","og_type":"article","og_title":"Christoph Schoepsdau","og_description":"Sacred Jazz for Choir and Instruments. \u201cChristoph\u2019s composition is so interesting and innovative.\u201d (Michele Weir, Phil Mattson School for Vocal Jazz)","og_url":"https:\/\/www.zebemusic.com\/about-us\/autoren\/christophschoepsdau\/","og_site_name":"ZebeMusic","article_publisher":"https:\/\/www.facebook.com\/zebemusic","article_modified_time":"2023-12-14T05:33:54+00:00","og_image":[{"url":"https:\/\/zebemusic.com\/wp-content\/uploads\/2019\/04\/schoepsdau-232x300.jpg","type":"","width":"","height":""}],"twitter_card":"summary_large_image","twitter_misc":{"Est. reading time":"1 minute"},"schema":{"@context":"https:\/\/schema.org","@graph":[{"@type":"WebPage","@id":"https:\/\/www.zebemusic.com\/about-us\/autoren\/christophschoepsdau\/","url":"https:\/\/www.zebemusic.com\/about-us\/autoren\/christophschoepsdau\/","name":"Christoph Schoepsdau","isPartOf":{"@id":"https:\/\/www.zebemusic.com\/de\/#website"},"primaryImageOfPage":{"@id":"https:\/\/www.zebemusic.com\/about-us\/autoren\/christophschoepsdau\/#primaryimage"},"image":{"@id":"https:\/\/www.zebemusic.com\/about-us\/autoren\/christophschoepsdau\/#primaryimage"},"thumbnailUrl":"https:\/\/zebemusic.com\/wp-content\/uploads\/2019\/04\/schoepsdau-232x300.jpg","datePublished":"2014-11-27T16:18:20+00:00","dateModified":"2023-12-14T05:33:54+00:00","description":"Sacred Jazz for Choir and Instruments. \u201cChristoph\u2019s composition is so interesting and innovative.\u201d (Michele Weir, Phil Mattson School for Vocal Jazz)","breadcrumb":{"@id":"https:\/\/www.zebemusic.com\/about-us\/autoren\/christophschoepsdau\/#breadcrumb"},"inLanguage":"fr-FR","potentialAction":[{"@type":"ReadAction","target":["https:\/\/www.zebemusic.com\/about-us\/autoren\/christophschoepsdau\/"]}]},{"@type":"ImageObject","inLanguage":"fr-FR","@id":"https:\/\/www.zebemusic.com\/about-us\/autoren\/christophschoepsdau\/#primaryimage","url":"https:\/\/zebemusic.com\/wp-content\/uploads\/2019\/04\/schoepsdau-232x300.jpg","contentUrl":"https:\/\/zebemusic.com\/wp-content\/uploads\/2019\/04\/schoepsdau-232x300.jpg"},{"@type":"BreadcrumbList","@id":"https:\/\/www.zebemusic.com\/about-us\/autoren\/christophschoepsdau\/#breadcrumb","itemListElement":[{"@type":"ListItem","position":1,"name":"\u00c0 propos de nous","item":"https:\/\/www.zebemusic.com\/about-us\/"},{"@type":"ListItem","position":2,"name":"Auteurs &#038; Artistes","item":"https:\/\/www.zebemusic.com\/about-us\/autoren\/"},{"@type":"ListItem","position":3,"name":"Christoph Schoepsdau"}]},{"@type":"WebSite","@id":"https:\/\/www.zebemusic.com\/de\/#website","url":"https:\/\/www.zebemusic.com\/de\/","name":"ZebeMusic","description":"vous incite a chanter.","publisher":{"@id":"https:\/\/www.zebemusic.com\/de\/#organization"},"alternateName":"Gospelnoten & Kindermusicals","potentialAction":[{"@type":"SearchAction","target":{"@type":"EntryPoint","urlTemplate":"https:\/\/www.zebemusic.com\/de\/?s={search_term_string}"},"query-input":{"@type":"PropertyValueSpecification","valueRequired":true,"valueName":"search_term_string"}}],"inLanguage":"fr-FR"},{"@type":"Organization","@id":"https:\/\/www.zebemusic.com\/de\/#organization","name":"ZebeMusic","url":"https:\/\/www.zebemusic.com\/de\/","logo":{"@type":"ImageObject","inLanguage":"fr-FR","@id":"https:\/\/www.zebemusic.com\/de\/#\/schema\/logo\/image\/","url":"https:\/\/www.zebemusic.com\/wp-content\/uploads\/2025\/10\/ZEBE-Logo_ZW-makesyousing.jpg","contentUrl":"https:\/\/www.zebemusic.com\/wp-content\/uploads\/2025\/10\/ZEBE-Logo_ZW-makesyousing.jpg","width":2212,"height":958,"caption":"ZebeMusic"},"image":{"@id":"https:\/\/www.zebemusic.com\/de\/#\/schema\/logo\/image\/"},"sameAs":["https:\/\/www.facebook.com\/zebemusic","https:\/\/www.instagram.com\/zebemusic","https:\/\/www.youtube.com\/zebemusicberlin"]}]}},"_links":{"self":[{"href":"https:\/\/www.zebemusic.com\/fr\/wp-json\/wp\/v2\/pages\/19445","targetHints":{"allow":["GET"]}}],"collection":[{"href":"https:\/\/www.zebemusic.com\/fr\/wp-json\/wp\/v2\/pages"}],"about":[{"href":"https:\/\/www.zebemusic.com\/fr\/wp-json\/wp\/v2\/types\/page"}],"author":[{"embeddable":true,"href":"https:\/\/www.zebemusic.com\/fr\/wp-json\/wp\/v2\/users\/50"}],"replies":[{"embeddable":true,"href":"https:\/\/www.zebemusic.com\/fr\/wp-json\/wp\/v2\/comments?post=19445"}],"version-history":[{"count":2,"href":"https:\/\/www.zebemusic.com\/fr\/wp-json\/wp\/v2\/pages\/19445\/revisions"}],"predecessor-version":[{"id":19452,"href":"https:\/\/www.zebemusic.com\/fr\/wp-json\/wp\/v2\/pages\/19445\/revisions\/19452"}],"up":[{"embeddable":true,"href":"https:\/\/www.zebemusic.com\/fr\/wp-json\/wp\/v2\/pages\/1721"}],"wp:attachment":[{"href":"https:\/\/www.zebemusic.com\/fr\/wp-json\/wp\/v2\/media?parent=19445"}],"curies":[{"name":"wp","href":"https:\/\/api.w.org\/{rel}","templated":true}]}}