{"id":19464,"date":"2014-11-27T16:05:10","date_gmt":"2014-11-27T14:05:10","guid":{"rendered":"https:\/\/dev.smukkeberg.com\/zebemusic\/propos-de-nous-2\/auteurs-artiste\/nikoschlenker\/"},"modified":"2025-09-08T09:36:48","modified_gmt":"2025-09-08T08:36:48","slug":"nikoschlenker","status":"publish","type":"page","link":"https:\/\/www.zebemusic.com\/fr\/propos-de-nous-2\/auteurs-artiste\/nikoschlenker\/","title":{"rendered":"Niko Schlenker"},"content":{"rendered":"<p><img loading=\"lazy\" decoding=\"async\" class=\"alignleft\" src=\"https:\/\/zebemusic.com\/wp-content\/uploads\/2015\/05\/niko_schlenker.jpg\" alt=\"\" width=\"177\" height=\"159\" \/><\/p>\n<p>N\u00e9 en 1960 \u00e0 Stendal, le fils du couple de musiciens d&#8217;\u00e9glise Manfred et Ursula Schlenker a appris tr\u00e8s t\u00f4t \u00e0 jouer du violon et du piano. Adolescent, il a fait partie d&#8217;un grand nombre de groupes d&#8217;\u00e9glise et a jou\u00e9 dans plusieurs tourn\u00e9es d&#8217;\u00e9glise \u00e0 travers l&#8217;Allemagne. Apr\u00e8s l&#8217;\u00e9cole, il a \u00e9tudi\u00e9 la musique d&#8217;\u00e9glise \u00e0 Greifswald, puis le piano avec le professeur Manfred Schmitz au conservatoire de Weimar. En 1987, il a d\u00e9m\u00e9nag\u00e9 \u00e0 Fribourg et a travaill\u00e9 comme professeur d&#8217;instrument.<\/p>\n<p>C&#8217;est l\u00e0 qu&#8217;il a commenc\u00e9 sa brillante carri\u00e8re de chef de ch\u0153ur. \u00c0 partir de 1990, il a fait des tourn\u00e9es en tant que pianiste et dans les piano-bars fran\u00e7ais. Il a accompagn\u00e9 le c\u00e9l\u00e8bre U.S.A. Mass Choir \u00e0 l&#8217;orgue Hammond. Il s&#8217;est \u00e9galement inspir\u00e9 de groupes africains. Depuis 1996, Niko Schlenker vit pr\u00e8s de Cologne et se consacre avec succ\u00e8s \u00e0 la musique gospel en tant qu&#8217;arrangeur, chef de ch\u0153ur et animateur d&#8217;ateliers. Il s&#8217;oriente en particulier vers la nouvelle sc\u00e8ne gospel am\u00e9ricaine cr\u00e9ative. Il a \u00e9t\u00e9 directeur musical du c\u00e9l\u00e8bre Living Gospel Choir (CD &#8220;Tell The World&#8221;) et a accompagn\u00e9 la com\u00e9die musicale &#8220;Oh Happy Day&#8221;. En 2006, il a fond\u00e9 les Angelic Gospel Singers, les ch\u0153urs Joy of Gospel et River of Joy. Inspir\u00e9 par sa foi chr\u00e9tienne, Niko Schlenker est actuellement consid\u00e9r\u00e9 comme le compositeur de gospel le plus cr\u00e9atif et le plus productif d&#8217;Allemagne.<\/p>\n<p>Avec son quatuor vocal The Angels et d&#8217;autres artistes de gospel renomm\u00e9s, il a produit les albums &#8220;Reasons&#8221;, &#8220;New Day &#8211; New Song&#8221;, &#8220;Greater Than Anything&#8221; et &#8220;Life in 4D&#8221;.<\/p>\n<p style=\"text-align: center;\"><iframe loading=\"lazy\" src=\"\/\/www.youtube.com\/embed\/W769gz4Sg94\" width=\"350\" height=\"230\" frameborder=\"0\" allowfullscreen=\"allowfullscreen\"><\/iframe><\/p>\n<p>&nbsp;<\/p>\n<hr \/>\n<h3 style=\"text-align: left;\"><strong>Niko Schlenker chez ZebeMusic:<\/strong><\/h3>\n","protected":false},"excerpt":{"rendered":"<p>N\u00e9 en 1960 \u00e0 Stendal, le fils du couple de musiciens d&#8217;\u00e9glise Manfred et Ursula Schlenker a appris tr\u00e8s t\u00f4t \u00e0 jouer du violon et du piano. Adolescent, il a fait partie d&#8217;un grand nombre de groupes d&#8217;\u00e9glise et a jou\u00e9 dans plusieurs tourn\u00e9es d&#8217;\u00e9glise \u00e0 travers l&#8217;Allemagne. Apr\u00e8s l&#8217;\u00e9cole, il a \u00e9tudi\u00e9 la musique [&hellip;]<\/p>\n","protected":false},"author":50,"featured_media":0,"parent":1721,"menu_order":0,"comment_status":"closed","ping_status":"closed","template":"page-templates\/page-sidebar-none.php","meta":{"_acf_changed":false,"footnotes":""},"class_list":["post-19464","page","type-page","status-publish","hentry"],"acf":[],"yoast_head":"<!-- This site is optimized with the Yoast SEO plugin v27.4 - https:\/\/yoast.com\/product\/yoast-seo-wordpress\/ -->\n<title>Niko Schlenker<\/title>\n<meta name=\"description\" content=\"Niko Schlenker est l&#039;un des musiciens de gospel les plus en vue en Europe. Ses compositions font partie des standards du r\u00e9pertoire gospel g\u00e9n\u00e9ral.\" \/>\n<meta name=\"robots\" content=\"index, follow, max-snippet:-1, max-image-preview:large, max-video-preview:-1\" \/>\n<link rel=\"canonical\" href=\"https:\/\/www.zebemusic.com\/fr\/propos-de-nous-2\/auteurs-artiste\/nikoschlenker\/\" \/>\n<meta property=\"og:locale\" content=\"fr_FR\" \/>\n<meta property=\"og:type\" content=\"article\" \/>\n<meta property=\"og:title\" content=\"Niko Schlenker\" \/>\n<meta property=\"og:description\" content=\"Niko Schlenker est l&#039;un des musiciens de gospel les plus en vue en Europe. Ses compositions font partie des standards du r\u00e9pertoire gospel g\u00e9n\u00e9ral.\" \/>\n<meta property=\"og:url\" content=\"https:\/\/www.zebemusic.com\/fr\/propos-de-nous-2\/auteurs-artiste\/nikoschlenker\/\" \/>\n<meta property=\"og:site_name\" content=\"ZebeMusic\" \/>\n<meta property=\"article:publisher\" content=\"https:\/\/www.facebook.com\/zebemusic\" \/>\n<meta property=\"article:modified_time\" content=\"2025-09-08T08:36:48+00:00\" \/>\n<meta property=\"og:image\" content=\"https:\/\/zebemusic.com\/wp-content\/uploads\/2015\/05\/niko_schlenker.jpg\" \/>\n<meta name=\"twitter:card\" content=\"summary_large_image\" \/>\n<meta name=\"twitter:label1\" content=\"Est. reading time\" \/>\n\t<meta name=\"twitter:data1\" content=\"2 minutes\" \/>\n<script type=\"application\/ld+json\" class=\"yoast-schema-graph\">{\"@context\":\"https:\\\/\\\/schema.org\",\"@graph\":[{\"@type\":\"WebPage\",\"@id\":\"https:\\\/\\\/www.zebemusic.com\\\/fr\\\/propos-de-nous-2\\\/auteurs-artiste\\\/nikoschlenker\\\/\",\"url\":\"https:\\\/\\\/www.zebemusic.com\\\/fr\\\/propos-de-nous-2\\\/auteurs-artiste\\\/nikoschlenker\\\/\",\"name\":\"Niko Schlenker\",\"isPartOf\":{\"@id\":\"https:\\\/\\\/www.zebemusic.com\\\/de\\\/#website\"},\"primaryImageOfPage\":{\"@id\":\"https:\\\/\\\/www.zebemusic.com\\\/fr\\\/propos-de-nous-2\\\/auteurs-artiste\\\/nikoschlenker\\\/#primaryimage\"},\"image\":{\"@id\":\"https:\\\/\\\/www.zebemusic.com\\\/fr\\\/propos-de-nous-2\\\/auteurs-artiste\\\/nikoschlenker\\\/#primaryimage\"},\"thumbnailUrl\":\"https:\\\/\\\/zebemusic.com\\\/wp-content\\\/uploads\\\/2015\\\/05\\\/niko_schlenker.jpg\",\"datePublished\":\"2014-11-27T14:05:10+00:00\",\"dateModified\":\"2025-09-08T08:36:48+00:00\",\"description\":\"Niko Schlenker est l'un des musiciens de gospel les plus en vue en Europe. Ses compositions font partie des standards du r\u00e9pertoire gospel g\u00e9n\u00e9ral.\",\"breadcrumb\":{\"@id\":\"https:\\\/\\\/www.zebemusic.com\\\/fr\\\/propos-de-nous-2\\\/auteurs-artiste\\\/nikoschlenker\\\/#breadcrumb\"},\"inLanguage\":\"fr-FR\",\"potentialAction\":[{\"@type\":\"ReadAction\",\"target\":[\"https:\\\/\\\/www.zebemusic.com\\\/fr\\\/propos-de-nous-2\\\/auteurs-artiste\\\/nikoschlenker\\\/\"]}]},{\"@type\":\"ImageObject\",\"inLanguage\":\"fr-FR\",\"@id\":\"https:\\\/\\\/www.zebemusic.com\\\/fr\\\/propos-de-nous-2\\\/auteurs-artiste\\\/nikoschlenker\\\/#primaryimage\",\"url\":\"https:\\\/\\\/zebemusic.com\\\/wp-content\\\/uploads\\\/2015\\\/05\\\/niko_schlenker.jpg\",\"contentUrl\":\"https:\\\/\\\/zebemusic.com\\\/wp-content\\\/uploads\\\/2015\\\/05\\\/niko_schlenker.jpg\"},{\"@type\":\"BreadcrumbList\",\"@id\":\"https:\\\/\\\/www.zebemusic.com\\\/fr\\\/propos-de-nous-2\\\/auteurs-artiste\\\/nikoschlenker\\\/#breadcrumb\",\"itemListElement\":[{\"@type\":\"ListItem\",\"position\":1,\"name\":\"\u00c0 propos de nous\",\"item\":\"https:\\\/\\\/www.zebemusic.com\\\/about-us\\\/\"},{\"@type\":\"ListItem\",\"position\":2,\"name\":\"Auteurs &#038; Artistes\",\"item\":\"https:\\\/\\\/www.zebemusic.com\\\/about-us\\\/autoren\\\/\"},{\"@type\":\"ListItem\",\"position\":3,\"name\":\"Niko Schlenker\"}]},{\"@type\":\"WebSite\",\"@id\":\"https:\\\/\\\/www.zebemusic.com\\\/de\\\/#website\",\"url\":\"https:\\\/\\\/www.zebemusic.com\\\/de\\\/\",\"name\":\"ZebeMusic\",\"description\":\"vous incite a chanter.\",\"publisher\":{\"@id\":\"https:\\\/\\\/www.zebemusic.com\\\/de\\\/#organization\"},\"alternateName\":\"Gospelnoten & Kindermusicals\",\"potentialAction\":[{\"@type\":\"SearchAction\",\"target\":{\"@type\":\"EntryPoint\",\"urlTemplate\":\"https:\\\/\\\/www.zebemusic.com\\\/de\\\/?s={search_term_string}\"},\"query-input\":{\"@type\":\"PropertyValueSpecification\",\"valueRequired\":true,\"valueName\":\"search_term_string\"}}],\"inLanguage\":\"fr-FR\"},{\"@type\":\"Organization\",\"@id\":\"https:\\\/\\\/www.zebemusic.com\\\/de\\\/#organization\",\"name\":\"ZebeMusic\",\"url\":\"https:\\\/\\\/www.zebemusic.com\\\/de\\\/\",\"logo\":{\"@type\":\"ImageObject\",\"inLanguage\":\"fr-FR\",\"@id\":\"https:\\\/\\\/www.zebemusic.com\\\/de\\\/#\\\/schema\\\/logo\\\/image\\\/\",\"url\":\"https:\\\/\\\/www.zebemusic.com\\\/wp-content\\\/uploads\\\/2025\\\/10\\\/ZEBE-Logo_ZW-makesyousing.jpg\",\"contentUrl\":\"https:\\\/\\\/www.zebemusic.com\\\/wp-content\\\/uploads\\\/2025\\\/10\\\/ZEBE-Logo_ZW-makesyousing.jpg\",\"width\":2212,\"height\":958,\"caption\":\"ZebeMusic\"},\"image\":{\"@id\":\"https:\\\/\\\/www.zebemusic.com\\\/de\\\/#\\\/schema\\\/logo\\\/image\\\/\"},\"sameAs\":[\"https:\\\/\\\/www.facebook.com\\\/zebemusic\",\"https:\\\/\\\/www.instagram.com\\\/zebemusic\",\"https:\\\/\\\/www.youtube.com\\\/zebemusicberlin\"]}]}<\/script>\n<!-- \/ Yoast SEO plugin. -->","yoast_head_json":{"title":"Niko Schlenker","description":"Niko Schlenker est l'un des musiciens de gospel les plus en vue en Europe. Ses compositions font partie des standards du r\u00e9pertoire gospel g\u00e9n\u00e9ral.","robots":{"index":"index","follow":"follow","max-snippet":"max-snippet:-1","max-image-preview":"max-image-preview:large","max-video-preview":"max-video-preview:-1"},"canonical":"https:\/\/www.zebemusic.com\/fr\/propos-de-nous-2\/auteurs-artiste\/nikoschlenker\/","og_locale":"fr_FR","og_type":"article","og_title":"Niko Schlenker","og_description":"Niko Schlenker est l'un des musiciens de gospel les plus en vue en Europe. Ses compositions font partie des standards du r\u00e9pertoire gospel g\u00e9n\u00e9ral.","og_url":"https:\/\/www.zebemusic.com\/fr\/propos-de-nous-2\/auteurs-artiste\/nikoschlenker\/","og_site_name":"ZebeMusic","article_publisher":"https:\/\/www.facebook.com\/zebemusic","article_modified_time":"2025-09-08T08:36:48+00:00","og_image":[{"url":"https:\/\/zebemusic.com\/wp-content\/uploads\/2015\/05\/niko_schlenker.jpg","type":"","width":"","height":""}],"twitter_card":"summary_large_image","twitter_misc":{"Est. reading time":"2 minutes"},"schema":{"@context":"https:\/\/schema.org","@graph":[{"@type":"WebPage","@id":"https:\/\/www.zebemusic.com\/fr\/propos-de-nous-2\/auteurs-artiste\/nikoschlenker\/","url":"https:\/\/www.zebemusic.com\/fr\/propos-de-nous-2\/auteurs-artiste\/nikoschlenker\/","name":"Niko Schlenker","isPartOf":{"@id":"https:\/\/www.zebemusic.com\/de\/#website"},"primaryImageOfPage":{"@id":"https:\/\/www.zebemusic.com\/fr\/propos-de-nous-2\/auteurs-artiste\/nikoschlenker\/#primaryimage"},"image":{"@id":"https:\/\/www.zebemusic.com\/fr\/propos-de-nous-2\/auteurs-artiste\/nikoschlenker\/#primaryimage"},"thumbnailUrl":"https:\/\/zebemusic.com\/wp-content\/uploads\/2015\/05\/niko_schlenker.jpg","datePublished":"2014-11-27T14:05:10+00:00","dateModified":"2025-09-08T08:36:48+00:00","description":"Niko Schlenker est l'un des musiciens de gospel les plus en vue en Europe. Ses compositions font partie des standards du r\u00e9pertoire gospel g\u00e9n\u00e9ral.","breadcrumb":{"@id":"https:\/\/www.zebemusic.com\/fr\/propos-de-nous-2\/auteurs-artiste\/nikoschlenker\/#breadcrumb"},"inLanguage":"fr-FR","potentialAction":[{"@type":"ReadAction","target":["https:\/\/www.zebemusic.com\/fr\/propos-de-nous-2\/auteurs-artiste\/nikoschlenker\/"]}]},{"@type":"ImageObject","inLanguage":"fr-FR","@id":"https:\/\/www.zebemusic.com\/fr\/propos-de-nous-2\/auteurs-artiste\/nikoschlenker\/#primaryimage","url":"https:\/\/zebemusic.com\/wp-content\/uploads\/2015\/05\/niko_schlenker.jpg","contentUrl":"https:\/\/zebemusic.com\/wp-content\/uploads\/2015\/05\/niko_schlenker.jpg"},{"@type":"BreadcrumbList","@id":"https:\/\/www.zebemusic.com\/fr\/propos-de-nous-2\/auteurs-artiste\/nikoschlenker\/#breadcrumb","itemListElement":[{"@type":"ListItem","position":1,"name":"\u00c0 propos de nous","item":"https:\/\/www.zebemusic.com\/about-us\/"},{"@type":"ListItem","position":2,"name":"Auteurs &#038; Artistes","item":"https:\/\/www.zebemusic.com\/about-us\/autoren\/"},{"@type":"ListItem","position":3,"name":"Niko Schlenker"}]},{"@type":"WebSite","@id":"https:\/\/www.zebemusic.com\/de\/#website","url":"https:\/\/www.zebemusic.com\/de\/","name":"ZebeMusic","description":"vous incite a chanter.","publisher":{"@id":"https:\/\/www.zebemusic.com\/de\/#organization"},"alternateName":"Gospelnoten & Kindermusicals","potentialAction":[{"@type":"SearchAction","target":{"@type":"EntryPoint","urlTemplate":"https:\/\/www.zebemusic.com\/de\/?s={search_term_string}"},"query-input":{"@type":"PropertyValueSpecification","valueRequired":true,"valueName":"search_term_string"}}],"inLanguage":"fr-FR"},{"@type":"Organization","@id":"https:\/\/www.zebemusic.com\/de\/#organization","name":"ZebeMusic","url":"https:\/\/www.zebemusic.com\/de\/","logo":{"@type":"ImageObject","inLanguage":"fr-FR","@id":"https:\/\/www.zebemusic.com\/de\/#\/schema\/logo\/image\/","url":"https:\/\/www.zebemusic.com\/wp-content\/uploads\/2025\/10\/ZEBE-Logo_ZW-makesyousing.jpg","contentUrl":"https:\/\/www.zebemusic.com\/wp-content\/uploads\/2025\/10\/ZEBE-Logo_ZW-makesyousing.jpg","width":2212,"height":958,"caption":"ZebeMusic"},"image":{"@id":"https:\/\/www.zebemusic.com\/de\/#\/schema\/logo\/image\/"},"sameAs":["https:\/\/www.facebook.com\/zebemusic","https:\/\/www.instagram.com\/zebemusic","https:\/\/www.youtube.com\/zebemusicberlin"]}]}},"_links":{"self":[{"href":"https:\/\/www.zebemusic.com\/fr\/wp-json\/wp\/v2\/pages\/19464","targetHints":{"allow":["GET"]}}],"collection":[{"href":"https:\/\/www.zebemusic.com\/fr\/wp-json\/wp\/v2\/pages"}],"about":[{"href":"https:\/\/www.zebemusic.com\/fr\/wp-json\/wp\/v2\/types\/page"}],"author":[{"embeddable":true,"href":"https:\/\/www.zebemusic.com\/fr\/wp-json\/wp\/v2\/users\/50"}],"replies":[{"embeddable":true,"href":"https:\/\/www.zebemusic.com\/fr\/wp-json\/wp\/v2\/comments?post=19464"}],"version-history":[{"count":4,"href":"https:\/\/www.zebemusic.com\/fr\/wp-json\/wp\/v2\/pages\/19464\/revisions"}],"predecessor-version":[{"id":27954,"href":"https:\/\/www.zebemusic.com\/fr\/wp-json\/wp\/v2\/pages\/19464\/revisions\/27954"}],"up":[{"embeddable":true,"href":"https:\/\/www.zebemusic.com\/fr\/wp-json\/wp\/v2\/pages\/1721"}],"wp:attachment":[{"href":"https:\/\/www.zebemusic.com\/fr\/wp-json\/wp\/v2\/media?parent=19464"}],"curies":[{"name":"wp","href":"https:\/\/api.w.org\/{rel}","templated":true}]}}