{"id":21167,"date":"2024-02-02T03:09:42","date_gmt":"2024-02-02T02:09:42","guid":{"rendered":"https:\/\/dev.smukkeberg.com\/zebemusic\/messes-pour-choeur-rock-jazz-gospel\/"},"modified":"2024-02-02T03:13:06","modified_gmt":"2024-02-02T02:13:06","slug":"messes-pour-choeur-rock-jazz-gospel","status":"publish","type":"page","link":"https:\/\/www.zebemusic.com\/fr\/messes-pour-choeur-rock-jazz-gospel\/","title":{"rendered":"<b><span style=\"color: #993300;\">Messes pour ch\u0153ur <\/b><\/span> <i> Rock. Jazz. Gospel.<\/i>"},"content":{"rendered":"<p>Dans la musique populaire, les messes chorales constituent d\u00e9sormais un r\u00e9pertoire de concert aussi populaire qu&#8217;impressionnant pour les ch\u0153urs d&#8217;oratorio et les ch\u0153urs de gospel et de jazz ambitieux.<br \/>\nNous pr\u00e9sentons ici trois \u0153uvres majeures qui peuvent chacune constituer un point fort particulier dans votre programme de concert.<\/p>\n<table style=\"height: 243px;\" width=\"664\">\n<tbody>\n<tr>\n<td width=\"120px\"><a href=\"https:\/\/zebemusic.com\/messe-in-d\/\"><img loading=\"lazy\" decoding=\"async\" class=\"alignnone size-medium wp-image-6441\" src=\"https:\/\/zebemusic.com\/wp-content\/uploads\/2015\/11\/Cover-Messe-Muecksch-web-212x300.jpg\" alt=\"Messe en D\" width=\"212\" height=\"300\"><\/a><\/td>\n<td> La nouvelle grande, en latin.<br \/>\n<span style=\"font-size: large; color: #993300;\"><strong> MESSE EN D<\/strong><\/span><br \/>\n <strong><span style=\"color: #993300;\">Messe de la rock par Andreas M\u00fccksch<br \/>\n<\/span><\/strong> \u0152uvre Dramatique pour grand orchestre, groupe et ch\u0153ur, remplissant toute une soir\u00e9e<br \/>\n(SATB\/SATB), soprano et mezzo-soprano solo.<br \/>\n<a href=\"\/messe-in-d\">En savoir plus sur l&#8217;\u0153uvre &gt;&gt;&gt;<\/a><\/td>\n<\/tr>\n<\/tbody>\n<\/table>\n<table style=\"height: 199px;\" width=\"689\">\n<tbody>\n<tr>\n<td width=\"120px\"><a href=\"\/new-york-mass\"><img loading=\"lazy\" decoding=\"async\" class=\"alignnone wp-image-180\" src=\"https:\/\/zebemusic.com\/wp-content\/uploads\/2013\/08\/ZEBE4001-229x300.jpg\" alt=\"Messe de la Jazz \"New York Mass\"\" width=\"230\" height=\"270\"><\/a><\/td>\n<td> La sp\u00e9ciale, la p\u00e9tillante.<br \/>\n<span style=\"font-size: large; color: #993300;\"><strong> NEW YORK MASS<\/strong><\/span><br \/>\n <strong><span style=\"color: #993300;\">Messe de la Jazz par Christoph Schoepsdau<br \/>\n<\/span><\/strong><br \/>\nDarmon Meader des New York Voices est ravi de ce morceau d&#8217;une heure avec de superbes voicings de jazz et de la place pour l&#8217;improvisation. <a href=\"\/new-york-mass\">En savoir plus sur l&#8217;\u0153uvre &gt;&gt;&gt;<\/a><\/td>\n<\/tr>\n<\/tbody>\n<\/table>\n<table style=\"height: 169px;\" width=\"721\">\n<tbody>\n<tr>\n<td width=\"120px\"><a href=\"\/gospelmesse\"><img loading=\"lazy\" decoding=\"async\" class=\"alignnone wp-image-160\" src=\"https:\/\/zebemusic.com\/wp-content\/uploads\/2013\/08\/ZEBE3000-228x300.jpg\" alt=\"Messe de la Gospel \"Kyrie - A Gospel Mass\"\" width=\"230\" height=\"271\"><\/a><\/td>\n<td> Le groove, le soul.<br \/>\n<span style=\"font-size: large; color: #993300;\"><strong> KYRIE \u2013 A GOSPEL MASS<\/strong><\/span><br \/>\n <strong><span style=\"color: #993300;\"> Messe de la Gospel par Stephan Zebe<\/span><\/strong><br \/>\nComposition de gospel moderne avec des r\u00e9miniscences de Motown Soul et de Spiritual. 40 minutes de haute tension avec un accompagnement variable allant du piano au groupe avec une section de cuivres.<br \/>\n<a href=\"\/gospelmesse\">En savoir plus sur l&#8217;\u0153uvre &gt;&gt;&gt;<\/a> <\/td>\n<\/tr>\n<\/tbody>\n<\/table>\n<p>&nbsp;<\/p>\n","protected":false},"excerpt":{"rendered":"<p>Dans la musique populaire, les messes chorales constituent d\u00e9sormais un r\u00e9pertoire de concert aussi populaire qu&#8217;impressionnant pour les ch\u0153urs d&#8217;oratorio et les ch\u0153urs de gospel et de jazz ambitieux. Nous pr\u00e9sentons ici trois \u0153uvres majeures qui peuvent chacune constituer un point fort particulier dans votre programme de concert. La nouvelle grande, en latin. MESSE EN [&hellip;]<\/p>\n","protected":false},"author":50,"featured_media":0,"parent":0,"menu_order":0,"comment_status":"closed","ping_status":"closed","template":"page-templates\/page-homepage.php","meta":{"_acf_changed":false,"footnotes":""},"class_list":["post-21167","page","type-page","status-publish","hentry"],"acf":[],"yoast_head":"<!-- This site is optimized with the Yoast SEO plugin v27.5 - https:\/\/yoast.com\/product\/yoast-seo-wordpress\/ -->\n<title>Messes pour ch\u0153ur - Rock. Jazz. Gospel.<\/title>\n<meta name=\"description\" content=\"Des messes chorales comme grandes \u0153uvres de concert dans le style rock, jazz et gospel. A cela s&#039;ajoutent des recommandations compl\u00e9mentaires, comme des mises en musique de psaumes, de pri\u00e8res ou de chants liturgiques.\" \/>\n<meta name=\"robots\" content=\"index, follow, max-snippet:-1, max-image-preview:large, max-video-preview:-1\" \/>\n<link rel=\"canonical\" href=\"https:\/\/www.zebemusic.com\/fr\/messes-pour-choeur-rock-jazz-gospel\/\" \/>\n<meta property=\"og:locale\" content=\"fr_FR\" \/>\n<meta property=\"og:type\" content=\"article\" \/>\n<meta property=\"og:title\" content=\"Messes pour ch\u0153ur - Rock. Jazz. Gospel.\" \/>\n<meta property=\"og:description\" content=\"Des messes chorales comme grandes \u0153uvres de concert dans le style rock, jazz et gospel. A cela s&#039;ajoutent des recommandations compl\u00e9mentaires, comme des mises en musique de psaumes, de pri\u00e8res ou de chants liturgiques.\" \/>\n<meta property=\"og:url\" content=\"https:\/\/www.zebemusic.com\/fr\/messes-pour-choeur-rock-jazz-gospel\/\" \/>\n<meta property=\"og:site_name\" content=\"ZebeMusic\" \/>\n<meta property=\"article:publisher\" content=\"https:\/\/www.facebook.com\/zebemusic\" \/>\n<meta property=\"article:modified_time\" content=\"2024-02-02T02:13:06+00:00\" \/>\n<meta property=\"og:image\" content=\"https:\/\/zebemusic.com\/wp-content\/uploads\/2015\/11\/Cover-Messe-Muecksch-web-212x300.jpg\" \/>\n<meta name=\"twitter:card\" content=\"summary_large_image\" \/>\n<meta name=\"twitter:label1\" content=\"Est. reading time\" \/>\n\t<meta name=\"twitter:data1\" content=\"1 minute\" \/>\n<script type=\"application\/ld+json\" class=\"yoast-schema-graph\">{\"@context\":\"https:\\\/\\\/schema.org\",\"@graph\":[{\"@type\":\"WebPage\",\"@id\":\"https:\\\/\\\/www.zebemusic.com\\\/fr\\\/messes-pour-choeur-rock-jazz-gospel\\\/\",\"url\":\"https:\\\/\\\/www.zebemusic.com\\\/fr\\\/messes-pour-choeur-rock-jazz-gospel\\\/\",\"name\":\"Messes pour ch\u0153ur - Rock. Jazz. Gospel.\",\"isPartOf\":{\"@id\":\"https:\\\/\\\/www.zebemusic.com\\\/de\\\/#website\"},\"primaryImageOfPage\":{\"@id\":\"https:\\\/\\\/www.zebemusic.com\\\/fr\\\/messes-pour-choeur-rock-jazz-gospel\\\/#primaryimage\"},\"image\":{\"@id\":\"https:\\\/\\\/www.zebemusic.com\\\/fr\\\/messes-pour-choeur-rock-jazz-gospel\\\/#primaryimage\"},\"thumbnailUrl\":\"https:\\\/\\\/zebemusic.com\\\/wp-content\\\/uploads\\\/2015\\\/11\\\/Cover-Messe-Muecksch-web-212x300.jpg\",\"datePublished\":\"2024-02-02T02:09:42+00:00\",\"dateModified\":\"2024-02-02T02:13:06+00:00\",\"description\":\"Des messes chorales comme grandes \u0153uvres de concert dans le style rock, jazz et gospel. A cela s'ajoutent des recommandations compl\u00e9mentaires, comme des mises en musique de psaumes, de pri\u00e8res ou de chants liturgiques.\",\"inLanguage\":\"fr-FR\",\"potentialAction\":[{\"@type\":\"ReadAction\",\"target\":[\"https:\\\/\\\/www.zebemusic.com\\\/fr\\\/messes-pour-choeur-rock-jazz-gospel\\\/\"]}]},{\"@type\":\"ImageObject\",\"inLanguage\":\"fr-FR\",\"@id\":\"https:\\\/\\\/www.zebemusic.com\\\/fr\\\/messes-pour-choeur-rock-jazz-gospel\\\/#primaryimage\",\"url\":\"https:\\\/\\\/zebemusic.com\\\/wp-content\\\/uploads\\\/2015\\\/11\\\/Cover-Messe-Muecksch-web-212x300.jpg\",\"contentUrl\":\"https:\\\/\\\/zebemusic.com\\\/wp-content\\\/uploads\\\/2015\\\/11\\\/Cover-Messe-Muecksch-web-212x300.jpg\"},{\"@type\":\"WebSite\",\"@id\":\"https:\\\/\\\/www.zebemusic.com\\\/de\\\/#website\",\"url\":\"https:\\\/\\\/www.zebemusic.com\\\/de\\\/\",\"name\":\"ZebeMusic\",\"description\":\"vous incite a chanter.\",\"publisher\":{\"@id\":\"https:\\\/\\\/www.zebemusic.com\\\/de\\\/#organization\"},\"alternateName\":\"Gospelnoten & Kindermusicals\",\"potentialAction\":[{\"@type\":\"SearchAction\",\"target\":{\"@type\":\"EntryPoint\",\"urlTemplate\":\"https:\\\/\\\/www.zebemusic.com\\\/de\\\/?s={search_term_string}\"},\"query-input\":{\"@type\":\"PropertyValueSpecification\",\"valueRequired\":true,\"valueName\":\"search_term_string\"}}],\"inLanguage\":\"fr-FR\"},{\"@type\":\"Organization\",\"@id\":\"https:\\\/\\\/www.zebemusic.com\\\/de\\\/#organization\",\"name\":\"ZebeMusic\",\"url\":\"https:\\\/\\\/www.zebemusic.com\\\/de\\\/\",\"logo\":{\"@type\":\"ImageObject\",\"inLanguage\":\"fr-FR\",\"@id\":\"https:\\\/\\\/www.zebemusic.com\\\/de\\\/#\\\/schema\\\/logo\\\/image\\\/\",\"url\":\"https:\\\/\\\/www.zebemusic.com\\\/wp-content\\\/uploads\\\/2025\\\/10\\\/ZEBE-Logo_ZW-makesyousing.jpg\",\"contentUrl\":\"https:\\\/\\\/www.zebemusic.com\\\/wp-content\\\/uploads\\\/2025\\\/10\\\/ZEBE-Logo_ZW-makesyousing.jpg\",\"width\":2212,\"height\":958,\"caption\":\"ZebeMusic\"},\"image\":{\"@id\":\"https:\\\/\\\/www.zebemusic.com\\\/de\\\/#\\\/schema\\\/logo\\\/image\\\/\"},\"sameAs\":[\"https:\\\/\\\/www.facebook.com\\\/zebemusic\",\"https:\\\/\\\/www.instagram.com\\\/zebemusic\",\"https:\\\/\\\/www.youtube.com\\\/zebemusicberlin\"]}]}<\/script>\n<!-- \/ Yoast SEO plugin. -->","yoast_head_json":{"title":"Messes pour ch\u0153ur - Rock. Jazz. Gospel.","description":"Des messes chorales comme grandes \u0153uvres de concert dans le style rock, jazz et gospel. A cela s'ajoutent des recommandations compl\u00e9mentaires, comme des mises en musique de psaumes, de pri\u00e8res ou de chants liturgiques.","robots":{"index":"index","follow":"follow","max-snippet":"max-snippet:-1","max-image-preview":"max-image-preview:large","max-video-preview":"max-video-preview:-1"},"canonical":"https:\/\/www.zebemusic.com\/fr\/messes-pour-choeur-rock-jazz-gospel\/","og_locale":"fr_FR","og_type":"article","og_title":"Messes pour ch\u0153ur - Rock. Jazz. Gospel.","og_description":"Des messes chorales comme grandes \u0153uvres de concert dans le style rock, jazz et gospel. A cela s'ajoutent des recommandations compl\u00e9mentaires, comme des mises en musique de psaumes, de pri\u00e8res ou de chants liturgiques.","og_url":"https:\/\/www.zebemusic.com\/fr\/messes-pour-choeur-rock-jazz-gospel\/","og_site_name":"ZebeMusic","article_publisher":"https:\/\/www.facebook.com\/zebemusic","article_modified_time":"2024-02-02T02:13:06+00:00","og_image":[{"url":"https:\/\/zebemusic.com\/wp-content\/uploads\/2015\/11\/Cover-Messe-Muecksch-web-212x300.jpg","type":"","width":"","height":""}],"twitter_card":"summary_large_image","twitter_misc":{"Est. reading time":"1 minute"},"schema":{"@context":"https:\/\/schema.org","@graph":[{"@type":"WebPage","@id":"https:\/\/www.zebemusic.com\/fr\/messes-pour-choeur-rock-jazz-gospel\/","url":"https:\/\/www.zebemusic.com\/fr\/messes-pour-choeur-rock-jazz-gospel\/","name":"Messes pour ch\u0153ur - Rock. Jazz. Gospel.","isPartOf":{"@id":"https:\/\/www.zebemusic.com\/de\/#website"},"primaryImageOfPage":{"@id":"https:\/\/www.zebemusic.com\/fr\/messes-pour-choeur-rock-jazz-gospel\/#primaryimage"},"image":{"@id":"https:\/\/www.zebemusic.com\/fr\/messes-pour-choeur-rock-jazz-gospel\/#primaryimage"},"thumbnailUrl":"https:\/\/zebemusic.com\/wp-content\/uploads\/2015\/11\/Cover-Messe-Muecksch-web-212x300.jpg","datePublished":"2024-02-02T02:09:42+00:00","dateModified":"2024-02-02T02:13:06+00:00","description":"Des messes chorales comme grandes \u0153uvres de concert dans le style rock, jazz et gospel. A cela s'ajoutent des recommandations compl\u00e9mentaires, comme des mises en musique de psaumes, de pri\u00e8res ou de chants liturgiques.","inLanguage":"fr-FR","potentialAction":[{"@type":"ReadAction","target":["https:\/\/www.zebemusic.com\/fr\/messes-pour-choeur-rock-jazz-gospel\/"]}]},{"@type":"ImageObject","inLanguage":"fr-FR","@id":"https:\/\/www.zebemusic.com\/fr\/messes-pour-choeur-rock-jazz-gospel\/#primaryimage","url":"https:\/\/zebemusic.com\/wp-content\/uploads\/2015\/11\/Cover-Messe-Muecksch-web-212x300.jpg","contentUrl":"https:\/\/zebemusic.com\/wp-content\/uploads\/2015\/11\/Cover-Messe-Muecksch-web-212x300.jpg"},{"@type":"WebSite","@id":"https:\/\/www.zebemusic.com\/de\/#website","url":"https:\/\/www.zebemusic.com\/de\/","name":"ZebeMusic","description":"vous incite a chanter.","publisher":{"@id":"https:\/\/www.zebemusic.com\/de\/#organization"},"alternateName":"Gospelnoten & Kindermusicals","potentialAction":[{"@type":"SearchAction","target":{"@type":"EntryPoint","urlTemplate":"https:\/\/www.zebemusic.com\/de\/?s={search_term_string}"},"query-input":{"@type":"PropertyValueSpecification","valueRequired":true,"valueName":"search_term_string"}}],"inLanguage":"fr-FR"},{"@type":"Organization","@id":"https:\/\/www.zebemusic.com\/de\/#organization","name":"ZebeMusic","url":"https:\/\/www.zebemusic.com\/de\/","logo":{"@type":"ImageObject","inLanguage":"fr-FR","@id":"https:\/\/www.zebemusic.com\/de\/#\/schema\/logo\/image\/","url":"https:\/\/www.zebemusic.com\/wp-content\/uploads\/2025\/10\/ZEBE-Logo_ZW-makesyousing.jpg","contentUrl":"https:\/\/www.zebemusic.com\/wp-content\/uploads\/2025\/10\/ZEBE-Logo_ZW-makesyousing.jpg","width":2212,"height":958,"caption":"ZebeMusic"},"image":{"@id":"https:\/\/www.zebemusic.com\/de\/#\/schema\/logo\/image\/"},"sameAs":["https:\/\/www.facebook.com\/zebemusic","https:\/\/www.instagram.com\/zebemusic","https:\/\/www.youtube.com\/zebemusicberlin"]}]}},"_links":{"self":[{"href":"https:\/\/www.zebemusic.com\/fr\/wp-json\/wp\/v2\/pages\/21167","targetHints":{"allow":["GET"]}}],"collection":[{"href":"https:\/\/www.zebemusic.com\/fr\/wp-json\/wp\/v2\/pages"}],"about":[{"href":"https:\/\/www.zebemusic.com\/fr\/wp-json\/wp\/v2\/types\/page"}],"author":[{"embeddable":true,"href":"https:\/\/www.zebemusic.com\/fr\/wp-json\/wp\/v2\/users\/50"}],"replies":[{"embeddable":true,"href":"https:\/\/www.zebemusic.com\/fr\/wp-json\/wp\/v2\/comments?post=21167"}],"version-history":[{"count":1,"href":"https:\/\/www.zebemusic.com\/fr\/wp-json\/wp\/v2\/pages\/21167\/revisions"}],"predecessor-version":[{"id":21169,"href":"https:\/\/www.zebemusic.com\/fr\/wp-json\/wp\/v2\/pages\/21167\/revisions\/21169"}],"wp:attachment":[{"href":"https:\/\/www.zebemusic.com\/fr\/wp-json\/wp\/v2\/media?parent=21167"}],"curies":[{"name":"wp","href":"https:\/\/api.w.org\/{rel}","templated":true}]}}