{"id":21333,"date":"2024-02-07T10:13:18","date_gmt":"2024-02-07T09:13:18","guid":{"rendered":"https:\/\/www.zebemusic.de\/?page_id=21333"},"modified":"2024-02-07T10:19:09","modified_gmt":"2024-02-07T09:19:09","slug":"messes-pour-choeur-rock-jazz-gospel-2","status":"publish","type":"page","link":"https:\/\/www.zebemusic.com\/fr\/messes-pour-choeur-rock-jazz-gospel-2\/","title":{"rendered":"<b><span style=\"color: #993300;\">Messes pour ch\u0153ur <\/b><\/span> <i> Rock. Jazz. Gospel.<\/i>"},"content":{"rendered":"<h4>Dans la musique populaire, les messes chorales constituent d\u00e9sormais un r\u00e9pertoire de concert aussi populaire qu&#8217;impressionnant pour les ch\u0153urs d&#8217;oratorio et les ch\u0153urs de gospel et de jazz ambitieux.<br \/>\nNous pr\u00e9sentons ici trois \u0153uvres majeures qui peuvent chacune constituer un point fort particulier dans votre programme de concert.<\/h4>\n","protected":false},"excerpt":{"rendered":"<p>Dans la musique populaire, les messes chorales constituent d\u00e9sormais un r\u00e9pertoire de concert aussi populaire qu&#8217;impressionnant pour les ch\u0153urs d&#8217;oratorio et les ch\u0153urs de gospel et de jazz ambitieux. Nous pr\u00e9sentons ici trois \u0153uvres majeures qui peuvent chacune constituer un point fort particulier dans votre programme de concert.<\/p>\n","protected":false},"author":50,"featured_media":0,"parent":0,"menu_order":0,"comment_status":"closed","ping_status":"closed","template":"page-templates\/page-sidebar-none.php","meta":{"_acf_changed":false,"footnotes":""},"class_list":["post-21333","page","type-page","status-publish","hentry"],"acf":[],"yoast_head":"<!-- This site is optimized with the Yoast SEO plugin v27.5 - https:\/\/yoast.com\/product\/yoast-seo-wordpress\/ -->\n<title>Messes pour ch\u0153ur   Rock. Jazz. Gospel.<\/title>\n<meta name=\"description\" content=\"Nous pr\u00e9sentons ici trois \u0153uvres majeures qui peuvent chacune constituer un point fort particulier dans votre programme de concert.\" \/>\n<meta name=\"robots\" content=\"index, follow, max-snippet:-1, max-image-preview:large, max-video-preview:-1\" \/>\n<link rel=\"canonical\" href=\"https:\/\/www.zebemusic.com\/choir-masses-rock-jazz-gospel\/\" \/>\n<meta property=\"og:locale\" content=\"fr_FR\" \/>\n<meta property=\"og:type\" content=\"article\" \/>\n<meta property=\"og:title\" content=\"Messes pour ch\u0153ur   Rock. Jazz. Gospel.\" \/>\n<meta property=\"og:description\" content=\"Nous pr\u00e9sentons ici trois \u0153uvres majeures qui peuvent chacune constituer un point fort particulier dans votre programme de concert.\" \/>\n<meta property=\"og:url\" content=\"https:\/\/www.zebemusic.com\/choir-masses-rock-jazz-gospel\/\" \/>\n<meta property=\"og:site_name\" content=\"ZebeMusic\" \/>\n<meta property=\"article:publisher\" content=\"https:\/\/www.facebook.com\/zebemusic\" \/>\n<meta property=\"article:modified_time\" content=\"2024-02-07T09:19:09+00:00\" \/>\n<meta property=\"og:image\" content=\"https:\/\/www.zebemusic.com\/wp-content\/uploads\/2025\/10\/ZEBE-Logo_ZW-makesyousing.jpg\" \/>\n\t<meta property=\"og:image:width\" content=\"2212\" \/>\n\t<meta property=\"og:image:height\" content=\"958\" \/>\n\t<meta property=\"og:image:type\" content=\"image\/jpeg\" \/>\n<meta name=\"twitter:card\" content=\"summary_large_image\" \/>\n<meta name=\"twitter:label1\" content=\"Est. reading time\" \/>\n\t<meta name=\"twitter:data1\" content=\"1 minute\" \/>\n<script type=\"application\/ld+json\" class=\"yoast-schema-graph\">{\"@context\":\"https:\\\/\\\/schema.org\",\"@graph\":[{\"@type\":\"WebPage\",\"@id\":\"https:\\\/\\\/www.zebemusic.com\\\/choir-masses-rock-jazz-gospel\\\/\",\"url\":\"https:\\\/\\\/www.zebemusic.com\\\/choir-masses-rock-jazz-gospel\\\/\",\"name\":\"Messes pour ch\u0153ur Rock. Jazz. Gospel.\",\"isPartOf\":{\"@id\":\"https:\\\/\\\/www.zebemusic.com\\\/de\\\/#website\"},\"datePublished\":\"2024-02-07T09:13:18+00:00\",\"dateModified\":\"2024-02-07T09:19:09+00:00\",\"description\":\"Nous pr\u00e9sentons ici trois \u0153uvres majeures qui peuvent chacune constituer un point fort particulier dans votre programme de concert.\",\"inLanguage\":\"fr-FR\",\"potentialAction\":[{\"@type\":\"ReadAction\",\"target\":[\"https:\\\/\\\/www.zebemusic.com\\\/choir-masses-rock-jazz-gospel\\\/\"]}]},{\"@type\":\"WebSite\",\"@id\":\"https:\\\/\\\/www.zebemusic.com\\\/de\\\/#website\",\"url\":\"https:\\\/\\\/www.zebemusic.com\\\/de\\\/\",\"name\":\"ZebeMusic\",\"description\":\"vous incite a chanter.\",\"publisher\":{\"@id\":\"https:\\\/\\\/www.zebemusic.com\\\/de\\\/#organization\"},\"alternateName\":\"Gospelnoten & Kindermusicals\",\"potentialAction\":[{\"@type\":\"SearchAction\",\"target\":{\"@type\":\"EntryPoint\",\"urlTemplate\":\"https:\\\/\\\/www.zebemusic.com\\\/de\\\/?s={search_term_string}\"},\"query-input\":{\"@type\":\"PropertyValueSpecification\",\"valueRequired\":true,\"valueName\":\"search_term_string\"}}],\"inLanguage\":\"fr-FR\"},{\"@type\":\"Organization\",\"@id\":\"https:\\\/\\\/www.zebemusic.com\\\/de\\\/#organization\",\"name\":\"ZebeMusic\",\"url\":\"https:\\\/\\\/www.zebemusic.com\\\/de\\\/\",\"logo\":{\"@type\":\"ImageObject\",\"inLanguage\":\"fr-FR\",\"@id\":\"https:\\\/\\\/www.zebemusic.com\\\/de\\\/#\\\/schema\\\/logo\\\/image\\\/\",\"url\":\"https:\\\/\\\/www.zebemusic.com\\\/wp-content\\\/uploads\\\/2025\\\/10\\\/ZEBE-Logo_ZW-makesyousing.jpg\",\"contentUrl\":\"https:\\\/\\\/www.zebemusic.com\\\/wp-content\\\/uploads\\\/2025\\\/10\\\/ZEBE-Logo_ZW-makesyousing.jpg\",\"width\":2212,\"height\":958,\"caption\":\"ZebeMusic\"},\"image\":{\"@id\":\"https:\\\/\\\/www.zebemusic.com\\\/de\\\/#\\\/schema\\\/logo\\\/image\\\/\"},\"sameAs\":[\"https:\\\/\\\/www.facebook.com\\\/zebemusic\",\"https:\\\/\\\/www.instagram.com\\\/zebemusic\",\"https:\\\/\\\/www.youtube.com\\\/zebemusicberlin\"]}]}<\/script>\n<!-- \/ Yoast SEO plugin. -->","yoast_head_json":{"title":"Messes pour ch\u0153ur   Rock. Jazz. Gospel.","description":"Nous pr\u00e9sentons ici trois \u0153uvres majeures qui peuvent chacune constituer un point fort particulier dans votre programme de concert.","robots":{"index":"index","follow":"follow","max-snippet":"max-snippet:-1","max-image-preview":"max-image-preview:large","max-video-preview":"max-video-preview:-1"},"canonical":"https:\/\/www.zebemusic.com\/choir-masses-rock-jazz-gospel\/","og_locale":"fr_FR","og_type":"article","og_title":"Messes pour ch\u0153ur   Rock. Jazz. Gospel.","og_description":"Nous pr\u00e9sentons ici trois \u0153uvres majeures qui peuvent chacune constituer un point fort particulier dans votre programme de concert.","og_url":"https:\/\/www.zebemusic.com\/choir-masses-rock-jazz-gospel\/","og_site_name":"ZebeMusic","article_publisher":"https:\/\/www.facebook.com\/zebemusic","article_modified_time":"2024-02-07T09:19:09+00:00","og_image":[{"width":2212,"height":958,"url":"https:\/\/www.zebemusic.com\/wp-content\/uploads\/2025\/10\/ZEBE-Logo_ZW-makesyousing.jpg","type":"image\/jpeg"}],"twitter_card":"summary_large_image","twitter_misc":{"Est. reading time":"1 minute"},"schema":{"@context":"https:\/\/schema.org","@graph":[{"@type":"WebPage","@id":"https:\/\/www.zebemusic.com\/choir-masses-rock-jazz-gospel\/","url":"https:\/\/www.zebemusic.com\/choir-masses-rock-jazz-gospel\/","name":"Messes pour ch\u0153ur Rock. Jazz. Gospel.","isPartOf":{"@id":"https:\/\/www.zebemusic.com\/de\/#website"},"datePublished":"2024-02-07T09:13:18+00:00","dateModified":"2024-02-07T09:19:09+00:00","description":"Nous pr\u00e9sentons ici trois \u0153uvres majeures qui peuvent chacune constituer un point fort particulier dans votre programme de concert.","inLanguage":"fr-FR","potentialAction":[{"@type":"ReadAction","target":["https:\/\/www.zebemusic.com\/choir-masses-rock-jazz-gospel\/"]}]},{"@type":"WebSite","@id":"https:\/\/www.zebemusic.com\/de\/#website","url":"https:\/\/www.zebemusic.com\/de\/","name":"ZebeMusic","description":"vous incite a chanter.","publisher":{"@id":"https:\/\/www.zebemusic.com\/de\/#organization"},"alternateName":"Gospelnoten & Kindermusicals","potentialAction":[{"@type":"SearchAction","target":{"@type":"EntryPoint","urlTemplate":"https:\/\/www.zebemusic.com\/de\/?s={search_term_string}"},"query-input":{"@type":"PropertyValueSpecification","valueRequired":true,"valueName":"search_term_string"}}],"inLanguage":"fr-FR"},{"@type":"Organization","@id":"https:\/\/www.zebemusic.com\/de\/#organization","name":"ZebeMusic","url":"https:\/\/www.zebemusic.com\/de\/","logo":{"@type":"ImageObject","inLanguage":"fr-FR","@id":"https:\/\/www.zebemusic.com\/de\/#\/schema\/logo\/image\/","url":"https:\/\/www.zebemusic.com\/wp-content\/uploads\/2025\/10\/ZEBE-Logo_ZW-makesyousing.jpg","contentUrl":"https:\/\/www.zebemusic.com\/wp-content\/uploads\/2025\/10\/ZEBE-Logo_ZW-makesyousing.jpg","width":2212,"height":958,"caption":"ZebeMusic"},"image":{"@id":"https:\/\/www.zebemusic.com\/de\/#\/schema\/logo\/image\/"},"sameAs":["https:\/\/www.facebook.com\/zebemusic","https:\/\/www.instagram.com\/zebemusic","https:\/\/www.youtube.com\/zebemusicberlin"]}]}},"_links":{"self":[{"href":"https:\/\/www.zebemusic.com\/fr\/wp-json\/wp\/v2\/pages\/21333","targetHints":{"allow":["GET"]}}],"collection":[{"href":"https:\/\/www.zebemusic.com\/fr\/wp-json\/wp\/v2\/pages"}],"about":[{"href":"https:\/\/www.zebemusic.com\/fr\/wp-json\/wp\/v2\/types\/page"}],"author":[{"embeddable":true,"href":"https:\/\/www.zebemusic.com\/fr\/wp-json\/wp\/v2\/users\/50"}],"replies":[{"embeddable":true,"href":"https:\/\/www.zebemusic.com\/fr\/wp-json\/wp\/v2\/comments?post=21333"}],"version-history":[{"count":3,"href":"https:\/\/www.zebemusic.com\/fr\/wp-json\/wp\/v2\/pages\/21333\/revisions"}],"predecessor-version":[{"id":21336,"href":"https:\/\/www.zebemusic.com\/fr\/wp-json\/wp\/v2\/pages\/21333\/revisions\/21336"}],"wp:attachment":[{"href":"https:\/\/www.zebemusic.com\/fr\/wp-json\/wp\/v2\/media?parent=21333"}],"curies":[{"name":"wp","href":"https:\/\/api.w.org\/{rel}","templated":true}]}}