{"id":22387,"date":"2014-12-02T14:36:40","date_gmt":"2014-12-02T12:36:40","guid":{"rendered":"https:\/\/www.zebemusic.com\/stephanzebe\/"},"modified":"2024-05-23T00:15:51","modified_gmt":"2024-05-22T23:15:51","slug":"stephanzebe","status":"publish","type":"page","link":"https:\/\/www.zebemusic.com\/fr\/stephanzebe\/","title":{"rendered":"Stephan Zebe"},"content":{"rendered":"<p><a href=\"https:\/\/www.zebemusic.com\/wp-content\/uploads\/2024\/01\/stephan01.jpg\"><img loading=\"lazy\" decoding=\"async\" class=\"size-medium wp-image-20910 alignleft\" src=\"https:\/\/www.zebemusic.com\/wp-content\/uploads\/2024\/01\/stephan01-229x300.jpg\" alt=\"\" width=\"229\" height=\"300\" srcset=\"https:\/\/www.zebemusic.com\/wp-content\/uploads\/2024\/01\/stephan01-229x300.jpg 229w, https:\/\/www.zebemusic.com\/wp-content\/uploads\/2024\/01\/stephan01-115x150.jpg 115w, https:\/\/www.zebemusic.com\/wp-content\/uploads\/2024\/01\/stephan01-200x262.jpg 200w, https:\/\/www.zebemusic.com\/wp-content\/uploads\/2024\/01\/stephan01.jpg 410w\" sizes=\"auto, (max-width: 229px) 100vw, 229px\" \/><\/a><\/p>\n<p>Stephan Zebe \u00e9crit et publie de la musique gospel pour les chorales depuis les ann\u00e9es 1980. Il est n\u00e9 en 1966 dans la ville allemande de Cottbus. Il y a appris le piano et la contrebasse, a grandi en chantant dans des chorales et a \u00e9crit pour divers ensembles pendant son adolescence. Il a ensuite \u00e9tudi\u00e9 la musique d&#8217;\u00e9glise \u00e0 Halle (Saale). Inspir\u00e9 par l&#8217;image de la musique gospel en tant que musique d&#8217;\u00e9glise, il a fond\u00e9 la premi\u00e8re chorale gospel \u00e0 l&#8217;\u00e9cole de musique religieuse de Halle. Il a fa\u00e7onn\u00e9 la sc\u00e8ne des chorales gospel \u00e0 Hambourg et \u00e0 Berlin et a fond\u00e9 des initiatives de mise en r\u00e9seau.<\/p>\n<p>L&#8217;influence du Black Gospel de Stephan est ind\u00e9niable dans ses compositions. Dans ses ch\u0153urs et ses ateliers, il obtient un son choral moderne et puissant. Il a fait ses d\u00e9buts dans l&#8217;\u00e9dition en 1993 avec sa s\u00e9rie de &#8220;Ultimate Gospel Choir Books&#8221; sous le pseudonyme de Jeff Guillen.<\/p>\n<p>Stephan vit et travaille \u00e0 Berlin et \u00e0 Napier, en Nouvelle-Z\u00e9lande. Il est actif au sein de ZebeMusic en tant que compositeur, arrangeur et \u00e9diteur de ses propres \u0153uvres et de celles d&#8217;autres personnes. Il travaille comme chef de ch\u0153ur et pianiste, a enseign\u00e9 \u00e0 l&#8217;Universit\u00e9 des Arts de Berlin et est un animateur d&#8217;atelier exp\u00e9riment\u00e9.<\/p>\n<p><a href=\"http:\/\/facebook.com\/stephanzebe\" target=\"blank\" rel=\"noopener\"><strong>www.facebook.com\/stephanzebe<\/strong><\/a><\/p>\n<hr \/>\n<h3>Stephan \u00e0 ZebeMusic:<\/h3>\n","protected":false},"excerpt":{"rendered":"<p>Stephan Zebe \u00e9crit et publie de la musique gospel pour les chorales depuis les ann\u00e9es 1980. Il est n\u00e9 en 1966 dans la ville allemande de Cottbus. Il y a appris le piano et la contrebasse, a grandi en chantant dans des chorales et a \u00e9crit pour divers ensembles pendant son adolescence. Il a ensuite [&hellip;]<\/p>\n","protected":false},"author":50,"featured_media":0,"parent":0,"menu_order":0,"comment_status":"closed","ping_status":"closed","template":"page-templates\/page-sidebar-none.php","meta":{"_acf_changed":false,"footnotes":""},"class_list":["post-22387","page","type-page","status-publish","hentry"],"acf":[],"yoast_head":"<!-- This site is optimized with the Yoast SEO plugin v27.4 - https:\/\/yoast.com\/product\/yoast-seo-wordpress\/ -->\n<title>Stephan Zebe<\/title>\n<meta name=\"description\" content=\"Stephan Zebe est chef de ch\u0153ur, compositeur et arrangeur. Dans le domaine du gospel, il a publi\u00e9 de nombreux ouvrages. Il est un animateur d&#039;ateliers renomm\u00e9.\" \/>\n<meta name=\"robots\" content=\"index, follow, max-snippet:-1, max-image-preview:large, max-video-preview:-1\" \/>\n<link rel=\"canonical\" href=\"https:\/\/www.zebemusic.com\/fr\/stephanzebe\/\" \/>\n<meta property=\"og:locale\" content=\"fr_FR\" \/>\n<meta property=\"og:type\" content=\"article\" \/>\n<meta property=\"og:title\" content=\"Stephan Zebe\" \/>\n<meta property=\"og:description\" content=\"Stephan Zebe est chef de ch\u0153ur, compositeur et arrangeur. Dans le domaine du gospel, il a publi\u00e9 de nombreux ouvrages. Il est un animateur d&#039;ateliers renomm\u00e9.\" \/>\n<meta property=\"og:url\" content=\"https:\/\/www.zebemusic.com\/fr\/stephanzebe\/\" \/>\n<meta property=\"og:site_name\" content=\"ZebeMusic\" \/>\n<meta property=\"article:publisher\" content=\"https:\/\/www.facebook.com\/zebemusic\" \/>\n<meta property=\"article:modified_time\" content=\"2024-05-22T23:15:51+00:00\" \/>\n<meta property=\"og:image\" content=\"https:\/\/www.zebemusic.com\/wp-content\/uploads\/2024\/01\/stephan01-229x300.jpg\" \/>\n<meta name=\"twitter:card\" content=\"summary_large_image\" \/>\n<meta name=\"twitter:label1\" content=\"Est. reading time\" \/>\n\t<meta name=\"twitter:data1\" content=\"2 minutes\" \/>\n<script type=\"application\/ld+json\" class=\"yoast-schema-graph\">{\"@context\":\"https:\\\/\\\/schema.org\",\"@graph\":[{\"@type\":\"WebPage\",\"@id\":\"https:\\\/\\\/www.zebemusic.com\\\/fr\\\/stephanzebe\\\/\",\"url\":\"https:\\\/\\\/www.zebemusic.com\\\/fr\\\/stephanzebe\\\/\",\"name\":\"Stephan Zebe\",\"isPartOf\":{\"@id\":\"https:\\\/\\\/www.zebemusic.com\\\/de\\\/#website\"},\"primaryImageOfPage\":{\"@id\":\"https:\\\/\\\/www.zebemusic.com\\\/fr\\\/stephanzebe\\\/#primaryimage\"},\"image\":{\"@id\":\"https:\\\/\\\/www.zebemusic.com\\\/fr\\\/stephanzebe\\\/#primaryimage\"},\"thumbnailUrl\":\"https:\\\/\\\/www.zebemusic.com\\\/wp-content\\\/uploads\\\/2024\\\/01\\\/stephan01-229x300.jpg\",\"datePublished\":\"2014-12-02T12:36:40+00:00\",\"dateModified\":\"2024-05-22T23:15:51+00:00\",\"description\":\"Stephan Zebe est chef de ch\u0153ur, compositeur et arrangeur. Dans le domaine du gospel, il a publi\u00e9 de nombreux ouvrages. Il est un animateur d'ateliers renomm\u00e9.\",\"inLanguage\":\"fr-FR\",\"potentialAction\":[{\"@type\":\"ReadAction\",\"target\":[\"https:\\\/\\\/www.zebemusic.com\\\/fr\\\/stephanzebe\\\/\"]}]},{\"@type\":\"ImageObject\",\"inLanguage\":\"fr-FR\",\"@id\":\"https:\\\/\\\/www.zebemusic.com\\\/fr\\\/stephanzebe\\\/#primaryimage\",\"url\":\"https:\\\/\\\/www.zebemusic.com\\\/wp-content\\\/uploads\\\/2024\\\/01\\\/stephan01-229x300.jpg\",\"contentUrl\":\"https:\\\/\\\/www.zebemusic.com\\\/wp-content\\\/uploads\\\/2024\\\/01\\\/stephan01-229x300.jpg\"},{\"@type\":\"WebSite\",\"@id\":\"https:\\\/\\\/www.zebemusic.com\\\/de\\\/#website\",\"url\":\"https:\\\/\\\/www.zebemusic.com\\\/de\\\/\",\"name\":\"ZebeMusic\",\"description\":\"vous incite a chanter.\",\"publisher\":{\"@id\":\"https:\\\/\\\/www.zebemusic.com\\\/de\\\/#organization\"},\"alternateName\":\"Gospelnoten & Kindermusicals\",\"potentialAction\":[{\"@type\":\"SearchAction\",\"target\":{\"@type\":\"EntryPoint\",\"urlTemplate\":\"https:\\\/\\\/www.zebemusic.com\\\/de\\\/?s={search_term_string}\"},\"query-input\":{\"@type\":\"PropertyValueSpecification\",\"valueRequired\":true,\"valueName\":\"search_term_string\"}}],\"inLanguage\":\"fr-FR\"},{\"@type\":\"Organization\",\"@id\":\"https:\\\/\\\/www.zebemusic.com\\\/de\\\/#organization\",\"name\":\"ZebeMusic\",\"url\":\"https:\\\/\\\/www.zebemusic.com\\\/de\\\/\",\"logo\":{\"@type\":\"ImageObject\",\"inLanguage\":\"fr-FR\",\"@id\":\"https:\\\/\\\/www.zebemusic.com\\\/de\\\/#\\\/schema\\\/logo\\\/image\\\/\",\"url\":\"https:\\\/\\\/www.zebemusic.com\\\/wp-content\\\/uploads\\\/2025\\\/10\\\/ZEBE-Logo_ZW-makesyousing.jpg\",\"contentUrl\":\"https:\\\/\\\/www.zebemusic.com\\\/wp-content\\\/uploads\\\/2025\\\/10\\\/ZEBE-Logo_ZW-makesyousing.jpg\",\"width\":2212,\"height\":958,\"caption\":\"ZebeMusic\"},\"image\":{\"@id\":\"https:\\\/\\\/www.zebemusic.com\\\/de\\\/#\\\/schema\\\/logo\\\/image\\\/\"},\"sameAs\":[\"https:\\\/\\\/www.facebook.com\\\/zebemusic\",\"https:\\\/\\\/www.instagram.com\\\/zebemusic\",\"https:\\\/\\\/www.youtube.com\\\/zebemusicberlin\"]}]}<\/script>\n<!-- \/ Yoast SEO plugin. -->","yoast_head_json":{"title":"Stephan Zebe","description":"Stephan Zebe est chef de ch\u0153ur, compositeur et arrangeur. Dans le domaine du gospel, il a publi\u00e9 de nombreux ouvrages. Il est un animateur d'ateliers renomm\u00e9.","robots":{"index":"index","follow":"follow","max-snippet":"max-snippet:-1","max-image-preview":"max-image-preview:large","max-video-preview":"max-video-preview:-1"},"canonical":"https:\/\/www.zebemusic.com\/fr\/stephanzebe\/","og_locale":"fr_FR","og_type":"article","og_title":"Stephan Zebe","og_description":"Stephan Zebe est chef de ch\u0153ur, compositeur et arrangeur. Dans le domaine du gospel, il a publi\u00e9 de nombreux ouvrages. Il est un animateur d'ateliers renomm\u00e9.","og_url":"https:\/\/www.zebemusic.com\/fr\/stephanzebe\/","og_site_name":"ZebeMusic","article_publisher":"https:\/\/www.facebook.com\/zebemusic","article_modified_time":"2024-05-22T23:15:51+00:00","og_image":[{"url":"https:\/\/www.zebemusic.com\/wp-content\/uploads\/2024\/01\/stephan01-229x300.jpg","type":"","width":"","height":""}],"twitter_card":"summary_large_image","twitter_misc":{"Est. reading time":"2 minutes"},"schema":{"@context":"https:\/\/schema.org","@graph":[{"@type":"WebPage","@id":"https:\/\/www.zebemusic.com\/fr\/stephanzebe\/","url":"https:\/\/www.zebemusic.com\/fr\/stephanzebe\/","name":"Stephan Zebe","isPartOf":{"@id":"https:\/\/www.zebemusic.com\/de\/#website"},"primaryImageOfPage":{"@id":"https:\/\/www.zebemusic.com\/fr\/stephanzebe\/#primaryimage"},"image":{"@id":"https:\/\/www.zebemusic.com\/fr\/stephanzebe\/#primaryimage"},"thumbnailUrl":"https:\/\/www.zebemusic.com\/wp-content\/uploads\/2024\/01\/stephan01-229x300.jpg","datePublished":"2014-12-02T12:36:40+00:00","dateModified":"2024-05-22T23:15:51+00:00","description":"Stephan Zebe est chef de ch\u0153ur, compositeur et arrangeur. Dans le domaine du gospel, il a publi\u00e9 de nombreux ouvrages. Il est un animateur d'ateliers renomm\u00e9.","inLanguage":"fr-FR","potentialAction":[{"@type":"ReadAction","target":["https:\/\/www.zebemusic.com\/fr\/stephanzebe\/"]}]},{"@type":"ImageObject","inLanguage":"fr-FR","@id":"https:\/\/www.zebemusic.com\/fr\/stephanzebe\/#primaryimage","url":"https:\/\/www.zebemusic.com\/wp-content\/uploads\/2024\/01\/stephan01-229x300.jpg","contentUrl":"https:\/\/www.zebemusic.com\/wp-content\/uploads\/2024\/01\/stephan01-229x300.jpg"},{"@type":"WebSite","@id":"https:\/\/www.zebemusic.com\/de\/#website","url":"https:\/\/www.zebemusic.com\/de\/","name":"ZebeMusic","description":"vous incite a chanter.","publisher":{"@id":"https:\/\/www.zebemusic.com\/de\/#organization"},"alternateName":"Gospelnoten & Kindermusicals","potentialAction":[{"@type":"SearchAction","target":{"@type":"EntryPoint","urlTemplate":"https:\/\/www.zebemusic.com\/de\/?s={search_term_string}"},"query-input":{"@type":"PropertyValueSpecification","valueRequired":true,"valueName":"search_term_string"}}],"inLanguage":"fr-FR"},{"@type":"Organization","@id":"https:\/\/www.zebemusic.com\/de\/#organization","name":"ZebeMusic","url":"https:\/\/www.zebemusic.com\/de\/","logo":{"@type":"ImageObject","inLanguage":"fr-FR","@id":"https:\/\/www.zebemusic.com\/de\/#\/schema\/logo\/image\/","url":"https:\/\/www.zebemusic.com\/wp-content\/uploads\/2025\/10\/ZEBE-Logo_ZW-makesyousing.jpg","contentUrl":"https:\/\/www.zebemusic.com\/wp-content\/uploads\/2025\/10\/ZEBE-Logo_ZW-makesyousing.jpg","width":2212,"height":958,"caption":"ZebeMusic"},"image":{"@id":"https:\/\/www.zebemusic.com\/de\/#\/schema\/logo\/image\/"},"sameAs":["https:\/\/www.facebook.com\/zebemusic","https:\/\/www.instagram.com\/zebemusic","https:\/\/www.youtube.com\/zebemusicberlin"]}]}},"_links":{"self":[{"href":"https:\/\/www.zebemusic.com\/fr\/wp-json\/wp\/v2\/pages\/22387","targetHints":{"allow":["GET"]}}],"collection":[{"href":"https:\/\/www.zebemusic.com\/fr\/wp-json\/wp\/v2\/pages"}],"about":[{"href":"https:\/\/www.zebemusic.com\/fr\/wp-json\/wp\/v2\/types\/page"}],"author":[{"embeddable":true,"href":"https:\/\/www.zebemusic.com\/fr\/wp-json\/wp\/v2\/users\/50"}],"replies":[{"embeddable":true,"href":"https:\/\/www.zebemusic.com\/fr\/wp-json\/wp\/v2\/comments?post=22387"}],"version-history":[{"count":2,"href":"https:\/\/www.zebemusic.com\/fr\/wp-json\/wp\/v2\/pages\/22387\/revisions"}],"predecessor-version":[{"id":22390,"href":"https:\/\/www.zebemusic.com\/fr\/wp-json\/wp\/v2\/pages\/22387\/revisions\/22390"}],"wp:attachment":[{"href":"https:\/\/www.zebemusic.com\/fr\/wp-json\/wp\/v2\/media?parent=22387"}],"curies":[{"name":"wp","href":"https:\/\/api.w.org\/{rel}","templated":true}]}}