{"id":17257,"date":"2020-03-30T07:47:25","date_gmt":"2023-08-28T22:41:11","guid":{"rendered":"https:\/\/dev.smukkeberg.com\/zebemusic\/product\/soyez-encourages-chansons-telechargements\/"},"modified":"2023-08-28T23:42:31","modified_gmt":"2023-08-28T22:42:31","slug":"soyez-encourages-chansons-telechargements","status":"publish","type":"product","link":"https:\/\/www.zebemusic.com\/fr\/product\/soyez-encourages-chansons-telechargements\/","title":{"rendered":"<i>Be Encouraged  <\/i><br><b>SONGS AND DOWNLOADS<\/b>"},"content":{"rendered":"","protected":false},"excerpt":{"rendered":"<p><span id=\"pic\">Des chansons individuelles au format mp3 ou sous forme de partitions sont d\u00e9sormais disponibles pour l&#8217;album &#8220;BE ENCOURAGED&#8221; !<br \/>\nNous vous proposons ici un vaste mat\u00e9riel \u00e0 t\u00e9l\u00e9charger.<br \/>\nEn outre, chaque chanson peut \u00eatre command\u00e9e en \u00e9dition individuelle imprim\u00e9e &#8211; en ch\u0153ur \u00e0 partir de 10 exemplaires.<br \/>\n<\/span><\/p>\n<p>Vous pouvez obtenir ici les fichiers Mp3 du CD d&#8217;\u00e9coute et de playback \u00e0 un prix de t\u00e9l\u00e9chargement avantageux, dans une qualit\u00e9 optimale de 320kBit\/s. Les playbacks conviennent parfaitement pour des repr\u00e9sentations efficaces sans orchestre lors de concerts et de services religieux, mais aussi pour la r\u00e9p\u00e9tition des parties de ch\u0153ur ou de soliste avec une formation &#8220;compl\u00e8te&#8221;. C&#8217;est aussi une grande exp\u00e9rience pour ceux qui chantent !<\/p>\n<hr>\n<p><strong><br \/>\n  <span style=\"color: #717171;\">Texte et musique : <\/span><br \/>\n<\/strong> <a href=\"\/nikoschlenker\">Niko Schlenker<\/a><br \/>\n<strong><br \/>\n  <span style=\"color: #717171;\">Instrumentation :<\/span><br \/>\n<\/strong> S.A.T.B.\/S.A.Bar., Pno.<br \/>\n<strong><br \/>\n  <span style=\"color: #717171;\">Niveau de difficult\u00e9 :<\/span><br \/>\n<\/strong> moyen<\/p>\n<p><a href=\"https:\/\/zebemusic.com\/audio\/ZEBE5070.mp3\" target=\"_blank\" rel=\"noopener noreferrer\">\u00c9chantillon sonore<\/a> &gt;&gt;&gt;<\/p>\n<hr>\n<p><strong>Versions disponibles :<\/strong><\/p>\n<p>&#8211; <strong>CD en mp3 <\/strong>\u20ac 7,99<\/p>\n<p>&#8211; <strong>Notes de chant<\/strong> \u20ac 1,50 chacune (uniquement en ch\u0153ur !)<br \/>\n&#8211; <strong>MP3<\/strong> \u00e0 <strong>\u00e9couter<\/strong> \u20ac 0,99<br \/>\n&#8211; <strong>Playback-mp3<\/strong> chacun \u20ac 2,99<\/p>\n<p>NOUS DEMANDONS QUE LES MONTANTS <strong>INF\u00c9RIEURS \u00c0 \u20ac 5 <\/strong>SOIENT PAY\u00c9S <strong>PAR PAYPAL <\/strong>. Merci beaucoup !<\/p>\n","protected":false},"featured_media":17258,"template":"","meta":{"_acf_changed":false},"product_brand":[],"product_cat":[879,878],"product_tag":[880],"class_list":{"0":"post-17257","1":"product","2":"type-product","3":"status-publish","4":"has-post-thumbnail","6":"product_cat-editions-individuelles","7":"product_cat-telechargement-de-musique","8":"product_tag-telechargements","9":"pa_ausfuehrung-partition-unique","10":"pa_ausfuehrung-titres-mp3","11":"pa_diff-difficile","12":"pa_diff-moyen","13":"pa_language-anglais","14":"pa_occ-bapteme-et-temoignage","15":"pa_occ-commencement-et-adieu-benediction","16":"pa_occ-communion-eucharistie","17":"pa_occ-gratitude","18":"pa_occ-louer","19":"pa_occ-mort-et-enterrement","20":"pa_occ-occasions-speciales","21":"pa_occ-pentecote","22":"pa_occ-peur-et-confiance","23":"pa_others-editions-uniques","24":"pa_others-downloads-fr","25":"pa_style-genre-ballade-fr","26":"pa_style-genre-gospel-fr","27":"pa_style-genre-worship-fr","28":"pa_style-genre-contemporary-fr","29":"pa_style-genre-singer-songwriter-fr","30":"pa_style-genre-soul-funk-fr","31":"pa_style-genre-spiritual-fr","32":"pa_style-genre-uptempo-fr","33":"pa_voicing-acappella-fr","34":"pa_voicing-accompagne","35":"pa_voicing-avec-soliste","36":"pa_voicing-choeur-de-femmes","37":"pa_voicing-sam-fr","38":"pa_voicing-satb-fr","39":"pa_voicing-ssa-fr","41":"first","42":"instock","43":"taxable","44":"shipping-taxable","45":"purchasable","46":"product-type-variable"},"acf":[],"yoast_head":"<!-- This site is optimized with the Yoast SEO plugin v27.5 - https:\/\/yoast.com\/product\/yoast-seo-wordpress\/ -->\n<title>Be Encouraged SONGS AND DOWNLOADS<\/title>\n<meta name=\"description\" content=\"Partitions, fichiers audio et playbacks de l&#039;album de gospel de NIKO SCHLENKER ! D\u00e9monstration &gt;&gt;&gt;\" \/>\n<meta name=\"robots\" content=\"index, follow, max-snippet:-1, max-image-preview:large, max-video-preview:-1\" \/>\n<link rel=\"canonical\" href=\"https:\/\/www.zebemusic.com\/fr\/product\/soyez-encourages-chansons-telechargements\/\" \/>\n<meta property=\"og:locale\" content=\"fr_FR\" \/>\n<meta property=\"og:type\" content=\"article\" \/>\n<meta property=\"og:title\" content=\"Be Encouraged SONGS AND DOWNLOADS\" \/>\n<meta property=\"og:description\" content=\"Partitions, fichiers audio et playbacks de l&#039;album de gospel de NIKO SCHLENKER ! D\u00e9monstration &gt;&gt;&gt;\" \/>\n<meta property=\"og:url\" content=\"https:\/\/www.zebemusic.com\/fr\/product\/soyez-encourages-chansons-telechargements\/\" \/>\n<meta property=\"og:site_name\" content=\"ZebeMusic\" \/>\n<meta property=\"article:publisher\" content=\"https:\/\/www.facebook.com\/zebemusic\" \/>\n<meta property=\"article:modified_time\" content=\"2023-08-28T22:42:31+00:00\" \/>\n<meta property=\"og:image\" content=\"https:\/\/www.zebemusic.com\/wp-content\/uploads\/2018\/10\/CD-Front-BE.jpg\" \/>\n\t<meta property=\"og:image:width\" content=\"824\" \/>\n\t<meta property=\"og:image:height\" content=\"738\" \/>\n\t<meta property=\"og:image:type\" content=\"image\/jpeg\" \/>\n<meta name=\"twitter:card\" content=\"summary_large_image\" \/>\n<script type=\"application\/ld+json\" class=\"yoast-schema-graph\">{\"@context\":\"https:\\\/\\\/schema.org\",\"@graph\":[{\"@type\":\"WebPage\",\"@id\":\"https:\\\/\\\/www.zebemusic.com\\\/fr\\\/product\\\/soyez-encourages-chansons-telechargements\\\/\",\"url\":\"https:\\\/\\\/www.zebemusic.com\\\/fr\\\/product\\\/soyez-encourages-chansons-telechargements\\\/\",\"name\":\"Be Encouraged SONGS AND DOWNLOADS\",\"isPartOf\":{\"@id\":\"https:\\\/\\\/www.zebemusic.com\\\/de\\\/#website\"},\"primaryImageOfPage\":{\"@id\":\"https:\\\/\\\/www.zebemusic.com\\\/fr\\\/product\\\/soyez-encourages-chansons-telechargements\\\/#primaryimage\"},\"image\":{\"@id\":\"https:\\\/\\\/www.zebemusic.com\\\/fr\\\/product\\\/soyez-encourages-chansons-telechargements\\\/#primaryimage\"},\"thumbnailUrl\":\"https:\\\/\\\/www.zebemusic.com\\\/wp-content\\\/uploads\\\/2018\\\/10\\\/CD-Front-BE.jpg\",\"datePublished\":\"2023-08-28T22:41:11+00:00\",\"dateModified\":\"2023-08-28T22:42:31+00:00\",\"description\":\"Partitions, fichiers audio et playbacks de l'album de gospel de NIKO SCHLENKER ! D\u00e9monstration >>>\",\"breadcrumb\":{\"@id\":\"https:\\\/\\\/www.zebemusic.com\\\/fr\\\/product\\\/soyez-encourages-chansons-telechargements\\\/#breadcrumb\"},\"inLanguage\":\"fr-FR\",\"potentialAction\":[{\"@type\":\"ReadAction\",\"target\":[\"https:\\\/\\\/www.zebemusic.com\\\/fr\\\/product\\\/soyez-encourages-chansons-telechargements\\\/\"]}]},{\"@type\":\"ImageObject\",\"inLanguage\":\"fr-FR\",\"@id\":\"https:\\\/\\\/www.zebemusic.com\\\/fr\\\/product\\\/soyez-encourages-chansons-telechargements\\\/#primaryimage\",\"url\":\"https:\\\/\\\/www.zebemusic.com\\\/wp-content\\\/uploads\\\/2018\\\/10\\\/CD-Front-BE.jpg\",\"contentUrl\":\"https:\\\/\\\/www.zebemusic.com\\\/wp-content\\\/uploads\\\/2018\\\/10\\\/CD-Front-BE.jpg\",\"width\":824,\"height\":738},{\"@type\":\"BreadcrumbList\",\"@id\":\"https:\\\/\\\/www.zebemusic.com\\\/fr\\\/product\\\/soyez-encourages-chansons-telechargements\\\/#breadcrumb\",\"itemListElement\":[{\"@type\":\"ListItem\",\"position\":1,\"name\":\"Shop\",\"item\":\"https:\\\/\\\/www.zebemusic.com\\\/fr\\\/shop\\\/\"},{\"@type\":\"ListItem\",\"position\":2,\"name\":\"Be Encouraged SONGS AND DOWNLOADS\"}]},{\"@type\":\"WebSite\",\"@id\":\"https:\\\/\\\/www.zebemusic.com\\\/de\\\/#website\",\"url\":\"https:\\\/\\\/www.zebemusic.com\\\/de\\\/\",\"name\":\"ZebeMusic\",\"description\":\"vous incite a chanter.\",\"publisher\":{\"@id\":\"https:\\\/\\\/www.zebemusic.com\\\/de\\\/#organization\"},\"alternateName\":\"Gospelnoten & Kindermusicals\",\"potentialAction\":[{\"@type\":\"SearchAction\",\"target\":{\"@type\":\"EntryPoint\",\"urlTemplate\":\"https:\\\/\\\/www.zebemusic.com\\\/de\\\/?s={search_term_string}\"},\"query-input\":{\"@type\":\"PropertyValueSpecification\",\"valueRequired\":true,\"valueName\":\"search_term_string\"}}],\"inLanguage\":\"fr-FR\"},{\"@type\":\"Organization\",\"@id\":\"https:\\\/\\\/www.zebemusic.com\\\/de\\\/#organization\",\"name\":\"ZebeMusic\",\"url\":\"https:\\\/\\\/www.zebemusic.com\\\/de\\\/\",\"logo\":{\"@type\":\"ImageObject\",\"inLanguage\":\"fr-FR\",\"@id\":\"https:\\\/\\\/www.zebemusic.com\\\/de\\\/#\\\/schema\\\/logo\\\/image\\\/\",\"url\":\"https:\\\/\\\/www.zebemusic.com\\\/wp-content\\\/uploads\\\/2025\\\/10\\\/ZEBE-Logo_ZW-makesyousing.jpg\",\"contentUrl\":\"https:\\\/\\\/www.zebemusic.com\\\/wp-content\\\/uploads\\\/2025\\\/10\\\/ZEBE-Logo_ZW-makesyousing.jpg\",\"width\":2212,\"height\":958,\"caption\":\"ZebeMusic\"},\"image\":{\"@id\":\"https:\\\/\\\/www.zebemusic.com\\\/de\\\/#\\\/schema\\\/logo\\\/image\\\/\"},\"sameAs\":[\"https:\\\/\\\/www.facebook.com\\\/zebemusic\",\"https:\\\/\\\/www.instagram.com\\\/zebemusic\",\"https:\\\/\\\/www.youtube.com\\\/zebemusicberlin\"]}]}<\/script>\n<!-- \/ Yoast SEO plugin. -->","yoast_head_json":{"title":"Be Encouraged SONGS AND DOWNLOADS","description":"Partitions, fichiers audio et playbacks de l'album de gospel de NIKO SCHLENKER ! D\u00e9monstration >>>","robots":{"index":"index","follow":"follow","max-snippet":"max-snippet:-1","max-image-preview":"max-image-preview:large","max-video-preview":"max-video-preview:-1"},"canonical":"https:\/\/www.zebemusic.com\/fr\/product\/soyez-encourages-chansons-telechargements\/","og_locale":"fr_FR","og_type":"article","og_title":"Be Encouraged SONGS AND DOWNLOADS","og_description":"Partitions, fichiers audio et playbacks de l'album de gospel de NIKO SCHLENKER ! D\u00e9monstration >>>","og_url":"https:\/\/www.zebemusic.com\/fr\/product\/soyez-encourages-chansons-telechargements\/","og_site_name":"ZebeMusic","article_publisher":"https:\/\/www.facebook.com\/zebemusic","article_modified_time":"2023-08-28T22:42:31+00:00","og_image":[{"width":824,"height":738,"url":"https:\/\/www.zebemusic.com\/wp-content\/uploads\/2018\/10\/CD-Front-BE.jpg","type":"image\/jpeg"}],"twitter_card":"summary_large_image","schema":{"@context":"https:\/\/schema.org","@graph":[{"@type":"WebPage","@id":"https:\/\/www.zebemusic.com\/fr\/product\/soyez-encourages-chansons-telechargements\/","url":"https:\/\/www.zebemusic.com\/fr\/product\/soyez-encourages-chansons-telechargements\/","name":"Be Encouraged SONGS AND DOWNLOADS","isPartOf":{"@id":"https:\/\/www.zebemusic.com\/de\/#website"},"primaryImageOfPage":{"@id":"https:\/\/www.zebemusic.com\/fr\/product\/soyez-encourages-chansons-telechargements\/#primaryimage"},"image":{"@id":"https:\/\/www.zebemusic.com\/fr\/product\/soyez-encourages-chansons-telechargements\/#primaryimage"},"thumbnailUrl":"https:\/\/www.zebemusic.com\/wp-content\/uploads\/2018\/10\/CD-Front-BE.jpg","datePublished":"2023-08-28T22:41:11+00:00","dateModified":"2023-08-28T22:42:31+00:00","description":"Partitions, fichiers audio et playbacks de l'album de gospel de NIKO SCHLENKER ! D\u00e9monstration >>>","breadcrumb":{"@id":"https:\/\/www.zebemusic.com\/fr\/product\/soyez-encourages-chansons-telechargements\/#breadcrumb"},"inLanguage":"fr-FR","potentialAction":[{"@type":"ReadAction","target":["https:\/\/www.zebemusic.com\/fr\/product\/soyez-encourages-chansons-telechargements\/"]}]},{"@type":"ImageObject","inLanguage":"fr-FR","@id":"https:\/\/www.zebemusic.com\/fr\/product\/soyez-encourages-chansons-telechargements\/#primaryimage","url":"https:\/\/www.zebemusic.com\/wp-content\/uploads\/2018\/10\/CD-Front-BE.jpg","contentUrl":"https:\/\/www.zebemusic.com\/wp-content\/uploads\/2018\/10\/CD-Front-BE.jpg","width":824,"height":738},{"@type":"BreadcrumbList","@id":"https:\/\/www.zebemusic.com\/fr\/product\/soyez-encourages-chansons-telechargements\/#breadcrumb","itemListElement":[{"@type":"ListItem","position":1,"name":"Shop","item":"https:\/\/www.zebemusic.com\/fr\/shop\/"},{"@type":"ListItem","position":2,"name":"Be Encouraged SONGS AND DOWNLOADS"}]},{"@type":"WebSite","@id":"https:\/\/www.zebemusic.com\/de\/#website","url":"https:\/\/www.zebemusic.com\/de\/","name":"ZebeMusic","description":"vous incite a chanter.","publisher":{"@id":"https:\/\/www.zebemusic.com\/de\/#organization"},"alternateName":"Gospelnoten & Kindermusicals","potentialAction":[{"@type":"SearchAction","target":{"@type":"EntryPoint","urlTemplate":"https:\/\/www.zebemusic.com\/de\/?s={search_term_string}"},"query-input":{"@type":"PropertyValueSpecification","valueRequired":true,"valueName":"search_term_string"}}],"inLanguage":"fr-FR"},{"@type":"Organization","@id":"https:\/\/www.zebemusic.com\/de\/#organization","name":"ZebeMusic","url":"https:\/\/www.zebemusic.com\/de\/","logo":{"@type":"ImageObject","inLanguage":"fr-FR","@id":"https:\/\/www.zebemusic.com\/de\/#\/schema\/logo\/image\/","url":"https:\/\/www.zebemusic.com\/wp-content\/uploads\/2025\/10\/ZEBE-Logo_ZW-makesyousing.jpg","contentUrl":"https:\/\/www.zebemusic.com\/wp-content\/uploads\/2025\/10\/ZEBE-Logo_ZW-makesyousing.jpg","width":2212,"height":958,"caption":"ZebeMusic"},"image":{"@id":"https:\/\/www.zebemusic.com\/de\/#\/schema\/logo\/image\/"},"sameAs":["https:\/\/www.facebook.com\/zebemusic","https:\/\/www.instagram.com\/zebemusic","https:\/\/www.youtube.com\/zebemusicberlin"]}]}},"_links":{"self":[{"href":"https:\/\/www.zebemusic.com\/fr\/wp-json\/wp\/v2\/product\/17257","targetHints":{"allow":["GET"]}}],"collection":[{"href":"https:\/\/www.zebemusic.com\/fr\/wp-json\/wp\/v2\/product"}],"about":[{"href":"https:\/\/www.zebemusic.com\/fr\/wp-json\/wp\/v2\/types\/product"}],"wp:featuredmedia":[{"embeddable":true,"href":"https:\/\/www.zebemusic.com\/fr\/wp-json\/wp\/v2\/media\/17258"}],"wp:attachment":[{"href":"https:\/\/www.zebemusic.com\/fr\/wp-json\/wp\/v2\/media?parent=17257"}],"wp:term":[{"taxonomy":"product_brand","embeddable":true,"href":"https:\/\/www.zebemusic.com\/fr\/wp-json\/wp\/v2\/product_brand?post=17257"},{"taxonomy":"product_cat","embeddable":true,"href":"https:\/\/www.zebemusic.com\/fr\/wp-json\/wp\/v2\/product_cat?post=17257"},{"taxonomy":"product_tag","embeddable":true,"href":"https:\/\/www.zebemusic.com\/fr\/wp-json\/wp\/v2\/product_tag?post=17257"}],"curies":[{"name":"wp","href":"https:\/\/api.w.org\/{rel}","templated":true}]}}