{"id":17259,"date":"2019-12-12T23:39:26","date_gmt":"2019-12-12T21:39:26","guid":{"rendered":"https:\/\/dev.smukkeberg.com\/zebemusic\/product\/new-day-new-song\/"},"modified":"2025-09-08T09:46:03","modified_gmt":"2025-09-08T08:46:03","slug":"new-day-new-song","status":"publish","type":"product","link":"https:\/\/www.zebemusic.com\/fr\/product\/new-day-new-song\/","title":{"rendered":"New Day &#8211; New Song"},"content":{"rendered":"","protected":false},"excerpt":{"rendered":"<p>11 nouveaux chants gospel pour voix mixtes, solistes et piano. Groovy, funky et plein d&#8217;esprit et d&#8217;\u00e2me.<\/p>\n<p><b>CONTENTS : <\/b>A New Song (Psalm 149), All The Praise, Come Holy Spirit, Do You Know &#8211; Get New Life, Great King, I&#8217;ll Never Forget, Lord You Are Good, New Day, Power Within, Worship Song, You Show Me<\/p>\n<p style=\"padding-left: 30px;\"><strong><br \/>\n<em><br \/>\n<span style=\"color: #993300;\">&#8220;<span class=\"tlid-translation translation\" lang=\"en\"><span title=\"\">Catchy et rousp\u00e9tant.<\/span> <span class=\"\" title=\"\">Publication r\u00e9ussie et convaincante.<\/span><\/span>&#8221; <\/span><\/em><\/strong>(Neue Musik-Zeitung)<\/p>\n<p id=\"pressename\" style=\"padding-left: 30px;\"><strong><br \/>\n<em><span style=\"color: #993300;\">&#8220;<span class=\"tlid-translation translation\" lang=\"en\"><span class=\"\" title=\"\">Il y a quelque chose pour tout le monde dans la collection polyvalente.<\/span><\/span>&#8220;<\/span> <\/em><\/strong>(Musique &amp; \u00c9glise)<\/p>\n<p>&nbsp;<\/p>\n<hr \/>\n<p><strong><br \/>\n<span style=\"color: #717171;\">Paroles et musique : <\/span><\/strong><a href=\"https:\/\/www.zebemusic.com\/fr\/propos-de-nous-2\/auteurs-artiste\/nikoschlenker\/\">Niko Schlenker<\/a><strong><br \/>\n<span style=\"color: #717171;\">Arrangement :<\/span> <\/strong>S.A.T.B.\/S.A.Bar., Pno.<strong><br \/>\n<span style=\"color: #717171;\">Niveau de difficult\u00e9 :<\/span> <\/strong>medium<\/p>\n<p><strong><a href=\"\/wp-content\/PP\/PP4040.pdf\" target=\"_blank\" rel=\"noopener noreferrer\">Fiche d&#8217;\u00e9chantillon <\/a><\/strong> &gt;&gt;&gt;<strong><br \/>\n<\/strong><\/p>\n<p><strong><a href=\"https:\/\/zebemusic.com\/audio\/ZEBE4040.mp3\">SOUND SAMPLE<\/a> <\/strong><\/p>\n<p><a href=\"https:\/\/zebemusic.com\/audio\/ZEBE4045.mp3\" target=\"_blank\" rel=\"noopener noreferrer\">\u00c9chantillon de lecture<\/a><\/p>\n<hr \/>\n<p><strong>Versions disponibles :<br \/>\n<\/strong><\/p>\n<p><strong>\u00b7 <\/strong><strong><strong>Full <\/strong>Score w\/CD <\/strong>(ZE 4049, ISBN 978-3-940745-46-0) <del>\u20ac 29,80<\/del> \u20ac 26,90<strong><br \/>\n<\/strong>The Angels feat. Niko Schlenker, Lisa Shaw Lesch et Alain Missala !<\/p>\n<p><strong>\u00b7 Full Score<\/strong> (ZE 4040, ISBN 978-3-940745-44-6, 72 pages) \u20ac 14,90<\/p>\n<p><strong>\u00b7 \u00c9dition chorale<\/strong> (ZE 4041, ISBN 978-3-940745-45-3, ce score vocal ne sera soumis que dans des ensembles choraux complets (\u00e0 partir de 15 exemplaires)) \u20ac 6,90<\/p>\n<p>&#8211; <strong>CD <\/strong>(ZE 4047, ISBN 978-3-940745-42-2) \u20ac 14,90<br \/>\nThe Angels feat. Niko Schlenker, Lisa Shaw Lesch et Alain Missala !<\/p>\n<p>&#8211; <strong>CD de playback <\/strong>(ZE 4045, ISBN 978-3-940745-67-5) \u20ac 29,90<\/p>\n<p><strong>&#8211; <strong>Downloads <\/strong><\/strong><br \/>\nCD \u20ac 7,99 \/ CD de playback \u20ac 19,99<\/p>\n","protected":false},"featured_media":17260,"template":"","meta":{"_acf_changed":false},"product_brand":[],"product_cat":[130],"product_tag":[],"class_list":{"0":"post-17259","1":"product","2":"type-product","3":"status-publish","4":"has-post-thumbnail","6":"product_cat-gospel","7":"pa_diff-moyen","8":"pa_language-anglais","9":"pa_occ-bapteme-et-temoignage","10":"pa_occ-commencement-et-adieu-benediction","11":"pa_occ-communion-eucharistie","12":"pa_occ-gratitude","13":"pa_occ-louer","14":"pa_occ-mort-et-enterrement","15":"pa_occ-occasions-speciales","16":"pa_occ-passion-fr","17":"pa_occ-pentecote","18":"pa_occ-peur-et-confiance","19":"pa_others-collections-fr","20":"pa_others-downloads-fr","21":"pa_style-genre-ballade-fr","22":"pa_style-genre-gospel-fr","23":"pa_style-genre-worship-fr","24":"pa_style-genre-contemporary-fr","25":"pa_style-genre-soul-funk-fr","26":"pa_style-genre-traditional-gospel-style-fr","27":"pa_style-genre-spiritual-fr","28":"pa_style-genre-uptempo-fr","29":"pa_variation-cd-fr-2","30":"pa_variation-edition-chorale","31":"pa_variation-leaders-pak-fr","32":"pa_variation-lecture-du-cd","33":"pa_variation-partition-fr","34":"pa_variation-partition-complete-et-cd","35":"pa_variation-telechargement-mp3-de-lalbum","36":"pa_variation-telechargement-mp3-des-pistes-daccompagnement","37":"pa_voicing-acappella-fr","38":"pa_voicing-accompagne","39":"pa_voicing-avec-soliste","40":"pa_voicing-choeur-de-femmes","41":"pa_voicing-sam-fr","42":"pa_voicing-satb-fr","43":"pa_voicing-ssa-fr","45":"first","46":"instock","47":"taxable","48":"shipping-taxable","49":"purchasable","50":"product-type-variable"},"acf":[],"yoast_head":"<!-- This site is optimized with the Yoast SEO plugin v27.3 - https:\/\/yoast.com\/product\/yoast-seo-wordpress\/ -->\n<title>New Day - New Song<\/title>\n<meta name=\"description\" content=\"Chansons de gospel groovy pour ch\u0153ur \u00e0 3 voix et accompagnement. &quot;Accrocheur et captivant. Une publication r\u00e9ussie et convaincante&quot;. (Neue Musik-Zeitung)\" \/>\n<meta name=\"robots\" content=\"index, follow, max-snippet:-1, max-image-preview:large, max-video-preview:-1\" \/>\n<link rel=\"canonical\" href=\"https:\/\/www.zebemusic.com\/fr\/product\/new-day-new-song\/\" \/>\n<meta property=\"og:locale\" content=\"fr_FR\" \/>\n<meta property=\"og:type\" content=\"article\" \/>\n<meta property=\"og:title\" content=\"New Day - New Song\" \/>\n<meta property=\"og:description\" content=\"Chansons de gospel groovy pour ch\u0153ur \u00e0 3 voix et accompagnement. &quot;Accrocheur et captivant. Une publication r\u00e9ussie et convaincante&quot;. (Neue Musik-Zeitung)\" \/>\n<meta property=\"og:url\" content=\"https:\/\/www.zebemusic.com\/fr\/product\/new-day-new-song\/\" \/>\n<meta property=\"og:site_name\" content=\"ZebeMusic\" \/>\n<meta property=\"article:publisher\" content=\"https:\/\/www.facebook.com\/zebemusic\" \/>\n<meta property=\"article:modified_time\" content=\"2025-09-08T08:46:03+00:00\" \/>\n<meta property=\"og:image\" content=\"https:\/\/www.zebemusic.com\/wp-content\/uploads\/2014\/06\/ZEBE40403.jpg\" \/>\n\t<meta property=\"og:image:width\" content=\"375\" \/>\n\t<meta property=\"og:image:height\" content=\"500\" \/>\n\t<meta property=\"og:image:type\" content=\"image\/jpeg\" \/>\n<meta name=\"twitter:card\" content=\"summary_large_image\" \/>\n<meta name=\"twitter:label1\" content=\"Est. reading time\" \/>\n\t<meta name=\"twitter:data1\" content=\"1 minute\" \/>\n<script type=\"application\/ld+json\" class=\"yoast-schema-graph\">{\"@context\":\"https:\\\/\\\/schema.org\",\"@graph\":[{\"@type\":\"WebPage\",\"@id\":\"https:\\\/\\\/www.zebemusic.com\\\/fr\\\/product\\\/new-day-new-song\\\/\",\"url\":\"https:\\\/\\\/www.zebemusic.com\\\/fr\\\/product\\\/new-day-new-song\\\/\",\"name\":\"New Day - New Song\",\"isPartOf\":{\"@id\":\"https:\\\/\\\/www.zebemusic.com\\\/de\\\/#website\"},\"primaryImageOfPage\":{\"@id\":\"https:\\\/\\\/www.zebemusic.com\\\/fr\\\/product\\\/new-day-new-song\\\/#primaryimage\"},\"image\":{\"@id\":\"https:\\\/\\\/www.zebemusic.com\\\/fr\\\/product\\\/new-day-new-song\\\/#primaryimage\"},\"thumbnailUrl\":\"https:\\\/\\\/www.zebemusic.com\\\/wp-content\\\/uploads\\\/2014\\\/06\\\/ZEBE40403.jpg\",\"datePublished\":\"2019-12-12T21:39:26+00:00\",\"dateModified\":\"2025-09-08T08:46:03+00:00\",\"description\":\"Chansons de gospel groovy pour ch\u0153ur \u00e0 3 voix et accompagnement. \\\"Accrocheur et captivant. Une publication r\u00e9ussie et convaincante\\\". (Neue Musik-Zeitung)\",\"breadcrumb\":{\"@id\":\"https:\\\/\\\/www.zebemusic.com\\\/fr\\\/product\\\/new-day-new-song\\\/#breadcrumb\"},\"inLanguage\":\"fr-FR\",\"potentialAction\":[{\"@type\":\"ReadAction\",\"target\":[\"https:\\\/\\\/www.zebemusic.com\\\/fr\\\/product\\\/new-day-new-song\\\/\"]}]},{\"@type\":\"ImageObject\",\"inLanguage\":\"fr-FR\",\"@id\":\"https:\\\/\\\/www.zebemusic.com\\\/fr\\\/product\\\/new-day-new-song\\\/#primaryimage\",\"url\":\"https:\\\/\\\/www.zebemusic.com\\\/wp-content\\\/uploads\\\/2014\\\/06\\\/ZEBE40403.jpg\",\"contentUrl\":\"https:\\\/\\\/www.zebemusic.com\\\/wp-content\\\/uploads\\\/2014\\\/06\\\/ZEBE40403.jpg\",\"width\":375,\"height\":500},{\"@type\":\"BreadcrumbList\",\"@id\":\"https:\\\/\\\/www.zebemusic.com\\\/fr\\\/product\\\/new-day-new-song\\\/#breadcrumb\",\"itemListElement\":[{\"@type\":\"ListItem\",\"position\":1,\"name\":\"Shop\",\"item\":\"https:\\\/\\\/www.zebemusic.com\\\/fr\\\/shop\\\/\"},{\"@type\":\"ListItem\",\"position\":2,\"name\":\"New Day &#8211; New Song\"}]},{\"@type\":\"WebSite\",\"@id\":\"https:\\\/\\\/www.zebemusic.com\\\/de\\\/#website\",\"url\":\"https:\\\/\\\/www.zebemusic.com\\\/de\\\/\",\"name\":\"ZebeMusic\",\"description\":\"vous incite a chanter.\",\"publisher\":{\"@id\":\"https:\\\/\\\/www.zebemusic.com\\\/de\\\/#organization\"},\"alternateName\":\"Gospelnoten & Kindermusicals\",\"potentialAction\":[{\"@type\":\"SearchAction\",\"target\":{\"@type\":\"EntryPoint\",\"urlTemplate\":\"https:\\\/\\\/www.zebemusic.com\\\/de\\\/?s={search_term_string}\"},\"query-input\":{\"@type\":\"PropertyValueSpecification\",\"valueRequired\":true,\"valueName\":\"search_term_string\"}}],\"inLanguage\":\"fr-FR\"},{\"@type\":\"Organization\",\"@id\":\"https:\\\/\\\/www.zebemusic.com\\\/de\\\/#organization\",\"name\":\"ZebeMusic\",\"url\":\"https:\\\/\\\/www.zebemusic.com\\\/de\\\/\",\"logo\":{\"@type\":\"ImageObject\",\"inLanguage\":\"fr-FR\",\"@id\":\"https:\\\/\\\/www.zebemusic.com\\\/de\\\/#\\\/schema\\\/logo\\\/image\\\/\",\"url\":\"https:\\\/\\\/www.zebemusic.com\\\/wp-content\\\/uploads\\\/2025\\\/10\\\/ZEBE-Logo_ZW-makesyousing.jpg\",\"contentUrl\":\"https:\\\/\\\/www.zebemusic.com\\\/wp-content\\\/uploads\\\/2025\\\/10\\\/ZEBE-Logo_ZW-makesyousing.jpg\",\"width\":2212,\"height\":958,\"caption\":\"ZebeMusic\"},\"image\":{\"@id\":\"https:\\\/\\\/www.zebemusic.com\\\/de\\\/#\\\/schema\\\/logo\\\/image\\\/\"},\"sameAs\":[\"https:\\\/\\\/www.facebook.com\\\/zebemusic\",\"https:\\\/\\\/www.instagram.com\\\/zebemusic\",\"https:\\\/\\\/www.youtube.com\\\/zebemusicberlin\"]}]}<\/script>\n<!-- \/ Yoast SEO plugin. -->","yoast_head_json":{"title":"New Day - New Song","description":"Chansons de gospel groovy pour ch\u0153ur \u00e0 3 voix et accompagnement. \"Accrocheur et captivant. Une publication r\u00e9ussie et convaincante\". (Neue Musik-Zeitung)","robots":{"index":"index","follow":"follow","max-snippet":"max-snippet:-1","max-image-preview":"max-image-preview:large","max-video-preview":"max-video-preview:-1"},"canonical":"https:\/\/www.zebemusic.com\/fr\/product\/new-day-new-song\/","og_locale":"fr_FR","og_type":"article","og_title":"New Day - New Song","og_description":"Chansons de gospel groovy pour ch\u0153ur \u00e0 3 voix et accompagnement. \"Accrocheur et captivant. Une publication r\u00e9ussie et convaincante\". (Neue Musik-Zeitung)","og_url":"https:\/\/www.zebemusic.com\/fr\/product\/new-day-new-song\/","og_site_name":"ZebeMusic","article_publisher":"https:\/\/www.facebook.com\/zebemusic","article_modified_time":"2025-09-08T08:46:03+00:00","og_image":[{"width":375,"height":500,"url":"https:\/\/www.zebemusic.com\/wp-content\/uploads\/2014\/06\/ZEBE40403.jpg","type":"image\/jpeg"}],"twitter_card":"summary_large_image","twitter_misc":{"Est. reading time":"1 minute"},"schema":{"@context":"https:\/\/schema.org","@graph":[{"@type":"WebPage","@id":"https:\/\/www.zebemusic.com\/fr\/product\/new-day-new-song\/","url":"https:\/\/www.zebemusic.com\/fr\/product\/new-day-new-song\/","name":"New Day - New Song","isPartOf":{"@id":"https:\/\/www.zebemusic.com\/de\/#website"},"primaryImageOfPage":{"@id":"https:\/\/www.zebemusic.com\/fr\/product\/new-day-new-song\/#primaryimage"},"image":{"@id":"https:\/\/www.zebemusic.com\/fr\/product\/new-day-new-song\/#primaryimage"},"thumbnailUrl":"https:\/\/www.zebemusic.com\/wp-content\/uploads\/2014\/06\/ZEBE40403.jpg","datePublished":"2019-12-12T21:39:26+00:00","dateModified":"2025-09-08T08:46:03+00:00","description":"Chansons de gospel groovy pour ch\u0153ur \u00e0 3 voix et accompagnement. \"Accrocheur et captivant. Une publication r\u00e9ussie et convaincante\". (Neue Musik-Zeitung)","breadcrumb":{"@id":"https:\/\/www.zebemusic.com\/fr\/product\/new-day-new-song\/#breadcrumb"},"inLanguage":"fr-FR","potentialAction":[{"@type":"ReadAction","target":["https:\/\/www.zebemusic.com\/fr\/product\/new-day-new-song\/"]}]},{"@type":"ImageObject","inLanguage":"fr-FR","@id":"https:\/\/www.zebemusic.com\/fr\/product\/new-day-new-song\/#primaryimage","url":"https:\/\/www.zebemusic.com\/wp-content\/uploads\/2014\/06\/ZEBE40403.jpg","contentUrl":"https:\/\/www.zebemusic.com\/wp-content\/uploads\/2014\/06\/ZEBE40403.jpg","width":375,"height":500},{"@type":"BreadcrumbList","@id":"https:\/\/www.zebemusic.com\/fr\/product\/new-day-new-song\/#breadcrumb","itemListElement":[{"@type":"ListItem","position":1,"name":"Shop","item":"https:\/\/www.zebemusic.com\/fr\/shop\/"},{"@type":"ListItem","position":2,"name":"New Day &#8211; New Song"}]},{"@type":"WebSite","@id":"https:\/\/www.zebemusic.com\/de\/#website","url":"https:\/\/www.zebemusic.com\/de\/","name":"ZebeMusic","description":"vous incite a chanter.","publisher":{"@id":"https:\/\/www.zebemusic.com\/de\/#organization"},"alternateName":"Gospelnoten & Kindermusicals","potentialAction":[{"@type":"SearchAction","target":{"@type":"EntryPoint","urlTemplate":"https:\/\/www.zebemusic.com\/de\/?s={search_term_string}"},"query-input":{"@type":"PropertyValueSpecification","valueRequired":true,"valueName":"search_term_string"}}],"inLanguage":"fr-FR"},{"@type":"Organization","@id":"https:\/\/www.zebemusic.com\/de\/#organization","name":"ZebeMusic","url":"https:\/\/www.zebemusic.com\/de\/","logo":{"@type":"ImageObject","inLanguage":"fr-FR","@id":"https:\/\/www.zebemusic.com\/de\/#\/schema\/logo\/image\/","url":"https:\/\/www.zebemusic.com\/wp-content\/uploads\/2025\/10\/ZEBE-Logo_ZW-makesyousing.jpg","contentUrl":"https:\/\/www.zebemusic.com\/wp-content\/uploads\/2025\/10\/ZEBE-Logo_ZW-makesyousing.jpg","width":2212,"height":958,"caption":"ZebeMusic"},"image":{"@id":"https:\/\/www.zebemusic.com\/de\/#\/schema\/logo\/image\/"},"sameAs":["https:\/\/www.facebook.com\/zebemusic","https:\/\/www.instagram.com\/zebemusic","https:\/\/www.youtube.com\/zebemusicberlin"]}]}},"_links":{"self":[{"href":"https:\/\/www.zebemusic.com\/fr\/wp-json\/wp\/v2\/product\/17259","targetHints":{"allow":["GET"]}}],"collection":[{"href":"https:\/\/www.zebemusic.com\/fr\/wp-json\/wp\/v2\/product"}],"about":[{"href":"https:\/\/www.zebemusic.com\/fr\/wp-json\/wp\/v2\/types\/product"}],"wp:featuredmedia":[{"embeddable":true,"href":"https:\/\/www.zebemusic.com\/fr\/wp-json\/wp\/v2\/media\/17260"}],"wp:attachment":[{"href":"https:\/\/www.zebemusic.com\/fr\/wp-json\/wp\/v2\/media?parent=17259"}],"wp:term":[{"taxonomy":"product_brand","embeddable":true,"href":"https:\/\/www.zebemusic.com\/fr\/wp-json\/wp\/v2\/product_brand?post=17259"},{"taxonomy":"product_cat","embeddable":true,"href":"https:\/\/www.zebemusic.com\/fr\/wp-json\/wp\/v2\/product_cat?post=17259"},{"taxonomy":"product_tag","embeddable":true,"href":"https:\/\/www.zebemusic.com\/fr\/wp-json\/wp\/v2\/product_tag?post=17259"}],"curies":[{"name":"wp","href":"https:\/\/api.w.org\/{rel}","templated":true}]}}