{"id":17952,"date":"2014-11-19T20:38:37","date_gmt":"2014-11-19T18:38:37","guid":{"rendered":"https:\/\/dev.smukkeberg.com\/zebemusic\/product\/cles-du-gospel-bits-n-pieces-for-piano\/"},"modified":"2026-04-01T10:39:04","modified_gmt":"2026-04-01T09:39:04","slug":"gospel-piano","status":"publish","type":"product","link":"https:\/\/www.zebemusic.com\/fr\/product\/gospel-piano\/","title":{"rendered":"Gospel Keys  <br><i>Bits \u2019n Pieces For Piano<\/i>"},"content":{"rendered":"","protected":false},"excerpt":{"rendered":"<p>Jouer du piano gospel ?<br \/>\nC&#8217;est ce qui int\u00e9resse de plus en plus les pianistes, les chefs de ch\u0153ur et les chanteurs qui jouent du piano. Mais on ne trouve gu\u00e8re de litt\u00e9rature utilisable sur le plan stylistique et sonore.<br \/>\nStephan Zebe a compos\u00e9 et arrang\u00e9 dans ce volume 10 pi\u00e8ces de jeu dans un style gospel authentique. Il s&#8217;est inspir\u00e9 de Billy Preston, Richard Tee ou Greg Phillinganes.<\/p>\n<p>Les morceaux sont de difficult\u00e9 progressive et contiennent de nombreuses id\u00e9es pour la technique de jeu personnelle, pour le concert, l&#8217;enseignement et l&#8217;audition. Les symboles d&#8217;accords permettent d&#8217;avoir une vue d&#8217;ensemble harmonique, d&#8217;improviser et de jouer avec d&#8217;autres musiciens. Chaque morceau est accompagn\u00e9 de notes ou d&#8217;exercices pr\u00e9liminaires.<\/p>\n<p><strong>CONTENU :<\/strong> Little Piece, Trio, Sunday Morning, Moving On, For Cynthia, Sit Down, Hymn, Amazing Grace, Like A River, Alleluia Time<\/p>\n<p style=\"text-align: left; padding-left: 30px;\"><b><span style=\"color: #993300;\"><em>&#8220;M\u00e9lange exigeant de morceaux sonores, \u00e9nergiques et groovy et de titres plus calmes, \u00e0 l&#8217;harmonie tr\u00e8s int\u00e9ressante. Des arrangements qui en valent la peine. Enfin et surtout, ce recueil doit et va inciter \u00e0 d\u00e9velopper ses propres id\u00e9es et \u00e0 improviser dans le &#8220;Gospel Style&#8221;&#8221;.<\/em><\/span><\/b> (crossOver)<b> <\/b><\/p>\n<hr \/>\n<p><strong><a href=\"\/wp-content\/PP\/PP1520.pdf\" target=\"_blank\" rel=\"noopener noreferrer\">Partition d&#8217;essai <\/a><\/strong>&gt;&gt;&gt;<br \/>\n<strong><a href=\"\/audio\/ZEBE1520.mp3\">\u00c9chantillon sonore:<\/a><br \/>\n<\/strong><\/p>\n[audio mp3=\"https:\/\/www.zebemusic.com\/wp-content\/uploads\/2024\/02\/ZEBE1520.mp3\"][\/audio]\n<p><strong>\u00a0<\/strong><\/p>\n<hr \/>\n<p><strong><span style=\"color: #717171;\">Auteur :<\/span><\/strong> <a href=\"https:\/\/www.zebemusic.com\/fr\/stephanzebe\/\">Stephan Zebe<\/a><br \/>\n<strong><span style=\"color: #717171;\">Instrumentation :<\/span><\/strong> Piano solo<br \/>\n<strong><br \/>\n<span style=\"color: #717171;\">pages :<\/span> <\/strong>36<strong><br \/>\n<span style=\"color: #717171;\">Niveau de difficult\u00e9 :<\/span> <\/strong>moyen-difficile<br \/>\n<strong><span style=\"color: #717171;\">N\u00b0 de commande :<\/span> <\/strong>ZE 1520<strong><br \/>\n<span style=\"color: #717171;\">ISBN :<\/span> <\/strong>978-3-940745-23-1<br \/>\n<strong><span style=\"color: #717171;\">Prix :<\/span><\/strong> T\u00e9l\u00e9charger le fichier PDF \u20ac 9,99<\/p>\n","protected":false},"featured_media":1279,"template":"","meta":{"_acf_changed":false},"product_brand":[],"product_cat":[130],"product_tag":[],"class_list":{"0":"post-17952","1":"product","2":"type-product","3":"status-publish","4":"has-post-thumbnail","6":"product_cat-gospel","7":"pa_ausfuehrung-edition-imprimee","8":"pa_ausfuehrung-telecharger-le-produit","9":"pa_diff-difficile","10":"pa_diff-moyen","11":"pa_occ-communion-eucharistie","12":"pa_occ-liturgie-fr","13":"pa_occ-noel","14":"pa_others-collections-fr","15":"pa_others-downloads-fr","16":"pa_style-genre-adaptations-chorales","17":"pa_style-genre-ballade-fr","18":"pa_style-genre-gospel-fr","19":"pa_style-genre-contemporary-fr","20":"pa_style-genre-chant-de-congregation","21":"pa_style-genre-traditional-gospel-style-fr","22":"pa_voicing-instrumental-fr","24":"first","25":"instock","26":"taxable","27":"shipping-taxable","28":"purchasable","29":"product-type-variable","30":"has-default-attributes"},"acf":[],"yoast_head":"<!-- This site is optimized with the Yoast SEO plugin v27.5 - https:\/\/yoast.com\/product\/yoast-seo-wordpress\/ -->\n<title>Gospel Keys Bits \u2019n Pieces For Piano - Gospelpiano!<\/title>\n<meta name=\"description\" content=\"Piano gospel pour d\u00e9butants et avanc\u00e9s. Voicings et licks typiques \u00e0 imiter dans 10 morceaux pour l&#039;enseignement et pour jouer... DEMO&gt;&gt;&gt;\" \/>\n<meta name=\"robots\" content=\"index, follow, max-snippet:-1, max-image-preview:large, max-video-preview:-1\" \/>\n<link rel=\"canonical\" href=\"https:\/\/www.zebemusic.com\/fr\/product\/gospel-piano\/\" \/>\n<meta property=\"og:locale\" content=\"fr_FR\" \/>\n<meta property=\"og:type\" content=\"article\" \/>\n<meta property=\"og:title\" content=\"Gospel Keys Bits \u2019n Pieces For Piano - Gospelpiano!\" \/>\n<meta property=\"og:description\" content=\"Piano gospel pour d\u00e9butants et avanc\u00e9s. Voicings et licks typiques \u00e0 imiter dans 10 morceaux pour l&#039;enseignement et pour jouer... DEMO&gt;&gt;&gt;\" \/>\n<meta property=\"og:url\" content=\"https:\/\/www.zebemusic.com\/fr\/product\/gospel-piano\/\" \/>\n<meta property=\"og:site_name\" content=\"ZebeMusic\" \/>\n<meta property=\"article:publisher\" content=\"https:\/\/www.facebook.com\/zebemusic\" \/>\n<meta property=\"article:modified_time\" content=\"2026-04-01T09:39:04+00:00\" \/>\n<meta property=\"og:image\" content=\"https:\/\/www.zebemusic.com\/wp-content\/uploads\/2013\/08\/ZEBE15201.jpg\" \/>\n\t<meta property=\"og:image:width\" content=\"462\" \/>\n\t<meta property=\"og:image:height\" content=\"600\" \/>\n\t<meta property=\"og:image:type\" content=\"image\/jpeg\" \/>\n<meta name=\"twitter:card\" content=\"summary_large_image\" \/>\n<meta name=\"twitter:label1\" content=\"Est. reading time\" \/>\n\t<meta name=\"twitter:data1\" content=\"1 minute\" \/>\n<script type=\"application\/ld+json\" class=\"yoast-schema-graph\">{\"@context\":\"https:\\\/\\\/schema.org\",\"@graph\":[{\"@type\":\"WebPage\",\"@id\":\"https:\\\/\\\/www.zebemusic.com\\\/fr\\\/product\\\/gospel-piano\\\/\",\"url\":\"https:\\\/\\\/www.zebemusic.com\\\/fr\\\/product\\\/gospel-piano\\\/\",\"name\":\"Gospel Keys Bits \u2019n Pieces For Piano - Gospelpiano!\",\"isPartOf\":{\"@id\":\"https:\\\/\\\/www.zebemusic.com\\\/de\\\/#website\"},\"primaryImageOfPage\":{\"@id\":\"https:\\\/\\\/www.zebemusic.com\\\/fr\\\/product\\\/gospel-piano\\\/#primaryimage\"},\"image\":{\"@id\":\"https:\\\/\\\/www.zebemusic.com\\\/fr\\\/product\\\/gospel-piano\\\/#primaryimage\"},\"thumbnailUrl\":\"https:\\\/\\\/www.zebemusic.com\\\/wp-content\\\/uploads\\\/2013\\\/08\\\/ZEBE15201.jpg\",\"datePublished\":\"2014-11-19T18:38:37+00:00\",\"dateModified\":\"2026-04-01T09:39:04+00:00\",\"description\":\"Piano gospel pour d\u00e9butants et avanc\u00e9s. Voicings et licks typiques \u00e0 imiter dans 10 morceaux pour l'enseignement et pour jouer... DEMO>>>\",\"breadcrumb\":{\"@id\":\"https:\\\/\\\/www.zebemusic.com\\\/fr\\\/product\\\/gospel-piano\\\/#breadcrumb\"},\"inLanguage\":\"fr-FR\",\"potentialAction\":[{\"@type\":\"ReadAction\",\"target\":[\"https:\\\/\\\/www.zebemusic.com\\\/fr\\\/product\\\/gospel-piano\\\/\"]}]},{\"@type\":\"ImageObject\",\"inLanguage\":\"fr-FR\",\"@id\":\"https:\\\/\\\/www.zebemusic.com\\\/fr\\\/product\\\/gospel-piano\\\/#primaryimage\",\"url\":\"https:\\\/\\\/www.zebemusic.com\\\/wp-content\\\/uploads\\\/2013\\\/08\\\/ZEBE15201.jpg\",\"contentUrl\":\"https:\\\/\\\/www.zebemusic.com\\\/wp-content\\\/uploads\\\/2013\\\/08\\\/ZEBE15201.jpg\",\"width\":462,\"height\":600,\"caption\":\"Gospelpiano\"},{\"@type\":\"BreadcrumbList\",\"@id\":\"https:\\\/\\\/www.zebemusic.com\\\/fr\\\/product\\\/gospel-piano\\\/#breadcrumb\",\"itemListElement\":[{\"@type\":\"ListItem\",\"position\":1,\"name\":\"Shop\",\"item\":\"https:\\\/\\\/www.zebemusic.com\\\/fr\\\/shop\\\/\"},{\"@type\":\"ListItem\",\"position\":2,\"name\":\"Gospel Keys Bits \u2019n Pieces For Piano\"}]},{\"@type\":\"WebSite\",\"@id\":\"https:\\\/\\\/www.zebemusic.com\\\/de\\\/#website\",\"url\":\"https:\\\/\\\/www.zebemusic.com\\\/de\\\/\",\"name\":\"ZebeMusic\",\"description\":\"vous incite a chanter.\",\"publisher\":{\"@id\":\"https:\\\/\\\/www.zebemusic.com\\\/de\\\/#organization\"},\"alternateName\":\"Gospelnoten & Kindermusicals\",\"potentialAction\":[{\"@type\":\"SearchAction\",\"target\":{\"@type\":\"EntryPoint\",\"urlTemplate\":\"https:\\\/\\\/www.zebemusic.com\\\/de\\\/?s={search_term_string}\"},\"query-input\":{\"@type\":\"PropertyValueSpecification\",\"valueRequired\":true,\"valueName\":\"search_term_string\"}}],\"inLanguage\":\"fr-FR\"},{\"@type\":\"Organization\",\"@id\":\"https:\\\/\\\/www.zebemusic.com\\\/de\\\/#organization\",\"name\":\"ZebeMusic\",\"url\":\"https:\\\/\\\/www.zebemusic.com\\\/de\\\/\",\"logo\":{\"@type\":\"ImageObject\",\"inLanguage\":\"fr-FR\",\"@id\":\"https:\\\/\\\/www.zebemusic.com\\\/de\\\/#\\\/schema\\\/logo\\\/image\\\/\",\"url\":\"https:\\\/\\\/www.zebemusic.com\\\/wp-content\\\/uploads\\\/2025\\\/10\\\/ZEBE-Logo_ZW-makesyousing.jpg\",\"contentUrl\":\"https:\\\/\\\/www.zebemusic.com\\\/wp-content\\\/uploads\\\/2025\\\/10\\\/ZEBE-Logo_ZW-makesyousing.jpg\",\"width\":2212,\"height\":958,\"caption\":\"ZebeMusic\"},\"image\":{\"@id\":\"https:\\\/\\\/www.zebemusic.com\\\/de\\\/#\\\/schema\\\/logo\\\/image\\\/\"},\"sameAs\":[\"https:\\\/\\\/www.facebook.com\\\/zebemusic\",\"https:\\\/\\\/www.instagram.com\\\/zebemusic\",\"https:\\\/\\\/www.youtube.com\\\/zebemusicberlin\"]}]}<\/script>\n<!-- \/ Yoast SEO plugin. -->","yoast_head_json":{"title":"Gospel Keys Bits \u2019n Pieces For Piano - Gospelpiano!","description":"Piano gospel pour d\u00e9butants et avanc\u00e9s. Voicings et licks typiques \u00e0 imiter dans 10 morceaux pour l'enseignement et pour jouer... DEMO>>>","robots":{"index":"index","follow":"follow","max-snippet":"max-snippet:-1","max-image-preview":"max-image-preview:large","max-video-preview":"max-video-preview:-1"},"canonical":"https:\/\/www.zebemusic.com\/fr\/product\/gospel-piano\/","og_locale":"fr_FR","og_type":"article","og_title":"Gospel Keys Bits \u2019n Pieces For Piano - Gospelpiano!","og_description":"Piano gospel pour d\u00e9butants et avanc\u00e9s. Voicings et licks typiques \u00e0 imiter dans 10 morceaux pour l'enseignement et pour jouer... DEMO>>>","og_url":"https:\/\/www.zebemusic.com\/fr\/product\/gospel-piano\/","og_site_name":"ZebeMusic","article_publisher":"https:\/\/www.facebook.com\/zebemusic","article_modified_time":"2026-04-01T09:39:04+00:00","og_image":[{"width":462,"height":600,"url":"https:\/\/www.zebemusic.com\/wp-content\/uploads\/2013\/08\/ZEBE15201.jpg","type":"image\/jpeg"}],"twitter_card":"summary_large_image","twitter_misc":{"Est. reading time":"1 minute"},"schema":{"@context":"https:\/\/schema.org","@graph":[{"@type":"WebPage","@id":"https:\/\/www.zebemusic.com\/fr\/product\/gospel-piano\/","url":"https:\/\/www.zebemusic.com\/fr\/product\/gospel-piano\/","name":"Gospel Keys Bits \u2019n Pieces For Piano - Gospelpiano!","isPartOf":{"@id":"https:\/\/www.zebemusic.com\/de\/#website"},"primaryImageOfPage":{"@id":"https:\/\/www.zebemusic.com\/fr\/product\/gospel-piano\/#primaryimage"},"image":{"@id":"https:\/\/www.zebemusic.com\/fr\/product\/gospel-piano\/#primaryimage"},"thumbnailUrl":"https:\/\/www.zebemusic.com\/wp-content\/uploads\/2013\/08\/ZEBE15201.jpg","datePublished":"2014-11-19T18:38:37+00:00","dateModified":"2026-04-01T09:39:04+00:00","description":"Piano gospel pour d\u00e9butants et avanc\u00e9s. Voicings et licks typiques \u00e0 imiter dans 10 morceaux pour l'enseignement et pour jouer... DEMO>>>","breadcrumb":{"@id":"https:\/\/www.zebemusic.com\/fr\/product\/gospel-piano\/#breadcrumb"},"inLanguage":"fr-FR","potentialAction":[{"@type":"ReadAction","target":["https:\/\/www.zebemusic.com\/fr\/product\/gospel-piano\/"]}]},{"@type":"ImageObject","inLanguage":"fr-FR","@id":"https:\/\/www.zebemusic.com\/fr\/product\/gospel-piano\/#primaryimage","url":"https:\/\/www.zebemusic.com\/wp-content\/uploads\/2013\/08\/ZEBE15201.jpg","contentUrl":"https:\/\/www.zebemusic.com\/wp-content\/uploads\/2013\/08\/ZEBE15201.jpg","width":462,"height":600,"caption":"Gospelpiano"},{"@type":"BreadcrumbList","@id":"https:\/\/www.zebemusic.com\/fr\/product\/gospel-piano\/#breadcrumb","itemListElement":[{"@type":"ListItem","position":1,"name":"Shop","item":"https:\/\/www.zebemusic.com\/fr\/shop\/"},{"@type":"ListItem","position":2,"name":"Gospel Keys Bits \u2019n Pieces For Piano"}]},{"@type":"WebSite","@id":"https:\/\/www.zebemusic.com\/de\/#website","url":"https:\/\/www.zebemusic.com\/de\/","name":"ZebeMusic","description":"vous incite a chanter.","publisher":{"@id":"https:\/\/www.zebemusic.com\/de\/#organization"},"alternateName":"Gospelnoten & Kindermusicals","potentialAction":[{"@type":"SearchAction","target":{"@type":"EntryPoint","urlTemplate":"https:\/\/www.zebemusic.com\/de\/?s={search_term_string}"},"query-input":{"@type":"PropertyValueSpecification","valueRequired":true,"valueName":"search_term_string"}}],"inLanguage":"fr-FR"},{"@type":"Organization","@id":"https:\/\/www.zebemusic.com\/de\/#organization","name":"ZebeMusic","url":"https:\/\/www.zebemusic.com\/de\/","logo":{"@type":"ImageObject","inLanguage":"fr-FR","@id":"https:\/\/www.zebemusic.com\/de\/#\/schema\/logo\/image\/","url":"https:\/\/www.zebemusic.com\/wp-content\/uploads\/2025\/10\/ZEBE-Logo_ZW-makesyousing.jpg","contentUrl":"https:\/\/www.zebemusic.com\/wp-content\/uploads\/2025\/10\/ZEBE-Logo_ZW-makesyousing.jpg","width":2212,"height":958,"caption":"ZebeMusic"},"image":{"@id":"https:\/\/www.zebemusic.com\/de\/#\/schema\/logo\/image\/"},"sameAs":["https:\/\/www.facebook.com\/zebemusic","https:\/\/www.instagram.com\/zebemusic","https:\/\/www.youtube.com\/zebemusicberlin"]}]}},"_links":{"self":[{"href":"https:\/\/www.zebemusic.com\/fr\/wp-json\/wp\/v2\/product\/17952","targetHints":{"allow":["GET"]}}],"collection":[{"href":"https:\/\/www.zebemusic.com\/fr\/wp-json\/wp\/v2\/product"}],"about":[{"href":"https:\/\/www.zebemusic.com\/fr\/wp-json\/wp\/v2\/types\/product"}],"wp:featuredmedia":[{"embeddable":true,"href":"https:\/\/www.zebemusic.com\/fr\/wp-json\/wp\/v2\/media\/1279"}],"wp:attachment":[{"href":"https:\/\/www.zebemusic.com\/fr\/wp-json\/wp\/v2\/media?parent=17952"}],"wp:term":[{"taxonomy":"product_brand","embeddable":true,"href":"https:\/\/www.zebemusic.com\/fr\/wp-json\/wp\/v2\/product_brand?post=17952"},{"taxonomy":"product_cat","embeddable":true,"href":"https:\/\/www.zebemusic.com\/fr\/wp-json\/wp\/v2\/product_cat?post=17952"},{"taxonomy":"product_tag","embeddable":true,"href":"https:\/\/www.zebemusic.com\/fr\/wp-json\/wp\/v2\/product_tag?post=17952"}],"curies":[{"name":"wp","href":"https:\/\/api.w.org\/{rel}","templated":true}]}}