{"id":17973,"date":"2018-03-01T08:56:02","date_gmt":"2018-03-01T06:56:02","guid":{"rendered":"https:\/\/dev.smukkeberg.com\/zebemusic\/product\/sonnengesang\/"},"modified":"2024-01-19T04:31:18","modified_gmt":"2024-01-19T03:31:18","slug":"sonnengesang","status":"publish","type":"product","link":"https:\/\/www.zebemusic.com\/fr\/product\/sonnengesang\/","title":{"rendered":"Sonnengesang <br><i>(nach Franz von Assisi)<\/i>"},"content":{"rendered":"","protected":false},"excerpt":{"rendered":"<p>Chorsymphonik zu Assisis Sonnengesang, die durch ihre ausgefallene Klangf\u00e4rbung und besondere Orchestrierung beeindruckt. Faszinierende Stimmungen, jazzige Harmonik und neben dem Gemischten Chor ein Kinderchor beschreiben den Text von Franz von Assisi, der im 13. Jahrhundert entstand.<br \/>\nJede der zehn Strophen erklingt in einem eigenen Klanggewand. Die Singstimmen teilen sich in Kinderchor, und kleine und gro\u00dfe Chorpartie, die auch gut mit einem Chor besetzt werden kann. Den Strophen hat der Komponist jeweils eigene Formabl\u00e4ufe gegeben: Zu h\u00f6ren sind unter anderem ein Sonatenhauptsatz, Fuge und Passacaglia.<br \/>\nKomponist Christian Scheel schuf ein gro\u00dfes Werk f\u00fcr einen bedeutenden Hymnus!<\/p>\n<p style=\"padding-left: 30px;\"><span style=\"color: #717171;\"><span style=\"color: #717171;\"><span style=\"color: #993300;\"><strong><em>\u201cDer Sonnengesang des Komponisten Christian Scheel zeigt sich in gro\u00dfer hymnischer Pracht.<br \/>\nChristian Scheel ist eine anspruchsvolle Vertonung des Sonnengesangs gelungen, die weitere Auff\u00fchrungen verdient.\u201d<br \/>\n<\/em><\/strong><\/span>Musik &amp; Kirche<\/span><\/span><\/p>\n<p style=\"padding-left: 30px;\"><span style=\"color: #717171;\"><span style=\"color: #717171;\"><span style=\"color: #993300;\"><strong><em>\u201cDem Komponisten gelang eine Mischung, dieses unsterbliche Gebet, den Lobgesang auf die Sch\u00f6pfung und auf die Natur, einerseits popul\u00e4r zu machen, ohne dabei andererseits an musikalischer Substanz und an Ideenreichtum einzub\u00fc\u00dfen.\u201d<br \/>\n<\/em><\/strong><\/span>Nordwest-Zeitung<\/span><\/span><\/p>\n<p style=\"text-align: right;\"><a href=\"http:\/\/www.zebemusic.com\/wp-content\/PP\/PP2272.pdf\" target=\"_blank\" rel=\"noopener noreferrer\"><strong>PROBEPARTITUR<\/strong> zum Download &gt;&gt;&gt;<\/a><\/p>\n<p align=\"center\"><iframe loading=\"lazy\" src=\"\/\/www.youtube.com\/embed\/TvxxBjKZpO8\" width=\"320\" height=\"215\" frameborder=\"0\"><\/iframe><\/p>\n<p><strong>Assisis <a href=\"https:\/\/de.wikipedia.org\/wiki\/Sonnengesang_(Franz_von_Assisi)\" target=\"_blank\" rel=\"noopener noreferrer\">Sonnengesang bei Wikipedia<\/a> (Original, \u00dcbersetzung etc.)<br \/>\n<\/strong><\/p>\n<hr \/>\n<p><strong><span style=\"color: #717171;\">Komposition:<\/span><\/strong> Christian Scheel<br \/>\n<b><span style=\"color: #717171;\">Sprache: <\/span><\/b>deutsch<br \/>\n<b><span style=\"color: #717171;\">Besetzung: <\/span><\/b><span style=\"color: #717171;\">SATB max. 8stg., Kinderchor SS, vl1+2, va, vc, kb, fl, kl, as 1+2, ts, cn, tp1+2, tb1+2, tba, g, b, dr, perc<\/span><b><span style=\"color: #717171;\"><br \/>\nSchwierigkeitsgrad:<\/span><\/b> mittel-anspruchsvoll<\/p>\n<hr \/>\n<p><strong>\u2022 Partitur <\/strong>(ISBN 978-3-95423-029-7, ZE 2272, Gro\u00dfformat, Ringbindung) \u20ac 39,90<\/p>\n<p><strong>\u2022 Gesangsausgabe<\/strong>\u00a0 (ISBN 978-3-95423-030-3, ZE 2271) \u20ac 12,90<br \/>\nStaffelpreis! Ab 10 Stk. nur \u20ac 9,90, ab 50 Stk. nur \u20ac 8,90<br \/>\n<del><\/del><\/p>\n<p><strong>\u2022 Kinderchorausgabe<\/strong> (A5, ZE 2273, nur in Chorst\u00e4rke ab 10 St\u00fcck) \u20ac 3,50<br \/>\nStaffelpreis! Ab 25 Stk. nur \u20ac 2,90, ab 50 Stk. nur \u20ac 2,50<\/p>\n<p><strong>\u2022 CD<\/strong> mit der Einspielung des Komponisten (EJK 12, EAN 0761756892607) NEU! \u20ac 9,90<\/p>\n<p>Bitte w\u00e4hlen Sie hier aus:<\/p>\n","protected":false},"featured_media":17975,"template":"","meta":{"_acf_changed":false},"product_brand":[],"product_cat":[131],"product_tag":[1097],"class_list":{"0":"post-17973","1":"product","2":"type-product","3":"status-publish","4":"has-post-thumbnail","6":"product_cat-jazz-fr","7":"product_tag-cd-fr","8":"pa_diff-difficile","9":"pa_diff-moyen","10":"pa_language-allemand","11":"pa_occ-konzert-fr","12":"pa_occ-gratitude","13":"pa_occ-louer","14":"pa_occ-schul-gemeindeprojekt-fr","15":"pa_style-genre-musical-fr","16":"pa_style-genre-jazz-fr","17":"pa_variation-cd-fr-2","18":"pa_variation-edition-chorale","19":"pa_variation-kinderchor-fr","20":"pa_variation-partition-fr","21":"pa_voicing-accompagne","22":"pa_voicing-avec-soliste","23":"pa_voicing-choeur-denfants","24":"pa_voicing-orchestre-fr","25":"pa_voicing-sa-fr","26":"pa_voicing-satb-fr","28":"first","29":"instock","30":"taxable","31":"shipping-taxable","32":"purchasable","33":"product-type-variable","34":"has-default-attributes"},"acf":[],"yoast_head":"<!-- This site is optimized with the Yoast SEO plugin v27.3 - https:\/\/yoast.com\/product\/yoast-seo-wordpress\/ -->\n<title>Sonnengesang (nach Franz von Assisi) - Sacred Concert f\u00fcr Chor und Orchester\ufeff<\/title>\n<meta name=\"description\" content=\"Feinster Vocal-Jazz in gro\u00dfer kompositorischer Malerei f\u00fcr Chor und Orchester. Chorsymphonik zu Assisis Hymnus von Christian Scheel. DEMO &gt;&gt;&gt;\" \/>\n<meta name=\"robots\" content=\"index, follow, max-snippet:-1, max-image-preview:large, max-video-preview:-1\" \/>\n<link rel=\"canonical\" href=\"https:\/\/www.zebemusic.com\/product\/sonnengesang\/\" \/>\n<meta property=\"og:locale\" content=\"fr_FR\" \/>\n<meta property=\"og:type\" content=\"article\" \/>\n<meta property=\"og:title\" content=\"Sonnengesang (nach Franz von Assisi) - Sacred Concert f\u00fcr Chor und Orchester\ufeff\" \/>\n<meta property=\"og:description\" content=\"Feinster Vocal-Jazz in gro\u00dfer kompositorischer Malerei f\u00fcr Chor und Orchester. Chorsymphonik zu Assisis Hymnus von Christian Scheel. DEMO &gt;&gt;&gt;\" \/>\n<meta property=\"og:url\" content=\"https:\/\/www.zebemusic.com\/product\/sonnengesang\/\" \/>\n<meta property=\"og:site_name\" content=\"ZebeMusic\" \/>\n<meta property=\"article:publisher\" content=\"https:\/\/www.facebook.com\/zebemusic\" \/>\n<meta property=\"article:modified_time\" content=\"2024-01-19T03:31:18+00:00\" \/>\n<meta property=\"og:image\" content=\"https:\/\/www.zebemusic.com\/wp-content\/uploads\/2018\/09\/ZEBE2272-1.jpg\" \/>\n\t<meta property=\"og:image:width\" content=\"349\" \/>\n\t<meta property=\"og:image:height\" content=\"500\" \/>\n\t<meta property=\"og:image:type\" content=\"image\/jpeg\" \/>\n<meta name=\"twitter:card\" content=\"summary_large_image\" \/>\n<script type=\"application\/ld+json\" class=\"yoast-schema-graph\">{\"@context\":\"https:\\\/\\\/schema.org\",\"@graph\":[{\"@type\":\"WebPage\",\"@id\":\"https:\\\/\\\/www.zebemusic.com\\\/product\\\/sonnengesang\\\/\",\"url\":\"https:\\\/\\\/www.zebemusic.com\\\/product\\\/sonnengesang\\\/\",\"name\":\"Sonnengesang (nach Franz von Assisi) - Sacred Concert f\u00fcr Chor und Orchester\ufeff\",\"isPartOf\":{\"@id\":\"https:\\\/\\\/www.zebemusic.com\\\/de\\\/#website\"},\"primaryImageOfPage\":{\"@id\":\"https:\\\/\\\/www.zebemusic.com\\\/product\\\/sonnengesang\\\/#primaryimage\"},\"image\":{\"@id\":\"https:\\\/\\\/www.zebemusic.com\\\/product\\\/sonnengesang\\\/#primaryimage\"},\"thumbnailUrl\":\"https:\\\/\\\/www.zebemusic.com\\\/wp-content\\\/uploads\\\/2018\\\/09\\\/ZEBE2272-1.jpg\",\"datePublished\":\"2018-03-01T06:56:02+00:00\",\"dateModified\":\"2024-01-19T03:31:18+00:00\",\"description\":\"Feinster Vocal-Jazz in gro\u00dfer kompositorischer Malerei f\u00fcr Chor und Orchester. Chorsymphonik zu Assisis Hymnus von Christian Scheel. DEMO >>>\",\"breadcrumb\":{\"@id\":\"https:\\\/\\\/www.zebemusic.com\\\/product\\\/sonnengesang\\\/#breadcrumb\"},\"inLanguage\":\"fr-FR\",\"potentialAction\":[{\"@type\":\"ReadAction\",\"target\":[\"https:\\\/\\\/www.zebemusic.com\\\/product\\\/sonnengesang\\\/\"]}]},{\"@type\":\"ImageObject\",\"inLanguage\":\"fr-FR\",\"@id\":\"https:\\\/\\\/www.zebemusic.com\\\/product\\\/sonnengesang\\\/#primaryimage\",\"url\":\"https:\\\/\\\/www.zebemusic.com\\\/wp-content\\\/uploads\\\/2018\\\/09\\\/ZEBE2272-1.jpg\",\"contentUrl\":\"https:\\\/\\\/www.zebemusic.com\\\/wp-content\\\/uploads\\\/2018\\\/09\\\/ZEBE2272-1.jpg\",\"width\":349,\"height\":500},{\"@type\":\"BreadcrumbList\",\"@id\":\"https:\\\/\\\/www.zebemusic.com\\\/product\\\/sonnengesang\\\/#breadcrumb\",\"itemListElement\":[{\"@type\":\"ListItem\",\"position\":1,\"name\":\"Shop\",\"item\":\"https:\\\/\\\/www.zebemusic.com\\\/fr\\\/shop\\\/\"},{\"@type\":\"ListItem\",\"position\":2,\"name\":\"Sonnengesang (nach Franz von Assisi)\"}]},{\"@type\":\"WebSite\",\"@id\":\"https:\\\/\\\/www.zebemusic.com\\\/de\\\/#website\",\"url\":\"https:\\\/\\\/www.zebemusic.com\\\/de\\\/\",\"name\":\"ZebeMusic\",\"description\":\"vous incite a chanter.\",\"publisher\":{\"@id\":\"https:\\\/\\\/www.zebemusic.com\\\/de\\\/#organization\"},\"alternateName\":\"Gospelnoten & Kindermusicals\",\"potentialAction\":[{\"@type\":\"SearchAction\",\"target\":{\"@type\":\"EntryPoint\",\"urlTemplate\":\"https:\\\/\\\/www.zebemusic.com\\\/de\\\/?s={search_term_string}\"},\"query-input\":{\"@type\":\"PropertyValueSpecification\",\"valueRequired\":true,\"valueName\":\"search_term_string\"}}],\"inLanguage\":\"fr-FR\"},{\"@type\":\"Organization\",\"@id\":\"https:\\\/\\\/www.zebemusic.com\\\/de\\\/#organization\",\"name\":\"ZebeMusic\",\"url\":\"https:\\\/\\\/www.zebemusic.com\\\/de\\\/\",\"logo\":{\"@type\":\"ImageObject\",\"inLanguage\":\"fr-FR\",\"@id\":\"https:\\\/\\\/www.zebemusic.com\\\/de\\\/#\\\/schema\\\/logo\\\/image\\\/\",\"url\":\"https:\\\/\\\/www.zebemusic.com\\\/wp-content\\\/uploads\\\/2025\\\/10\\\/ZEBE-Logo_ZW-makesyousing.jpg\",\"contentUrl\":\"https:\\\/\\\/www.zebemusic.com\\\/wp-content\\\/uploads\\\/2025\\\/10\\\/ZEBE-Logo_ZW-makesyousing.jpg\",\"width\":2212,\"height\":958,\"caption\":\"ZebeMusic\"},\"image\":{\"@id\":\"https:\\\/\\\/www.zebemusic.com\\\/de\\\/#\\\/schema\\\/logo\\\/image\\\/\"},\"sameAs\":[\"https:\\\/\\\/www.facebook.com\\\/zebemusic\",\"https:\\\/\\\/www.instagram.com\\\/zebemusic\",\"https:\\\/\\\/www.youtube.com\\\/zebemusicberlin\"]}]}<\/script>\n<!-- \/ Yoast SEO plugin. -->","yoast_head_json":{"title":"Sonnengesang (nach Franz von Assisi) - Sacred Concert f\u00fcr Chor und Orchester\ufeff","description":"Feinster Vocal-Jazz in gro\u00dfer kompositorischer Malerei f\u00fcr Chor und Orchester. Chorsymphonik zu Assisis Hymnus von Christian Scheel. DEMO >>>","robots":{"index":"index","follow":"follow","max-snippet":"max-snippet:-1","max-image-preview":"max-image-preview:large","max-video-preview":"max-video-preview:-1"},"canonical":"https:\/\/www.zebemusic.com\/product\/sonnengesang\/","og_locale":"fr_FR","og_type":"article","og_title":"Sonnengesang (nach Franz von Assisi) - Sacred Concert f\u00fcr Chor und Orchester\ufeff","og_description":"Feinster Vocal-Jazz in gro\u00dfer kompositorischer Malerei f\u00fcr Chor und Orchester. Chorsymphonik zu Assisis Hymnus von Christian Scheel. DEMO >>>","og_url":"https:\/\/www.zebemusic.com\/product\/sonnengesang\/","og_site_name":"ZebeMusic","article_publisher":"https:\/\/www.facebook.com\/zebemusic","article_modified_time":"2024-01-19T03:31:18+00:00","og_image":[{"width":349,"height":500,"url":"https:\/\/www.zebemusic.com\/wp-content\/uploads\/2018\/09\/ZEBE2272-1.jpg","type":"image\/jpeg"}],"twitter_card":"summary_large_image","schema":{"@context":"https:\/\/schema.org","@graph":[{"@type":"WebPage","@id":"https:\/\/www.zebemusic.com\/product\/sonnengesang\/","url":"https:\/\/www.zebemusic.com\/product\/sonnengesang\/","name":"Sonnengesang (nach Franz von Assisi) - Sacred Concert f\u00fcr Chor und Orchester\ufeff","isPartOf":{"@id":"https:\/\/www.zebemusic.com\/de\/#website"},"primaryImageOfPage":{"@id":"https:\/\/www.zebemusic.com\/product\/sonnengesang\/#primaryimage"},"image":{"@id":"https:\/\/www.zebemusic.com\/product\/sonnengesang\/#primaryimage"},"thumbnailUrl":"https:\/\/www.zebemusic.com\/wp-content\/uploads\/2018\/09\/ZEBE2272-1.jpg","datePublished":"2018-03-01T06:56:02+00:00","dateModified":"2024-01-19T03:31:18+00:00","description":"Feinster Vocal-Jazz in gro\u00dfer kompositorischer Malerei f\u00fcr Chor und Orchester. Chorsymphonik zu Assisis Hymnus von Christian Scheel. DEMO >>>","breadcrumb":{"@id":"https:\/\/www.zebemusic.com\/product\/sonnengesang\/#breadcrumb"},"inLanguage":"fr-FR","potentialAction":[{"@type":"ReadAction","target":["https:\/\/www.zebemusic.com\/product\/sonnengesang\/"]}]},{"@type":"ImageObject","inLanguage":"fr-FR","@id":"https:\/\/www.zebemusic.com\/product\/sonnengesang\/#primaryimage","url":"https:\/\/www.zebemusic.com\/wp-content\/uploads\/2018\/09\/ZEBE2272-1.jpg","contentUrl":"https:\/\/www.zebemusic.com\/wp-content\/uploads\/2018\/09\/ZEBE2272-1.jpg","width":349,"height":500},{"@type":"BreadcrumbList","@id":"https:\/\/www.zebemusic.com\/product\/sonnengesang\/#breadcrumb","itemListElement":[{"@type":"ListItem","position":1,"name":"Shop","item":"https:\/\/www.zebemusic.com\/fr\/shop\/"},{"@type":"ListItem","position":2,"name":"Sonnengesang (nach Franz von Assisi)"}]},{"@type":"WebSite","@id":"https:\/\/www.zebemusic.com\/de\/#website","url":"https:\/\/www.zebemusic.com\/de\/","name":"ZebeMusic","description":"vous incite a chanter.","publisher":{"@id":"https:\/\/www.zebemusic.com\/de\/#organization"},"alternateName":"Gospelnoten & Kindermusicals","potentialAction":[{"@type":"SearchAction","target":{"@type":"EntryPoint","urlTemplate":"https:\/\/www.zebemusic.com\/de\/?s={search_term_string}"},"query-input":{"@type":"PropertyValueSpecification","valueRequired":true,"valueName":"search_term_string"}}],"inLanguage":"fr-FR"},{"@type":"Organization","@id":"https:\/\/www.zebemusic.com\/de\/#organization","name":"ZebeMusic","url":"https:\/\/www.zebemusic.com\/de\/","logo":{"@type":"ImageObject","inLanguage":"fr-FR","@id":"https:\/\/www.zebemusic.com\/de\/#\/schema\/logo\/image\/","url":"https:\/\/www.zebemusic.com\/wp-content\/uploads\/2025\/10\/ZEBE-Logo_ZW-makesyousing.jpg","contentUrl":"https:\/\/www.zebemusic.com\/wp-content\/uploads\/2025\/10\/ZEBE-Logo_ZW-makesyousing.jpg","width":2212,"height":958,"caption":"ZebeMusic"},"image":{"@id":"https:\/\/www.zebemusic.com\/de\/#\/schema\/logo\/image\/"},"sameAs":["https:\/\/www.facebook.com\/zebemusic","https:\/\/www.instagram.com\/zebemusic","https:\/\/www.youtube.com\/zebemusicberlin"]}]}},"_links":{"self":[{"href":"https:\/\/www.zebemusic.com\/fr\/wp-json\/wp\/v2\/product\/17973","targetHints":{"allow":["GET"]}}],"collection":[{"href":"https:\/\/www.zebemusic.com\/fr\/wp-json\/wp\/v2\/product"}],"about":[{"href":"https:\/\/www.zebemusic.com\/fr\/wp-json\/wp\/v2\/types\/product"}],"wp:featuredmedia":[{"embeddable":true,"href":"https:\/\/www.zebemusic.com\/fr\/wp-json\/wp\/v2\/media\/17975"}],"wp:attachment":[{"href":"https:\/\/www.zebemusic.com\/fr\/wp-json\/wp\/v2\/media?parent=17973"}],"wp:term":[{"taxonomy":"product_brand","embeddable":true,"href":"https:\/\/www.zebemusic.com\/fr\/wp-json\/wp\/v2\/product_brand?post=17973"},{"taxonomy":"product_cat","embeddable":true,"href":"https:\/\/www.zebemusic.com\/fr\/wp-json\/wp\/v2\/product_cat?post=17973"},{"taxonomy":"product_tag","embeddable":true,"href":"https:\/\/www.zebemusic.com\/fr\/wp-json\/wp\/v2\/product_tag?post=17973"}],"curies":[{"name":"wp","href":"https:\/\/api.w.org\/{rel}","templated":true}]}}