{"id":19723,"date":"2024-01-19T05:05:29","date_gmt":"2024-01-19T04:05:29","guid":{"rendered":"https:\/\/dev.smukkeberg.com\/zebemusic\/?post_type=product&#038;p=19723"},"modified":"2025-09-08T09:42:56","modified_gmt":"2025-09-08T08:42:56","slug":"get-the-gospel","status":"publish","type":"product","link":"https:\/\/www.zebemusic.com\/fr\/product\/get-the-gospel\/","title":{"rendered":"get the gospel"},"content":{"rendered":"","protected":false},"excerpt":{"rendered":"<p><span class=\"readonlyText multiple\">Treize nouvelles chansons pour ch\u0153ur mixte, \u00e9crites par les meilleurs compositeurs de ch\u0153ur, constituent le contenu de &#8220;get the gospel&#8221;. Au vu de la situation dans le monde, il y a un accent sur le contenu avec des demandes de paix. Les chansons sont accompagn\u00e9es au piano et des solistes interviennent. Le style des chansons est tr\u00e8s vari\u00e9 : Outre les chansons gospel et spirituelles typiques, on trouve des chansons crossover, african gospel et worship.   <\/span><\/p>\n<p>L&#8217;Association pour la musique populaire chr\u00e9tienne en Bavi\u00e8re a publi\u00e9 cette pr\u00e9cieuse collection pour son festival de chorale du m\u00eame nom.<\/p>\n<p><strong>SOMMAIRE :  <\/strong><span class=\"readonlyText multiple\">Akekho Ofana No Jesu (Micha Keding), Bittrufe f\u00fcr Frieden (Stephan Zebe), Come On ! (Micha Keding), Gospel Train (Niko Schlenker), May Almighty God (Joachim Dierks), May we shout for joy (Michael Martin), Oh My Lord (Bastian Pusch), Peace (Bastian Pusch), Prayer for peace (Michael Martin), You Are the Light Shining on Me (Hubert Zaindl), You Are The Light, Micha Keding), Your Love Is Greater (Micha Keding) <\/span><\/p>\n<p style=\"text-align: center;\"><iframe loading=\"lazy\" title=\"Lecteur vid\u00e9o YouTube\" src=\"https:\/\/www.youtube.com\/embed\/yNXYmrdAICM?si=_LCIHjY6NZREw9p5\" width=\"360\" height=\"215\" frameborder=\"0\" allowfullscreen=\"allowfullscreen\"><\/iframe><\/p>\n<p><span class=\"readonlyText multiple\"><a href=\"https:\/\/youtube.com\/playlist?list=PLwH8QpVL7NG6OmxzFywwjS5NMOhid8FlI\">Liste de lecture sur YouTube<\/a><\/span><\/p>\n<p><a href=\"https:\/\/www.zebemusic.com\/wp-content\/PP\/PP5061.pdf\" target=\"_blank\" rel=\"noopener\">Partition d&#8217;essai<\/a> &gt;&gt;&gt;<\/p>\n<hr>\n<p><strong><span style=\"color: #717171;\">Auteurs : <\/span><\/strong><a href=\"https:\/\/zebemusic.com\/joachim-dierks\">Joachim Dierks<\/a>, Micha Keding, Bastian Pusch, <a href=\"https:\/\/zebemusic.com\/hubert-zaindl\">Hubert Zaindl<\/a>, <a href=\"https:\/\/zebemusic.com\/michael-martin\">Michael Martin<\/a>, <a href=\"https:\/\/zebemusic.com\/niko-schlenker\"><span class=\"readonlyText multiple\">Niko Schlenker<\/span><\/a>, <a href=\"http:\/\/zebemusic.com\/Stephanzebe\">Stephan Zebe<\/a><br \/>\n<label class=\"control-label readonlyLabel\"><\/label><strong><span style=\"color: #717171;\">Instrumentation :<\/span><\/strong> S.A.T.B., Solo, Piano<br \/>\n<strong><span style=\"color: #717171;\">Niveau de difficult\u00e9 :<\/span><\/strong> facile-moyen<\/p>\n<hr>\n<p>&#8211; <strong>Songbook<\/strong> (ZE 5061, ISBN <span class=\"readonlyText\">978-3-95423-043-3<\/span>, 52 pages) \u20ac 12,90<br \/>\nPrix \u00e9chelonn\u00e9 \u00e0 partir de 10 pi\u00e8ces : seulement \u20ac 9,90 \/ \u00e0 partir de 25 : \u20ac 7,90<\/p>\n","protected":false},"featured_media":19758,"template":"","meta":{"_acf_changed":false},"product_brand":[],"product_cat":[1127,130,131],"product_tag":[1097,1128,1129,1100],"class_list":{"0":"post-19723","1":"product","2":"type-product","3":"status-publish","4":"has-post-thumbnail","6":"product_cat-weihnachten-fr","7":"product_cat-gospel","8":"product_cat-jazz-fr","9":"product_tag-cd-fr","10":"product_tag-frauenchor-fr","11":"product_tag-gospelnoten-fr","12":"product_tag-gospelgottesdienst-fr","13":"pa_diff-moyen","14":"pa_language-allemand","15":"pa_language-anglais","16":"pa_occ-commencement-et-adieu-benediction","17":"pa_occ-gratitude","18":"pa_occ-liturgie-fr","19":"pa_occ-louer","20":"pa_occ-occasions-speciales","21":"pa_occ-peur-et-confiance","22":"pa_others-bestseller-fr","23":"pa_others-collections-fr","24":"pa_style-genre-ballade-fr","25":"pa_style-genre-gospel-fr","26":"pa_style-genre-worship-fr","27":"pa_style-genre-pop-crossover-fr","28":"pa_variation-bundle-songbook-cd-fr","29":"pa_variation-cd-fr-2","30":"pa_variation-cd-download-fr","31":"pa_variation-staffelpreis-ab-10-fr","32":"pa_variation-prix-reduit-de-25","33":"pa_variation-songbook-fr","34":"pa_voicing-accompagne","35":"pa_voicing-avec-soliste","36":"pa_voicing-sam-fr","37":"pa_voicing-satb-fr","39":"first","40":"instock","41":"taxable","42":"shipping-taxable","43":"purchasable","44":"product-type-variable","45":"has-default-attributes"},"acf":[],"yoast_head":"<!-- This site is optimized with the Yoast SEO plugin v27.5 - https:\/\/yoast.com\/product\/yoast-seo-wordpress\/ -->\n<title>get the gospel<\/title>\n<meta name=\"description\" content=\"13 nouvelles chansons pour ch\u0153ur mixte, \u00e9crites par des compositeurs de ch\u0153ur de premier plan, constituent le contenu de &quot;get the gospel&quot;. &gt;&gt;&gt;\" \/>\n<meta name=\"robots\" content=\"index, follow, max-snippet:-1, max-image-preview:large, max-video-preview:-1\" \/>\n<link rel=\"canonical\" href=\"https:\/\/www.zebemusic.com\/fr\/product\/get-the-gospel\/\" \/>\n<meta property=\"og:locale\" content=\"fr_FR\" \/>\n<meta property=\"og:type\" content=\"article\" \/>\n<meta property=\"og:title\" content=\"get the gospel\" \/>\n<meta property=\"og:description\" content=\"13 nouvelles chansons pour ch\u0153ur mixte, \u00e9crites par des compositeurs de ch\u0153ur de premier plan, constituent le contenu de &quot;get the gospel&quot;. &gt;&gt;&gt;\" \/>\n<meta property=\"og:url\" content=\"https:\/\/www.zebemusic.com\/fr\/product\/get-the-gospel\/\" \/>\n<meta property=\"og:site_name\" content=\"ZebeMusic\" \/>\n<meta property=\"article:publisher\" content=\"https:\/\/www.facebook.com\/zebemusic\" \/>\n<meta property=\"article:modified_time\" content=\"2025-09-08T08:42:56+00:00\" \/>\n<meta property=\"og:image\" content=\"https:\/\/www.zebemusic.com\/wp-content\/uploads\/2024\/01\/9783954230433.jpg\" \/>\n\t<meta property=\"og:image:width\" content=\"389\" \/>\n\t<meta property=\"og:image:height\" content=\"500\" \/>\n\t<meta property=\"og:image:type\" content=\"image\/jpeg\" \/>\n<meta name=\"twitter:card\" content=\"summary_large_image\" \/>\n<meta name=\"twitter:label1\" content=\"Est. reading time\" \/>\n\t<meta name=\"twitter:data1\" content=\"1 minute\" \/>\n<script type=\"application\/ld+json\" class=\"yoast-schema-graph\">{\"@context\":\"https:\\\/\\\/schema.org\",\"@graph\":[{\"@type\":\"WebPage\",\"@id\":\"https:\\\/\\\/www.zebemusic.com\\\/fr\\\/product\\\/get-the-gospel\\\/\",\"url\":\"https:\\\/\\\/www.zebemusic.com\\\/fr\\\/product\\\/get-the-gospel\\\/\",\"name\":\"get the gospel\",\"isPartOf\":{\"@id\":\"https:\\\/\\\/www.zebemusic.com\\\/de\\\/#website\"},\"primaryImageOfPage\":{\"@id\":\"https:\\\/\\\/www.zebemusic.com\\\/fr\\\/product\\\/get-the-gospel\\\/#primaryimage\"},\"image\":{\"@id\":\"https:\\\/\\\/www.zebemusic.com\\\/fr\\\/product\\\/get-the-gospel\\\/#primaryimage\"},\"thumbnailUrl\":\"https:\\\/\\\/www.zebemusic.com\\\/wp-content\\\/uploads\\\/2024\\\/01\\\/9783954230433.jpg\",\"datePublished\":\"2024-01-19T04:05:29+00:00\",\"dateModified\":\"2025-09-08T08:42:56+00:00\",\"description\":\"13 nouvelles chansons pour ch\u0153ur mixte, \u00e9crites par des compositeurs de ch\u0153ur de premier plan, constituent le contenu de \\\"get the gospel\\\". >>>\",\"breadcrumb\":{\"@id\":\"https:\\\/\\\/www.zebemusic.com\\\/fr\\\/product\\\/get-the-gospel\\\/#breadcrumb\"},\"inLanguage\":\"fr-FR\",\"potentialAction\":[{\"@type\":\"ReadAction\",\"target\":[\"https:\\\/\\\/www.zebemusic.com\\\/fr\\\/product\\\/get-the-gospel\\\/\"]}]},{\"@type\":\"ImageObject\",\"inLanguage\":\"fr-FR\",\"@id\":\"https:\\\/\\\/www.zebemusic.com\\\/fr\\\/product\\\/get-the-gospel\\\/#primaryimage\",\"url\":\"https:\\\/\\\/www.zebemusic.com\\\/wp-content\\\/uploads\\\/2024\\\/01\\\/9783954230433.jpg\",\"contentUrl\":\"https:\\\/\\\/www.zebemusic.com\\\/wp-content\\\/uploads\\\/2024\\\/01\\\/9783954230433.jpg\",\"width\":389,\"height\":500},{\"@type\":\"BreadcrumbList\",\"@id\":\"https:\\\/\\\/www.zebemusic.com\\\/fr\\\/product\\\/get-the-gospel\\\/#breadcrumb\",\"itemListElement\":[{\"@type\":\"ListItem\",\"position\":1,\"name\":\"Shop\",\"item\":\"https:\\\/\\\/www.zebemusic.com\\\/fr\\\/shop\\\/\"},{\"@type\":\"ListItem\",\"position\":2,\"name\":\"get the gospel\"}]},{\"@type\":\"WebSite\",\"@id\":\"https:\\\/\\\/www.zebemusic.com\\\/de\\\/#website\",\"url\":\"https:\\\/\\\/www.zebemusic.com\\\/de\\\/\",\"name\":\"ZebeMusic\",\"description\":\"vous incite a chanter.\",\"publisher\":{\"@id\":\"https:\\\/\\\/www.zebemusic.com\\\/de\\\/#organization\"},\"alternateName\":\"Gospelnoten & Kindermusicals\",\"potentialAction\":[{\"@type\":\"SearchAction\",\"target\":{\"@type\":\"EntryPoint\",\"urlTemplate\":\"https:\\\/\\\/www.zebemusic.com\\\/de\\\/?s={search_term_string}\"},\"query-input\":{\"@type\":\"PropertyValueSpecification\",\"valueRequired\":true,\"valueName\":\"search_term_string\"}}],\"inLanguage\":\"fr-FR\"},{\"@type\":\"Organization\",\"@id\":\"https:\\\/\\\/www.zebemusic.com\\\/de\\\/#organization\",\"name\":\"ZebeMusic\",\"url\":\"https:\\\/\\\/www.zebemusic.com\\\/de\\\/\",\"logo\":{\"@type\":\"ImageObject\",\"inLanguage\":\"fr-FR\",\"@id\":\"https:\\\/\\\/www.zebemusic.com\\\/de\\\/#\\\/schema\\\/logo\\\/image\\\/\",\"url\":\"https:\\\/\\\/www.zebemusic.com\\\/wp-content\\\/uploads\\\/2025\\\/10\\\/ZEBE-Logo_ZW-makesyousing.jpg\",\"contentUrl\":\"https:\\\/\\\/www.zebemusic.com\\\/wp-content\\\/uploads\\\/2025\\\/10\\\/ZEBE-Logo_ZW-makesyousing.jpg\",\"width\":2212,\"height\":958,\"caption\":\"ZebeMusic\"},\"image\":{\"@id\":\"https:\\\/\\\/www.zebemusic.com\\\/de\\\/#\\\/schema\\\/logo\\\/image\\\/\"},\"sameAs\":[\"https:\\\/\\\/www.facebook.com\\\/zebemusic\",\"https:\\\/\\\/www.instagram.com\\\/zebemusic\",\"https:\\\/\\\/www.youtube.com\\\/zebemusicberlin\"]}]}<\/script>\n<!-- \/ Yoast SEO plugin. -->","yoast_head_json":{"title":"get the gospel","description":"13 nouvelles chansons pour ch\u0153ur mixte, \u00e9crites par des compositeurs de ch\u0153ur de premier plan, constituent le contenu de \"get the gospel\". >>>","robots":{"index":"index","follow":"follow","max-snippet":"max-snippet:-1","max-image-preview":"max-image-preview:large","max-video-preview":"max-video-preview:-1"},"canonical":"https:\/\/www.zebemusic.com\/fr\/product\/get-the-gospel\/","og_locale":"fr_FR","og_type":"article","og_title":"get the gospel","og_description":"13 nouvelles chansons pour ch\u0153ur mixte, \u00e9crites par des compositeurs de ch\u0153ur de premier plan, constituent le contenu de \"get the gospel\". >>>","og_url":"https:\/\/www.zebemusic.com\/fr\/product\/get-the-gospel\/","og_site_name":"ZebeMusic","article_publisher":"https:\/\/www.facebook.com\/zebemusic","article_modified_time":"2025-09-08T08:42:56+00:00","og_image":[{"width":389,"height":500,"url":"https:\/\/www.zebemusic.com\/wp-content\/uploads\/2024\/01\/9783954230433.jpg","type":"image\/jpeg"}],"twitter_card":"summary_large_image","twitter_misc":{"Est. reading time":"1 minute"},"schema":{"@context":"https:\/\/schema.org","@graph":[{"@type":"WebPage","@id":"https:\/\/www.zebemusic.com\/fr\/product\/get-the-gospel\/","url":"https:\/\/www.zebemusic.com\/fr\/product\/get-the-gospel\/","name":"get the gospel","isPartOf":{"@id":"https:\/\/www.zebemusic.com\/de\/#website"},"primaryImageOfPage":{"@id":"https:\/\/www.zebemusic.com\/fr\/product\/get-the-gospel\/#primaryimage"},"image":{"@id":"https:\/\/www.zebemusic.com\/fr\/product\/get-the-gospel\/#primaryimage"},"thumbnailUrl":"https:\/\/www.zebemusic.com\/wp-content\/uploads\/2024\/01\/9783954230433.jpg","datePublished":"2024-01-19T04:05:29+00:00","dateModified":"2025-09-08T08:42:56+00:00","description":"13 nouvelles chansons pour ch\u0153ur mixte, \u00e9crites par des compositeurs de ch\u0153ur de premier plan, constituent le contenu de \"get the gospel\". >>>","breadcrumb":{"@id":"https:\/\/www.zebemusic.com\/fr\/product\/get-the-gospel\/#breadcrumb"},"inLanguage":"fr-FR","potentialAction":[{"@type":"ReadAction","target":["https:\/\/www.zebemusic.com\/fr\/product\/get-the-gospel\/"]}]},{"@type":"ImageObject","inLanguage":"fr-FR","@id":"https:\/\/www.zebemusic.com\/fr\/product\/get-the-gospel\/#primaryimage","url":"https:\/\/www.zebemusic.com\/wp-content\/uploads\/2024\/01\/9783954230433.jpg","contentUrl":"https:\/\/www.zebemusic.com\/wp-content\/uploads\/2024\/01\/9783954230433.jpg","width":389,"height":500},{"@type":"BreadcrumbList","@id":"https:\/\/www.zebemusic.com\/fr\/product\/get-the-gospel\/#breadcrumb","itemListElement":[{"@type":"ListItem","position":1,"name":"Shop","item":"https:\/\/www.zebemusic.com\/fr\/shop\/"},{"@type":"ListItem","position":2,"name":"get the gospel"}]},{"@type":"WebSite","@id":"https:\/\/www.zebemusic.com\/de\/#website","url":"https:\/\/www.zebemusic.com\/de\/","name":"ZebeMusic","description":"vous incite a chanter.","publisher":{"@id":"https:\/\/www.zebemusic.com\/de\/#organization"},"alternateName":"Gospelnoten & Kindermusicals","potentialAction":[{"@type":"SearchAction","target":{"@type":"EntryPoint","urlTemplate":"https:\/\/www.zebemusic.com\/de\/?s={search_term_string}"},"query-input":{"@type":"PropertyValueSpecification","valueRequired":true,"valueName":"search_term_string"}}],"inLanguage":"fr-FR"},{"@type":"Organization","@id":"https:\/\/www.zebemusic.com\/de\/#organization","name":"ZebeMusic","url":"https:\/\/www.zebemusic.com\/de\/","logo":{"@type":"ImageObject","inLanguage":"fr-FR","@id":"https:\/\/www.zebemusic.com\/de\/#\/schema\/logo\/image\/","url":"https:\/\/www.zebemusic.com\/wp-content\/uploads\/2025\/10\/ZEBE-Logo_ZW-makesyousing.jpg","contentUrl":"https:\/\/www.zebemusic.com\/wp-content\/uploads\/2025\/10\/ZEBE-Logo_ZW-makesyousing.jpg","width":2212,"height":958,"caption":"ZebeMusic"},"image":{"@id":"https:\/\/www.zebemusic.com\/de\/#\/schema\/logo\/image\/"},"sameAs":["https:\/\/www.facebook.com\/zebemusic","https:\/\/www.instagram.com\/zebemusic","https:\/\/www.youtube.com\/zebemusicberlin"]}]}},"_links":{"self":[{"href":"https:\/\/www.zebemusic.com\/fr\/wp-json\/wp\/v2\/product\/19723","targetHints":{"allow":["GET"]}}],"collection":[{"href":"https:\/\/www.zebemusic.com\/fr\/wp-json\/wp\/v2\/product"}],"about":[{"href":"https:\/\/www.zebemusic.com\/fr\/wp-json\/wp\/v2\/types\/product"}],"wp:featuredmedia":[{"embeddable":true,"href":"https:\/\/www.zebemusic.com\/fr\/wp-json\/wp\/v2\/media\/19758"}],"wp:attachment":[{"href":"https:\/\/www.zebemusic.com\/fr\/wp-json\/wp\/v2\/media?parent=19723"}],"wp:term":[{"taxonomy":"product_brand","embeddable":true,"href":"https:\/\/www.zebemusic.com\/fr\/wp-json\/wp\/v2\/product_brand?post=19723"},{"taxonomy":"product_cat","embeddable":true,"href":"https:\/\/www.zebemusic.com\/fr\/wp-json\/wp\/v2\/product_cat?post=19723"},{"taxonomy":"product_tag","embeddable":true,"href":"https:\/\/www.zebemusic.com\/fr\/wp-json\/wp\/v2\/product_tag?post=19723"}],"curies":[{"name":"wp","href":"https:\/\/api.w.org\/{rel}","templated":true}]}}