{"id":22719,"date":"2014-11-19T21:32:59","date_gmt":"2014-11-19T19:32:59","guid":{"rendered":"https:\/\/www.zebemusic.com\/product\/kyrie-a-gospel-mass\/"},"modified":"2026-04-01T10:43:42","modified_gmt":"2026-04-01T09:43:42","slug":"messe-gospel","status":"publish","type":"product","link":"https:\/\/www.zebemusic.com\/fr\/product\/messe-gospel\/","title":{"rendered":"Kyrie &#8211; A Gospel Mass <br><i>Messe Gospel<\/i>"},"content":{"rendered":"<p>Messe Gospel<\/p>\n","protected":false},"excerpt":{"rendered":"<p>Cette messe gospel de Stephan Zebe offre un v\u00e9ritable sentiment de gospel \u00e0 votre chorale. Il a mis en musique le texte anglais de la messe en six mouvements entra\u00eenants et \u00e9mouvants. Les arrangements pour le ch\u0153ur \u00e0 quatre voix et les solistes sont pleins d&#8217;\u00e2me et dynamiques. Cette \u0153uvre d&#8217;une demi-heure est accompagn\u00e9e au piano ou \u00e0 l&#8217;orchestre. Un accompagnement pour la section rythmique et les instruments \u00e0 vent est disponible. En configuration compl\u00e8te, y compris un Hammond B3, un playback est disponible pour l&#8217;accompagnement en r\u00e9p\u00e9tition ou en concert. Pour Stephan Zebe, &#8220;Kyrie &#8211; A Gospel Mass&#8221; est la cons\u00e9quence de l&#8217;introduction de la musique gospel en tant que musique d&#8217;\u00e9glise contemporaine dans l&#8217;office religieux et de l&#8217;office religieux dans le concert. Il est important pour lui que la structure de la messe, en tant que forme glaubens- et lebensnahe, soit authentiquement conserv\u00e9e et interpr\u00e9t\u00e9e. Cette messe \u00e9vang\u00e9lique est l&#8217;un de nos classiques. Elle a \u00e9t\u00e9 jou\u00e9e dans plus de vingt pays \u00e0 travers le monde.<\/p>\n<p><strong>CONTENTS:<\/strong> Kyrie, Glory be to God on High, O Lord (You Alone Are Holy), I Believe, Sanctus, Lamb of God<\/p>\n<p style=\"padding-left: 30px;\"><strong><em><span style=\"color: #993300;\"><em><em><strong>&#8220;<\/strong><\/em><\/em>La messe gospel Kyrie &#8211; A Gospel Mass de Stephan Zebe est tout \u00e0 fait recommandable. Il s&#8217;agit d&#8217;une \u0153uvre exigeante sur le plan rythmique et harmonique. Tr\u00e8s gratifiante, car elle reproduit de mani\u00e8re tr\u00e8s authentique le style gospel typique.&#8221; <\/span> <\/em><\/strong> (Musik &amp; Kirche)<\/p>\n<p style=\"padding-left: 30px;\"><span style=\"color: #993300;\"><em><strong>&#8220;Zebe pr\u00e9sente une \u0153uvre qui fait honneur au terme gospel dans son langage musical&#8230; L&#8217;\u0153uvre transmet un concept bien pens\u00e9&#8221;.<\/strong><\/em><\/span> (Mitteldeutsche Zeitung)<\/p>\n<p style=\"padding-left: 30px;\"><em><strong><span style=\"color: #993300;\">&#8220;Les mouvements choraux sont tr\u00e8s sonores et tr\u00e8s anim\u00e9s&#8230; Cette messe gospel offre la possibilit\u00e9 de compl\u00e9ter le travail des chorales scolaires par une \u0153uvre exigeante mais aussi motivante.&#8221; <\/span><\/strong><\/em>(Musik und Bildung)<\/p>\n<hr \/>\n<p><strong><span style=\"color: #717171;\">Musique : <\/span><\/strong><a href=\"https:\/\/www.zebemusic.com\/fr\/stephanzebe\/\">Stephan Zebe<\/a><br \/>\n<strong><span style=\"color: #717171;\">Instrumentation :<\/span><\/strong> S.A.T.B., soliste, piano, batterie, basse et section de cuivres (tp, as, tb) ad lib.<br \/>\n<strong><span style=\"color: #717171;\">Niveau de difficult\u00e9 :<\/span><\/strong> moyen<\/p>\n<p><strong><a href=\"\/wp-content\/PP\/PP3000.pdf\" target=\"_blank\" rel=\"noopener noreferrer\">Exemple de partition &gt;&gt;&gt;<\/a> <\/strong>&gt;&gt;&gt;<\/p>\n<p><a href=\"http:\/\/www.zebemusic.com\/audio\/ZEBE3000.mp3\" target=\"_blank\" rel=\"noopener noreferrer\">\u00c9chantillon audio :<\/a><\/p>\n[audio mp3=\"https:\/\/www.zebemusic.com\/wp-content\/uploads\/2024\/02\/ZEBE3000-1.mp3\"][\/audio]\n<p><a href=\"http:\/\/www.zebemusic.com\/audio\/ZEBE3007.mp3\" target=\"_blank\" rel=\"noopener noreferrer\">Lecture d&#8217;un \u00e9chantillon audio :<\/a><\/p>\n[audio mp3=\"https:\/\/www.zebemusic.com\/wp-content\/uploads\/2024\/02\/ZEBE3007-1.mp3\"][\/audio]\n<p>&nbsp;<\/p>\n<hr \/>\n<p><strong>Versions disponibles :<\/strong><\/p>\n<p><span style=\"color: #717171;\"><br \/>\n<\/span><strong>&#8211; <\/strong><strong><strong>Partition compl\u00e8te <\/strong><\/strong> (ZE 3012, ISBN 978-3-940745-49-1, grand format, paysage, 96 pages, reliure \u00e0 anneaux) \u20ac 24,90<\/p>\n<p><strong><strong>&#8211; R\u00e9duction pour piano<\/strong><\/strong> (ZE 3000, ISBN 978-3-940745-06-4) \u20ac 12,00 <span style=\"text-decoration: underline;\"><span style=\"color: red; text-decoration: underline;\">Prix r\u00e9duit !<\/span><\/span> A partir de 10 pi\u00e8ces seulement \u20ac 9,90, \u00e0 partir de 50 pi\u00e8ces seulement \u20ac 8,90<\/p>\n<p><strong>&#8211; Pack du leader : partition + instrumentale + mp3-Playback<\/strong><strong><br \/>\n<\/strong>(ZE 3009, ISBN 978-3-940745-63-7) <span style=\"text-decoration: line-through;\">\u20ac 74,79<\/span> (26% de r\u00e9duction pour les r\u00e9alisateurs) \u20ac 55,00<\/p>\n<p>&#8211; <strong>CD <\/strong>nouvel enregistrement avec ch\u0153ur de studio et la soliste vedette Madeleine Lang ! (ZE 1418) \u20ac 7,99<\/p>\n<p>&#8211; <strong>CD \u00e0 t\u00e9l\u00e9charger <\/strong>\u20ac 4,99<\/p>\n<p>&#8211; <strong>CD d&#8217;accompagnement <\/strong>(ZE 3007, ISBN 978-3-940745-66-8) \u20ac 30,00 Le CD d&#8217;accompagnement contient des enregistrements de l&#8217;orchestre complet avec section de cuivres et Hammond B3 pour accompagner votre chorale. Il s&#8217;agit d&#8217;une aide motivante pour les r\u00e9p\u00e9titions et peut \u00e9galement \u00eatre utilis\u00e9 pour les repr\u00e9sentations. Il contient en bonus un vamp de &#8220;Glory Be to God On High&#8221;.<\/p>\n<p>&#8211; <strong>CD d&#8217;accompagnement en mp3 \u00e0 t\u00e9l\u00e9charger <\/strong>\u20ac 14.99<\/p>\n<p>&#8211; <strong>Instrumental<\/strong> Pak (ZE 3008, ISBN 978-3-940745-65-1) \u20ac 34.90 La nouvelle version de l&#8217;Instrumental Pak contient une partition (adapt\u00e9e au jeu libre au piano et \u00e0 la guitare) et les parties de basse, de batterie, de trompette, de trombone et de saxophone alto. Les parties instrumentales sont disponibles s\u00e9par\u00e9ment \u00e0 partir de \u20ac 9.00.<\/p>\n","protected":false},"featured_media":30521,"template":"","meta":{"_acf_changed":false},"product_brand":[],"product_cat":[1127,130],"product_tag":[1097,1398,1396,1112],"class_list":{"0":"post-22719","1":"product","2":"type-product","3":"status-publish","4":"has-post-thumbnail","6":"product_cat-weihnachten-fr","7":"product_cat-gospel","8":"product_tag-cd-fr","9":"product_tag-gospelmass-fr","10":"product_tag-noel","11":"product_tag-zebe-fr","12":"pa_diff-moyen","13":"pa_language-anglais","14":"pa_occ-bapteme-et-temoignage","15":"pa_occ-commencement-et-adieu-benediction","16":"pa_occ-konzert-fr","17":"pa_occ-liturgie-fr","18":"pa_occ-louer","19":"pa_occ-noel","20":"pa_occ-schul-gemeindeprojekt-fr","21":"pa_others-bestseller-fr","22":"pa_style-genre-gospel-fr","23":"pa_style-genre-worship-fr","24":"pa_style-genre-contemporary-fr","25":"pa_style-genre-soul-funk-fr","26":"pa_style-genre-traditional-gospel-style-fr","27":"pa_style-genre-uptempo-fr","28":"pa_variation-basse","29":"pa_variation-batterie-fr","30":"pa_variation-cd-fr-2","31":"pa_variation-choeur-reduction-pour-piano","32":"pa_variation-feuille-de-plomb","33":"pa_variation-leaders-pak-fr","34":"pa_variation-lecture-de-mp3","35":"pa_variation-lecture-du-cd","36":"pa_variation-paquet-dinstruments","37":"pa_variation-partition-fr","38":"pa_variation-staffelpreis-ab-10-fr","39":"pa_variation-prix-reduit-a-partir-de-50","40":"pa_variation-sax-alto","41":"pa_variation-telechargement-mp3-de-lalbum","42":"pa_variation-trombone-fr","43":"pa_variation-trompette","44":"pa_voicing-acappella-fr","45":"pa_voicing-accompagne","46":"pa_voicing-avec-bande","47":"pa_voicing-avec-soliste","48":"pa_voicing-sam-fr","49":"pa_voicing-satb-fr","51":"first","52":"instock","53":"taxable","54":"shipping-taxable","55":"purchasable","56":"product-type-variable","57":"has-default-attributes"},"acf":[],"yoast_head":"<!-- This site is optimized with the Yoast SEO plugin v27.3 - https:\/\/yoast.com\/product\/yoast-seo-wordpress\/ -->\n<title>KYRIE - A GOSPEL MASS Messe du GOSPEL &quot;R\u00e9jouissante et \u00e9mouvante !<\/title>\n<meta name=\"description\" content=\"Messe du Gospel &quot;Kyrie - A Gospel Mass&quot; pour ch\u0153ur \u00e0 trois ou quatre voix et piano (orchestre ad lib.) &quot;Un travail exigeant, mais aussi motivant&quot;. (Musik und Bildung)\" \/>\n<meta name=\"robots\" content=\"index, follow, max-snippet:-1, max-image-preview:large, max-video-preview:-1\" \/>\n<link rel=\"canonical\" href=\"https:\/\/www.zebemusic.com\/fr\/product\/messe-gospel\/\" \/>\n<meta property=\"og:locale\" content=\"fr_FR\" \/>\n<meta property=\"og:type\" content=\"article\" \/>\n<meta property=\"og:title\" content=\"KYRIE - A GOSPEL MASS Messe du GOSPEL &quot;R\u00e9jouissante et \u00e9mouvante !\" \/>\n<meta property=\"og:description\" content=\"Messe du Gospel &quot;Kyrie - A Gospel Mass&quot; pour ch\u0153ur \u00e0 trois ou quatre voix et piano (orchestre ad lib.) &quot;Un travail exigeant, mais aussi motivant&quot;. (Musik und Bildung)\" \/>\n<meta property=\"og:url\" content=\"https:\/\/www.zebemusic.com\/fr\/product\/messe-gospel\/\" \/>\n<meta property=\"og:site_name\" content=\"ZebeMusic\" \/>\n<meta property=\"article:publisher\" content=\"https:\/\/www.facebook.com\/zebemusic\" \/>\n<meta property=\"article:modified_time\" content=\"2026-04-01T09:43:42+00:00\" \/>\n<meta property=\"og:image\" content=\"https:\/\/www.zebemusic.com\/wp-content\/uploads\/2014\/11\/ZEBE3000.jpg\" \/>\n\t<meta property=\"og:image:width\" content=\"893\" \/>\n\t<meta property=\"og:image:height\" content=\"1181\" \/>\n\t<meta property=\"og:image:type\" content=\"image\/jpeg\" \/>\n<meta name=\"twitter:card\" content=\"summary_large_image\" \/>\n<meta name=\"twitter:label1\" content=\"Est. reading time\" \/>\n\t<meta name=\"twitter:data1\" content=\"1 minute\" \/>\n<script type=\"application\/ld+json\" class=\"yoast-schema-graph\">{\"@context\":\"https:\\\/\\\/schema.org\",\"@graph\":[{\"@type\":\"WebPage\",\"@id\":\"https:\\\/\\\/www.zebemusic.com\\\/fr\\\/product\\\/messe-gospel\\\/\",\"url\":\"https:\\\/\\\/www.zebemusic.com\\\/fr\\\/product\\\/messe-gospel\\\/\",\"name\":\"KYRIE - A GOSPEL MASS Messe du GOSPEL \\\"R\u00e9jouissante et \u00e9mouvante !\",\"isPartOf\":{\"@id\":\"https:\\\/\\\/www.zebemusic.com\\\/de\\\/#website\"},\"primaryImageOfPage\":{\"@id\":\"https:\\\/\\\/www.zebemusic.com\\\/fr\\\/product\\\/messe-gospel\\\/#primaryimage\"},\"image\":{\"@id\":\"https:\\\/\\\/www.zebemusic.com\\\/fr\\\/product\\\/messe-gospel\\\/#primaryimage\"},\"thumbnailUrl\":\"https:\\\/\\\/www.zebemusic.com\\\/wp-content\\\/uploads\\\/2014\\\/11\\\/ZEBE3000.jpg\",\"datePublished\":\"2014-11-19T19:32:59+00:00\",\"dateModified\":\"2026-04-01T09:43:42+00:00\",\"description\":\"Messe du Gospel \\\"Kyrie - A Gospel Mass\\\" pour ch\u0153ur \u00e0 trois ou quatre voix et piano (orchestre ad lib.) \\\"Un travail exigeant, mais aussi motivant\\\". (Musik und Bildung)\",\"breadcrumb\":{\"@id\":\"https:\\\/\\\/www.zebemusic.com\\\/fr\\\/product\\\/messe-gospel\\\/#breadcrumb\"},\"inLanguage\":\"fr-FR\",\"potentialAction\":[{\"@type\":\"ReadAction\",\"target\":[\"https:\\\/\\\/www.zebemusic.com\\\/fr\\\/product\\\/messe-gospel\\\/\"]}]},{\"@type\":\"ImageObject\",\"inLanguage\":\"fr-FR\",\"@id\":\"https:\\\/\\\/www.zebemusic.com\\\/fr\\\/product\\\/messe-gospel\\\/#primaryimage\",\"url\":\"https:\\\/\\\/www.zebemusic.com\\\/wp-content\\\/uploads\\\/2014\\\/11\\\/ZEBE3000.jpg\",\"contentUrl\":\"https:\\\/\\\/www.zebemusic.com\\\/wp-content\\\/uploads\\\/2014\\\/11\\\/ZEBE3000.jpg\",\"width\":893,\"height\":1181,\"caption\":\"Gospelmesse\"},{\"@type\":\"BreadcrumbList\",\"@id\":\"https:\\\/\\\/www.zebemusic.com\\\/fr\\\/product\\\/messe-gospel\\\/#breadcrumb\",\"itemListElement\":[{\"@type\":\"ListItem\",\"position\":1,\"name\":\"Shop\",\"item\":\"https:\\\/\\\/www.zebemusic.com\\\/fr\\\/shop\\\/\"},{\"@type\":\"ListItem\",\"position\":2,\"name\":\"Kyrie &#8211; A Gospel Mass Messe Gospel\"}]},{\"@type\":\"WebSite\",\"@id\":\"https:\\\/\\\/www.zebemusic.com\\\/de\\\/#website\",\"url\":\"https:\\\/\\\/www.zebemusic.com\\\/de\\\/\",\"name\":\"ZebeMusic\",\"description\":\"vous incite a chanter.\",\"publisher\":{\"@id\":\"https:\\\/\\\/www.zebemusic.com\\\/de\\\/#organization\"},\"alternateName\":\"Gospelnoten & Kindermusicals\",\"potentialAction\":[{\"@type\":\"SearchAction\",\"target\":{\"@type\":\"EntryPoint\",\"urlTemplate\":\"https:\\\/\\\/www.zebemusic.com\\\/de\\\/?s={search_term_string}\"},\"query-input\":{\"@type\":\"PropertyValueSpecification\",\"valueRequired\":true,\"valueName\":\"search_term_string\"}}],\"inLanguage\":\"fr-FR\"},{\"@type\":\"Organization\",\"@id\":\"https:\\\/\\\/www.zebemusic.com\\\/de\\\/#organization\",\"name\":\"ZebeMusic\",\"url\":\"https:\\\/\\\/www.zebemusic.com\\\/de\\\/\",\"logo\":{\"@type\":\"ImageObject\",\"inLanguage\":\"fr-FR\",\"@id\":\"https:\\\/\\\/www.zebemusic.com\\\/de\\\/#\\\/schema\\\/logo\\\/image\\\/\",\"url\":\"https:\\\/\\\/www.zebemusic.com\\\/wp-content\\\/uploads\\\/2025\\\/10\\\/ZEBE-Logo_ZW-makesyousing.jpg\",\"contentUrl\":\"https:\\\/\\\/www.zebemusic.com\\\/wp-content\\\/uploads\\\/2025\\\/10\\\/ZEBE-Logo_ZW-makesyousing.jpg\",\"width\":2212,\"height\":958,\"caption\":\"ZebeMusic\"},\"image\":{\"@id\":\"https:\\\/\\\/www.zebemusic.com\\\/de\\\/#\\\/schema\\\/logo\\\/image\\\/\"},\"sameAs\":[\"https:\\\/\\\/www.facebook.com\\\/zebemusic\",\"https:\\\/\\\/www.instagram.com\\\/zebemusic\",\"https:\\\/\\\/www.youtube.com\\\/zebemusicberlin\"]}]}<\/script>\n<!-- \/ Yoast SEO plugin. -->","yoast_head_json":{"title":"KYRIE - A GOSPEL MASS Messe du GOSPEL \"R\u00e9jouissante et \u00e9mouvante !","description":"Messe du Gospel \"Kyrie - A Gospel Mass\" pour ch\u0153ur \u00e0 trois ou quatre voix et piano (orchestre ad lib.) \"Un travail exigeant, mais aussi motivant\". (Musik und Bildung)","robots":{"index":"index","follow":"follow","max-snippet":"max-snippet:-1","max-image-preview":"max-image-preview:large","max-video-preview":"max-video-preview:-1"},"canonical":"https:\/\/www.zebemusic.com\/fr\/product\/messe-gospel\/","og_locale":"fr_FR","og_type":"article","og_title":"KYRIE - A GOSPEL MASS Messe du GOSPEL \"R\u00e9jouissante et \u00e9mouvante !","og_description":"Messe du Gospel \"Kyrie - A Gospel Mass\" pour ch\u0153ur \u00e0 trois ou quatre voix et piano (orchestre ad lib.) \"Un travail exigeant, mais aussi motivant\". (Musik und Bildung)","og_url":"https:\/\/www.zebemusic.com\/fr\/product\/messe-gospel\/","og_site_name":"ZebeMusic","article_publisher":"https:\/\/www.facebook.com\/zebemusic","article_modified_time":"2026-04-01T09:43:42+00:00","og_image":[{"width":893,"height":1181,"url":"https:\/\/www.zebemusic.com\/wp-content\/uploads\/2014\/11\/ZEBE3000.jpg","type":"image\/jpeg"}],"twitter_card":"summary_large_image","twitter_misc":{"Est. reading time":"1 minute"},"schema":{"@context":"https:\/\/schema.org","@graph":[{"@type":"WebPage","@id":"https:\/\/www.zebemusic.com\/fr\/product\/messe-gospel\/","url":"https:\/\/www.zebemusic.com\/fr\/product\/messe-gospel\/","name":"KYRIE - A GOSPEL MASS Messe du GOSPEL \"R\u00e9jouissante et \u00e9mouvante !","isPartOf":{"@id":"https:\/\/www.zebemusic.com\/de\/#website"},"primaryImageOfPage":{"@id":"https:\/\/www.zebemusic.com\/fr\/product\/messe-gospel\/#primaryimage"},"image":{"@id":"https:\/\/www.zebemusic.com\/fr\/product\/messe-gospel\/#primaryimage"},"thumbnailUrl":"https:\/\/www.zebemusic.com\/wp-content\/uploads\/2014\/11\/ZEBE3000.jpg","datePublished":"2014-11-19T19:32:59+00:00","dateModified":"2026-04-01T09:43:42+00:00","description":"Messe du Gospel \"Kyrie - A Gospel Mass\" pour ch\u0153ur \u00e0 trois ou quatre voix et piano (orchestre ad lib.) \"Un travail exigeant, mais aussi motivant\". (Musik und Bildung)","breadcrumb":{"@id":"https:\/\/www.zebemusic.com\/fr\/product\/messe-gospel\/#breadcrumb"},"inLanguage":"fr-FR","potentialAction":[{"@type":"ReadAction","target":["https:\/\/www.zebemusic.com\/fr\/product\/messe-gospel\/"]}]},{"@type":"ImageObject","inLanguage":"fr-FR","@id":"https:\/\/www.zebemusic.com\/fr\/product\/messe-gospel\/#primaryimage","url":"https:\/\/www.zebemusic.com\/wp-content\/uploads\/2014\/11\/ZEBE3000.jpg","contentUrl":"https:\/\/www.zebemusic.com\/wp-content\/uploads\/2014\/11\/ZEBE3000.jpg","width":893,"height":1181,"caption":"Gospelmesse"},{"@type":"BreadcrumbList","@id":"https:\/\/www.zebemusic.com\/fr\/product\/messe-gospel\/#breadcrumb","itemListElement":[{"@type":"ListItem","position":1,"name":"Shop","item":"https:\/\/www.zebemusic.com\/fr\/shop\/"},{"@type":"ListItem","position":2,"name":"Kyrie &#8211; A Gospel Mass Messe Gospel"}]},{"@type":"WebSite","@id":"https:\/\/www.zebemusic.com\/de\/#website","url":"https:\/\/www.zebemusic.com\/de\/","name":"ZebeMusic","description":"vous incite a chanter.","publisher":{"@id":"https:\/\/www.zebemusic.com\/de\/#organization"},"alternateName":"Gospelnoten & Kindermusicals","potentialAction":[{"@type":"SearchAction","target":{"@type":"EntryPoint","urlTemplate":"https:\/\/www.zebemusic.com\/de\/?s={search_term_string}"},"query-input":{"@type":"PropertyValueSpecification","valueRequired":true,"valueName":"search_term_string"}}],"inLanguage":"fr-FR"},{"@type":"Organization","@id":"https:\/\/www.zebemusic.com\/de\/#organization","name":"ZebeMusic","url":"https:\/\/www.zebemusic.com\/de\/","logo":{"@type":"ImageObject","inLanguage":"fr-FR","@id":"https:\/\/www.zebemusic.com\/de\/#\/schema\/logo\/image\/","url":"https:\/\/www.zebemusic.com\/wp-content\/uploads\/2025\/10\/ZEBE-Logo_ZW-makesyousing.jpg","contentUrl":"https:\/\/www.zebemusic.com\/wp-content\/uploads\/2025\/10\/ZEBE-Logo_ZW-makesyousing.jpg","width":2212,"height":958,"caption":"ZebeMusic"},"image":{"@id":"https:\/\/www.zebemusic.com\/de\/#\/schema\/logo\/image\/"},"sameAs":["https:\/\/www.facebook.com\/zebemusic","https:\/\/www.instagram.com\/zebemusic","https:\/\/www.youtube.com\/zebemusicberlin"]}]}},"_links":{"self":[{"href":"https:\/\/www.zebemusic.com\/fr\/wp-json\/wp\/v2\/product\/22719","targetHints":{"allow":["GET"]}}],"collection":[{"href":"https:\/\/www.zebemusic.com\/fr\/wp-json\/wp\/v2\/product"}],"about":[{"href":"https:\/\/www.zebemusic.com\/fr\/wp-json\/wp\/v2\/types\/product"}],"wp:featuredmedia":[{"embeddable":true,"href":"https:\/\/www.zebemusic.com\/fr\/wp-json\/wp\/v2\/media\/30521"}],"wp:attachment":[{"href":"https:\/\/www.zebemusic.com\/fr\/wp-json\/wp\/v2\/media?parent=22719"}],"wp:term":[{"taxonomy":"product_brand","embeddable":true,"href":"https:\/\/www.zebemusic.com\/fr\/wp-json\/wp\/v2\/product_brand?post=22719"},{"taxonomy":"product_cat","embeddable":true,"href":"https:\/\/www.zebemusic.com\/fr\/wp-json\/wp\/v2\/product_cat?post=22719"},{"taxonomy":"product_tag","embeddable":true,"href":"https:\/\/www.zebemusic.com\/fr\/wp-json\/wp\/v2\/product_tag?post=22719"}],"curies":[{"name":"wp","href":"https:\/\/api.w.org\/{rel}","templated":true}]}}