{"id":22798,"date":"2014-07-17T16:26:58","date_gmt":"2014-07-17T14:26:58","guid":{"rendered":"https:\/\/www.zebemusic.com\/product\/psaume-23-this-child\/"},"modified":"2024-12-12T04:40:34","modified_gmt":"2024-12-12T03:40:34","slug":"psaume-23-this-child","status":"publish","type":"product","link":"https:\/\/www.zebemusic.com\/fr\/product\/psaume-23-this-child\/","title":{"rendered":"Psaume 23 \/ This Child"},"content":{"rendered":"","protected":false},"excerpt":{"rendered":"<p>La ballade gospel populaire du 23\u00e8me psaume dans une version pour ch\u0153ur mixte SAM ou SATB et voix solo. Le mouvement d&#8217;accompagnement pour piano est not\u00e9.<br \/>\nIl est int\u00e9ressant de faire participer l&#8217;assembl\u00e9e ou le public avec un texte en allemand qui condense le contenu du psaume.<\/p>\n<p>Version texte de ce mouvement de ch\u0153ur : <a href=\"https:\/\/www.zebemusic.com\/de\/product\/this-child\/\">This Child<\/a> (est imprim\u00e9 \u00e0 chaque fois !)<\/p>\n<hr>\n<p><strong><a href=\"\/wp-content\/PP\/PP1269.pdf\" target=\"_blank\" rel=\"noopener\">Partition d&#8217;essai \u00e0 t\u00e9l\u00e9charger<\/a> <\/strong>&gt;&gt;&gt;<\/p>\n<p><a href=\"\/audio\/ZEBE3054P.mp3\" target=\"_blank\" rel=\"noopener noreferrer\">\u00c9chantillon sonore<\/a>:<strong><br \/>\n<\/strong><\/p>\n[audio mp3=\"https:\/\/www.zebemusic.com\/wp-content\/uploads\/2024\/02\/ZEBE3054.mp3\"][\/audio]\n<p>&nbsp;<\/p>\n<p>&nbsp;<\/p>\n<p><strong><span style=\"color: #717171;\">Auteur :<\/span><\/strong> <a href=\"\/jeffguillen\">Jeff Guillen<\/a><br \/>\n<strong><span style=\"color: #717171;\">Instrumentation :<\/span><\/strong> S.A.T.B.\/S.A.M.\/S.S.A., Solo, Piano<br \/>\n<strong><span style=\"color: #717171;\">Niveau de difficult\u00e9 :<\/span><\/strong> facile-moyen<\/p>\n<hr>\n<p>&nbsp;<\/p>\n<p><strong><span style=\"color: #717171;\">Versions disponibles :<\/span><\/strong><\/p>\n<p style=\"padding-left: 30px;\"><strong><span style=\"color: #993300;\">CH\u0152UR MIXTE<\/span><\/strong><\/p>\n<p>&#8211; <strong>Partition S.A.T.B. \/ S.A.M.<\/strong> (ZE 1269, ISBN 978-3-940745-68-2, A4, 8 pages) \u20ac 6,00<br \/>\n&#8211; <strong><strong>Edition vocale <\/strong><\/strong> <strong>S.A.T.B. \/ S.A.M.<\/strong> (ZE 9024, A4, 4 pages) \u20ac 1,50<\/p>\n<p style=\"padding-left: 30px;\"><span style=\"color: #993300;\"><strong>CH\u0152UR DE FEMMES<\/strong><\/span><\/p>\n<p>&#8211; <strong>Partition S.S.A. <\/strong>(ZE 1267, ISBN 978-3-940745-69-9, A4, 8 pages) \u20ac 6,00<strong><br \/>\n&#8211; Edition vocale S.S.A. <\/strong> (ZE 1268, ISBN 978-3-940745-78-1, 4 pages) \u20ac 1,50<strong><br \/>\n<\/strong><\/p>\n<p>&#8211; <strong>Playback en t\u00e9l\u00e9chargement mp3 <\/strong> pour les deux versions \u00e0 utiliser en r\u00e9p\u00e9tition ou en concert, \u20ac 2,99<\/p>\n<p>Veuillez s\u00e9lectionner ici :<\/p>\n","protected":false},"featured_media":1813,"template":"","meta":{"_acf_changed":false},"product_brand":[],"product_cat":[130,1609],"product_tag":[1128,1603,1604,1417,1112],"class_list":{"0":"post-22798","1":"product","2":"type-product","3":"status-publish","4":"has-post-thumbnail","6":"product_cat-gospel","7":"product_cat-quantite-minimale","8":"product_tag-frauenchor-fr","9":"product_tag-ea-fr","10":"product_tag-messe-fr","11":"product_tag-psaumes","12":"product_tag-zebe-fr","13":"pa_diff-moyen","14":"pa_language-allemand","15":"pa_language-anglais","16":"pa_occ-advent-fr","17":"pa_occ-liturgie-fr","18":"pa_occ-noel","19":"pa_occ-peur-et-confiance","20":"pa_others-bestseller-fr","21":"pa_others-licence","22":"pa_style-genre-adaptations-chorales","23":"pa_style-genre-ballade-fr","24":"pa_style-genre-gospel-fr","25":"pa_style-genre-latin-fr","26":"pa_style-genre-contemporary-fr","27":"pa_style-genre-pop-crossover-fr","28":"pa_variation-edition-vocale-s-a-t-b","29":"pa_variation-edition-vocale-s-s-a","30":"pa_variation-lecture-de-mp3","31":"pa_variation-partition-s-a-t-b","32":"pa_variation-partition-s-s-a","33":"pa_voicing-accompagne","34":"pa_voicing-avec-soliste","35":"pa_voicing-chant-de-congregation","36":"pa_voicing-choeur-de-femmes","37":"pa_voicing-sam-fr","38":"pa_voicing-satb-fr","39":"pa_voicing-ssa-fr","41":"first","42":"instock","43":"taxable","44":"shipping-taxable","45":"purchasable","46":"product-type-variable"},"acf":[],"yoast_head":"<!-- This site is optimized with the Yoast SEO plugin v27.3 - https:\/\/yoast.com\/product\/yoast-seo-wordpress\/ -->\n<title>Psaume 23 \/ This Child<\/title>\n<meta name=\"description\" content=\"Partitions Gospel Gospel Psalm 23, Partitions, Playback, SATB ou SSA\" \/>\n<meta name=\"robots\" content=\"index, follow, max-snippet:-1, max-image-preview:large, max-video-preview:-1\" \/>\n<link rel=\"canonical\" href=\"https:\/\/www.zebemusic.com\/fr\/product\/psaume-23-this-child\/\" \/>\n<meta property=\"og:locale\" content=\"fr_FR\" \/>\n<meta property=\"og:type\" content=\"article\" \/>\n<meta property=\"og:title\" content=\"Psaume 23 \/ This Child\" \/>\n<meta property=\"og:description\" content=\"Partitions Gospel Gospel Psalm 23, Partitions, Playback, SATB ou SSA\" \/>\n<meta property=\"og:url\" content=\"https:\/\/www.zebemusic.com\/fr\/product\/psaume-23-this-child\/\" \/>\n<meta property=\"og:site_name\" content=\"ZebeMusic\" \/>\n<meta property=\"article:publisher\" content=\"https:\/\/www.facebook.com\/zebemusic\" \/>\n<meta property=\"article:modified_time\" content=\"2024-12-12T03:40:34+00:00\" \/>\n<meta property=\"og:image\" content=\"https:\/\/www.zebemusic.com\/wp-content\/uploads\/2014\/06\/EAtitelweb.jpg\" \/>\n\t<meta property=\"og:image:width\" content=\"353\" \/>\n\t<meta property=\"og:image:height\" content=\"500\" \/>\n\t<meta property=\"og:image:type\" content=\"image\/jpeg\" \/>\n<meta name=\"twitter:card\" content=\"summary_large_image\" \/>\n<script type=\"application\/ld+json\" class=\"yoast-schema-graph\">{\"@context\":\"https:\\\/\\\/schema.org\",\"@graph\":[{\"@type\":\"WebPage\",\"@id\":\"https:\\\/\\\/www.zebemusic.com\\\/fr\\\/product\\\/psaume-23-this-child\\\/\",\"url\":\"https:\\\/\\\/www.zebemusic.com\\\/fr\\\/product\\\/psaume-23-this-child\\\/\",\"name\":\"Psaume 23 \\\/ This Child\",\"isPartOf\":{\"@id\":\"https:\\\/\\\/www.zebemusic.com\\\/de\\\/#website\"},\"primaryImageOfPage\":{\"@id\":\"https:\\\/\\\/www.zebemusic.com\\\/fr\\\/product\\\/psaume-23-this-child\\\/#primaryimage\"},\"image\":{\"@id\":\"https:\\\/\\\/www.zebemusic.com\\\/fr\\\/product\\\/psaume-23-this-child\\\/#primaryimage\"},\"thumbnailUrl\":\"https:\\\/\\\/www.zebemusic.com\\\/wp-content\\\/uploads\\\/2014\\\/06\\\/EAtitelweb.jpg\",\"datePublished\":\"2014-07-17T14:26:58+00:00\",\"dateModified\":\"2024-12-12T03:40:34+00:00\",\"description\":\"Partitions Gospel Gospel Psalm 23, Partitions, Playback, SATB ou SSA\",\"breadcrumb\":{\"@id\":\"https:\\\/\\\/www.zebemusic.com\\\/fr\\\/product\\\/psaume-23-this-child\\\/#breadcrumb\"},\"inLanguage\":\"fr-FR\",\"potentialAction\":[{\"@type\":\"ReadAction\",\"target\":[\"https:\\\/\\\/www.zebemusic.com\\\/fr\\\/product\\\/psaume-23-this-child\\\/\"]}]},{\"@type\":\"ImageObject\",\"inLanguage\":\"fr-FR\",\"@id\":\"https:\\\/\\\/www.zebemusic.com\\\/fr\\\/product\\\/psaume-23-this-child\\\/#primaryimage\",\"url\":\"https:\\\/\\\/www.zebemusic.com\\\/wp-content\\\/uploads\\\/2014\\\/06\\\/EAtitelweb.jpg\",\"contentUrl\":\"https:\\\/\\\/www.zebemusic.com\\\/wp-content\\\/uploads\\\/2014\\\/06\\\/EAtitelweb.jpg\",\"width\":353,\"height\":500,\"caption\":\"Gospel noten \u30af\u30ea\u30b9\u30de\u30b9\u30fb\u30b4\u30b9\u30da\u30eb\u97f3\u697d\u3002\"},{\"@type\":\"BreadcrumbList\",\"@id\":\"https:\\\/\\\/www.zebemusic.com\\\/fr\\\/product\\\/psaume-23-this-child\\\/#breadcrumb\",\"itemListElement\":[{\"@type\":\"ListItem\",\"position\":1,\"name\":\"Shop\",\"item\":\"https:\\\/\\\/www.zebemusic.com\\\/fr\\\/shop\\\/\"},{\"@type\":\"ListItem\",\"position\":2,\"name\":\"Psaume 23 \\\/ This Child\"}]},{\"@type\":\"WebSite\",\"@id\":\"https:\\\/\\\/www.zebemusic.com\\\/de\\\/#website\",\"url\":\"https:\\\/\\\/www.zebemusic.com\\\/de\\\/\",\"name\":\"ZebeMusic\",\"description\":\"vous incite a chanter.\",\"publisher\":{\"@id\":\"https:\\\/\\\/www.zebemusic.com\\\/de\\\/#organization\"},\"alternateName\":\"Gospelnoten & Kindermusicals\",\"potentialAction\":[{\"@type\":\"SearchAction\",\"target\":{\"@type\":\"EntryPoint\",\"urlTemplate\":\"https:\\\/\\\/www.zebemusic.com\\\/de\\\/?s={search_term_string}\"},\"query-input\":{\"@type\":\"PropertyValueSpecification\",\"valueRequired\":true,\"valueName\":\"search_term_string\"}}],\"inLanguage\":\"fr-FR\"},{\"@type\":\"Organization\",\"@id\":\"https:\\\/\\\/www.zebemusic.com\\\/de\\\/#organization\",\"name\":\"ZebeMusic\",\"url\":\"https:\\\/\\\/www.zebemusic.com\\\/de\\\/\",\"logo\":{\"@type\":\"ImageObject\",\"inLanguage\":\"fr-FR\",\"@id\":\"https:\\\/\\\/www.zebemusic.com\\\/de\\\/#\\\/schema\\\/logo\\\/image\\\/\",\"url\":\"https:\\\/\\\/www.zebemusic.com\\\/wp-content\\\/uploads\\\/2025\\\/10\\\/ZEBE-Logo_ZW-makesyousing.jpg\",\"contentUrl\":\"https:\\\/\\\/www.zebemusic.com\\\/wp-content\\\/uploads\\\/2025\\\/10\\\/ZEBE-Logo_ZW-makesyousing.jpg\",\"width\":2212,\"height\":958,\"caption\":\"ZebeMusic\"},\"image\":{\"@id\":\"https:\\\/\\\/www.zebemusic.com\\\/de\\\/#\\\/schema\\\/logo\\\/image\\\/\"},\"sameAs\":[\"https:\\\/\\\/www.facebook.com\\\/zebemusic\",\"https:\\\/\\\/www.instagram.com\\\/zebemusic\",\"https:\\\/\\\/www.youtube.com\\\/zebemusicberlin\"]}]}<\/script>\n<!-- \/ Yoast SEO plugin. -->","yoast_head_json":{"title":"Psaume 23 \/ This Child","description":"Partitions Gospel Gospel Psalm 23, Partitions, Playback, SATB ou SSA","robots":{"index":"index","follow":"follow","max-snippet":"max-snippet:-1","max-image-preview":"max-image-preview:large","max-video-preview":"max-video-preview:-1"},"canonical":"https:\/\/www.zebemusic.com\/fr\/product\/psaume-23-this-child\/","og_locale":"fr_FR","og_type":"article","og_title":"Psaume 23 \/ This Child","og_description":"Partitions Gospel Gospel Psalm 23, Partitions, Playback, SATB ou SSA","og_url":"https:\/\/www.zebemusic.com\/fr\/product\/psaume-23-this-child\/","og_site_name":"ZebeMusic","article_publisher":"https:\/\/www.facebook.com\/zebemusic","article_modified_time":"2024-12-12T03:40:34+00:00","og_image":[{"width":353,"height":500,"url":"https:\/\/www.zebemusic.com\/wp-content\/uploads\/2014\/06\/EAtitelweb.jpg","type":"image\/jpeg"}],"twitter_card":"summary_large_image","schema":{"@context":"https:\/\/schema.org","@graph":[{"@type":"WebPage","@id":"https:\/\/www.zebemusic.com\/fr\/product\/psaume-23-this-child\/","url":"https:\/\/www.zebemusic.com\/fr\/product\/psaume-23-this-child\/","name":"Psaume 23 \/ This Child","isPartOf":{"@id":"https:\/\/www.zebemusic.com\/de\/#website"},"primaryImageOfPage":{"@id":"https:\/\/www.zebemusic.com\/fr\/product\/psaume-23-this-child\/#primaryimage"},"image":{"@id":"https:\/\/www.zebemusic.com\/fr\/product\/psaume-23-this-child\/#primaryimage"},"thumbnailUrl":"https:\/\/www.zebemusic.com\/wp-content\/uploads\/2014\/06\/EAtitelweb.jpg","datePublished":"2014-07-17T14:26:58+00:00","dateModified":"2024-12-12T03:40:34+00:00","description":"Partitions Gospel Gospel Psalm 23, Partitions, Playback, SATB ou SSA","breadcrumb":{"@id":"https:\/\/www.zebemusic.com\/fr\/product\/psaume-23-this-child\/#breadcrumb"},"inLanguage":"fr-FR","potentialAction":[{"@type":"ReadAction","target":["https:\/\/www.zebemusic.com\/fr\/product\/psaume-23-this-child\/"]}]},{"@type":"ImageObject","inLanguage":"fr-FR","@id":"https:\/\/www.zebemusic.com\/fr\/product\/psaume-23-this-child\/#primaryimage","url":"https:\/\/www.zebemusic.com\/wp-content\/uploads\/2014\/06\/EAtitelweb.jpg","contentUrl":"https:\/\/www.zebemusic.com\/wp-content\/uploads\/2014\/06\/EAtitelweb.jpg","width":353,"height":500,"caption":"Gospel noten \u30af\u30ea\u30b9\u30de\u30b9\u30fb\u30b4\u30b9\u30da\u30eb\u97f3\u697d\u3002"},{"@type":"BreadcrumbList","@id":"https:\/\/www.zebemusic.com\/fr\/product\/psaume-23-this-child\/#breadcrumb","itemListElement":[{"@type":"ListItem","position":1,"name":"Shop","item":"https:\/\/www.zebemusic.com\/fr\/shop\/"},{"@type":"ListItem","position":2,"name":"Psaume 23 \/ This Child"}]},{"@type":"WebSite","@id":"https:\/\/www.zebemusic.com\/de\/#website","url":"https:\/\/www.zebemusic.com\/de\/","name":"ZebeMusic","description":"vous incite a chanter.","publisher":{"@id":"https:\/\/www.zebemusic.com\/de\/#organization"},"alternateName":"Gospelnoten & Kindermusicals","potentialAction":[{"@type":"SearchAction","target":{"@type":"EntryPoint","urlTemplate":"https:\/\/www.zebemusic.com\/de\/?s={search_term_string}"},"query-input":{"@type":"PropertyValueSpecification","valueRequired":true,"valueName":"search_term_string"}}],"inLanguage":"fr-FR"},{"@type":"Organization","@id":"https:\/\/www.zebemusic.com\/de\/#organization","name":"ZebeMusic","url":"https:\/\/www.zebemusic.com\/de\/","logo":{"@type":"ImageObject","inLanguage":"fr-FR","@id":"https:\/\/www.zebemusic.com\/de\/#\/schema\/logo\/image\/","url":"https:\/\/www.zebemusic.com\/wp-content\/uploads\/2025\/10\/ZEBE-Logo_ZW-makesyousing.jpg","contentUrl":"https:\/\/www.zebemusic.com\/wp-content\/uploads\/2025\/10\/ZEBE-Logo_ZW-makesyousing.jpg","width":2212,"height":958,"caption":"ZebeMusic"},"image":{"@id":"https:\/\/www.zebemusic.com\/de\/#\/schema\/logo\/image\/"},"sameAs":["https:\/\/www.facebook.com\/zebemusic","https:\/\/www.instagram.com\/zebemusic","https:\/\/www.youtube.com\/zebemusicberlin"]}]}},"_links":{"self":[{"href":"https:\/\/www.zebemusic.com\/fr\/wp-json\/wp\/v2\/product\/22798","targetHints":{"allow":["GET"]}}],"collection":[{"href":"https:\/\/www.zebemusic.com\/fr\/wp-json\/wp\/v2\/product"}],"about":[{"href":"https:\/\/www.zebemusic.com\/fr\/wp-json\/wp\/v2\/types\/product"}],"wp:featuredmedia":[{"embeddable":true,"href":"https:\/\/www.zebemusic.com\/fr\/wp-json\/wp\/v2\/media\/1813"}],"wp:attachment":[{"href":"https:\/\/www.zebemusic.com\/fr\/wp-json\/wp\/v2\/media?parent=22798"}],"wp:term":[{"taxonomy":"product_brand","embeddable":true,"href":"https:\/\/www.zebemusic.com\/fr\/wp-json\/wp\/v2\/product_brand?post=22798"},{"taxonomy":"product_cat","embeddable":true,"href":"https:\/\/www.zebemusic.com\/fr\/wp-json\/wp\/v2\/product_cat?post=22798"},{"taxonomy":"product_tag","embeddable":true,"href":"https:\/\/www.zebemusic.com\/fr\/wp-json\/wp\/v2\/product_tag?post=22798"}],"curies":[{"name":"wp","href":"https:\/\/api.w.org\/{rel}","templated":true}]}}