{"id":24112,"date":"2014-11-19T19:29:31","date_gmt":"2014-11-19T17:29:31","guid":{"rendered":"https:\/\/www.zebemusic.com\/product\/the-ultimate-gospel-song-book\/"},"modified":"2025-10-02T11:12:41","modified_gmt":"2025-10-02T10:12:41","slug":"the-ultimate-gospel-song-book","status":"publish","type":"product","link":"https:\/\/www.zebemusic.com\/fr\/product\/the-ultimate-gospel-song-book\/","title":{"rendered":"The Ultimate Gospel Song Book  \u2b07\ufe0f"},"content":{"rendered":"","protected":false},"excerpt":{"rendered":"<p>Trente des meilleurs gospels et spirituals traditionnels, compos\u00e9s dans le style d&#8217;un songbook pour voix m\u00e9lodique et piano. Il s&#8217;agit d&#8217;une collection compl\u00e8te qui int\u00e9ressera aussi bien les chanteurs que les pianistes. La partie de piano de difficult\u00e9 moyenne convient \u00e9galement parfaitement \u00e0 une interpr\u00e9tation en solo, la partie m\u00e9lodique \u00e9tant toujours accompagn\u00e9e.<br \/>\nUn album int\u00e9ressant \u00e9galement pour les instruments m\u00e9lodiques avec accompagnement ! Les symboles d&#8217;accords invitent \u00e0 l&#8217;improvisation et au jeu d&#8217;ensemble.<\/p>\n<p><strong>SOMMAIRE :<\/strong> Amazing Grace, Amen, By An By, Certainly Lord, Deep River, Didn t My Lord Deliver Daniel, Down By the Riverside, Ev&#8217;ry Time I Feel the Spirit, Free At Last, Give Me Jesus, Go Down Moses, Go Tell It on the Mountain, Good News, Good News in the Kingdom, The Gospeltrain Is Coming, He Never Said a Mumbling Word, He s Got the Whole World, Hush, I&#8217;m Gonna Sing, I&#8217;m On My Way, It s A Me, Joshua Fight the Battle of Jericho, Let Us Break Bread, Michael Rows, Nobody Knows, Singing With a Sword, Somebody s Knocking, Sometimes I Feel, Were You There, When the Saints Go Marchin&#8217; In<\/p>\n<p style=\"text-align: left; padding-left: 30px;\"><b><span style=\"color: #993300;\"><em>&#8220;Jeff Guillen a cr\u00e9\u00e9 une partie de piano \u00e0 la fois facile \u00e0 ma\u00eetriser et efficace sur le plan harmonique&#8221;.<\/em><\/span><\/b> (Forum Kirchenmusik)<b> <\/b><\/p>\n<hr \/>\n<p><a href=\"\/wp-content\/PP\/PP1510.pdf\" target=\"_blank\" rel=\"noopener noreferrer\">Partition d&#8217;essai &gt;&gt;&gt;<br \/>\n<\/a><a href=\"\/audio\/ZEBE1510.mp3\" target=\"_blank\" rel=\"noopener noreferrer\">\u00c9chantillon sonore &gt;&gt;&gt;<\/a><\/p>\n<hr \/>\n<p><strong><span style=\"color: #717171;\">Auteur :<\/span><\/strong> <a href=\"https:\/\/www.zebemusic.com\/fr\/stephanzebe\/\">Jeff Guillen<\/a><br \/>\n<strong><span style=\"color: #717171;\">Instrumentation :<\/span><\/strong> M\u00e9lodie en do (vocale ou instrumentale) + piano ou piano solo<br \/>\n<strong><span style=\"color: #717171;\">pages :<\/span><\/strong> 80<br \/>\n<strong><span style=\"color: #717171;\">Niveau de difficult\u00e9 :<\/span><\/strong> facile-moyen<\/p>\n<p><strong><span style=\"color: #717171;\">N\u00b0 de commande :<\/span><\/strong> ZE 1510<br \/>\n<strong><span style=\"color: #717171;\">ISBN :<\/span><\/strong> 978-3-940745-24-8<br \/>\n<strong><span style=\"color: #717171;\">Prix :<\/span><\/strong> \u20ac 14,90<\/p>\n<p><strong><span style=\"color: #717171;\">Livre \u00e0 t\u00e9l\u00e9charger :<\/span><\/strong> 9,99 \u20ac chacun<br \/>\n<strong><span style=\"color: #717171;\">Chansons individuelles \u00e0 t\u00e9l\u00e9charger :<\/span><\/strong> 1,49 \u20ac chaque<\/p>\n<p>Veuillez s\u00e9lectionner ici :<\/p>\n","protected":false},"featured_media":1276,"template":"","meta":{"_acf_changed":false},"product_brand":[],"product_cat":[130],"product_tag":[1603,1113,1399,1114,880],"class_list":{"0":"post-24112","1":"product","2":"type-product","3":"status-publish","4":"has-post-thumbnail","6":"product_cat-gospel","7":"product_tag-ea-fr","8":"product_tag-gcb-fr","9":"product_tag-guillen-fr","10":"product_tag-piano","11":"product_tag-telechargements","12":"pa_diff-facile","13":"pa_diff-moyen","14":"pa_language-anglais","15":"pa_occ-commencement-et-adieu-benediction","16":"pa_occ-communion-eucharistie","17":"pa_occ-liturgie-fr","18":"pa_occ-mort-et-enterrement","19":"pa_occ-noel","20":"pa_others-bestseller-fr","21":"pa_others-collections-fr","22":"pa_others-editions-uniques","23":"pa_others-downloads-fr","24":"pa_style-genre-ballade-fr","25":"pa_style-genre-gospel-fr","26":"pa_style-genre-traditional-gospel-style-fr","27":"pa_style-genre-spiritual-fr","28":"pa_variation-lultime-livre-de-chants-evangeliques-copie-imprimee","29":"pa_variation-the-ultimate-gospel-song-book-album-pdf-download-fr","30":"pa_variation-amazing-grace-leadpiano-pdf-download-fr","31":"pa_variation-amen-leadpiano-pdf-download-fr","32":"pa_variation-bonne-nouvelle-dans-le-royaume-leadpiano-pdf-download","33":"pa_variation-by-an-by-leadpiano-pdf-download-fr","34":"pa_variation-certainement-seigneur-leadpiano-pdf-download","35":"pa_variation-deep-river-leadpiano-pdf-download-fr","36":"pa_variation-didnt-my-lord-deliver-daniel-leadpiano-pdf-download-fr","37":"pa_variation-down-by-the-riverside-leadpiano-pdf-download-fr","38":"pa_variation-evry-time-i-feel-the-spirit-leadpiano-pdf-download-fr","39":"pa_variation-free-at-last-leadpiano-pdf-download-fr","40":"pa_variation-give-me-jesus-leadpiano-pdf-download-fr","41":"pa_variation-go-down-moses-leadpiano-pdf-download-fr","42":"pa_variation-go-tell-it-on-the-mountain-leadpiano-pdf-download-fr","43":"pa_variation-good-news-leadpiano-pdf-download-fr","44":"pa_variation-he-never-said-a-mumbling-word-leadpiano-pdf-download-fr","45":"pa_variation-he-s-got-the-whole-world-leadpiano-pdf-download-fr","46":"pa_variation-hush-leadpiano-pdf-download-fr","47":"pa_variation-im-gonna-sing-leadpiano-pdf-download-fr","48":"pa_variation-im-on-my-way-leadpiano-pdf-download-fr","49":"pa_variation-it-s-a-me-leadpiano-pdf-download-fr","50":"pa_variation-josue-livre-la-bataille-de-jericho-leadpiano-pdf-download","51":"pa_variation-juste-un-test","52":"pa_variation-michael-rows-leadpiano-pdf-download-fr","53":"pa_variation-nobody-knows-leadpiano-pdf-download-fr","54":"pa_variation-partageons-le-pain-ensemble-leadpiano-pdf-download","55":"pa_variation-singing-with-a-sword-leadpiano-pdf-download-fr","56":"pa_variation-somebody-s-knocking-leadpiano-pdf-download-fr","57":"pa_variation-sometimes-i-feel-leadpiano-pdf-download-fr","58":"pa_variation-the-gospeltrain-is-coming-leadpiano-pdf-download-fr","59":"pa_variation-were-you-there-leadpiano-pdf-download-fr","60":"pa_variation-when-the-saints-go-marchin-in-leadpiano-pdf-download-fr","61":"pa_voicing-instrumental-fr","62":"pa_voicing-voix-seule","64":"first","65":"instock","66":"taxable","67":"shipping-taxable","68":"purchasable","69":"product-type-variable","70":"has-default-attributes"},"acf":[],"yoast_head":"<!-- This site is optimized with the Yoast SEO plugin v27.5 - https:\/\/yoast.com\/product\/yoast-seo-wordpress\/ -->\n<title>The Ultimate Gospel Song Book \u2b07\ufe0f<\/title>\n<meta name=\"description\" content=\"30 Top Gospel Songs pour les chanteurs, les pianistes ou le groupe ! Le classique parmi les Songbooks Gospel \u00e0 t\u00e9l\u00e9charger. &gt;&gt;\" \/>\n<meta name=\"robots\" content=\"index, follow, max-snippet:-1, max-image-preview:large, max-video-preview:-1\" \/>\n<link rel=\"canonical\" href=\"https:\/\/www.zebemusic.com\/fr\/product\/the-ultimate-gospel-song-book\/\" \/>\n<meta property=\"og:locale\" content=\"fr_FR\" \/>\n<meta property=\"og:type\" content=\"article\" \/>\n<meta property=\"og:title\" content=\"The Ultimate Gospel Song Book \u2b07\ufe0f\" \/>\n<meta property=\"og:description\" content=\"30 Top Gospel Songs pour les chanteurs, les pianistes ou le groupe ! Le classique parmi les Songbooks Gospel \u00e0 t\u00e9l\u00e9charger. &gt;&gt;\" \/>\n<meta property=\"og:url\" content=\"https:\/\/www.zebemusic.com\/fr\/product\/the-ultimate-gospel-song-book\/\" \/>\n<meta property=\"og:site_name\" content=\"ZebeMusic\" \/>\n<meta property=\"article:publisher\" content=\"https:\/\/www.facebook.com\/zebemusic\" \/>\n<meta property=\"article:modified_time\" content=\"2025-10-02T10:12:41+00:00\" \/>\n<meta property=\"og:image\" content=\"https:\/\/www.zebemusic.com\/wp-content\/uploads\/2013\/08\/ZEBE15101.jpg\" \/>\n\t<meta property=\"og:image:width\" content=\"377\" \/>\n\t<meta property=\"og:image:height\" content=\"500\" \/>\n\t<meta property=\"og:image:type\" content=\"image\/jpeg\" \/>\n<meta name=\"twitter:card\" content=\"summary_large_image\" \/>\n<meta name=\"twitter:label1\" content=\"Est. reading time\" \/>\n\t<meta name=\"twitter:data1\" content=\"1 minute\" \/>\n<script type=\"application\/ld+json\" class=\"yoast-schema-graph\">{\"@context\":\"https:\\\/\\\/schema.org\",\"@graph\":[{\"@type\":\"WebPage\",\"@id\":\"https:\\\/\\\/www.zebemusic.com\\\/fr\\\/product\\\/the-ultimate-gospel-song-book\\\/\",\"url\":\"https:\\\/\\\/www.zebemusic.com\\\/fr\\\/product\\\/the-ultimate-gospel-song-book\\\/\",\"name\":\"The Ultimate Gospel Song Book \u2b07\ufe0f\",\"isPartOf\":{\"@id\":\"https:\\\/\\\/www.zebemusic.com\\\/de\\\/#website\"},\"primaryImageOfPage\":{\"@id\":\"https:\\\/\\\/www.zebemusic.com\\\/fr\\\/product\\\/the-ultimate-gospel-song-book\\\/#primaryimage\"},\"image\":{\"@id\":\"https:\\\/\\\/www.zebemusic.com\\\/fr\\\/product\\\/the-ultimate-gospel-song-book\\\/#primaryimage\"},\"thumbnailUrl\":\"https:\\\/\\\/www.zebemusic.com\\\/wp-content\\\/uploads\\\/2013\\\/08\\\/ZEBE15101.jpg\",\"datePublished\":\"2014-11-19T17:29:31+00:00\",\"dateModified\":\"2025-10-02T10:12:41+00:00\",\"description\":\"30 Top Gospel Songs pour les chanteurs, les pianistes ou le groupe ! Le classique parmi les Songbooks Gospel \u00e0 t\u00e9l\u00e9charger. >>\",\"breadcrumb\":{\"@id\":\"https:\\\/\\\/www.zebemusic.com\\\/fr\\\/product\\\/the-ultimate-gospel-song-book\\\/#breadcrumb\"},\"inLanguage\":\"fr-FR\",\"potentialAction\":[{\"@type\":\"ReadAction\",\"target\":[\"https:\\\/\\\/www.zebemusic.com\\\/fr\\\/product\\\/the-ultimate-gospel-song-book\\\/\"]}]},{\"@type\":\"ImageObject\",\"inLanguage\":\"fr-FR\",\"@id\":\"https:\\\/\\\/www.zebemusic.com\\\/fr\\\/product\\\/the-ultimate-gospel-song-book\\\/#primaryimage\",\"url\":\"https:\\\/\\\/www.zebemusic.com\\\/wp-content\\\/uploads\\\/2013\\\/08\\\/ZEBE15101.jpg\",\"contentUrl\":\"https:\\\/\\\/www.zebemusic.com\\\/wp-content\\\/uploads\\\/2013\\\/08\\\/ZEBE15101.jpg\",\"width\":377,\"height\":500,\"caption\":\"The Ultimate Gospel Song Book\"},{\"@type\":\"BreadcrumbList\",\"@id\":\"https:\\\/\\\/www.zebemusic.com\\\/fr\\\/product\\\/the-ultimate-gospel-song-book\\\/#breadcrumb\",\"itemListElement\":[{\"@type\":\"ListItem\",\"position\":1,\"name\":\"Shop\",\"item\":\"https:\\\/\\\/www.zebemusic.com\\\/fr\\\/shop\\\/\"},{\"@type\":\"ListItem\",\"position\":2,\"name\":\"The Ultimate Gospel Song Book \u2b07\ufe0f\"}]},{\"@type\":\"WebSite\",\"@id\":\"https:\\\/\\\/www.zebemusic.com\\\/de\\\/#website\",\"url\":\"https:\\\/\\\/www.zebemusic.com\\\/de\\\/\",\"name\":\"ZebeMusic\",\"description\":\"vous incite a chanter.\",\"publisher\":{\"@id\":\"https:\\\/\\\/www.zebemusic.com\\\/de\\\/#organization\"},\"alternateName\":\"Gospelnoten & Kindermusicals\",\"potentialAction\":[{\"@type\":\"SearchAction\",\"target\":{\"@type\":\"EntryPoint\",\"urlTemplate\":\"https:\\\/\\\/www.zebemusic.com\\\/de\\\/?s={search_term_string}\"},\"query-input\":{\"@type\":\"PropertyValueSpecification\",\"valueRequired\":true,\"valueName\":\"search_term_string\"}}],\"inLanguage\":\"fr-FR\"},{\"@type\":\"Organization\",\"@id\":\"https:\\\/\\\/www.zebemusic.com\\\/de\\\/#organization\",\"name\":\"ZebeMusic\",\"url\":\"https:\\\/\\\/www.zebemusic.com\\\/de\\\/\",\"logo\":{\"@type\":\"ImageObject\",\"inLanguage\":\"fr-FR\",\"@id\":\"https:\\\/\\\/www.zebemusic.com\\\/de\\\/#\\\/schema\\\/logo\\\/image\\\/\",\"url\":\"https:\\\/\\\/www.zebemusic.com\\\/wp-content\\\/uploads\\\/2025\\\/10\\\/ZEBE-Logo_ZW-makesyousing.jpg\",\"contentUrl\":\"https:\\\/\\\/www.zebemusic.com\\\/wp-content\\\/uploads\\\/2025\\\/10\\\/ZEBE-Logo_ZW-makesyousing.jpg\",\"width\":2212,\"height\":958,\"caption\":\"ZebeMusic\"},\"image\":{\"@id\":\"https:\\\/\\\/www.zebemusic.com\\\/de\\\/#\\\/schema\\\/logo\\\/image\\\/\"},\"sameAs\":[\"https:\\\/\\\/www.facebook.com\\\/zebemusic\",\"https:\\\/\\\/www.instagram.com\\\/zebemusic\",\"https:\\\/\\\/www.youtube.com\\\/zebemusicberlin\"]}]}<\/script>\n<!-- \/ Yoast SEO plugin. -->","yoast_head_json":{"title":"The Ultimate Gospel Song Book \u2b07\ufe0f","description":"30 Top Gospel Songs pour les chanteurs, les pianistes ou le groupe ! Le classique parmi les Songbooks Gospel \u00e0 t\u00e9l\u00e9charger. >>","robots":{"index":"index","follow":"follow","max-snippet":"max-snippet:-1","max-image-preview":"max-image-preview:large","max-video-preview":"max-video-preview:-1"},"canonical":"https:\/\/www.zebemusic.com\/fr\/product\/the-ultimate-gospel-song-book\/","og_locale":"fr_FR","og_type":"article","og_title":"The Ultimate Gospel Song Book \u2b07\ufe0f","og_description":"30 Top Gospel Songs pour les chanteurs, les pianistes ou le groupe ! Le classique parmi les Songbooks Gospel \u00e0 t\u00e9l\u00e9charger. >>","og_url":"https:\/\/www.zebemusic.com\/fr\/product\/the-ultimate-gospel-song-book\/","og_site_name":"ZebeMusic","article_publisher":"https:\/\/www.facebook.com\/zebemusic","article_modified_time":"2025-10-02T10:12:41+00:00","og_image":[{"width":377,"height":500,"url":"https:\/\/www.zebemusic.com\/wp-content\/uploads\/2013\/08\/ZEBE15101.jpg","type":"image\/jpeg"}],"twitter_card":"summary_large_image","twitter_misc":{"Est. reading time":"1 minute"},"schema":{"@context":"https:\/\/schema.org","@graph":[{"@type":"WebPage","@id":"https:\/\/www.zebemusic.com\/fr\/product\/the-ultimate-gospel-song-book\/","url":"https:\/\/www.zebemusic.com\/fr\/product\/the-ultimate-gospel-song-book\/","name":"The Ultimate Gospel Song Book \u2b07\ufe0f","isPartOf":{"@id":"https:\/\/www.zebemusic.com\/de\/#website"},"primaryImageOfPage":{"@id":"https:\/\/www.zebemusic.com\/fr\/product\/the-ultimate-gospel-song-book\/#primaryimage"},"image":{"@id":"https:\/\/www.zebemusic.com\/fr\/product\/the-ultimate-gospel-song-book\/#primaryimage"},"thumbnailUrl":"https:\/\/www.zebemusic.com\/wp-content\/uploads\/2013\/08\/ZEBE15101.jpg","datePublished":"2014-11-19T17:29:31+00:00","dateModified":"2025-10-02T10:12:41+00:00","description":"30 Top Gospel Songs pour les chanteurs, les pianistes ou le groupe ! Le classique parmi les Songbooks Gospel \u00e0 t\u00e9l\u00e9charger. >>","breadcrumb":{"@id":"https:\/\/www.zebemusic.com\/fr\/product\/the-ultimate-gospel-song-book\/#breadcrumb"},"inLanguage":"fr-FR","potentialAction":[{"@type":"ReadAction","target":["https:\/\/www.zebemusic.com\/fr\/product\/the-ultimate-gospel-song-book\/"]}]},{"@type":"ImageObject","inLanguage":"fr-FR","@id":"https:\/\/www.zebemusic.com\/fr\/product\/the-ultimate-gospel-song-book\/#primaryimage","url":"https:\/\/www.zebemusic.com\/wp-content\/uploads\/2013\/08\/ZEBE15101.jpg","contentUrl":"https:\/\/www.zebemusic.com\/wp-content\/uploads\/2013\/08\/ZEBE15101.jpg","width":377,"height":500,"caption":"The Ultimate Gospel Song Book"},{"@type":"BreadcrumbList","@id":"https:\/\/www.zebemusic.com\/fr\/product\/the-ultimate-gospel-song-book\/#breadcrumb","itemListElement":[{"@type":"ListItem","position":1,"name":"Shop","item":"https:\/\/www.zebemusic.com\/fr\/shop\/"},{"@type":"ListItem","position":2,"name":"The Ultimate Gospel Song Book \u2b07\ufe0f"}]},{"@type":"WebSite","@id":"https:\/\/www.zebemusic.com\/de\/#website","url":"https:\/\/www.zebemusic.com\/de\/","name":"ZebeMusic","description":"vous incite a chanter.","publisher":{"@id":"https:\/\/www.zebemusic.com\/de\/#organization"},"alternateName":"Gospelnoten & Kindermusicals","potentialAction":[{"@type":"SearchAction","target":{"@type":"EntryPoint","urlTemplate":"https:\/\/www.zebemusic.com\/de\/?s={search_term_string}"},"query-input":{"@type":"PropertyValueSpecification","valueRequired":true,"valueName":"search_term_string"}}],"inLanguage":"fr-FR"},{"@type":"Organization","@id":"https:\/\/www.zebemusic.com\/de\/#organization","name":"ZebeMusic","url":"https:\/\/www.zebemusic.com\/de\/","logo":{"@type":"ImageObject","inLanguage":"fr-FR","@id":"https:\/\/www.zebemusic.com\/de\/#\/schema\/logo\/image\/","url":"https:\/\/www.zebemusic.com\/wp-content\/uploads\/2025\/10\/ZEBE-Logo_ZW-makesyousing.jpg","contentUrl":"https:\/\/www.zebemusic.com\/wp-content\/uploads\/2025\/10\/ZEBE-Logo_ZW-makesyousing.jpg","width":2212,"height":958,"caption":"ZebeMusic"},"image":{"@id":"https:\/\/www.zebemusic.com\/de\/#\/schema\/logo\/image\/"},"sameAs":["https:\/\/www.facebook.com\/zebemusic","https:\/\/www.instagram.com\/zebemusic","https:\/\/www.youtube.com\/zebemusicberlin"]}]}},"_links":{"self":[{"href":"https:\/\/www.zebemusic.com\/fr\/wp-json\/wp\/v2\/product\/24112","targetHints":{"allow":["GET"]}}],"collection":[{"href":"https:\/\/www.zebemusic.com\/fr\/wp-json\/wp\/v2\/product"}],"about":[{"href":"https:\/\/www.zebemusic.com\/fr\/wp-json\/wp\/v2\/types\/product"}],"wp:featuredmedia":[{"embeddable":true,"href":"https:\/\/www.zebemusic.com\/fr\/wp-json\/wp\/v2\/media\/1276"}],"wp:attachment":[{"href":"https:\/\/www.zebemusic.com\/fr\/wp-json\/wp\/v2\/media?parent=24112"}],"wp:term":[{"taxonomy":"product_brand","embeddable":true,"href":"https:\/\/www.zebemusic.com\/fr\/wp-json\/wp\/v2\/product_brand?post=24112"},{"taxonomy":"product_cat","embeddable":true,"href":"https:\/\/www.zebemusic.com\/fr\/wp-json\/wp\/v2\/product_cat?post=24112"},{"taxonomy":"product_tag","embeddable":true,"href":"https:\/\/www.zebemusic.com\/fr\/wp-json\/wp\/v2\/product_tag?post=24112"}],"curies":[{"name":"wp","href":"https:\/\/api.w.org\/{rel}","templated":true}]}}