{"id":24161,"date":"2015-02-23T11:27:56","date_gmt":"2015-02-23T09:27:56","guid":{"rendered":"https:\/\/www.zebemusic.com\/product\/amen\/"},"modified":"2025-07-24T20:59:52","modified_gmt":"2025-07-24T19:59:52","slug":"amen","status":"publish","type":"product","link":"https:\/\/www.zebemusic.com\/fr\/product\/amen\/","title":{"rendered":"Amen"},"content":{"rendered":"","protected":false},"excerpt":{"rendered":"<p>Vous trouverez ici les \u00e9ditions avec la partie vocale de la chanson de Jeff Guillen.<br \/>\nLa version t\u00e9l\u00e9chargeable contient \u00e9galement un PDF gratuit de l&#8217;accompagnement.<\/p>\n<p>Veuillez commander le nombre de vos choristes, avec un minimum de 15 exemplaires.<\/p>\n<hr>\n<p>&#8211; <strong>SATB a cappella<\/strong> (ZE 1201) de <a href=\"\/the-ultimate-gospel-choir-book-1\">The Ultimate Gospel Choir Book 1<\/a>, \u20ac 1,30 \/ T\u00e9l\u00e9chargement PDF, \u20ac 0,89<\/p>\n<p>&#8211; <strong>SAB + Piano<\/strong> (ZE 3022) de <a href=\"\/the-ultimate-gospel-choir-book-4\">The Ultimate Gospel Choir Book 4<\/a>, voix de ch\u0153ur \u20ac 0,90 \/ T\u00e9l\u00e9chargement PDF voix de ch\u0153ur et partition, \u20ac 0,89<\/p>\n<p>&#8211; <strong>M\u00e9lodie + Piano \/ Piano Solo<\/strong> de <a href=\"https:\/\/www.zebemusic.com\/fr\/product\/the-ultimate-gospel-song-book\/\">The Ultimate Gospel Song Book<\/a>, T\u00e9l\u00e9chargement PDF, \u20ac 1,49<strong><br \/>\n<\/strong><\/p>\n<p>Veuillez s\u00e9lectionner ici :<\/p>\n","protected":false},"featured_media":1813,"template":"","meta":{"_acf_changed":false},"product_brand":[],"product_cat":[879,130,878],"product_tag":[1603,1604],"class_list":{"0":"post-24161","1":"product","2":"type-product","3":"status-publish","4":"has-post-thumbnail","6":"product_cat-editions-individuelles","7":"product_cat-gospel","8":"product_cat-telechargement-de-musique","9":"product_tag-ea-fr","10":"product_tag-messe-fr","11":"pa_others-editions-uniques","12":"pa_others-downloads-fr","13":"pa_variation-melodiepiano-telechargement-pdf","14":"pa_variation-sab-telechargement-pdf","15":"pa_variation-sab-version-imprimee","16":"pa_variation-satb-telechargement-pdf","17":"pa_variation-satb-version-imprimee","18":"pa_voicing-acappella-fr","19":"pa_voicing-accompagne","20":"pa_voicing-instrumental-fr","21":"pa_voicing-unanimement","23":"first","24":"instock","25":"taxable","26":"shipping-taxable","27":"purchasable","28":"product-type-variable","29":"has-default-attributes"},"acf":[],"yoast_head":"<!-- This site is optimized with the Yoast SEO plugin v27.5 - https:\/\/yoast.com\/product\/yoast-seo-wordpress\/ -->\n<title>Amen<\/title>\n<meta name=\"description\" content=\"Partitions de gospel pour ch\u0153ur mixte a cappella ou avec accompagnement, \u00e0 t\u00e9l\u00e9charger \u00e9galement !\" \/>\n<meta name=\"robots\" content=\"index, follow, max-snippet:-1, max-image-preview:large, max-video-preview:-1\" \/>\n<link rel=\"canonical\" href=\"https:\/\/www.zebemusic.com\/fr\/product\/amen\/\" \/>\n<meta property=\"og:locale\" content=\"fr_FR\" \/>\n<meta property=\"og:type\" content=\"article\" \/>\n<meta property=\"og:title\" content=\"Amen\" \/>\n<meta property=\"og:description\" content=\"Partitions de gospel pour ch\u0153ur mixte a cappella ou avec accompagnement, \u00e0 t\u00e9l\u00e9charger \u00e9galement !\" \/>\n<meta property=\"og:url\" content=\"https:\/\/www.zebemusic.com\/fr\/product\/amen\/\" \/>\n<meta property=\"og:site_name\" content=\"ZebeMusic\" \/>\n<meta property=\"article:publisher\" content=\"https:\/\/www.facebook.com\/zebemusic\" \/>\n<meta property=\"article:modified_time\" content=\"2025-07-24T19:59:52+00:00\" \/>\n<meta property=\"og:image\" content=\"https:\/\/www.zebemusic.com\/wp-content\/uploads\/2014\/06\/EAtitelweb.jpg\" \/>\n\t<meta property=\"og:image:width\" content=\"353\" \/>\n\t<meta property=\"og:image:height\" content=\"500\" \/>\n\t<meta property=\"og:image:type\" content=\"image\/jpeg\" \/>\n<meta name=\"twitter:card\" content=\"summary_large_image\" \/>\n<meta name=\"twitter:label1\" content=\"Est. reading time\" \/>\n\t<meta name=\"twitter:data1\" content=\"1 minute\" \/>\n<script type=\"application\/ld+json\" class=\"yoast-schema-graph\">{\"@context\":\"https:\\\/\\\/schema.org\",\"@graph\":[{\"@type\":\"WebPage\",\"@id\":\"https:\\\/\\\/www.zebemusic.com\\\/fr\\\/product\\\/amen\\\/\",\"url\":\"https:\\\/\\\/www.zebemusic.com\\\/fr\\\/product\\\/amen\\\/\",\"name\":\"Amen\",\"isPartOf\":{\"@id\":\"https:\\\/\\\/www.zebemusic.com\\\/de\\\/#website\"},\"primaryImageOfPage\":{\"@id\":\"https:\\\/\\\/www.zebemusic.com\\\/fr\\\/product\\\/amen\\\/#primaryimage\"},\"image\":{\"@id\":\"https:\\\/\\\/www.zebemusic.com\\\/fr\\\/product\\\/amen\\\/#primaryimage\"},\"thumbnailUrl\":\"https:\\\/\\\/www.zebemusic.com\\\/wp-content\\\/uploads\\\/2014\\\/06\\\/EAtitelweb.jpg\",\"datePublished\":\"2015-02-23T09:27:56+00:00\",\"dateModified\":\"2025-07-24T19:59:52+00:00\",\"description\":\"Partitions de gospel pour ch\u0153ur mixte a cappella ou avec accompagnement, \u00e0 t\u00e9l\u00e9charger \u00e9galement !\",\"breadcrumb\":{\"@id\":\"https:\\\/\\\/www.zebemusic.com\\\/fr\\\/product\\\/amen\\\/#breadcrumb\"},\"inLanguage\":\"fr-FR\",\"potentialAction\":[{\"@type\":\"ReadAction\",\"target\":[\"https:\\\/\\\/www.zebemusic.com\\\/fr\\\/product\\\/amen\\\/\"]}]},{\"@type\":\"ImageObject\",\"inLanguage\":\"fr-FR\",\"@id\":\"https:\\\/\\\/www.zebemusic.com\\\/fr\\\/product\\\/amen\\\/#primaryimage\",\"url\":\"https:\\\/\\\/www.zebemusic.com\\\/wp-content\\\/uploads\\\/2014\\\/06\\\/EAtitelweb.jpg\",\"contentUrl\":\"https:\\\/\\\/www.zebemusic.com\\\/wp-content\\\/uploads\\\/2014\\\/06\\\/EAtitelweb.jpg\",\"width\":353,\"height\":500,\"caption\":\"Gospel noten \u30af\u30ea\u30b9\u30de\u30b9\u30fb\u30b4\u30b9\u30da\u30eb\u97f3\u697d\u3002\"},{\"@type\":\"BreadcrumbList\",\"@id\":\"https:\\\/\\\/www.zebemusic.com\\\/fr\\\/product\\\/amen\\\/#breadcrumb\",\"itemListElement\":[{\"@type\":\"ListItem\",\"position\":1,\"name\":\"Shop\",\"item\":\"https:\\\/\\\/www.zebemusic.com\\\/fr\\\/shop\\\/\"},{\"@type\":\"ListItem\",\"position\":2,\"name\":\"Amen\"}]},{\"@type\":\"WebSite\",\"@id\":\"https:\\\/\\\/www.zebemusic.com\\\/de\\\/#website\",\"url\":\"https:\\\/\\\/www.zebemusic.com\\\/de\\\/\",\"name\":\"ZebeMusic\",\"description\":\"vous incite a chanter.\",\"publisher\":{\"@id\":\"https:\\\/\\\/www.zebemusic.com\\\/de\\\/#organization\"},\"alternateName\":\"Gospelnoten & Kindermusicals\",\"potentialAction\":[{\"@type\":\"SearchAction\",\"target\":{\"@type\":\"EntryPoint\",\"urlTemplate\":\"https:\\\/\\\/www.zebemusic.com\\\/de\\\/?s={search_term_string}\"},\"query-input\":{\"@type\":\"PropertyValueSpecification\",\"valueRequired\":true,\"valueName\":\"search_term_string\"}}],\"inLanguage\":\"fr-FR\"},{\"@type\":\"Organization\",\"@id\":\"https:\\\/\\\/www.zebemusic.com\\\/de\\\/#organization\",\"name\":\"ZebeMusic\",\"url\":\"https:\\\/\\\/www.zebemusic.com\\\/de\\\/\",\"logo\":{\"@type\":\"ImageObject\",\"inLanguage\":\"fr-FR\",\"@id\":\"https:\\\/\\\/www.zebemusic.com\\\/de\\\/#\\\/schema\\\/logo\\\/image\\\/\",\"url\":\"https:\\\/\\\/www.zebemusic.com\\\/wp-content\\\/uploads\\\/2025\\\/10\\\/ZEBE-Logo_ZW-makesyousing.jpg\",\"contentUrl\":\"https:\\\/\\\/www.zebemusic.com\\\/wp-content\\\/uploads\\\/2025\\\/10\\\/ZEBE-Logo_ZW-makesyousing.jpg\",\"width\":2212,\"height\":958,\"caption\":\"ZebeMusic\"},\"image\":{\"@id\":\"https:\\\/\\\/www.zebemusic.com\\\/de\\\/#\\\/schema\\\/logo\\\/image\\\/\"},\"sameAs\":[\"https:\\\/\\\/www.facebook.com\\\/zebemusic\",\"https:\\\/\\\/www.instagram.com\\\/zebemusic\",\"https:\\\/\\\/www.youtube.com\\\/zebemusicberlin\"]}]}<\/script>\n<!-- \/ Yoast SEO plugin. -->","yoast_head_json":{"title":"Amen","description":"Partitions de gospel pour ch\u0153ur mixte a cappella ou avec accompagnement, \u00e0 t\u00e9l\u00e9charger \u00e9galement !","robots":{"index":"index","follow":"follow","max-snippet":"max-snippet:-1","max-image-preview":"max-image-preview:large","max-video-preview":"max-video-preview:-1"},"canonical":"https:\/\/www.zebemusic.com\/fr\/product\/amen\/","og_locale":"fr_FR","og_type":"article","og_title":"Amen","og_description":"Partitions de gospel pour ch\u0153ur mixte a cappella ou avec accompagnement, \u00e0 t\u00e9l\u00e9charger \u00e9galement !","og_url":"https:\/\/www.zebemusic.com\/fr\/product\/amen\/","og_site_name":"ZebeMusic","article_publisher":"https:\/\/www.facebook.com\/zebemusic","article_modified_time":"2025-07-24T19:59:52+00:00","og_image":[{"width":353,"height":500,"url":"https:\/\/www.zebemusic.com\/wp-content\/uploads\/2014\/06\/EAtitelweb.jpg","type":"image\/jpeg"}],"twitter_card":"summary_large_image","twitter_misc":{"Est. reading time":"1 minute"},"schema":{"@context":"https:\/\/schema.org","@graph":[{"@type":"WebPage","@id":"https:\/\/www.zebemusic.com\/fr\/product\/amen\/","url":"https:\/\/www.zebemusic.com\/fr\/product\/amen\/","name":"Amen","isPartOf":{"@id":"https:\/\/www.zebemusic.com\/de\/#website"},"primaryImageOfPage":{"@id":"https:\/\/www.zebemusic.com\/fr\/product\/amen\/#primaryimage"},"image":{"@id":"https:\/\/www.zebemusic.com\/fr\/product\/amen\/#primaryimage"},"thumbnailUrl":"https:\/\/www.zebemusic.com\/wp-content\/uploads\/2014\/06\/EAtitelweb.jpg","datePublished":"2015-02-23T09:27:56+00:00","dateModified":"2025-07-24T19:59:52+00:00","description":"Partitions de gospel pour ch\u0153ur mixte a cappella ou avec accompagnement, \u00e0 t\u00e9l\u00e9charger \u00e9galement !","breadcrumb":{"@id":"https:\/\/www.zebemusic.com\/fr\/product\/amen\/#breadcrumb"},"inLanguage":"fr-FR","potentialAction":[{"@type":"ReadAction","target":["https:\/\/www.zebemusic.com\/fr\/product\/amen\/"]}]},{"@type":"ImageObject","inLanguage":"fr-FR","@id":"https:\/\/www.zebemusic.com\/fr\/product\/amen\/#primaryimage","url":"https:\/\/www.zebemusic.com\/wp-content\/uploads\/2014\/06\/EAtitelweb.jpg","contentUrl":"https:\/\/www.zebemusic.com\/wp-content\/uploads\/2014\/06\/EAtitelweb.jpg","width":353,"height":500,"caption":"Gospel noten \u30af\u30ea\u30b9\u30de\u30b9\u30fb\u30b4\u30b9\u30da\u30eb\u97f3\u697d\u3002"},{"@type":"BreadcrumbList","@id":"https:\/\/www.zebemusic.com\/fr\/product\/amen\/#breadcrumb","itemListElement":[{"@type":"ListItem","position":1,"name":"Shop","item":"https:\/\/www.zebemusic.com\/fr\/shop\/"},{"@type":"ListItem","position":2,"name":"Amen"}]},{"@type":"WebSite","@id":"https:\/\/www.zebemusic.com\/de\/#website","url":"https:\/\/www.zebemusic.com\/de\/","name":"ZebeMusic","description":"vous incite a chanter.","publisher":{"@id":"https:\/\/www.zebemusic.com\/de\/#organization"},"alternateName":"Gospelnoten & Kindermusicals","potentialAction":[{"@type":"SearchAction","target":{"@type":"EntryPoint","urlTemplate":"https:\/\/www.zebemusic.com\/de\/?s={search_term_string}"},"query-input":{"@type":"PropertyValueSpecification","valueRequired":true,"valueName":"search_term_string"}}],"inLanguage":"fr-FR"},{"@type":"Organization","@id":"https:\/\/www.zebemusic.com\/de\/#organization","name":"ZebeMusic","url":"https:\/\/www.zebemusic.com\/de\/","logo":{"@type":"ImageObject","inLanguage":"fr-FR","@id":"https:\/\/www.zebemusic.com\/de\/#\/schema\/logo\/image\/","url":"https:\/\/www.zebemusic.com\/wp-content\/uploads\/2025\/10\/ZEBE-Logo_ZW-makesyousing.jpg","contentUrl":"https:\/\/www.zebemusic.com\/wp-content\/uploads\/2025\/10\/ZEBE-Logo_ZW-makesyousing.jpg","width":2212,"height":958,"caption":"ZebeMusic"},"image":{"@id":"https:\/\/www.zebemusic.com\/de\/#\/schema\/logo\/image\/"},"sameAs":["https:\/\/www.facebook.com\/zebemusic","https:\/\/www.instagram.com\/zebemusic","https:\/\/www.youtube.com\/zebemusicberlin"]}]}},"_links":{"self":[{"href":"https:\/\/www.zebemusic.com\/fr\/wp-json\/wp\/v2\/product\/24161","targetHints":{"allow":["GET"]}}],"collection":[{"href":"https:\/\/www.zebemusic.com\/fr\/wp-json\/wp\/v2\/product"}],"about":[{"href":"https:\/\/www.zebemusic.com\/fr\/wp-json\/wp\/v2\/types\/product"}],"wp:featuredmedia":[{"embeddable":true,"href":"https:\/\/www.zebemusic.com\/fr\/wp-json\/wp\/v2\/media\/1813"}],"wp:attachment":[{"href":"https:\/\/www.zebemusic.com\/fr\/wp-json\/wp\/v2\/media?parent=24161"}],"wp:term":[{"taxonomy":"product_brand","embeddable":true,"href":"https:\/\/www.zebemusic.com\/fr\/wp-json\/wp\/v2\/product_brand?post=24161"},{"taxonomy":"product_cat","embeddable":true,"href":"https:\/\/www.zebemusic.com\/fr\/wp-json\/wp\/v2\/product_cat?post=24161"},{"taxonomy":"product_tag","embeddable":true,"href":"https:\/\/www.zebemusic.com\/fr\/wp-json\/wp\/v2\/product_tag?post=24161"}],"curies":[{"name":"wp","href":"https:\/\/api.w.org\/{rel}","templated":true}]}}