{"id":24174,"date":"2015-11-11T15:33:47","date_gmt":"2015-11-11T13:33:47","guid":{"rendered":"https:\/\/www.zebemusic.com\/product\/messe-in-d-messe-en-remesse-symphonique-rock\/"},"modified":"2025-10-03T18:41:01","modified_gmt":"2025-10-03T17:41:01","slug":"messe-in-d-messe-en-remesse-symphonique-rock","status":"publish","type":"product","link":"https:\/\/www.zebemusic.com\/fr\/product\/messe-in-d-messe-en-remesse-symphonique-rock\/","title":{"rendered":"Messe in D (Messe en r\u00e9)<br><i>Messe symphonique rock <\/i>"},"content":{"rendered":"","protected":false},"excerpt":{"rendered":"<p>La nouvelle messe d&#8217;Andreas M\u00fccksch est une \u0153uvre grandiose, pleine de drame et de dynamisme. Il l&#8217;a \u00e9crite pour grand orchestre, orchestre, ch\u0153ur, soprano et mezzo-soprano solo. 70 minutes de musique sacr\u00e9e passionnante en latin, avec des \u00e9l\u00e9ments de style de composition issus du baroque, du romantisme et du rock classique.<br \/>\nUne recommandation pour les ch\u0153urs d&#8217;oratorio et tous les groupes qui recherchent une pi\u00e8ce de concert exceptionnelle,<br \/>\nefficace et qui appr\u00e9cient un d\u00e9fi qui en vaut la peine.<\/p>\n<p><span style=\"color: #ff0000;\"><strong><em>&#8220;\u0152uvre imm\u00e9diatement s\u00e9duisante, con\u00e7ue de mani\u00e8re dramaturgiquement efficace&#8230; Captivant par l&#8217;\u00e9quilibre sans cesse renouvel\u00e9 des \u00e9l\u00e9ments traditionnels et modernes qui, malgr\u00e9 la diversit\u00e9 des styles, forment un grand arc uniforme&#8221;. <\/em><\/strong><\/span> <span style=\"color: #999999;\"> (Forum Kirchenmusik)<\/span><\/p>\n<p><span style=\"color: #ff0000;\"><strong><em>&#8220;Exp\u00e9rience sonore musicale impressionnante par son drame et sa dynamique&#8230;<br \/>\nL&#8217;association unique de diff\u00e9rents \u00e9l\u00e9ments stylistiques a \u00e9t\u00e9 un v\u00e9ritable moment fort pour de nombreux chanteurs&#8221;.<\/em><\/strong><\/span> <span style=\"color: #999999;\"> (Westf\u00e4lische Nachrichten)<\/span><\/p>\n<p><center><iframe loading=\"lazy\" src=\"https:\/\/www.youtube.com\/embed\/rnDAyDNeIhg\" width=\"400\" height=\"280\" frameborder=\"0\" allowfullscreen=\"allowfullscreen\"><\/iframe><\/center><a href=\"\/wp-content\/PP\/PP2238.pdf\" target=\"_blank\" rel=\"noopener noreferrer\"><strong><span style=\"color: #ff0000;\">Partition d&#8217;essai de la PARTITURE <\/span><\/strong><span style=\"color: #ff0000;\">\u00e0 t\u00e9l\u00e9charger<\/span><\/a><strong><a href=\"\/wp-content\/PP\/PP2238.pdf\" target=\"_blank\" rel=\"noopener noreferrer\"> &gt;&gt;&gt;<\/a><a href=\"\/wp-content\/PP\/PP2239.pdf\" target=\"_blank\" rel=\"noopener noreferrer\"><span style=\"color: #ff0000;\"><br \/>\n<\/span><span style=\"color: #ff0000;\"> Partition d&#8217;essai de l&#8217;\u00c9DITION CHANT\u00c9E<\/span><\/a><\/strong><a href=\"\/wp-content\/PP\/PP2239.pdf\" target=\"_blank\" rel=\"noopener noreferrer\"><span style=\"color: #ff0000;\"> \u00e0 t\u00e9l\u00e9charger<\/span><strong> &gt;&gt;&gt; <\/strong><\/a><\/p>\n<p><a href=\"https:\/\/zebemusic.com\/wp-content\/uploads\/2016\/08\/Material-Programmheft-Text-Bild.doc\">Texte et image pour votre programme &gt;&gt;&gt;<\/a><\/p>\n<p>&nbsp;<\/p>\n<p>Compositeur : <a href=\"https:\/\/www.zebemusic.com\/about-us\/autoren\/andreasmuecksch\/\">Andreas M\u00fccksch<\/a><span id=\"authors\"><\/span><br \/>\n<strong>Instrumentation :<\/strong> Orchestre, Bande, Ch\u0153ur (SATB), Soprano Solo, Mezzo-soprano Solo<br \/>\n<strong>Niveau de difficult\u00e9 :<\/strong> moyen-difficile<\/p>\n<hr \/>\n<p>&#8211; <strong>Partition<\/strong> (B4 grand format, env. 232 pages, reliure \u00e0 anneaux, ISBN 978-3-95423-010-5, ZE 2238) \u20ac 39,90<\/p>\n<p><strong><strong>&#8211; \u00c9dition chant\u00e9e<\/strong><\/strong> (2e \u00e9dition corrig\u00e9e, symboles d&#8217;accords inclus, 88 pages, ISBN 978-3-95423-011-2, ZE 2239) \u20ac 12,90<br \/>\nPrix d\u00e9gressif ! \u00c0 partir de 10 pi\u00e8ces seulement 9,90 \u20ac, \u00e0 partir de 50 pi\u00e8ces seulement 8,90 \u20ac.<\/p>\n<p>&#8211; <strong>CD de la premi\u00e8re repr\u00e9sentation<\/strong> \u20ac 5,00<\/p>\n<p>&#8211; <strong>mp3 \u00e0 t\u00e9l\u00e9charger<\/strong> \u20ac 2,99<\/p>\n<p>&#8211; <strong>Mat\u00e9riel d&#8217;orchestre <\/strong> pr\u00eat\u00e9 selon vos souhaits<\/p>\n","protected":false},"featured_media":30176,"template":"","meta":{"_acf_changed":false},"product_brand":[],"product_cat":[1669,131],"product_tag":[1398,1408],"class_list":{"0":"post-24174","1":"product","2":"type-product","3":"status-publish","4":"has-post-thumbnail","6":"product_cat-jazz-fr-2","7":"product_cat-jazz-fr","8":"product_tag-gospelmass-fr","9":"product_tag-muecksch-fr","10":"pa_diff-difficile","11":"pa_diff-moyen","12":"pa_language-latin-fr","13":"pa_occ-konzert-fr","14":"pa_occ-liturgie-fr","15":"pa_occ-noel","16":"pa_occ-schul-gemeindeprojekt-fr","17":"pa_style-genre-pop-crossover-fr","18":"pa_variation-cd-fr-2","19":"pa_variation-edition-chorale","20":"pa_variation-partition-fr","21":"pa_variation-staffelpreis-ab-10-fr","22":"pa_variation-prix-reduit-a-partir-de-50","23":"pa_variation-telechargement-de-mp3","24":"pa_voicing-avec-soliste","25":"pa_voicing-orchestre-fr","26":"pa_voicing-satb-fr","28":"first","29":"instock","30":"featured","31":"taxable","32":"shipping-taxable","33":"purchasable","34":"product-type-variable"},"acf":[],"yoast_head":"<!-- This site is optimized with the Yoast SEO plugin v27.4 - https:\/\/yoast.com\/product\/yoast-seo-wordpress\/ -->\n<title>Foire du rock MESSE IN D<\/title>\n<meta name=\"description\" content=\"Grandiose, symphonique. Dans la tradition entre J.S.Bach et Pink Floyd. La messe rock d&#039;Andreas M\u00fccksch fait beaucoup d&#039;effet - 70 minutes de groove et de drame !\" \/>\n<meta name=\"robots\" content=\"index, follow, max-snippet:-1, max-image-preview:large, max-video-preview:-1\" \/>\n<link rel=\"canonical\" href=\"https:\/\/www.zebemusic.com\/fr\/product\/messe-in-d-messe-en-remesse-symphonique-rock\/\" \/>\n<meta property=\"og:locale\" content=\"fr_FR\" \/>\n<meta property=\"og:type\" content=\"article\" \/>\n<meta property=\"og:title\" content=\"Foire du rock MESSE IN D\" \/>\n<meta property=\"og:description\" content=\"Grandiose, symphonique. Dans la tradition entre J.S.Bach et Pink Floyd. La messe rock d&#039;Andreas M\u00fccksch fait beaucoup d&#039;effet - 70 minutes de groove et de drame !\" \/>\n<meta property=\"og:url\" content=\"https:\/\/www.zebemusic.com\/fr\/product\/messe-in-d-messe-en-remesse-symphonique-rock\/\" \/>\n<meta property=\"og:site_name\" content=\"ZebeMusic\" \/>\n<meta property=\"article:publisher\" content=\"https:\/\/www.facebook.com\/zebemusic\" \/>\n<meta property=\"article:modified_time\" content=\"2025-10-03T17:41:01+00:00\" \/>\n<meta property=\"og:image\" content=\"https:\/\/www.zebemusic.com\/wp-content\/uploads\/2015\/11\/Cover-Messe-Muecksch-web-e1460663210796.jpg\" \/>\n\t<meta property=\"og:image:width\" content=\"283\" \/>\n\t<meta property=\"og:image:height\" content=\"401\" \/>\n\t<meta property=\"og:image:type\" content=\"image\/jpeg\" \/>\n<meta name=\"twitter:card\" content=\"summary_large_image\" \/>\n<meta name=\"twitter:label1\" content=\"Est. reading time\" \/>\n\t<meta name=\"twitter:data1\" content=\"1 minute\" \/>\n<script type=\"application\/ld+json\" class=\"yoast-schema-graph\">{\"@context\":\"https:\\\/\\\/schema.org\",\"@graph\":[{\"@type\":\"WebPage\",\"@id\":\"https:\\\/\\\/www.zebemusic.com\\\/fr\\\/product\\\/messe-in-d-messe-en-remesse-symphonique-rock\\\/\",\"url\":\"https:\\\/\\\/www.zebemusic.com\\\/fr\\\/product\\\/messe-in-d-messe-en-remesse-symphonique-rock\\\/\",\"name\":\"Foire du rock MESSE IN D\",\"isPartOf\":{\"@id\":\"https:\\\/\\\/www.zebemusic.com\\\/de\\\/#website\"},\"primaryImageOfPage\":{\"@id\":\"https:\\\/\\\/www.zebemusic.com\\\/fr\\\/product\\\/messe-in-d-messe-en-remesse-symphonique-rock\\\/#primaryimage\"},\"image\":{\"@id\":\"https:\\\/\\\/www.zebemusic.com\\\/fr\\\/product\\\/messe-in-d-messe-en-remesse-symphonique-rock\\\/#primaryimage\"},\"thumbnailUrl\":\"https:\\\/\\\/www.zebemusic.com\\\/wp-content\\\/uploads\\\/2015\\\/11\\\/ZE2289-1.jpg\",\"datePublished\":\"2015-11-11T13:33:47+00:00\",\"dateModified\":\"2025-10-03T17:41:01+00:00\",\"description\":\"Grandiose, symphonique. Dans la tradition entre J.S.Bach et Pink Floyd. La messe rock d'Andreas M\u00fccksch fait beaucoup d'effet - 70 minutes de groove et de drame !\",\"breadcrumb\":{\"@id\":\"https:\\\/\\\/www.zebemusic.com\\\/fr\\\/product\\\/messe-in-d-messe-en-remesse-symphonique-rock\\\/#breadcrumb\"},\"inLanguage\":\"fr-FR\",\"potentialAction\":[{\"@type\":\"ReadAction\",\"target\":[\"https:\\\/\\\/www.zebemusic.com\\\/fr\\\/product\\\/messe-in-d-messe-en-remesse-symphonique-rock\\\/\"]}]},{\"@type\":\"ImageObject\",\"inLanguage\":\"fr-FR\",\"@id\":\"https:\\\/\\\/www.zebemusic.com\\\/fr\\\/product\\\/messe-in-d-messe-en-remesse-symphonique-rock\\\/#primaryimage\",\"url\":\"https:\\\/\\\/www.zebemusic.com\\\/wp-content\\\/uploads\\\/2015\\\/11\\\/ZE2289-1.jpg\",\"contentUrl\":\"https:\\\/\\\/www.zebemusic.com\\\/wp-content\\\/uploads\\\/2015\\\/11\\\/ZE2289-1.jpg\",\"width\":1181,\"height\":1682,\"caption\":\"Rockmesse\"},{\"@type\":\"BreadcrumbList\",\"@id\":\"https:\\\/\\\/www.zebemusic.com\\\/fr\\\/product\\\/messe-in-d-messe-en-remesse-symphonique-rock\\\/#breadcrumb\",\"itemListElement\":[{\"@type\":\"ListItem\",\"position\":1,\"name\":\"Shop\",\"item\":\"https:\\\/\\\/www.zebemusic.com\\\/fr\\\/shop\\\/\"},{\"@type\":\"ListItem\",\"position\":2,\"name\":\"Messe in D (Messe en r\u00e9)Messe symphonique rock\"}]},{\"@type\":\"WebSite\",\"@id\":\"https:\\\/\\\/www.zebemusic.com\\\/de\\\/#website\",\"url\":\"https:\\\/\\\/www.zebemusic.com\\\/de\\\/\",\"name\":\"ZebeMusic\",\"description\":\"vous incite a chanter.\",\"publisher\":{\"@id\":\"https:\\\/\\\/www.zebemusic.com\\\/de\\\/#organization\"},\"alternateName\":\"Gospelnoten & Kindermusicals\",\"potentialAction\":[{\"@type\":\"SearchAction\",\"target\":{\"@type\":\"EntryPoint\",\"urlTemplate\":\"https:\\\/\\\/www.zebemusic.com\\\/de\\\/?s={search_term_string}\"},\"query-input\":{\"@type\":\"PropertyValueSpecification\",\"valueRequired\":true,\"valueName\":\"search_term_string\"}}],\"inLanguage\":\"fr-FR\"},{\"@type\":\"Organization\",\"@id\":\"https:\\\/\\\/www.zebemusic.com\\\/de\\\/#organization\",\"name\":\"ZebeMusic\",\"url\":\"https:\\\/\\\/www.zebemusic.com\\\/de\\\/\",\"logo\":{\"@type\":\"ImageObject\",\"inLanguage\":\"fr-FR\",\"@id\":\"https:\\\/\\\/www.zebemusic.com\\\/de\\\/#\\\/schema\\\/logo\\\/image\\\/\",\"url\":\"https:\\\/\\\/www.zebemusic.com\\\/wp-content\\\/uploads\\\/2025\\\/10\\\/ZEBE-Logo_ZW-makesyousing.jpg\",\"contentUrl\":\"https:\\\/\\\/www.zebemusic.com\\\/wp-content\\\/uploads\\\/2025\\\/10\\\/ZEBE-Logo_ZW-makesyousing.jpg\",\"width\":2212,\"height\":958,\"caption\":\"ZebeMusic\"},\"image\":{\"@id\":\"https:\\\/\\\/www.zebemusic.com\\\/de\\\/#\\\/schema\\\/logo\\\/image\\\/\"},\"sameAs\":[\"https:\\\/\\\/www.facebook.com\\\/zebemusic\",\"https:\\\/\\\/www.instagram.com\\\/zebemusic\",\"https:\\\/\\\/www.youtube.com\\\/zebemusicberlin\"]}]}<\/script>\n<!-- \/ Yoast SEO plugin. -->","yoast_head_json":{"title":"Foire du rock MESSE IN D","description":"Grandiose, symphonique. Dans la tradition entre J.S.Bach et Pink Floyd. La messe rock d'Andreas M\u00fccksch fait beaucoup d'effet - 70 minutes de groove et de drame !","robots":{"index":"index","follow":"follow","max-snippet":"max-snippet:-1","max-image-preview":"max-image-preview:large","max-video-preview":"max-video-preview:-1"},"canonical":"https:\/\/www.zebemusic.com\/fr\/product\/messe-in-d-messe-en-remesse-symphonique-rock\/","og_locale":"fr_FR","og_type":"article","og_title":"Foire du rock MESSE IN D","og_description":"Grandiose, symphonique. Dans la tradition entre J.S.Bach et Pink Floyd. La messe rock d'Andreas M\u00fccksch fait beaucoup d'effet - 70 minutes de groove et de drame !","og_url":"https:\/\/www.zebemusic.com\/fr\/product\/messe-in-d-messe-en-remesse-symphonique-rock\/","og_site_name":"ZebeMusic","article_publisher":"https:\/\/www.facebook.com\/zebemusic","article_modified_time":"2025-10-03T17:41:01+00:00","og_image":[{"width":283,"height":401,"url":"https:\/\/www.zebemusic.com\/wp-content\/uploads\/2015\/11\/Cover-Messe-Muecksch-web-e1460663210796.jpg","type":"image\/jpeg"}],"twitter_card":"summary_large_image","twitter_misc":{"Est. reading time":"1 minute"},"schema":{"@context":"https:\/\/schema.org","@graph":[{"@type":"WebPage","@id":"https:\/\/www.zebemusic.com\/fr\/product\/messe-in-d-messe-en-remesse-symphonique-rock\/","url":"https:\/\/www.zebemusic.com\/fr\/product\/messe-in-d-messe-en-remesse-symphonique-rock\/","name":"Foire du rock MESSE IN D","isPartOf":{"@id":"https:\/\/www.zebemusic.com\/de\/#website"},"primaryImageOfPage":{"@id":"https:\/\/www.zebemusic.com\/fr\/product\/messe-in-d-messe-en-remesse-symphonique-rock\/#primaryimage"},"image":{"@id":"https:\/\/www.zebemusic.com\/fr\/product\/messe-in-d-messe-en-remesse-symphonique-rock\/#primaryimage"},"thumbnailUrl":"https:\/\/www.zebemusic.com\/wp-content\/uploads\/2015\/11\/ZE2289-1.jpg","datePublished":"2015-11-11T13:33:47+00:00","dateModified":"2025-10-03T17:41:01+00:00","description":"Grandiose, symphonique. Dans la tradition entre J.S.Bach et Pink Floyd. La messe rock d'Andreas M\u00fccksch fait beaucoup d'effet - 70 minutes de groove et de drame !","breadcrumb":{"@id":"https:\/\/www.zebemusic.com\/fr\/product\/messe-in-d-messe-en-remesse-symphonique-rock\/#breadcrumb"},"inLanguage":"fr-FR","potentialAction":[{"@type":"ReadAction","target":["https:\/\/www.zebemusic.com\/fr\/product\/messe-in-d-messe-en-remesse-symphonique-rock\/"]}]},{"@type":"ImageObject","inLanguage":"fr-FR","@id":"https:\/\/www.zebemusic.com\/fr\/product\/messe-in-d-messe-en-remesse-symphonique-rock\/#primaryimage","url":"https:\/\/www.zebemusic.com\/wp-content\/uploads\/2015\/11\/ZE2289-1.jpg","contentUrl":"https:\/\/www.zebemusic.com\/wp-content\/uploads\/2015\/11\/ZE2289-1.jpg","width":1181,"height":1682,"caption":"Rockmesse"},{"@type":"BreadcrumbList","@id":"https:\/\/www.zebemusic.com\/fr\/product\/messe-in-d-messe-en-remesse-symphonique-rock\/#breadcrumb","itemListElement":[{"@type":"ListItem","position":1,"name":"Shop","item":"https:\/\/www.zebemusic.com\/fr\/shop\/"},{"@type":"ListItem","position":2,"name":"Messe in D (Messe en r\u00e9)Messe symphonique rock"}]},{"@type":"WebSite","@id":"https:\/\/www.zebemusic.com\/de\/#website","url":"https:\/\/www.zebemusic.com\/de\/","name":"ZebeMusic","description":"vous incite a chanter.","publisher":{"@id":"https:\/\/www.zebemusic.com\/de\/#organization"},"alternateName":"Gospelnoten & Kindermusicals","potentialAction":[{"@type":"SearchAction","target":{"@type":"EntryPoint","urlTemplate":"https:\/\/www.zebemusic.com\/de\/?s={search_term_string}"},"query-input":{"@type":"PropertyValueSpecification","valueRequired":true,"valueName":"search_term_string"}}],"inLanguage":"fr-FR"},{"@type":"Organization","@id":"https:\/\/www.zebemusic.com\/de\/#organization","name":"ZebeMusic","url":"https:\/\/www.zebemusic.com\/de\/","logo":{"@type":"ImageObject","inLanguage":"fr-FR","@id":"https:\/\/www.zebemusic.com\/de\/#\/schema\/logo\/image\/","url":"https:\/\/www.zebemusic.com\/wp-content\/uploads\/2025\/10\/ZEBE-Logo_ZW-makesyousing.jpg","contentUrl":"https:\/\/www.zebemusic.com\/wp-content\/uploads\/2025\/10\/ZEBE-Logo_ZW-makesyousing.jpg","width":2212,"height":958,"caption":"ZebeMusic"},"image":{"@id":"https:\/\/www.zebemusic.com\/de\/#\/schema\/logo\/image\/"},"sameAs":["https:\/\/www.facebook.com\/zebemusic","https:\/\/www.instagram.com\/zebemusic","https:\/\/www.youtube.com\/zebemusicberlin"]}]}},"_links":{"self":[{"href":"https:\/\/www.zebemusic.com\/fr\/wp-json\/wp\/v2\/product\/24174","targetHints":{"allow":["GET"]}}],"collection":[{"href":"https:\/\/www.zebemusic.com\/fr\/wp-json\/wp\/v2\/product"}],"about":[{"href":"https:\/\/www.zebemusic.com\/fr\/wp-json\/wp\/v2\/types\/product"}],"wp:featuredmedia":[{"embeddable":true,"href":"https:\/\/www.zebemusic.com\/fr\/wp-json\/wp\/v2\/media\/30176"}],"wp:attachment":[{"href":"https:\/\/www.zebemusic.com\/fr\/wp-json\/wp\/v2\/media?parent=24174"}],"wp:term":[{"taxonomy":"product_brand","embeddable":true,"href":"https:\/\/www.zebemusic.com\/fr\/wp-json\/wp\/v2\/product_brand?post=24174"},{"taxonomy":"product_cat","embeddable":true,"href":"https:\/\/www.zebemusic.com\/fr\/wp-json\/wp\/v2\/product_cat?post=24174"},{"taxonomy":"product_tag","embeddable":true,"href":"https:\/\/www.zebemusic.com\/fr\/wp-json\/wp\/v2\/product_tag?post=24174"}],"curies":[{"name":"wp","href":"https:\/\/api.w.org\/{rel}","templated":true}]}}