{"id":27652,"date":"2014-11-19T18:53:52","date_gmt":"2014-11-19T16:53:52","guid":{"rendered":"https:\/\/www.zebemusic.com\/product\/christmas-collection-le-meilleur-livre-pour-choeur-de-gospel\/"},"modified":"2025-09-05T11:04:23","modified_gmt":"2025-09-05T10:04:23","slug":"christmas-collection-le-meilleur-livre-pour-choeur-de-gospel","status":"publish","type":"product","link":"https:\/\/www.zebemusic.com\/fr\/product\/christmas-collection-le-meilleur-livre-pour-choeur-de-gospel\/","title":{"rendered":"Christmas Collection <br>The Ultimate Gospel Choir Book"},"content":{"rendered":"","protected":false},"excerpt":{"rendered":"<p>La &#8220;Christmas Collection&#8221; r\u00e9pond au souhait de nombreuses chorales de disposer de musique gospel contemporaine \u00e0 l&#8217;occasion de No\u00ebl. C&#8217;est un tr\u00e9sor de chansons anciennes et nouvelles, compos\u00e9es et arrang\u00e9es d&#8217;une mani\u00e8re tr\u00e8s sp\u00e9ciale ! Des arrangements inspirants et modernes pour ch\u0153ur mixte (S.A.T.B.\/S.A.Bar.) avec un accompagnement \u00e9l\u00e9gamment not\u00e9 sont inclus, ainsi que des arrangements atmosph\u00e9riques a cappella.  <\/p>\n<p>En plus de la partition, il existe une \u00e9dition chorale peu co\u00fbteuse, sans notation au piano !<\/p>\n<p><strong>CONTENU :<\/strong> Ain&#8217;t That a Rocking, Behold the Star, Gloria Hallelujah, Glorious Kingdom, Go, Tell It on the Mountains, God Rest You Merry, Gentlemen, Heard From Heaven Today, Jesus, O What a Wonderful Child, Jesus, the Light of the World, Joy To the World, Mary Had a Baby, Rise Up Shepherd And Follow (Follow the Star), Silent Night, Sweet Little Jesus Boy, The Birthday Of a King, This Child, Wonderful Counselor<\/p>\n<p style=\"text-align: right;\"><span style=\"color: #993300;\"><strong>TIPP:<\/strong><\/span> Single song wanted? <a title=\".\" href=\"https:\/\/zebemusic.com\/einzelausgaben\/\">Click here for the overview<\/a>.<\/p>\n<p id=\"pressename\" style=\"padding-left: 30px;\"><span style=\"color: #717171;\"><span style=\"color: #717171;\"><span style=\"color: #993300;\"><strong><em>&#8220;Tout ce que le c\u0153ur de la musique gospel d\u00e9sire&#8221;. <\/em><\/strong><\/span> (crossOver)<em><br \/>\n<\/em><\/span><\/span><\/p>\n<p style=\"padding-left: 30px;\"><span style=\"color: #717171;\"><span style=\"color: #717171;\"><span style=\"color: #993300;\"><strong><em>&#8220;Bien con\u00e7u. <\/em><\/strong><\/span>(Musik &amp; Kirche)<\/span><\/span><\/p>\n<p style=\"padding-left: 30px;\"><span style=\"color: #717171;\"><span style=\"color: #993300;\"><strong><em>&#8220;Tr\u00e8s s\u00e9duisant. <\/em><\/strong><\/span>(Neue Chorzeit)<\/span><\/p>\n<p style=\"padding-left: 30px;\"><span style=\"color: #717171;\"><span style=\"color: #993300;\"><strong><em>&#8220;Jeff Guillen est un arrangeur de gospel extr\u00eamement accompli et authentique. Il donne de nouvelles couleurs aux anciens chants sans jamais quitter le sentiment de gospel authentique qui caract\u00e9rise tous ses arrangements. <\/em><\/strong><\/span>(Musik und Gottesdienst &#8211; CH)<\/span><\/p>\n<hr>\n<p>&nbsp;<\/p>\n<p id=\"postdetails\"><strong><span style=\"color: #717171;\">Auteur :<\/span><\/strong> <span id=\"authors\"><a href=\"https:\/\/www.zebemusic.com\/fr\/jeff-guillen-3\/\">Jeff Guillen<\/a><\/span><br \/>\n<strong><span style=\"color: #717171;\">Instrumentation :<\/span><\/strong> S.A.B.+Pno<br \/>\n<strong><span style=\"color: #717171;\">Difficult\u00e9 :<\/span><\/strong> moyenne<\/p>\n<p><strong><a href=\"\/wp-content\/PP\/PP3038.pdf\" target=\"_blank\" rel=\"noopener noreferrer\">Exemple de score  &gt;&gt;&gt; <\/a><\/strong>&gt;&gt;&gt;<\/p>\n<p><strong><a href=\"http:\/\/www.zebemusic.com\/audio\/ZEBE3038.mp3\" target=\"_blank\" rel=\"noopener noreferrer\">Extrait audio &gt;&gt;&gt;<\/a> <\/strong>&gt;&gt;&gt;<\/p>\n<hr>\n<p><strong>Versions disponibles :<\/strong><\/p>\n<p>&#8211; <strong>Partition compl\u00e8te<\/strong> (ZE 3038, ISBN 978-3-940745-04-0, 72 pages) \u20ac 19,90<strong><br \/>\n<\/strong>Cette \u00e9dition contient les partitions pour ch\u0153ur, solistes et piano. Les symboles d&#8217;accords sont not\u00e9s pour d&#8217;autres instruments d&#8217;accompagnement ou solistes. <\/p>\n<p>&#8211; <strong>Partition vocale<\/strong> (ZE 3079, ISBN 978-3-940745-37-8, 36 pages, <span style=\"text-decoration: underline;\"><span style=\"color: #993300; text-decoration: underline;\">seulement en set pour ch\u0153ur !<\/span><\/span>) \u20ac 6,90<strong><br \/>\n<\/strong>L&#8217;\u00e9dition chorale abordable avec l&#8217;int\u00e9gralit\u00e9 de la partie vocale sans l&#8217;accompagnement au piano.<\/p>\n<p><strong>Veuillez s\u00e9lectionner ici :<\/strong><\/p>\n","protected":false},"featured_media":26153,"template":"","meta":{"_acf_changed":false},"product_brand":[],"product_cat":[1127,130],"product_tag":[1411,1113,1399],"class_list":{"0":"post-27652","1":"product","2":"type-product","3":"status-publish","4":"has-post-thumbnail","6":"product_cat-weihnachten-fr","7":"product_cat-gospel","8":"product_tag-femmes","9":"product_tag-gcb-fr","10":"product_tag-guillen-fr","11":"pa_diff-difficile","12":"pa_diff-moyen","13":"pa_language-anglais","14":"pa_occ-advent-fr","15":"pa_occ-histoire-biblique","16":"pa_occ-noel","17":"pa_occ-nouveau-testament","18":"pa_occ-paques","19":"pa_others-bestseller-fr","20":"pa_others-collections-fr","21":"pa_style-genre-adaptations-chorales","22":"pa_style-genre-ballade-fr","23":"pa_style-genre-gospel-fr","24":"pa_style-genre-jazz-fr","25":"pa_style-genre-latin-fr","26":"pa_style-genre-worship-fr","27":"pa_style-genre-contemporary-fr","28":"pa_style-genre-soul-funk-fr","29":"pa_style-genre-traditional-gospel-style-fr","30":"pa_style-genre-spiritual-fr","31":"pa_style-genre-uptempo-fr","32":"pa_variation-edition-chorale","33":"pa_variation-partition-fr","34":"pa_voicing-acappella-fr","35":"pa_voicing-accompagne","36":"pa_voicing-avec-soliste","37":"pa_voicing-sam-fr","38":"pa_voicing-satb-fr","39":"pa_voicing-ssa-fr","40":"pa_voicing-ssatb-fr","42":"first","43":"instock","44":"taxable","45":"shipping-taxable","46":"purchasable","47":"product-type-variable"},"acf":[],"yoast_head":"<!-- This site is optimized with the Yoast SEO plugin v27.4 - https:\/\/yoast.com\/product\/yoast-seo-wordpress\/ -->\n<title>The Ultimate Gospel Choir Book - Collection de No\u00ebl<\/title>\n<meta name=\"description\" content=\"Collection pour la saison de No\u00ebl \u2013 \u00abTout ce que le c\u0153ur de la musique gospel d\u00e9sire\u00bb. S.A.B. et piano, accords, Gospel Christmas DEMO &gt;&gt;&gt;\" \/>\n<meta name=\"robots\" content=\"index, follow, max-snippet:-1, max-image-preview:large, max-video-preview:-1\" \/>\n<link rel=\"canonical\" href=\"https:\/\/www.zebemusic.com\/fr\/product\/christmas-collection-le-meilleur-livre-pour-choeur-de-gospel\/\" \/>\n<meta property=\"og:locale\" content=\"fr_FR\" \/>\n<meta property=\"og:type\" content=\"article\" \/>\n<meta property=\"og:title\" content=\"The Ultimate Gospel Choir Book - Collection de No\u00ebl\" \/>\n<meta property=\"og:description\" content=\"Collection pour la saison de No\u00ebl \u2013 \u00abTout ce que le c\u0153ur de la musique gospel d\u00e9sire\u00bb. S.A.B. et piano, accords, Gospel Christmas DEMO &gt;&gt;&gt;\" \/>\n<meta property=\"og:url\" content=\"https:\/\/www.zebemusic.com\/fr\/product\/christmas-collection-le-meilleur-livre-pour-choeur-de-gospel\/\" \/>\n<meta property=\"og:site_name\" content=\"ZebeMusic\" \/>\n<meta property=\"article:publisher\" content=\"https:\/\/www.facebook.com\/zebemusic\" \/>\n<meta property=\"article:modified_time\" content=\"2025-09-05T10:04:23+00:00\" \/>\n<meta property=\"og:image\" content=\"https:\/\/www.zebemusic.com\/wp-content\/uploads\/2025\/07\/ZEBE3038.jpg\" \/>\n\t<meta property=\"og:image:width\" content=\"500\" \/>\n\t<meta property=\"og:image:height\" content=\"654\" \/>\n\t<meta property=\"og:image:type\" content=\"image\/jpeg\" \/>\n<meta name=\"twitter:card\" content=\"summary_large_image\" \/>\n<meta name=\"twitter:label1\" content=\"Est. reading time\" \/>\n\t<meta name=\"twitter:data1\" content=\"1 minute\" \/>\n<script type=\"application\/ld+json\" class=\"yoast-schema-graph\">{\"@context\":\"https:\\\/\\\/schema.org\",\"@graph\":[{\"@type\":\"WebPage\",\"@id\":\"https:\\\/\\\/www.zebemusic.com\\\/fr\\\/product\\\/christmas-collection-le-meilleur-livre-pour-choeur-de-gospel\\\/\",\"url\":\"https:\\\/\\\/www.zebemusic.com\\\/fr\\\/product\\\/christmas-collection-le-meilleur-livre-pour-choeur-de-gospel\\\/\",\"name\":\"The Ultimate Gospel Choir Book - Collection de No\u00ebl\",\"isPartOf\":{\"@id\":\"https:\\\/\\\/www.zebemusic.com\\\/de\\\/#website\"},\"primaryImageOfPage\":{\"@id\":\"https:\\\/\\\/www.zebemusic.com\\\/fr\\\/product\\\/christmas-collection-le-meilleur-livre-pour-choeur-de-gospel\\\/#primaryimage\"},\"image\":{\"@id\":\"https:\\\/\\\/www.zebemusic.com\\\/fr\\\/product\\\/christmas-collection-le-meilleur-livre-pour-choeur-de-gospel\\\/#primaryimage\"},\"thumbnailUrl\":\"https:\\\/\\\/www.zebemusic.com\\\/wp-content\\\/uploads\\\/2025\\\/07\\\/ZEBE3038.jpg\",\"datePublished\":\"2014-11-19T16:53:52+00:00\",\"dateModified\":\"2025-09-05T10:04:23+00:00\",\"description\":\"Collection pour la saison de No\u00ebl \u2013 \u00abTout ce que le c\u0153ur de la musique gospel d\u00e9sire\u00bb. S.A.B. et piano, accords, Gospel Christmas DEMO >>>\",\"breadcrumb\":{\"@id\":\"https:\\\/\\\/www.zebemusic.com\\\/fr\\\/product\\\/christmas-collection-le-meilleur-livre-pour-choeur-de-gospel\\\/#breadcrumb\"},\"inLanguage\":\"fr-FR\",\"potentialAction\":[{\"@type\":\"ReadAction\",\"target\":[\"https:\\\/\\\/www.zebemusic.com\\\/fr\\\/product\\\/christmas-collection-le-meilleur-livre-pour-choeur-de-gospel\\\/\"]}]},{\"@type\":\"ImageObject\",\"inLanguage\":\"fr-FR\",\"@id\":\"https:\\\/\\\/www.zebemusic.com\\\/fr\\\/product\\\/christmas-collection-le-meilleur-livre-pour-choeur-de-gospel\\\/#primaryimage\",\"url\":\"https:\\\/\\\/www.zebemusic.com\\\/wp-content\\\/uploads\\\/2025\\\/07\\\/ZEBE3038.jpg\",\"contentUrl\":\"https:\\\/\\\/www.zebemusic.com\\\/wp-content\\\/uploads\\\/2025\\\/07\\\/ZEBE3038.jpg\",\"width\":500,\"height\":654,\"caption\":\"Weihnachtsgospel\"},{\"@type\":\"BreadcrumbList\",\"@id\":\"https:\\\/\\\/www.zebemusic.com\\\/fr\\\/product\\\/christmas-collection-le-meilleur-livre-pour-choeur-de-gospel\\\/#breadcrumb\",\"itemListElement\":[{\"@type\":\"ListItem\",\"position\":1,\"name\":\"Shop\",\"item\":\"https:\\\/\\\/www.zebemusic.com\\\/fr\\\/shop\\\/\"},{\"@type\":\"ListItem\",\"position\":2,\"name\":\"Christmas Collection The Ultimate Gospel Choir Book\"}]},{\"@type\":\"WebSite\",\"@id\":\"https:\\\/\\\/www.zebemusic.com\\\/de\\\/#website\",\"url\":\"https:\\\/\\\/www.zebemusic.com\\\/de\\\/\",\"name\":\"ZebeMusic\",\"description\":\"vous incite a chanter.\",\"publisher\":{\"@id\":\"https:\\\/\\\/www.zebemusic.com\\\/de\\\/#organization\"},\"alternateName\":\"Gospelnoten & Kindermusicals\",\"potentialAction\":[{\"@type\":\"SearchAction\",\"target\":{\"@type\":\"EntryPoint\",\"urlTemplate\":\"https:\\\/\\\/www.zebemusic.com\\\/de\\\/?s={search_term_string}\"},\"query-input\":{\"@type\":\"PropertyValueSpecification\",\"valueRequired\":true,\"valueName\":\"search_term_string\"}}],\"inLanguage\":\"fr-FR\"},{\"@type\":\"Organization\",\"@id\":\"https:\\\/\\\/www.zebemusic.com\\\/de\\\/#organization\",\"name\":\"ZebeMusic\",\"url\":\"https:\\\/\\\/www.zebemusic.com\\\/de\\\/\",\"logo\":{\"@type\":\"ImageObject\",\"inLanguage\":\"fr-FR\",\"@id\":\"https:\\\/\\\/www.zebemusic.com\\\/de\\\/#\\\/schema\\\/logo\\\/image\\\/\",\"url\":\"https:\\\/\\\/www.zebemusic.com\\\/wp-content\\\/uploads\\\/2025\\\/10\\\/ZEBE-Logo_ZW-makesyousing.jpg\",\"contentUrl\":\"https:\\\/\\\/www.zebemusic.com\\\/wp-content\\\/uploads\\\/2025\\\/10\\\/ZEBE-Logo_ZW-makesyousing.jpg\",\"width\":2212,\"height\":958,\"caption\":\"ZebeMusic\"},\"image\":{\"@id\":\"https:\\\/\\\/www.zebemusic.com\\\/de\\\/#\\\/schema\\\/logo\\\/image\\\/\"},\"sameAs\":[\"https:\\\/\\\/www.facebook.com\\\/zebemusic\",\"https:\\\/\\\/www.instagram.com\\\/zebemusic\",\"https:\\\/\\\/www.youtube.com\\\/zebemusicberlin\"]}]}<\/script>\n<!-- \/ Yoast SEO plugin. -->","yoast_head_json":{"title":"The Ultimate Gospel Choir Book - Collection de No\u00ebl","description":"Collection pour la saison de No\u00ebl \u2013 \u00abTout ce que le c\u0153ur de la musique gospel d\u00e9sire\u00bb. S.A.B. et piano, accords, Gospel Christmas DEMO >>>","robots":{"index":"index","follow":"follow","max-snippet":"max-snippet:-1","max-image-preview":"max-image-preview:large","max-video-preview":"max-video-preview:-1"},"canonical":"https:\/\/www.zebemusic.com\/fr\/product\/christmas-collection-le-meilleur-livre-pour-choeur-de-gospel\/","og_locale":"fr_FR","og_type":"article","og_title":"The Ultimate Gospel Choir Book - Collection de No\u00ebl","og_description":"Collection pour la saison de No\u00ebl \u2013 \u00abTout ce que le c\u0153ur de la musique gospel d\u00e9sire\u00bb. S.A.B. et piano, accords, Gospel Christmas DEMO >>>","og_url":"https:\/\/www.zebemusic.com\/fr\/product\/christmas-collection-le-meilleur-livre-pour-choeur-de-gospel\/","og_site_name":"ZebeMusic","article_publisher":"https:\/\/www.facebook.com\/zebemusic","article_modified_time":"2025-09-05T10:04:23+00:00","og_image":[{"width":500,"height":654,"url":"https:\/\/www.zebemusic.com\/wp-content\/uploads\/2025\/07\/ZEBE3038.jpg","type":"image\/jpeg"}],"twitter_card":"summary_large_image","twitter_misc":{"Est. reading time":"1 minute"},"schema":{"@context":"https:\/\/schema.org","@graph":[{"@type":"WebPage","@id":"https:\/\/www.zebemusic.com\/fr\/product\/christmas-collection-le-meilleur-livre-pour-choeur-de-gospel\/","url":"https:\/\/www.zebemusic.com\/fr\/product\/christmas-collection-le-meilleur-livre-pour-choeur-de-gospel\/","name":"The Ultimate Gospel Choir Book - Collection de No\u00ebl","isPartOf":{"@id":"https:\/\/www.zebemusic.com\/de\/#website"},"primaryImageOfPage":{"@id":"https:\/\/www.zebemusic.com\/fr\/product\/christmas-collection-le-meilleur-livre-pour-choeur-de-gospel\/#primaryimage"},"image":{"@id":"https:\/\/www.zebemusic.com\/fr\/product\/christmas-collection-le-meilleur-livre-pour-choeur-de-gospel\/#primaryimage"},"thumbnailUrl":"https:\/\/www.zebemusic.com\/wp-content\/uploads\/2025\/07\/ZEBE3038.jpg","datePublished":"2014-11-19T16:53:52+00:00","dateModified":"2025-09-05T10:04:23+00:00","description":"Collection pour la saison de No\u00ebl \u2013 \u00abTout ce que le c\u0153ur de la musique gospel d\u00e9sire\u00bb. S.A.B. et piano, accords, Gospel Christmas DEMO >>>","breadcrumb":{"@id":"https:\/\/www.zebemusic.com\/fr\/product\/christmas-collection-le-meilleur-livre-pour-choeur-de-gospel\/#breadcrumb"},"inLanguage":"fr-FR","potentialAction":[{"@type":"ReadAction","target":["https:\/\/www.zebemusic.com\/fr\/product\/christmas-collection-le-meilleur-livre-pour-choeur-de-gospel\/"]}]},{"@type":"ImageObject","inLanguage":"fr-FR","@id":"https:\/\/www.zebemusic.com\/fr\/product\/christmas-collection-le-meilleur-livre-pour-choeur-de-gospel\/#primaryimage","url":"https:\/\/www.zebemusic.com\/wp-content\/uploads\/2025\/07\/ZEBE3038.jpg","contentUrl":"https:\/\/www.zebemusic.com\/wp-content\/uploads\/2025\/07\/ZEBE3038.jpg","width":500,"height":654,"caption":"Weihnachtsgospel"},{"@type":"BreadcrumbList","@id":"https:\/\/www.zebemusic.com\/fr\/product\/christmas-collection-le-meilleur-livre-pour-choeur-de-gospel\/#breadcrumb","itemListElement":[{"@type":"ListItem","position":1,"name":"Shop","item":"https:\/\/www.zebemusic.com\/fr\/shop\/"},{"@type":"ListItem","position":2,"name":"Christmas Collection The Ultimate Gospel Choir Book"}]},{"@type":"WebSite","@id":"https:\/\/www.zebemusic.com\/de\/#website","url":"https:\/\/www.zebemusic.com\/de\/","name":"ZebeMusic","description":"vous incite a chanter.","publisher":{"@id":"https:\/\/www.zebemusic.com\/de\/#organization"},"alternateName":"Gospelnoten & Kindermusicals","potentialAction":[{"@type":"SearchAction","target":{"@type":"EntryPoint","urlTemplate":"https:\/\/www.zebemusic.com\/de\/?s={search_term_string}"},"query-input":{"@type":"PropertyValueSpecification","valueRequired":true,"valueName":"search_term_string"}}],"inLanguage":"fr-FR"},{"@type":"Organization","@id":"https:\/\/www.zebemusic.com\/de\/#organization","name":"ZebeMusic","url":"https:\/\/www.zebemusic.com\/de\/","logo":{"@type":"ImageObject","inLanguage":"fr-FR","@id":"https:\/\/www.zebemusic.com\/de\/#\/schema\/logo\/image\/","url":"https:\/\/www.zebemusic.com\/wp-content\/uploads\/2025\/10\/ZEBE-Logo_ZW-makesyousing.jpg","contentUrl":"https:\/\/www.zebemusic.com\/wp-content\/uploads\/2025\/10\/ZEBE-Logo_ZW-makesyousing.jpg","width":2212,"height":958,"caption":"ZebeMusic"},"image":{"@id":"https:\/\/www.zebemusic.com\/de\/#\/schema\/logo\/image\/"},"sameAs":["https:\/\/www.facebook.com\/zebemusic","https:\/\/www.instagram.com\/zebemusic","https:\/\/www.youtube.com\/zebemusicberlin"]}]}},"_links":{"self":[{"href":"https:\/\/www.zebemusic.com\/fr\/wp-json\/wp\/v2\/product\/27652","targetHints":{"allow":["GET"]}}],"collection":[{"href":"https:\/\/www.zebemusic.com\/fr\/wp-json\/wp\/v2\/product"}],"about":[{"href":"https:\/\/www.zebemusic.com\/fr\/wp-json\/wp\/v2\/types\/product"}],"wp:featuredmedia":[{"embeddable":true,"href":"https:\/\/www.zebemusic.com\/fr\/wp-json\/wp\/v2\/media\/26153"}],"wp:attachment":[{"href":"https:\/\/www.zebemusic.com\/fr\/wp-json\/wp\/v2\/media?parent=27652"}],"wp:term":[{"taxonomy":"product_brand","embeddable":true,"href":"https:\/\/www.zebemusic.com\/fr\/wp-json\/wp\/v2\/product_brand?post=27652"},{"taxonomy":"product_cat","embeddable":true,"href":"https:\/\/www.zebemusic.com\/fr\/wp-json\/wp\/v2\/product_cat?post=27652"},{"taxonomy":"product_tag","embeddable":true,"href":"https:\/\/www.zebemusic.com\/fr\/wp-json\/wp\/v2\/product_tag?post=27652"}],"curies":[{"name":"wp","href":"https:\/\/api.w.org\/{rel}","templated":true}]}}