{"id":27664,"date":"2024-01-20T05:27:25","date_gmt":"2024-01-20T04:27:25","guid":{"rendered":"https:\/\/www.zebemusic.com\/product\/this-is-christmas\/"},"modified":"2025-09-08T09:41:38","modified_gmt":"2025-09-08T08:41:38","slug":"this-is-christmas","status":"publish","type":"product","link":"https:\/\/www.zebemusic.com\/fr\/product\/this-is-christmas\/","title":{"rendered":"This is Christmas!"},"content":{"rendered":"","protected":false},"excerpt":{"rendered":"<p>La collection de chants gospel de No\u00ebl de Niko Schlenker ! Des chants en anglais et en allemand et des arrangements choraux sophistiqu\u00e9s pour ch\u0153ur mixte (SATB), solistes et piano garantissent des moments privil\u00e9gi\u00e9s lors des concerts de l&#8217;Avent et de No\u00ebl. Le classique &#8220;God Rest Ye Merry, Gentlemen&#8221; est inclus dans une version a cappella.<br \/>\nVous trouverez \u00e9galement dans cette \u00e9dition des classiques choraux aux couleurs du jazz et des chants gospel traditionnels, ainsi que quelques compositions originales de Niko Schlenker.  <\/p>\n<p>&nbsp;<\/p>\n<p style=\"padding-left: 30px;\"><span style=\"color: #717171;\"><span style=\"color: #717171;\"><span style=\"color: #993300;\"><strong><em>&#8220;Polyvalent, pratique et adapt\u00e9 aux congr\u00e9gations, il offre un r\u00e9pertoire vari\u00e9 dans un segment important des chants de l&#8217;Avent et de No\u00ebl.&#8221; <\/em><\/strong><\/span>(Musik &amp; Kirche)<\/span><\/span><\/p>\n<p><strong>Contenu :<\/strong><br \/>\n<span class=\"readonlyText multiple\">Christmas (Offering of Peace), Christmas-Medley (incl. Joy to the World, Angels We Have Heard on High, Go Tell It on the Mountain), Lord I love Your Name Emmanuel, This Is Christmas!, The Light, Es ist ein Ros entsprungen, Angels We Have Heard on High, God Rest Ye Merry Gentlemen, Kings of Orient (La Marche des Rois), Oh Heiland rei\u00df die Himmel auf (Sauveur, viens d\u00e9chirer les cieux!), O Come All Ye Faithful (Adeste, fideles), Wasn\u2019t That a Mighty Day<\/span><\/p>\n<p><span style=\"color: #ff0000;\"><strong><a style=\"color: #ff0000;\" href=\"\/wp-content\/PP\/PP5080.pdf\" target=\"_blank\" rel=\"noopener noreferrer\">Exemple de partition &gt;&gt;&gt;<\/a><\/strong><\/span><\/p>\n<p>&nbsp;<\/p>\n<hr>\n<p><strong>Paroles et musique : <\/strong> <a href=\"https:\/\/www.zebemusic.com\/fr\/propos-de-nous-2\/auteurs-artiste\/nikoschlenker\/\">Niko Schlenker<\/a><br \/>\n<strong>Ex\u00e9cution :<\/strong> S.A.Bar.\/B. ad lib., Soli, Piano<br \/>\n<strong>Difficult\u00e9 :<\/strong> moyenne<\/p>\n<hr>\n<p><strong>Versions disponibles :<\/strong><\/p>\n<p><strong><strong>&#8211; <\/strong><\/strong><strong>Partition compl\u00e8te<\/strong> (ZE 5080) \u20ac 19,90<\/p>\n<p>&#8211; <strong>Partition vocale<\/strong> ( ZE 5081, UNIQUEMENT COMME ENSEMBLE DE CH\u0152UR !) \u20ac 6,90<strong><br \/>\n<\/strong><\/p>\n","protected":false},"featured_media":19963,"template":"","meta":{"_acf_changed":false},"product_brand":[],"product_cat":[1127,130],"product_tag":[],"class_list":{"0":"post-27664","1":"product","2":"type-product","3":"status-publish","4":"has-post-thumbnail","6":"product_cat-weihnachten-fr","7":"product_cat-gospel","8":"pa_diff-moyen","9":"pa_language-allemand","10":"pa_language-anglais","11":"pa_occ-advent-fr","12":"pa_occ-noel","13":"pa_others-collections-fr","14":"pa_style-genre-adaptations-chorales","15":"pa_style-genre-ballade-fr","16":"pa_style-genre-gospel-fr","17":"pa_style-genre-jazz-fr","18":"pa_style-genre-worship-fr","19":"pa_style-genre-contemporary-fr","20":"pa_style-genre-traditional-gospel-style-fr","21":"pa_variation-partition-complete","22":"pa_variation-partition-vocale-fr","23":"pa_voicing-acappella-fr","24":"pa_voicing-accompagne","25":"pa_voicing-avec-soliste","26":"pa_voicing-choeur-de-femmes","27":"pa_voicing-sam-fr","28":"pa_voicing-satb-fr","29":"pa_voicing-ssa-fr","31":"first","32":"instock","33":"taxable","34":"shipping-taxable","35":"purchasable","36":"product-type-variable"},"acf":[],"yoast_head":"<!-- This site is optimized with the Yoast SEO plugin v27.5 - https:\/\/yoast.com\/product\/yoast-seo-wordpress\/ -->\n<title>This is Christmas!%.<\/title>\n<meta name=\"description\" content=\"&quot;Polyvalent, pratique et adapt\u00e9 aux congr\u00e9gations, il offre un r\u00e9pertoire vari\u00e9 dans un segment important des chants de l&#039;Avent et de No\u00ebl.&quot; (Musik &amp; Kirche)\" \/>\n<meta name=\"robots\" content=\"index, follow, max-snippet:-1, max-image-preview:large, max-video-preview:-1\" \/>\n<link rel=\"canonical\" href=\"https:\/\/www.zebemusic.com\/fr\/product\/this-is-christmas\/\" \/>\n<meta property=\"og:locale\" content=\"fr_FR\" \/>\n<meta property=\"og:type\" content=\"article\" \/>\n<meta property=\"og:title\" content=\"This is Christmas!%.\" \/>\n<meta property=\"og:description\" content=\"&quot;Polyvalent, pratique et adapt\u00e9 aux congr\u00e9gations, il offre un r\u00e9pertoire vari\u00e9 dans un segment important des chants de l&#039;Avent et de No\u00ebl.&quot; (Musik &amp; Kirche)\" \/>\n<meta property=\"og:url\" content=\"https:\/\/www.zebemusic.com\/fr\/product\/this-is-christmas\/\" \/>\n<meta property=\"og:site_name\" content=\"ZebeMusic\" \/>\n<meta property=\"article:publisher\" content=\"https:\/\/www.facebook.com\/zebemusic\" \/>\n<meta property=\"article:modified_time\" content=\"2025-09-08T08:41:38+00:00\" \/>\n<meta property=\"og:image\" content=\"https:\/\/www.zebemusic.com\/wp-content\/uploads\/2024\/01\/ZEBE5080.jpg\" \/>\n\t<meta property=\"og:image:width\" content=\"381\" \/>\n\t<meta property=\"og:image:height\" content=\"500\" \/>\n\t<meta property=\"og:image:type\" content=\"image\/jpeg\" \/>\n<meta name=\"twitter:card\" content=\"summary_large_image\" \/>\n<meta name=\"twitter:label1\" content=\"Est. reading time\" \/>\n\t<meta name=\"twitter:data1\" content=\"1 minute\" \/>\n<script type=\"application\/ld+json\" class=\"yoast-schema-graph\">{\"@context\":\"https:\\\/\\\/schema.org\",\"@graph\":[{\"@type\":\"WebPage\",\"@id\":\"https:\\\/\\\/www.zebemusic.com\\\/fr\\\/product\\\/this-is-christmas\\\/\",\"url\":\"https:\\\/\\\/www.zebemusic.com\\\/fr\\\/product\\\/this-is-christmas\\\/\",\"name\":\"This is Christmas!%.\",\"isPartOf\":{\"@id\":\"https:\\\/\\\/www.zebemusic.com\\\/de\\\/#website\"},\"primaryImageOfPage\":{\"@id\":\"https:\\\/\\\/www.zebemusic.com\\\/fr\\\/product\\\/this-is-christmas\\\/#primaryimage\"},\"image\":{\"@id\":\"https:\\\/\\\/www.zebemusic.com\\\/fr\\\/product\\\/this-is-christmas\\\/#primaryimage\"},\"thumbnailUrl\":\"https:\\\/\\\/www.zebemusic.com\\\/wp-content\\\/uploads\\\/2024\\\/01\\\/ZEBE5080.jpg\",\"datePublished\":\"2024-01-20T04:27:25+00:00\",\"dateModified\":\"2025-09-08T08:41:38+00:00\",\"description\":\"\\\"Polyvalent, pratique et adapt\u00e9 aux congr\u00e9gations, il offre un r\u00e9pertoire vari\u00e9 dans un segment important des chants de l'Avent et de No\u00ebl.\\\" (Musik & Kirche)\",\"breadcrumb\":{\"@id\":\"https:\\\/\\\/www.zebemusic.com\\\/fr\\\/product\\\/this-is-christmas\\\/#breadcrumb\"},\"inLanguage\":\"fr-FR\",\"potentialAction\":[{\"@type\":\"ReadAction\",\"target\":[\"https:\\\/\\\/www.zebemusic.com\\\/fr\\\/product\\\/this-is-christmas\\\/\"]}]},{\"@type\":\"ImageObject\",\"inLanguage\":\"fr-FR\",\"@id\":\"https:\\\/\\\/www.zebemusic.com\\\/fr\\\/product\\\/this-is-christmas\\\/#primaryimage\",\"url\":\"https:\\\/\\\/www.zebemusic.com\\\/wp-content\\\/uploads\\\/2024\\\/01\\\/ZEBE5080.jpg\",\"contentUrl\":\"https:\\\/\\\/www.zebemusic.com\\\/wp-content\\\/uploads\\\/2024\\\/01\\\/ZEBE5080.jpg\",\"width\":381,\"height\":500,\"caption\":\"christmas gospel music\"},{\"@type\":\"BreadcrumbList\",\"@id\":\"https:\\\/\\\/www.zebemusic.com\\\/fr\\\/product\\\/this-is-christmas\\\/#breadcrumb\",\"itemListElement\":[{\"@type\":\"ListItem\",\"position\":1,\"name\":\"Shop\",\"item\":\"https:\\\/\\\/www.zebemusic.com\\\/fr\\\/shop\\\/\"},{\"@type\":\"ListItem\",\"position\":2,\"name\":\"This is Christmas!\"}]},{\"@type\":\"WebSite\",\"@id\":\"https:\\\/\\\/www.zebemusic.com\\\/de\\\/#website\",\"url\":\"https:\\\/\\\/www.zebemusic.com\\\/de\\\/\",\"name\":\"ZebeMusic\",\"description\":\"vous incite a chanter.\",\"publisher\":{\"@id\":\"https:\\\/\\\/www.zebemusic.com\\\/de\\\/#organization\"},\"alternateName\":\"Gospelnoten & Kindermusicals\",\"potentialAction\":[{\"@type\":\"SearchAction\",\"target\":{\"@type\":\"EntryPoint\",\"urlTemplate\":\"https:\\\/\\\/www.zebemusic.com\\\/de\\\/?s={search_term_string}\"},\"query-input\":{\"@type\":\"PropertyValueSpecification\",\"valueRequired\":true,\"valueName\":\"search_term_string\"}}],\"inLanguage\":\"fr-FR\"},{\"@type\":\"Organization\",\"@id\":\"https:\\\/\\\/www.zebemusic.com\\\/de\\\/#organization\",\"name\":\"ZebeMusic\",\"url\":\"https:\\\/\\\/www.zebemusic.com\\\/de\\\/\",\"logo\":{\"@type\":\"ImageObject\",\"inLanguage\":\"fr-FR\",\"@id\":\"https:\\\/\\\/www.zebemusic.com\\\/de\\\/#\\\/schema\\\/logo\\\/image\\\/\",\"url\":\"https:\\\/\\\/www.zebemusic.com\\\/wp-content\\\/uploads\\\/2025\\\/10\\\/ZEBE-Logo_ZW-makesyousing.jpg\",\"contentUrl\":\"https:\\\/\\\/www.zebemusic.com\\\/wp-content\\\/uploads\\\/2025\\\/10\\\/ZEBE-Logo_ZW-makesyousing.jpg\",\"width\":2212,\"height\":958,\"caption\":\"ZebeMusic\"},\"image\":{\"@id\":\"https:\\\/\\\/www.zebemusic.com\\\/de\\\/#\\\/schema\\\/logo\\\/image\\\/\"},\"sameAs\":[\"https:\\\/\\\/www.facebook.com\\\/zebemusic\",\"https:\\\/\\\/www.instagram.com\\\/zebemusic\",\"https:\\\/\\\/www.youtube.com\\\/zebemusicberlin\"]}]}<\/script>\n<!-- \/ Yoast SEO plugin. -->","yoast_head_json":{"title":"This is Christmas!%.","description":"\"Polyvalent, pratique et adapt\u00e9 aux congr\u00e9gations, il offre un r\u00e9pertoire vari\u00e9 dans un segment important des chants de l'Avent et de No\u00ebl.\" (Musik & Kirche)","robots":{"index":"index","follow":"follow","max-snippet":"max-snippet:-1","max-image-preview":"max-image-preview:large","max-video-preview":"max-video-preview:-1"},"canonical":"https:\/\/www.zebemusic.com\/fr\/product\/this-is-christmas\/","og_locale":"fr_FR","og_type":"article","og_title":"This is Christmas!%.","og_description":"\"Polyvalent, pratique et adapt\u00e9 aux congr\u00e9gations, il offre un r\u00e9pertoire vari\u00e9 dans un segment important des chants de l'Avent et de No\u00ebl.\" (Musik & Kirche)","og_url":"https:\/\/www.zebemusic.com\/fr\/product\/this-is-christmas\/","og_site_name":"ZebeMusic","article_publisher":"https:\/\/www.facebook.com\/zebemusic","article_modified_time":"2025-09-08T08:41:38+00:00","og_image":[{"width":381,"height":500,"url":"https:\/\/www.zebemusic.com\/wp-content\/uploads\/2024\/01\/ZEBE5080.jpg","type":"image\/jpeg"}],"twitter_card":"summary_large_image","twitter_misc":{"Est. reading time":"1 minute"},"schema":{"@context":"https:\/\/schema.org","@graph":[{"@type":"WebPage","@id":"https:\/\/www.zebemusic.com\/fr\/product\/this-is-christmas\/","url":"https:\/\/www.zebemusic.com\/fr\/product\/this-is-christmas\/","name":"This is Christmas!%.","isPartOf":{"@id":"https:\/\/www.zebemusic.com\/de\/#website"},"primaryImageOfPage":{"@id":"https:\/\/www.zebemusic.com\/fr\/product\/this-is-christmas\/#primaryimage"},"image":{"@id":"https:\/\/www.zebemusic.com\/fr\/product\/this-is-christmas\/#primaryimage"},"thumbnailUrl":"https:\/\/www.zebemusic.com\/wp-content\/uploads\/2024\/01\/ZEBE5080.jpg","datePublished":"2024-01-20T04:27:25+00:00","dateModified":"2025-09-08T08:41:38+00:00","description":"\"Polyvalent, pratique et adapt\u00e9 aux congr\u00e9gations, il offre un r\u00e9pertoire vari\u00e9 dans un segment important des chants de l'Avent et de No\u00ebl.\" (Musik & Kirche)","breadcrumb":{"@id":"https:\/\/www.zebemusic.com\/fr\/product\/this-is-christmas\/#breadcrumb"},"inLanguage":"fr-FR","potentialAction":[{"@type":"ReadAction","target":["https:\/\/www.zebemusic.com\/fr\/product\/this-is-christmas\/"]}]},{"@type":"ImageObject","inLanguage":"fr-FR","@id":"https:\/\/www.zebemusic.com\/fr\/product\/this-is-christmas\/#primaryimage","url":"https:\/\/www.zebemusic.com\/wp-content\/uploads\/2024\/01\/ZEBE5080.jpg","contentUrl":"https:\/\/www.zebemusic.com\/wp-content\/uploads\/2024\/01\/ZEBE5080.jpg","width":381,"height":500,"caption":"christmas gospel music"},{"@type":"BreadcrumbList","@id":"https:\/\/www.zebemusic.com\/fr\/product\/this-is-christmas\/#breadcrumb","itemListElement":[{"@type":"ListItem","position":1,"name":"Shop","item":"https:\/\/www.zebemusic.com\/fr\/shop\/"},{"@type":"ListItem","position":2,"name":"This is Christmas!"}]},{"@type":"WebSite","@id":"https:\/\/www.zebemusic.com\/de\/#website","url":"https:\/\/www.zebemusic.com\/de\/","name":"ZebeMusic","description":"vous incite a chanter.","publisher":{"@id":"https:\/\/www.zebemusic.com\/de\/#organization"},"alternateName":"Gospelnoten & Kindermusicals","potentialAction":[{"@type":"SearchAction","target":{"@type":"EntryPoint","urlTemplate":"https:\/\/www.zebemusic.com\/de\/?s={search_term_string}"},"query-input":{"@type":"PropertyValueSpecification","valueRequired":true,"valueName":"search_term_string"}}],"inLanguage":"fr-FR"},{"@type":"Organization","@id":"https:\/\/www.zebemusic.com\/de\/#organization","name":"ZebeMusic","url":"https:\/\/www.zebemusic.com\/de\/","logo":{"@type":"ImageObject","inLanguage":"fr-FR","@id":"https:\/\/www.zebemusic.com\/de\/#\/schema\/logo\/image\/","url":"https:\/\/www.zebemusic.com\/wp-content\/uploads\/2025\/10\/ZEBE-Logo_ZW-makesyousing.jpg","contentUrl":"https:\/\/www.zebemusic.com\/wp-content\/uploads\/2025\/10\/ZEBE-Logo_ZW-makesyousing.jpg","width":2212,"height":958,"caption":"ZebeMusic"},"image":{"@id":"https:\/\/www.zebemusic.com\/de\/#\/schema\/logo\/image\/"},"sameAs":["https:\/\/www.facebook.com\/zebemusic","https:\/\/www.instagram.com\/zebemusic","https:\/\/www.youtube.com\/zebemusicberlin"]}]}},"_links":{"self":[{"href":"https:\/\/www.zebemusic.com\/fr\/wp-json\/wp\/v2\/product\/27664","targetHints":{"allow":["GET"]}}],"collection":[{"href":"https:\/\/www.zebemusic.com\/fr\/wp-json\/wp\/v2\/product"}],"about":[{"href":"https:\/\/www.zebemusic.com\/fr\/wp-json\/wp\/v2\/types\/product"}],"wp:featuredmedia":[{"embeddable":true,"href":"https:\/\/www.zebemusic.com\/fr\/wp-json\/wp\/v2\/media\/19963"}],"wp:attachment":[{"href":"https:\/\/www.zebemusic.com\/fr\/wp-json\/wp\/v2\/media?parent=27664"}],"wp:term":[{"taxonomy":"product_brand","embeddable":true,"href":"https:\/\/www.zebemusic.com\/fr\/wp-json\/wp\/v2\/product_brand?post=27664"},{"taxonomy":"product_cat","embeddable":true,"href":"https:\/\/www.zebemusic.com\/fr\/wp-json\/wp\/v2\/product_cat?post=27664"},{"taxonomy":"product_tag","embeddable":true,"href":"https:\/\/www.zebemusic.com\/fr\/wp-json\/wp\/v2\/product_tag?post=27664"}],"curies":[{"name":"wp","href":"https:\/\/api.w.org\/{rel}","templated":true}]}}