{"id":27700,"date":"2015-02-10T09:21:58","date_gmt":"2015-02-10T07:21:58","guid":{"rendered":"https:\/\/www.zebemusic.com\/product\/ma-forteresse-a-funky-praise-psaumes-funky\/"},"modified":"2025-09-05T19:27:17","modified_gmt":"2025-09-05T18:27:17","slug":"ma-forteresse-a-funky-praise-psaumes-funky","status":"publish","type":"product","link":"https:\/\/www.zebemusic.com\/fr\/product\/ma-forteresse-a-funky-praise-psaumes-funky\/","title":{"rendered":"My Fortress &#8211; A Funky Praise <br><i>Psaumes funky<\/i>"},"content":{"rendered":"","protected":false},"excerpt":{"rendered":"<p>Vous aussi, vous \u00eates toujours \u00e0 la recherche de nouvelles pi\u00e8ces chorales groovy ? Vous pensez aussi qu&#8217;il est temps de faire entrer le vrai jazz et le funk dans nos \u00e9glises ?<br \/>\nDans &#8220;Ma forteresse&#8221;, vous trouverez les deux !<\/p>\n<p>Christoph Schoepsdau surprend par ses id\u00e9es. Ses mises en musique des 31e et 91e psaumes sont pleines d&#8217;harmonies jazz et de rythmes funk et rappellent la musique de Herbie Hancock ou de Singers Unlimited. Accompagn\u00e9 d&#8217;un piano ou d&#8217;une section rythmique, le ch\u0153ur se contente de trois voix : Soprano, Alto et Baryton. En trois mouvements (Those Who Dwell &#8211; Lord, In You I Trust &#8211; My Life Is In Your Hands), Schoepsdau d\u00e9crit ses interpr\u00e9tations sur le th\u00e8me du refuge, de la protection et de la s\u00e9curit\u00e9. &#8220;Car il a ordonn\u00e9 \u00e0 ses anges de te garder sur toutes tes voies&#8221; prend une toute nouvelle perspective dans son interpr\u00e9tation musicale. Les parties peuvent \u00e9galement \u00eatre ex\u00e9cut\u00e9es s\u00e9par\u00e9ment ou compl\u00e9ter id\u00e9alement la messe jazz de Christoph Schoepsdau.     <\/p>\n<p>\u00ab My Fortress \u00bb dure environ 17 minutes dans son int\u00e9gralit\u00e9.<\/p>\n<p><strong>Contenu<\/strong>:<br \/>\n1. Those Who Dwell (Ps. 91)<br \/>\n2. Lord, In You I Trust (Ps. 31)<br \/>\n3. My Life Is In Your Hands (Ps. 31)<\/p>\n<hr>\n<p><strong><span style=\"color: #717171;\">la musique : <\/span><\/strong> <a href=\"https:\/\/www.zebemusic.com\/fr\/propos-de-nous-2\/auteurs-artiste\/christophschoepsdau\/\">Christoph Schoepsdau<\/a><br \/>\n<strong><span style=\"color: #717171;\">Occupation :<\/span><\/strong> S.A.Bar. (S.A.A.), Dr, B, Pno, Git<br \/>\n<strong><br \/>\n  <span style=\"color: #717171;\">Niveau de difficult\u00e9 :<\/span><br \/>\n<\/strong> moyen<\/p>\n<p><strong><a href=\"\/wp-content\/PP\/PP4090.pdf\" target=\"_blank\" rel=\"noopener noreferrer\">Partition d&#8217;essai \u00e0 t\u00e9l\u00e9charger<\/a> &gt;&gt;&gt;<\/strong><\/p>\n<p><a href=\"\/audio\/ZEBE4090.mp3\" target=\"_blank\" rel=\"noopener noreferrer\">\u00c9chantillon sonore<\/a>:<\/p>\n[audio mp3=\"http:\/\/www.zebemusic.com\/wp-content\/uploads\/2024\/02\/ZEBE4090.mp3\"][\/audio]\n<p>&nbsp;<\/p>\n<hr>\n<p><strong>Versions disponibles :<\/strong><\/p>\n<p>&#8211; <strong><strong>Partition <\/strong><\/strong> (ZE 4090, ISBN 978-3-940745-38-5, grand format, 48 pages) \u20ac 14,90<\/p>\n<p><strong><strong>&#8211; \u00c9dition chorale<\/strong><\/strong> (ZE 4091, ISBN 978-3-940745-39-2, uniquement en version chorale !) \u20ac 6,90<\/p>\n<p>&#8211; <strong><strong>Instrumental <\/strong>Pak<\/strong> (ZE 4098) \u20ac 30,00<br \/>\nPack instrumental avec toutes les voix : Piano, Basse \u00e9lectrique, Guitare \u00e9lectrique, Batterie<\/p>\n","protected":false},"featured_media":794,"template":"","meta":{"_acf_changed":false},"product_brand":[],"product_cat":[131],"product_tag":[1604,1417,1415],"class_list":{"0":"post-27700","1":"product","2":"type-product","3":"status-publish","4":"has-post-thumbnail","6":"product_cat-jazz-fr","7":"product_tag-messe-fr","8":"product_tag-psaumes","9":"product_tag-schoepsdau-fr","10":"pa_diff-moyen","11":"pa_language-anglais","12":"pa_occ-gratitude","13":"pa_occ-liturgie-fr","14":"pa_occ-louer","15":"pa_occ-peur-et-confiance","16":"pa_others-bestseller-fr","17":"pa_style-genre-gospel-fr","18":"pa_style-genre-jazz-fr","19":"pa_style-genre-worship-fr","20":"pa_style-genre-pop-crossover-fr","21":"pa_style-genre-soul-funk-fr","22":"pa_variation-edition-chorale","23":"pa_variation-paquet-dinstruments","24":"pa_variation-partition-fr","25":"pa_variation-piste03-ma-vie-est-entre-vos-mains","26":"pa_variation-track01-ceux-qui-restent","27":"pa_variation-track02-lord-in-you-i-trust-fr","28":"pa_voicing-accompagne","29":"pa_voicing-avec-bande","30":"pa_voicing-sam-fr","31":"pa_voicing-ssa-fr","33":"first","34":"instock","35":"taxable","36":"shipping-taxable","37":"purchasable","38":"product-type-variable"},"acf":[],"yoast_head":"<!-- This site is optimized with the Yoast SEO plugin v27.5 - https:\/\/yoast.com\/product\/yoast-seo-wordpress\/ -->\n<title>My Fortress - A Funky Praise Psaumes funky<\/title>\n<meta name=\"description\" content=\"Psaumes groovy et funky pour ch\u0153ur \u00e0 3 voix et instruments. \u00c9couter et lire ici &gt;&gt;&gt;.\" \/>\n<meta name=\"robots\" content=\"index, follow, max-snippet:-1, max-image-preview:large, max-video-preview:-1\" \/>\n<link rel=\"canonical\" href=\"https:\/\/www.zebemusic.com\/fr\/product\/ma-forteresse-a-funky-praise-psaumes-funky\/\" \/>\n<meta property=\"og:locale\" content=\"fr_FR\" \/>\n<meta property=\"og:type\" content=\"article\" \/>\n<meta property=\"og:title\" content=\"My Fortress - A Funky Praise Psaumes funky\" \/>\n<meta property=\"og:description\" content=\"Psaumes groovy et funky pour ch\u0153ur \u00e0 3 voix et instruments. \u00c9couter et lire ici &gt;&gt;&gt;.\" \/>\n<meta property=\"og:url\" content=\"https:\/\/www.zebemusic.com\/fr\/product\/ma-forteresse-a-funky-praise-psaumes-funky\/\" \/>\n<meta property=\"og:site_name\" content=\"ZebeMusic\" \/>\n<meta property=\"article:publisher\" content=\"https:\/\/www.facebook.com\/zebemusic\" \/>\n<meta property=\"article:modified_time\" content=\"2025-09-05T18:27:17+00:00\" \/>\n<meta property=\"og:image\" content=\"https:\/\/www.zebemusic.com\/wp-content\/uploads\/2013\/08\/zebe4090.jpg\" \/>\n\t<meta property=\"og:image:width\" content=\"368\" \/>\n\t<meta property=\"og:image:height\" content=\"500\" \/>\n\t<meta property=\"og:image:type\" content=\"image\/jpeg\" \/>\n<meta name=\"twitter:card\" content=\"summary_large_image\" \/>\n<script type=\"application\/ld+json\" class=\"yoast-schema-graph\">{\"@context\":\"https:\\\/\\\/schema.org\",\"@graph\":[{\"@type\":\"WebPage\",\"@id\":\"https:\\\/\\\/www.zebemusic.com\\\/fr\\\/product\\\/ma-forteresse-a-funky-praise-psaumes-funky\\\/\",\"url\":\"https:\\\/\\\/www.zebemusic.com\\\/fr\\\/product\\\/ma-forteresse-a-funky-praise-psaumes-funky\\\/\",\"name\":\"My Fortress - A Funky Praise Psaumes funky\",\"isPartOf\":{\"@id\":\"https:\\\/\\\/www.zebemusic.com\\\/de\\\/#website\"},\"primaryImageOfPage\":{\"@id\":\"https:\\\/\\\/www.zebemusic.com\\\/fr\\\/product\\\/ma-forteresse-a-funky-praise-psaumes-funky\\\/#primaryimage\"},\"image\":{\"@id\":\"https:\\\/\\\/www.zebemusic.com\\\/fr\\\/product\\\/ma-forteresse-a-funky-praise-psaumes-funky\\\/#primaryimage\"},\"thumbnailUrl\":\"https:\\\/\\\/www.zebemusic.com\\\/wp-content\\\/uploads\\\/2013\\\/08\\\/zebe4090.jpg\",\"datePublished\":\"2015-02-10T07:21:58+00:00\",\"dateModified\":\"2025-09-05T18:27:17+00:00\",\"description\":\"Psaumes groovy et funky pour ch\u0153ur \u00e0 3 voix et instruments. \u00c9couter et lire ici >>>.\",\"breadcrumb\":{\"@id\":\"https:\\\/\\\/www.zebemusic.com\\\/fr\\\/product\\\/ma-forteresse-a-funky-praise-psaumes-funky\\\/#breadcrumb\"},\"inLanguage\":\"fr-FR\",\"potentialAction\":[{\"@type\":\"ReadAction\",\"target\":[\"https:\\\/\\\/www.zebemusic.com\\\/fr\\\/product\\\/ma-forteresse-a-funky-praise-psaumes-funky\\\/\"]}]},{\"@type\":\"ImageObject\",\"inLanguage\":\"fr-FR\",\"@id\":\"https:\\\/\\\/www.zebemusic.com\\\/fr\\\/product\\\/ma-forteresse-a-funky-praise-psaumes-funky\\\/#primaryimage\",\"url\":\"https:\\\/\\\/www.zebemusic.com\\\/wp-content\\\/uploads\\\/2013\\\/08\\\/zebe4090.jpg\",\"contentUrl\":\"https:\\\/\\\/www.zebemusic.com\\\/wp-content\\\/uploads\\\/2013\\\/08\\\/zebe4090.jpg\",\"width\":368,\"height\":500},{\"@type\":\"BreadcrumbList\",\"@id\":\"https:\\\/\\\/www.zebemusic.com\\\/fr\\\/product\\\/ma-forteresse-a-funky-praise-psaumes-funky\\\/#breadcrumb\",\"itemListElement\":[{\"@type\":\"ListItem\",\"position\":1,\"name\":\"Shop\",\"item\":\"https:\\\/\\\/www.zebemusic.com\\\/fr\\\/shop\\\/\"},{\"@type\":\"ListItem\",\"position\":2,\"name\":\"My Fortress &#8211; A Funky Praise Psaumes funky\"}]},{\"@type\":\"WebSite\",\"@id\":\"https:\\\/\\\/www.zebemusic.com\\\/de\\\/#website\",\"url\":\"https:\\\/\\\/www.zebemusic.com\\\/de\\\/\",\"name\":\"ZebeMusic\",\"description\":\"vous incite a chanter.\",\"publisher\":{\"@id\":\"https:\\\/\\\/www.zebemusic.com\\\/de\\\/#organization\"},\"alternateName\":\"Gospelnoten & Kindermusicals\",\"potentialAction\":[{\"@type\":\"SearchAction\",\"target\":{\"@type\":\"EntryPoint\",\"urlTemplate\":\"https:\\\/\\\/www.zebemusic.com\\\/de\\\/?s={search_term_string}\"},\"query-input\":{\"@type\":\"PropertyValueSpecification\",\"valueRequired\":true,\"valueName\":\"search_term_string\"}}],\"inLanguage\":\"fr-FR\"},{\"@type\":\"Organization\",\"@id\":\"https:\\\/\\\/www.zebemusic.com\\\/de\\\/#organization\",\"name\":\"ZebeMusic\",\"url\":\"https:\\\/\\\/www.zebemusic.com\\\/de\\\/\",\"logo\":{\"@type\":\"ImageObject\",\"inLanguage\":\"fr-FR\",\"@id\":\"https:\\\/\\\/www.zebemusic.com\\\/de\\\/#\\\/schema\\\/logo\\\/image\\\/\",\"url\":\"https:\\\/\\\/www.zebemusic.com\\\/wp-content\\\/uploads\\\/2025\\\/10\\\/ZEBE-Logo_ZW-makesyousing.jpg\",\"contentUrl\":\"https:\\\/\\\/www.zebemusic.com\\\/wp-content\\\/uploads\\\/2025\\\/10\\\/ZEBE-Logo_ZW-makesyousing.jpg\",\"width\":2212,\"height\":958,\"caption\":\"ZebeMusic\"},\"image\":{\"@id\":\"https:\\\/\\\/www.zebemusic.com\\\/de\\\/#\\\/schema\\\/logo\\\/image\\\/\"},\"sameAs\":[\"https:\\\/\\\/www.facebook.com\\\/zebemusic\",\"https:\\\/\\\/www.instagram.com\\\/zebemusic\",\"https:\\\/\\\/www.youtube.com\\\/zebemusicberlin\"]}]}<\/script>\n<!-- \/ Yoast SEO plugin. -->","yoast_head_json":{"title":"My Fortress - A Funky Praise Psaumes funky","description":"Psaumes groovy et funky pour ch\u0153ur \u00e0 3 voix et instruments. \u00c9couter et lire ici >>>.","robots":{"index":"index","follow":"follow","max-snippet":"max-snippet:-1","max-image-preview":"max-image-preview:large","max-video-preview":"max-video-preview:-1"},"canonical":"https:\/\/www.zebemusic.com\/fr\/product\/ma-forteresse-a-funky-praise-psaumes-funky\/","og_locale":"fr_FR","og_type":"article","og_title":"My Fortress - A Funky Praise Psaumes funky","og_description":"Psaumes groovy et funky pour ch\u0153ur \u00e0 3 voix et instruments. \u00c9couter et lire ici >>>.","og_url":"https:\/\/www.zebemusic.com\/fr\/product\/ma-forteresse-a-funky-praise-psaumes-funky\/","og_site_name":"ZebeMusic","article_publisher":"https:\/\/www.facebook.com\/zebemusic","article_modified_time":"2025-09-05T18:27:17+00:00","og_image":[{"width":368,"height":500,"url":"https:\/\/www.zebemusic.com\/wp-content\/uploads\/2013\/08\/zebe4090.jpg","type":"image\/jpeg"}],"twitter_card":"summary_large_image","schema":{"@context":"https:\/\/schema.org","@graph":[{"@type":"WebPage","@id":"https:\/\/www.zebemusic.com\/fr\/product\/ma-forteresse-a-funky-praise-psaumes-funky\/","url":"https:\/\/www.zebemusic.com\/fr\/product\/ma-forteresse-a-funky-praise-psaumes-funky\/","name":"My Fortress - A Funky Praise Psaumes funky","isPartOf":{"@id":"https:\/\/www.zebemusic.com\/de\/#website"},"primaryImageOfPage":{"@id":"https:\/\/www.zebemusic.com\/fr\/product\/ma-forteresse-a-funky-praise-psaumes-funky\/#primaryimage"},"image":{"@id":"https:\/\/www.zebemusic.com\/fr\/product\/ma-forteresse-a-funky-praise-psaumes-funky\/#primaryimage"},"thumbnailUrl":"https:\/\/www.zebemusic.com\/wp-content\/uploads\/2013\/08\/zebe4090.jpg","datePublished":"2015-02-10T07:21:58+00:00","dateModified":"2025-09-05T18:27:17+00:00","description":"Psaumes groovy et funky pour ch\u0153ur \u00e0 3 voix et instruments. \u00c9couter et lire ici >>>.","breadcrumb":{"@id":"https:\/\/www.zebemusic.com\/fr\/product\/ma-forteresse-a-funky-praise-psaumes-funky\/#breadcrumb"},"inLanguage":"fr-FR","potentialAction":[{"@type":"ReadAction","target":["https:\/\/www.zebemusic.com\/fr\/product\/ma-forteresse-a-funky-praise-psaumes-funky\/"]}]},{"@type":"ImageObject","inLanguage":"fr-FR","@id":"https:\/\/www.zebemusic.com\/fr\/product\/ma-forteresse-a-funky-praise-psaumes-funky\/#primaryimage","url":"https:\/\/www.zebemusic.com\/wp-content\/uploads\/2013\/08\/zebe4090.jpg","contentUrl":"https:\/\/www.zebemusic.com\/wp-content\/uploads\/2013\/08\/zebe4090.jpg","width":368,"height":500},{"@type":"BreadcrumbList","@id":"https:\/\/www.zebemusic.com\/fr\/product\/ma-forteresse-a-funky-praise-psaumes-funky\/#breadcrumb","itemListElement":[{"@type":"ListItem","position":1,"name":"Shop","item":"https:\/\/www.zebemusic.com\/fr\/shop\/"},{"@type":"ListItem","position":2,"name":"My Fortress &#8211; A Funky Praise Psaumes funky"}]},{"@type":"WebSite","@id":"https:\/\/www.zebemusic.com\/de\/#website","url":"https:\/\/www.zebemusic.com\/de\/","name":"ZebeMusic","description":"vous incite a chanter.","publisher":{"@id":"https:\/\/www.zebemusic.com\/de\/#organization"},"alternateName":"Gospelnoten & Kindermusicals","potentialAction":[{"@type":"SearchAction","target":{"@type":"EntryPoint","urlTemplate":"https:\/\/www.zebemusic.com\/de\/?s={search_term_string}"},"query-input":{"@type":"PropertyValueSpecification","valueRequired":true,"valueName":"search_term_string"}}],"inLanguage":"fr-FR"},{"@type":"Organization","@id":"https:\/\/www.zebemusic.com\/de\/#organization","name":"ZebeMusic","url":"https:\/\/www.zebemusic.com\/de\/","logo":{"@type":"ImageObject","inLanguage":"fr-FR","@id":"https:\/\/www.zebemusic.com\/de\/#\/schema\/logo\/image\/","url":"https:\/\/www.zebemusic.com\/wp-content\/uploads\/2025\/10\/ZEBE-Logo_ZW-makesyousing.jpg","contentUrl":"https:\/\/www.zebemusic.com\/wp-content\/uploads\/2025\/10\/ZEBE-Logo_ZW-makesyousing.jpg","width":2212,"height":958,"caption":"ZebeMusic"},"image":{"@id":"https:\/\/www.zebemusic.com\/de\/#\/schema\/logo\/image\/"},"sameAs":["https:\/\/www.facebook.com\/zebemusic","https:\/\/www.instagram.com\/zebemusic","https:\/\/www.youtube.com\/zebemusicberlin"]}]}},"_links":{"self":[{"href":"https:\/\/www.zebemusic.com\/fr\/wp-json\/wp\/v2\/product\/27700","targetHints":{"allow":["GET"]}}],"collection":[{"href":"https:\/\/www.zebemusic.com\/fr\/wp-json\/wp\/v2\/product"}],"about":[{"href":"https:\/\/www.zebemusic.com\/fr\/wp-json\/wp\/v2\/types\/product"}],"wp:featuredmedia":[{"embeddable":true,"href":"https:\/\/www.zebemusic.com\/fr\/wp-json\/wp\/v2\/media\/794"}],"wp:attachment":[{"href":"https:\/\/www.zebemusic.com\/fr\/wp-json\/wp\/v2\/media?parent=27700"}],"wp:term":[{"taxonomy":"product_brand","embeddable":true,"href":"https:\/\/www.zebemusic.com\/fr\/wp-json\/wp\/v2\/product_brand?post=27700"},{"taxonomy":"product_cat","embeddable":true,"href":"https:\/\/www.zebemusic.com\/fr\/wp-json\/wp\/v2\/product_cat?post=27700"},{"taxonomy":"product_tag","embeddable":true,"href":"https:\/\/www.zebemusic.com\/fr\/wp-json\/wp\/v2\/product_tag?post=27700"}],"curies":[{"name":"wp","href":"https:\/\/api.w.org\/{rel}","templated":true}]}}