{"id":27760,"date":"2025-09-05T19:55:25","date_gmt":"2025-09-05T18:55:25","guid":{"rendered":"https:\/\/www.zebemusic.com\/product\/be-encouraged\/"},"modified":"2025-09-08T09:34:45","modified_gmt":"2025-09-08T08:34:45","slug":"be-encouraged","status":"publish","type":"product","link":"https:\/\/www.zebemusic.com\/fr\/product\/be-encouraged\/","title":{"rendered":"Be Encouraged"},"content":{"rendered":"","protected":false},"excerpt":{"rendered":"<p>C&#8217;est un chef-d&#8217;\u0153uvre !<br \/>\nDouze chants gospel impressionnants et vari\u00e9s qui vous inspirent, vous touchent et vous invitent \u00e0 imiter ! Vous trouverez sur cet album des th\u00e8mes musicaux particuliers, des ballades profondes, des accords chauds et jazzy et de grands num\u00e9ros uptempo.<br \/>\nLe style de Niko se caract\u00e9rise par des compositions \u00e9prouv\u00e9es avec des harmonies sophistiqu\u00e9es, des canons int\u00e9gr\u00e9s et l&#8217;implication du public. La partition compl\u00e8te contient \u00e9galement des informations pour les r\u00e9p\u00e9titions et les concerts : symboles d&#8217;accords, r\u00e9f\u00e9rences bibliques et, bien s\u00fbr, une partie de piano \u00e9crite, groovy et jouable !  <\/p>\n<p>D&#8217;excellentes voix principales garantissent le plus haut niveau musical sur le CD, telles que Dorrey Lin Lyles (Weather Girls), Lisamay Lesch (Rhema Praise &amp; Worship), Ingrid Arthur (Backing SEEED, Bette Midler), Marlin Monroe Williford (&#8220;Voice of Germany&#8221;) et bien d&#8217;autres encore !<\/p>\n<p>Soyez encourag\u00e9s ! est le contenu des paroles. Comment cela fonctionne-t-il ? Comment se sent-on ? Qu&#8217;est-ce que l&#8217;encouragement apporte \u00e0 l&#8217;autre personne et \u00e0 soi-m\u00eame ? &#8211; La foi et Dieu aident-ils ?<br \/>\nTous ces aspects se retrouvent dans BE ENCOURAGED et ont permis de cr\u00e9er un morceau de musique qui n&#8217;est pas seulement amusant, mais qui encourage, touche et \u00e9meut \u00e0 un niveau spirituel.<\/p>\n<p style=\"padding-left: 30px;\"><span style=\"color: #717171;\"><span style=\"color: #717171;\"><span style=\"color: #993300;\"><strong><em>&#8220;Une joie de chanter ! Les nouveaux chants de Niko Schlenker &#8230; respirent le gospel, vous mettent de bonne humeur lorsque vous les chantez et certainement aussi les auditeurs.&#8221; <\/em><\/strong><\/span>(Musik + message)<\/span><\/span><\/p>\n<p><strong><br \/>\nContenu:<\/strong><br \/>\n1. Be encouraged \/ 2. Believe and trust \/ 3. I will bless the Lord \/ 4. Gospel train \/ 5. Feel the fire \/ 6. It all depends on Jesus \/ 7. I can go on \/ 8. God can \/ 9. Good news \/ 10. Alright \/ 11. Worship-Medley \/ 12. If you\u2019ve been blessed           <\/p>\n<p><strong>\u00c9chantillon audio :<br \/>\n<\/strong><\/p>\n[audio mp3=\"https:\/\/www.zebemusic.com\/wp-content\/uploads\/2024\/02\/ZEBE5070.mp3\"][\/audio]\n<p><strong> <\/strong><\/p>\n<p><span style=\"color: #ff0000;\"><strong><a style=\"color: #ff0000;\" href=\"\/wp-content\/PP\/PP5070.pdf\" target=\"_blank\" rel=\"noopener noreferrer\">Exemple de partition &gt;&gt;&gt;<\/a><\/strong><\/span><\/p>\n<p><center><iframe loading=\"lazy\" src=\"https:\/\/www.youtube.com\/embed\/Od29F_SGcWY\" width=\"360\" height=\"255\" frameborder=\"0\" allowfullscreen=\"allowfullscreen\"><\/iframe><\/center><\/p>\n<hr>\n<p><strong>Paroles et musique : <\/strong> <a href=\"https:\/\/www.zebemusic.com\/fr\/propos-de-nous-2\/auteurs-artiste\/nikoschlenker\/\">Niko Schlenker<\/a><br \/>\n<strong>Ex\u00e9cution :<\/strong> S.A.Bar.\/B. ad lib., Soli, Piano<br \/>\n<strong>Difficult\u00e9 :<\/strong> moyenne<\/p>\n<hr>\n<p><strong>Versions disponibles :<\/strong><\/p>\n<p>&#8211; <strong>Partition<strong>compl\u00e8te <\/strong>avec CD <\/strong>(ZE 5073, ISBN 978-3-95423-035-8) \u20ac 24,90<\/p>\n<p><strong><strong>&#8211; <\/strong><\/strong><strong>Partition compl\u00e8te<\/strong> (80 pages, ZE 5070, ISBN 978-3-95423-033-4) \u20ac 19,90<strong><br \/>\n<\/strong>Cette \u00e9dition contient les partitions pour ch\u0153ur, solistes et piano. Les symboles d&#8217;accords sont not\u00e9s pour d&#8217;autres instruments d&#8217;accompagnement ou solistes. <\/p>\n<p>&#8211; <strong>Partition vocale<\/strong> (48 pages, ZE 5071, ISBN 978-3-95423-034-1, UNIQUEMENT COMME ENSEMBLE DE CH\u0152UR !) \u20ac 6,90<strong><br \/>\n<\/strong>L&#8217;\u00e9dition chorale abordable de la collection &#8220;BE ENCOURAGEDs&#8221; de Niko Schlenker avec les 11 chansons ! Le livret contient l&#8217;int\u00e9gralit\u00e9 de la partie vocale sans l&#8217;accompagnement au piano.<br \/>\nLes chansons individuelles sont disponibles sous forme d&#8217;ensemble pour ch\u0153ur &#8211; \u00e1 \u20ac 1,50 <\/p>\n<p>&#8211; <strong>CD <\/strong>(ZE 1419, ISBN 978-3-95423-031-0) \u20ac 12,90 ou en t\u00e9l\u00e9chargement mp3 \u20ac 7,99<\/p>\n<p>&#8211; <strong>Tous les enregistrements <\/strong>en mp3 T\u00e9l\u00e9chargement \u20ac 19,99<\/p>\n<p>Les chansons individuelles sont disponibles sous forme de partitions, de fichiers audio et de fichiers de lecture. <strong><a href=\"https:\/\/zebemusic.com\/produkt\/music-download\/be-encouraged-songs-downloads\/\" target=\"_blank\" rel=\"noopener noreferrer\">ICI<\/a><\/strong>!<\/p>\n","protected":false},"featured_media":17954,"template":"","meta":{"_acf_changed":false},"product_brand":[],"product_cat":[130],"product_tag":[1097],"class_list":{"0":"post-27760","1":"product","2":"type-product","3":"status-publish","4":"has-post-thumbnail","6":"product_cat-gospel","7":"product_tag-cd-fr","8":"pa_diff-moyen","9":"pa_language-anglais","10":"pa_occ-bapteme-et-temoignage","11":"pa_occ-commencement-et-adieu-benediction","12":"pa_occ-communion-eucharistie","13":"pa_occ-gratitude","14":"pa_occ-louer","15":"pa_occ-occasions-speciales","16":"pa_occ-pentecote","17":"pa_occ-peur-et-confiance","18":"pa_others-collections-fr","19":"pa_style-genre-ballade-fr","20":"pa_style-genre-gospel-fr","21":"pa_style-genre-jazz-fr","22":"pa_style-genre-latin-fr","23":"pa_style-genre-worship-fr","24":"pa_style-genre-contemporary-fr","25":"pa_style-genre-soul-funk-fr","26":"pa_style-genre-traditional-gospel-style-fr","27":"pa_style-genre-spiritual-fr","28":"pa_style-genre-uptempo-fr","29":"pa_variation-cd-fr-2","30":"pa_variation-cd-mp3-album-telecharger","31":"pa_variation-partition-complete","32":"pa_variation-partition-complete-avec-cd","33":"pa_variation-partition-vocale-fr","34":"pa_variation-playback-mp3-telecharger","35":"pa_voicing-acappella-fr","36":"pa_voicing-accompagne","37":"pa_voicing-avec-soliste","38":"pa_voicing-choeur-de-femmes","39":"pa_voicing-sa-fr","40":"pa_voicing-sam-fr","41":"pa_voicing-satb-fr","42":"pa_voicing-ssa-fr","44":"first","45":"instock","46":"taxable","47":"shipping-taxable","48":"purchasable","49":"product-type-variable"},"acf":[],"yoast_head":"<!-- This site is optimized with the Yoast SEO plugin v27.3 - https:\/\/yoast.com\/product\/yoast-seo-wordpress\/ -->\n<title>Be Encouraged%.<\/title>\n<meta name=\"description\" content=\"Un chef-d&#039;\u0153uvre ! Douze nouveaux chants gospel impressionnants et vari\u00e9s pour votre chorale gospel qui vous inspireront et vous \u00e9mouvront ! \u00c9CHANTILLON&gt;&gt;&gt;\" \/>\n<meta name=\"robots\" content=\"index, follow, max-snippet:-1, max-image-preview:large, max-video-preview:-1\" \/>\n<link rel=\"canonical\" href=\"https:\/\/www.zebemusic.com\/fr\/product\/be-encouraged\/\" \/>\n<meta property=\"og:locale\" content=\"fr_FR\" \/>\n<meta property=\"og:type\" content=\"article\" \/>\n<meta property=\"og:title\" content=\"Be Encouraged%.\" \/>\n<meta property=\"og:description\" content=\"Un chef-d&#039;\u0153uvre ! Douze nouveaux chants gospel impressionnants et vari\u00e9s pour votre chorale gospel qui vous inspireront et vous \u00e9mouvront ! \u00c9CHANTILLON&gt;&gt;&gt;\" \/>\n<meta property=\"og:url\" content=\"https:\/\/www.zebemusic.com\/fr\/product\/be-encouraged\/\" \/>\n<meta property=\"og:site_name\" content=\"ZebeMusic\" \/>\n<meta property=\"article:publisher\" content=\"https:\/\/www.facebook.com\/zebemusic\" \/>\n<meta property=\"article:modified_time\" content=\"2025-09-08T08:34:45+00:00\" \/>\n<meta property=\"og:image\" content=\"https:\/\/www.zebemusic.com\/wp-content\/uploads\/2019\/02\/ZEBE5070-1.jpg\" \/>\n\t<meta property=\"og:image:width\" content=\"382\" \/>\n\t<meta property=\"og:image:height\" content=\"500\" \/>\n\t<meta property=\"og:image:type\" content=\"image\/jpeg\" \/>\n<meta name=\"twitter:card\" content=\"summary_large_image\" \/>\n<script type=\"application\/ld+json\" class=\"yoast-schema-graph\">{\"@context\":\"https:\\\/\\\/schema.org\",\"@graph\":[{\"@type\":\"WebPage\",\"@id\":\"https:\\\/\\\/www.zebemusic.com\\\/fr\\\/product\\\/be-encouraged\\\/\",\"url\":\"https:\\\/\\\/www.zebemusic.com\\\/fr\\\/product\\\/be-encouraged\\\/\",\"name\":\"Be Encouraged%.\",\"isPartOf\":{\"@id\":\"https:\\\/\\\/www.zebemusic.com\\\/de\\\/#website\"},\"primaryImageOfPage\":{\"@id\":\"https:\\\/\\\/www.zebemusic.com\\\/fr\\\/product\\\/be-encouraged\\\/#primaryimage\"},\"image\":{\"@id\":\"https:\\\/\\\/www.zebemusic.com\\\/fr\\\/product\\\/be-encouraged\\\/#primaryimage\"},\"thumbnailUrl\":\"https:\\\/\\\/www.zebemusic.com\\\/wp-content\\\/uploads\\\/2019\\\/02\\\/ZEBE5070-1.jpg\",\"datePublished\":\"2025-09-05T18:55:25+00:00\",\"dateModified\":\"2025-09-08T08:34:45+00:00\",\"description\":\"Un chef-d'\u0153uvre ! Douze nouveaux chants gospel impressionnants et vari\u00e9s pour votre chorale gospel qui vous inspireront et vous \u00e9mouvront ! \u00c9CHANTILLON>>>\",\"breadcrumb\":{\"@id\":\"https:\\\/\\\/www.zebemusic.com\\\/fr\\\/product\\\/be-encouraged\\\/#breadcrumb\"},\"inLanguage\":\"fr-FR\",\"potentialAction\":[{\"@type\":\"ReadAction\",\"target\":[\"https:\\\/\\\/www.zebemusic.com\\\/fr\\\/product\\\/be-encouraged\\\/\"]}]},{\"@type\":\"ImageObject\",\"inLanguage\":\"fr-FR\",\"@id\":\"https:\\\/\\\/www.zebemusic.com\\\/fr\\\/product\\\/be-encouraged\\\/#primaryimage\",\"url\":\"https:\\\/\\\/www.zebemusic.com\\\/wp-content\\\/uploads\\\/2019\\\/02\\\/ZEBE5070-1.jpg\",\"contentUrl\":\"https:\\\/\\\/www.zebemusic.com\\\/wp-content\\\/uploads\\\/2019\\\/02\\\/ZEBE5070-1.jpg\",\"width\":382,\"height\":500},{\"@type\":\"BreadcrumbList\",\"@id\":\"https:\\\/\\\/www.zebemusic.com\\\/fr\\\/product\\\/be-encouraged\\\/#breadcrumb\",\"itemListElement\":[{\"@type\":\"ListItem\",\"position\":1,\"name\":\"Shop\",\"item\":\"https:\\\/\\\/www.zebemusic.com\\\/fr\\\/shop\\\/\"},{\"@type\":\"ListItem\",\"position\":2,\"name\":\"Be Encouraged\"}]},{\"@type\":\"WebSite\",\"@id\":\"https:\\\/\\\/www.zebemusic.com\\\/de\\\/#website\",\"url\":\"https:\\\/\\\/www.zebemusic.com\\\/de\\\/\",\"name\":\"ZebeMusic\",\"description\":\"vous incite a chanter.\",\"publisher\":{\"@id\":\"https:\\\/\\\/www.zebemusic.com\\\/de\\\/#organization\"},\"alternateName\":\"Gospelnoten & Kindermusicals\",\"potentialAction\":[{\"@type\":\"SearchAction\",\"target\":{\"@type\":\"EntryPoint\",\"urlTemplate\":\"https:\\\/\\\/www.zebemusic.com\\\/de\\\/?s={search_term_string}\"},\"query-input\":{\"@type\":\"PropertyValueSpecification\",\"valueRequired\":true,\"valueName\":\"search_term_string\"}}],\"inLanguage\":\"fr-FR\"},{\"@type\":\"Organization\",\"@id\":\"https:\\\/\\\/www.zebemusic.com\\\/de\\\/#organization\",\"name\":\"ZebeMusic\",\"url\":\"https:\\\/\\\/www.zebemusic.com\\\/de\\\/\",\"logo\":{\"@type\":\"ImageObject\",\"inLanguage\":\"fr-FR\",\"@id\":\"https:\\\/\\\/www.zebemusic.com\\\/de\\\/#\\\/schema\\\/logo\\\/image\\\/\",\"url\":\"https:\\\/\\\/www.zebemusic.com\\\/wp-content\\\/uploads\\\/2025\\\/10\\\/ZEBE-Logo_ZW-makesyousing.jpg\",\"contentUrl\":\"https:\\\/\\\/www.zebemusic.com\\\/wp-content\\\/uploads\\\/2025\\\/10\\\/ZEBE-Logo_ZW-makesyousing.jpg\",\"width\":2212,\"height\":958,\"caption\":\"ZebeMusic\"},\"image\":{\"@id\":\"https:\\\/\\\/www.zebemusic.com\\\/de\\\/#\\\/schema\\\/logo\\\/image\\\/\"},\"sameAs\":[\"https:\\\/\\\/www.facebook.com\\\/zebemusic\",\"https:\\\/\\\/www.instagram.com\\\/zebemusic\",\"https:\\\/\\\/www.youtube.com\\\/zebemusicberlin\"]}]}<\/script>\n<!-- \/ Yoast SEO plugin. -->","yoast_head_json":{"title":"Be Encouraged%.","description":"Un chef-d'\u0153uvre ! Douze nouveaux chants gospel impressionnants et vari\u00e9s pour votre chorale gospel qui vous inspireront et vous \u00e9mouvront ! \u00c9CHANTILLON>>>","robots":{"index":"index","follow":"follow","max-snippet":"max-snippet:-1","max-image-preview":"max-image-preview:large","max-video-preview":"max-video-preview:-1"},"canonical":"https:\/\/www.zebemusic.com\/fr\/product\/be-encouraged\/","og_locale":"fr_FR","og_type":"article","og_title":"Be Encouraged%.","og_description":"Un chef-d'\u0153uvre ! Douze nouveaux chants gospel impressionnants et vari\u00e9s pour votre chorale gospel qui vous inspireront et vous \u00e9mouvront ! \u00c9CHANTILLON>>>","og_url":"https:\/\/www.zebemusic.com\/fr\/product\/be-encouraged\/","og_site_name":"ZebeMusic","article_publisher":"https:\/\/www.facebook.com\/zebemusic","article_modified_time":"2025-09-08T08:34:45+00:00","og_image":[{"width":382,"height":500,"url":"https:\/\/www.zebemusic.com\/wp-content\/uploads\/2019\/02\/ZEBE5070-1.jpg","type":"image\/jpeg"}],"twitter_card":"summary_large_image","schema":{"@context":"https:\/\/schema.org","@graph":[{"@type":"WebPage","@id":"https:\/\/www.zebemusic.com\/fr\/product\/be-encouraged\/","url":"https:\/\/www.zebemusic.com\/fr\/product\/be-encouraged\/","name":"Be Encouraged%.","isPartOf":{"@id":"https:\/\/www.zebemusic.com\/de\/#website"},"primaryImageOfPage":{"@id":"https:\/\/www.zebemusic.com\/fr\/product\/be-encouraged\/#primaryimage"},"image":{"@id":"https:\/\/www.zebemusic.com\/fr\/product\/be-encouraged\/#primaryimage"},"thumbnailUrl":"https:\/\/www.zebemusic.com\/wp-content\/uploads\/2019\/02\/ZEBE5070-1.jpg","datePublished":"2025-09-05T18:55:25+00:00","dateModified":"2025-09-08T08:34:45+00:00","description":"Un chef-d'\u0153uvre ! Douze nouveaux chants gospel impressionnants et vari\u00e9s pour votre chorale gospel qui vous inspireront et vous \u00e9mouvront ! \u00c9CHANTILLON>>>","breadcrumb":{"@id":"https:\/\/www.zebemusic.com\/fr\/product\/be-encouraged\/#breadcrumb"},"inLanguage":"fr-FR","potentialAction":[{"@type":"ReadAction","target":["https:\/\/www.zebemusic.com\/fr\/product\/be-encouraged\/"]}]},{"@type":"ImageObject","inLanguage":"fr-FR","@id":"https:\/\/www.zebemusic.com\/fr\/product\/be-encouraged\/#primaryimage","url":"https:\/\/www.zebemusic.com\/wp-content\/uploads\/2019\/02\/ZEBE5070-1.jpg","contentUrl":"https:\/\/www.zebemusic.com\/wp-content\/uploads\/2019\/02\/ZEBE5070-1.jpg","width":382,"height":500},{"@type":"BreadcrumbList","@id":"https:\/\/www.zebemusic.com\/fr\/product\/be-encouraged\/#breadcrumb","itemListElement":[{"@type":"ListItem","position":1,"name":"Shop","item":"https:\/\/www.zebemusic.com\/fr\/shop\/"},{"@type":"ListItem","position":2,"name":"Be Encouraged"}]},{"@type":"WebSite","@id":"https:\/\/www.zebemusic.com\/de\/#website","url":"https:\/\/www.zebemusic.com\/de\/","name":"ZebeMusic","description":"vous incite a chanter.","publisher":{"@id":"https:\/\/www.zebemusic.com\/de\/#organization"},"alternateName":"Gospelnoten & Kindermusicals","potentialAction":[{"@type":"SearchAction","target":{"@type":"EntryPoint","urlTemplate":"https:\/\/www.zebemusic.com\/de\/?s={search_term_string}"},"query-input":{"@type":"PropertyValueSpecification","valueRequired":true,"valueName":"search_term_string"}}],"inLanguage":"fr-FR"},{"@type":"Organization","@id":"https:\/\/www.zebemusic.com\/de\/#organization","name":"ZebeMusic","url":"https:\/\/www.zebemusic.com\/de\/","logo":{"@type":"ImageObject","inLanguage":"fr-FR","@id":"https:\/\/www.zebemusic.com\/de\/#\/schema\/logo\/image\/","url":"https:\/\/www.zebemusic.com\/wp-content\/uploads\/2025\/10\/ZEBE-Logo_ZW-makesyousing.jpg","contentUrl":"https:\/\/www.zebemusic.com\/wp-content\/uploads\/2025\/10\/ZEBE-Logo_ZW-makesyousing.jpg","width":2212,"height":958,"caption":"ZebeMusic"},"image":{"@id":"https:\/\/www.zebemusic.com\/de\/#\/schema\/logo\/image\/"},"sameAs":["https:\/\/www.facebook.com\/zebemusic","https:\/\/www.instagram.com\/zebemusic","https:\/\/www.youtube.com\/zebemusicberlin"]}]}},"_links":{"self":[{"href":"https:\/\/www.zebemusic.com\/fr\/wp-json\/wp\/v2\/product\/27760","targetHints":{"allow":["GET"]}}],"collection":[{"href":"https:\/\/www.zebemusic.com\/fr\/wp-json\/wp\/v2\/product"}],"about":[{"href":"https:\/\/www.zebemusic.com\/fr\/wp-json\/wp\/v2\/types\/product"}],"wp:featuredmedia":[{"embeddable":true,"href":"https:\/\/www.zebemusic.com\/fr\/wp-json\/wp\/v2\/media\/17954"}],"wp:attachment":[{"href":"https:\/\/www.zebemusic.com\/fr\/wp-json\/wp\/v2\/media?parent=27760"}],"wp:term":[{"taxonomy":"product_brand","embeddable":true,"href":"https:\/\/www.zebemusic.com\/fr\/wp-json\/wp\/v2\/product_brand?post=27760"},{"taxonomy":"product_cat","embeddable":true,"href":"https:\/\/www.zebemusic.com\/fr\/wp-json\/wp\/v2\/product_cat?post=27760"},{"taxonomy":"product_tag","embeddable":true,"href":"https:\/\/www.zebemusic.com\/fr\/wp-json\/wp\/v2\/product_tag?post=27760"}],"curies":[{"name":"wp","href":"https:\/\/api.w.org\/{rel}","templated":true}]}}