{"id":27777,"date":"2014-12-02T18:41:19","date_gmt":"2014-12-02T16:41:19","guid":{"rendered":"https:\/\/www.zebemusic.com\/product\/sing-hallelujah\/"},"modified":"2025-09-08T09:32:49","modified_gmt":"2025-09-08T08:32:49","slug":"sing-hallelujah","status":"publish","type":"product","link":"https:\/\/www.zebemusic.com\/fr\/product\/sing-hallelujah\/","title":{"rendered":"Sing Hallelujah! <br><i>Spirituals a cappella et chants gospel<\/i>"},"content":{"rendered":"","protected":false},"excerpt":{"rendered":"<p>Le mariage r\u00e9ussi entre spirituals traditionnels et nouvelles chansons gospel se retrouve dans le recueil &#8220;Sing Hallelujah! Niko Schlenker pimente ses arrangements a cappella avec des grooves shuffle, carib\u00e9ens et afro. Il donne m\u00eame aux chansons classiques une coloration qui semble contemporaine en modifiant la rythmique et l&#8217;harmonie.<\/p>\n<p>Ce volume est recommand\u00e9 aux groupes a cappella ainsi qu&#8217;aux ch\u0153urs qui ne chantent habituellement qu&#8217;avec un accompagnement. Les chansons peuvent \u00eatre compl\u00e9t\u00e9es par des instruments rythmiques, des percussions corporelles ou du beat boxing et garantissent des accents particuliers dans le concert choral.<\/p>\n<p id=\"pressename\"><span style=\"color: #993300;\"><strong><em>&#8220;Un traitement musical efficace et d&#8217;un style s\u00fbr&#8230;<br \/>\nDes spirituals d&#8217;apparence traditionnelle se combinent habilement avec des lignes m\u00e9lodiques modernes (gospel contemporain), une rythmique fra\u00eeche et une ligne vocale vari\u00e9e. Niko Schlenker r\u00e9unit ainsi un large \u00e9ventail d&#8217;\u00e9l\u00e9ments de gospel et de styles apparent\u00e9s de mani\u00e8re discr\u00e8te mais raffin\u00e9e&#8221;. <\/em><\/strong><\/span> (Neue Chorzeit)<\/p>\n<p>&nbsp;<\/p>\n<p><strong>CONTENU :<\/strong> Awesome God, Hallelujah I&#8217;ve Been Baptize&#8217;, Heav&#8217;n Bound Soldier, I&#8217;ll Never Forget (Sing Hallelujah !), I&#8217;m Not Alone, Peter&#8217;s Walk, The Storm Is Passing Over, Until I Reacha Ma Home, Walk Before Me, What a Friend We Have In Jesus, Worship Song<\/p>\n<hr \/>\n<p><strong><a href=\"\/wp-content\/PP\/PP5021.pdf\" target=\"\u201d_blank\u201d\" rel=\"noopener noreferrer\">Partition d&#8217;essai \u00e0 t\u00e9l\u00e9charger <\/a><\/strong>&gt;&gt;&gt;<\/p>\n<p><strong><a href=\"http:\/\/www.zebemusic.com\/audio\/ZEBE5021.mp3\" target=\"_blank\" rel=\"noopener noreferrer\">\u00c9chantillon sonore<\/a> <\/strong>&gt;&gt;&gt;<\/p>\n<p><iframe loading=\"lazy\" src=\"https:\/\/www.youtube.com\/embed\/yJb157gN2q0?start=58\" width=\"350\" height=\"200\" frameborder=\"0\" allowfullscreen=\"allowfullscreen\"><\/iframe><br \/>\n<iframe loading=\"lazy\" src=\"https:\/\/www.youtube.com\/embed\/6HGO2x7K98g\" width=\"350\" height=\"200\" frameborder=\"0\" allowfullscreen=\"allowfullscreen\"><\/iframe><\/p>\n<p>&nbsp;<\/p>\n<p><strong><span style=\"color: #717171;\">Auteur :<\/span><\/strong> <a href=\"https:\/\/www.zebemusic.com\/fr\/propos-de-nous-2\/auteurs-artiste\/nikoschlenker\/\">Niko Schlenker<\/a><br \/>\n<strong><span style=\"color: #717171;\">Instrumentation :<\/span><\/strong> S.A.T.B., convient pour ch\u0153ur d&#8217;instruments \u00e0 vent !<br \/>\n<strong><br \/>\n<span style=\"color: #717171;\">pages :<\/span><br \/>\n<\/strong> 36<br \/>\n<strong><br \/>\n<span style=\"color: #717171;\">Niveau de difficult\u00e9 :<\/span><br \/>\n<\/strong> moyen<\/p>\n<p><strong><span style=\"color: #717171;\">N\u00b0 de commande :<\/span><\/strong> ZE 5021<br \/>\n<strong><span style=\"color: #717171;\">ISBN :<\/span><\/strong> 978-3-940745-55-2<br \/>\n<strong><span style=\"color: #717171;\">Prix :<\/span><\/strong> \u20ac 14,90<br \/>\n<strong><span style=\"color: #717171;\">Prix \u00e9chelonn\u00e9 en fonction de la taille du ch\u0153ur :<\/span><\/strong> \u00e0 partir de 10 pi\u00e8ces \u20ac 9,90<\/p>\n","protected":false},"featured_media":27778,"template":"","meta":{"_acf_changed":false},"product_brand":[],"product_cat":[130],"product_tag":[1426,1416],"class_list":{"0":"post-27777","1":"product","2":"type-product","3":"status-publish","4":"has-post-thumbnail","6":"product_cat-gospel","7":"product_tag-a-cappella-fr","8":"product_tag-schlenker-fr","10":"first","11":"instock","12":"taxable","13":"shipping-taxable","14":"purchasable","15":"product-type-simple"},"acf":[],"yoast_head":"<!-- This site is optimized with the Yoast SEO plugin v27.3 - https:\/\/yoast.com\/product\/yoast-seo-wordpress\/ -->\n<title>Sing Hallelujah! - GOSPEL A CAPPELLA<\/title>\n<meta name=\"description\" content=\"Les meilleures chansons dans des arrangements efficaces pour ch\u0153ur mixte par Niko Schlenker. Prix d\u00e9gressif ! \u00c9COUTER ICI &gt;&gt;&gt;.\" \/>\n<meta name=\"robots\" content=\"index, follow, max-snippet:-1, max-image-preview:large, max-video-preview:-1\" \/>\n<link rel=\"canonical\" href=\"https:\/\/www.zebemusic.com\/fr\/product\/sing-hallelujah\/\" \/>\n<meta property=\"og:locale\" content=\"fr_FR\" \/>\n<meta property=\"og:type\" content=\"article\" \/>\n<meta property=\"og:title\" content=\"Sing Hallelujah! - GOSPEL A CAPPELLA\" \/>\n<meta property=\"og:description\" content=\"Les meilleures chansons dans des arrangements efficaces pour ch\u0153ur mixte par Niko Schlenker. Prix d\u00e9gressif ! \u00c9COUTER ICI &gt;&gt;&gt;.\" \/>\n<meta property=\"og:url\" content=\"https:\/\/www.zebemusic.com\/fr\/product\/sing-hallelujah\/\" \/>\n<meta property=\"og:site_name\" content=\"ZebeMusic\" \/>\n<meta property=\"article:publisher\" content=\"https:\/\/www.facebook.com\/zebemusic\" \/>\n<meta property=\"article:modified_time\" content=\"2025-09-08T08:32:49+00:00\" \/>\n<meta property=\"og:image\" content=\"https:\/\/www.zebemusic.com\/wp-content\/uploads\/2014\/12\/ZEBE5021.jpg\" \/>\n\t<meta property=\"og:image:width\" content=\"377\" \/>\n\t<meta property=\"og:image:height\" content=\"500\" \/>\n\t<meta property=\"og:image:type\" content=\"image\/jpeg\" \/>\n<meta name=\"twitter:card\" content=\"summary_large_image\" \/>\n<meta name=\"twitter:label1\" content=\"Est. reading time\" \/>\n\t<meta name=\"twitter:data1\" content=\"1 minute\" \/>\n<script type=\"application\/ld+json\" class=\"yoast-schema-graph\">{\"@context\":\"https:\\\/\\\/schema.org\",\"@graph\":[{\"@type\":\"WebPage\",\"@id\":\"https:\\\/\\\/www.zebemusic.com\\\/fr\\\/product\\\/sing-hallelujah\\\/\",\"url\":\"https:\\\/\\\/www.zebemusic.com\\\/fr\\\/product\\\/sing-hallelujah\\\/\",\"name\":\"Sing Hallelujah! - GOSPEL A CAPPELLA\",\"isPartOf\":{\"@id\":\"https:\\\/\\\/www.zebemusic.com\\\/de\\\/#website\"},\"primaryImageOfPage\":{\"@id\":\"https:\\\/\\\/www.zebemusic.com\\\/fr\\\/product\\\/sing-hallelujah\\\/#primaryimage\"},\"image\":{\"@id\":\"https:\\\/\\\/www.zebemusic.com\\\/fr\\\/product\\\/sing-hallelujah\\\/#primaryimage\"},\"thumbnailUrl\":\"https:\\\/\\\/www.zebemusic.com\\\/wp-content\\\/uploads\\\/2014\\\/12\\\/ZEBE5021.jpg\",\"datePublished\":\"2014-12-02T16:41:19+00:00\",\"dateModified\":\"2025-09-08T08:32:49+00:00\",\"description\":\"Les meilleures chansons dans des arrangements efficaces pour ch\u0153ur mixte par Niko Schlenker. Prix d\u00e9gressif ! \u00c9COUTER ICI >>>.\",\"breadcrumb\":{\"@id\":\"https:\\\/\\\/www.zebemusic.com\\\/fr\\\/product\\\/sing-hallelujah\\\/#breadcrumb\"},\"inLanguage\":\"fr-FR\",\"potentialAction\":[{\"@type\":\"ReadAction\",\"target\":[\"https:\\\/\\\/www.zebemusic.com\\\/fr\\\/product\\\/sing-hallelujah\\\/\"]}]},{\"@type\":\"ImageObject\",\"inLanguage\":\"fr-FR\",\"@id\":\"https:\\\/\\\/www.zebemusic.com\\\/fr\\\/product\\\/sing-hallelujah\\\/#primaryimage\",\"url\":\"https:\\\/\\\/www.zebemusic.com\\\/wp-content\\\/uploads\\\/2014\\\/12\\\/ZEBE5021.jpg\",\"contentUrl\":\"https:\\\/\\\/www.zebemusic.com\\\/wp-content\\\/uploads\\\/2014\\\/12\\\/ZEBE5021.jpg\",\"width\":377,\"height\":500},{\"@type\":\"BreadcrumbList\",\"@id\":\"https:\\\/\\\/www.zebemusic.com\\\/fr\\\/product\\\/sing-hallelujah\\\/#breadcrumb\",\"itemListElement\":[{\"@type\":\"ListItem\",\"position\":1,\"name\":\"Shop\",\"item\":\"https:\\\/\\\/www.zebemusic.com\\\/fr\\\/shop\\\/\"},{\"@type\":\"ListItem\",\"position\":2,\"name\":\"Sing Hallelujah! Spirituals a cappella et chants gospel\"}]},{\"@type\":\"WebSite\",\"@id\":\"https:\\\/\\\/www.zebemusic.com\\\/de\\\/#website\",\"url\":\"https:\\\/\\\/www.zebemusic.com\\\/de\\\/\",\"name\":\"ZebeMusic\",\"description\":\"vous incite a chanter.\",\"publisher\":{\"@id\":\"https:\\\/\\\/www.zebemusic.com\\\/de\\\/#organization\"},\"alternateName\":\"Gospelnoten & Kindermusicals\",\"potentialAction\":[{\"@type\":\"SearchAction\",\"target\":{\"@type\":\"EntryPoint\",\"urlTemplate\":\"https:\\\/\\\/www.zebemusic.com\\\/de\\\/?s={search_term_string}\"},\"query-input\":{\"@type\":\"PropertyValueSpecification\",\"valueRequired\":true,\"valueName\":\"search_term_string\"}}],\"inLanguage\":\"fr-FR\"},{\"@type\":\"Organization\",\"@id\":\"https:\\\/\\\/www.zebemusic.com\\\/de\\\/#organization\",\"name\":\"ZebeMusic\",\"url\":\"https:\\\/\\\/www.zebemusic.com\\\/de\\\/\",\"logo\":{\"@type\":\"ImageObject\",\"inLanguage\":\"fr-FR\",\"@id\":\"https:\\\/\\\/www.zebemusic.com\\\/de\\\/#\\\/schema\\\/logo\\\/image\\\/\",\"url\":\"https:\\\/\\\/www.zebemusic.com\\\/wp-content\\\/uploads\\\/2025\\\/10\\\/ZEBE-Logo_ZW-makesyousing.jpg\",\"contentUrl\":\"https:\\\/\\\/www.zebemusic.com\\\/wp-content\\\/uploads\\\/2025\\\/10\\\/ZEBE-Logo_ZW-makesyousing.jpg\",\"width\":2212,\"height\":958,\"caption\":\"ZebeMusic\"},\"image\":{\"@id\":\"https:\\\/\\\/www.zebemusic.com\\\/de\\\/#\\\/schema\\\/logo\\\/image\\\/\"},\"sameAs\":[\"https:\\\/\\\/www.facebook.com\\\/zebemusic\",\"https:\\\/\\\/www.instagram.com\\\/zebemusic\",\"https:\\\/\\\/www.youtube.com\\\/zebemusicberlin\"]}]}<\/script>\n<!-- \/ Yoast SEO plugin. -->","yoast_head_json":{"title":"Sing Hallelujah! - GOSPEL A CAPPELLA","description":"Les meilleures chansons dans des arrangements efficaces pour ch\u0153ur mixte par Niko Schlenker. Prix d\u00e9gressif ! \u00c9COUTER ICI >>>.","robots":{"index":"index","follow":"follow","max-snippet":"max-snippet:-1","max-image-preview":"max-image-preview:large","max-video-preview":"max-video-preview:-1"},"canonical":"https:\/\/www.zebemusic.com\/fr\/product\/sing-hallelujah\/","og_locale":"fr_FR","og_type":"article","og_title":"Sing Hallelujah! - GOSPEL A CAPPELLA","og_description":"Les meilleures chansons dans des arrangements efficaces pour ch\u0153ur mixte par Niko Schlenker. Prix d\u00e9gressif ! \u00c9COUTER ICI >>>.","og_url":"https:\/\/www.zebemusic.com\/fr\/product\/sing-hallelujah\/","og_site_name":"ZebeMusic","article_publisher":"https:\/\/www.facebook.com\/zebemusic","article_modified_time":"2025-09-08T08:32:49+00:00","og_image":[{"width":377,"height":500,"url":"https:\/\/www.zebemusic.com\/wp-content\/uploads\/2014\/12\/ZEBE5021.jpg","type":"image\/jpeg"}],"twitter_card":"summary_large_image","twitter_misc":{"Est. reading time":"1 minute"},"schema":{"@context":"https:\/\/schema.org","@graph":[{"@type":"WebPage","@id":"https:\/\/www.zebemusic.com\/fr\/product\/sing-hallelujah\/","url":"https:\/\/www.zebemusic.com\/fr\/product\/sing-hallelujah\/","name":"Sing Hallelujah! - GOSPEL A CAPPELLA","isPartOf":{"@id":"https:\/\/www.zebemusic.com\/de\/#website"},"primaryImageOfPage":{"@id":"https:\/\/www.zebemusic.com\/fr\/product\/sing-hallelujah\/#primaryimage"},"image":{"@id":"https:\/\/www.zebemusic.com\/fr\/product\/sing-hallelujah\/#primaryimage"},"thumbnailUrl":"https:\/\/www.zebemusic.com\/wp-content\/uploads\/2014\/12\/ZEBE5021.jpg","datePublished":"2014-12-02T16:41:19+00:00","dateModified":"2025-09-08T08:32:49+00:00","description":"Les meilleures chansons dans des arrangements efficaces pour ch\u0153ur mixte par Niko Schlenker. Prix d\u00e9gressif ! \u00c9COUTER ICI >>>.","breadcrumb":{"@id":"https:\/\/www.zebemusic.com\/fr\/product\/sing-hallelujah\/#breadcrumb"},"inLanguage":"fr-FR","potentialAction":[{"@type":"ReadAction","target":["https:\/\/www.zebemusic.com\/fr\/product\/sing-hallelujah\/"]}]},{"@type":"ImageObject","inLanguage":"fr-FR","@id":"https:\/\/www.zebemusic.com\/fr\/product\/sing-hallelujah\/#primaryimage","url":"https:\/\/www.zebemusic.com\/wp-content\/uploads\/2014\/12\/ZEBE5021.jpg","contentUrl":"https:\/\/www.zebemusic.com\/wp-content\/uploads\/2014\/12\/ZEBE5021.jpg","width":377,"height":500},{"@type":"BreadcrumbList","@id":"https:\/\/www.zebemusic.com\/fr\/product\/sing-hallelujah\/#breadcrumb","itemListElement":[{"@type":"ListItem","position":1,"name":"Shop","item":"https:\/\/www.zebemusic.com\/fr\/shop\/"},{"@type":"ListItem","position":2,"name":"Sing Hallelujah! Spirituals a cappella et chants gospel"}]},{"@type":"WebSite","@id":"https:\/\/www.zebemusic.com\/de\/#website","url":"https:\/\/www.zebemusic.com\/de\/","name":"ZebeMusic","description":"vous incite a chanter.","publisher":{"@id":"https:\/\/www.zebemusic.com\/de\/#organization"},"alternateName":"Gospelnoten & Kindermusicals","potentialAction":[{"@type":"SearchAction","target":{"@type":"EntryPoint","urlTemplate":"https:\/\/www.zebemusic.com\/de\/?s={search_term_string}"},"query-input":{"@type":"PropertyValueSpecification","valueRequired":true,"valueName":"search_term_string"}}],"inLanguage":"fr-FR"},{"@type":"Organization","@id":"https:\/\/www.zebemusic.com\/de\/#organization","name":"ZebeMusic","url":"https:\/\/www.zebemusic.com\/de\/","logo":{"@type":"ImageObject","inLanguage":"fr-FR","@id":"https:\/\/www.zebemusic.com\/de\/#\/schema\/logo\/image\/","url":"https:\/\/www.zebemusic.com\/wp-content\/uploads\/2025\/10\/ZEBE-Logo_ZW-makesyousing.jpg","contentUrl":"https:\/\/www.zebemusic.com\/wp-content\/uploads\/2025\/10\/ZEBE-Logo_ZW-makesyousing.jpg","width":2212,"height":958,"caption":"ZebeMusic"},"image":{"@id":"https:\/\/www.zebemusic.com\/de\/#\/schema\/logo\/image\/"},"sameAs":["https:\/\/www.facebook.com\/zebemusic","https:\/\/www.instagram.com\/zebemusic","https:\/\/www.youtube.com\/zebemusicberlin"]}]}},"_links":{"self":[{"href":"https:\/\/www.zebemusic.com\/fr\/wp-json\/wp\/v2\/product\/27777","targetHints":{"allow":["GET"]}}],"collection":[{"href":"https:\/\/www.zebemusic.com\/fr\/wp-json\/wp\/v2\/product"}],"about":[{"href":"https:\/\/www.zebemusic.com\/fr\/wp-json\/wp\/v2\/types\/product"}],"wp:featuredmedia":[{"embeddable":true,"href":"https:\/\/www.zebemusic.com\/fr\/wp-json\/wp\/v2\/media\/27778"}],"wp:attachment":[{"href":"https:\/\/www.zebemusic.com\/fr\/wp-json\/wp\/v2\/media?parent=27777"}],"wp:term":[{"taxonomy":"product_brand","embeddable":true,"href":"https:\/\/www.zebemusic.com\/fr\/wp-json\/wp\/v2\/product_brand?post=27777"},{"taxonomy":"product_cat","embeddable":true,"href":"https:\/\/www.zebemusic.com\/fr\/wp-json\/wp\/v2\/product_cat?post=27777"},{"taxonomy":"product_tag","embeddable":true,"href":"https:\/\/www.zebemusic.com\/fr\/wp-json\/wp\/v2\/product_tag?post=27777"}],"curies":[{"name":"wp","href":"https:\/\/api.w.org\/{rel}","templated":true}]}}