{"id":27836,"date":"2025-08-01T12:49:05","date_gmt":"2025-08-01T11:49:05","guid":{"rendered":"https:\/\/www.zebemusic.com\/product\/gospel-medley\/"},"modified":"2025-09-07T12:10:53","modified_gmt":"2025-09-07T11:10:53","slug":"gospel-medley","status":"publish","type":"product","link":"https:\/\/www.zebemusic.com\/fr\/product\/gospel-medley\/","title":{"rendered":"Gospel Medley"},"content":{"rendered":"","protected":false},"excerpt":{"rendered":"<p>Le medley \u00e0 trois voix avec la partie piano funky du Ultimate Gospel Choir Book 5 !<\/p>\n<p>Le voyage gospel commence avec <em>&#8220;Gospeltrain&#8221;<\/em> et se poursuit avec <em>&#8220;Swing Low&#8221;.<\/em><br \/>\nLes hommes dirigent <em>&#8220;He&#8217;s got the whole world&#8221;, les<\/em> femmes reprennent <em>&#8220;Rock my soul&#8221;<\/em> et les th\u00e8mes se combinent.<br \/>\nDans la partie <em>&#8220;Joshua fit the battle&#8221;<\/em>, le ch\u0153ur se pr\u00e9sente de mani\u00e8re surprenante avec une partie de rap, le point fort de cet arrangement. Le morceau se termine par le c\u00e9l\u00e8bre <em>&#8220;Amen&#8221;.<\/em>  <\/p>\n<p>Le pot-pourri peut \u00eatre raccourci et inspire le public par la familiarit\u00e9 de son contenu !<\/p>\n<p>Vous obtenez ici l&#8217;\u00e9dition avec la partie vocale de l&#8217;arrangement de Jeff Guillen.<br \/>\nLa version \u00e0 t\u00e9l\u00e9charger pour ch\u0153ur et piano contient \u00e9galement un PDF gratuit de l&#8217;accompagnement.<\/p>\n<p>Veuillez commander les partitions pour ch\u0153ur en fonction du nombre de chanteurs de votre chorale. La quantit\u00e9 minimale est de 15 exemplaires. <\/p>\n<p><strong><a href=\"https:\/\/www.zebemusic.com\/wp-content\/PP\/PP3060.pdf\" target=\"_blank\" rel=\"noopener\">Partition d&#8217;essai<\/a><\/strong><\/p>\n<p>&nbsp;<\/p>\n<hr>\n<p>&#8211; <strong>SAB \/ SSA + Piano<\/strong> (ZE 3060) extrait de <a href=\"https:\/\/www.zebemusic.com\/fr\/product\/the-ultimate-gospel-choir-book-5\/\">The Ultimate Gospel Choir Book 5<\/a>, \u20ac 1,50 \/ PDF-Download avec partition \u20ac 1,29   <\/p>\n<p>&nbsp;<\/p>\n","protected":false},"featured_media":1813,"template":"","meta":{"_acf_changed":false},"product_brand":[],"product_cat":[879,1609],"product_tag":[1603],"class_list":{"0":"post-27836","1":"product","2":"type-product","3":"status-publish","4":"has-post-thumbnail","6":"product_cat-editions-individuelles","7":"product_cat-quantite-minimale","8":"product_tag-ea-fr","9":"pa_occ-konzert-fr","10":"pa_occ-histoire-biblique","11":"pa_occ-lancien-testament","12":"pa_others-editions-uniques","13":"pa_others-downloads-fr","14":"pa_style-genre-ballade-fr","15":"pa_style-genre-contemporary-fr","16":"pa_variation-copie-imprimee","17":"pa_variation-melodie-piano-telecharger-pdf","18":"pa_variation-telecharger-le-pdf","19":"pa_voicing-accompagne","20":"pa_voicing-chant-de-congregation","21":"pa_voicing-choeur-de-femmes","22":"pa_voicing-sam-fr","24":"first","25":"instock","26":"taxable","27":"shipping-taxable","28":"purchasable","29":"product-type-variable"},"acf":[],"yoast_head":"<!-- This site is optimized with the Yoast SEO plugin v27.4 - https:\/\/yoast.com\/product\/yoast-seo-wordpress\/ -->\n<title>Gospel Medley - Best-seller de la musique gospel<\/title>\n<meta name=\"description\" content=\"B\u00e9n\u00e9diction pour votre concert de gospel pour ch\u0153ur de gospel, imprim\u00e9e ou \u00e0 t\u00e9l\u00e9charger. &gt;&gt;&gt;\" \/>\n<meta name=\"robots\" content=\"index, follow, max-snippet:-1, max-image-preview:large, max-video-preview:-1\" \/>\n<link rel=\"canonical\" href=\"https:\/\/www.zebemusic.com\/fr\/product\/gospel-medley\/\" \/>\n<meta property=\"og:locale\" content=\"fr_FR\" \/>\n<meta property=\"og:type\" content=\"article\" \/>\n<meta property=\"og:title\" content=\"Gospel Medley - Best-seller de la musique gospel\" \/>\n<meta property=\"og:description\" content=\"B\u00e9n\u00e9diction pour votre concert de gospel pour ch\u0153ur de gospel, imprim\u00e9e ou \u00e0 t\u00e9l\u00e9charger. &gt;&gt;&gt;\" \/>\n<meta property=\"og:url\" content=\"https:\/\/www.zebemusic.com\/fr\/product\/gospel-medley\/\" \/>\n<meta property=\"og:site_name\" content=\"ZebeMusic\" \/>\n<meta property=\"article:publisher\" content=\"https:\/\/www.facebook.com\/zebemusic\" \/>\n<meta property=\"article:modified_time\" content=\"2025-09-07T11:10:53+00:00\" \/>\n<meta property=\"og:image\" content=\"https:\/\/www.zebemusic.com\/wp-content\/uploads\/2014\/06\/EAtitelweb.jpg\" \/>\n\t<meta property=\"og:image:width\" content=\"353\" \/>\n\t<meta property=\"og:image:height\" content=\"500\" \/>\n\t<meta property=\"og:image:type\" content=\"image\/jpeg\" \/>\n<meta name=\"twitter:card\" content=\"summary_large_image\" \/>\n<script type=\"application\/ld+json\" class=\"yoast-schema-graph\">{\"@context\":\"https:\\\/\\\/schema.org\",\"@graph\":[{\"@type\":\"WebPage\",\"@id\":\"https:\\\/\\\/www.zebemusic.com\\\/fr\\\/product\\\/gospel-medley\\\/\",\"url\":\"https:\\\/\\\/www.zebemusic.com\\\/fr\\\/product\\\/gospel-medley\\\/\",\"name\":\"Gospel Medley - Best-seller de la musique gospel\",\"isPartOf\":{\"@id\":\"https:\\\/\\\/www.zebemusic.com\\\/de\\\/#website\"},\"primaryImageOfPage\":{\"@id\":\"https:\\\/\\\/www.zebemusic.com\\\/fr\\\/product\\\/gospel-medley\\\/#primaryimage\"},\"image\":{\"@id\":\"https:\\\/\\\/www.zebemusic.com\\\/fr\\\/product\\\/gospel-medley\\\/#primaryimage\"},\"thumbnailUrl\":\"https:\\\/\\\/www.zebemusic.com\\\/wp-content\\\/uploads\\\/2014\\\/06\\\/EAtitelweb.jpg\",\"datePublished\":\"2025-08-01T11:49:05+00:00\",\"dateModified\":\"2025-09-07T11:10:53+00:00\",\"description\":\"B\u00e9n\u00e9diction pour votre concert de gospel pour ch\u0153ur de gospel, imprim\u00e9e ou \u00e0 t\u00e9l\u00e9charger. >>>\",\"breadcrumb\":{\"@id\":\"https:\\\/\\\/www.zebemusic.com\\\/fr\\\/product\\\/gospel-medley\\\/#breadcrumb\"},\"inLanguage\":\"fr-FR\",\"potentialAction\":[{\"@type\":\"ReadAction\",\"target\":[\"https:\\\/\\\/www.zebemusic.com\\\/fr\\\/product\\\/gospel-medley\\\/\"]}]},{\"@type\":\"ImageObject\",\"inLanguage\":\"fr-FR\",\"@id\":\"https:\\\/\\\/www.zebemusic.com\\\/fr\\\/product\\\/gospel-medley\\\/#primaryimage\",\"url\":\"https:\\\/\\\/www.zebemusic.com\\\/wp-content\\\/uploads\\\/2014\\\/06\\\/EAtitelweb.jpg\",\"contentUrl\":\"https:\\\/\\\/www.zebemusic.com\\\/wp-content\\\/uploads\\\/2014\\\/06\\\/EAtitelweb.jpg\",\"width\":353,\"height\":500,\"caption\":\"Gospel noten \u30af\u30ea\u30b9\u30de\u30b9\u30fb\u30b4\u30b9\u30da\u30eb\u97f3\u697d\u3002\"},{\"@type\":\"BreadcrumbList\",\"@id\":\"https:\\\/\\\/www.zebemusic.com\\\/fr\\\/product\\\/gospel-medley\\\/#breadcrumb\",\"itemListElement\":[{\"@type\":\"ListItem\",\"position\":1,\"name\":\"Shop\",\"item\":\"https:\\\/\\\/www.zebemusic.com\\\/fr\\\/shop\\\/\"},{\"@type\":\"ListItem\",\"position\":2,\"name\":\"Gospel Medley\"}]},{\"@type\":\"WebSite\",\"@id\":\"https:\\\/\\\/www.zebemusic.com\\\/de\\\/#website\",\"url\":\"https:\\\/\\\/www.zebemusic.com\\\/de\\\/\",\"name\":\"ZebeMusic\",\"description\":\"vous incite a chanter.\",\"publisher\":{\"@id\":\"https:\\\/\\\/www.zebemusic.com\\\/de\\\/#organization\"},\"alternateName\":\"Gospelnoten & Kindermusicals\",\"potentialAction\":[{\"@type\":\"SearchAction\",\"target\":{\"@type\":\"EntryPoint\",\"urlTemplate\":\"https:\\\/\\\/www.zebemusic.com\\\/de\\\/?s={search_term_string}\"},\"query-input\":{\"@type\":\"PropertyValueSpecification\",\"valueRequired\":true,\"valueName\":\"search_term_string\"}}],\"inLanguage\":\"fr-FR\"},{\"@type\":\"Organization\",\"@id\":\"https:\\\/\\\/www.zebemusic.com\\\/de\\\/#organization\",\"name\":\"ZebeMusic\",\"url\":\"https:\\\/\\\/www.zebemusic.com\\\/de\\\/\",\"logo\":{\"@type\":\"ImageObject\",\"inLanguage\":\"fr-FR\",\"@id\":\"https:\\\/\\\/www.zebemusic.com\\\/de\\\/#\\\/schema\\\/logo\\\/image\\\/\",\"url\":\"https:\\\/\\\/www.zebemusic.com\\\/wp-content\\\/uploads\\\/2025\\\/10\\\/ZEBE-Logo_ZW-makesyousing.jpg\",\"contentUrl\":\"https:\\\/\\\/www.zebemusic.com\\\/wp-content\\\/uploads\\\/2025\\\/10\\\/ZEBE-Logo_ZW-makesyousing.jpg\",\"width\":2212,\"height\":958,\"caption\":\"ZebeMusic\"},\"image\":{\"@id\":\"https:\\\/\\\/www.zebemusic.com\\\/de\\\/#\\\/schema\\\/logo\\\/image\\\/\"},\"sameAs\":[\"https:\\\/\\\/www.facebook.com\\\/zebemusic\",\"https:\\\/\\\/www.instagram.com\\\/zebemusic\",\"https:\\\/\\\/www.youtube.com\\\/zebemusicberlin\"]}]}<\/script>\n<!-- \/ Yoast SEO plugin. -->","yoast_head_json":{"title":"Gospel Medley - Best-seller de la musique gospel","description":"B\u00e9n\u00e9diction pour votre concert de gospel pour ch\u0153ur de gospel, imprim\u00e9e ou \u00e0 t\u00e9l\u00e9charger. >>>","robots":{"index":"index","follow":"follow","max-snippet":"max-snippet:-1","max-image-preview":"max-image-preview:large","max-video-preview":"max-video-preview:-1"},"canonical":"https:\/\/www.zebemusic.com\/fr\/product\/gospel-medley\/","og_locale":"fr_FR","og_type":"article","og_title":"Gospel Medley - Best-seller de la musique gospel","og_description":"B\u00e9n\u00e9diction pour votre concert de gospel pour ch\u0153ur de gospel, imprim\u00e9e ou \u00e0 t\u00e9l\u00e9charger. >>>","og_url":"https:\/\/www.zebemusic.com\/fr\/product\/gospel-medley\/","og_site_name":"ZebeMusic","article_publisher":"https:\/\/www.facebook.com\/zebemusic","article_modified_time":"2025-09-07T11:10:53+00:00","og_image":[{"width":353,"height":500,"url":"https:\/\/www.zebemusic.com\/wp-content\/uploads\/2014\/06\/EAtitelweb.jpg","type":"image\/jpeg"}],"twitter_card":"summary_large_image","schema":{"@context":"https:\/\/schema.org","@graph":[{"@type":"WebPage","@id":"https:\/\/www.zebemusic.com\/fr\/product\/gospel-medley\/","url":"https:\/\/www.zebemusic.com\/fr\/product\/gospel-medley\/","name":"Gospel Medley - Best-seller de la musique gospel","isPartOf":{"@id":"https:\/\/www.zebemusic.com\/de\/#website"},"primaryImageOfPage":{"@id":"https:\/\/www.zebemusic.com\/fr\/product\/gospel-medley\/#primaryimage"},"image":{"@id":"https:\/\/www.zebemusic.com\/fr\/product\/gospel-medley\/#primaryimage"},"thumbnailUrl":"https:\/\/www.zebemusic.com\/wp-content\/uploads\/2014\/06\/EAtitelweb.jpg","datePublished":"2025-08-01T11:49:05+00:00","dateModified":"2025-09-07T11:10:53+00:00","description":"B\u00e9n\u00e9diction pour votre concert de gospel pour ch\u0153ur de gospel, imprim\u00e9e ou \u00e0 t\u00e9l\u00e9charger. >>>","breadcrumb":{"@id":"https:\/\/www.zebemusic.com\/fr\/product\/gospel-medley\/#breadcrumb"},"inLanguage":"fr-FR","potentialAction":[{"@type":"ReadAction","target":["https:\/\/www.zebemusic.com\/fr\/product\/gospel-medley\/"]}]},{"@type":"ImageObject","inLanguage":"fr-FR","@id":"https:\/\/www.zebemusic.com\/fr\/product\/gospel-medley\/#primaryimage","url":"https:\/\/www.zebemusic.com\/wp-content\/uploads\/2014\/06\/EAtitelweb.jpg","contentUrl":"https:\/\/www.zebemusic.com\/wp-content\/uploads\/2014\/06\/EAtitelweb.jpg","width":353,"height":500,"caption":"Gospel noten \u30af\u30ea\u30b9\u30de\u30b9\u30fb\u30b4\u30b9\u30da\u30eb\u97f3\u697d\u3002"},{"@type":"BreadcrumbList","@id":"https:\/\/www.zebemusic.com\/fr\/product\/gospel-medley\/#breadcrumb","itemListElement":[{"@type":"ListItem","position":1,"name":"Shop","item":"https:\/\/www.zebemusic.com\/fr\/shop\/"},{"@type":"ListItem","position":2,"name":"Gospel Medley"}]},{"@type":"WebSite","@id":"https:\/\/www.zebemusic.com\/de\/#website","url":"https:\/\/www.zebemusic.com\/de\/","name":"ZebeMusic","description":"vous incite a chanter.","publisher":{"@id":"https:\/\/www.zebemusic.com\/de\/#organization"},"alternateName":"Gospelnoten & Kindermusicals","potentialAction":[{"@type":"SearchAction","target":{"@type":"EntryPoint","urlTemplate":"https:\/\/www.zebemusic.com\/de\/?s={search_term_string}"},"query-input":{"@type":"PropertyValueSpecification","valueRequired":true,"valueName":"search_term_string"}}],"inLanguage":"fr-FR"},{"@type":"Organization","@id":"https:\/\/www.zebemusic.com\/de\/#organization","name":"ZebeMusic","url":"https:\/\/www.zebemusic.com\/de\/","logo":{"@type":"ImageObject","inLanguage":"fr-FR","@id":"https:\/\/www.zebemusic.com\/de\/#\/schema\/logo\/image\/","url":"https:\/\/www.zebemusic.com\/wp-content\/uploads\/2025\/10\/ZEBE-Logo_ZW-makesyousing.jpg","contentUrl":"https:\/\/www.zebemusic.com\/wp-content\/uploads\/2025\/10\/ZEBE-Logo_ZW-makesyousing.jpg","width":2212,"height":958,"caption":"ZebeMusic"},"image":{"@id":"https:\/\/www.zebemusic.com\/de\/#\/schema\/logo\/image\/"},"sameAs":["https:\/\/www.facebook.com\/zebemusic","https:\/\/www.instagram.com\/zebemusic","https:\/\/www.youtube.com\/zebemusicberlin"]}]}},"_links":{"self":[{"href":"https:\/\/www.zebemusic.com\/fr\/wp-json\/wp\/v2\/product\/27836","targetHints":{"allow":["GET"]}}],"collection":[{"href":"https:\/\/www.zebemusic.com\/fr\/wp-json\/wp\/v2\/product"}],"about":[{"href":"https:\/\/www.zebemusic.com\/fr\/wp-json\/wp\/v2\/types\/product"}],"wp:featuredmedia":[{"embeddable":true,"href":"https:\/\/www.zebemusic.com\/fr\/wp-json\/wp\/v2\/media\/1813"}],"wp:attachment":[{"href":"https:\/\/www.zebemusic.com\/fr\/wp-json\/wp\/v2\/media?parent=27836"}],"wp:term":[{"taxonomy":"product_brand","embeddable":true,"href":"https:\/\/www.zebemusic.com\/fr\/wp-json\/wp\/v2\/product_brand?post=27836"},{"taxonomy":"product_cat","embeddable":true,"href":"https:\/\/www.zebemusic.com\/fr\/wp-json\/wp\/v2\/product_cat?post=27836"},{"taxonomy":"product_tag","embeddable":true,"href":"https:\/\/www.zebemusic.com\/fr\/wp-json\/wp\/v2\/product_tag?post=27836"}],"curies":[{"name":"wp","href":"https:\/\/api.w.org\/{rel}","templated":true}]}}