{"id":27875,"date":"2014-11-19T18:32:20","date_gmt":"2014-11-19T16:32:20","guid":{"rendered":"https:\/\/www.zebemusic.com\/product\/the-ultimate-gospel-choir-book-4\/"},"modified":"2025-09-07T11:52:18","modified_gmt":"2025-09-07T10:52:18","slug":"the-ultimate-gospel-choir-book-4","status":"publish","type":"product","link":"https:\/\/www.zebemusic.com\/fr\/product\/the-ultimate-gospel-choir-book-4\/","title":{"rendered":"The Ultimate Gospel Choir Book 4"},"content":{"rendered":"","protected":false},"excerpt":{"rendered":"<p>The Ultimate Gospel Choir Book 4 contient dix-sept chants gospel modernes et contemporains pour deux voix f\u00e9minines et une voix masculine. Il est \u00e9galement recommand\u00e9 pour trois voix f\u00e9minines. <\/p>\n<p>Des arrangements vivants et percutants et des solistes polyvalents constituent une base confortable pour une exp\u00e9rience authentique de la musique gospel. L&#8217;accompagnement groovy au piano est \u00e9crit dans le style authentique du piano gospel, soutient le ch\u0153ur et est \u00e9galement fourni avec des symboles d&#8217;accords. <\/p>\n<p>En plus de la partition, il existe une \u00e9dition vocale abordable sans notation au piano !<\/p>\n<p><strong>CONTENU :<\/strong> Amazing Grace, Amen, Can the Circle Be Unbroken, Ev ry Time I Feel the Spirit, Faith of Our Fathers, Freedom Is Coming, Good News, His Eye Is On the Sparrow, Hush !, Jesus On the Mainline, My Soul Is a Witness, O Happy Day, O Mary Don t You Weep, Pass Me Not, This Little Light Of Mine, What A Friend, When the Saints Go Marchin In<\/p>\n<p style=\"text-align: right;\"><span style=\"color: #993300;\"><strong>TIP :<\/strong><\/span> Vous souhaitez une chanson unique ? <a title=\".\" href=\"https:\/\/zebemusic.com\/einzelausgaben\/\">Cliquez ici pour un aper\u00e7u<\/a>.<\/p>\n<p id=\"pressename\" style=\"padding-left: 30px;\"><span style=\"color: #717171;\"><span style=\"color: #717171;\"><span style=\"color: #993300;\"><strong><em>&#8220;Ces arrangements sont \u00e0 jour, mais pas trop difficiles, et l&#8217;accompagnement au piano est \u00e9galement facile \u00e0 utiliser. Hautement recommand\u00e9 !&#8221; <\/em><\/strong><\/span>(Musik &amp; Kirche)<\/span><\/span><\/p>\n<p style=\"padding-left: 30px;\"><span style=\"color: #717171;\"><span style=\"color: #993300;\"><strong><em>&#8220;Les arrangements de cette \u00e9dition sont modernes et contemporains. <\/em><\/strong><\/span>(Neue Musikzeitung)<\/span><\/p>\n<hr>\n<p id=\"postdetails\"><strong><span style=\"color: #717171;\">Auteur :<\/span><\/strong> <span id=\"authors\"><a href=\"https:\/\/www.zebemusic.com\/fr\/jeff-guillen-3\/\">Jeff Guillen<\/a><\/span><br \/>\n<strong><span style=\"color: #717171;\">Instrumentation :<\/span><\/strong> S.A.B.+Pno<br \/>\n<strong><span style=\"color: #717171;\">Difficult\u00e9 :<\/span><\/strong> moyenne<\/p>\n<p><strong><a href=\"\/wp-content\/PP\/PP3020.pdf\" target=\"_blank\" rel=\"noopener noreferrer\">Exemple de partition &gt;&gt;&gt;<\/a> <\/strong>&gt;&gt;&gt;<\/p>\n<p><strong><a href=\"http:\/\/www.zebemusic.com\/audio\/3020-02.mp3\" target=\"_blank\" rel=\"noopener noreferrer\">\u00c9chantillon audio 1<\/a> &gt;&gt;&gt;<br \/>\n<a href=\"http:\/\/www.zebemusic.com\/audio\/3020-03.mp3\" target=\"_blank\" rel=\"noopener noreferrer\">\u00c9chantillon audio 2<\/a> &gt;&gt;&gt;<br \/>\n<a href=\"http:\/\/www.zebemusic.com\/audio\/3020-04.mp3\" target=\"_blank\" rel=\"noopener noreferrer\">\u00c9chantillon audio 3<\/a> &gt;&gt;&gt;<br \/>\n<\/strong><\/p>\n<hr>\n<p><strong>Versions disponibles :<\/strong><\/p>\n<p>&#8211; <strong>Partition compl\u00e8te<\/strong> (ZE 3020, ISBN 978-3-940745-05-7, 88 pages) \u20ac 14,90<strong><br \/>\n<\/strong>Cette \u00e9dition contient les partitions pour ch\u0153ur, solistes et piano. Les symboles d&#8217;accords sont not\u00e9s pour d&#8217;autres instruments d&#8217;accompagnement ou solistes. <\/p>\n<p>&#8211; <strong>Partition vocale<\/strong> (ZE 3081, ISBN 978-3-940745-41-5, 44 pages, <span style=\"text-decoration: underline;\"><span style=\"color: #993300; text-decoration: underline;\">uniquement dans le coffret pour ch\u0153ur !<\/span><\/span>) \u20ac 6,90<strong><br \/>\n<\/strong>L&#8217;\u00e9dition chorale abordable avec l&#8217;int\u00e9gralit\u00e9 de la partie vocale sans l&#8217;accompagnement au piano.<\/p>\n<p><strong>Veuillez s\u00e9lectionner ici :<\/strong><\/p>\n","protected":false},"featured_media":1321,"template":"","meta":{"_acf_changed":false},"product_brand":[],"product_cat":[130],"product_tag":[1411,1113,1399],"class_list":{"0":"post-27875","1":"product","2":"type-product","3":"status-publish","4":"has-post-thumbnail","6":"product_cat-gospel","7":"product_tag-femmes","8":"product_tag-gcb-fr","9":"product_tag-guillen-fr","10":"pa_diff-moyen","11":"pa_language-anglais","12":"pa_occ-bapteme-et-temoignage","13":"pa_occ-communion-eucharistie","14":"pa_occ-gratitude","15":"pa_occ-histoire-biblique","16":"pa_occ-lancien-testament","17":"pa_occ-louer","18":"pa_occ-mort-et-enterrement","19":"pa_occ-nouveau-testament","20":"pa_occ-pentecote","21":"pa_occ-peur-et-confiance","22":"pa_others-bestseller-fr","23":"pa_others-collections-fr","24":"pa_style-genre-ballade-fr","25":"pa_style-genre-gospel-fr","26":"pa_style-genre-latin-fr","27":"pa_style-genre-contemporary-fr","28":"pa_style-genre-soul-funk-fr","29":"pa_style-genre-traditional-gospel-style-fr","30":"pa_style-genre-spiritual-fr","31":"pa_style-genre-uptempo-fr","32":"pa_variation-edition-chorale","33":"pa_variation-partition-fr","34":"pa_voicing-accompagne","35":"pa_voicing-avec-soliste","36":"pa_voicing-sam-fr","37":"pa_voicing-satb-fr","38":"pa_voicing-ssa-fr","40":"first","41":"instock","42":"taxable","43":"shipping-taxable","44":"purchasable","45":"product-type-variable"},"acf":[],"yoast_head":"<!-- This site is optimized with the Yoast SEO plugin v27.3 - https:\/\/yoast.com\/product\/yoast-seo-wordpress\/ -->\n<title>The Ultimate Gospel Choir Book 4%page%%%%.<\/title>\n<meta name=\"description\" content=\"Chants gospel entra\u00eenants dans des arrangements d&#039;anciennes et de nouvelles compositions. &quot;Moderne et contemporain. (Neue Musikzeitung) DEMO &gt;&gt;\" \/>\n<meta name=\"robots\" content=\"index, follow, max-snippet:-1, max-image-preview:large, max-video-preview:-1\" \/>\n<link rel=\"canonical\" href=\"https:\/\/www.zebemusic.com\/fr\/product\/the-ultimate-gospel-choir-book-4\/\" \/>\n<meta property=\"og:locale\" content=\"fr_FR\" \/>\n<meta property=\"og:type\" content=\"article\" \/>\n<meta property=\"og:title\" content=\"The Ultimate Gospel Choir Book 4%page%%%%.\" \/>\n<meta property=\"og:description\" content=\"Chants gospel entra\u00eenants dans des arrangements d&#039;anciennes et de nouvelles compositions. &quot;Moderne et contemporain. (Neue Musikzeitung) DEMO &gt;&gt;\" \/>\n<meta property=\"og:url\" content=\"https:\/\/www.zebemusic.com\/fr\/product\/the-ultimate-gospel-choir-book-4\/\" \/>\n<meta property=\"og:site_name\" content=\"ZebeMusic\" \/>\n<meta property=\"article:publisher\" content=\"https:\/\/www.facebook.com\/zebemusic\" \/>\n<meta property=\"article:modified_time\" content=\"2025-09-07T10:52:18+00:00\" \/>\n<meta property=\"og:image\" content=\"https:\/\/www.zebemusic.com\/wp-content\/uploads\/2013\/08\/ZEBE30201.jpg\" \/>\n\t<meta property=\"og:image:width\" content=\"383\" \/>\n\t<meta property=\"og:image:height\" content=\"500\" \/>\n\t<meta property=\"og:image:type\" content=\"image\/jpeg\" \/>\n<meta name=\"twitter:card\" content=\"summary_large_image\" \/>\n<script type=\"application\/ld+json\" class=\"yoast-schema-graph\">{\"@context\":\"https:\\\/\\\/schema.org\",\"@graph\":[{\"@type\":\"WebPage\",\"@id\":\"https:\\\/\\\/www.zebemusic.com\\\/fr\\\/product\\\/the-ultimate-gospel-choir-book-4\\\/\",\"url\":\"https:\\\/\\\/www.zebemusic.com\\\/fr\\\/product\\\/the-ultimate-gospel-choir-book-4\\\/\",\"name\":\"The Ultimate Gospel Choir Book 4%page%%%%.\",\"isPartOf\":{\"@id\":\"https:\\\/\\\/www.zebemusic.com\\\/de\\\/#website\"},\"primaryImageOfPage\":{\"@id\":\"https:\\\/\\\/www.zebemusic.com\\\/fr\\\/product\\\/the-ultimate-gospel-choir-book-4\\\/#primaryimage\"},\"image\":{\"@id\":\"https:\\\/\\\/www.zebemusic.com\\\/fr\\\/product\\\/the-ultimate-gospel-choir-book-4\\\/#primaryimage\"},\"thumbnailUrl\":\"https:\\\/\\\/www.zebemusic.com\\\/wp-content\\\/uploads\\\/2013\\\/08\\\/ZEBE30201.jpg\",\"datePublished\":\"2014-11-19T16:32:20+00:00\",\"dateModified\":\"2025-09-07T10:52:18+00:00\",\"description\":\"Chants gospel entra\u00eenants dans des arrangements d'anciennes et de nouvelles compositions. \\\"Moderne et contemporain. (Neue Musikzeitung) DEMO >>\",\"breadcrumb\":{\"@id\":\"https:\\\/\\\/www.zebemusic.com\\\/fr\\\/product\\\/the-ultimate-gospel-choir-book-4\\\/#breadcrumb\"},\"inLanguage\":\"fr-FR\",\"potentialAction\":[{\"@type\":\"ReadAction\",\"target\":[\"https:\\\/\\\/www.zebemusic.com\\\/fr\\\/product\\\/the-ultimate-gospel-choir-book-4\\\/\"]}]},{\"@type\":\"ImageObject\",\"inLanguage\":\"fr-FR\",\"@id\":\"https:\\\/\\\/www.zebemusic.com\\\/fr\\\/product\\\/the-ultimate-gospel-choir-book-4\\\/#primaryimage\",\"url\":\"https:\\\/\\\/www.zebemusic.com\\\/wp-content\\\/uploads\\\/2013\\\/08\\\/ZEBE30201.jpg\",\"contentUrl\":\"https:\\\/\\\/www.zebemusic.com\\\/wp-content\\\/uploads\\\/2013\\\/08\\\/ZEBE30201.jpg\",\"width\":383,\"height\":500},{\"@type\":\"BreadcrumbList\",\"@id\":\"https:\\\/\\\/www.zebemusic.com\\\/fr\\\/product\\\/the-ultimate-gospel-choir-book-4\\\/#breadcrumb\",\"itemListElement\":[{\"@type\":\"ListItem\",\"position\":1,\"name\":\"Shop\",\"item\":\"https:\\\/\\\/www.zebemusic.com\\\/fr\\\/shop\\\/\"},{\"@type\":\"ListItem\",\"position\":2,\"name\":\"The Ultimate Gospel Choir Book 4\"}]},{\"@type\":\"WebSite\",\"@id\":\"https:\\\/\\\/www.zebemusic.com\\\/de\\\/#website\",\"url\":\"https:\\\/\\\/www.zebemusic.com\\\/de\\\/\",\"name\":\"ZebeMusic\",\"description\":\"vous incite a chanter.\",\"publisher\":{\"@id\":\"https:\\\/\\\/www.zebemusic.com\\\/de\\\/#organization\"},\"alternateName\":\"Gospelnoten & Kindermusicals\",\"potentialAction\":[{\"@type\":\"SearchAction\",\"target\":{\"@type\":\"EntryPoint\",\"urlTemplate\":\"https:\\\/\\\/www.zebemusic.com\\\/de\\\/?s={search_term_string}\"},\"query-input\":{\"@type\":\"PropertyValueSpecification\",\"valueRequired\":true,\"valueName\":\"search_term_string\"}}],\"inLanguage\":\"fr-FR\"},{\"@type\":\"Organization\",\"@id\":\"https:\\\/\\\/www.zebemusic.com\\\/de\\\/#organization\",\"name\":\"ZebeMusic\",\"url\":\"https:\\\/\\\/www.zebemusic.com\\\/de\\\/\",\"logo\":{\"@type\":\"ImageObject\",\"inLanguage\":\"fr-FR\",\"@id\":\"https:\\\/\\\/www.zebemusic.com\\\/de\\\/#\\\/schema\\\/logo\\\/image\\\/\",\"url\":\"https:\\\/\\\/www.zebemusic.com\\\/wp-content\\\/uploads\\\/2025\\\/10\\\/ZEBE-Logo_ZW-makesyousing.jpg\",\"contentUrl\":\"https:\\\/\\\/www.zebemusic.com\\\/wp-content\\\/uploads\\\/2025\\\/10\\\/ZEBE-Logo_ZW-makesyousing.jpg\",\"width\":2212,\"height\":958,\"caption\":\"ZebeMusic\"},\"image\":{\"@id\":\"https:\\\/\\\/www.zebemusic.com\\\/de\\\/#\\\/schema\\\/logo\\\/image\\\/\"},\"sameAs\":[\"https:\\\/\\\/www.facebook.com\\\/zebemusic\",\"https:\\\/\\\/www.instagram.com\\\/zebemusic\",\"https:\\\/\\\/www.youtube.com\\\/zebemusicberlin\"]}]}<\/script>\n<!-- \/ Yoast SEO plugin. -->","yoast_head_json":{"title":"The Ultimate Gospel Choir Book 4%page%%%%.","description":"Chants gospel entra\u00eenants dans des arrangements d'anciennes et de nouvelles compositions. \"Moderne et contemporain. (Neue Musikzeitung) DEMO >>","robots":{"index":"index","follow":"follow","max-snippet":"max-snippet:-1","max-image-preview":"max-image-preview:large","max-video-preview":"max-video-preview:-1"},"canonical":"https:\/\/www.zebemusic.com\/fr\/product\/the-ultimate-gospel-choir-book-4\/","og_locale":"fr_FR","og_type":"article","og_title":"The Ultimate Gospel Choir Book 4%page%%%%.","og_description":"Chants gospel entra\u00eenants dans des arrangements d'anciennes et de nouvelles compositions. \"Moderne et contemporain. (Neue Musikzeitung) DEMO >>","og_url":"https:\/\/www.zebemusic.com\/fr\/product\/the-ultimate-gospel-choir-book-4\/","og_site_name":"ZebeMusic","article_publisher":"https:\/\/www.facebook.com\/zebemusic","article_modified_time":"2025-09-07T10:52:18+00:00","og_image":[{"width":383,"height":500,"url":"https:\/\/www.zebemusic.com\/wp-content\/uploads\/2013\/08\/ZEBE30201.jpg","type":"image\/jpeg"}],"twitter_card":"summary_large_image","schema":{"@context":"https:\/\/schema.org","@graph":[{"@type":"WebPage","@id":"https:\/\/www.zebemusic.com\/fr\/product\/the-ultimate-gospel-choir-book-4\/","url":"https:\/\/www.zebemusic.com\/fr\/product\/the-ultimate-gospel-choir-book-4\/","name":"The Ultimate Gospel Choir Book 4%page%%%%.","isPartOf":{"@id":"https:\/\/www.zebemusic.com\/de\/#website"},"primaryImageOfPage":{"@id":"https:\/\/www.zebemusic.com\/fr\/product\/the-ultimate-gospel-choir-book-4\/#primaryimage"},"image":{"@id":"https:\/\/www.zebemusic.com\/fr\/product\/the-ultimate-gospel-choir-book-4\/#primaryimage"},"thumbnailUrl":"https:\/\/www.zebemusic.com\/wp-content\/uploads\/2013\/08\/ZEBE30201.jpg","datePublished":"2014-11-19T16:32:20+00:00","dateModified":"2025-09-07T10:52:18+00:00","description":"Chants gospel entra\u00eenants dans des arrangements d'anciennes et de nouvelles compositions. \"Moderne et contemporain. (Neue Musikzeitung) DEMO >>","breadcrumb":{"@id":"https:\/\/www.zebemusic.com\/fr\/product\/the-ultimate-gospel-choir-book-4\/#breadcrumb"},"inLanguage":"fr-FR","potentialAction":[{"@type":"ReadAction","target":["https:\/\/www.zebemusic.com\/fr\/product\/the-ultimate-gospel-choir-book-4\/"]}]},{"@type":"ImageObject","inLanguage":"fr-FR","@id":"https:\/\/www.zebemusic.com\/fr\/product\/the-ultimate-gospel-choir-book-4\/#primaryimage","url":"https:\/\/www.zebemusic.com\/wp-content\/uploads\/2013\/08\/ZEBE30201.jpg","contentUrl":"https:\/\/www.zebemusic.com\/wp-content\/uploads\/2013\/08\/ZEBE30201.jpg","width":383,"height":500},{"@type":"BreadcrumbList","@id":"https:\/\/www.zebemusic.com\/fr\/product\/the-ultimate-gospel-choir-book-4\/#breadcrumb","itemListElement":[{"@type":"ListItem","position":1,"name":"Shop","item":"https:\/\/www.zebemusic.com\/fr\/shop\/"},{"@type":"ListItem","position":2,"name":"The Ultimate Gospel Choir Book 4"}]},{"@type":"WebSite","@id":"https:\/\/www.zebemusic.com\/de\/#website","url":"https:\/\/www.zebemusic.com\/de\/","name":"ZebeMusic","description":"vous incite a chanter.","publisher":{"@id":"https:\/\/www.zebemusic.com\/de\/#organization"},"alternateName":"Gospelnoten & Kindermusicals","potentialAction":[{"@type":"SearchAction","target":{"@type":"EntryPoint","urlTemplate":"https:\/\/www.zebemusic.com\/de\/?s={search_term_string}"},"query-input":{"@type":"PropertyValueSpecification","valueRequired":true,"valueName":"search_term_string"}}],"inLanguage":"fr-FR"},{"@type":"Organization","@id":"https:\/\/www.zebemusic.com\/de\/#organization","name":"ZebeMusic","url":"https:\/\/www.zebemusic.com\/de\/","logo":{"@type":"ImageObject","inLanguage":"fr-FR","@id":"https:\/\/www.zebemusic.com\/de\/#\/schema\/logo\/image\/","url":"https:\/\/www.zebemusic.com\/wp-content\/uploads\/2025\/10\/ZEBE-Logo_ZW-makesyousing.jpg","contentUrl":"https:\/\/www.zebemusic.com\/wp-content\/uploads\/2025\/10\/ZEBE-Logo_ZW-makesyousing.jpg","width":2212,"height":958,"caption":"ZebeMusic"},"image":{"@id":"https:\/\/www.zebemusic.com\/de\/#\/schema\/logo\/image\/"},"sameAs":["https:\/\/www.facebook.com\/zebemusic","https:\/\/www.instagram.com\/zebemusic","https:\/\/www.youtube.com\/zebemusicberlin"]}]}},"_links":{"self":[{"href":"https:\/\/www.zebemusic.com\/fr\/wp-json\/wp\/v2\/product\/27875","targetHints":{"allow":["GET"]}}],"collection":[{"href":"https:\/\/www.zebemusic.com\/fr\/wp-json\/wp\/v2\/product"}],"about":[{"href":"https:\/\/www.zebemusic.com\/fr\/wp-json\/wp\/v2\/types\/product"}],"wp:featuredmedia":[{"embeddable":true,"href":"https:\/\/www.zebemusic.com\/fr\/wp-json\/wp\/v2\/media\/1321"}],"wp:attachment":[{"href":"https:\/\/www.zebemusic.com\/fr\/wp-json\/wp\/v2\/media?parent=27875"}],"wp:term":[{"taxonomy":"product_brand","embeddable":true,"href":"https:\/\/www.zebemusic.com\/fr\/wp-json\/wp\/v2\/product_brand?post=27875"},{"taxonomy":"product_cat","embeddable":true,"href":"https:\/\/www.zebemusic.com\/fr\/wp-json\/wp\/v2\/product_cat?post=27875"},{"taxonomy":"product_tag","embeddable":true,"href":"https:\/\/www.zebemusic.com\/fr\/wp-json\/wp\/v2\/product_tag?post=27875"}],"curies":[{"name":"wp","href":"https:\/\/api.w.org\/{rel}","templated":true}]}}