{"id":27878,"date":"2023-05-26T10:11:14","date_gmt":"2023-05-26T09:11:14","guid":{"rendered":"https:\/\/www.zebemusic.com\/product\/life-in-4d\/"},"modified":"2025-09-08T09:45:13","modified_gmt":"2025-09-08T08:45:13","slug":"life-in-4d","status":"publish","type":"product","link":"https:\/\/www.zebemusic.com\/fr\/product\/life-in-4d\/","title":{"rendered":"Life in 4D"},"content":{"rendered":"","protected":false},"excerpt":{"rendered":"<p><span id=\"pic\"><\/span>Le gospel d\u00e9crit la vie dans la quatri\u00e8me dimension &#8211; la vie avec Dieu. Dans sa nouvelle collection, Niko Schlenker trouve \u00e9galement le ton juste pour ce th\u00e8me. 11 chansons pleines de caract\u00e8re sont tout simplement amusantes et touchent les chanteurs et les auditeurs en plein c\u0153ur.  <\/p>\n<p style=\"padding-left: 30px;\"><strong><em><span style=\"color: #993300;\">&#8220;Les fans de Niko Schlenker vont adorer et avec ce livret, il y en aura certainement d&#8217;autres !<\/span><\/em><\/strong> (Musik+message)<\/p>\n<p style=\"padding-left: 30px;\"><strong><em><span style=\"color: #993300;\">&#8220;Comme d&#8217;habitude, Schlenker sert habilement les diff\u00e9rentes niches du genre&#8230; M\u00eame les amateurs de gospel traditionnel en auront pour leur argent avec ce CD.&#8221;<\/span><\/em><\/strong> (Chorzeit)<\/p>\n<p>Dans ce cinqui\u00e8me volume de la s\u00e9rie, l&#8217;accent est mis sur la &#8220;quatri\u00e8me dimension&#8221;, la vie de foi. Les textes de Schlenker t\u00e9moignent d&#8217;une certaine exp\u00e9rience en la mati\u00e8re, et sa connaissance du contenu biblique l&#8217;\u00e9taye de mani\u00e8re particuli\u00e8re. Musicalement, le style gospel est ing\u00e9nieusement color\u00e9, tant\u00f4t avec du reggae, tant\u00f4t avec de la soul West Coast \u00e0 la Maze ou Earth, Wind &amp; Fire, puis \u00e0 nouveau dans une ballade touchante. C&#8217;est amusant et c&#8217;est la preuve m\u00eame de ce niveau spirituel particulier.   <\/p>\n<p>Les mouvements choraux sont principalement en trois parties et peuvent \u00eatre chant\u00e9s par deux voix f\u00e9minines et une voix masculine. Il arrive qu&#8217;une voix soit divis\u00e9e. La soprano chante principalement dans le registre mezzo, les barytons chantent dans le registre moyen \u00e0 sup\u00e9rieur (jusqu&#8217;au mi&#8217;). Ce recueil contient \u00e9galement une pi\u00e8ce sp\u00e9ciale : &#8220;Peter&#8217;s Walk&#8221;, l&#8217;histoire de Pierre marchant sur l&#8217;eau, mise en musique pour S.A.T.B. a cappella. Un r\u00e9sum\u00e9 pour piano est not\u00e9 ici. Les symboles d&#8217;accords sont \u00e9galement inclus, comme pour toutes les autres chansons. Il est ainsi possible d&#8217;accompagner toutes les chansons avec l&#8217;ensemble de l&#8217;orchestre directement \u00e0 partir de la partition. Les mouvements choraux et les solistes sont particuli\u00e8rement bien mis en valeur par l&#8217;accompagnement not\u00e9 au piano. Le fait que Niko Schlenker soit lui-m\u00eame un excellent pianiste de gospel, souvent invit\u00e9 \u00e0 participer \u00e0 des productions en studio et \u00e0 des concerts, profite \u00e9galement \u00e0 la partie de piano de &#8220;Life in 4D&#8221;. L&#8217;accompagnement a \u00e9t\u00e9 soigneusement \u00e9labor\u00e9, il est clair et facile \u00e0 jouer et les fills optionnels de Schlenker sont un r\u00e9gal pour tout pianiste qui veut l&#8217;imiter ! L&#8217;annexe des \u00e9ditions de partitions contient des notes sur les chansons en allemand. Ces notes sont utiles pour les r\u00e9p\u00e9titions et peuvent \u00eatre utilis\u00e9es lors des services religieux et des concerts comme indication du contenu pour le public. Ces pages sont d\u00e9j\u00e0 incluses dans la partition de r\u00e9p\u00e9tition t\u00e9l\u00e9chargeable.            <\/p>\n<p><strong>CONTENU :<\/strong> I Give Thanks, I Will Always Sing to You, In His Name, Let My Voice Be an Instrument, Life in 4D, Love Him Back, New Dimension, Peter&#8217;s Walk, The Lover of My Soul, We Have Decided, We&#8217;ve Come to Praise.<\/p>\n<hr>\n<p><strong><span style=\"color: #717171;\">Auteur : <\/span><\/strong> <a href=\"https:\/\/www.zebemusic.com\/fr\/propos-de-nous-2\/auteurs-artiste\/nikoschlenker\/\">Niko Schlenker<\/a><br \/>\n<strong><span style=\"color: #717171;\">Instrumentation :<\/span><\/strong> S.A.T.B.\/S.A.Bar., Pno.<br \/>\n<strong><br \/>\n  <span style=\"color: #717171;\">Difficult\u00e9 :<\/span><br \/>\n<\/strong> moyenne<\/p>\n<p><a style=\"color: #ff0000;\" href=\"https:\/\/zebemusic.com\/wp-content\/uploads\/2015\/05\/PP5000.pdf\" target=\"_blank\" rel=\"noopener noreferrer\">Exemple de score  &gt;&gt;&gt; <\/a><br \/>\n<a href=\"http:\/\/www.zebemusic.com\/audio\/ZEBE5000.mp3\" target=\"_blank\" rel=\"noopener noreferrer\">\u00c9chantillon audio &gt;&gt;&gt; <\/a> (voix et accompagnement au piano)<\/p>\n<p><center><iframe loading=\"lazy\" src=\"https:\/\/www.youtube.com\/embed\/SPu9fZiSWwM\" width=\"400\" height=\"270\" frameborder=\"0\" allowfullscreen=\"allowfullscreen\" data-mce-fragment=\"1\"><\/iframe><\/center><\/p>\n<hr>\n<p><strong>Versions disponibles :<\/strong><\/p>\n<p>&#8211; <strong>Partition compl\u00e8te<\/strong> (ZE 5000, ISBN 978-3-940745-52-1, 76 pages) \u20ac 14.90<br \/>\nCette \u00e9dition contient les partitions pour ch\u0153ur, solistes et piano. Les symboles d&#8217;accords sont not\u00e9s pour d&#8217;autres instruments d&#8217;accompagnement ou solistes.<\/p>\n<p>&#8211; <strong>Partition vocale<\/strong> (ZE 5001, ISBN 978-3-940745-53-8, uniquement en version chorale !) \u20ac 6,90<br \/>\nL&#8217;\u00e9dition chorale abordable du recueil &#8220;Life in 4D&#8221; de Niko Schlenker avec les 11 chansons ! Le livret contient l&#8217;int\u00e9gralit\u00e9 de la partie vocale sans l&#8217;accompagnement au piano. <\/p>\n<p>&#8211; <strong>Album Mp3 \u00e0 t\u00e9l\u00e9charger <\/strong>en qualit\u00e9 320-kBit ! \u20ac 7,99<br \/>\nDes solistes de haut niveau pr\u00e9sentent un morceau de la quatri\u00e8me dimension, la vie dans la foi :<br \/>\nDorrey Lin Lyles (Weather Girls), David B. Whitley (The Voice of Germany), Lisamay Lesch, R\u00e9gine Nguetseng et Honor\u00e9 Haase enrichissent les merveilleux arrangements de leurs voix uniques et y mettent toute leur passion et leur c\u0153ur. <\/p>\n<p>&#8211; <strong>Playback Album Mp3 Download <\/strong> \u20ac 19,99<br \/>\nToutes les chansons de l&#8217;\u00e9dition en instrumentation originale. La meilleure qualit\u00e9 sonore pour les r\u00e9p\u00e9titions et les repr\u00e9sentations ! <\/p>\n<p>VOUS POUVEZ TROUVER DES CHANSONS INDIVIDUELLES SOUS FORME DE FICHIERS AUDIO OU D&#8217;\u00c9DITIONS DE PARTITIONS <strong><a href=\"https:\/\/zebemusic.com\/product\/life-in-4d-songs-downloads\/life-in-4d-songs-downloads\/\" target=\"_blank\" rel=\"noopener noreferrer\">ICI<\/a><\/strong> &gt;&gt;&gt;<\/p>\n","protected":false},"featured_media":27879,"template":"","meta":{"_acf_changed":false},"product_brand":[],"product_cat":[130],"product_tag":[1097,1411,1701,1416],"class_list":{"0":"post-27878","1":"product","2":"type-product","3":"status-publish","4":"has-post-thumbnail","6":"product_cat-gospel","7":"product_tag-cd-fr","8":"product_tag-femmes","9":"product_tag-neu-fr","10":"product_tag-schlenker-fr","11":"pa_diff-moyen","12":"pa_language-anglais","13":"pa_occ-bapteme-et-temoignage","14":"pa_occ-commencement-et-adieu-benediction","15":"pa_occ-gratitude","16":"pa_occ-histoire-biblique","17":"pa_occ-louer","18":"pa_occ-nouveau-testament","19":"pa_others-collections-fr","20":"pa_style-genre-ballade-fr","21":"pa_style-genre-gospel-fr","22":"pa_style-genre-jazz-fr","23":"pa_style-genre-worship-fr","24":"pa_style-genre-contemporary-fr","25":"pa_style-genre-soul-funk-fr","26":"pa_style-genre-traditional-gospel-style-fr","27":"pa_style-genre-spiritual-fr","28":"pa_style-genre-uptempo-fr","29":"pa_variation-edition-chorale","30":"pa_variation-lecture-de-mp3-fr","31":"pa_variation-partition-fr","32":"pa_variation-telechargement-mp3-de-lalbum","33":"pa_variation-telechargement-mp3-des-pistes-daccompagnement","34":"pa_voicing-acappella-fr","35":"pa_voicing-accompagne","36":"pa_voicing-avec-soliste","37":"pa_voicing-sa-fr","38":"pa_voicing-sam-fr","39":"pa_voicing-satb-fr","40":"pa_voicing-ssa-fr","42":"first","43":"instock","44":"taxable","45":"shipping-taxable","46":"purchasable","47":"product-type-variable"},"acf":[],"yoast_head":"<!-- This site is optimized with the Yoast SEO plugin v27.4 - https:\/\/yoast.com\/product\/yoast-seo-wordpress\/ -->\n<title>Life in 4D<\/title>\n<meta name=\"robots\" content=\"index, follow, max-snippet:-1, max-image-preview:large, max-video-preview:-1\" \/>\n<link rel=\"canonical\" href=\"https:\/\/www.zebemusic.com\/fr\/product\/life-in-4d\/\" \/>\n<meta property=\"og:locale\" content=\"fr_FR\" \/>\n<meta property=\"og:type\" content=\"article\" \/>\n<meta property=\"og:title\" content=\"Life in 4D\" \/>\n<meta property=\"og:description\" content=\"Le gospel d\u00e9crit la vie dans la quatri\u00e8me dimension - la vie avec Dieu. Dans sa nouvelle collection, Niko Schlenker trouve \u00e9galement le ton juste pour ce th\u00e8me. 11 chansons pleines de caract\u00e8re sont tout simplement amusantes et touchent les chanteurs et les auditeurs en plein c\u0153ur.  &quot;Les fans de Niko Schlenker vont adorer et avec ce livret, il y en aura certainement d&#039;autres ! (Musik+message) &quot;Comme d&#039;habitude, Schlenker sert habilement les diff\u00e9rentes niches du genre... M\u00eame les amateurs de gospel traditionnel en auront pour leur argent avec ce CD.&quot; (Chorzeit) Dans ce cinqui\u00e8me volume de la s\u00e9rie, l&#039;accent est mis sur la &quot;quatri\u00e8me dimension&quot;, la vie de foi. Les textes de Schlenker t\u00e9moignent d&#039;une certaine exp\u00e9rience en la mati\u00e8re, et sa connaissance du contenu biblique l&#039;\u00e9taye de mani\u00e8re particuli\u00e8re. Musicalement, le style gospel est ing\u00e9nieusement color\u00e9, tant\u00f4t avec du reggae, tant\u00f4t avec de la soul West Coast \u00e0 la Maze ou Earth, Wind &amp; Fire, puis \u00e0 nouveau dans une ballade touchante. C&#039;est amusant et c&#039;est la preuve m\u00eame de ce niveau spirituel particulier.   Les mouvements choraux sont principalement en trois parties et peuvent \u00eatre chant\u00e9s par deux voix f\u00e9minines et une voix masculine. Il arrive qu&#039;une voix soit divis\u00e9e. La soprano chante principalement dans le registre mezzo, les barytons chantent dans le registre moyen \u00e0 sup\u00e9rieur (jusqu&#039;au mi&#039;). Ce recueil contient \u00e9galement une pi\u00e8ce sp\u00e9ciale : &quot;Peter&#039;s Walk&quot;, l&#039;histoire de Pierre marchant sur l&#039;eau, mise en musique pour S.A.T.B. a cappella. Un r\u00e9sum\u00e9 pour piano est not\u00e9 ici. Les symboles d&#039;accords sont \u00e9galement inclus, comme pour toutes les autres chansons. Il est ainsi possible d&#039;accompagner toutes les chansons avec l&#039;ensemble de l&#039;orchestre directement \u00e0 partir de la partition. Les mouvements choraux et les solistes sont particuli\u00e8rement bien mis en valeur par l&#039;accompagnement not\u00e9 au piano. Le fait que Niko Schlenker soit lui-m\u00eame un excellent pianiste de gospel, souvent invit\u00e9 \u00e0 participer \u00e0 des productions en studio et \u00e0 des concerts, profite \u00e9galement \u00e0 la partie de piano de &quot;Life in 4D&quot;. L&#039;accompagnement a \u00e9t\u00e9 soigneusement \u00e9labor\u00e9, il est clair et facile \u00e0 jouer et les fills optionnels de Schlenker sont un r\u00e9gal pour tout pianiste qui veut l&#039;imiter ! L&#039;annexe des \u00e9ditions de partitions contient des notes sur les chansons en allemand. Ces notes sont utiles pour les r\u00e9p\u00e9titions et peuvent \u00eatre utilis\u00e9es lors des services religieux et des concerts comme indication du contenu pour le public. Ces pages sont d\u00e9j\u00e0 incluses dans la partition de r\u00e9p\u00e9tition t\u00e9l\u00e9chargeable.       CONTENU : I Give Thanks, I Will Always Sing to You, In His Name, Let My Voice Be an Instrument, Life in 4D, Love Him Back, New Dimension, Peter&#039;s Walk, The Lover of My Soul, We Have Decided, We&#039;ve Come to Praise.  Auteur : Niko Schlenker Instrumentation : S.A.T.B.\/S.A.Bar., Pno.  Difficult\u00e9 : moyenne Exemple de score &gt;&gt;&gt; \u00c9chantillon audio &gt;&gt;&gt; (voix et accompagnement au piano)   Versions disponibles : - Partition compl\u00e8te (ZE 5000, ISBN 978-3-940745-52-1, 76 pages) \u20ac 14.90 Cette \u00e9dition contient les partitions pour ch\u0153ur, solistes et piano. Les symboles d&#039;accords sont not\u00e9s pour d&#039;autres instruments d&#039;accompagnement ou solistes. - Partition vocale (ZE 5001, ISBN 978-3-940745-53-8, uniquement en version chorale !) \u20ac 6,90 L&#039;\u00e9dition chorale abordable du recueil &quot;Life in 4D&quot; de Niko Schlenker avec les 11 chansons ! Le livret contient l&#039;int\u00e9gralit\u00e9 de la partie vocale sans l&#039;accompagnement au piano.  - Album Mp3 \u00e0 t\u00e9l\u00e9charger en qualit\u00e9 320-kBit ! \u20ac 7,99 Des solistes de haut niveau pr\u00e9sentent un morceau de la quatri\u00e8me dimension, la vie dans la foi : Dorrey Lin Lyles (Weather Girls), David B. Whitley (The Voice of Germany), Lisamay Lesch, R\u00e9gine Nguetseng et Honor\u00e9 Haase enrichissent les merveilleux arrangements de leurs voix uniques et y mettent toute leur passion et leur c\u0153ur.  - Playback Album Mp3 Download \u20ac 19,99 Toutes les chansons de l&#039;\u00e9dition en instrumentation originale. La meilleure qualit\u00e9 sonore pour les r\u00e9p\u00e9titions et les repr\u00e9sentations !  VOUS POUVEZ TROUVER DES CHANSONS INDIVIDUELLES SOUS FORME DE FICHIERS AUDIO OU D&#039;\u00c9DITIONS DE PARTITIONS ICI &gt;&gt;&gt;\" \/>\n<meta property=\"og:url\" content=\"https:\/\/www.zebemusic.com\/fr\/product\/life-in-4d\/\" \/>\n<meta property=\"og:site_name\" content=\"ZebeMusic\" \/>\n<meta property=\"article:publisher\" content=\"https:\/\/www.facebook.com\/zebemusic\" \/>\n<meta property=\"article:modified_time\" content=\"2025-09-08T08:45:13+00:00\" \/>\n<meta property=\"og:image\" content=\"https:\/\/www.zebemusic.com\/wp-content\/uploads\/2015\/05\/Titel-5000web.jpg\" \/>\n\t<meta property=\"og:image:width\" content=\"425\" \/>\n\t<meta property=\"og:image:height\" content=\"556\" \/>\n\t<meta property=\"og:image:type\" content=\"image\/jpeg\" \/>\n<meta name=\"twitter:card\" content=\"summary_large_image\" \/>\n<script type=\"application\/ld+json\" class=\"yoast-schema-graph\">{\"@context\":\"https:\\\/\\\/schema.org\",\"@graph\":[{\"@type\":\"WebPage\",\"@id\":\"https:\\\/\\\/www.zebemusic.com\\\/fr\\\/product\\\/life-in-4d\\\/\",\"url\":\"https:\\\/\\\/www.zebemusic.com\\\/fr\\\/product\\\/life-in-4d\\\/\",\"name\":\"Life in 4D\",\"isPartOf\":{\"@id\":\"https:\\\/\\\/www.zebemusic.com\\\/de\\\/#website\"},\"primaryImageOfPage\":{\"@id\":\"https:\\\/\\\/www.zebemusic.com\\\/fr\\\/product\\\/life-in-4d\\\/#primaryimage\"},\"image\":{\"@id\":\"https:\\\/\\\/www.zebemusic.com\\\/fr\\\/product\\\/life-in-4d\\\/#primaryimage\"},\"thumbnailUrl\":\"https:\\\/\\\/www.zebemusic.com\\\/wp-content\\\/uploads\\\/2015\\\/05\\\/Titel-5000web.jpg\",\"datePublished\":\"2023-05-26T09:11:14+00:00\",\"dateModified\":\"2025-09-08T08:45:13+00:00\",\"breadcrumb\":{\"@id\":\"https:\\\/\\\/www.zebemusic.com\\\/fr\\\/product\\\/life-in-4d\\\/#breadcrumb\"},\"inLanguage\":\"fr-FR\",\"potentialAction\":[{\"@type\":\"ReadAction\",\"target\":[\"https:\\\/\\\/www.zebemusic.com\\\/fr\\\/product\\\/life-in-4d\\\/\"]}]},{\"@type\":\"ImageObject\",\"inLanguage\":\"fr-FR\",\"@id\":\"https:\\\/\\\/www.zebemusic.com\\\/fr\\\/product\\\/life-in-4d\\\/#primaryimage\",\"url\":\"https:\\\/\\\/www.zebemusic.com\\\/wp-content\\\/uploads\\\/2015\\\/05\\\/Titel-5000web.jpg\",\"contentUrl\":\"https:\\\/\\\/www.zebemusic.com\\\/wp-content\\\/uploads\\\/2015\\\/05\\\/Titel-5000web.jpg\",\"width\":425,\"height\":556},{\"@type\":\"BreadcrumbList\",\"@id\":\"https:\\\/\\\/www.zebemusic.com\\\/fr\\\/product\\\/life-in-4d\\\/#breadcrumb\",\"itemListElement\":[{\"@type\":\"ListItem\",\"position\":1,\"name\":\"Shop\",\"item\":\"https:\\\/\\\/www.zebemusic.com\\\/fr\\\/shop\\\/\"},{\"@type\":\"ListItem\",\"position\":2,\"name\":\"Life in 4D\"}]},{\"@type\":\"WebSite\",\"@id\":\"https:\\\/\\\/www.zebemusic.com\\\/de\\\/#website\",\"url\":\"https:\\\/\\\/www.zebemusic.com\\\/de\\\/\",\"name\":\"ZebeMusic\",\"description\":\"vous incite a chanter.\",\"publisher\":{\"@id\":\"https:\\\/\\\/www.zebemusic.com\\\/de\\\/#organization\"},\"alternateName\":\"Gospelnoten & Kindermusicals\",\"potentialAction\":[{\"@type\":\"SearchAction\",\"target\":{\"@type\":\"EntryPoint\",\"urlTemplate\":\"https:\\\/\\\/www.zebemusic.com\\\/de\\\/?s={search_term_string}\"},\"query-input\":{\"@type\":\"PropertyValueSpecification\",\"valueRequired\":true,\"valueName\":\"search_term_string\"}}],\"inLanguage\":\"fr-FR\"},{\"@type\":\"Organization\",\"@id\":\"https:\\\/\\\/www.zebemusic.com\\\/de\\\/#organization\",\"name\":\"ZebeMusic\",\"url\":\"https:\\\/\\\/www.zebemusic.com\\\/de\\\/\",\"logo\":{\"@type\":\"ImageObject\",\"inLanguage\":\"fr-FR\",\"@id\":\"https:\\\/\\\/www.zebemusic.com\\\/de\\\/#\\\/schema\\\/logo\\\/image\\\/\",\"url\":\"https:\\\/\\\/www.zebemusic.com\\\/wp-content\\\/uploads\\\/2025\\\/10\\\/ZEBE-Logo_ZW-makesyousing.jpg\",\"contentUrl\":\"https:\\\/\\\/www.zebemusic.com\\\/wp-content\\\/uploads\\\/2025\\\/10\\\/ZEBE-Logo_ZW-makesyousing.jpg\",\"width\":2212,\"height\":958,\"caption\":\"ZebeMusic\"},\"image\":{\"@id\":\"https:\\\/\\\/www.zebemusic.com\\\/de\\\/#\\\/schema\\\/logo\\\/image\\\/\"},\"sameAs\":[\"https:\\\/\\\/www.facebook.com\\\/zebemusic\",\"https:\\\/\\\/www.instagram.com\\\/zebemusic\",\"https:\\\/\\\/www.youtube.com\\\/zebemusicberlin\"]}]}<\/script>\n<!-- \/ Yoast SEO plugin. -->","yoast_head_json":{"title":"Life in 4D","robots":{"index":"index","follow":"follow","max-snippet":"max-snippet:-1","max-image-preview":"max-image-preview:large","max-video-preview":"max-video-preview:-1"},"canonical":"https:\/\/www.zebemusic.com\/fr\/product\/life-in-4d\/","og_locale":"fr_FR","og_type":"article","og_title":"Life in 4D","og_description":"Le gospel d\u00e9crit la vie dans la quatri\u00e8me dimension - la vie avec Dieu. Dans sa nouvelle collection, Niko Schlenker trouve \u00e9galement le ton juste pour ce th\u00e8me. 11 chansons pleines de caract\u00e8re sont tout simplement amusantes et touchent les chanteurs et les auditeurs en plein c\u0153ur.  \"Les fans de Niko Schlenker vont adorer et avec ce livret, il y en aura certainement d'autres ! (Musik+message) \"Comme d'habitude, Schlenker sert habilement les diff\u00e9rentes niches du genre... M\u00eame les amateurs de gospel traditionnel en auront pour leur argent avec ce CD.\" (Chorzeit) Dans ce cinqui\u00e8me volume de la s\u00e9rie, l'accent est mis sur la \"quatri\u00e8me dimension\", la vie de foi. Les textes de Schlenker t\u00e9moignent d'une certaine exp\u00e9rience en la mati\u00e8re, et sa connaissance du contenu biblique l'\u00e9taye de mani\u00e8re particuli\u00e8re. Musicalement, le style gospel est ing\u00e9nieusement color\u00e9, tant\u00f4t avec du reggae, tant\u00f4t avec de la soul West Coast \u00e0 la Maze ou Earth, Wind &amp; Fire, puis \u00e0 nouveau dans une ballade touchante. C'est amusant et c'est la preuve m\u00eame de ce niveau spirituel particulier.   Les mouvements choraux sont principalement en trois parties et peuvent \u00eatre chant\u00e9s par deux voix f\u00e9minines et une voix masculine. Il arrive qu'une voix soit divis\u00e9e. La soprano chante principalement dans le registre mezzo, les barytons chantent dans le registre moyen \u00e0 sup\u00e9rieur (jusqu'au mi'). Ce recueil contient \u00e9galement une pi\u00e8ce sp\u00e9ciale : \"Peter's Walk\", l'histoire de Pierre marchant sur l'eau, mise en musique pour S.A.T.B. a cappella. Un r\u00e9sum\u00e9 pour piano est not\u00e9 ici. Les symboles d'accords sont \u00e9galement inclus, comme pour toutes les autres chansons. Il est ainsi possible d'accompagner toutes les chansons avec l'ensemble de l'orchestre directement \u00e0 partir de la partition. Les mouvements choraux et les solistes sont particuli\u00e8rement bien mis en valeur par l'accompagnement not\u00e9 au piano. Le fait que Niko Schlenker soit lui-m\u00eame un excellent pianiste de gospel, souvent invit\u00e9 \u00e0 participer \u00e0 des productions en studio et \u00e0 des concerts, profite \u00e9galement \u00e0 la partie de piano de \"Life in 4D\". L'accompagnement a \u00e9t\u00e9 soigneusement \u00e9labor\u00e9, il est clair et facile \u00e0 jouer et les fills optionnels de Schlenker sont un r\u00e9gal pour tout pianiste qui veut l'imiter ! L'annexe des \u00e9ditions de partitions contient des notes sur les chansons en allemand. Ces notes sont utiles pour les r\u00e9p\u00e9titions et peuvent \u00eatre utilis\u00e9es lors des services religieux et des concerts comme indication du contenu pour le public. Ces pages sont d\u00e9j\u00e0 incluses dans la partition de r\u00e9p\u00e9tition t\u00e9l\u00e9chargeable.       CONTENU : I Give Thanks, I Will Always Sing to You, In His Name, Let My Voice Be an Instrument, Life in 4D, Love Him Back, New Dimension, Peter's Walk, The Lover of My Soul, We Have Decided, We've Come to Praise.  Auteur : Niko Schlenker Instrumentation : S.A.T.B.\/S.A.Bar., Pno.  Difficult\u00e9 : moyenne Exemple de score &gt;&gt;&gt; \u00c9chantillon audio &gt;&gt;&gt; (voix et accompagnement au piano)   Versions disponibles : - Partition compl\u00e8te (ZE 5000, ISBN 978-3-940745-52-1, 76 pages) \u20ac 14.90 Cette \u00e9dition contient les partitions pour ch\u0153ur, solistes et piano. Les symboles d'accords sont not\u00e9s pour d'autres instruments d'accompagnement ou solistes. - Partition vocale (ZE 5001, ISBN 978-3-940745-53-8, uniquement en version chorale !) \u20ac 6,90 L'\u00e9dition chorale abordable du recueil \"Life in 4D\" de Niko Schlenker avec les 11 chansons ! Le livret contient l'int\u00e9gralit\u00e9 de la partie vocale sans l'accompagnement au piano.  - Album Mp3 \u00e0 t\u00e9l\u00e9charger en qualit\u00e9 320-kBit ! \u20ac 7,99 Des solistes de haut niveau pr\u00e9sentent un morceau de la quatri\u00e8me dimension, la vie dans la foi : Dorrey Lin Lyles (Weather Girls), David B. Whitley (The Voice of Germany), Lisamay Lesch, R\u00e9gine Nguetseng et Honor\u00e9 Haase enrichissent les merveilleux arrangements de leurs voix uniques et y mettent toute leur passion et leur c\u0153ur.  - Playback Album Mp3 Download \u20ac 19,99 Toutes les chansons de l'\u00e9dition en instrumentation originale. La meilleure qualit\u00e9 sonore pour les r\u00e9p\u00e9titions et les repr\u00e9sentations !  VOUS POUVEZ TROUVER DES CHANSONS INDIVIDUELLES SOUS FORME DE FICHIERS AUDIO OU D'\u00c9DITIONS DE PARTITIONS ICI &gt;&gt;&gt;","og_url":"https:\/\/www.zebemusic.com\/fr\/product\/life-in-4d\/","og_site_name":"ZebeMusic","article_publisher":"https:\/\/www.facebook.com\/zebemusic","article_modified_time":"2025-09-08T08:45:13+00:00","og_image":[{"width":425,"height":556,"url":"https:\/\/www.zebemusic.com\/wp-content\/uploads\/2015\/05\/Titel-5000web.jpg","type":"image\/jpeg"}],"twitter_card":"summary_large_image","schema":{"@context":"https:\/\/schema.org","@graph":[{"@type":"WebPage","@id":"https:\/\/www.zebemusic.com\/fr\/product\/life-in-4d\/","url":"https:\/\/www.zebemusic.com\/fr\/product\/life-in-4d\/","name":"Life in 4D","isPartOf":{"@id":"https:\/\/www.zebemusic.com\/de\/#website"},"primaryImageOfPage":{"@id":"https:\/\/www.zebemusic.com\/fr\/product\/life-in-4d\/#primaryimage"},"image":{"@id":"https:\/\/www.zebemusic.com\/fr\/product\/life-in-4d\/#primaryimage"},"thumbnailUrl":"https:\/\/www.zebemusic.com\/wp-content\/uploads\/2015\/05\/Titel-5000web.jpg","datePublished":"2023-05-26T09:11:14+00:00","dateModified":"2025-09-08T08:45:13+00:00","breadcrumb":{"@id":"https:\/\/www.zebemusic.com\/fr\/product\/life-in-4d\/#breadcrumb"},"inLanguage":"fr-FR","potentialAction":[{"@type":"ReadAction","target":["https:\/\/www.zebemusic.com\/fr\/product\/life-in-4d\/"]}]},{"@type":"ImageObject","inLanguage":"fr-FR","@id":"https:\/\/www.zebemusic.com\/fr\/product\/life-in-4d\/#primaryimage","url":"https:\/\/www.zebemusic.com\/wp-content\/uploads\/2015\/05\/Titel-5000web.jpg","contentUrl":"https:\/\/www.zebemusic.com\/wp-content\/uploads\/2015\/05\/Titel-5000web.jpg","width":425,"height":556},{"@type":"BreadcrumbList","@id":"https:\/\/www.zebemusic.com\/fr\/product\/life-in-4d\/#breadcrumb","itemListElement":[{"@type":"ListItem","position":1,"name":"Shop","item":"https:\/\/www.zebemusic.com\/fr\/shop\/"},{"@type":"ListItem","position":2,"name":"Life in 4D"}]},{"@type":"WebSite","@id":"https:\/\/www.zebemusic.com\/de\/#website","url":"https:\/\/www.zebemusic.com\/de\/","name":"ZebeMusic","description":"vous incite a chanter.","publisher":{"@id":"https:\/\/www.zebemusic.com\/de\/#organization"},"alternateName":"Gospelnoten & Kindermusicals","potentialAction":[{"@type":"SearchAction","target":{"@type":"EntryPoint","urlTemplate":"https:\/\/www.zebemusic.com\/de\/?s={search_term_string}"},"query-input":{"@type":"PropertyValueSpecification","valueRequired":true,"valueName":"search_term_string"}}],"inLanguage":"fr-FR"},{"@type":"Organization","@id":"https:\/\/www.zebemusic.com\/de\/#organization","name":"ZebeMusic","url":"https:\/\/www.zebemusic.com\/de\/","logo":{"@type":"ImageObject","inLanguage":"fr-FR","@id":"https:\/\/www.zebemusic.com\/de\/#\/schema\/logo\/image\/","url":"https:\/\/www.zebemusic.com\/wp-content\/uploads\/2025\/10\/ZEBE-Logo_ZW-makesyousing.jpg","contentUrl":"https:\/\/www.zebemusic.com\/wp-content\/uploads\/2025\/10\/ZEBE-Logo_ZW-makesyousing.jpg","width":2212,"height":958,"caption":"ZebeMusic"},"image":{"@id":"https:\/\/www.zebemusic.com\/de\/#\/schema\/logo\/image\/"},"sameAs":["https:\/\/www.facebook.com\/zebemusic","https:\/\/www.instagram.com\/zebemusic","https:\/\/www.youtube.com\/zebemusicberlin"]}]}},"_links":{"self":[{"href":"https:\/\/www.zebemusic.com\/fr\/wp-json\/wp\/v2\/product\/27878","targetHints":{"allow":["GET"]}}],"collection":[{"href":"https:\/\/www.zebemusic.com\/fr\/wp-json\/wp\/v2\/product"}],"about":[{"href":"https:\/\/www.zebemusic.com\/fr\/wp-json\/wp\/v2\/types\/product"}],"wp:featuredmedia":[{"embeddable":true,"href":"https:\/\/www.zebemusic.com\/fr\/wp-json\/wp\/v2\/media\/27879"}],"wp:attachment":[{"href":"https:\/\/www.zebemusic.com\/fr\/wp-json\/wp\/v2\/media?parent=27878"}],"wp:term":[{"taxonomy":"product_brand","embeddable":true,"href":"https:\/\/www.zebemusic.com\/fr\/wp-json\/wp\/v2\/product_brand?post=27878"},{"taxonomy":"product_cat","embeddable":true,"href":"https:\/\/www.zebemusic.com\/fr\/wp-json\/wp\/v2\/product_cat?post=27878"},{"taxonomy":"product_tag","embeddable":true,"href":"https:\/\/www.zebemusic.com\/fr\/wp-json\/wp\/v2\/product_tag?post=27878"}],"curies":[{"name":"wp","href":"https:\/\/api.w.org\/{rel}","templated":true}]}}