{"id":27916,"date":"2024-01-19T04:41:31","date_gmt":"2024-01-19T03:41:31","guid":{"rendered":"https:\/\/www.zebemusic.com\/product\/songs-of-the-bible-ii-nouveau-telechargements-disponibles\/"},"modified":"2025-09-07T12:14:21","modified_gmt":"2025-09-07T11:14:21","slug":"songs-of-the-bible-ii-nouveau-telechargements-disponibles","status":"publish","type":"product","link":"https:\/\/www.zebemusic.com\/fr\/product\/songs-of-the-bible-ii-nouveau-telechargements-disponibles\/","title":{"rendered":"Songs of the Bible II <br><small><b> NOUVEAU : T\u00e9l\u00e9chargements disponibles !<\/small><\/b>"},"content":{"rendered":"","protected":false},"excerpt":{"rendered":"<p><span class=\"readonlyText multiple\">Vous \u00eates-vous d\u00e9j\u00e0 demand\u00e9 \u00e0 quoi ressemblait la vie de J\u00e9sus quand il \u00e9tait adolescent ? Ou pouvez-vous imaginer qu&#8217;il \u00e9tait votre voisin ? Comment vivait-il et quel \u00e9tait son c\u00f4t\u00e9 totalement humain ?  <\/span><\/p>\n<p><span class=\"readonlyText multiple\">Apr\u00e8s que le pasteur gospel et auteur-compositeur-interpr\u00e8te Joachim Dierks a mis en musique des textes connus tels que les B\u00e9atitudes, le Notre P\u00e8re, le Magnificat ou Tout a son temps, des chansons sur des textes particuliers d&#8217;Angelika Wilkes ont \u00e9t\u00e9 cr\u00e9\u00e9es dans un deuxi\u00e8me volume. Avec originalit\u00e9, la paroli\u00e8re met en sc\u00e8ne des situations fictives et rend ainsi la Bible vivante. Divers styles comme le gospel, le rock&#8217;n&#8217;roll ou la bossa apportent la bonne dose de dynamisme \u00e0 la musique pour ch\u0153ur mixte et solistes \u00e0 volont\u00e9.  <\/span><\/p>\n<p><strong>CONTENU : <\/strong><span class=\"readonlyText multiple\">Am I Still Your Daughter, He is the Core (No\u00ebl), I Wanna Dance With You My Jesus, If I Had Lived Next Door to You, I&#8217;ll Seize My One Single Chance, Is That Really You Jesus (P\u00e2ques), Joshua Fought the Battle of Jericho, Lift Up Your Eyes (Ps.121).), May Almighty God Be With You (B\u00e9n\u00e9diction), Psalm 31 (Into Your Hands I Commit My Spirit), What Did You Do My Lord, When You&#8217;re Sad My Gentle Jesus, You Are My Home, You Were More, You Were My Friend And Still You Are (Adieu)<\/span><\/p>\n<div id=\"1511576928\" class=\"dmNewParagraph u_1511576928\" data-dmtmpl=\"true\" data-element-type=\"paragraph\" data-uialign=\"left\" data-editor-state=\"closed\"><\/div>\n<hr>\n<p><strong><a href=\"https:\/\/www.zebemusic.com\/wp-content\/PP\/PP5052.pdf\" target=\"\u201d_blank\u201d\" rel=\"noopener noreferrer\">Partition d&#8217;essai \u00e0 t\u00e9l\u00e9charger  <\/a><\/strong>&gt;&gt;&gt;<\/p>\n<p>\u00c9chantillon sonore :<\/p>\n[audio mp3=\"https:\/\/www.zebemusic.com\/wp-content\/uploads\/2024\/01\/ZEBE5052.mp3\"][\/audio]\n<p>&nbsp;<\/p>\n<p style=\"text-align: right;\"><strong>SONGS OF THE BIBLE en tourn\u00e9e ! <\/strong><br \/>\n<strong>Ateliers avec l&#8217;auteur et pasteur gospel JOACHIM DIERKS.<\/strong><br \/>\n<a href=\"https:\/\/www.joachimdierks.de\/shop\" target=\"_blank\" rel=\"noopener noreferrer\">Informations et r\u00e9servations d\u00e8s maintenant ici.<\/a><\/p>\n<hr>\n<p><strong><span style=\"color: #717171;\">Auteur : <\/span><\/strong><a href=\"https:\/\/zebemusic.com\/joachim-dierks\">Joachim Dierks<\/a>, <a href=\"https:\/\/songtexte-schreiben-lernen.de\/blog\/2021\/12\/12\/angelika-wilkes-eine-excellentin-mit-ungewoehnlicher-domaene\/\" target=\"_blank\" rel=\"noopener\">Angelika Wilkes<\/a><br \/>\n<strong><span style=\"color: #717171;\">Instrumentation :<\/span><\/strong> S.A.T.B., Solo + accompagnement (symboles d&#8217;accords not\u00e9s)<br \/>\n<strong><span style=\"color: #717171;\">Niveau de difficult\u00e9 :<\/span><\/strong> facile-moyen<\/p>\n<hr>\n<p>&#8211; <strong>Bundle Songbook et CD <\/strong>(au lieu de 26,80) \u20ac 19,90<\/p>\n<p>&#8211; <strong>Songbook<\/strong> (ZE 5052, ISBN <span class=\"readonlyText\">978-3-95423-042-6<\/span>, ensemble vocal avec symboles d&#8217;accords) \u20ac 12,90<br \/>\nPrix \u00e9chelonn\u00e9 \u00e0 partir de 10 pi\u00e8ces : seulement \u20ac 6,90<\/p>\n<p>&#8211;<strong>CD <\/strong>(ZE 1420) \u20ac 12,90<\/p>\n<p>&#8211;<strong>T\u00e9l\u00e9chargement Mp3<\/strong> \u20ac 7,99<\/p>\n<p><strong>&#8211; <a href=\"https:\/\/www.zebemusic.com\/de\/?s=bible&amp;post_type=product&amp;type_aws=true&amp;lang=de\">NOUVEAU : TOUTES LES CHANSONS SONT DISPONIBLES EN T\u00c9L\u00c9CHARGEMENT INDIVIDUEL !<\/a><\/strong><\/p>\n","protected":false},"featured_media":22174,"template":"","meta":{"_acf_changed":false},"product_brand":[],"product_cat":[1127,130,131],"product_tag":[1097,1128,1129,1100],"class_list":{"0":"post-27916","1":"product","2":"type-product","3":"status-publish","4":"has-post-thumbnail","6":"product_cat-weihnachten-fr","7":"product_cat-gospel","8":"product_cat-jazz-fr","9":"product_tag-cd-fr","10":"product_tag-frauenchor-fr","11":"product_tag-gospelnoten-fr","12":"product_tag-gospelgottesdienst-fr","13":"pa_diff-facile","14":"pa_diff-moyen","15":"pa_language-anglais","16":"pa_occ-bapteme-et-temoignage","17":"pa_occ-commencement-et-adieu-benediction","18":"pa_occ-communion-eucharistie","19":"pa_occ-gratitude","20":"pa_occ-histoire-biblique","21":"pa_occ-liturgie-fr","22":"pa_occ-louer","23":"pa_occ-mort-et-enterrement","24":"pa_occ-noel","25":"pa_occ-nouveau-testament","26":"pa_occ-occasions-speciales","27":"pa_occ-pentecote","28":"pa_occ-peur-et-confiance","29":"pa_others-collections-fr","30":"pa_others-downloads-fr","31":"pa_style-genre-ballade-fr","32":"pa_style-genre-blues-fr","33":"pa_style-genre-gospel-fr","34":"pa_style-genre-worship-fr","35":"pa_style-genre-pop-crossover-fr","36":"pa_style-genre-singer-songwriter-fr","37":"pa_variation-bundle-songbook-cd-fr","38":"pa_variation-cd-fr-2","39":"pa_variation-cd-download-fr","40":"pa_variation-staffelpreis-ab-10-fr","41":"pa_variation-songbook-fr","42":"pa_voicing-accompagne","43":"pa_voicing-avec-soliste","44":"pa_voicing-sam-fr","45":"pa_voicing-satb-fr","47":"first","48":"instock","49":"taxable","50":"shipping-taxable","51":"purchasable","52":"product-type-variable"},"acf":[],"yoast_head":"<!-- This site is optimized with the Yoast SEO plugin v27.4 - https:\/\/yoast.com\/product\/yoast-seo-wordpress\/ -->\n<title>Songs of the Bible II  NOUVEAU : T\u00e9l\u00e9chargements disponibles !<\/title>\n<meta name=\"description\" content=\"Le pasteur gospel Joachim Dierks est un musicien et un auteur-compositeur de talent. Vous trouverez ici le meilleur pour les ch\u0153urs, les solistes et l&#039;accompagnement. &gt;&gt;&gt;\" \/>\n<meta name=\"robots\" content=\"index, follow, max-snippet:-1, max-image-preview:large, max-video-preview:-1\" \/>\n<link rel=\"canonical\" href=\"https:\/\/www.zebemusic.com\/fr\/product\/songs-of-the-bible-ii-nouveau-telechargements-disponibles\/\" \/>\n<meta property=\"og:locale\" content=\"fr_FR\" \/>\n<meta property=\"og:type\" content=\"article\" \/>\n<meta property=\"og:title\" content=\"Songs of the Bible II  NOUVEAU : T\u00e9l\u00e9chargements disponibles !\" \/>\n<meta property=\"og:description\" content=\"Le pasteur gospel Joachim Dierks est un musicien et un auteur-compositeur de talent. Vous trouverez ici le meilleur pour les ch\u0153urs, les solistes et l&#039;accompagnement. &gt;&gt;&gt;\" \/>\n<meta property=\"og:url\" content=\"https:\/\/www.zebemusic.com\/fr\/product\/songs-of-the-bible-ii-nouveau-telechargements-disponibles\/\" \/>\n<meta property=\"og:site_name\" content=\"ZebeMusic\" \/>\n<meta property=\"article:publisher\" content=\"https:\/\/www.facebook.com\/zebemusic\" \/>\n<meta property=\"article:modified_time\" content=\"2025-09-07T11:14:21+00:00\" \/>\n<meta property=\"og:image\" content=\"https:\/\/www.zebemusic.com\/wp-content\/uploads\/2024\/02\/ZEBE5052.jpg\" \/>\n\t<meta property=\"og:image:width\" content=\"353\" \/>\n\t<meta property=\"og:image:height\" content=\"500\" \/>\n\t<meta property=\"og:image:type\" content=\"image\/jpeg\" \/>\n<meta name=\"twitter:card\" content=\"summary_large_image\" \/>\n<script type=\"application\/ld+json\" class=\"yoast-schema-graph\">{\"@context\":\"https:\\\/\\\/schema.org\",\"@graph\":[{\"@type\":\"WebPage\",\"@id\":\"https:\\\/\\\/www.zebemusic.com\\\/fr\\\/product\\\/songs-of-the-bible-ii-nouveau-telechargements-disponibles\\\/\",\"url\":\"https:\\\/\\\/www.zebemusic.com\\\/fr\\\/product\\\/songs-of-the-bible-ii-nouveau-telechargements-disponibles\\\/\",\"name\":\"Songs of the Bible II NOUVEAU : T\u00e9l\u00e9chargements disponibles !\",\"isPartOf\":{\"@id\":\"https:\\\/\\\/www.zebemusic.com\\\/de\\\/#website\"},\"primaryImageOfPage\":{\"@id\":\"https:\\\/\\\/www.zebemusic.com\\\/fr\\\/product\\\/songs-of-the-bible-ii-nouveau-telechargements-disponibles\\\/#primaryimage\"},\"image\":{\"@id\":\"https:\\\/\\\/www.zebemusic.com\\\/fr\\\/product\\\/songs-of-the-bible-ii-nouveau-telechargements-disponibles\\\/#primaryimage\"},\"thumbnailUrl\":\"https:\\\/\\\/www.zebemusic.com\\\/wp-content\\\/uploads\\\/2024\\\/02\\\/ZEBE5052.jpg\",\"datePublished\":\"2024-01-19T03:41:31+00:00\",\"dateModified\":\"2025-09-07T11:14:21+00:00\",\"description\":\"Le pasteur gospel Joachim Dierks est un musicien et un auteur-compositeur de talent. Vous trouverez ici le meilleur pour les ch\u0153urs, les solistes et l'accompagnement. >>>\",\"breadcrumb\":{\"@id\":\"https:\\\/\\\/www.zebemusic.com\\\/fr\\\/product\\\/songs-of-the-bible-ii-nouveau-telechargements-disponibles\\\/#breadcrumb\"},\"inLanguage\":\"fr-FR\",\"potentialAction\":[{\"@type\":\"ReadAction\",\"target\":[\"https:\\\/\\\/www.zebemusic.com\\\/fr\\\/product\\\/songs-of-the-bible-ii-nouveau-telechargements-disponibles\\\/\"]}]},{\"@type\":\"ImageObject\",\"inLanguage\":\"fr-FR\",\"@id\":\"https:\\\/\\\/www.zebemusic.com\\\/fr\\\/product\\\/songs-of-the-bible-ii-nouveau-telechargements-disponibles\\\/#primaryimage\",\"url\":\"https:\\\/\\\/www.zebemusic.com\\\/wp-content\\\/uploads\\\/2024\\\/02\\\/ZEBE5052.jpg\",\"contentUrl\":\"https:\\\/\\\/www.zebemusic.com\\\/wp-content\\\/uploads\\\/2024\\\/02\\\/ZEBE5052.jpg\",\"width\":353,\"height\":500,\"caption\":\"ZEBE5052\"},{\"@type\":\"BreadcrumbList\",\"@id\":\"https:\\\/\\\/www.zebemusic.com\\\/fr\\\/product\\\/songs-of-the-bible-ii-nouveau-telechargements-disponibles\\\/#breadcrumb\",\"itemListElement\":[{\"@type\":\"ListItem\",\"position\":1,\"name\":\"Shop\",\"item\":\"https:\\\/\\\/www.zebemusic.com\\\/fr\\\/shop\\\/\"},{\"@type\":\"ListItem\",\"position\":2,\"name\":\"Songs of the Bible II NOUVEAU : T\u00e9l\u00e9chargements disponibles !\"}]},{\"@type\":\"WebSite\",\"@id\":\"https:\\\/\\\/www.zebemusic.com\\\/de\\\/#website\",\"url\":\"https:\\\/\\\/www.zebemusic.com\\\/de\\\/\",\"name\":\"ZebeMusic\",\"description\":\"vous incite a chanter.\",\"publisher\":{\"@id\":\"https:\\\/\\\/www.zebemusic.com\\\/de\\\/#organization\"},\"alternateName\":\"Gospelnoten & Kindermusicals\",\"potentialAction\":[{\"@type\":\"SearchAction\",\"target\":{\"@type\":\"EntryPoint\",\"urlTemplate\":\"https:\\\/\\\/www.zebemusic.com\\\/de\\\/?s={search_term_string}\"},\"query-input\":{\"@type\":\"PropertyValueSpecification\",\"valueRequired\":true,\"valueName\":\"search_term_string\"}}],\"inLanguage\":\"fr-FR\"},{\"@type\":\"Organization\",\"@id\":\"https:\\\/\\\/www.zebemusic.com\\\/de\\\/#organization\",\"name\":\"ZebeMusic\",\"url\":\"https:\\\/\\\/www.zebemusic.com\\\/de\\\/\",\"logo\":{\"@type\":\"ImageObject\",\"inLanguage\":\"fr-FR\",\"@id\":\"https:\\\/\\\/www.zebemusic.com\\\/de\\\/#\\\/schema\\\/logo\\\/image\\\/\",\"url\":\"https:\\\/\\\/www.zebemusic.com\\\/wp-content\\\/uploads\\\/2025\\\/10\\\/ZEBE-Logo_ZW-makesyousing.jpg\",\"contentUrl\":\"https:\\\/\\\/www.zebemusic.com\\\/wp-content\\\/uploads\\\/2025\\\/10\\\/ZEBE-Logo_ZW-makesyousing.jpg\",\"width\":2212,\"height\":958,\"caption\":\"ZebeMusic\"},\"image\":{\"@id\":\"https:\\\/\\\/www.zebemusic.com\\\/de\\\/#\\\/schema\\\/logo\\\/image\\\/\"},\"sameAs\":[\"https:\\\/\\\/www.facebook.com\\\/zebemusic\",\"https:\\\/\\\/www.instagram.com\\\/zebemusic\",\"https:\\\/\\\/www.youtube.com\\\/zebemusicberlin\"]}]}<\/script>\n<!-- \/ Yoast SEO plugin. -->","yoast_head_json":{"title":"Songs of the Bible II  NOUVEAU : T\u00e9l\u00e9chargements disponibles !","description":"Le pasteur gospel Joachim Dierks est un musicien et un auteur-compositeur de talent. Vous trouverez ici le meilleur pour les ch\u0153urs, les solistes et l'accompagnement. >>>","robots":{"index":"index","follow":"follow","max-snippet":"max-snippet:-1","max-image-preview":"max-image-preview:large","max-video-preview":"max-video-preview:-1"},"canonical":"https:\/\/www.zebemusic.com\/fr\/product\/songs-of-the-bible-ii-nouveau-telechargements-disponibles\/","og_locale":"fr_FR","og_type":"article","og_title":"Songs of the Bible II  NOUVEAU : T\u00e9l\u00e9chargements disponibles !","og_description":"Le pasteur gospel Joachim Dierks est un musicien et un auteur-compositeur de talent. Vous trouverez ici le meilleur pour les ch\u0153urs, les solistes et l'accompagnement. >>>","og_url":"https:\/\/www.zebemusic.com\/fr\/product\/songs-of-the-bible-ii-nouveau-telechargements-disponibles\/","og_site_name":"ZebeMusic","article_publisher":"https:\/\/www.facebook.com\/zebemusic","article_modified_time":"2025-09-07T11:14:21+00:00","og_image":[{"width":353,"height":500,"url":"https:\/\/www.zebemusic.com\/wp-content\/uploads\/2024\/02\/ZEBE5052.jpg","type":"image\/jpeg"}],"twitter_card":"summary_large_image","schema":{"@context":"https:\/\/schema.org","@graph":[{"@type":"WebPage","@id":"https:\/\/www.zebemusic.com\/fr\/product\/songs-of-the-bible-ii-nouveau-telechargements-disponibles\/","url":"https:\/\/www.zebemusic.com\/fr\/product\/songs-of-the-bible-ii-nouveau-telechargements-disponibles\/","name":"Songs of the Bible II NOUVEAU : T\u00e9l\u00e9chargements disponibles !","isPartOf":{"@id":"https:\/\/www.zebemusic.com\/de\/#website"},"primaryImageOfPage":{"@id":"https:\/\/www.zebemusic.com\/fr\/product\/songs-of-the-bible-ii-nouveau-telechargements-disponibles\/#primaryimage"},"image":{"@id":"https:\/\/www.zebemusic.com\/fr\/product\/songs-of-the-bible-ii-nouveau-telechargements-disponibles\/#primaryimage"},"thumbnailUrl":"https:\/\/www.zebemusic.com\/wp-content\/uploads\/2024\/02\/ZEBE5052.jpg","datePublished":"2024-01-19T03:41:31+00:00","dateModified":"2025-09-07T11:14:21+00:00","description":"Le pasteur gospel Joachim Dierks est un musicien et un auteur-compositeur de talent. Vous trouverez ici le meilleur pour les ch\u0153urs, les solistes et l'accompagnement. >>>","breadcrumb":{"@id":"https:\/\/www.zebemusic.com\/fr\/product\/songs-of-the-bible-ii-nouveau-telechargements-disponibles\/#breadcrumb"},"inLanguage":"fr-FR","potentialAction":[{"@type":"ReadAction","target":["https:\/\/www.zebemusic.com\/fr\/product\/songs-of-the-bible-ii-nouveau-telechargements-disponibles\/"]}]},{"@type":"ImageObject","inLanguage":"fr-FR","@id":"https:\/\/www.zebemusic.com\/fr\/product\/songs-of-the-bible-ii-nouveau-telechargements-disponibles\/#primaryimage","url":"https:\/\/www.zebemusic.com\/wp-content\/uploads\/2024\/02\/ZEBE5052.jpg","contentUrl":"https:\/\/www.zebemusic.com\/wp-content\/uploads\/2024\/02\/ZEBE5052.jpg","width":353,"height":500,"caption":"ZEBE5052"},{"@type":"BreadcrumbList","@id":"https:\/\/www.zebemusic.com\/fr\/product\/songs-of-the-bible-ii-nouveau-telechargements-disponibles\/#breadcrumb","itemListElement":[{"@type":"ListItem","position":1,"name":"Shop","item":"https:\/\/www.zebemusic.com\/fr\/shop\/"},{"@type":"ListItem","position":2,"name":"Songs of the Bible II NOUVEAU : T\u00e9l\u00e9chargements disponibles !"}]},{"@type":"WebSite","@id":"https:\/\/www.zebemusic.com\/de\/#website","url":"https:\/\/www.zebemusic.com\/de\/","name":"ZebeMusic","description":"vous incite a chanter.","publisher":{"@id":"https:\/\/www.zebemusic.com\/de\/#organization"},"alternateName":"Gospelnoten & Kindermusicals","potentialAction":[{"@type":"SearchAction","target":{"@type":"EntryPoint","urlTemplate":"https:\/\/www.zebemusic.com\/de\/?s={search_term_string}"},"query-input":{"@type":"PropertyValueSpecification","valueRequired":true,"valueName":"search_term_string"}}],"inLanguage":"fr-FR"},{"@type":"Organization","@id":"https:\/\/www.zebemusic.com\/de\/#organization","name":"ZebeMusic","url":"https:\/\/www.zebemusic.com\/de\/","logo":{"@type":"ImageObject","inLanguage":"fr-FR","@id":"https:\/\/www.zebemusic.com\/de\/#\/schema\/logo\/image\/","url":"https:\/\/www.zebemusic.com\/wp-content\/uploads\/2025\/10\/ZEBE-Logo_ZW-makesyousing.jpg","contentUrl":"https:\/\/www.zebemusic.com\/wp-content\/uploads\/2025\/10\/ZEBE-Logo_ZW-makesyousing.jpg","width":2212,"height":958,"caption":"ZebeMusic"},"image":{"@id":"https:\/\/www.zebemusic.com\/de\/#\/schema\/logo\/image\/"},"sameAs":["https:\/\/www.facebook.com\/zebemusic","https:\/\/www.instagram.com\/zebemusic","https:\/\/www.youtube.com\/zebemusicberlin"]}]}},"_links":{"self":[{"href":"https:\/\/www.zebemusic.com\/fr\/wp-json\/wp\/v2\/product\/27916","targetHints":{"allow":["GET"]}}],"collection":[{"href":"https:\/\/www.zebemusic.com\/fr\/wp-json\/wp\/v2\/product"}],"about":[{"href":"https:\/\/www.zebemusic.com\/fr\/wp-json\/wp\/v2\/types\/product"}],"wp:featuredmedia":[{"embeddable":true,"href":"https:\/\/www.zebemusic.com\/fr\/wp-json\/wp\/v2\/media\/22174"}],"wp:attachment":[{"href":"https:\/\/www.zebemusic.com\/fr\/wp-json\/wp\/v2\/media?parent=27916"}],"wp:term":[{"taxonomy":"product_brand","embeddable":true,"href":"https:\/\/www.zebemusic.com\/fr\/wp-json\/wp\/v2\/product_brand?post=27916"},{"taxonomy":"product_cat","embeddable":true,"href":"https:\/\/www.zebemusic.com\/fr\/wp-json\/wp\/v2\/product_cat?post=27916"},{"taxonomy":"product_tag","embeddable":true,"href":"https:\/\/www.zebemusic.com\/fr\/wp-json\/wp\/v2\/product_tag?post=27916"}],"curies":[{"name":"wp","href":"https:\/\/api.w.org\/{rel}","templated":true}]}}