{"id":27924,"date":"2017-08-30T10:10:25","date_gmt":"2017-08-30T08:10:25","guid":{"rendered":"https:\/\/www.zebemusic.com\/product\/songs-of-the-bible-i-nouveau-telechargements-disponibles\/"},"modified":"2025-09-07T12:17:27","modified_gmt":"2025-09-07T11:17:27","slug":"songs-of-the-bible-i-nouveau-telechargements-disponibles","status":"publish","type":"product","link":"https:\/\/www.zebemusic.com\/fr\/product\/songs-of-the-bible-i-nouveau-telechargements-disponibles\/","title":{"rendered":"Songs of the Bible I <br><small><b> NOUVEAU : T\u00e9l\u00e9chargements disponibles !<\/small><\/b>"},"content":{"rendered":"","protected":false},"excerpt":{"rendered":"<div id=\"1511576928\" class=\"dmNewParagraph u_1511576928\" data-dmtmpl=\"true\" data-element-type=\"paragraph\" data-uialign=\"left\" data-editor-state=\"closed\">Lorsque le pasteur gospel Joachim Dierks invite \u00e0 des \u00e9v\u00e9nements gospel et des services religieux dans son \u00e9glise, les gens viennent de pr\u00e8s et de loin pour \u00eatre \u00e9mus et contamin\u00e9s par sa musique. Ses chansons marquent la vie de l&#8217;\u00e9glise. Elles parlent directement des gens, de leur rencontre avec le Christ et font ainsi vivre le message de la Bible d&#8217;une mani\u00e8re particuli\u00e8re.  <\/div>\n<p>Cette \u00e9dition concentre le meilleur de ces rencontres musicales et spirituelles. En 11 chansons pour ch\u0153ur mixte, des contenus bibliques choisis, tels que les B\u00e9atitudes, le Magnificat, &#8220;Il y a un temps pour tout&#8221; ou le Notre P\u00e8re, sont racont\u00e9s. Des cultes et des concerts vivants, touchants et durables en sont le r\u00e9sultat. En annexe, chaque chanson est bri\u00e8vement comment\u00e9e et la r\u00e9f\u00e9rence biblique est indiqu\u00e9e.   <\/p>\n<p id=\"pressename\"><span style=\"color: #993300;\"><strong><em>&#8220;Nous avons toujours eu en vue le chant en relation avec la communaut\u00e9. Le fait que simple ne signifie pas toujours plat est ici tr\u00e8s bien ressenti&#8230; Ce songbook va trouver beaucoup d&#8217;amis&#8221;.<\/em><\/strong><\/span> (Musique + Message)<\/p>\n<p><strong>CONTENU : <\/strong>Be Strong, Blessed Are (B\u00e9atitudes), Children of God (Baptism Song), Don&#8217;t Worry, Go Tell It on the Mountain, God Made It Right, Lift Him Up, The Lord&#8217;s Prayer (Le Notre P\u00e8re), My Soul Magnifies the Lord (Magnificat &#8211; Mary&#8217;s Song), Wade in the Water, Ye Righteous in the Lord Rejoice (Psaume 33)<\/p>\n<div id=\"1511576928\" class=\"dmNewParagraph u_1511576928\" data-dmtmpl=\"true\" data-element-type=\"paragraph\" data-uialign=\"left\" data-editor-state=\"closed\"><\/div>\n<hr>\n<p><strong><a href=\"\/wp-content\/PP\/PP5051.pdf\" target=\"\u201d_blank\u201d\" rel=\"noopener noreferrer\">Partition d&#8217;essai \u00e0 t\u00e9l\u00e9charger  <\/a><\/strong>&gt;&gt;&gt;<\/p>\n<p>\u00c9chantillon sonore :<\/p>\n[audio mp3=\"http:\/\/www.zebemusic.com\/wp-content\/uploads\/2019\/03\/ZEBE5051.mp3\"][\/audio]\n<p>&nbsp;<\/p>\n<p><iframe loading=\"lazy\" src=\"https:\/\/www.youtube.com\/embed\/IyH40Ofve-M?start=48\" width=\"350\" height=\"200\" frameborder=\"0\" allowfullscreen=\"allowfullscreen\"><\/iframe><\/p>\n<p><strong>SONGS OF THE BIBLE en tourn\u00e9e !  <\/strong><br \/>\n<strong>Ateliers avec l&#8217;auteur et pasteur gospel JOACHIM DIERKS.<\/strong><br \/>\n<a href=\"https:\/\/www.joachimdierks.de\/shop\" target=\"_blank\" rel=\"noopener noreferrer\">Informations et r\u00e9servations d\u00e8s maintenant ici.<\/a><br \/>\n<strong><span style=\"color: #717171;\"><br \/>\nAuteur :<\/span><\/strong> <a href=\"https:\/\/zebemusic.com\/joachim-dierks\" target=\"_blank\" rel=\"noopener noreferrer\">Joachim Dierks<\/a><br \/>\n<strong><span style=\"color: #717171;\">Instrumentation :<\/span><\/strong> S.A.T.B., Solo + accompagnement (symboles d&#8217;accords not\u00e9s)<br \/>\n<strong><span style=\"color: #717171;\">Niveau de difficult\u00e9 :<\/span><\/strong> facile-moyen<\/p>\n<hr>\n<p>&#8211; <strong>Bundle Songbook et CD <\/strong>(au lieu de 26,80) \u20ac 19,90<\/p>\n<p>&#8211; <strong>Songbook<\/strong> (ZE 5051, 978-3-95423-018-1, ensemble vocal avec symboles d&#8217;accords) \u20ac 12,90<br \/>\nPrix \u00e9chelonn\u00e9 \u00e0 partir de 10 pi\u00e8ces : seulement \u20ac 6,90<\/p>\n<p>&#8211;<strong>CD <\/strong>feat. Joachim Dierks (Piano, E-Piano, Slide Guitars, Acoustic-Guitar, Hammond B3), Markus Mayer (Electric Guitar), Elkmar Winter (Bass, Acoustic Bass), Gunnar Hoppe (Drums, Percussion), Jan Meyer, Silke Soffareny, Martina Erdenberger, Tobias Seiler, Sebastian Mannstein, Kelit Crisanto, Claudia Harder, Julia Spanier, Helmut Bender, Sophia Marie Heering, Romy Blume, Tine Hamburger &#8211; Sister T. (voix) \u20ac 12,90 <\/p>\n<p>&#8211; <strong>T\u00e9l\u00e9chargement Mp3<\/strong> ici et tout de suite ! seulement \u20ac 7,99<\/p>\n<p><strong>&#8211;  <a href=\"https:\/\/www.zebemusic.com\/de\/?s=bible&amp;post_type=product&amp;type_aws=true&amp;lang=de\">NOUVEAU ! TOUTES LES CHANSONS SONT DISPONIBLES EN T\u00c9L\u00c9CHARGEMENT INDIVIDUEL ! <\/a><\/strong><\/p>\n<p>Veuillez s\u00e9lectionner ici :<\/p>\n","protected":false},"featured_media":17981,"template":"","meta":{"_acf_changed":false},"product_brand":[],"product_cat":[1127,130,131],"product_tag":[1097,1128,1129,1100],"class_list":{"0":"post-27924","1":"product","2":"type-product","3":"status-publish","4":"has-post-thumbnail","6":"product_cat-weihnachten-fr","7":"product_cat-gospel","8":"product_cat-jazz-fr","9":"product_tag-cd-fr","10":"product_tag-frauenchor-fr","11":"product_tag-gospelnoten-fr","12":"product_tag-gospelgottesdienst-fr","13":"pa_diff-facile","14":"pa_diff-moyen","15":"pa_language-anglais","16":"pa_occ-advent-fr","17":"pa_occ-bapteme-et-temoignage","18":"pa_occ-communion-eucharistie","19":"pa_occ-gratitude","20":"pa_occ-histoire-biblique","21":"pa_occ-liturgie-fr","22":"pa_occ-louer","23":"pa_occ-nouveau-testament","24":"pa_occ-occasions-speciales","25":"pa_occ-pentecote","26":"pa_occ-peur-et-confiance","27":"pa_others-collections-fr","28":"pa_others-editions-uniques","29":"pa_others-downloads-fr","30":"pa_style-genre-ballade-fr","31":"pa_style-genre-blues-fr","32":"pa_style-genre-gospel-fr","33":"pa_style-genre-jazz-fr","34":"pa_style-genre-latin-fr","35":"pa_style-genre-singer-songwriter-fr","36":"pa_style-genre-traditional-gospel-style-fr","37":"pa_variation-bundle-songbook-cd-fr","38":"pa_variation-cd-fr-2","39":"pa_variation-cd-download-fr","40":"pa_variation-staffelpreis-ab-10-fr","41":"pa_variation-songbook-fr","42":"pa_voicing-accompagne","43":"pa_voicing-avec-soliste","44":"pa_voicing-choeur-de-femmes","45":"pa_voicing-sa-fr","46":"pa_voicing-sam-fr","47":"pa_voicing-satb-fr","48":"pa_voicing-ssa-fr","50":"first","51":"instock","52":"taxable","53":"shipping-taxable","54":"purchasable","55":"product-type-variable"},"acf":[],"yoast_head":"<!-- This site is optimized with the Yoast SEO plugin v27.5 - https:\/\/yoast.com\/product\/yoast-seo-wordpress\/ -->\n<title>Songs of the Bible I  NOUVEAU : T\u00e9l\u00e9chargements disponibles !<\/title>\n<meta name=\"description\" content=\"Le pasteur gospel Joachim Dierks est un musicien et un auteur-compositeur de talent. Vous trouverez ici le meilleur de sa plume pour ch\u0153ur, solistes et accompagnement. &gt;&gt;&gt;\" \/>\n<meta name=\"robots\" content=\"index, follow, max-snippet:-1, max-image-preview:large, max-video-preview:-1\" \/>\n<link rel=\"canonical\" href=\"https:\/\/www.zebemusic.com\/fr\/product\/songs-of-the-bible-i-nouveau-telechargements-disponibles\/\" \/>\n<meta property=\"og:locale\" content=\"fr_FR\" \/>\n<meta property=\"og:type\" content=\"article\" \/>\n<meta property=\"og:title\" content=\"Songs of the Bible I  NOUVEAU : T\u00e9l\u00e9chargements disponibles !\" \/>\n<meta property=\"og:description\" content=\"Le pasteur gospel Joachim Dierks est un musicien et un auteur-compositeur de talent. Vous trouverez ici le meilleur de sa plume pour ch\u0153ur, solistes et accompagnement. &gt;&gt;&gt;\" \/>\n<meta property=\"og:url\" content=\"https:\/\/www.zebemusic.com\/fr\/product\/songs-of-the-bible-i-nouveau-telechargements-disponibles\/\" \/>\n<meta property=\"og:site_name\" content=\"ZebeMusic\" \/>\n<meta property=\"article:publisher\" content=\"https:\/\/www.facebook.com\/zebemusic\" \/>\n<meta property=\"article:modified_time\" content=\"2025-09-07T11:17:27+00:00\" \/>\n<meta property=\"og:image\" content=\"https:\/\/www.zebemusic.com\/wp-content\/uploads\/2017\/08\/ZEBE5051.jpg\" \/>\n\t<meta property=\"og:image:width\" content=\"353\" \/>\n\t<meta property=\"og:image:height\" content=\"500\" \/>\n\t<meta property=\"og:image:type\" content=\"image\/jpeg\" \/>\n<meta name=\"twitter:card\" content=\"summary_large_image\" \/>\n<script type=\"application\/ld+json\" class=\"yoast-schema-graph\">{\"@context\":\"https:\\\/\\\/schema.org\",\"@graph\":[{\"@type\":\"WebPage\",\"@id\":\"https:\\\/\\\/www.zebemusic.com\\\/fr\\\/product\\\/songs-of-the-bible-i-nouveau-telechargements-disponibles\\\/\",\"url\":\"https:\\\/\\\/www.zebemusic.com\\\/fr\\\/product\\\/songs-of-the-bible-i-nouveau-telechargements-disponibles\\\/\",\"name\":\"Songs of the Bible I NOUVEAU : T\u00e9l\u00e9chargements disponibles !\",\"isPartOf\":{\"@id\":\"https:\\\/\\\/www.zebemusic.com\\\/de\\\/#website\"},\"primaryImageOfPage\":{\"@id\":\"https:\\\/\\\/www.zebemusic.com\\\/fr\\\/product\\\/songs-of-the-bible-i-nouveau-telechargements-disponibles\\\/#primaryimage\"},\"image\":{\"@id\":\"https:\\\/\\\/www.zebemusic.com\\\/fr\\\/product\\\/songs-of-the-bible-i-nouveau-telechargements-disponibles\\\/#primaryimage\"},\"thumbnailUrl\":\"https:\\\/\\\/www.zebemusic.com\\\/wp-content\\\/uploads\\\/2017\\\/08\\\/ZEBE5051.jpg\",\"datePublished\":\"2017-08-30T08:10:25+00:00\",\"dateModified\":\"2025-09-07T11:17:27+00:00\",\"description\":\"Le pasteur gospel Joachim Dierks est un musicien et un auteur-compositeur de talent. Vous trouverez ici le meilleur de sa plume pour ch\u0153ur, solistes et accompagnement. >>>\",\"breadcrumb\":{\"@id\":\"https:\\\/\\\/www.zebemusic.com\\\/fr\\\/product\\\/songs-of-the-bible-i-nouveau-telechargements-disponibles\\\/#breadcrumb\"},\"inLanguage\":\"fr-FR\",\"potentialAction\":[{\"@type\":\"ReadAction\",\"target\":[\"https:\\\/\\\/www.zebemusic.com\\\/fr\\\/product\\\/songs-of-the-bible-i-nouveau-telechargements-disponibles\\\/\"]}]},{\"@type\":\"ImageObject\",\"inLanguage\":\"fr-FR\",\"@id\":\"https:\\\/\\\/www.zebemusic.com\\\/fr\\\/product\\\/songs-of-the-bible-i-nouveau-telechargements-disponibles\\\/#primaryimage\",\"url\":\"https:\\\/\\\/www.zebemusic.com\\\/wp-content\\\/uploads\\\/2017\\\/08\\\/ZEBE5051.jpg\",\"contentUrl\":\"https:\\\/\\\/www.zebemusic.com\\\/wp-content\\\/uploads\\\/2017\\\/08\\\/ZEBE5051.jpg\",\"width\":353,\"height\":500},{\"@type\":\"BreadcrumbList\",\"@id\":\"https:\\\/\\\/www.zebemusic.com\\\/fr\\\/product\\\/songs-of-the-bible-i-nouveau-telechargements-disponibles\\\/#breadcrumb\",\"itemListElement\":[{\"@type\":\"ListItem\",\"position\":1,\"name\":\"Shop\",\"item\":\"https:\\\/\\\/www.zebemusic.com\\\/fr\\\/shop\\\/\"},{\"@type\":\"ListItem\",\"position\":2,\"name\":\"Songs of the Bible I NOUVEAU : T\u00e9l\u00e9chargements disponibles !\"}]},{\"@type\":\"WebSite\",\"@id\":\"https:\\\/\\\/www.zebemusic.com\\\/de\\\/#website\",\"url\":\"https:\\\/\\\/www.zebemusic.com\\\/de\\\/\",\"name\":\"ZebeMusic\",\"description\":\"vous incite a chanter.\",\"publisher\":{\"@id\":\"https:\\\/\\\/www.zebemusic.com\\\/de\\\/#organization\"},\"alternateName\":\"Gospelnoten & Kindermusicals\",\"potentialAction\":[{\"@type\":\"SearchAction\",\"target\":{\"@type\":\"EntryPoint\",\"urlTemplate\":\"https:\\\/\\\/www.zebemusic.com\\\/de\\\/?s={search_term_string}\"},\"query-input\":{\"@type\":\"PropertyValueSpecification\",\"valueRequired\":true,\"valueName\":\"search_term_string\"}}],\"inLanguage\":\"fr-FR\"},{\"@type\":\"Organization\",\"@id\":\"https:\\\/\\\/www.zebemusic.com\\\/de\\\/#organization\",\"name\":\"ZebeMusic\",\"url\":\"https:\\\/\\\/www.zebemusic.com\\\/de\\\/\",\"logo\":{\"@type\":\"ImageObject\",\"inLanguage\":\"fr-FR\",\"@id\":\"https:\\\/\\\/www.zebemusic.com\\\/de\\\/#\\\/schema\\\/logo\\\/image\\\/\",\"url\":\"https:\\\/\\\/www.zebemusic.com\\\/wp-content\\\/uploads\\\/2025\\\/10\\\/ZEBE-Logo_ZW-makesyousing.jpg\",\"contentUrl\":\"https:\\\/\\\/www.zebemusic.com\\\/wp-content\\\/uploads\\\/2025\\\/10\\\/ZEBE-Logo_ZW-makesyousing.jpg\",\"width\":2212,\"height\":958,\"caption\":\"ZebeMusic\"},\"image\":{\"@id\":\"https:\\\/\\\/www.zebemusic.com\\\/de\\\/#\\\/schema\\\/logo\\\/image\\\/\"},\"sameAs\":[\"https:\\\/\\\/www.facebook.com\\\/zebemusic\",\"https:\\\/\\\/www.instagram.com\\\/zebemusic\",\"https:\\\/\\\/www.youtube.com\\\/zebemusicberlin\"]}]}<\/script>\n<!-- \/ Yoast SEO plugin. -->","yoast_head_json":{"title":"Songs of the Bible I  NOUVEAU : T\u00e9l\u00e9chargements disponibles !","description":"Le pasteur gospel Joachim Dierks est un musicien et un auteur-compositeur de talent. Vous trouverez ici le meilleur de sa plume pour ch\u0153ur, solistes et accompagnement. >>>","robots":{"index":"index","follow":"follow","max-snippet":"max-snippet:-1","max-image-preview":"max-image-preview:large","max-video-preview":"max-video-preview:-1"},"canonical":"https:\/\/www.zebemusic.com\/fr\/product\/songs-of-the-bible-i-nouveau-telechargements-disponibles\/","og_locale":"fr_FR","og_type":"article","og_title":"Songs of the Bible I  NOUVEAU : T\u00e9l\u00e9chargements disponibles !","og_description":"Le pasteur gospel Joachim Dierks est un musicien et un auteur-compositeur de talent. Vous trouverez ici le meilleur de sa plume pour ch\u0153ur, solistes et accompagnement. >>>","og_url":"https:\/\/www.zebemusic.com\/fr\/product\/songs-of-the-bible-i-nouveau-telechargements-disponibles\/","og_site_name":"ZebeMusic","article_publisher":"https:\/\/www.facebook.com\/zebemusic","article_modified_time":"2025-09-07T11:17:27+00:00","og_image":[{"width":353,"height":500,"url":"https:\/\/www.zebemusic.com\/wp-content\/uploads\/2017\/08\/ZEBE5051.jpg","type":"image\/jpeg"}],"twitter_card":"summary_large_image","schema":{"@context":"https:\/\/schema.org","@graph":[{"@type":"WebPage","@id":"https:\/\/www.zebemusic.com\/fr\/product\/songs-of-the-bible-i-nouveau-telechargements-disponibles\/","url":"https:\/\/www.zebemusic.com\/fr\/product\/songs-of-the-bible-i-nouveau-telechargements-disponibles\/","name":"Songs of the Bible I NOUVEAU : T\u00e9l\u00e9chargements disponibles !","isPartOf":{"@id":"https:\/\/www.zebemusic.com\/de\/#website"},"primaryImageOfPage":{"@id":"https:\/\/www.zebemusic.com\/fr\/product\/songs-of-the-bible-i-nouveau-telechargements-disponibles\/#primaryimage"},"image":{"@id":"https:\/\/www.zebemusic.com\/fr\/product\/songs-of-the-bible-i-nouveau-telechargements-disponibles\/#primaryimage"},"thumbnailUrl":"https:\/\/www.zebemusic.com\/wp-content\/uploads\/2017\/08\/ZEBE5051.jpg","datePublished":"2017-08-30T08:10:25+00:00","dateModified":"2025-09-07T11:17:27+00:00","description":"Le pasteur gospel Joachim Dierks est un musicien et un auteur-compositeur de talent. Vous trouverez ici le meilleur de sa plume pour ch\u0153ur, solistes et accompagnement. >>>","breadcrumb":{"@id":"https:\/\/www.zebemusic.com\/fr\/product\/songs-of-the-bible-i-nouveau-telechargements-disponibles\/#breadcrumb"},"inLanguage":"fr-FR","potentialAction":[{"@type":"ReadAction","target":["https:\/\/www.zebemusic.com\/fr\/product\/songs-of-the-bible-i-nouveau-telechargements-disponibles\/"]}]},{"@type":"ImageObject","inLanguage":"fr-FR","@id":"https:\/\/www.zebemusic.com\/fr\/product\/songs-of-the-bible-i-nouveau-telechargements-disponibles\/#primaryimage","url":"https:\/\/www.zebemusic.com\/wp-content\/uploads\/2017\/08\/ZEBE5051.jpg","contentUrl":"https:\/\/www.zebemusic.com\/wp-content\/uploads\/2017\/08\/ZEBE5051.jpg","width":353,"height":500},{"@type":"BreadcrumbList","@id":"https:\/\/www.zebemusic.com\/fr\/product\/songs-of-the-bible-i-nouveau-telechargements-disponibles\/#breadcrumb","itemListElement":[{"@type":"ListItem","position":1,"name":"Shop","item":"https:\/\/www.zebemusic.com\/fr\/shop\/"},{"@type":"ListItem","position":2,"name":"Songs of the Bible I NOUVEAU : T\u00e9l\u00e9chargements disponibles !"}]},{"@type":"WebSite","@id":"https:\/\/www.zebemusic.com\/de\/#website","url":"https:\/\/www.zebemusic.com\/de\/","name":"ZebeMusic","description":"vous incite a chanter.","publisher":{"@id":"https:\/\/www.zebemusic.com\/de\/#organization"},"alternateName":"Gospelnoten & Kindermusicals","potentialAction":[{"@type":"SearchAction","target":{"@type":"EntryPoint","urlTemplate":"https:\/\/www.zebemusic.com\/de\/?s={search_term_string}"},"query-input":{"@type":"PropertyValueSpecification","valueRequired":true,"valueName":"search_term_string"}}],"inLanguage":"fr-FR"},{"@type":"Organization","@id":"https:\/\/www.zebemusic.com\/de\/#organization","name":"ZebeMusic","url":"https:\/\/www.zebemusic.com\/de\/","logo":{"@type":"ImageObject","inLanguage":"fr-FR","@id":"https:\/\/www.zebemusic.com\/de\/#\/schema\/logo\/image\/","url":"https:\/\/www.zebemusic.com\/wp-content\/uploads\/2025\/10\/ZEBE-Logo_ZW-makesyousing.jpg","contentUrl":"https:\/\/www.zebemusic.com\/wp-content\/uploads\/2025\/10\/ZEBE-Logo_ZW-makesyousing.jpg","width":2212,"height":958,"caption":"ZebeMusic"},"image":{"@id":"https:\/\/www.zebemusic.com\/de\/#\/schema\/logo\/image\/"},"sameAs":["https:\/\/www.facebook.com\/zebemusic","https:\/\/www.instagram.com\/zebemusic","https:\/\/www.youtube.com\/zebemusicberlin"]}]}},"_links":{"self":[{"href":"https:\/\/www.zebemusic.com\/fr\/wp-json\/wp\/v2\/product\/27924","targetHints":{"allow":["GET"]}}],"collection":[{"href":"https:\/\/www.zebemusic.com\/fr\/wp-json\/wp\/v2\/product"}],"about":[{"href":"https:\/\/www.zebemusic.com\/fr\/wp-json\/wp\/v2\/types\/product"}],"wp:featuredmedia":[{"embeddable":true,"href":"https:\/\/www.zebemusic.com\/fr\/wp-json\/wp\/v2\/media\/17981"}],"wp:attachment":[{"href":"https:\/\/www.zebemusic.com\/fr\/wp-json\/wp\/v2\/media?parent=27924"}],"wp:term":[{"taxonomy":"product_brand","embeddable":true,"href":"https:\/\/www.zebemusic.com\/fr\/wp-json\/wp\/v2\/product_brand?post=27924"},{"taxonomy":"product_cat","embeddable":true,"href":"https:\/\/www.zebemusic.com\/fr\/wp-json\/wp\/v2\/product_cat?post=27924"},{"taxonomy":"product_tag","embeddable":true,"href":"https:\/\/www.zebemusic.com\/fr\/wp-json\/wp\/v2\/product_tag?post=27924"}],"curies":[{"name":"wp","href":"https:\/\/api.w.org\/{rel}","templated":true}]}}