{"id":27938,"date":"2015-01-21T12:21:09","date_gmt":"2015-01-21T10:21:09","guid":{"rendered":"https:\/\/www.zebemusic.com\/product\/glory-to-god-le-gospel-liturgique\/"},"modified":"2025-09-08T08:20:38","modified_gmt":"2025-09-08T07:20:38","slug":"glory-to-god-le-gospel-liturgique","status":"publish","type":"product","link":"https:\/\/www.zebemusic.com\/fr\/product\/glory-to-god-le-gospel-liturgique\/","title":{"rendered":"Glory to God! &#8211; Le gospel liturgique."},"content":{"rendered":"","protected":false},"excerpt":{"rendered":"<p style=\"text-align: left;\">La nouvelle collection compl\u00e8te de mat\u00e9riel pour les services de musique gospel impliquant \u00e0 la fois le ch\u0153ur et l&#8217;assembl\u00e9e.<\/p>\n<p>De nombreux compositeurs, arrangeurs et chefs de ch\u0153ur ont fourni des \u00e9l\u00e9ments nouveaux et \u00e9prouv\u00e9s du contexte liturgique pour cette \u00e9dition. De &#8220;Kyrie&#8221; \u00e0 &#8220;Amen&#8221;, on y trouve des lignes de psaumes et de petits canons, ainsi que des all\u00e9luias et des mises en musique de pri\u00e8res ; compatibles avec la communaut\u00e9, \u00e9prouv\u00e9es dans la pratique et musicalement raffin\u00e9es. <\/p>\n<p>&nbsp;<\/p>\n<p style=\"padding-left: 70px;\"><strong><em><span style=\"color: #993300;\">&#8220;Le gospel et l&#8217;animation musicale traditionnelle d&#8217;un service religieux se rapprochent gr\u00e2ce \u00e0 cette publication. De nombreux compositeurs ont contribu\u00e9 \u00e0 une \u0153uvre novatrice. Il s&#8217;agit d&#8217;une \u00e9dition tr\u00e8s r\u00e9ussie, utilisable \u00e0 tous les moments de l&#8217;ann\u00e9e liturgique et pour des occasions sp\u00e9ciales, qui offre de nouvelles exp\u00e9riences d&#8217;\u00e9coute&#8221;. <\/span><\/em><\/strong><span style=\"color: #808080;\"> (Revue musicale suisse)<strong><br \/>\n<\/strong><\/span><\/p>\n<p style=\"padding-left: 70px;\"><strong><em><span style=\"color: #993300;\">&#8220;Possibilit\u00e9 d&#8217;animer le culte avec de nouvelles impulsions musicales, les chansons qu&#8217;il contient peuvent \u00eatre chant\u00e9es par n&#8217;importe quel ch\u0153ur ou paroisse&#8230;&#8221;<\/span> <\/em><\/strong>(Chorzeit)<\/p>\n<p style=\"padding-left: 70px;\"><strong><em><span style=\"color: #993300;\">&#8220;Un bon recueil qui pourrait devenir un ouvrage de r\u00e9f\u00e9rence sur le chant liturgique dans les cultes influenc\u00e9s par le gospel&#8221;. <\/span><\/em><\/strong>(Musique &amp; \u00c9glise)<\/p>\n<p style=\"padding-left: 70px;\"><strong><em><span style=\"color: #993300;\">&#8220;<\/span><strong><em><span style=\"color: #993300;\">Relie les genres et les g\u00e9n\u00e9rations.<em><strong>&#8220;<\/strong><\/em> <\/span><\/em><\/strong><\/em><\/strong> (gospelradio.de)<\/p>\n<p><span style=\"color: #993300;\"><a style=\"color: #993300;\" href=\"\/wp-content\/PP\/Pressespiegel3083.pdf\" target=\"_blank\" rel=\"noopener noreferrer\">Revue de presse avec les critiques compl\u00e8tes  &gt;&gt;&gt;<\/a><\/span><\/p>\n<hr>\n<p><strong>Auteurs :<\/strong><br \/>\nKlaus-Hermann Ansch\u00fctz, Johannes Blomenkamp, Timo B\u00f6cking, Joachim Dierks, Christiane Etzold, Hans-J\u00f6rg Fiehl, Jeff Guillen, Peter Hamburger, Florian Hanssen, Helmut Jost, Sarah Kaiser, Micha Keding, Graham Kendrik, Markus Martitz, Johannes M. Michel, Christina M\u00fcller, Matthias Nagel, Steve Ogedegbe, Gary Oliver, Reinhard Pikora, Wolfgang Richter, Niko Schlenker, Gerhard Schnitter, Christoph Sch\u00f6psdau, Maren Seyboldt, Njeri Weth, Ruthild Wilson, Thomas Wirtz, Friedemann Wutzler, Stephan Zebe.<br \/>\nDans l&#8217;<em>\u00e9dition bavaroise<\/em>, en plus Eric Bond, Jutta Hager, Michael Martin, Jan Meyer, Bastian Pusch, Peter Schumann, Peer Mickeluhn, Ilona Schmitz-Jeromin et Susanne Kayser.<\/p>\n<hr>\n<p><strong><span style=\"color: #717171;\">\u00c9diteurs : <\/span><\/strong><a href=\"\/stephan-zebe\"> Stephan Zebe<\/a>, <a href=\"http:\/\/michael-martin\">Michael Martin<\/a><br \/>\n<strong><span style=\"color: #717171;\">Instrumentation :<\/span><\/strong> variable (m\u00e9lodie avec accompagnement \/ a cappella \/ S.A.T.B. avec accompagnement)<br \/>\n<strong><span style=\"color: #717171;\">Niveau de difficult\u00e9 :<\/span><\/strong> facile-moyen<\/p>\n<p><span style=\"color: #ff6600;\"><strong><a style=\"color: #ff6600;\" href=\"\/wp-content\/PP\/PP3083.pdf\" target=\"_blank\" rel=\"noopener noreferrer\">PROBEPARTITURE et table des mati\u00e8res<\/a> <\/strong><\/span>&gt;&gt;&gt;<\/p>\n<p><a href=\"http:\/\/www.zebemusic.com\/audio\/ZEBE3083.mp3\" target=\"_blank\" rel=\"noopener noreferrer\">\u00c9chantillon sonore<\/a>:<strong><br \/>\n<\/strong><\/p>\n[audio mp3=\"https:\/\/www.zebemusic.com\/wp-content\/uploads\/2024\/02\/ZEBE3083.mp3\"][\/audio]\n<p><strong> <\/strong><\/p>\n<p><strong><a href=\"https:\/\/youtu.be\/iavshW3QM0Q?list=PLwH8QpVL7NG7GDuammaR-0cMk8QLQ2y5E\">Liste de lecture sur YouTube<\/a>:  <\/strong><\/p>\n<p style=\"text-align: center;\"><iframe loading=\"lazy\" src=\"https:\/\/www.youtube.com\/embed\/videoseries?list=PLwH8QpVL7NG7GDuammaR-0cMk8QLQ2y5E&amp;ecver=2\" width=\"300\" height=\"200\" frameborder=\"0\" allowfullscreen=\"allowfullscreen\"><\/iframe><\/p>\n<p>&nbsp;<\/p>\n<hr>\n<p><strong>Versions disponibles :<\/strong><\/p>\n<p>&#8211; <strong><strong>Partition <\/strong><\/strong> (ZE 3083, ISBN 978-3-940745-92-7, grand format, reliure \u00e0 anneaux, 164 pages) \u20ac 19,90<strong><br \/>\n<\/strong>Cette \u00e9dition contient les partitions pour ch\u0153ur, assembl\u00e9e, solistes et piano. Pour les autres instruments d&#8217;accompagnement ou solistes, des symboles d&#8217;accords sont not\u00e9s. <\/p>\n<p>&#8211; <strong><strong>Edition chant\u00e9e <\/strong><\/strong> (ZE 3084, ISBN 978-3-95423-000-6, A5, reli\u00e9, 160 pages) \u20ac 11,90<strong><br \/>\n<\/strong>\u00c9dition compacte, reli\u00e9e et abordable pour le groupe et l&#8217;\u00e9glise. Toutes les chansons avec des notes de chant, des paroles et des symboles d&#8217;accord. Prix \u00e9chelonn\u00e9 \u00e0 partir de 10 pi\u00e8ces : <strong>seulement \u20ac 9,90<\/strong> \/ \u00e0 partir de 30 pi\u00e8ces : <strong>seulement \u20ac 7,90<\/strong>!  <\/p>\n<p>&#8211; <strong>Edition chant\u00e9e<\/strong> de l&#8217;\u00c9glise \u00e9vang\u00e9lique de Bavi\u00e8re avec annexe &#8211; 107 chansons compl\u00e8tes (ZE 5058, ISBN 978-3-95423-020-4, A5, reli\u00e9, 206 pages) \u20ac 11,90 (prix \u00e9chelonn\u00e9 \u00e0 partir de 10 pi\u00e8ces : <strong>seulement \u20ac 9,90<\/strong> \/ \u00e0 partir de 30 pi\u00e8ces : <strong>seulement \u20ac 7,90<\/strong>!)<strong><br \/>\n<\/strong><\/p>\n<p>&#8211; <strong>Partition de l&#8217;annexe bavaroise<\/strong> num\u00e9ros 95 \u00e0 107, \u00e0 ins\u00e9rer dans l&#8217;\u00e9dition ZE 3083 (ZE 5059, ISBN 978-3-95423-026-6, 44 pages) \u20ac 9,90<\/p>\n","protected":false},"featured_media":22179,"template":"","meta":{"_acf_changed":false},"product_brand":[],"product_cat":[1127,130],"product_tag":[1714,1397,1604,1417,1112],"class_list":{"0":"post-27938","1":"product","2":"type-product","3":"status-publish","4":"has-post-thumbnail","6":"product_cat-weihnachten-fr","7":"product_cat-gospel","8":"product_tag-association-de-musique-populaire","9":"product_tag-allemand","10":"product_tag-messe-fr","11":"product_tag-psaumes","12":"product_tag-zebe-fr","13":"pa_diff-facile","14":"pa_diff-moyen","15":"pa_language-allemand","16":"pa_language-anglais","17":"pa_language-autres","18":"pa_language-latin-fr","19":"pa_occ-advent-fr","20":"pa_occ-bapteme-et-temoignage","21":"pa_occ-commencement-et-adieu-benediction","22":"pa_occ-communion-eucharistie","23":"pa_occ-gratitude","24":"pa_occ-histoire-biblique","25":"pa_occ-liturgie-fr","26":"pa_occ-louer","27":"pa_occ-mort-et-enterrement","28":"pa_occ-noel","29":"pa_occ-nouveau-testament","30":"pa_occ-occasions-speciales","31":"pa_occ-paques","32":"pa_occ-passion-fr","33":"pa_occ-pentecote","34":"pa_occ-peur-et-confiance","35":"pa_others-bestseller-fr","36":"pa_others-collections-fr","37":"pa_style-genre-adaptations-chorales","38":"pa_style-genre-ballade-fr","39":"pa_style-genre-blues-fr","40":"pa_style-genre-ngl-fr","41":"pa_style-genre-gospel-fr","42":"pa_style-genre-jazz-fr","43":"pa_style-genre-latin-fr","44":"pa_style-genre-worship-fr","45":"pa_style-genre-pop-crossover-fr","46":"pa_style-genre-chant-de-congregation","47":"pa_style-genre-traditional-gospel-style-fr","48":"pa_style-genre-spiritual-fr","49":"pa_variation-baviere-edition-chantee","50":"pa_variation-baviere-partition-de-lannexe-n-95-107","51":"pa_variation-edition-vocale-edition-bavaroise-107-chansons","52":"pa_variation-partition-fr","53":"pa_variation-partition-annexe-de-ledition-bavaroise-n-95-107","54":"pa_variation-partition-vocale-fr","55":"pa_variation-plus-atelier-choral-pour-choeur-de-femmes","56":"pa_variation-prix-echelonne-ze-3084-a-partir-de-10","57":"pa_variation-prix-echelonne-ze-3084-a-partir-de-30","58":"pa_variation-prix-echelonne-ze-5058-a-partir-de-10","59":"pa_variation-prix-echelonne-ze-5058-a-partir-de-30","60":"pa_voicing-acappella-fr","61":"pa_voicing-accompagne","62":"pa_voicing-avec-soliste","63":"pa_voicing-chant-de-congregation","64":"pa_voicing-choeur-denfants","65":"pa_voicing-choeur-de-femmes","66":"pa_voicing-sa-fr","67":"pa_voicing-sam-fr","68":"pa_voicing-satb-fr","69":"pa_voicing-unanimement","70":"pa_voicing-voix-seule","72":"first","73":"instock","74":"taxable","75":"shipping-taxable","76":"purchasable","77":"product-type-variable","78":"has-default-attributes"},"acf":[],"yoast_head":"<!-- This site is optimized with the Yoast SEO plugin v27.5 - https:\/\/yoast.com\/product\/yoast-seo-wordpress\/ -->\n<title>Glory to God! - Gospel liturgique. BESTSELLER !<\/title>\n<meta name=\"description\" content=\"Le LIVRE DE CHOROS et le LIVRE DE CHANSONS POUR LE CERTIFICAT DE GOSPELE et le chant avec le ch\u0153ur et l&#039;assembl\u00e9e. Un mat\u00e9riel complet pour la pratique, des partitions de gospel pour le chant d&#039;assembl\u00e9e. Riche collection pour le culte + concert. &gt;&gt;&gt;\" \/>\n<meta name=\"robots\" content=\"index, follow, max-snippet:-1, max-image-preview:large, max-video-preview:-1\" \/>\n<link rel=\"canonical\" href=\"https:\/\/www.zebemusic.com\/fr\/product\/glory-to-god-le-gospel-liturgique\/\" \/>\n<meta property=\"og:locale\" content=\"fr_FR\" \/>\n<meta property=\"og:type\" content=\"article\" \/>\n<meta property=\"og:title\" content=\"Glory to God! - Gospel liturgique. BESTSELLER !\" \/>\n<meta property=\"og:description\" content=\"Le LIVRE DE CHOROS et le LIVRE DE CHANSONS POUR LE CERTIFICAT DE GOSPELE et le chant avec le ch\u0153ur et l&#039;assembl\u00e9e. Un mat\u00e9riel complet pour la pratique, des partitions de gospel pour le chant d&#039;assembl\u00e9e. Riche collection pour le culte + concert. &gt;&gt;&gt;\" \/>\n<meta property=\"og:url\" content=\"https:\/\/www.zebemusic.com\/fr\/product\/glory-to-god-le-gospel-liturgique\/\" \/>\n<meta property=\"og:site_name\" content=\"ZebeMusic\" \/>\n<meta property=\"article:publisher\" content=\"https:\/\/www.facebook.com\/zebemusic\" \/>\n<meta property=\"article:modified_time\" content=\"2025-09-08T07:20:38+00:00\" \/>\n<meta property=\"og:image\" content=\"https:\/\/www.zebemusic.com\/wp-content\/uploads\/2024\/03\/ZEBE3083.jpg\" \/>\n\t<meta property=\"og:image:width\" content=\"448\" \/>\n\t<meta property=\"og:image:height\" content=\"600\" \/>\n\t<meta property=\"og:image:type\" content=\"image\/jpeg\" \/>\n<meta name=\"twitter:card\" content=\"summary_large_image\" \/>\n<script type=\"application\/ld+json\" class=\"yoast-schema-graph\">{\"@context\":\"https:\\\/\\\/schema.org\",\"@graph\":[{\"@type\":\"WebPage\",\"@id\":\"https:\\\/\\\/www.zebemusic.com\\\/fr\\\/product\\\/glory-to-god-le-gospel-liturgique\\\/\",\"url\":\"https:\\\/\\\/www.zebemusic.com\\\/fr\\\/product\\\/glory-to-god-le-gospel-liturgique\\\/\",\"name\":\"Glory to God! - Gospel liturgique. BESTSELLER !\",\"isPartOf\":{\"@id\":\"https:\\\/\\\/www.zebemusic.com\\\/de\\\/#website\"},\"primaryImageOfPage\":{\"@id\":\"https:\\\/\\\/www.zebemusic.com\\\/fr\\\/product\\\/glory-to-god-le-gospel-liturgique\\\/#primaryimage\"},\"image\":{\"@id\":\"https:\\\/\\\/www.zebemusic.com\\\/fr\\\/product\\\/glory-to-god-le-gospel-liturgique\\\/#primaryimage\"},\"thumbnailUrl\":\"https:\\\/\\\/www.zebemusic.com\\\/wp-content\\\/uploads\\\/2024\\\/03\\\/ZEBE3083.jpg\",\"datePublished\":\"2015-01-21T10:21:09+00:00\",\"dateModified\":\"2025-09-08T07:20:38+00:00\",\"description\":\"Le LIVRE DE CHOROS et le LIVRE DE CHANSONS POUR LE CERTIFICAT DE GOSPELE et le chant avec le ch\u0153ur et l'assembl\u00e9e. Un mat\u00e9riel complet pour la pratique, des partitions de gospel pour le chant d'assembl\u00e9e. Riche collection pour le culte + concert. >>>\",\"breadcrumb\":{\"@id\":\"https:\\\/\\\/www.zebemusic.com\\\/fr\\\/product\\\/glory-to-god-le-gospel-liturgique\\\/#breadcrumb\"},\"inLanguage\":\"fr-FR\",\"potentialAction\":[{\"@type\":\"ReadAction\",\"target\":[\"https:\\\/\\\/www.zebemusic.com\\\/fr\\\/product\\\/glory-to-god-le-gospel-liturgique\\\/\"]}]},{\"@type\":\"ImageObject\",\"inLanguage\":\"fr-FR\",\"@id\":\"https:\\\/\\\/www.zebemusic.com\\\/fr\\\/product\\\/glory-to-god-le-gospel-liturgique\\\/#primaryimage\",\"url\":\"https:\\\/\\\/www.zebemusic.com\\\/wp-content\\\/uploads\\\/2024\\\/03\\\/ZEBE3083.jpg\",\"contentUrl\":\"https:\\\/\\\/www.zebemusic.com\\\/wp-content\\\/uploads\\\/2024\\\/03\\\/ZEBE3083.jpg\",\"width\":448,\"height\":600,\"caption\":\"Gospelgottesdienst\"},{\"@type\":\"BreadcrumbList\",\"@id\":\"https:\\\/\\\/www.zebemusic.com\\\/fr\\\/product\\\/glory-to-god-le-gospel-liturgique\\\/#breadcrumb\",\"itemListElement\":[{\"@type\":\"ListItem\",\"position\":1,\"name\":\"Shop\",\"item\":\"https:\\\/\\\/www.zebemusic.com\\\/fr\\\/shop\\\/\"},{\"@type\":\"ListItem\",\"position\":2,\"name\":\"Glory to God! &#8211; Le gospel liturgique.\"}]},{\"@type\":\"WebSite\",\"@id\":\"https:\\\/\\\/www.zebemusic.com\\\/de\\\/#website\",\"url\":\"https:\\\/\\\/www.zebemusic.com\\\/de\\\/\",\"name\":\"ZebeMusic\",\"description\":\"vous incite a chanter.\",\"publisher\":{\"@id\":\"https:\\\/\\\/www.zebemusic.com\\\/de\\\/#organization\"},\"alternateName\":\"Gospelnoten & Kindermusicals\",\"potentialAction\":[{\"@type\":\"SearchAction\",\"target\":{\"@type\":\"EntryPoint\",\"urlTemplate\":\"https:\\\/\\\/www.zebemusic.com\\\/de\\\/?s={search_term_string}\"},\"query-input\":{\"@type\":\"PropertyValueSpecification\",\"valueRequired\":true,\"valueName\":\"search_term_string\"}}],\"inLanguage\":\"fr-FR\"},{\"@type\":\"Organization\",\"@id\":\"https:\\\/\\\/www.zebemusic.com\\\/de\\\/#organization\",\"name\":\"ZebeMusic\",\"url\":\"https:\\\/\\\/www.zebemusic.com\\\/de\\\/\",\"logo\":{\"@type\":\"ImageObject\",\"inLanguage\":\"fr-FR\",\"@id\":\"https:\\\/\\\/www.zebemusic.com\\\/de\\\/#\\\/schema\\\/logo\\\/image\\\/\",\"url\":\"https:\\\/\\\/www.zebemusic.com\\\/wp-content\\\/uploads\\\/2025\\\/10\\\/ZEBE-Logo_ZW-makesyousing.jpg\",\"contentUrl\":\"https:\\\/\\\/www.zebemusic.com\\\/wp-content\\\/uploads\\\/2025\\\/10\\\/ZEBE-Logo_ZW-makesyousing.jpg\",\"width\":2212,\"height\":958,\"caption\":\"ZebeMusic\"},\"image\":{\"@id\":\"https:\\\/\\\/www.zebemusic.com\\\/de\\\/#\\\/schema\\\/logo\\\/image\\\/\"},\"sameAs\":[\"https:\\\/\\\/www.facebook.com\\\/zebemusic\",\"https:\\\/\\\/www.instagram.com\\\/zebemusic\",\"https:\\\/\\\/www.youtube.com\\\/zebemusicberlin\"]}]}<\/script>\n<!-- \/ Yoast SEO plugin. -->","yoast_head_json":{"title":"Glory to God! - Gospel liturgique. BESTSELLER !","description":"Le LIVRE DE CHOROS et le LIVRE DE CHANSONS POUR LE CERTIFICAT DE GOSPELE et le chant avec le ch\u0153ur et l'assembl\u00e9e. Un mat\u00e9riel complet pour la pratique, des partitions de gospel pour le chant d'assembl\u00e9e. Riche collection pour le culte + concert. >>>","robots":{"index":"index","follow":"follow","max-snippet":"max-snippet:-1","max-image-preview":"max-image-preview:large","max-video-preview":"max-video-preview:-1"},"canonical":"https:\/\/www.zebemusic.com\/fr\/product\/glory-to-god-le-gospel-liturgique\/","og_locale":"fr_FR","og_type":"article","og_title":"Glory to God! - Gospel liturgique. BESTSELLER !","og_description":"Le LIVRE DE CHOROS et le LIVRE DE CHANSONS POUR LE CERTIFICAT DE GOSPELE et le chant avec le ch\u0153ur et l'assembl\u00e9e. Un mat\u00e9riel complet pour la pratique, des partitions de gospel pour le chant d'assembl\u00e9e. Riche collection pour le culte + concert. >>>","og_url":"https:\/\/www.zebemusic.com\/fr\/product\/glory-to-god-le-gospel-liturgique\/","og_site_name":"ZebeMusic","article_publisher":"https:\/\/www.facebook.com\/zebemusic","article_modified_time":"2025-09-08T07:20:38+00:00","og_image":[{"width":448,"height":600,"url":"https:\/\/www.zebemusic.com\/wp-content\/uploads\/2024\/03\/ZEBE3083.jpg","type":"image\/jpeg"}],"twitter_card":"summary_large_image","schema":{"@context":"https:\/\/schema.org","@graph":[{"@type":"WebPage","@id":"https:\/\/www.zebemusic.com\/fr\/product\/glory-to-god-le-gospel-liturgique\/","url":"https:\/\/www.zebemusic.com\/fr\/product\/glory-to-god-le-gospel-liturgique\/","name":"Glory to God! - Gospel liturgique. BESTSELLER !","isPartOf":{"@id":"https:\/\/www.zebemusic.com\/de\/#website"},"primaryImageOfPage":{"@id":"https:\/\/www.zebemusic.com\/fr\/product\/glory-to-god-le-gospel-liturgique\/#primaryimage"},"image":{"@id":"https:\/\/www.zebemusic.com\/fr\/product\/glory-to-god-le-gospel-liturgique\/#primaryimage"},"thumbnailUrl":"https:\/\/www.zebemusic.com\/wp-content\/uploads\/2024\/03\/ZEBE3083.jpg","datePublished":"2015-01-21T10:21:09+00:00","dateModified":"2025-09-08T07:20:38+00:00","description":"Le LIVRE DE CHOROS et le LIVRE DE CHANSONS POUR LE CERTIFICAT DE GOSPELE et le chant avec le ch\u0153ur et l'assembl\u00e9e. Un mat\u00e9riel complet pour la pratique, des partitions de gospel pour le chant d'assembl\u00e9e. Riche collection pour le culte + concert. >>>","breadcrumb":{"@id":"https:\/\/www.zebemusic.com\/fr\/product\/glory-to-god-le-gospel-liturgique\/#breadcrumb"},"inLanguage":"fr-FR","potentialAction":[{"@type":"ReadAction","target":["https:\/\/www.zebemusic.com\/fr\/product\/glory-to-god-le-gospel-liturgique\/"]}]},{"@type":"ImageObject","inLanguage":"fr-FR","@id":"https:\/\/www.zebemusic.com\/fr\/product\/glory-to-god-le-gospel-liturgique\/#primaryimage","url":"https:\/\/www.zebemusic.com\/wp-content\/uploads\/2024\/03\/ZEBE3083.jpg","contentUrl":"https:\/\/www.zebemusic.com\/wp-content\/uploads\/2024\/03\/ZEBE3083.jpg","width":448,"height":600,"caption":"Gospelgottesdienst"},{"@type":"BreadcrumbList","@id":"https:\/\/www.zebemusic.com\/fr\/product\/glory-to-god-le-gospel-liturgique\/#breadcrumb","itemListElement":[{"@type":"ListItem","position":1,"name":"Shop","item":"https:\/\/www.zebemusic.com\/fr\/shop\/"},{"@type":"ListItem","position":2,"name":"Glory to God! &#8211; Le gospel liturgique."}]},{"@type":"WebSite","@id":"https:\/\/www.zebemusic.com\/de\/#website","url":"https:\/\/www.zebemusic.com\/de\/","name":"ZebeMusic","description":"vous incite a chanter.","publisher":{"@id":"https:\/\/www.zebemusic.com\/de\/#organization"},"alternateName":"Gospelnoten & Kindermusicals","potentialAction":[{"@type":"SearchAction","target":{"@type":"EntryPoint","urlTemplate":"https:\/\/www.zebemusic.com\/de\/?s={search_term_string}"},"query-input":{"@type":"PropertyValueSpecification","valueRequired":true,"valueName":"search_term_string"}}],"inLanguage":"fr-FR"},{"@type":"Organization","@id":"https:\/\/www.zebemusic.com\/de\/#organization","name":"ZebeMusic","url":"https:\/\/www.zebemusic.com\/de\/","logo":{"@type":"ImageObject","inLanguage":"fr-FR","@id":"https:\/\/www.zebemusic.com\/de\/#\/schema\/logo\/image\/","url":"https:\/\/www.zebemusic.com\/wp-content\/uploads\/2025\/10\/ZEBE-Logo_ZW-makesyousing.jpg","contentUrl":"https:\/\/www.zebemusic.com\/wp-content\/uploads\/2025\/10\/ZEBE-Logo_ZW-makesyousing.jpg","width":2212,"height":958,"caption":"ZebeMusic"},"image":{"@id":"https:\/\/www.zebemusic.com\/de\/#\/schema\/logo\/image\/"},"sameAs":["https:\/\/www.facebook.com\/zebemusic","https:\/\/www.instagram.com\/zebemusic","https:\/\/www.youtube.com\/zebemusicberlin"]}]}},"_links":{"self":[{"href":"https:\/\/www.zebemusic.com\/fr\/wp-json\/wp\/v2\/product\/27938","targetHints":{"allow":["GET"]}}],"collection":[{"href":"https:\/\/www.zebemusic.com\/fr\/wp-json\/wp\/v2\/product"}],"about":[{"href":"https:\/\/www.zebemusic.com\/fr\/wp-json\/wp\/v2\/types\/product"}],"wp:featuredmedia":[{"embeddable":true,"href":"https:\/\/www.zebemusic.com\/fr\/wp-json\/wp\/v2\/media\/22179"}],"wp:attachment":[{"href":"https:\/\/www.zebemusic.com\/fr\/wp-json\/wp\/v2\/media?parent=27938"}],"wp:term":[{"taxonomy":"product_brand","embeddable":true,"href":"https:\/\/www.zebemusic.com\/fr\/wp-json\/wp\/v2\/product_brand?post=27938"},{"taxonomy":"product_cat","embeddable":true,"href":"https:\/\/www.zebemusic.com\/fr\/wp-json\/wp\/v2\/product_cat?post=27938"},{"taxonomy":"product_tag","embeddable":true,"href":"https:\/\/www.zebemusic.com\/fr\/wp-json\/wp\/v2\/product_tag?post=27938"}],"curies":[{"name":"wp","href":"https:\/\/api.w.org\/{rel}","templated":true}]}}