{"id":27960,"date":"2014-11-22T11:49:22","date_gmt":"2014-11-22T09:49:22","guid":{"rendered":"https:\/\/www.zebemusic.com\/product\/good-things-will-come-gospelkollektiv\/"},"modified":"2025-09-08T10:55:09","modified_gmt":"2025-09-08T09:55:09","slug":"good-things-will-come-gospelkollektiv","status":"publish","type":"product","link":"https:\/\/www.zebemusic.com\/fr\/product\/good-things-will-come-gospelkollektiv\/","title":{"rendered":"good things will come <br><i>GOSPELkollektiv<\/i>"},"content":{"rendered":"","protected":false},"excerpt":{"rendered":"<p>Gospel Music contemporain chant\u00e9 par les vingt femmes du GOSPELkollektiv de Berlin. Une s\u00e9lection habile de quatre chansons qui vont non seulement dans les jambes, mais aussi dans le c\u0153ur. Des solistes rayonnantes et un ch\u0153ur puissant sont accompagn\u00e9s d&#8217;un groupe groovy.<br \/>\nCe maxi-CD contient \u00e9galement la ballade gospel de No\u00ebl &#8220;This Child&#8221;.  <\/p>\n<p>&nbsp;<\/p>\n<p id=\"pressename\" style=\"padding-left: 120px;\"><span style=\"color: #717171;\"><span style=\"color: #993300;\"><strong>&#8220;<em>Une exp\u00e9rience de premi\u00e8re classe<\/em>&#8220;<em>.<\/em><\/strong><\/span> <span style=\"color: #717171;\">(M\u00e4rkische Allgemeine)<br \/>\n<\/span><\/span><\/p>\n<p>&nbsp;<\/p>\n<p align=\"center\"><iframe loading=\"lazy\" src=\"\/\/www.youtube.com\/embed\/EjQ0grznR-Q\" width=\"320\" height=\"215\" frameborder=\"0\"><\/iframe><\/p>\n<p>&nbsp;<\/p>\n<p><strong>Tracks :<\/strong><br \/>\n1. Come O Come Our Voices Raise \/ 2. This Child \/ 3. Morning Praise\/ 4. God Gives Back   <\/p>\n<p><strong> <\/strong><\/p>\n<hr>\n<p><strong><span style=\"color: #717171;\">Producteur :<\/span><\/strong> <a href=\"https:\/\/www.zebemusic.com\/fr\/propos-de-nous-2\/auteurs-artiste\/nikoschlenker\/\">Niko Schlenker<\/a>, <a href=\"https:\/\/www.zebemusic.com\/fr\/stephanzebe\/\">Stephan Zebe<\/a><br \/>\n<b><span style=\"color: #717171;\">Langue de travail :<\/span><\/b> anglais<br \/>\n<strong><span style=\"color: #717171;\">Prix :<\/span><\/strong> T\u00e9l\u00e9chargement mp3 par chanson <strong>\u20ac 0,99<\/strong><\/p>\n<p>Veuillez s\u00e9lectionner ici :<\/p>\n","protected":false},"featured_media":1272,"template":"","meta":{"_acf_changed":false},"product_brand":[],"product_cat":[1127,130,878],"product_tag":[1097,1396,1414,1112],"class_list":{"0":"post-27960","1":"product","2":"type-product","3":"status-publish","4":"has-post-thumbnail","6":"product_cat-weihnachten-fr","7":"product_cat-gospel","8":"product_cat-telechargement-de-musique","9":"product_tag-cd-fr","10":"product_tag-noel","11":"product_tag-soul-fr","12":"product_tag-zebe-fr","13":"pa_language-anglais","14":"pa_others-downloads-fr","15":"pa_style-genre-ballade-fr","16":"pa_style-genre-gospel-fr","17":"pa_style-genre-worship-fr","18":"pa_style-genre-contemporary-fr","19":"pa_style-genre-pop-crossover-fr","20":"pa_style-genre-soul-funk-fr","21":"pa_variation-piste02-cet-enfant","22":"pa_variation-piste03-priere-du-matin","23":"pa_variation-piste04-god-gives-back","24":"pa_variation-track01-come-o-come-nos-voix-se-levent","26":"first","27":"instock","28":"taxable","29":"shipping-taxable","30":"purchasable","31":"product-type-variable","32":"has-default-attributes"},"acf":[],"yoast_head":"<!-- This site is optimized with the Yoast SEO plugin v27.6 - https:\/\/yoast.com\/product\/yoast-seo-wordpress\/ -->\n<title>ZebeMusic<\/title>\n<meta name=\"description\" content=\"Chansons de gospel groovy par l&#039;ensemble berlinois &quot;GOSPELkollektiv&quot; &gt;&gt;.\" \/>\n<meta name=\"robots\" content=\"index, follow, max-snippet:-1, max-image-preview:large, max-video-preview:-1\" \/>\n<link rel=\"canonical\" href=\"https:\/\/www.zebemusic.com\/fr\/product\/good-things-will-come-gospelkollektiv\/\" \/>\n<meta property=\"og:locale\" content=\"fr_FR\" \/>\n<meta property=\"og:type\" content=\"article\" \/>\n<meta property=\"og:description\" content=\"Chansons de gospel groovy par l&#039;ensemble berlinois &quot;GOSPELkollektiv&quot; &gt;&gt;.\" \/>\n<meta property=\"og:url\" content=\"https:\/\/www.zebemusic.com\/fr\/product\/good-things-will-come-gospelkollektiv\/\" \/>\n<meta property=\"og:site_name\" content=\"ZebeMusic\" \/>\n<meta property=\"article:publisher\" content=\"https:\/\/www.facebook.com\/zebemusic\" \/>\n<meta property=\"article:modified_time\" content=\"2025-09-08T09:55:09+00:00\" \/>\n<meta property=\"og:image\" content=\"https:\/\/www.zebemusic.com\/wp-content\/uploads\/2013\/08\/ZEBE1412.jpg\" \/>\n\t<meta property=\"og:image:width\" content=\"395\" \/>\n\t<meta property=\"og:image:height\" content=\"353\" \/>\n\t<meta property=\"og:image:type\" content=\"image\/jpeg\" \/>\n<meta name=\"twitter:card\" content=\"summary_large_image\" \/>\n<script type=\"application\/ld+json\" class=\"yoast-schema-graph\">{\"@context\":\"https:\\\/\\\/schema.org\",\"@graph\":[{\"@type\":\"WebPage\",\"@id\":\"https:\\\/\\\/www.zebemusic.com\\\/fr\\\/product\\\/good-things-will-come-gospelkollektiv\\\/\",\"url\":\"https:\\\/\\\/www.zebemusic.com\\\/fr\\\/product\\\/good-things-will-come-gospelkollektiv\\\/\",\"name\":\"\",\"isPartOf\":{\"@id\":\"https:\\\/\\\/www.zebemusic.com\\\/de\\\/#website\"},\"primaryImageOfPage\":{\"@id\":\"https:\\\/\\\/www.zebemusic.com\\\/fr\\\/product\\\/good-things-will-come-gospelkollektiv\\\/#primaryimage\"},\"image\":{\"@id\":\"https:\\\/\\\/www.zebemusic.com\\\/fr\\\/product\\\/good-things-will-come-gospelkollektiv\\\/#primaryimage\"},\"thumbnailUrl\":\"https:\\\/\\\/www.zebemusic.com\\\/wp-content\\\/uploads\\\/2013\\\/08\\\/ZEBE1412.jpg\",\"datePublished\":\"2014-11-22T09:49:22+00:00\",\"dateModified\":\"2025-09-08T09:55:09+00:00\",\"description\":\"Chansons de gospel groovy par l'ensemble berlinois \\\"GOSPELkollektiv\\\" >>.\",\"breadcrumb\":{\"@id\":\"https:\\\/\\\/www.zebemusic.com\\\/fr\\\/product\\\/good-things-will-come-gospelkollektiv\\\/#breadcrumb\"},\"inLanguage\":\"fr-FR\",\"potentialAction\":[{\"@type\":\"ReadAction\",\"target\":[\"https:\\\/\\\/www.zebemusic.com\\\/fr\\\/product\\\/good-things-will-come-gospelkollektiv\\\/\"]}]},{\"@type\":\"ImageObject\",\"inLanguage\":\"fr-FR\",\"@id\":\"https:\\\/\\\/www.zebemusic.com\\\/fr\\\/product\\\/good-things-will-come-gospelkollektiv\\\/#primaryimage\",\"url\":\"https:\\\/\\\/www.zebemusic.com\\\/wp-content\\\/uploads\\\/2013\\\/08\\\/ZEBE1412.jpg\",\"contentUrl\":\"https:\\\/\\\/www.zebemusic.com\\\/wp-content\\\/uploads\\\/2013\\\/08\\\/ZEBE1412.jpg\",\"width\":395,\"height\":353},{\"@type\":\"BreadcrumbList\",\"@id\":\"https:\\\/\\\/www.zebemusic.com\\\/fr\\\/product\\\/good-things-will-come-gospelkollektiv\\\/#breadcrumb\",\"itemListElement\":[{\"@type\":\"ListItem\",\"position\":1,\"name\":\"Shop\",\"item\":\"https:\\\/\\\/www.zebemusic.com\\\/fr\\\/shop\\\/\"},{\"@type\":\"ListItem\",\"position\":2,\"name\":\"good things will come GOSPELkollektiv\"}]},{\"@type\":\"WebSite\",\"@id\":\"https:\\\/\\\/www.zebemusic.com\\\/de\\\/#website\",\"url\":\"https:\\\/\\\/www.zebemusic.com\\\/de\\\/\",\"name\":\"ZebeMusic\",\"description\":\"vous incite a chanter.\",\"publisher\":{\"@id\":\"https:\\\/\\\/www.zebemusic.com\\\/de\\\/#organization\"},\"alternateName\":\"Gospelnoten & Kindermusicals\",\"potentialAction\":[{\"@type\":\"SearchAction\",\"target\":{\"@type\":\"EntryPoint\",\"urlTemplate\":\"https:\\\/\\\/www.zebemusic.com\\\/de\\\/?s={search_term_string}\"},\"query-input\":{\"@type\":\"PropertyValueSpecification\",\"valueRequired\":true,\"valueName\":\"search_term_string\"}}],\"inLanguage\":\"fr-FR\"},{\"@type\":\"Organization\",\"@id\":\"https:\\\/\\\/www.zebemusic.com\\\/de\\\/#organization\",\"name\":\"ZebeMusic\",\"url\":\"https:\\\/\\\/www.zebemusic.com\\\/de\\\/\",\"logo\":{\"@type\":\"ImageObject\",\"inLanguage\":\"fr-FR\",\"@id\":\"https:\\\/\\\/www.zebemusic.com\\\/de\\\/#\\\/schema\\\/logo\\\/image\\\/\",\"url\":\"https:\\\/\\\/www.zebemusic.com\\\/wp-content\\\/uploads\\\/2025\\\/10\\\/ZEBE-Logo_ZW-makesyousing.jpg\",\"contentUrl\":\"https:\\\/\\\/www.zebemusic.com\\\/wp-content\\\/uploads\\\/2025\\\/10\\\/ZEBE-Logo_ZW-makesyousing.jpg\",\"width\":2212,\"height\":958,\"caption\":\"ZebeMusic\"},\"image\":{\"@id\":\"https:\\\/\\\/www.zebemusic.com\\\/de\\\/#\\\/schema\\\/logo\\\/image\\\/\"},\"sameAs\":[\"https:\\\/\\\/www.facebook.com\\\/zebemusic\",\"https:\\\/\\\/www.instagram.com\\\/zebemusic\",\"https:\\\/\\\/www.youtube.com\\\/zebemusicberlin\"]}]}<\/script>\n<!-- \/ Yoast SEO plugin. -->","yoast_head_json":{"title":"ZebeMusic","description":"Chansons de gospel groovy par l'ensemble berlinois \"GOSPELkollektiv\" >>.","robots":{"index":"index","follow":"follow","max-snippet":"max-snippet:-1","max-image-preview":"max-image-preview:large","max-video-preview":"max-video-preview:-1"},"canonical":"https:\/\/www.zebemusic.com\/fr\/product\/good-things-will-come-gospelkollektiv\/","og_locale":"fr_FR","og_type":"article","og_description":"Chansons de gospel groovy par l'ensemble berlinois \"GOSPELkollektiv\" >>.","og_url":"https:\/\/www.zebemusic.com\/fr\/product\/good-things-will-come-gospelkollektiv\/","og_site_name":"ZebeMusic","article_publisher":"https:\/\/www.facebook.com\/zebemusic","article_modified_time":"2025-09-08T09:55:09+00:00","og_image":[{"width":395,"height":353,"url":"https:\/\/www.zebemusic.com\/wp-content\/uploads\/2013\/08\/ZEBE1412.jpg","type":"image\/jpeg"}],"twitter_card":"summary_large_image","schema":{"@context":"https:\/\/schema.org","@graph":[{"@type":"WebPage","@id":"https:\/\/www.zebemusic.com\/fr\/product\/good-things-will-come-gospelkollektiv\/","url":"https:\/\/www.zebemusic.com\/fr\/product\/good-things-will-come-gospelkollektiv\/","name":"","isPartOf":{"@id":"https:\/\/www.zebemusic.com\/de\/#website"},"primaryImageOfPage":{"@id":"https:\/\/www.zebemusic.com\/fr\/product\/good-things-will-come-gospelkollektiv\/#primaryimage"},"image":{"@id":"https:\/\/www.zebemusic.com\/fr\/product\/good-things-will-come-gospelkollektiv\/#primaryimage"},"thumbnailUrl":"https:\/\/www.zebemusic.com\/wp-content\/uploads\/2013\/08\/ZEBE1412.jpg","datePublished":"2014-11-22T09:49:22+00:00","dateModified":"2025-09-08T09:55:09+00:00","description":"Chansons de gospel groovy par l'ensemble berlinois \"GOSPELkollektiv\" >>.","breadcrumb":{"@id":"https:\/\/www.zebemusic.com\/fr\/product\/good-things-will-come-gospelkollektiv\/#breadcrumb"},"inLanguage":"fr-FR","potentialAction":[{"@type":"ReadAction","target":["https:\/\/www.zebemusic.com\/fr\/product\/good-things-will-come-gospelkollektiv\/"]}]},{"@type":"ImageObject","inLanguage":"fr-FR","@id":"https:\/\/www.zebemusic.com\/fr\/product\/good-things-will-come-gospelkollektiv\/#primaryimage","url":"https:\/\/www.zebemusic.com\/wp-content\/uploads\/2013\/08\/ZEBE1412.jpg","contentUrl":"https:\/\/www.zebemusic.com\/wp-content\/uploads\/2013\/08\/ZEBE1412.jpg","width":395,"height":353},{"@type":"BreadcrumbList","@id":"https:\/\/www.zebemusic.com\/fr\/product\/good-things-will-come-gospelkollektiv\/#breadcrumb","itemListElement":[{"@type":"ListItem","position":1,"name":"Shop","item":"https:\/\/www.zebemusic.com\/fr\/shop\/"},{"@type":"ListItem","position":2,"name":"good things will come GOSPELkollektiv"}]},{"@type":"WebSite","@id":"https:\/\/www.zebemusic.com\/de\/#website","url":"https:\/\/www.zebemusic.com\/de\/","name":"ZebeMusic","description":"vous incite a chanter.","publisher":{"@id":"https:\/\/www.zebemusic.com\/de\/#organization"},"alternateName":"Gospelnoten & Kindermusicals","potentialAction":[{"@type":"SearchAction","target":{"@type":"EntryPoint","urlTemplate":"https:\/\/www.zebemusic.com\/de\/?s={search_term_string}"},"query-input":{"@type":"PropertyValueSpecification","valueRequired":true,"valueName":"search_term_string"}}],"inLanguage":"fr-FR"},{"@type":"Organization","@id":"https:\/\/www.zebemusic.com\/de\/#organization","name":"ZebeMusic","url":"https:\/\/www.zebemusic.com\/de\/","logo":{"@type":"ImageObject","inLanguage":"fr-FR","@id":"https:\/\/www.zebemusic.com\/de\/#\/schema\/logo\/image\/","url":"https:\/\/www.zebemusic.com\/wp-content\/uploads\/2025\/10\/ZEBE-Logo_ZW-makesyousing.jpg","contentUrl":"https:\/\/www.zebemusic.com\/wp-content\/uploads\/2025\/10\/ZEBE-Logo_ZW-makesyousing.jpg","width":2212,"height":958,"caption":"ZebeMusic"},"image":{"@id":"https:\/\/www.zebemusic.com\/de\/#\/schema\/logo\/image\/"},"sameAs":["https:\/\/www.facebook.com\/zebemusic","https:\/\/www.instagram.com\/zebemusic","https:\/\/www.youtube.com\/zebemusicberlin"]}]}},"_links":{"self":[{"href":"https:\/\/www.zebemusic.com\/fr\/wp-json\/wp\/v2\/product\/27960","targetHints":{"allow":["GET"]}}],"collection":[{"href":"https:\/\/www.zebemusic.com\/fr\/wp-json\/wp\/v2\/product"}],"about":[{"href":"https:\/\/www.zebemusic.com\/fr\/wp-json\/wp\/v2\/types\/product"}],"wp:featuredmedia":[{"embeddable":true,"href":"https:\/\/www.zebemusic.com\/fr\/wp-json\/wp\/v2\/media\/1272"}],"wp:attachment":[{"href":"https:\/\/www.zebemusic.com\/fr\/wp-json\/wp\/v2\/media?parent=27960"}],"wp:term":[{"taxonomy":"product_brand","embeddable":true,"href":"https:\/\/www.zebemusic.com\/fr\/wp-json\/wp\/v2\/product_brand?post=27960"},{"taxonomy":"product_cat","embeddable":true,"href":"https:\/\/www.zebemusic.com\/fr\/wp-json\/wp\/v2\/product_cat?post=27960"},{"taxonomy":"product_tag","embeddable":true,"href":"https:\/\/www.zebemusic.com\/fr\/wp-json\/wp\/v2\/product_tag?post=27960"}],"curies":[{"name":"wp","href":"https:\/\/api.w.org\/{rel}","templated":true}]}}