{"id":27994,"date":"2025-09-08T15:40:15","date_gmt":"2025-09-08T14:40:15","guid":{"rendered":"https:\/\/www.zebemusic.com\/product\/he-has-done-marvellous-things-praise-the-lord\/"},"modified":"2025-10-02T11:13:16","modified_gmt":"2025-10-02T10:13:16","slug":"he-has-done-marvellous-things-praise-the-lord","status":"publish","type":"product","link":"https:\/\/www.zebemusic.com\/fr\/product\/he-has-done-marvellous-things-praise-the-lord\/","title":{"rendered":"He Has Done Marvellous Things (Praise the Lord) \u2b07\ufe0f"},"content":{"rendered":"","protected":false},"excerpt":{"rendered":"<p>&nbsp;<\/p>\n<p>Turn-around pour ch\u0153ur bien connu et tr\u00e8s populaire, auquel le public ou l&#8217;assembl\u00e9e peuvent \u00e9galement se joindre.<br \/>\nDans la pr\u00e9sente adaptation pour ch\u0153ur mixte \u00e0 trois voix (SAB ou SSA), vous trouverez l&#8217;accompagnement au piano et les symboles d&#8217;accords.<\/p>\n<p>Vous obtenez ici l&#8217;\u00e9dition avec la partie vocale de l&#8217;arrangement.<br \/>\nCette version t\u00e9l\u00e9chargeable contient en outre un PDF gratuit de l&#8217;accompagnement.<\/p>\n<p>Veuillez commander des partitions de ch\u0153ur en fonction du nombre de vos choristes. La quantit\u00e9 minimale de commande est de 15 exemplaires.<\/p>\n<p><strong><span style=\"color: #993300;\">TIPP !<\/span><\/strong><br \/>\nConnaissez-vous Niko Schlenkers <a href=\"https:\/\/www.zebemusic.com\/fr\/product\/nous-sommes-venus-louer-he-has-done-marvellous-things\/\"><strong>We&#8217;ve Come to Praise<\/strong><\/a>?<br \/>\nVous y retrouverez <em>He Has Done Marvellous Things<\/em> &#8211; pas tout \u00e0 fait inattendu&#8230;<br \/>\n\u00c9coutez donc :<\/p>\n[audio mp3=\"https:\/\/www.zebemusic.com\/wp-content\/uploads\/2019\/01\/03 We've Come to Praise.mp3\"][\/audio]\n<p>&nbsp;<\/p>\n<p>&nbsp;<\/p>\n<hr \/>\n<p>&#8211; <strong>SAB\/SSA+ Piano<\/strong> (ZE 3083.79-DL) de <a href=\"https:\/\/www.zebemusic.com\/fr\/product\/glory-to-god-le-gospel-liturgique\/\">GLORY TO GOD ! Le gospel liturgique.<\/a>, PDF-T\u00e9l\u00e9chargement voix de ch\u0153ur et partition, \u20ac 0,99<\/p>\n<p>&nbsp;<\/p>\n","protected":false},"featured_media":30931,"template":"","meta":{"_acf_changed":false},"product_brand":[],"product_cat":[879,130,1609,878],"product_tag":[1603],"class_list":{"0":"post-27994","1":"product","2":"type-product","3":"status-publish","4":"has-post-thumbnail","6":"product_cat-editions-individuelles","7":"product_cat-gospel","8":"product_cat-quantite-minimale","9":"product_cat-telechargement-de-musique","10":"product_tag-ea-fr","11":"pa_diff-facile","12":"pa_language-anglais","13":"pa_occ-konzert-fr","14":"pa_occ-gratitude","15":"pa_occ-liturgie-fr","16":"pa_others-bestseller-fr","17":"pa_others-editions-uniques","18":"pa_others-downloads-fr","19":"pa_style-genre-gospel-fr","20":"pa_style-genre-worship-fr","21":"pa_style-genre-contemporary-fr","22":"pa_style-genre-chant-de-congregation","23":"pa_variation-melodiepiano-telechargement-pdf","24":"pa_variation-sab-telechargement-pdf","25":"pa_variation-sab-version-imprimee","26":"pa_variation-satb-telechargement-pdf","27":"pa_variation-satb-version-imprimee","28":"pa_variation-ssa-telechargement-de-pdf","29":"pa_variation-ssa-version-imprimee","30":"pa_voicing-accompagne","31":"pa_voicing-avec-bande","32":"pa_voicing-chant-de-congregation","33":"pa_voicing-choeur-denfants","34":"pa_voicing-sam-fr","35":"pa_voicing-ssa-fr","37":"first","38":"instock","39":"featured","40":"taxable","41":"shipping-taxable","42":"purchasable","43":"product-type-variable","44":"has-default-attributes"},"acf":[],"yoast_head":"<!-- This site is optimized with the Yoast SEO plugin v27.3 - https:\/\/yoast.com\/product\/yoast-seo-wordpress\/ -->\n<title>He Has Done Marvellous Things (Praise the Lord) \u2b07\ufe0f - avec accompagnement<\/title>\n<meta name=\"description\" content=\"Partitions de gospel pour ch\u0153ur mixte avec accompagnement, \u00e0 t\u00e9l\u00e9charger \u00e9galement !\" \/>\n<meta name=\"robots\" content=\"index, follow, max-snippet:-1, max-image-preview:large, max-video-preview:-1\" \/>\n<link rel=\"canonical\" href=\"https:\/\/www.zebemusic.com\/fr\/product\/he-has-done-marvellous-things-praise-the-lord\/\" \/>\n<meta property=\"og:locale\" content=\"fr_FR\" \/>\n<meta property=\"og:type\" content=\"article\" \/>\n<meta property=\"og:title\" content=\"He Has Done Marvellous Things (Praise the Lord) \u2b07\ufe0f - avec accompagnement\" \/>\n<meta property=\"og:description\" content=\"Partitions de gospel pour ch\u0153ur mixte avec accompagnement, \u00e0 t\u00e9l\u00e9charger \u00e9galement !\" \/>\n<meta property=\"og:url\" content=\"https:\/\/www.zebemusic.com\/fr\/product\/he-has-done-marvellous-things-praise-the-lord\/\" \/>\n<meta property=\"og:site_name\" content=\"ZebeMusic\" \/>\n<meta property=\"article:publisher\" content=\"https:\/\/www.facebook.com\/zebemusic\" \/>\n<meta property=\"article:modified_time\" content=\"2025-10-02T10:13:16+00:00\" \/>\n<meta property=\"og:image\" content=\"https:\/\/www.zebemusic.com\/wp-content\/uploads\/2025\/09\/ZE3083-DL.jpg\" \/>\n\t<meta property=\"og:image:width\" content=\"920\" \/>\n\t<meta property=\"og:image:height\" content=\"1200\" \/>\n\t<meta property=\"og:image:type\" content=\"image\/jpeg\" \/>\n<meta name=\"twitter:card\" content=\"summary_large_image\" \/>\n<meta name=\"twitter:label1\" content=\"Est. reading time\" \/>\n\t<meta name=\"twitter:data1\" content=\"1 minute\" \/>\n<script type=\"application\/ld+json\" class=\"yoast-schema-graph\">{\"@context\":\"https:\\\/\\\/schema.org\",\"@graph\":[{\"@type\":\"WebPage\",\"@id\":\"https:\\\/\\\/www.zebemusic.com\\\/fr\\\/product\\\/he-has-done-marvellous-things-praise-the-lord\\\/\",\"url\":\"https:\\\/\\\/www.zebemusic.com\\\/fr\\\/product\\\/he-has-done-marvellous-things-praise-the-lord\\\/\",\"name\":\"He Has Done Marvellous Things (Praise the Lord) \u2b07\ufe0f - avec accompagnement\",\"isPartOf\":{\"@id\":\"https:\\\/\\\/www.zebemusic.com\\\/de\\\/#website\"},\"primaryImageOfPage\":{\"@id\":\"https:\\\/\\\/www.zebemusic.com\\\/fr\\\/product\\\/he-has-done-marvellous-things-praise-the-lord\\\/#primaryimage\"},\"image\":{\"@id\":\"https:\\\/\\\/www.zebemusic.com\\\/fr\\\/product\\\/he-has-done-marvellous-things-praise-the-lord\\\/#primaryimage\"},\"thumbnailUrl\":\"https:\\\/\\\/www.zebemusic.com\\\/wp-content\\\/uploads\\\/2025\\\/09\\\/ZE3083-DL.jpg\",\"datePublished\":\"2025-09-08T14:40:15+00:00\",\"dateModified\":\"2025-10-02T10:13:16+00:00\",\"description\":\"Partitions de gospel pour ch\u0153ur mixte avec accompagnement, \u00e0 t\u00e9l\u00e9charger \u00e9galement !\",\"breadcrumb\":{\"@id\":\"https:\\\/\\\/www.zebemusic.com\\\/fr\\\/product\\\/he-has-done-marvellous-things-praise-the-lord\\\/#breadcrumb\"},\"inLanguage\":\"fr-FR\",\"potentialAction\":[{\"@type\":\"ReadAction\",\"target\":[\"https:\\\/\\\/www.zebemusic.com\\\/fr\\\/product\\\/he-has-done-marvellous-things-praise-the-lord\\\/\"]}]},{\"@type\":\"ImageObject\",\"inLanguage\":\"fr-FR\",\"@id\":\"https:\\\/\\\/www.zebemusic.com\\\/fr\\\/product\\\/he-has-done-marvellous-things-praise-the-lord\\\/#primaryimage\",\"url\":\"https:\\\/\\\/www.zebemusic.com\\\/wp-content\\\/uploads\\\/2025\\\/09\\\/ZE3083-DL.jpg\",\"contentUrl\":\"https:\\\/\\\/www.zebemusic.com\\\/wp-content\\\/uploads\\\/2025\\\/09\\\/ZE3083-DL.jpg\",\"width\":920,\"height\":1200,\"caption\":\"Culte gospel\"},{\"@type\":\"BreadcrumbList\",\"@id\":\"https:\\\/\\\/www.zebemusic.com\\\/fr\\\/product\\\/he-has-done-marvellous-things-praise-the-lord\\\/#breadcrumb\",\"itemListElement\":[{\"@type\":\"ListItem\",\"position\":1,\"name\":\"Shop\",\"item\":\"https:\\\/\\\/www.zebemusic.com\\\/fr\\\/shop\\\/\"},{\"@type\":\"ListItem\",\"position\":2,\"name\":\"He Has Done Marvellous Things (Praise the Lord) \u2b07\ufe0f\"}]},{\"@type\":\"WebSite\",\"@id\":\"https:\\\/\\\/www.zebemusic.com\\\/de\\\/#website\",\"url\":\"https:\\\/\\\/www.zebemusic.com\\\/de\\\/\",\"name\":\"ZebeMusic\",\"description\":\"vous incite a chanter.\",\"publisher\":{\"@id\":\"https:\\\/\\\/www.zebemusic.com\\\/de\\\/#organization\"},\"alternateName\":\"Gospelnoten & Kindermusicals\",\"potentialAction\":[{\"@type\":\"SearchAction\",\"target\":{\"@type\":\"EntryPoint\",\"urlTemplate\":\"https:\\\/\\\/www.zebemusic.com\\\/de\\\/?s={search_term_string}\"},\"query-input\":{\"@type\":\"PropertyValueSpecification\",\"valueRequired\":true,\"valueName\":\"search_term_string\"}}],\"inLanguage\":\"fr-FR\"},{\"@type\":\"Organization\",\"@id\":\"https:\\\/\\\/www.zebemusic.com\\\/de\\\/#organization\",\"name\":\"ZebeMusic\",\"url\":\"https:\\\/\\\/www.zebemusic.com\\\/de\\\/\",\"logo\":{\"@type\":\"ImageObject\",\"inLanguage\":\"fr-FR\",\"@id\":\"https:\\\/\\\/www.zebemusic.com\\\/de\\\/#\\\/schema\\\/logo\\\/image\\\/\",\"url\":\"https:\\\/\\\/www.zebemusic.com\\\/wp-content\\\/uploads\\\/2025\\\/10\\\/ZEBE-Logo_ZW-makesyousing.jpg\",\"contentUrl\":\"https:\\\/\\\/www.zebemusic.com\\\/wp-content\\\/uploads\\\/2025\\\/10\\\/ZEBE-Logo_ZW-makesyousing.jpg\",\"width\":2212,\"height\":958,\"caption\":\"ZebeMusic\"},\"image\":{\"@id\":\"https:\\\/\\\/www.zebemusic.com\\\/de\\\/#\\\/schema\\\/logo\\\/image\\\/\"},\"sameAs\":[\"https:\\\/\\\/www.facebook.com\\\/zebemusic\",\"https:\\\/\\\/www.instagram.com\\\/zebemusic\",\"https:\\\/\\\/www.youtube.com\\\/zebemusicberlin\"]}]}<\/script>\n<!-- \/ Yoast SEO plugin. -->","yoast_head_json":{"title":"He Has Done Marvellous Things (Praise the Lord) \u2b07\ufe0f - avec accompagnement","description":"Partitions de gospel pour ch\u0153ur mixte avec accompagnement, \u00e0 t\u00e9l\u00e9charger \u00e9galement !","robots":{"index":"index","follow":"follow","max-snippet":"max-snippet:-1","max-image-preview":"max-image-preview:large","max-video-preview":"max-video-preview:-1"},"canonical":"https:\/\/www.zebemusic.com\/fr\/product\/he-has-done-marvellous-things-praise-the-lord\/","og_locale":"fr_FR","og_type":"article","og_title":"He Has Done Marvellous Things (Praise the Lord) \u2b07\ufe0f - avec accompagnement","og_description":"Partitions de gospel pour ch\u0153ur mixte avec accompagnement, \u00e0 t\u00e9l\u00e9charger \u00e9galement !","og_url":"https:\/\/www.zebemusic.com\/fr\/product\/he-has-done-marvellous-things-praise-the-lord\/","og_site_name":"ZebeMusic","article_publisher":"https:\/\/www.facebook.com\/zebemusic","article_modified_time":"2025-10-02T10:13:16+00:00","og_image":[{"width":920,"height":1200,"url":"https:\/\/www.zebemusic.com\/wp-content\/uploads\/2025\/09\/ZE3083-DL.jpg","type":"image\/jpeg"}],"twitter_card":"summary_large_image","twitter_misc":{"Est. reading time":"1 minute"},"schema":{"@context":"https:\/\/schema.org","@graph":[{"@type":"WebPage","@id":"https:\/\/www.zebemusic.com\/fr\/product\/he-has-done-marvellous-things-praise-the-lord\/","url":"https:\/\/www.zebemusic.com\/fr\/product\/he-has-done-marvellous-things-praise-the-lord\/","name":"He Has Done Marvellous Things (Praise the Lord) \u2b07\ufe0f - avec accompagnement","isPartOf":{"@id":"https:\/\/www.zebemusic.com\/de\/#website"},"primaryImageOfPage":{"@id":"https:\/\/www.zebemusic.com\/fr\/product\/he-has-done-marvellous-things-praise-the-lord\/#primaryimage"},"image":{"@id":"https:\/\/www.zebemusic.com\/fr\/product\/he-has-done-marvellous-things-praise-the-lord\/#primaryimage"},"thumbnailUrl":"https:\/\/www.zebemusic.com\/wp-content\/uploads\/2025\/09\/ZE3083-DL.jpg","datePublished":"2025-09-08T14:40:15+00:00","dateModified":"2025-10-02T10:13:16+00:00","description":"Partitions de gospel pour ch\u0153ur mixte avec accompagnement, \u00e0 t\u00e9l\u00e9charger \u00e9galement !","breadcrumb":{"@id":"https:\/\/www.zebemusic.com\/fr\/product\/he-has-done-marvellous-things-praise-the-lord\/#breadcrumb"},"inLanguage":"fr-FR","potentialAction":[{"@type":"ReadAction","target":["https:\/\/www.zebemusic.com\/fr\/product\/he-has-done-marvellous-things-praise-the-lord\/"]}]},{"@type":"ImageObject","inLanguage":"fr-FR","@id":"https:\/\/www.zebemusic.com\/fr\/product\/he-has-done-marvellous-things-praise-the-lord\/#primaryimage","url":"https:\/\/www.zebemusic.com\/wp-content\/uploads\/2025\/09\/ZE3083-DL.jpg","contentUrl":"https:\/\/www.zebemusic.com\/wp-content\/uploads\/2025\/09\/ZE3083-DL.jpg","width":920,"height":1200,"caption":"Culte gospel"},{"@type":"BreadcrumbList","@id":"https:\/\/www.zebemusic.com\/fr\/product\/he-has-done-marvellous-things-praise-the-lord\/#breadcrumb","itemListElement":[{"@type":"ListItem","position":1,"name":"Shop","item":"https:\/\/www.zebemusic.com\/fr\/shop\/"},{"@type":"ListItem","position":2,"name":"He Has Done Marvellous Things (Praise the Lord) \u2b07\ufe0f"}]},{"@type":"WebSite","@id":"https:\/\/www.zebemusic.com\/de\/#website","url":"https:\/\/www.zebemusic.com\/de\/","name":"ZebeMusic","description":"vous incite a chanter.","publisher":{"@id":"https:\/\/www.zebemusic.com\/de\/#organization"},"alternateName":"Gospelnoten & Kindermusicals","potentialAction":[{"@type":"SearchAction","target":{"@type":"EntryPoint","urlTemplate":"https:\/\/www.zebemusic.com\/de\/?s={search_term_string}"},"query-input":{"@type":"PropertyValueSpecification","valueRequired":true,"valueName":"search_term_string"}}],"inLanguage":"fr-FR"},{"@type":"Organization","@id":"https:\/\/www.zebemusic.com\/de\/#organization","name":"ZebeMusic","url":"https:\/\/www.zebemusic.com\/de\/","logo":{"@type":"ImageObject","inLanguage":"fr-FR","@id":"https:\/\/www.zebemusic.com\/de\/#\/schema\/logo\/image\/","url":"https:\/\/www.zebemusic.com\/wp-content\/uploads\/2025\/10\/ZEBE-Logo_ZW-makesyousing.jpg","contentUrl":"https:\/\/www.zebemusic.com\/wp-content\/uploads\/2025\/10\/ZEBE-Logo_ZW-makesyousing.jpg","width":2212,"height":958,"caption":"ZebeMusic"},"image":{"@id":"https:\/\/www.zebemusic.com\/de\/#\/schema\/logo\/image\/"},"sameAs":["https:\/\/www.facebook.com\/zebemusic","https:\/\/www.instagram.com\/zebemusic","https:\/\/www.youtube.com\/zebemusicberlin"]}]}},"_links":{"self":[{"href":"https:\/\/www.zebemusic.com\/fr\/wp-json\/wp\/v2\/product\/27994","targetHints":{"allow":["GET"]}}],"collection":[{"href":"https:\/\/www.zebemusic.com\/fr\/wp-json\/wp\/v2\/product"}],"about":[{"href":"https:\/\/www.zebemusic.com\/fr\/wp-json\/wp\/v2\/types\/product"}],"wp:featuredmedia":[{"embeddable":true,"href":"https:\/\/www.zebemusic.com\/fr\/wp-json\/wp\/v2\/media\/30931"}],"wp:attachment":[{"href":"https:\/\/www.zebemusic.com\/fr\/wp-json\/wp\/v2\/media?parent=27994"}],"wp:term":[{"taxonomy":"product_brand","embeddable":true,"href":"https:\/\/www.zebemusic.com\/fr\/wp-json\/wp\/v2\/product_brand?post=27994"},{"taxonomy":"product_cat","embeddable":true,"href":"https:\/\/www.zebemusic.com\/fr\/wp-json\/wp\/v2\/product_cat?post=27994"},{"taxonomy":"product_tag","embeddable":true,"href":"https:\/\/www.zebemusic.com\/fr\/wp-json\/wp\/v2\/product_tag?post=27994"}],"curies":[{"name":"wp","href":"https:\/\/api.w.org\/{rel}","templated":true}]}}