{"id":28016,"date":"2025-07-23T18:21:49","date_gmt":"2025-07-23T17:21:49","guid":{"rendered":"https:\/\/www.zebemusic.com\/product\/what-did-you-do-my-lord\/"},"modified":"2025-09-09T21:21:52","modified_gmt":"2025-09-09T20:21:52","slug":"what-did-you-do-my-lord","status":"publish","type":"product","link":"https:\/\/www.zebemusic.com\/fr\/product\/what-did-you-do-my-lord\/","title":{"rendered":"What Did You Do My Lord"},"content":{"rendered":"","protected":false},"excerpt":{"rendered":"<p>Tir\u00e9 de <a href=\"https:\/\/www.zebemusic.com\/fr\/product\/songs-of-the-bible-ii-nouveau-telechargements-disponibles\/\">SONGS OF THE BIBLE II<\/a> de Joachim Dierks.<\/p>\n<p>&nbsp;<\/p>\n<p>&nbsp;<\/p>\n<hr \/>\n<p>&#8211; PDF \u00e0 t\u00e9l\u00e9charger (EA5052.11-DL, 6 pages), uniquement en ch\u0153ur \u00e0 partir de 15 pi\u00e8ces, \u20ac 1,49<br \/>\n&#8211; MP3 \u00e0 t\u00e9l\u00e9charger (320 kbps), \u20ac 1,29<\/p>\n<p>&nbsp;<\/p>\n","protected":false},"featured_media":23328,"template":"","meta":{"_acf_changed":false},"product_brand":[],"product_cat":[879,130,1609,878],"product_tag":[1603],"class_list":{"0":"post-28016","1":"product","2":"type-product","3":"status-publish","4":"has-post-thumbnail","6":"product_cat-editions-individuelles","7":"product_cat-gospel","8":"product_cat-quantite-minimale","9":"product_cat-telechargement-de-musique","10":"product_tag-ea-fr","12":"first","13":"instock","14":"taxable","15":"shipping-taxable","16":"purchasable","17":"product-type-variable"},"acf":[],"yoast_head":"<!-- This site is optimized with the Yoast SEO plugin v27.4 - https:\/\/yoast.com\/product\/yoast-seo-wordpress\/ -->\n<title>What Did You Do My Lord<\/title>\n<meta name=\"description\" content=\"Tous les SONGS OF THE BIBLE sont maintenant disponibles au t\u00e9l\u00e9chargement ! &gt;&gt;&gt;\" \/>\n<meta name=\"robots\" content=\"index, follow, max-snippet:-1, max-image-preview:large, max-video-preview:-1\" \/>\n<link rel=\"canonical\" href=\"https:\/\/www.zebemusic.com\/fr\/product\/what-did-you-do-my-lord\/\" \/>\n<meta property=\"og:locale\" content=\"fr_FR\" \/>\n<meta property=\"og:type\" content=\"article\" \/>\n<meta property=\"og:title\" content=\"What Did You Do My Lord\" \/>\n<meta property=\"og:description\" content=\"Tous les SONGS OF THE BIBLE sont maintenant disponibles au t\u00e9l\u00e9chargement ! &gt;&gt;&gt;\" \/>\n<meta property=\"og:url\" content=\"https:\/\/www.zebemusic.com\/fr\/product\/what-did-you-do-my-lord\/\" \/>\n<meta property=\"og:site_name\" content=\"ZebeMusic\" \/>\n<meta property=\"article:publisher\" content=\"https:\/\/www.facebook.com\/zebemusic\" \/>\n<meta property=\"article:modified_time\" content=\"2025-09-09T20:21:52+00:00\" \/>\n<meta property=\"og:image\" content=\"https:\/\/www.zebemusic.com\/wp-content\/uploads\/2025\/07\/Songs-of-the-Bible.jpg\" \/>\n\t<meta property=\"og:image:width\" content=\"564\" \/>\n\t<meta property=\"og:image:height\" content=\"800\" \/>\n\t<meta property=\"og:image:type\" content=\"image\/jpeg\" \/>\n<meta name=\"twitter:card\" content=\"summary_large_image\" \/>\n<meta name=\"twitter:label1\" content=\"Est. reading time\" \/>\n\t<meta name=\"twitter:data1\" content=\"1 minute\" \/>\n<script type=\"application\/ld+json\" class=\"yoast-schema-graph\">{\"@context\":\"https:\\\/\\\/schema.org\",\"@graph\":[{\"@type\":\"WebPage\",\"@id\":\"https:\\\/\\\/www.zebemusic.com\\\/fr\\\/product\\\/what-did-you-do-my-lord\\\/\",\"url\":\"https:\\\/\\\/www.zebemusic.com\\\/fr\\\/product\\\/what-did-you-do-my-lord\\\/\",\"name\":\"What Did You Do My Lord\",\"isPartOf\":{\"@id\":\"https:\\\/\\\/www.zebemusic.com\\\/de\\\/#website\"},\"primaryImageOfPage\":{\"@id\":\"https:\\\/\\\/www.zebemusic.com\\\/fr\\\/product\\\/what-did-you-do-my-lord\\\/#primaryimage\"},\"image\":{\"@id\":\"https:\\\/\\\/www.zebemusic.com\\\/fr\\\/product\\\/what-did-you-do-my-lord\\\/#primaryimage\"},\"thumbnailUrl\":\"https:\\\/\\\/www.zebemusic.com\\\/wp-content\\\/uploads\\\/2025\\\/07\\\/Songs-of-the-Bible.jpg\",\"datePublished\":\"2025-07-23T17:21:49+00:00\",\"dateModified\":\"2025-09-09T20:21:52+00:00\",\"description\":\"Tous les SONGS OF THE BIBLE sont maintenant disponibles au t\u00e9l\u00e9chargement ! >>>\",\"breadcrumb\":{\"@id\":\"https:\\\/\\\/www.zebemusic.com\\\/fr\\\/product\\\/what-did-you-do-my-lord\\\/#breadcrumb\"},\"inLanguage\":\"fr-FR\",\"potentialAction\":[{\"@type\":\"ReadAction\",\"target\":[\"https:\\\/\\\/www.zebemusic.com\\\/fr\\\/product\\\/what-did-you-do-my-lord\\\/\"]}]},{\"@type\":\"ImageObject\",\"inLanguage\":\"fr-FR\",\"@id\":\"https:\\\/\\\/www.zebemusic.com\\\/fr\\\/product\\\/what-did-you-do-my-lord\\\/#primaryimage\",\"url\":\"https:\\\/\\\/www.zebemusic.com\\\/wp-content\\\/uploads\\\/2025\\\/07\\\/Songs-of-the-Bible.jpg\",\"contentUrl\":\"https:\\\/\\\/www.zebemusic.com\\\/wp-content\\\/uploads\\\/2025\\\/07\\\/Songs-of-the-Bible.jpg\",\"width\":564,\"height\":800},{\"@type\":\"BreadcrumbList\",\"@id\":\"https:\\\/\\\/www.zebemusic.com\\\/fr\\\/product\\\/what-did-you-do-my-lord\\\/#breadcrumb\",\"itemListElement\":[{\"@type\":\"ListItem\",\"position\":1,\"name\":\"Shop\",\"item\":\"https:\\\/\\\/www.zebemusic.com\\\/fr\\\/shop\\\/\"},{\"@type\":\"ListItem\",\"position\":2,\"name\":\"What Did You Do My Lord\"}]},{\"@type\":\"WebSite\",\"@id\":\"https:\\\/\\\/www.zebemusic.com\\\/de\\\/#website\",\"url\":\"https:\\\/\\\/www.zebemusic.com\\\/de\\\/\",\"name\":\"ZebeMusic\",\"description\":\"vous incite a chanter.\",\"publisher\":{\"@id\":\"https:\\\/\\\/www.zebemusic.com\\\/de\\\/#organization\"},\"alternateName\":\"Gospelnoten & Kindermusicals\",\"potentialAction\":[{\"@type\":\"SearchAction\",\"target\":{\"@type\":\"EntryPoint\",\"urlTemplate\":\"https:\\\/\\\/www.zebemusic.com\\\/de\\\/?s={search_term_string}\"},\"query-input\":{\"@type\":\"PropertyValueSpecification\",\"valueRequired\":true,\"valueName\":\"search_term_string\"}}],\"inLanguage\":\"fr-FR\"},{\"@type\":\"Organization\",\"@id\":\"https:\\\/\\\/www.zebemusic.com\\\/de\\\/#organization\",\"name\":\"ZebeMusic\",\"url\":\"https:\\\/\\\/www.zebemusic.com\\\/de\\\/\",\"logo\":{\"@type\":\"ImageObject\",\"inLanguage\":\"fr-FR\",\"@id\":\"https:\\\/\\\/www.zebemusic.com\\\/de\\\/#\\\/schema\\\/logo\\\/image\\\/\",\"url\":\"https:\\\/\\\/www.zebemusic.com\\\/wp-content\\\/uploads\\\/2025\\\/10\\\/ZEBE-Logo_ZW-makesyousing.jpg\",\"contentUrl\":\"https:\\\/\\\/www.zebemusic.com\\\/wp-content\\\/uploads\\\/2025\\\/10\\\/ZEBE-Logo_ZW-makesyousing.jpg\",\"width\":2212,\"height\":958,\"caption\":\"ZebeMusic\"},\"image\":{\"@id\":\"https:\\\/\\\/www.zebemusic.com\\\/de\\\/#\\\/schema\\\/logo\\\/image\\\/\"},\"sameAs\":[\"https:\\\/\\\/www.facebook.com\\\/zebemusic\",\"https:\\\/\\\/www.instagram.com\\\/zebemusic\",\"https:\\\/\\\/www.youtube.com\\\/zebemusicberlin\"]}]}<\/script>\n<!-- \/ Yoast SEO plugin. -->","yoast_head_json":{"title":"What Did You Do My Lord","description":"Tous les SONGS OF THE BIBLE sont maintenant disponibles au t\u00e9l\u00e9chargement ! >>>","robots":{"index":"index","follow":"follow","max-snippet":"max-snippet:-1","max-image-preview":"max-image-preview:large","max-video-preview":"max-video-preview:-1"},"canonical":"https:\/\/www.zebemusic.com\/fr\/product\/what-did-you-do-my-lord\/","og_locale":"fr_FR","og_type":"article","og_title":"What Did You Do My Lord","og_description":"Tous les SONGS OF THE BIBLE sont maintenant disponibles au t\u00e9l\u00e9chargement ! >>>","og_url":"https:\/\/www.zebemusic.com\/fr\/product\/what-did-you-do-my-lord\/","og_site_name":"ZebeMusic","article_publisher":"https:\/\/www.facebook.com\/zebemusic","article_modified_time":"2025-09-09T20:21:52+00:00","og_image":[{"width":564,"height":800,"url":"https:\/\/www.zebemusic.com\/wp-content\/uploads\/2025\/07\/Songs-of-the-Bible.jpg","type":"image\/jpeg"}],"twitter_card":"summary_large_image","twitter_misc":{"Est. reading time":"1 minute"},"schema":{"@context":"https:\/\/schema.org","@graph":[{"@type":"WebPage","@id":"https:\/\/www.zebemusic.com\/fr\/product\/what-did-you-do-my-lord\/","url":"https:\/\/www.zebemusic.com\/fr\/product\/what-did-you-do-my-lord\/","name":"What Did You Do My Lord","isPartOf":{"@id":"https:\/\/www.zebemusic.com\/de\/#website"},"primaryImageOfPage":{"@id":"https:\/\/www.zebemusic.com\/fr\/product\/what-did-you-do-my-lord\/#primaryimage"},"image":{"@id":"https:\/\/www.zebemusic.com\/fr\/product\/what-did-you-do-my-lord\/#primaryimage"},"thumbnailUrl":"https:\/\/www.zebemusic.com\/wp-content\/uploads\/2025\/07\/Songs-of-the-Bible.jpg","datePublished":"2025-07-23T17:21:49+00:00","dateModified":"2025-09-09T20:21:52+00:00","description":"Tous les SONGS OF THE BIBLE sont maintenant disponibles au t\u00e9l\u00e9chargement ! >>>","breadcrumb":{"@id":"https:\/\/www.zebemusic.com\/fr\/product\/what-did-you-do-my-lord\/#breadcrumb"},"inLanguage":"fr-FR","potentialAction":[{"@type":"ReadAction","target":["https:\/\/www.zebemusic.com\/fr\/product\/what-did-you-do-my-lord\/"]}]},{"@type":"ImageObject","inLanguage":"fr-FR","@id":"https:\/\/www.zebemusic.com\/fr\/product\/what-did-you-do-my-lord\/#primaryimage","url":"https:\/\/www.zebemusic.com\/wp-content\/uploads\/2025\/07\/Songs-of-the-Bible.jpg","contentUrl":"https:\/\/www.zebemusic.com\/wp-content\/uploads\/2025\/07\/Songs-of-the-Bible.jpg","width":564,"height":800},{"@type":"BreadcrumbList","@id":"https:\/\/www.zebemusic.com\/fr\/product\/what-did-you-do-my-lord\/#breadcrumb","itemListElement":[{"@type":"ListItem","position":1,"name":"Shop","item":"https:\/\/www.zebemusic.com\/fr\/shop\/"},{"@type":"ListItem","position":2,"name":"What Did You Do My Lord"}]},{"@type":"WebSite","@id":"https:\/\/www.zebemusic.com\/de\/#website","url":"https:\/\/www.zebemusic.com\/de\/","name":"ZebeMusic","description":"vous incite a chanter.","publisher":{"@id":"https:\/\/www.zebemusic.com\/de\/#organization"},"alternateName":"Gospelnoten & Kindermusicals","potentialAction":[{"@type":"SearchAction","target":{"@type":"EntryPoint","urlTemplate":"https:\/\/www.zebemusic.com\/de\/?s={search_term_string}"},"query-input":{"@type":"PropertyValueSpecification","valueRequired":true,"valueName":"search_term_string"}}],"inLanguage":"fr-FR"},{"@type":"Organization","@id":"https:\/\/www.zebemusic.com\/de\/#organization","name":"ZebeMusic","url":"https:\/\/www.zebemusic.com\/de\/","logo":{"@type":"ImageObject","inLanguage":"fr-FR","@id":"https:\/\/www.zebemusic.com\/de\/#\/schema\/logo\/image\/","url":"https:\/\/www.zebemusic.com\/wp-content\/uploads\/2025\/10\/ZEBE-Logo_ZW-makesyousing.jpg","contentUrl":"https:\/\/www.zebemusic.com\/wp-content\/uploads\/2025\/10\/ZEBE-Logo_ZW-makesyousing.jpg","width":2212,"height":958,"caption":"ZebeMusic"},"image":{"@id":"https:\/\/www.zebemusic.com\/de\/#\/schema\/logo\/image\/"},"sameAs":["https:\/\/www.facebook.com\/zebemusic","https:\/\/www.instagram.com\/zebemusic","https:\/\/www.youtube.com\/zebemusicberlin"]}]}},"_links":{"self":[{"href":"https:\/\/www.zebemusic.com\/fr\/wp-json\/wp\/v2\/product\/28016","targetHints":{"allow":["GET"]}}],"collection":[{"href":"https:\/\/www.zebemusic.com\/fr\/wp-json\/wp\/v2\/product"}],"about":[{"href":"https:\/\/www.zebemusic.com\/fr\/wp-json\/wp\/v2\/types\/product"}],"wp:featuredmedia":[{"embeddable":true,"href":"https:\/\/www.zebemusic.com\/fr\/wp-json\/wp\/v2\/media\/23328"}],"wp:attachment":[{"href":"https:\/\/www.zebemusic.com\/fr\/wp-json\/wp\/v2\/media?parent=28016"}],"wp:term":[{"taxonomy":"product_brand","embeddable":true,"href":"https:\/\/www.zebemusic.com\/fr\/wp-json\/wp\/v2\/product_brand?post=28016"},{"taxonomy":"product_cat","embeddable":true,"href":"https:\/\/www.zebemusic.com\/fr\/wp-json\/wp\/v2\/product_cat?post=28016"},{"taxonomy":"product_tag","embeddable":true,"href":"https:\/\/www.zebemusic.com\/fr\/wp-json\/wp\/v2\/product_tag?post=28016"}],"curies":[{"name":"wp","href":"https:\/\/api.w.org\/{rel}","templated":true}]}}