{"id":28444,"date":"2025-09-24T17:50:29","date_gmt":"2025-09-24T16:50:29","guid":{"rendered":"https:\/\/www.zebemusic.com\/?post_type=product&#038;p=28444"},"modified":"2025-10-02T09:47:30","modified_gmt":"2025-10-02T08:47:30","slug":"this-is-christmas-chanson","status":"publish","type":"product","link":"https:\/\/www.zebemusic.com\/fr\/product\/this-is-christmas-chanson\/","title":{"rendered":"This Is Christmas ! (chanson) \u2b07\ufe0f"},"content":{"rendered":"","protected":false},"excerpt":{"rendered":"<p>Cette pierre pr\u00e9cieuse musicale sera l&#8217;un des points forts de votre concert de No\u00ebl.<br \/>\nCette ballade pour ch\u0153ur mixte ou ch\u0153ur de femmes \u00e0 trois voix touche les c\u0153urs et son contenu est en parfaite ad\u00e9quation avec le message de No\u00ebl.<\/p>\n<p>Vous trouverez ici les \u00e9ditions avec la partie vocale de la chanson de Niko Schlenker.<br \/>\nDe plus, un PDF gratuit de la partition avec l&#8217;accompagnement not\u00e9 et les symboles d&#8217;accords est disponible.<\/p>\n<p>Veuillez commander les partitions de ch\u0153ur en nombre \u00e9gal \u00e0 celui de vos choristes. La quantit\u00e9 minimale de commande est de 15 exemplaires.<\/p>\n<p>&nbsp;<\/p>\n<p>&nbsp;<\/p>\n[audio mp3=\"https:\/\/www.zebemusic.com\/wp-content\/uploads\/2025\/09\/ZEBE5080.mp3\"][\/audio]\n<p>&nbsp;<\/p>\n<hr \/>\n<p>&#8211; <strong>SAT(B), Soloist + Piano<\/strong> (ZE 5080.10-DL) de <a href=\"https:\/\/www.zebemusic.com\/fr\/product\/this-is-christmas\/\">This Is Christmas !<\/a>, T\u00e9l\u00e9chargement PDF inclus Partition \u20ac 1,29<\/p>\n<p>&#8211; <strong>SSA, Soloist + Piano<\/strong> (ZE 5080.10-fem-DL), t\u00e9l\u00e9chargement exclusif PDF incl. Partition \u20ac 1,29<\/p>\n<p>&nbsp;<\/p>\n","protected":false},"featured_media":28449,"template":"","meta":{"_acf_changed":false},"product_brand":[],"product_cat":[879,1609],"product_tag":[1603],"class_list":{"0":"post-28444","1":"product","2":"type-product","3":"status-publish","4":"has-post-thumbnail","6":"product_cat-editions-individuelles","7":"product_cat-quantite-minimale","8":"product_tag-ea-fr","9":"pa_diff-facile","10":"pa_diff-moyen","11":"pa_occ-louer","12":"pa_occ-noel","13":"pa_others-bestseller-fr","14":"pa_others-editions-uniques","15":"pa_others-downloads-fr","16":"pa_style-genre-ballade-fr","17":"pa_style-genre-contemporary-fr","18":"pa_style-genre-pop-crossover-fr","19":"pa_variation-choeur-de-femmes","20":"pa_variation-choeur-mixte","21":"pa_variation-copie-imprimee","22":"pa_variation-melodie-piano-telecharger-pdf","23":"pa_variation-telecharger-le-pdf","24":"pa_voicing-accompagne","25":"pa_voicing-choeur-denfants","26":"pa_voicing-choeur-de-femmes","27":"pa_voicing-sam-fr","28":"pa_voicing-satb-fr","29":"pa_voicing-ssa-fr","31":"first","32":"instock","33":"taxable","34":"shipping-taxable","35":"purchasable","36":"product-type-variable","37":"has-default-attributes"},"acf":[],"yoast_head":"<!-- This site is optimized with the Yoast SEO plugin v27.4 - https:\/\/yoast.com\/product\/yoast-seo-wordpress\/ -->\n<title>This Is Christmas ! (chanson) \u2b07\ufe0f %%page% - Partitions de gospel, gospel de No\u00ebl<\/title>\n<meta name=\"description\" content=\"Arrangement moderne pour ch\u0153ur gospel et soliste, imprim\u00e9 ou \u00e0 t\u00e9l\u00e9charger. &gt;&gt;&gt;\" \/>\n<meta name=\"robots\" content=\"index, follow, max-snippet:-1, max-image-preview:large, max-video-preview:-1\" \/>\n<link rel=\"canonical\" href=\"https:\/\/www.zebemusic.com\/fr\/product\/this-is-christmas-chanson\/\" \/>\n<meta property=\"og:locale\" content=\"fr_FR\" \/>\n<meta property=\"og:type\" content=\"article\" \/>\n<meta property=\"og:title\" content=\"This Is Christmas ! (chanson) \u2b07\ufe0f %%page% - Partitions de gospel, gospel de No\u00ebl\" \/>\n<meta property=\"og:description\" content=\"Arrangement moderne pour ch\u0153ur gospel et soliste, imprim\u00e9 ou \u00e0 t\u00e9l\u00e9charger. &gt;&gt;&gt;\" \/>\n<meta property=\"og:url\" content=\"https:\/\/www.zebemusic.com\/fr\/product\/this-is-christmas-chanson\/\" \/>\n<meta property=\"og:site_name\" content=\"ZebeMusic\" \/>\n<meta property=\"article:publisher\" content=\"https:\/\/www.facebook.com\/zebemusic\" \/>\n<meta property=\"article:modified_time\" content=\"2025-10-02T08:47:30+00:00\" \/>\n<meta property=\"og:image\" content=\"https:\/\/www.zebemusic.com\/wp-content\/uploads\/2025\/09\/ZEBE5080-DL.jpg\" \/>\n\t<meta property=\"og:image:width\" content=\"381\" \/>\n\t<meta property=\"og:image:height\" content=\"500\" \/>\n\t<meta property=\"og:image:type\" content=\"image\/jpeg\" \/>\n<meta name=\"twitter:card\" content=\"summary_large_image\" \/>\n<meta name=\"twitter:label1\" content=\"Est. reading time\" \/>\n\t<meta name=\"twitter:data1\" content=\"1 minute\" \/>\n<script type=\"application\/ld+json\" class=\"yoast-schema-graph\">{\"@context\":\"https:\\\/\\\/schema.org\",\"@graph\":[{\"@type\":\"WebPage\",\"@id\":\"https:\\\/\\\/www.zebemusic.com\\\/fr\\\/product\\\/this-is-christmas-chanson\\\/\",\"url\":\"https:\\\/\\\/www.zebemusic.com\\\/fr\\\/product\\\/this-is-christmas-chanson\\\/\",\"name\":\"This Is Christmas ! (chanson) \u2b07\ufe0f %%page% - Partitions de gospel, gospel de No\u00ebl\",\"isPartOf\":{\"@id\":\"https:\\\/\\\/www.zebemusic.com\\\/de\\\/#website\"},\"primaryImageOfPage\":{\"@id\":\"https:\\\/\\\/www.zebemusic.com\\\/fr\\\/product\\\/this-is-christmas-chanson\\\/#primaryimage\"},\"image\":{\"@id\":\"https:\\\/\\\/www.zebemusic.com\\\/fr\\\/product\\\/this-is-christmas-chanson\\\/#primaryimage\"},\"thumbnailUrl\":\"https:\\\/\\\/www.zebemusic.com\\\/wp-content\\\/uploads\\\/2025\\\/09\\\/ZEBE5080-DL.jpg\",\"datePublished\":\"2025-09-24T16:50:29+00:00\",\"dateModified\":\"2025-10-02T08:47:30+00:00\",\"description\":\"Arrangement moderne pour ch\u0153ur gospel et soliste, imprim\u00e9 ou \u00e0 t\u00e9l\u00e9charger. >>>\",\"breadcrumb\":{\"@id\":\"https:\\\/\\\/www.zebemusic.com\\\/fr\\\/product\\\/this-is-christmas-chanson\\\/#breadcrumb\"},\"inLanguage\":\"fr-FR\",\"potentialAction\":[{\"@type\":\"ReadAction\",\"target\":[\"https:\\\/\\\/www.zebemusic.com\\\/fr\\\/product\\\/this-is-christmas-chanson\\\/\"]}]},{\"@type\":\"ImageObject\",\"inLanguage\":\"fr-FR\",\"@id\":\"https:\\\/\\\/www.zebemusic.com\\\/fr\\\/product\\\/this-is-christmas-chanson\\\/#primaryimage\",\"url\":\"https:\\\/\\\/www.zebemusic.com\\\/wp-content\\\/uploads\\\/2025\\\/09\\\/ZEBE5080-DL.jpg\",\"contentUrl\":\"https:\\\/\\\/www.zebemusic.com\\\/wp-content\\\/uploads\\\/2025\\\/09\\\/ZEBE5080-DL.jpg\",\"width\":381,\"height\":500},{\"@type\":\"BreadcrumbList\",\"@id\":\"https:\\\/\\\/www.zebemusic.com\\\/fr\\\/product\\\/this-is-christmas-chanson\\\/#breadcrumb\",\"itemListElement\":[{\"@type\":\"ListItem\",\"position\":1,\"name\":\"Shop\",\"item\":\"https:\\\/\\\/www.zebemusic.com\\\/fr\\\/shop\\\/\"},{\"@type\":\"ListItem\",\"position\":2,\"name\":\"This Is Christmas ! (chanson) \u2b07\ufe0f\"}]},{\"@type\":\"WebSite\",\"@id\":\"https:\\\/\\\/www.zebemusic.com\\\/de\\\/#website\",\"url\":\"https:\\\/\\\/www.zebemusic.com\\\/de\\\/\",\"name\":\"ZebeMusic\",\"description\":\"vous incite a chanter.\",\"publisher\":{\"@id\":\"https:\\\/\\\/www.zebemusic.com\\\/de\\\/#organization\"},\"alternateName\":\"Gospelnoten & Kindermusicals\",\"potentialAction\":[{\"@type\":\"SearchAction\",\"target\":{\"@type\":\"EntryPoint\",\"urlTemplate\":\"https:\\\/\\\/www.zebemusic.com\\\/de\\\/?s={search_term_string}\"},\"query-input\":{\"@type\":\"PropertyValueSpecification\",\"valueRequired\":true,\"valueName\":\"search_term_string\"}}],\"inLanguage\":\"fr-FR\"},{\"@type\":\"Organization\",\"@id\":\"https:\\\/\\\/www.zebemusic.com\\\/de\\\/#organization\",\"name\":\"ZebeMusic\",\"url\":\"https:\\\/\\\/www.zebemusic.com\\\/de\\\/\",\"logo\":{\"@type\":\"ImageObject\",\"inLanguage\":\"fr-FR\",\"@id\":\"https:\\\/\\\/www.zebemusic.com\\\/de\\\/#\\\/schema\\\/logo\\\/image\\\/\",\"url\":\"https:\\\/\\\/www.zebemusic.com\\\/wp-content\\\/uploads\\\/2025\\\/10\\\/ZEBE-Logo_ZW-makesyousing.jpg\",\"contentUrl\":\"https:\\\/\\\/www.zebemusic.com\\\/wp-content\\\/uploads\\\/2025\\\/10\\\/ZEBE-Logo_ZW-makesyousing.jpg\",\"width\":2212,\"height\":958,\"caption\":\"ZebeMusic\"},\"image\":{\"@id\":\"https:\\\/\\\/www.zebemusic.com\\\/de\\\/#\\\/schema\\\/logo\\\/image\\\/\"},\"sameAs\":[\"https:\\\/\\\/www.facebook.com\\\/zebemusic\",\"https:\\\/\\\/www.instagram.com\\\/zebemusic\",\"https:\\\/\\\/www.youtube.com\\\/zebemusicberlin\"]}]}<\/script>\n<!-- \/ Yoast SEO plugin. -->","yoast_head_json":{"title":"This Is Christmas ! (chanson) \u2b07\ufe0f %%page% - Partitions de gospel, gospel de No\u00ebl","description":"Arrangement moderne pour ch\u0153ur gospel et soliste, imprim\u00e9 ou \u00e0 t\u00e9l\u00e9charger. >>>","robots":{"index":"index","follow":"follow","max-snippet":"max-snippet:-1","max-image-preview":"max-image-preview:large","max-video-preview":"max-video-preview:-1"},"canonical":"https:\/\/www.zebemusic.com\/fr\/product\/this-is-christmas-chanson\/","og_locale":"fr_FR","og_type":"article","og_title":"This Is Christmas ! (chanson) \u2b07\ufe0f %%page% - Partitions de gospel, gospel de No\u00ebl","og_description":"Arrangement moderne pour ch\u0153ur gospel et soliste, imprim\u00e9 ou \u00e0 t\u00e9l\u00e9charger. >>>","og_url":"https:\/\/www.zebemusic.com\/fr\/product\/this-is-christmas-chanson\/","og_site_name":"ZebeMusic","article_publisher":"https:\/\/www.facebook.com\/zebemusic","article_modified_time":"2025-10-02T08:47:30+00:00","og_image":[{"width":381,"height":500,"url":"https:\/\/www.zebemusic.com\/wp-content\/uploads\/2025\/09\/ZEBE5080-DL.jpg","type":"image\/jpeg"}],"twitter_card":"summary_large_image","twitter_misc":{"Est. reading time":"1 minute"},"schema":{"@context":"https:\/\/schema.org","@graph":[{"@type":"WebPage","@id":"https:\/\/www.zebemusic.com\/fr\/product\/this-is-christmas-chanson\/","url":"https:\/\/www.zebemusic.com\/fr\/product\/this-is-christmas-chanson\/","name":"This Is Christmas ! (chanson) \u2b07\ufe0f %%page% - Partitions de gospel, gospel de No\u00ebl","isPartOf":{"@id":"https:\/\/www.zebemusic.com\/de\/#website"},"primaryImageOfPage":{"@id":"https:\/\/www.zebemusic.com\/fr\/product\/this-is-christmas-chanson\/#primaryimage"},"image":{"@id":"https:\/\/www.zebemusic.com\/fr\/product\/this-is-christmas-chanson\/#primaryimage"},"thumbnailUrl":"https:\/\/www.zebemusic.com\/wp-content\/uploads\/2025\/09\/ZEBE5080-DL.jpg","datePublished":"2025-09-24T16:50:29+00:00","dateModified":"2025-10-02T08:47:30+00:00","description":"Arrangement moderne pour ch\u0153ur gospel et soliste, imprim\u00e9 ou \u00e0 t\u00e9l\u00e9charger. >>>","breadcrumb":{"@id":"https:\/\/www.zebemusic.com\/fr\/product\/this-is-christmas-chanson\/#breadcrumb"},"inLanguage":"fr-FR","potentialAction":[{"@type":"ReadAction","target":["https:\/\/www.zebemusic.com\/fr\/product\/this-is-christmas-chanson\/"]}]},{"@type":"ImageObject","inLanguage":"fr-FR","@id":"https:\/\/www.zebemusic.com\/fr\/product\/this-is-christmas-chanson\/#primaryimage","url":"https:\/\/www.zebemusic.com\/wp-content\/uploads\/2025\/09\/ZEBE5080-DL.jpg","contentUrl":"https:\/\/www.zebemusic.com\/wp-content\/uploads\/2025\/09\/ZEBE5080-DL.jpg","width":381,"height":500},{"@type":"BreadcrumbList","@id":"https:\/\/www.zebemusic.com\/fr\/product\/this-is-christmas-chanson\/#breadcrumb","itemListElement":[{"@type":"ListItem","position":1,"name":"Shop","item":"https:\/\/www.zebemusic.com\/fr\/shop\/"},{"@type":"ListItem","position":2,"name":"This Is Christmas ! (chanson) \u2b07\ufe0f"}]},{"@type":"WebSite","@id":"https:\/\/www.zebemusic.com\/de\/#website","url":"https:\/\/www.zebemusic.com\/de\/","name":"ZebeMusic","description":"vous incite a chanter.","publisher":{"@id":"https:\/\/www.zebemusic.com\/de\/#organization"},"alternateName":"Gospelnoten & Kindermusicals","potentialAction":[{"@type":"SearchAction","target":{"@type":"EntryPoint","urlTemplate":"https:\/\/www.zebemusic.com\/de\/?s={search_term_string}"},"query-input":{"@type":"PropertyValueSpecification","valueRequired":true,"valueName":"search_term_string"}}],"inLanguage":"fr-FR"},{"@type":"Organization","@id":"https:\/\/www.zebemusic.com\/de\/#organization","name":"ZebeMusic","url":"https:\/\/www.zebemusic.com\/de\/","logo":{"@type":"ImageObject","inLanguage":"fr-FR","@id":"https:\/\/www.zebemusic.com\/de\/#\/schema\/logo\/image\/","url":"https:\/\/www.zebemusic.com\/wp-content\/uploads\/2025\/10\/ZEBE-Logo_ZW-makesyousing.jpg","contentUrl":"https:\/\/www.zebemusic.com\/wp-content\/uploads\/2025\/10\/ZEBE-Logo_ZW-makesyousing.jpg","width":2212,"height":958,"caption":"ZebeMusic"},"image":{"@id":"https:\/\/www.zebemusic.com\/de\/#\/schema\/logo\/image\/"},"sameAs":["https:\/\/www.facebook.com\/zebemusic","https:\/\/www.instagram.com\/zebemusic","https:\/\/www.youtube.com\/zebemusicberlin"]}]}},"_links":{"self":[{"href":"https:\/\/www.zebemusic.com\/fr\/wp-json\/wp\/v2\/product\/28444","targetHints":{"allow":["GET"]}}],"collection":[{"href":"https:\/\/www.zebemusic.com\/fr\/wp-json\/wp\/v2\/product"}],"about":[{"href":"https:\/\/www.zebemusic.com\/fr\/wp-json\/wp\/v2\/types\/product"}],"wp:featuredmedia":[{"embeddable":true,"href":"https:\/\/www.zebemusic.com\/fr\/wp-json\/wp\/v2\/media\/28449"}],"wp:attachment":[{"href":"https:\/\/www.zebemusic.com\/fr\/wp-json\/wp\/v2\/media?parent=28444"}],"wp:term":[{"taxonomy":"product_brand","embeddable":true,"href":"https:\/\/www.zebemusic.com\/fr\/wp-json\/wp\/v2\/product_brand?post=28444"},{"taxonomy":"product_cat","embeddable":true,"href":"https:\/\/www.zebemusic.com\/fr\/wp-json\/wp\/v2\/product_cat?post=28444"},{"taxonomy":"product_tag","embeddable":true,"href":"https:\/\/www.zebemusic.com\/fr\/wp-json\/wp\/v2\/product_tag?post=28444"}],"curies":[{"name":"wp","href":"https:\/\/api.w.org\/{rel}","templated":true}]}}