{"id":31538,"date":"2026-03-24T17:05:26","date_gmt":"2026-03-24T16:05:26","guid":{"rendered":"https:\/\/www.zebemusic.com\/product\/priere-pour-la-paix-%e2%ac%87%ef%b8%8f\/"},"modified":"2026-03-30T21:58:55","modified_gmt":"2026-03-30T20:58:55","slug":"priere-pour-la-paix-%e2%ac%87%ef%b8%8f","status":"publish","type":"product","link":"https:\/\/www.zebemusic.com\/fr\/product\/priere-pour-la-paix-%e2%ac%87%ef%b8%8f\/","title":{"rendered":"Pri\u00e8re pour la paix \u2b07\ufe0f"},"content":{"rendered":"<p>Culte gospel<\/p>\n","protected":false},"excerpt":{"rendered":"<p>La chanson reprend la demande de Fran\u00e7ois d&#8217;Assise <em>&#8220;Fais de moi un instrument de ta paix&#8221;<\/em> et la prolonge par la promesse de b\u00e9n\u00e9diction aux amoureux de la paix. La voix solo ou le ch\u0153ur \u00e0 l&#8217;unisson chante les strophes et d\u00e9bouche sur le refrain avec le ch\u0153ur \u00e0 quatre voix (SATB). L&#8217;accompagnement au piano est not\u00e9 et accompagn\u00e9 de symboles d&#8217;accords.  <\/p>\n<p>Cette \u00e9dition imprim\u00e9e comprend la partie vocale et la partie de piano.<br \/>\nLe t\u00e9l\u00e9chargement comprend \u00e0 la fois la partie de ch\u0153ur et la partition.<\/p>\n<p>&nbsp;<\/p>\n<div align=\"right\">\n<p style=\"text-align: center;\"><iframe loading=\"lazy\" title=\"Lecteur vid\u00e9o YouTube\" src=\"https:\/\/www.youtube.com\/embed\/9w4s9sCO_6o?si=rwWSzsiiKg0V-RNI\" width=\"300\" height=\"200\" frameborder=\"0\" allowfullscreen=\"allowfullscreen\"><span style=\"display: inline-block; width: 0px; overflow: hidden; line-height: 0;\" data-mce-type=\"bookmark\" class=\"mce_SELRES_start\"><\/span><\/iframe><\/p>\n<\/div>\n<p>&nbsp;<\/p>\n<hr>\n<p>&#8211; <strong>SATB, Solo + Piano<\/strong> (ZE 5061.02-DL), T\u00e9l\u00e9chargement PDF voix de ch\u0153ur et partition, \u20ac 1,49<\/p>\n<p>&nbsp;<\/p>\n","protected":false},"featured_media":31349,"template":"","meta":{"_acf_changed":false},"product_brand":[],"product_cat":[879,130],"product_tag":[],"class_list":{"0":"post-31538","1":"product","2":"type-product","3":"status-publish","4":"has-post-thumbnail","6":"product_cat-editions-individuelles","7":"product_cat-gospel","8":"pa_diff-moyen","9":"pa_language-anglais","10":"pa_occ-gratitude","11":"pa_occ-liturgie-fr","12":"pa_occ-louer","13":"pa_others-editions-uniques","14":"pa_others-downloads-fr","15":"pa_style-genre-gospel-fr","16":"pa_style-genre-pop-crossover-fr","17":"pa_variation-copie-imprimee","18":"pa_variation-telecharger-le-pdf","19":"pa_voicing-accompagne","20":"pa_voicing-avec-soliste","21":"pa_voicing-satb-fr","23":"first","24":"instock","25":"taxable","26":"shipping-taxable","27":"purchasable","28":"product-type-variable","29":"has-default-attributes"},"acf":[],"yoast_head":"<!-- This site is optimized with the Yoast SEO plugin v27.3 - https:\/\/yoast.com\/product\/yoast-seo-wordpress\/ -->\n<title>Pri\u00e8re pour la paix \u2b07\ufe0f Partitions de chorale \u00e0 t\u00e9l\u00e9charger !<\/title>\n<meta name=\"description\" content=\"Partitions de gospel pour ch\u0153ur mixte avec accompagnement, \u00e0 t\u00e9l\u00e9charger \u00e9galement ! Mat\u00e9riel \u00e9prouv\u00e9 pour le culte gospel et le concert.\" \/>\n<meta name=\"robots\" content=\"index, follow, max-snippet:-1, max-image-preview:large, max-video-preview:-1\" \/>\n<link rel=\"canonical\" href=\"https:\/\/www.zebemusic.com\/fr\/product\/priere-pour-la-paix-\u2b07\ufe0f\/\" \/>\n<meta property=\"og:locale\" content=\"fr_FR\" \/>\n<meta property=\"og:type\" content=\"article\" \/>\n<meta property=\"og:title\" content=\"Pri\u00e8re pour la paix \u2b07\ufe0f Partitions de chorale \u00e0 t\u00e9l\u00e9charger !\" \/>\n<meta property=\"og:description\" content=\"Partitions de gospel pour ch\u0153ur mixte avec accompagnement, \u00e0 t\u00e9l\u00e9charger \u00e9galement ! Mat\u00e9riel \u00e9prouv\u00e9 pour le culte gospel et le concert.\" \/>\n<meta property=\"og:url\" content=\"https:\/\/www.zebemusic.com\/fr\/product\/priere-pour-la-paix-\u2b07\ufe0f\/\" \/>\n<meta property=\"og:site_name\" content=\"ZebeMusic\" \/>\n<meta property=\"article:publisher\" content=\"https:\/\/www.facebook.com\/zebemusic\" \/>\n<meta property=\"article:modified_time\" content=\"2026-03-30T20:58:55+00:00\" \/>\n<meta property=\"og:image\" content=\"https:\/\/www.zebemusic.com\/wp-content\/uploads\/2026\/03\/PRODUKTBILD-ZE5061.02-scaled.jpg\" \/>\n\t<meta property=\"og:image:width\" content=\"1809\" \/>\n\t<meta property=\"og:image:height\" content=\"2560\" \/>\n\t<meta property=\"og:image:type\" content=\"image\/jpeg\" \/>\n<meta name=\"twitter:card\" content=\"summary_large_image\" \/>\n<script type=\"application\/ld+json\" class=\"yoast-schema-graph\">{\"@context\":\"https:\\\/\\\/schema.org\",\"@graph\":[{\"@type\":\"WebPage\",\"@id\":\"https:\\\/\\\/www.zebemusic.com\\\/fr\\\/product\\\/priere-pour-la-paix-%e2%ac%87%ef%b8%8f\\\/\",\"url\":\"https:\\\/\\\/www.zebemusic.com\\\/fr\\\/product\\\/priere-pour-la-paix-%e2%ac%87%ef%b8%8f\\\/\",\"name\":\"Pri\u00e8re pour la paix \u2b07\ufe0f Partitions de chorale \u00e0 t\u00e9l\u00e9charger !\",\"isPartOf\":{\"@id\":\"https:\\\/\\\/www.zebemusic.com\\\/de\\\/#website\"},\"primaryImageOfPage\":{\"@id\":\"https:\\\/\\\/www.zebemusic.com\\\/fr\\\/product\\\/priere-pour-la-paix-%e2%ac%87%ef%b8%8f\\\/#primaryimage\"},\"image\":{\"@id\":\"https:\\\/\\\/www.zebemusic.com\\\/fr\\\/product\\\/priere-pour-la-paix-%e2%ac%87%ef%b8%8f\\\/#primaryimage\"},\"thumbnailUrl\":\"https:\\\/\\\/www.zebemusic.com\\\/wp-content\\\/uploads\\\/2026\\\/03\\\/PRODUKTBILD-ZE5061.02-scaled.jpg\",\"datePublished\":\"2026-03-24T16:05:26+00:00\",\"dateModified\":\"2026-03-30T20:58:55+00:00\",\"description\":\"Partitions de gospel pour ch\u0153ur mixte avec accompagnement, \u00e0 t\u00e9l\u00e9charger \u00e9galement ! Mat\u00e9riel \u00e9prouv\u00e9 pour le culte gospel et le concert.\",\"breadcrumb\":{\"@id\":\"https:\\\/\\\/www.zebemusic.com\\\/fr\\\/product\\\/priere-pour-la-paix-%e2%ac%87%ef%b8%8f\\\/#breadcrumb\"},\"inLanguage\":\"fr-FR\",\"potentialAction\":[{\"@type\":\"ReadAction\",\"target\":[\"https:\\\/\\\/www.zebemusic.com\\\/fr\\\/product\\\/priere-pour-la-paix-%e2%ac%87%ef%b8%8f\\\/\"]}]},{\"@type\":\"ImageObject\",\"inLanguage\":\"fr-FR\",\"@id\":\"https:\\\/\\\/www.zebemusic.com\\\/fr\\\/product\\\/priere-pour-la-paix-%e2%ac%87%ef%b8%8f\\\/#primaryimage\",\"url\":\"https:\\\/\\\/www.zebemusic.com\\\/wp-content\\\/uploads\\\/2026\\\/03\\\/PRODUKTBILD-ZE5061.02-scaled.jpg\",\"contentUrl\":\"https:\\\/\\\/www.zebemusic.com\\\/wp-content\\\/uploads\\\/2026\\\/03\\\/PRODUKTBILD-ZE5061.02-scaled.jpg\",\"width\":1809,\"height\":2560},{\"@type\":\"BreadcrumbList\",\"@id\":\"https:\\\/\\\/www.zebemusic.com\\\/fr\\\/product\\\/priere-pour-la-paix-%e2%ac%87%ef%b8%8f\\\/#breadcrumb\",\"itemListElement\":[{\"@type\":\"ListItem\",\"position\":1,\"name\":\"Shop\",\"item\":\"https:\\\/\\\/www.zebemusic.com\\\/fr\\\/shop\\\/\"},{\"@type\":\"ListItem\",\"position\":2,\"name\":\"Pri\u00e8re pour la paix \u2b07\ufe0f\"}]},{\"@type\":\"WebSite\",\"@id\":\"https:\\\/\\\/www.zebemusic.com\\\/de\\\/#website\",\"url\":\"https:\\\/\\\/www.zebemusic.com\\\/de\\\/\",\"name\":\"ZebeMusic\",\"description\":\"vous incite a chanter.\",\"publisher\":{\"@id\":\"https:\\\/\\\/www.zebemusic.com\\\/de\\\/#organization\"},\"alternateName\":\"Gospelnoten & Kindermusicals\",\"potentialAction\":[{\"@type\":\"SearchAction\",\"target\":{\"@type\":\"EntryPoint\",\"urlTemplate\":\"https:\\\/\\\/www.zebemusic.com\\\/de\\\/?s={search_term_string}\"},\"query-input\":{\"@type\":\"PropertyValueSpecification\",\"valueRequired\":true,\"valueName\":\"search_term_string\"}}],\"inLanguage\":\"fr-FR\"},{\"@type\":\"Organization\",\"@id\":\"https:\\\/\\\/www.zebemusic.com\\\/de\\\/#organization\",\"name\":\"ZebeMusic\",\"url\":\"https:\\\/\\\/www.zebemusic.com\\\/de\\\/\",\"logo\":{\"@type\":\"ImageObject\",\"inLanguage\":\"fr-FR\",\"@id\":\"https:\\\/\\\/www.zebemusic.com\\\/de\\\/#\\\/schema\\\/logo\\\/image\\\/\",\"url\":\"https:\\\/\\\/www.zebemusic.com\\\/wp-content\\\/uploads\\\/2025\\\/10\\\/ZEBE-Logo_ZW-makesyousing.jpg\",\"contentUrl\":\"https:\\\/\\\/www.zebemusic.com\\\/wp-content\\\/uploads\\\/2025\\\/10\\\/ZEBE-Logo_ZW-makesyousing.jpg\",\"width\":2212,\"height\":958,\"caption\":\"ZebeMusic\"},\"image\":{\"@id\":\"https:\\\/\\\/www.zebemusic.com\\\/de\\\/#\\\/schema\\\/logo\\\/image\\\/\"},\"sameAs\":[\"https:\\\/\\\/www.facebook.com\\\/zebemusic\",\"https:\\\/\\\/www.instagram.com\\\/zebemusic\",\"https:\\\/\\\/www.youtube.com\\\/zebemusicberlin\"]}]}<\/script>\n<!-- \/ Yoast SEO plugin. -->","yoast_head_json":{"title":"Pri\u00e8re pour la paix \u2b07\ufe0f Partitions de chorale \u00e0 t\u00e9l\u00e9charger !","description":"Partitions de gospel pour ch\u0153ur mixte avec accompagnement, \u00e0 t\u00e9l\u00e9charger \u00e9galement ! Mat\u00e9riel \u00e9prouv\u00e9 pour le culte gospel et le concert.","robots":{"index":"index","follow":"follow","max-snippet":"max-snippet:-1","max-image-preview":"max-image-preview:large","max-video-preview":"max-video-preview:-1"},"canonical":"https:\/\/www.zebemusic.com\/fr\/product\/priere-pour-la-paix-\u2b07\ufe0f\/","og_locale":"fr_FR","og_type":"article","og_title":"Pri\u00e8re pour la paix \u2b07\ufe0f Partitions de chorale \u00e0 t\u00e9l\u00e9charger !","og_description":"Partitions de gospel pour ch\u0153ur mixte avec accompagnement, \u00e0 t\u00e9l\u00e9charger \u00e9galement ! Mat\u00e9riel \u00e9prouv\u00e9 pour le culte gospel et le concert.","og_url":"https:\/\/www.zebemusic.com\/fr\/product\/priere-pour-la-paix-\u2b07\ufe0f\/","og_site_name":"ZebeMusic","article_publisher":"https:\/\/www.facebook.com\/zebemusic","article_modified_time":"2026-03-30T20:58:55+00:00","og_image":[{"width":1809,"height":2560,"url":"https:\/\/www.zebemusic.com\/wp-content\/uploads\/2026\/03\/PRODUKTBILD-ZE5061.02-scaled.jpg","type":"image\/jpeg"}],"twitter_card":"summary_large_image","schema":{"@context":"https:\/\/schema.org","@graph":[{"@type":"WebPage","@id":"https:\/\/www.zebemusic.com\/fr\/product\/priere-pour-la-paix-%e2%ac%87%ef%b8%8f\/","url":"https:\/\/www.zebemusic.com\/fr\/product\/priere-pour-la-paix-%e2%ac%87%ef%b8%8f\/","name":"Pri\u00e8re pour la paix \u2b07\ufe0f Partitions de chorale \u00e0 t\u00e9l\u00e9charger !","isPartOf":{"@id":"https:\/\/www.zebemusic.com\/de\/#website"},"primaryImageOfPage":{"@id":"https:\/\/www.zebemusic.com\/fr\/product\/priere-pour-la-paix-%e2%ac%87%ef%b8%8f\/#primaryimage"},"image":{"@id":"https:\/\/www.zebemusic.com\/fr\/product\/priere-pour-la-paix-%e2%ac%87%ef%b8%8f\/#primaryimage"},"thumbnailUrl":"https:\/\/www.zebemusic.com\/wp-content\/uploads\/2026\/03\/PRODUKTBILD-ZE5061.02-scaled.jpg","datePublished":"2026-03-24T16:05:26+00:00","dateModified":"2026-03-30T20:58:55+00:00","description":"Partitions de gospel pour ch\u0153ur mixte avec accompagnement, \u00e0 t\u00e9l\u00e9charger \u00e9galement ! Mat\u00e9riel \u00e9prouv\u00e9 pour le culte gospel et le concert.","breadcrumb":{"@id":"https:\/\/www.zebemusic.com\/fr\/product\/priere-pour-la-paix-%e2%ac%87%ef%b8%8f\/#breadcrumb"},"inLanguage":"fr-FR","potentialAction":[{"@type":"ReadAction","target":["https:\/\/www.zebemusic.com\/fr\/product\/priere-pour-la-paix-%e2%ac%87%ef%b8%8f\/"]}]},{"@type":"ImageObject","inLanguage":"fr-FR","@id":"https:\/\/www.zebemusic.com\/fr\/product\/priere-pour-la-paix-%e2%ac%87%ef%b8%8f\/#primaryimage","url":"https:\/\/www.zebemusic.com\/wp-content\/uploads\/2026\/03\/PRODUKTBILD-ZE5061.02-scaled.jpg","contentUrl":"https:\/\/www.zebemusic.com\/wp-content\/uploads\/2026\/03\/PRODUKTBILD-ZE5061.02-scaled.jpg","width":1809,"height":2560},{"@type":"BreadcrumbList","@id":"https:\/\/www.zebemusic.com\/fr\/product\/priere-pour-la-paix-%e2%ac%87%ef%b8%8f\/#breadcrumb","itemListElement":[{"@type":"ListItem","position":1,"name":"Shop","item":"https:\/\/www.zebemusic.com\/fr\/shop\/"},{"@type":"ListItem","position":2,"name":"Pri\u00e8re pour la paix \u2b07\ufe0f"}]},{"@type":"WebSite","@id":"https:\/\/www.zebemusic.com\/de\/#website","url":"https:\/\/www.zebemusic.com\/de\/","name":"ZebeMusic","description":"vous incite a chanter.","publisher":{"@id":"https:\/\/www.zebemusic.com\/de\/#organization"},"alternateName":"Gospelnoten & Kindermusicals","potentialAction":[{"@type":"SearchAction","target":{"@type":"EntryPoint","urlTemplate":"https:\/\/www.zebemusic.com\/de\/?s={search_term_string}"},"query-input":{"@type":"PropertyValueSpecification","valueRequired":true,"valueName":"search_term_string"}}],"inLanguage":"fr-FR"},{"@type":"Organization","@id":"https:\/\/www.zebemusic.com\/de\/#organization","name":"ZebeMusic","url":"https:\/\/www.zebemusic.com\/de\/","logo":{"@type":"ImageObject","inLanguage":"fr-FR","@id":"https:\/\/www.zebemusic.com\/de\/#\/schema\/logo\/image\/","url":"https:\/\/www.zebemusic.com\/wp-content\/uploads\/2025\/10\/ZEBE-Logo_ZW-makesyousing.jpg","contentUrl":"https:\/\/www.zebemusic.com\/wp-content\/uploads\/2025\/10\/ZEBE-Logo_ZW-makesyousing.jpg","width":2212,"height":958,"caption":"ZebeMusic"},"image":{"@id":"https:\/\/www.zebemusic.com\/de\/#\/schema\/logo\/image\/"},"sameAs":["https:\/\/www.facebook.com\/zebemusic","https:\/\/www.instagram.com\/zebemusic","https:\/\/www.youtube.com\/zebemusicberlin"]}]}},"_links":{"self":[{"href":"https:\/\/www.zebemusic.com\/fr\/wp-json\/wp\/v2\/product\/31538","targetHints":{"allow":["GET"]}}],"collection":[{"href":"https:\/\/www.zebemusic.com\/fr\/wp-json\/wp\/v2\/product"}],"about":[{"href":"https:\/\/www.zebemusic.com\/fr\/wp-json\/wp\/v2\/types\/product"}],"wp:featuredmedia":[{"embeddable":true,"href":"https:\/\/www.zebemusic.com\/fr\/wp-json\/wp\/v2\/media\/31349"}],"wp:attachment":[{"href":"https:\/\/www.zebemusic.com\/fr\/wp-json\/wp\/v2\/media?parent=31538"}],"wp:term":[{"taxonomy":"product_brand","embeddable":true,"href":"https:\/\/www.zebemusic.com\/fr\/wp-json\/wp\/v2\/product_brand?post=31538"},{"taxonomy":"product_cat","embeddable":true,"href":"https:\/\/www.zebemusic.com\/fr\/wp-json\/wp\/v2\/product_cat?post=31538"},{"taxonomy":"product_tag","embeddable":true,"href":"https:\/\/www.zebemusic.com\/fr\/wp-json\/wp\/v2\/product_tag?post=31538"}],"curies":[{"name":"wp","href":"https:\/\/api.w.org\/{rel}","templated":true}]}}